{"id":3369,"date":"2020-10-14T07:42:41","date_gmt":"2020-10-14T07:42:41","guid":{"rendered":"https:\/\/longchangchemical.com\/?post_type=product&#038;p=3369"},"modified":"2026-05-08T02:59:26","modified_gmt":"2026-05-08T02:59:26","slug":"light-stabilizer-123-tinuvin-123-cas-129757-67-1","status":"publish","type":"product","link":"https:\/\/longchangchemical.com\/pt\/product\/light-stabilizer-123-tinuvin-123-cas-129757-67-1\/","title":{"rendered":"CHLUMILS\u00ae UV-123 \/ HALS 123 \/ Estabilizador de luz 123 \/ Tinuvin 123 CAS 129757-67-1"},"content":{"rendered":"<h2><strong>UV-123 \/ Estabilizador de luz 123 \/ Tinuvin 123<\/strong><\/h2>\n<p>&nbsp;<\/p>\n<table class=\"table-1\" cellspacing=\"0\">\n<tbody>\n<tr>\n<td>\n<h4>Item<\/h4>\n<\/td>\n<td>\n<h4>\u00cdndice<\/h4>\n<\/td>\n<\/tr>\n<tr>\n<td>\n<h4>Apar\u00eancia<\/h4>\n<\/td>\n<td>\n<h4>L\u00edquido amarelo p\u00e1lido<\/h4>\n<\/td>\n<\/tr>\n<tr>\n<td>\n<h4>Ponto de ebuli\u00e7\u00e3o<\/h4>\n<\/td>\n<td>\n<h4>499,8\u00b0C a 760 mmHg<\/h4>\n<\/td>\n<\/tr>\n<tr>\n<td>\n<h4>Ponto de fulgor<\/h4>\n<\/td>\n<td>\n<h4>256\u00b0C<\/h4>\n<\/td>\n<\/tr>\n<tr>\n<td>\n<h4>Press\u00e3o de vapor<\/h4>\n<\/td>\n<td>\n<h4>4,03E-10mmHg a 25\u00b0C<\/h4>\n<\/td>\n<\/tr>\n<\/tbody>\n<\/table>\n<h2><\/h2>\n<h2><strong>O que \u00e9 o Light Stabilizer 123 (Tinuvin 123)?<\/strong><\/h2>\n<h4>O Light Stabilizer 123 \u00e9 um eliminador de radicais altamente eficaz que pertence \u00e0 fam\u00edlia de estabilizadores Hindered Amine Light Stabilizers (HALS) com base em uma funcionalidade de amino\u00e9ter.<\/h4>\n<h2><strong>Uso do Estabilizador de Luz 123 (Tinuvin 123)<\/strong><\/h2>\n<h4>1. O Estabilizador de Luz 123 (Tinuvin 123) \u00e9 um HALS l\u00edquido com baixa basicidade e excelente estabilidade \u00e0 luz em aplica\u00e7\u00f5es como revestimentos, tintas de impress\u00e3o e verniz de poliuretano.<\/h4>\n<h4>2. Ele evita que a superf\u00edcie seja estourada, descascada ou escurecida no caso de tintas pigmentadas e \u00e9 particularmente adequado para revestimentos automotivos e industriais altamente s\u00f3lidos e com alta efici\u00eancia.<\/h4>\n<h4>3. Embora n\u00e3o seja sol\u00favel em \u00e1gua, sua forma l\u00edquida tamb\u00e9m permite f\u00e1cil emulsifica\u00e7\u00e3o em \u00e1gua. Ele tamb\u00e9m tem um forte efeito sin\u00e9rgico quando usado com um absorvedor de UV.<\/h4>\n<h4>Este produto pode substituir o UV-123; UV 123; Tinuvin 123; THASORB UV-123; SUNSORB LS-123; Omnistab LS 123; Omnistab 123; Milestab 123; Eversorb 95; Chiguard 101.<\/h4>\n<p>&nbsp;<\/p>\n<h2><strong>Estabilizador de luz 123 (Tinuvin 123) Embalagem e remessa<\/strong><\/h2>\n<h4>Embalagem: 25 kg ou 200 L\/tambor.<\/h4>\n<h4>Entrega: dentro de 5 a 7 dias \u00fateis.<\/h4>\n<h4><\/h4>\n<h2><strong>Estabilizador de luz 123 (Tinuvin 123) Armazenamento<\/strong><\/h2>\n<h4>Armazenado em um local fresco e seco, longe da luz solar direta.<\/h4>\n<p>&nbsp;<\/p>\n<h2><strong>Produtos da mesma s\u00e9rie<\/strong><\/h2>\n<table width=\"546\">\n<tbody>\n<tr>\n<td width=\"399\">\n<h4><a href=\"https:\/\/longchangchemical.com\/pt\/product\/hals-119-light-stabilizer-119-chimassorb-119\/\"><span style=\"color: #0000ff;\">HALS 119 \/ ESTABILIZADOR DE LUZ 119 \/ CHIMASSORB 119<\/span><\/a><\/h4>\n<\/td>\n<td width=\"147\">\n<h4>106990-43-6<\/h4>\n<\/td>\n<\/tr>\n<tr>\n<td>\n<h4>HALS 123 \/ ESTABILIZADOR DE LUZ 123 \/ TINUVIN 123<\/h4>\n<\/td>\n<td>\n<h4>129757-67-1<\/h4>\n<\/td>\n<\/tr>\n<tr>\n<td>\n<h4><a href=\"https:\/\/longchangchemical.com\/pt\/product\/light-stabilizer-622-tinuvin-622-cas-65447-77-0\/\"><span style=\"color: #0000ff;\">HALS 622 \/ ESTABILIZADOR DE LUZ 622 \/ TINUVIN 622<\/span><\/a><\/h4>\n<\/td>\n<td>\n<h4><span style=\"color: #000000;\">65447-77-0<\/span><\/h4>\n<\/td>\n<\/tr>\n<tr>\n<td>\n<h4><a href=\"https:\/\/longchangchemical.com\/pt\/product\/light-stabilizer-770-tinuvin-770-cas-52829-07-9\/\"><span style=\"color: #0000ff;\">HALS 770 \/ ESTABILIZADOR DE LUZ 770 \/ TINUVIN 770<\/span><\/a><\/h4>\n<\/td>\n<td>\n<h4>52829-07-9<\/h4>\n<\/td>\n<\/tr>\n<tr>\n<td>\n<h4><a href=\"https:\/\/longchangchemical.com\/pt\/product\/uv-light-stabilizer-783-tinuvin-783\/\"><span style=\"color: #0000ff;\">HALS 783 \/ ESTABILIZADOR DE LUZ UV 783 \/ TINUVIN 783<\/span><\/a><\/h4>\n<\/td>\n<td><\/td>\n<\/tr>\n<tr>\n<td>\n<h4><a href=\"https:\/\/longchangchemical.com\/pt\/product\/light-stabilizer-791-tinuvin-791\/\"><span style=\"color: #0000ff;\">HALS 791 \/ ESTABILIZADOR DE LUZ 791 \/ TINUVIN 791<\/span><\/a><\/h4>\n<\/td>\n<td><\/td>\n<\/tr>\n<tr>\n<td>\n<h4><a href=\"https:\/\/longchangchemical.com\/pt\/product\/light-stabilizer-944-cas-70624-18-9\/\"><span style=\"color: #0000ff;\">HALS 944 LIGHT STABILIZER-944 CHIMASORB 944<\/span><\/a><\/h4>\n<\/td>\n<td>\n<h4>70624-18-9 \/ 71878-19-8<\/h4>\n<\/td>\n<\/tr>\n<\/tbody>\n<\/table>\n<h2><strong><b>Entre em contato conosco agora!<\/b><\/strong><\/h2>\n<h4><strong><b>Se precisar de COA, MSDS ou TDS, preencha suas informa\u00e7\u00f5es de contato no formul\u00e1rio abaixo. Normalmente, entraremos em contato em at\u00e9 24 horas. <\/b><\/strong> Voc\u00ea tamb\u00e9m pode me enviar um e-mail <a href=\"\/pt\/info@longchangchemical.com\/\"><span style=\"color: #0000ff;\"><strong>info@longchangchemical<\/strong><\/span>.com<\/a> durante o hor\u00e1rio comercial (das 8h30 \u00e0s 18h UTC+8 de segunda a s\u00e1bado) ou use o bate-papo ao vivo do site para obter uma resposta imediata.<\/h4>","protected":false},"excerpt":{"rendered":"<h4>Nome qu\u00edmico:Sebacato de bis-(1-octiloxi-2,2,6,6-tetrametil-4-piperidinil)<\/h4>\n<h4>Nome do produto: Estabilizador de luz 123; HALS HS-112<\/h4>\n<h4>Nomes comerciais: UV-123; UV 123; Tinuvin 123; THASORB UV-123; SUNSORB LS-123; Omnistab LS 123; Omnistab 123; Milestab 123; Eversorb 95; Chiguard 101<\/h4>\n<h4>N\u00famero CAS: 129757-67-1<\/h4>\n<h4>F\u00f3rmula molecular: C40H80N2O6<\/h4>\n<h4>Peso molecular: 737,15<\/h4>\n<h4>Estrutura molecular:<img decoding=\"async\" title=\"Estrutura do TINUVIN 123\" src=\"https:\/\/www.longchangchemical.com\/wp-content\/uploads\/product-details\/20200612005835.png\" alt=\"Estrutura do TINUVIN 123\" width=\"273\" height=\"192\" border=\"0\" vspace=\"0\" \/><\/h4>","protected":false},"featured_media":3370,"comment_status":"open","ping_status":"closed","template":"","meta":[],"product_brand":[],"product_cat":[104],"product_tag":[],"class_list":{"0":"post-3369","1":"product","2":"type-product","3":"status-publish","4":"has-post-thumbnail","6":"product_cat-light-stabilizer","8":"first","9":"instock","10":"shipping-taxable","11":"product-type-simple"},"yoast_head":"<!-- This site is optimized with the Yoast SEO plugin v25.3.1 - https:\/\/yoast.com\/wordpress\/plugins\/seo\/ -->\n<title>China HALS 123 \/ Light stabilizer 123 \/ Tinuvin 123 CAS 129757-67-1 manufacturer - Longchang Chemical<\/title>\n<meta name=\"description\" content=\"Longchang Chemical is a leading supplier and manufacturer of HALS 123 \/ Light stabilizer 123 \/ Tinuvin 123 CAS 129757-67-1 in China. Buy Light stabilizer 123 \/ Tinuvin 123 in china. We can provide the best Tinuvin 123 price. This product can replace UV-123; UV 123; Tinuvin 123; THASORB UV-123; SUNSORB LS-123; Omnistab LS 123; Omnistab 123; Milestab 123; Eversorb 95; Chiguard 101.\" \/>\n<meta name=\"robots\" content=\"index, follow, max-snippet:-1, max-image-preview:large, max-video-preview:-1\" \/>\n<link rel=\"canonical\" href=\"https:\/\/longchangchemical.com\/pt\/product\/light-stabilizer-123-tinuvin-123-cas-129757-67-1\/\" \/>\n<meta property=\"og:locale\" content=\"pt_BR\" \/>\n<meta property=\"og:type\" content=\"article\" \/>\n<meta property=\"og:title\" content=\"China HALS 123 \/ Light stabilizer 123 \/ Tinuvin 123 CAS 129757-67-1 manufacturer - Longchang Chemical\" \/>\n<meta property=\"og:description\" content=\"Longchang Chemical is a leading supplier and manufacturer of HALS 123 \/ Light stabilizer 123 \/ Tinuvin 123 CAS 129757-67-1 in China. Buy Light stabilizer 123 \/ Tinuvin 123 in china. We can provide the best Tinuvin 123 price. This product can replace UV-123; UV 123; Tinuvin 123; THASORB UV-123; SUNSORB LS-123; Omnistab LS 123; Omnistab 123; Milestab 123; Eversorb 95; Chiguard 101.\" \/>\n<meta property=\"og:url\" content=\"https:\/\/longchangchemical.com\/pt\/product\/light-stabilizer-123-tinuvin-123-cas-129757-67-1\/\" \/>\n<meta property=\"og:site_name\" content=\"Longchang Chemical\" \/>\n<meta property=\"article:modified_time\" content=\"2026-05-08T02:59:26+00:00\" \/>\n<meta property=\"og:image\" content=\"https:\/\/longchangchemical.com\/wp-content\/uploads\/2020\/10\/Light-Stabilizer-123-appearance.jpg\" \/>\n\t<meta property=\"og:image:width\" content=\"600\" \/>\n\t<meta property=\"og:image:height\" content=\"800\" \/>\n\t<meta property=\"og:image:type\" content=\"image\/jpeg\" \/>\n<meta name=\"twitter:card\" content=\"summary_large_image\" \/>\n<script type=\"application\/ld+json\" class=\"yoast-schema-graph\">{\"@context\":\"https:\/\/schema.org\",\"@graph\":[{\"@type\":\"WebPage\",\"@id\":\"https:\/\/longchangchemical.com\/product\/light-stabilizer-123-tinuvin-123-cas-129757-67-1\/\",\"url\":\"https:\/\/longchangchemical.com\/product\/light-stabilizer-123-tinuvin-123-cas-129757-67-1\/\",\"name\":\"China HALS 123 \/ Light stabilizer 123 \/ Tinuvin 123 CAS 129757-67-1 manufacturer - Longchang Chemical\",\"isPartOf\":{\"@id\":\"https:\/\/longchangchemical.com\/#website\"},\"primaryImageOfPage\":{\"@id\":\"https:\/\/longchangchemical.com\/product\/light-stabilizer-123-tinuvin-123-cas-129757-67-1\/#primaryimage\"},\"image\":{\"@id\":\"https:\/\/longchangchemical.com\/product\/light-stabilizer-123-tinuvin-123-cas-129757-67-1\/#primaryimage\"},\"thumbnailUrl\":\"https:\/\/longchangchemical.com\/wp-content\/uploads\/2020\/10\/Light-Stabilizer-123-appearance.jpg\",\"datePublished\":\"2020-10-14T07:42:41+00:00\",\"dateModified\":\"2026-05-08T02:59:26+00:00\",\"description\":\"Longchang Chemical is a leading supplier and manufacturer of HALS 123 \/ Light stabilizer 123 \/ Tinuvin 123 CAS 129757-67-1 in China. Buy Light stabilizer 123 \/ Tinuvin 123 in china. We can provide the best Tinuvin 123 price. This product can replace UV-123; UV 123; Tinuvin 123; THASORB UV-123; SUNSORB LS-123; Omnistab LS 123; Omnistab 123; Milestab 123; Eversorb 95; Chiguard 101.\",\"breadcrumb\":{\"@id\":\"https:\/\/longchangchemical.com\/product\/light-stabilizer-123-tinuvin-123-cas-129757-67-1\/#breadcrumb\"},\"inLanguage\":\"pt-BR\",\"potentialAction\":[{\"@type\":\"ReadAction\",\"target\":[\"https:\/\/longchangchemical.com\/product\/light-stabilizer-123-tinuvin-123-cas-129757-67-1\/\"]}]},{\"@type\":\"ImageObject\",\"inLanguage\":\"pt-BR\",\"@id\":\"https:\/\/longchangchemical.com\/product\/light-stabilizer-123-tinuvin-123-cas-129757-67-1\/#primaryimage\",\"url\":\"https:\/\/longchangchemical.com\/wp-content\/uploads\/2020\/10\/Light-Stabilizer-123-appearance.jpg\",\"contentUrl\":\"https:\/\/longchangchemical.com\/wp-content\/uploads\/2020\/10\/Light-Stabilizer-123-appearance.jpg\",\"width\":600,\"height\":800,\"caption\":\"Light Stabilizer 123 appearance\"},{\"@type\":\"BreadcrumbList\",\"@id\":\"https:\/\/longchangchemical.com\/product\/light-stabilizer-123-tinuvin-123-cas-129757-67-1\/#breadcrumb\",\"itemListElement\":[{\"@type\":\"ListItem\",\"position\":1,\"name\":\"Home\",\"item\":\"https:\/\/longchangchemical.com\/\"},{\"@type\":\"ListItem\",\"position\":2,\"name\":\"Products Longchang\",\"item\":\"https:\/\/longchangchemical.com\/product\/\"},{\"@type\":\"ListItem\",\"position\":3,\"name\":\"CHLUMILS\u00ae UV-123 \/ HALS 123 \/ Light Stabilizer 123 \/ Tinuvin 123 CAS 129757-67-1\"}]},{\"@type\":\"WebSite\",\"@id\":\"https:\/\/longchangchemical.com\/#website\",\"url\":\"https:\/\/longchangchemical.com\/\",\"name\":\"Longchang Chemical\",\"description\":\"China chemical manufacturer \uff06 supplier\",\"publisher\":{\"@id\":\"https:\/\/longchangchemical.com\/#organization\"},\"potentialAction\":[{\"@type\":\"SearchAction\",\"target\":{\"@type\":\"EntryPoint\",\"urlTemplate\":\"https:\/\/longchangchemical.com\/?s={search_term_string}\"},\"query-input\":{\"@type\":\"PropertyValueSpecification\",\"valueRequired\":true,\"valueName\":\"search_term_string\"}}],\"inLanguage\":\"pt-BR\"},{\"@type\":\"Organization\",\"@id\":\"https:\/\/longchangchemical.com\/#organization\",\"name\":\"Longchang Chemical\",\"url\":\"https:\/\/longchangchemical.com\/\",\"logo\":{\"@type\":\"ImageObject\",\"inLanguage\":\"pt-BR\",\"@id\":\"https:\/\/longchangchemical.com\/#\/schema\/logo\/image\/\",\"url\":\"https:\/\/longchangchemical.com\/wp-content\/uploads\/2020\/08\/cropped-longchang-logo.png\",\"contentUrl\":\"https:\/\/longchangchemical.com\/wp-content\/uploads\/2020\/08\/cropped-longchang-logo.png\",\"width\":512,\"height\":512,\"caption\":\"Longchang Chemical\"},\"image\":{\"@id\":\"https:\/\/longchangchemical.com\/#\/schema\/logo\/image\/\"}}]}<\/script>\n<!-- \/ Yoast SEO plugin. -->","yoast_head_json":{"title":"Fabricante de HALS 123 \/ Estabilizador de luz 123 \/ Tinuvin 123 CAS 129757-67-1 na China - Longchang Chemical","description":"A Longchang Chemical \u00e9 uma fornecedora l\u00edder e fabricante de HALS 123 \/ Estabilizador de luz 123 \/ Tinuvin 123 CAS 129757-67-1 na China. Compre Estabilizador de luz 123 \/ Tinuvin 123 na China. Podemos oferecer o melhor pre\u00e7o de Tinuvin 123. Esse produto pode substituir o UV-123; UV 123; Tinuvin 123; THASORB UV-123; SUNSORB LS-123; Omnistab LS 123; Omnistab 123; Milestab 123; Eversorb 95; Chiguard 101.","robots":{"index":"index","follow":"follow","max-snippet":"max-snippet:-1","max-image-preview":"max-image-preview:large","max-video-preview":"max-video-preview:-1"},"canonical":"https:\/\/longchangchemical.com\/pt\/product\/light-stabilizer-123-tinuvin-123-cas-129757-67-1\/","og_locale":"pt_BR","og_type":"article","og_title":"China HALS 123 \/ Light stabilizer 123 \/ Tinuvin 123 CAS 129757-67-1 manufacturer - Longchang Chemical","og_description":"Longchang Chemical is a leading supplier and manufacturer of HALS 123 \/ Light stabilizer 123 \/ Tinuvin 123 CAS 129757-67-1 in China. Buy Light stabilizer 123 \/ Tinuvin 123 in china. We can provide the best Tinuvin 123 price. This product can replace UV-123; UV 123; Tinuvin 123; THASORB UV-123; SUNSORB LS-123; Omnistab LS 123; Omnistab 123; Milestab 123; Eversorb 95; Chiguard 101.","og_url":"https:\/\/longchangchemical.com\/pt\/product\/light-stabilizer-123-tinuvin-123-cas-129757-67-1\/","og_site_name":"Longchang Chemical","article_modified_time":"2026-05-08T02:59:26+00:00","og_image":[{"width":600,"height":800,"url":"https:\/\/longchangchemical.com\/wp-content\/uploads\/2020\/10\/Light-Stabilizer-123-appearance.jpg","type":"image\/jpeg"}],"twitter_card":"summary_large_image","schema":{"@context":"https:\/\/schema.org","@graph":[{"@type":"WebPage","@id":"https:\/\/longchangchemical.com\/product\/light-stabilizer-123-tinuvin-123-cas-129757-67-1\/","url":"https:\/\/longchangchemical.com\/product\/light-stabilizer-123-tinuvin-123-cas-129757-67-1\/","name":"Fabricante de HALS 123 \/ Estabilizador de luz 123 \/ Tinuvin 123 CAS 129757-67-1 na China - Longchang Chemical","isPartOf":{"@id":"https:\/\/longchangchemical.com\/#website"},"primaryImageOfPage":{"@id":"https:\/\/longchangchemical.com\/product\/light-stabilizer-123-tinuvin-123-cas-129757-67-1\/#primaryimage"},"image":{"@id":"https:\/\/longchangchemical.com\/product\/light-stabilizer-123-tinuvin-123-cas-129757-67-1\/#primaryimage"},"thumbnailUrl":"https:\/\/longchangchemical.com\/wp-content\/uploads\/2020\/10\/Light-Stabilizer-123-appearance.jpg","datePublished":"2020-10-14T07:42:41+00:00","dateModified":"2026-05-08T02:59:26+00:00","description":"A Longchang Chemical \u00e9 uma fornecedora l\u00edder e fabricante de HALS 123 \/ Estabilizador de luz 123 \/ Tinuvin 123 CAS 129757-67-1 na China. Compre Estabilizador de luz 123 \/ Tinuvin 123 na China. Podemos oferecer o melhor pre\u00e7o de Tinuvin 123. Esse produto pode substituir o UV-123; UV 123; Tinuvin 123; THASORB UV-123; SUNSORB LS-123; Omnistab LS 123; Omnistab 123; Milestab 123; Eversorb 95; Chiguard 101.","breadcrumb":{"@id":"https:\/\/longchangchemical.com\/product\/light-stabilizer-123-tinuvin-123-cas-129757-67-1\/#breadcrumb"},"inLanguage":"pt-BR","potentialAction":[{"@type":"ReadAction","target":["https:\/\/longchangchemical.com\/product\/light-stabilizer-123-tinuvin-123-cas-129757-67-1\/"]}]},{"@type":"ImageObject","inLanguage":"pt-BR","@id":"https:\/\/longchangchemical.com\/product\/light-stabilizer-123-tinuvin-123-cas-129757-67-1\/#primaryimage","url":"https:\/\/longchangchemical.com\/wp-content\/uploads\/2020\/10\/Light-Stabilizer-123-appearance.jpg","contentUrl":"https:\/\/longchangchemical.com\/wp-content\/uploads\/2020\/10\/Light-Stabilizer-123-appearance.jpg","width":600,"height":800,"caption":"Light Stabilizer 123 appearance"},{"@type":"BreadcrumbList","@id":"https:\/\/longchangchemical.com\/product\/light-stabilizer-123-tinuvin-123-cas-129757-67-1\/#breadcrumb","itemListElement":[{"@type":"ListItem","position":1,"name":"Home","item":"https:\/\/longchangchemical.com\/"},{"@type":"ListItem","position":2,"name":"Products Longchang","item":"https:\/\/longchangchemical.com\/product\/"},{"@type":"ListItem","position":3,"name":"CHLUMILS\u00ae UV-123 \/ HALS 123 \/ Light Stabilizer 123 \/ Tinuvin 123 CAS 129757-67-1"}]},{"@type":"WebSite","@id":"https:\/\/longchangchemical.com\/#website","url":"https:\/\/longchangchemical.com\/","name":"Qu\u00edmica Longchang","description":"Fabricante de produtos qu\u00edmicos na China \uff06 fornecedor","publisher":{"@id":"https:\/\/longchangchemical.com\/#organization"},"potentialAction":[{"@type":"SearchAction","target":{"@type":"EntryPoint","urlTemplate":"https:\/\/longchangchemical.com\/?s={search_term_string}"},"query-input":{"@type":"PropertyValueSpecification","valueRequired":true,"valueName":"search_term_string"}}],"inLanguage":"pt-BR"},{"@type":"Organization","@id":"https:\/\/longchangchemical.com\/#organization","name":"Qu\u00edmica Longchang","url":"https:\/\/longchangchemical.com\/","logo":{"@type":"ImageObject","inLanguage":"pt-BR","@id":"https:\/\/longchangchemical.com\/#\/schema\/logo\/image\/","url":"https:\/\/longchangchemical.com\/wp-content\/uploads\/2020\/08\/cropped-longchang-logo.png","contentUrl":"https:\/\/longchangchemical.com\/wp-content\/uploads\/2020\/08\/cropped-longchang-logo.png","width":512,"height":512,"caption":"Longchang Chemical"},"image":{"@id":"https:\/\/longchangchemical.com\/#\/schema\/logo\/image\/"}}]}},"_links":{"self":[{"href":"https:\/\/longchangchemical.com\/pt\/wp-json\/wp\/v2\/product\/3369","targetHints":{"allow":["GET"]}}],"collection":[{"href":"https:\/\/longchangchemical.com\/pt\/wp-json\/wp\/v2\/product"}],"about":[{"href":"https:\/\/longchangchemical.com\/pt\/wp-json\/wp\/v2\/types\/product"}],"replies":[{"embeddable":true,"href":"https:\/\/longchangchemical.com\/pt\/wp-json\/wp\/v2\/comments?post=3369"}],"wp:featuredmedia":[{"embeddable":true,"href":"https:\/\/longchangchemical.com\/pt\/wp-json\/wp\/v2\/media\/3370"}],"wp:attachment":[{"href":"https:\/\/longchangchemical.com\/pt\/wp-json\/wp\/v2\/media?parent=3369"}],"wp:term":[{"taxonomy":"product_brand","embeddable":true,"href":"https:\/\/longchangchemical.com\/pt\/wp-json\/wp\/v2\/product_brand?post=3369"},{"taxonomy":"product_cat","embeddable":true,"href":"https:\/\/longchangchemical.com\/pt\/wp-json\/wp\/v2\/product_cat?post=3369"},{"taxonomy":"product_tag","embeddable":true,"href":"https:\/\/longchangchemical.com\/pt\/wp-json\/wp\/v2\/product_tag?post=3369"}],"curies":[{"name":"wp","href":"https:\/\/api.w.org\/{rel}","templated":true}]}}