{"id":3298,"date":"2020-09-29T07:14:49","date_gmt":"2020-09-29T07:14:49","guid":{"rendered":"https:\/\/longchangchemical.com\/?post_type=product&#038;p=3298"},"modified":"2025-04-01T05:54:02","modified_gmt":"2025-04-01T05:54:02","slug":"light-stabilizer-770-tinuvin-770-cas-52829-07-9","status":"publish","type":"product","link":"https:\/\/longchangchemical.com\/pt\/product\/light-stabilizer-770-tinuvin-770-cas-52829-07-9\/","title":{"rendered":"CHLUMILS\u00ae UV-770 \/ HALS 770 \/ Estabilizador de luz 770 \/ Tinuvin 770 CAS 52829-07-9"},"content":{"rendered":"<h1><strong><b>UV-770 \/ Tinuvin 770 CAS 52829-07-9<\/b><\/strong><\/h1>\n<table>\n<tbody>\n<tr>\n<td>\n<h4>Item<\/h4>\n<\/td>\n<td>\n<h4>\u00cdndice<\/h4>\n<\/td>\n<\/tr>\n<tr>\n<td>\n<h4>Apar\u00eancia<\/h4>\n<\/td>\n<td>\n<h4>P\u00f3 cristalino levemente amarelo<\/h4>\n<\/td>\n<\/tr>\n<tr>\n<td rowspan=\"2\">\n<h4>Transmiss\u00e3o<\/h4>\n<\/td>\n<td>\n<h4>425nm \u226598%<\/h4>\n<\/td>\n<\/tr>\n<tr>\n<td>\n<h4>500nm \u226599%<\/h4>\n<\/td>\n<\/tr>\n<tr>\n<td>\n<h4>Mat\u00e9ria vol\u00e1til<\/h4>\n<\/td>\n<td>\n<h4>\u22640,5%<\/h4>\n<\/td>\n<\/tr>\n<tr>\n<td>\n<h4>Cinza<\/h4>\n<\/td>\n<td>\n<h4>\u22640,1%<\/h4>\n<\/td>\n<\/tr>\n<tr>\n<td>\n<h4>Ponto de fus\u00e3o<\/h4>\n<\/td>\n<td>\n<h4>80 \u00b0 C - 85 \u00b0 C<\/h4>\n<\/td>\n<\/tr>\n<\/tbody>\n<\/table>\n<h2><strong><b>Tinuvin 770<\/b><\/strong><strong><b>\u00a0<\/b><\/strong><strong><b>Uso<\/b><\/strong><\/h2>\n<h4>1. O Tinuvin 770 \u00e9 um eliminador de radicais altamente eficaz que protege os pol\u00edmeros org\u00e2nicos contra a degrada\u00e7\u00e3o causada pela exposi\u00e7\u00e3o \u00e0 radia\u00e7\u00e3o ultravioleta.<\/h4>\n<h4>2. O Tinuvin 770 \u00e9 amplamente utilizado em uma variedade de aplica\u00e7\u00f5es, incluindo polipropileno, poliestireno, poliuretanos, SAN, ASA, poliamidas e poliacetais, polietileno de alta densidade, poliuretano, poliestireno, resina ABS, etc.<\/h4>\n<h4>3. A alta efic\u00e1cia do Tinuvin 770 como estabilizador de luz o torna adequado para aplica\u00e7\u00f5es em se\u00e7\u00e3o espessa e filmes, independentemente da espessura dos artigos. Combinado com outros produtos HALS, o Light Stabilizer 770 apresenta fortes efeitos sin\u00e9rgicos.<\/h4>\n<h4>4. O efeito de estabilidade \u00e0 luz do Tinuvin 770 \u00e9 melhor do que o estabilizador de luz comumente usado. Quando usado em combina\u00e7\u00e3o com um antioxidante, ele pode melhorar a resist\u00eancia ao calor, e o efeito sin\u00e9rgico com o absorvedor de luz ultravioleta pode melhorar ainda mais o efeito de estabiliza\u00e7\u00e3o da luz.<\/h4>\n<h4>A quantidade de estabilizador de luz Tinuvin 770 adicionada:<br \/>\nA quantidade de adi\u00e7\u00e3o varia entre 0,1% e 0,5%, e a quantidade espec\u00edfica de adi\u00e7\u00e3o \u00e9 determinada de acordo com os testes de aplica\u00e7\u00e3o do cliente.<\/h4>\n<h2><strong><b>Tinuvin 770<\/b><\/strong><strong><b>\u00a0<\/b><\/strong><strong><b>Embalagem e remessa<\/b><\/strong><\/h2>\n<h4>Embalagem: tambor de 25 kg.<\/h4>\n<h4>Entrega: em 5 a 7 dias \u00fateis.<\/h4>\n<h2><strong><b>Tinuvin 770<\/b><\/strong><strong><b>\u00a0<\/b><\/strong><strong><b>Armazenamento<\/b><\/strong><\/h2>\n<h4>Armazenado em um local fresco e seco, longe da luz solar direta.<\/h4>\n<h2><strong>Produtos da mesma s\u00e9rie<\/strong><\/h2>\n<table width=\"546\">\n<tbody>\n<tr>\n<td width=\"399\">\n<h4><a href=\"https:\/\/longchangchemical.com\/pt\/product\/hals-119-light-stabilizer-119-chimassorb-119\/\"><span style=\"color: #0000ff;\">HALS 119 \/ ESTABILIZADOR DE LUZ 119 \/ CHIMASSORB 119<\/span><\/a><\/h4>\n<\/td>\n<td width=\"147\">\n<h4>106990-43-6<\/h4>\n<\/td>\n<\/tr>\n<tr>\n<td>\n<h4><span style=\"color: #0000ff;\"><a style=\"color: #0000ff;\" href=\"https:\/\/longchangchemical.com\/pt\/product\/light-stabilizer-123-tinuvin-123-cas-129757-67-1\/\">HALS 123 \/ ESTABILIZADOR DE LUZ 123 \/ TINUVIN 123<\/a><\/span><\/h4>\n<\/td>\n<td>\n<h4>129757-67-1<\/h4>\n<\/td>\n<\/tr>\n<tr>\n<td>\n<h4><a href=\"https:\/\/longchangchemical.com\/pt\/product\/light-stabilizer-622-tinuvin-622-cas-65447-77-0\/\"><span style=\"color: #0000ff;\">HALS 622 \/ ESTABILIZADOR DE LUZ 622 \/ TINUVIN 622<\/span><\/a><\/h4>\n<\/td>\n<td>\n<h4><span style=\"color: #000000;\">65447-77-0<\/span><\/h4>\n<\/td>\n<\/tr>\n<tr>\n<td>\n<h4><span style=\"color: #000000;\">HALS 770 \/ ESTABILIZADOR DE LUZ 770 \/ TINUVIN 770<\/span><\/h4>\n<\/td>\n<td>\n<h4>52829-07-9<\/h4>\n<\/td>\n<\/tr>\n<tr>\n<td>\n<h4><a href=\"https:\/\/longchangchemical.com\/pt\/product\/uv-light-stabilizer-783-tinuvin-783\/\"><span style=\"color: #0000ff;\">HALS 783 \/ ESTABILIZADOR DE LUZ UV 783 \/ TINUVIN 783<\/span><\/a><\/h4>\n<\/td>\n<td><\/td>\n<\/tr>\n<tr>\n<td>\n<h4><a href=\"https:\/\/longchangchemical.com\/pt\/product\/light-stabilizer-791-tinuvin-791\/\"><span style=\"color: #0000ff;\">HALS 791 \/ ESTABILIZADOR DE LUZ 791 \/ TINUVIN 791<\/span><\/a><\/h4>\n<\/td>\n<td><\/td>\n<\/tr>\n<tr>\n<td>\n<h4><a href=\"https:\/\/longchangchemical.com\/pt\/product\/light-stabilizer-944-cas-70624-18-9\/\"><span style=\"color: #0000ff;\">HALS 944 LIGHT STABILIZER-944 CHIMASORB 944<\/span><\/a><\/h4>\n<\/td>\n<td>\n<h4>70624-18-9 \/ 71878-19-8<\/h4>\n<\/td>\n<\/tr>\n<\/tbody>\n<\/table>\n<h2><strong><b>Entre em contato conosco agora!<\/b><\/strong><\/h2>\n<h4><strong><b>Se precisar de COA, MSDS ou TDS, preencha suas informa\u00e7\u00f5es de contato no formul\u00e1rio abaixo. Normalmente, entraremos em contato em at\u00e9 24 horas.<\/b><\/strong> Voc\u00ea tamb\u00e9m pode me enviar um e-mail <a href=\"mailto:info@longchangchemical.com\"><span style=\"color: #0000ff;\">info@longchangchemical.com<\/span><\/a> durante o hor\u00e1rio comercial (das 8h30 \u00e0s 18h UTC+8 de segunda a s\u00e1bado) ou use o bate-papo ao vivo do site para obter uma resposta imediata.<\/h4>","protected":false},"excerpt":{"rendered":"<p><strong><b>Estabilizador de luz 770 Detalhes r\u00e1pidos<\/b><\/strong><\/p>\n<p>Nome qu\u00edmico: Sebacato de bis (2,2,6,6-tetrametil-4-piperidinil)<\/p>\n<p>Equivalentes: Tinuvin 770 (Ciba), Uvinul 4077 H (BASF), Lowilite 77 (Great Lakes), etc.<\/p>\n<p>Outro nome: Estabilizador de luz 770<\/p>\n<p>N\u00famero CAS: 52829-07-9<\/p>\n<p>F\u00f3rmula molecular: C28H52N2O4<\/p>\n<p>Peso molecular: 480,73<\/p>\n<p>Estabilizador de luz 770 Estrutura:<\/p>","protected":false},"featured_media":3299,"comment_status":"open","ping_status":"closed","template":"","meta":[],"product_brand":[],"product_cat":[104],"product_tag":[],"class_list":{"0":"post-3298","1":"product","2":"type-product","3":"status-publish","4":"has-post-thumbnail","6":"product_cat-light-stabilizer","8":"first","9":"instock","10":"shipping-taxable","11":"product-type-simple"},"yoast_head":"<!-- This site is optimized with the Yoast SEO plugin v25.3.1 - https:\/\/yoast.com\/wordpress\/plugins\/seo\/ -->\n<title>China HALS 770 \/ Light stabilizer 770 \/ Tinuvin 770 manufacturer - Longchang Chemical<\/title>\n<meta name=\"description\" content=\"China top HALS 770 \/ Light stabilizer 770 \/ Tinuvin 770 manufacturers and CAS 52829-07-9 suppliers. Longchang chemical can provide the best Tinuvin 770 price.\" \/>\n<meta name=\"robots\" content=\"index, follow, max-snippet:-1, max-image-preview:large, max-video-preview:-1\" \/>\n<link rel=\"canonical\" href=\"https:\/\/longchangchemical.com\/pt\/product\/light-stabilizer-770-tinuvin-770-cas-52829-07-9\/\" \/>\n<meta property=\"og:locale\" content=\"pt_BR\" \/>\n<meta property=\"og:type\" content=\"article\" \/>\n<meta property=\"og:title\" content=\"China HALS 770 \/ Light stabilizer 770 \/ Tinuvin 770 manufacturer - Longchang Chemical\" \/>\n<meta property=\"og:description\" content=\"China top HALS 770 \/ Light stabilizer 770 \/ Tinuvin 770 manufacturers and CAS 52829-07-9 suppliers. Longchang chemical can provide the best Tinuvin 770 price.\" \/>\n<meta property=\"og:url\" content=\"https:\/\/longchangchemical.com\/pt\/product\/light-stabilizer-770-tinuvin-770-cas-52829-07-9\/\" \/>\n<meta property=\"og:site_name\" content=\"Longchang Chemical\" \/>\n<meta property=\"article:modified_time\" content=\"2025-04-01T05:54:02+00:00\" \/>\n<meta property=\"og:image\" content=\"https:\/\/longchangchemical.com\/wp-content\/uploads\/2020\/09\/Tinuvin-770-appearance.jpg\" \/>\n\t<meta property=\"og:image:width\" content=\"600\" \/>\n\t<meta property=\"og:image:height\" content=\"800\" \/>\n\t<meta property=\"og:image:type\" content=\"image\/jpeg\" \/>\n<meta name=\"twitter:card\" content=\"summary_large_image\" \/>\n<script type=\"application\/ld+json\" class=\"yoast-schema-graph\">{\"@context\":\"https:\/\/schema.org\",\"@graph\":[{\"@type\":\"WebPage\",\"@id\":\"https:\/\/longchangchemical.com\/product\/light-stabilizer-770-tinuvin-770-cas-52829-07-9\/\",\"url\":\"https:\/\/longchangchemical.com\/product\/light-stabilizer-770-tinuvin-770-cas-52829-07-9\/\",\"name\":\"China HALS 770 \/ Light stabilizer 770 \/ Tinuvin 770 manufacturer - Longchang Chemical\",\"isPartOf\":{\"@id\":\"https:\/\/longchangchemical.com\/#website\"},\"primaryImageOfPage\":{\"@id\":\"https:\/\/longchangchemical.com\/product\/light-stabilizer-770-tinuvin-770-cas-52829-07-9\/#primaryimage\"},\"image\":{\"@id\":\"https:\/\/longchangchemical.com\/product\/light-stabilizer-770-tinuvin-770-cas-52829-07-9\/#primaryimage\"},\"thumbnailUrl\":\"https:\/\/longchangchemical.com\/wp-content\/uploads\/2020\/09\/Tinuvin-770-appearance.jpg\",\"datePublished\":\"2020-09-29T07:14:49+00:00\",\"dateModified\":\"2025-04-01T05:54:02+00:00\",\"description\":\"China top HALS 770 \/ Light stabilizer 770 \/ Tinuvin 770 manufacturers and CAS 52829-07-9 suppliers. Longchang chemical can provide the best Tinuvin 770 price.\",\"breadcrumb\":{\"@id\":\"https:\/\/longchangchemical.com\/product\/light-stabilizer-770-tinuvin-770-cas-52829-07-9\/#breadcrumb\"},\"inLanguage\":\"pt-BR\",\"potentialAction\":[{\"@type\":\"ReadAction\",\"target\":[\"https:\/\/longchangchemical.com\/product\/light-stabilizer-770-tinuvin-770-cas-52829-07-9\/\"]}]},{\"@type\":\"ImageObject\",\"inLanguage\":\"pt-BR\",\"@id\":\"https:\/\/longchangchemical.com\/product\/light-stabilizer-770-tinuvin-770-cas-52829-07-9\/#primaryimage\",\"url\":\"https:\/\/longchangchemical.com\/wp-content\/uploads\/2020\/09\/Tinuvin-770-appearance.jpg\",\"contentUrl\":\"https:\/\/longchangchemical.com\/wp-content\/uploads\/2020\/09\/Tinuvin-770-appearance.jpg\",\"width\":600,\"height\":800,\"caption\":\"Tinuvin 770 appearance\"},{\"@type\":\"BreadcrumbList\",\"@id\":\"https:\/\/longchangchemical.com\/product\/light-stabilizer-770-tinuvin-770-cas-52829-07-9\/#breadcrumb\",\"itemListElement\":[{\"@type\":\"ListItem\",\"position\":1,\"name\":\"Home\",\"item\":\"https:\/\/longchangchemical.com\/\"},{\"@type\":\"ListItem\",\"position\":2,\"name\":\"Products Longchang\",\"item\":\"https:\/\/longchangchemical.com\/product\/\"},{\"@type\":\"ListItem\",\"position\":3,\"name\":\"CHLUMILS\u00ae UV-770 \/ HALS 770 \/ Light stabilizer 770 \/ Tinuvin 770 CAS 52829-07-9\"}]},{\"@type\":\"WebSite\",\"@id\":\"https:\/\/longchangchemical.com\/#website\",\"url\":\"https:\/\/longchangchemical.com\/\",\"name\":\"Longchang Chemical\",\"description\":\"China chemical manufacturer \uff06 supplier\",\"publisher\":{\"@id\":\"https:\/\/longchangchemical.com\/#organization\"},\"potentialAction\":[{\"@type\":\"SearchAction\",\"target\":{\"@type\":\"EntryPoint\",\"urlTemplate\":\"https:\/\/longchangchemical.com\/?s={search_term_string}\"},\"query-input\":{\"@type\":\"PropertyValueSpecification\",\"valueRequired\":true,\"valueName\":\"search_term_string\"}}],\"inLanguage\":\"pt-BR\"},{\"@type\":\"Organization\",\"@id\":\"https:\/\/longchangchemical.com\/#organization\",\"name\":\"Longchang Chemical\",\"url\":\"https:\/\/longchangchemical.com\/\",\"logo\":{\"@type\":\"ImageObject\",\"inLanguage\":\"pt-BR\",\"@id\":\"https:\/\/longchangchemical.com\/#\/schema\/logo\/image\/\",\"url\":\"https:\/\/longchangchemical.com\/wp-content\/uploads\/2020\/08\/cropped-longchang-logo.png\",\"contentUrl\":\"https:\/\/longchangchemical.com\/wp-content\/uploads\/2020\/08\/cropped-longchang-logo.png\",\"width\":512,\"height\":512,\"caption\":\"Longchang Chemical\"},\"image\":{\"@id\":\"https:\/\/longchangchemical.com\/#\/schema\/logo\/image\/\"}}]}<\/script>\n<!-- \/ Yoast SEO plugin. -->","yoast_head_json":{"title":"Fabricante de HALS 770 \/ Estabilizador de luz 770 \/ Tinuvin 770 na China - Longchang Chemical","description":"Os principais fabricantes e fornecedores de HALS 770 \/ Estabilizador de luz 770 \/ Tinuvin 770 CAS 52829-07-9 da China. A Longchang Chemical pode oferecer o melhor pre\u00e7o de Tinuvin 770.","robots":{"index":"index","follow":"follow","max-snippet":"max-snippet:-1","max-image-preview":"max-image-preview:large","max-video-preview":"max-video-preview:-1"},"canonical":"https:\/\/longchangchemical.com\/pt\/product\/light-stabilizer-770-tinuvin-770-cas-52829-07-9\/","og_locale":"pt_BR","og_type":"article","og_title":"China HALS 770 \/ Light stabilizer 770 \/ Tinuvin 770 manufacturer - Longchang Chemical","og_description":"China top HALS 770 \/ Light stabilizer 770 \/ Tinuvin 770 manufacturers and CAS 52829-07-9 suppliers. Longchang chemical can provide the best Tinuvin 770 price.","og_url":"https:\/\/longchangchemical.com\/pt\/product\/light-stabilizer-770-tinuvin-770-cas-52829-07-9\/","og_site_name":"Longchang Chemical","article_modified_time":"2025-04-01T05:54:02+00:00","og_image":[{"width":600,"height":800,"url":"https:\/\/longchangchemical.com\/wp-content\/uploads\/2020\/09\/Tinuvin-770-appearance.jpg","type":"image\/jpeg"}],"twitter_card":"summary_large_image","schema":{"@context":"https:\/\/schema.org","@graph":[{"@type":"WebPage","@id":"https:\/\/longchangchemical.com\/product\/light-stabilizer-770-tinuvin-770-cas-52829-07-9\/","url":"https:\/\/longchangchemical.com\/product\/light-stabilizer-770-tinuvin-770-cas-52829-07-9\/","name":"Fabricante de HALS 770 \/ Estabilizador de luz 770 \/ Tinuvin 770 na China - Longchang Chemical","isPartOf":{"@id":"https:\/\/longchangchemical.com\/#website"},"primaryImageOfPage":{"@id":"https:\/\/longchangchemical.com\/product\/light-stabilizer-770-tinuvin-770-cas-52829-07-9\/#primaryimage"},"image":{"@id":"https:\/\/longchangchemical.com\/product\/light-stabilizer-770-tinuvin-770-cas-52829-07-9\/#primaryimage"},"thumbnailUrl":"https:\/\/longchangchemical.com\/wp-content\/uploads\/2020\/09\/Tinuvin-770-appearance.jpg","datePublished":"2020-09-29T07:14:49+00:00","dateModified":"2025-04-01T05:54:02+00:00","description":"Os principais fabricantes e fornecedores de HALS 770 \/ Estabilizador de luz 770 \/ Tinuvin 770 CAS 52829-07-9 da China. A Longchang Chemical pode oferecer o melhor pre\u00e7o de Tinuvin 770.","breadcrumb":{"@id":"https:\/\/longchangchemical.com\/product\/light-stabilizer-770-tinuvin-770-cas-52829-07-9\/#breadcrumb"},"inLanguage":"pt-BR","potentialAction":[{"@type":"ReadAction","target":["https:\/\/longchangchemical.com\/product\/light-stabilizer-770-tinuvin-770-cas-52829-07-9\/"]}]},{"@type":"ImageObject","inLanguage":"pt-BR","@id":"https:\/\/longchangchemical.com\/product\/light-stabilizer-770-tinuvin-770-cas-52829-07-9\/#primaryimage","url":"https:\/\/longchangchemical.com\/wp-content\/uploads\/2020\/09\/Tinuvin-770-appearance.jpg","contentUrl":"https:\/\/longchangchemical.com\/wp-content\/uploads\/2020\/09\/Tinuvin-770-appearance.jpg","width":600,"height":800,"caption":"Tinuvin 770 appearance"},{"@type":"BreadcrumbList","@id":"https:\/\/longchangchemical.com\/product\/light-stabilizer-770-tinuvin-770-cas-52829-07-9\/#breadcrumb","itemListElement":[{"@type":"ListItem","position":1,"name":"Home","item":"https:\/\/longchangchemical.com\/"},{"@type":"ListItem","position":2,"name":"Products Longchang","item":"https:\/\/longchangchemical.com\/product\/"},{"@type":"ListItem","position":3,"name":"CHLUMILS\u00ae UV-770 \/ HALS 770 \/ Light stabilizer 770 \/ Tinuvin 770 CAS 52829-07-9"}]},{"@type":"WebSite","@id":"https:\/\/longchangchemical.com\/#website","url":"https:\/\/longchangchemical.com\/","name":"Qu\u00edmica Longchang","description":"Fabricante de produtos qu\u00edmicos na China \uff06 fornecedor","publisher":{"@id":"https:\/\/longchangchemical.com\/#organization"},"potentialAction":[{"@type":"SearchAction","target":{"@type":"EntryPoint","urlTemplate":"https:\/\/longchangchemical.com\/?s={search_term_string}"},"query-input":{"@type":"PropertyValueSpecification","valueRequired":true,"valueName":"search_term_string"}}],"inLanguage":"pt-BR"},{"@type":"Organization","@id":"https:\/\/longchangchemical.com\/#organization","name":"Qu\u00edmica Longchang","url":"https:\/\/longchangchemical.com\/","logo":{"@type":"ImageObject","inLanguage":"pt-BR","@id":"https:\/\/longchangchemical.com\/#\/schema\/logo\/image\/","url":"https:\/\/longchangchemical.com\/wp-content\/uploads\/2020\/08\/cropped-longchang-logo.png","contentUrl":"https:\/\/longchangchemical.com\/wp-content\/uploads\/2020\/08\/cropped-longchang-logo.png","width":512,"height":512,"caption":"Longchang Chemical"},"image":{"@id":"https:\/\/longchangchemical.com\/#\/schema\/logo\/image\/"}}]}},"_links":{"self":[{"href":"https:\/\/longchangchemical.com\/pt\/wp-json\/wp\/v2\/product\/3298","targetHints":{"allow":["GET"]}}],"collection":[{"href":"https:\/\/longchangchemical.com\/pt\/wp-json\/wp\/v2\/product"}],"about":[{"href":"https:\/\/longchangchemical.com\/pt\/wp-json\/wp\/v2\/types\/product"}],"replies":[{"embeddable":true,"href":"https:\/\/longchangchemical.com\/pt\/wp-json\/wp\/v2\/comments?post=3298"}],"wp:featuredmedia":[{"embeddable":true,"href":"https:\/\/longchangchemical.com\/pt\/wp-json\/wp\/v2\/media\/3299"}],"wp:attachment":[{"href":"https:\/\/longchangchemical.com\/pt\/wp-json\/wp\/v2\/media?parent=3298"}],"wp:term":[{"taxonomy":"product_brand","embeddable":true,"href":"https:\/\/longchangchemical.com\/pt\/wp-json\/wp\/v2\/product_brand?post=3298"},{"taxonomy":"product_cat","embeddable":true,"href":"https:\/\/longchangchemical.com\/pt\/wp-json\/wp\/v2\/product_cat?post=3298"},{"taxonomy":"product_tag","embeddable":true,"href":"https:\/\/longchangchemical.com\/pt\/wp-json\/wp\/v2\/product_tag?post=3298"}],"curies":[{"name":"wp","href":"https:\/\/api.w.org\/{rel}","templated":true}]}}