{"id":3295,"date":"2020-09-29T03:49:26","date_gmt":"2020-09-29T03:49:26","guid":{"rendered":"https:\/\/longchangchemical.com\/?post_type=product&#038;p=3295"},"modified":"2025-12-30T09:03:08","modified_gmt":"2025-12-30T09:03:08","slug":"light-stabilizer-622-tinuvin-622-cas-65447-77-0","status":"publish","type":"product","link":"https:\/\/longchangchemical.com\/pt\/product\/light-stabilizer-622-tinuvin-622-cas-65447-77-0\/","title":{"rendered":"CHLUMILS\u00ae UV-622 \/ HALS 622 \/ Estabilizador de luz 622 \/ Tinuvin 622 CAS 65447-77-0"},"content":{"rendered":"<h1><strong>HALS 622 \/ Estabilizador de luz 622 \/ Tinuvin 622 CAS 65447-77-0<\/strong><\/h1>\n<table>\n<tbody>\n<tr>\n<td>\n<h4><strong><b>Item<\/b><\/strong><\/h4>\n<\/td>\n<td>\n<h4><strong><b>Padr\u00e3o<\/b><\/strong><\/h4>\n<\/td>\n<\/tr>\n<tr>\n<td>\n<h4>Apar\u00eancia<\/h4>\n<\/td>\n<td>\n<h4>P\u00f3 branco grosso ou granulado amarelado<\/h4>\n<\/td>\n<\/tr>\n<tr>\n<td>\n<h4>Vol\u00e1teis<\/h4>\n<\/td>\n<td>\n<h4>\u22640,5%<\/h4>\n<\/td>\n<\/tr>\n<tr>\n<td>\n<h4>Transmit\u00e2ncia de luz 425nm<\/h4>\n<\/td>\n<td>\n<h4>\u226597%<\/h4>\n<\/td>\n<\/tr>\n<tr>\n<td>\n<h4>Transmit\u00e2ncia de luz 450nm<\/h4>\n<\/td>\n<td>\n<h4>\u226598%(10g\/100ml de metilbenzeno)<\/h4>\n<\/td>\n<\/tr>\n<tr>\n<td>\n<h4>Transmit\u00e2ncia de luz 500nm<\/h4>\n<\/td>\n<td>\n<h4>\u226599%<\/h4>\n<\/td>\n<\/tr>\n<tr>\n<td>\n<h4>Cinza<\/h4>\n<\/td>\n<td>\n<h4>\u22640,05%<\/h4>\n<\/td>\n<\/tr>\n<tr>\n<td>\n<h4>Faixa de amaciamento<\/h4>\n<\/td>\n<td>\n<h4>50-70 \u2103<\/h4>\n<\/td>\n<\/tr>\n<\/tbody>\n<\/table>\n<h2><\/h2>\n<h2><strong><b>Tinuvin 622<\/b><\/strong><strong><b>\u00a0<\/b><\/strong><strong><b>Uso<\/b><\/strong><\/h2>\n<h4>1. O Estabilizador de Luz 622 pertence \u00e0 mais nova gera\u00e7\u00e3o de Estabilizador de Luz de Amina Ligada polim\u00e9rica, que tem excelente estabilidade de processamento a quente. Excelente compatibilidade com a resina, satisfat\u00f3ria resist\u00eancia \u00e0 \u00e1gua e volatilidade e migra\u00e7\u00e3o extremamente baixas.<\/h4>\n<h4>2. O estabilizador de luz 622 pode ser aplicado em PE.PP. Poliestireno, ABS, poliuretano e poliamida, etc. Os efeitos ideais s\u00e3o obtidos quando usado com antioxidantes e absorvedores de UV.<\/h4>\n<h4>3. O estabilizador de luz 622 \u00e9 um dos estabilizadores de luz aprovados pela FDA para uso em embalagens de alimentos. Dosagem de refer\u00eancia em filme agr\u00edcola de PE: 0,3-0,6%.<\/h4>\n<h4>4. HALS polimerizados com alto peso molecular, baixa volatilidade, baixa degrada\u00e7\u00e3o, dificilmente extra\u00edveis (por \u00e1gua) ou lixivi\u00e1veis (por g\u00e1s) e estabilidade t\u00e9rmica fina, funcionando<\/h4>\n<p><strong><b>\u00a0<\/b><\/strong><\/p>\n<h2><strong><b>Tinuvin 622<\/b><\/strong><strong><b>\u00a0<\/b><\/strong><strong><b>Embalagem e remessa<\/b><\/strong><\/h2>\n<h4>Embalagem: 25 kg\/caixa; 20 caixas\/palete; caixa de papel\u00e3o de 20 kg (interior com saco pl\u00e1stico).<\/h4>\n<p>&nbsp;<\/p>\n<h2><strong><b>Tinuvin 622<\/b><\/strong><strong><b>\u00a0<\/b><\/strong><strong><b>Armazenamento<\/b><\/strong><\/h2>\n<h4>Armazene em locais secos a menos de 30 \u2103, evitando umidade e luz.<\/h4>\n<p>&nbsp;<\/p>\n<h2><strong>Produtos da mesma s\u00e9rie<\/strong><\/h2>\n<table width=\"546\">\n<tbody>\n<tr>\n<td width=\"399\">\n<h4><a href=\"https:\/\/longchangchemical.com\/pt\/product\/hals-119-light-stabilizer-119-chimassorb-119\/\"><span style=\"color: #0000ff;\">HALS 119 \/ ESTABILIZADOR DE LUZ 119 \/ CHIMASSORB 119<\/span><\/a><\/h4>\n<\/td>\n<td width=\"147\">\n<h4>106990-43-6<\/h4>\n<\/td>\n<\/tr>\n<tr>\n<td>\n<h4><a href=\"https:\/\/longchangchemical.com\/pt\/product\/light-stabilizer-123-tinuvin-123-cas-129757-67-1\/\"><span style=\"color: #0000ff;\">HALS 123 \/ ESTABILIZADOR DE LUZ 123 \/ TINUVIN 123<\/span><\/a><\/h4>\n<\/td>\n<td>\n<h4>129757-67-1<\/h4>\n<\/td>\n<\/tr>\n<tr>\n<td>\n<h4><a href=\"https:\/\/longchangchemical.com\/pt\/product\/light-stabilizer-622-tinuvin-622-cas-65447-77-0\/\"><span style=\"color: #0000ff;\">HALS 622 \/ ESTABILIZADOR DE LUZ 622 \/ TINUVIN 622<\/span><\/a><\/h4>\n<\/td>\n<td>\n<h4><span style=\"color: #000000;\">65447-77-0<\/span><\/h4>\n<\/td>\n<\/tr>\n<tr>\n<td>\n<h4><a href=\"https:\/\/longchangchemical.com\/pt\/product\/light-stabilizer-770-tinuvin-770-cas-52829-07-9\/\"><span style=\"color: #0000ff;\">HALS 770 \/ ESTABILIZADOR DE LUZ 770 \/ TINUVIN 770<\/span><\/a><\/h4>\n<\/td>\n<td>\n<h4>52829-07-9<\/h4>\n<\/td>\n<\/tr>\n<tr>\n<td>\n<h4><a href=\"https:\/\/longchangchemical.com\/pt\/product\/uv-light-stabilizer-783-tinuvin-783\/\"><span style=\"color: #0000ff;\">HALS 783 \/ ESTABILIZADOR DE LUZ UV 783 \/ TINUVIN 783<\/span><\/a><\/h4>\n<\/td>\n<td><\/td>\n<\/tr>\n<tr>\n<td>\n<h4><a href=\"https:\/\/longchangchemical.com\/pt\/product\/light-stabilizer-791-tinuvin-791\/\"><span style=\"color: #0000ff;\">HALS 791 \/ ESTABILIZADOR DE LUZ 791 \/ TINUVIN 791<\/span><\/a><\/h4>\n<\/td>\n<td><\/td>\n<\/tr>\n<tr>\n<td>\n<h4><a href=\"https:\/\/longchangchemical.com\/pt\/product\/light-stabilizer-944-cas-70624-18-9\/\"><span style=\"color: #0000ff;\">HALS 944 LIGHT STABILIZER-944 CHIMASORB 944<\/span><\/a><\/h4>\n<\/td>\n<td>\n<h4>70624-18-9 \/ 71878-19-8<\/h4>\n<\/td>\n<\/tr>\n<\/tbody>\n<\/table>\n<p>&nbsp;<\/p>\n<p>&nbsp;<\/p>\n<h2><strong><b>Entre em contato conosco agora!<\/b><\/strong><\/h2>\n<h4><strong><b>Se precisar de COA, MSDS ou TDS, preencha suas informa\u00e7\u00f5es de contato no formul\u00e1rio abaixo. Normalmente, entraremos em contato em at\u00e9 24 horas. <\/b><\/strong> Voc\u00ea tamb\u00e9m pode me enviar um e-mail <span style=\"color: #0000ff;\"><strong><a style=\"color: #0000ff;\" href=\"mailto:info@longchangchemical\">info@longchangchemical<\/a><\/strong><\/span>.com durante o hor\u00e1rio comercial (das 8h30 \u00e0s 18h UTC+8 de segunda a s\u00e1bado) ou use o bate-papo ao vivo do site para obter uma resposta imediata.<\/h4>","protected":false},"excerpt":{"rendered":"<h4>Nome qu\u00edmico: Poli(N-Beta-hidroxietil-2,2,6,6-tetrametil-4-hidroxi-piperidil succinato)<\/h4>\n<h4>Nome do produto: Estabilizador de luz 622<\/h4>\n<h4>Nome comercial: Tinuvin 622 (Ciba), Uvinul 5062 H (BASF), Lowilite 62 (Great Lakes), etc.<\/h4>\n<h4>N\u00famero CAS: 65447-77-0<\/h4>\n<h4>F\u00f3rmula molecular: C7H15NO<\/h4>\n<h4>Peso molecular: &gt; 2500<\/h4>\n<h4>Estrutura do Tinuvin 622: <img decoding=\"async\" class=\"size-medium wp-image-3296\" src=\"https:\/\/longchangchemical.com\/wp-content\/uploads\/2020\/09\/Tinuvin-622-Structure-300x90.png\" alt=\"Estrutura do Tinuvin 622\" width=\"300\" height=\"90\" srcset=\"https:\/\/longchangchemical.com\/wp-content\/uploads\/2020\/09\/Tinuvin-622-Structure-300x90.png 300w, https:\/\/longchangchemical.com\/wp-content\/uploads\/2020\/09\/Tinuvin-622-Structure.png 325w\" sizes=\"(max-width: 300px) 100vw, 300px\" \/><\/h4>\n<h4>Apar\u00eancia: P\u00f3 branco grosso ou granulado amarelado<\/h4>\n<h4><strong><b>Se precisar de COA, MSDS ou TDS, preencha suas informa\u00e7\u00f5es de contato no formul\u00e1rio abaixo. Normalmente, entraremos em contato em at\u00e9 24 horas. <\/b><\/strong> Voc\u00ea tamb\u00e9m pode me enviar um e-mail <a href=\"mailto:info@longchangchemical.com\"><span style=\"color: #0000ff;\"><strong>info@longchangchemical<\/strong><\/span>.com<\/a> durante o hor\u00e1rio comercial (das 8h30 \u00e0s 18h UTC+8 de segunda a s\u00e1bado) ou use o bate-papo ao vivo do site para obter uma resposta imediata.<\/h4>","protected":false},"featured_media":3297,"comment_status":"open","ping_status":"closed","template":"","meta":[],"product_brand":[],"product_cat":[104],"product_tag":[],"class_list":{"0":"post-3295","1":"product","2":"type-product","3":"status-publish","4":"has-post-thumbnail","6":"product_cat-light-stabilizer","8":"first","9":"instock","10":"shipping-taxable","11":"product-type-simple"},"yoast_head":"<!-- This site is optimized with the Yoast SEO plugin v25.3.1 - https:\/\/yoast.com\/wordpress\/plugins\/seo\/ -->\n<title>China Light Stabilizer 622 \/ Tinuvin 622 CAS 65447-77-0 manufacturer - Longchang Chemical<\/title>\n<meta name=\"description\" content=\"China top Light Stabilizer 622 \/ Tinuvin 622 manufacturers and CAS 65447-77-0 suppliers. Longchang chemical can provide the best Tinuvin 622 price.\" \/>\n<meta name=\"robots\" content=\"index, follow, max-snippet:-1, max-image-preview:large, max-video-preview:-1\" \/>\n<link rel=\"canonical\" href=\"https:\/\/longchangchemical.com\/pt\/product\/light-stabilizer-622-tinuvin-622-cas-65447-77-0\/\" \/>\n<meta property=\"og:locale\" content=\"pt_BR\" \/>\n<meta property=\"og:type\" content=\"article\" \/>\n<meta property=\"og:title\" content=\"China Light Stabilizer 622 \/ Tinuvin 622 CAS 65447-77-0 manufacturer - Longchang Chemical\" \/>\n<meta property=\"og:description\" content=\"China top Light Stabilizer 622 \/ Tinuvin 622 manufacturers and CAS 65447-77-0 suppliers. Longchang chemical can provide the best Tinuvin 622 price.\" \/>\n<meta property=\"og:url\" content=\"https:\/\/longchangchemical.com\/pt\/product\/light-stabilizer-622-tinuvin-622-cas-65447-77-0\/\" \/>\n<meta property=\"og:site_name\" content=\"Longchang Chemical\" \/>\n<meta property=\"article:modified_time\" content=\"2025-12-30T09:03:08+00:00\" \/>\n<meta property=\"og:image\" content=\"https:\/\/longchangchemical.com\/wp-content\/uploads\/2020\/09\/HALS-622-Light-Stabilizer-622-Tinuvin-622-appearance.jpg\" \/>\n\t<meta property=\"og:image:width\" content=\"600\" \/>\n\t<meta property=\"og:image:height\" content=\"800\" \/>\n\t<meta property=\"og:image:type\" content=\"image\/jpeg\" \/>\n<meta name=\"twitter:card\" content=\"summary_large_image\" \/>\n<script type=\"application\/ld+json\" class=\"yoast-schema-graph\">{\"@context\":\"https:\/\/schema.org\",\"@graph\":[{\"@type\":\"WebPage\",\"@id\":\"https:\/\/longchangchemical.com\/product\/light-stabilizer-622-tinuvin-622-cas-65447-77-0\/\",\"url\":\"https:\/\/longchangchemical.com\/product\/light-stabilizer-622-tinuvin-622-cas-65447-77-0\/\",\"name\":\"China Light Stabilizer 622 \/ Tinuvin 622 CAS 65447-77-0 manufacturer - Longchang Chemical\",\"isPartOf\":{\"@id\":\"https:\/\/longchangchemical.com\/#website\"},\"primaryImageOfPage\":{\"@id\":\"https:\/\/longchangchemical.com\/product\/light-stabilizer-622-tinuvin-622-cas-65447-77-0\/#primaryimage\"},\"image\":{\"@id\":\"https:\/\/longchangchemical.com\/product\/light-stabilizer-622-tinuvin-622-cas-65447-77-0\/#primaryimage\"},\"thumbnailUrl\":\"https:\/\/longchangchemical.com\/wp-content\/uploads\/2020\/09\/HALS-622-Light-Stabilizer-622-Tinuvin-622-appearance.jpg\",\"datePublished\":\"2020-09-29T03:49:26+00:00\",\"dateModified\":\"2025-12-30T09:03:08+00:00\",\"description\":\"China top Light Stabilizer 622 \/ Tinuvin 622 manufacturers and CAS 65447-77-0 suppliers. Longchang chemical can provide the best Tinuvin 622 price.\",\"breadcrumb\":{\"@id\":\"https:\/\/longchangchemical.com\/product\/light-stabilizer-622-tinuvin-622-cas-65447-77-0\/#breadcrumb\"},\"inLanguage\":\"pt-BR\",\"potentialAction\":[{\"@type\":\"ReadAction\",\"target\":[\"https:\/\/longchangchemical.com\/product\/light-stabilizer-622-tinuvin-622-cas-65447-77-0\/\"]}]},{\"@type\":\"ImageObject\",\"inLanguage\":\"pt-BR\",\"@id\":\"https:\/\/longchangchemical.com\/product\/light-stabilizer-622-tinuvin-622-cas-65447-77-0\/#primaryimage\",\"url\":\"https:\/\/longchangchemical.com\/wp-content\/uploads\/2020\/09\/HALS-622-Light-Stabilizer-622-Tinuvin-622-appearance.jpg\",\"contentUrl\":\"https:\/\/longchangchemical.com\/wp-content\/uploads\/2020\/09\/HALS-622-Light-Stabilizer-622-Tinuvin-622-appearance.jpg\",\"width\":600,\"height\":800,\"caption\":\"HALS 622 Light Stabilizer 622 Tinuvin 622 appearance\"},{\"@type\":\"BreadcrumbList\",\"@id\":\"https:\/\/longchangchemical.com\/product\/light-stabilizer-622-tinuvin-622-cas-65447-77-0\/#breadcrumb\",\"itemListElement\":[{\"@type\":\"ListItem\",\"position\":1,\"name\":\"Home\",\"item\":\"https:\/\/longchangchemical.com\/\"},{\"@type\":\"ListItem\",\"position\":2,\"name\":\"Products Longchang\",\"item\":\"https:\/\/longchangchemical.com\/product\/\"},{\"@type\":\"ListItem\",\"position\":3,\"name\":\"CHLUMILS\u00ae UV-622 \/ HALS 622 \/ Light Stabilizer 622 \/ Tinuvin 622 CAS 65447-77-0\"}]},{\"@type\":\"WebSite\",\"@id\":\"https:\/\/longchangchemical.com\/#website\",\"url\":\"https:\/\/longchangchemical.com\/\",\"name\":\"Longchang Chemical\",\"description\":\"China chemical manufacturer \uff06 supplier\",\"publisher\":{\"@id\":\"https:\/\/longchangchemical.com\/#organization\"},\"potentialAction\":[{\"@type\":\"SearchAction\",\"target\":{\"@type\":\"EntryPoint\",\"urlTemplate\":\"https:\/\/longchangchemical.com\/?s={search_term_string}\"},\"query-input\":{\"@type\":\"PropertyValueSpecification\",\"valueRequired\":true,\"valueName\":\"search_term_string\"}}],\"inLanguage\":\"pt-BR\"},{\"@type\":\"Organization\",\"@id\":\"https:\/\/longchangchemical.com\/#organization\",\"name\":\"Longchang Chemical\",\"url\":\"https:\/\/longchangchemical.com\/\",\"logo\":{\"@type\":\"ImageObject\",\"inLanguage\":\"pt-BR\",\"@id\":\"https:\/\/longchangchemical.com\/#\/schema\/logo\/image\/\",\"url\":\"https:\/\/longchangchemical.com\/wp-content\/uploads\/2020\/08\/cropped-longchang-logo.png\",\"contentUrl\":\"https:\/\/longchangchemical.com\/wp-content\/uploads\/2020\/08\/cropped-longchang-logo.png\",\"width\":512,\"height\":512,\"caption\":\"Longchang Chemical\"},\"image\":{\"@id\":\"https:\/\/longchangchemical.com\/#\/schema\/logo\/image\/\"}}]}<\/script>\n<!-- \/ Yoast SEO plugin. -->","yoast_head_json":{"title":"Fabricante de Estabilizador de Luz 622 \/ Tinuvin 622 CAS 65447-77-0 na China - Longchang Chemical","description":"Os principais fabricantes de Estabilizador de Luz 622 \/ Tinuvin 622 da China e fornecedores de CAS 65447-77-0. A Longchang Chemical pode oferecer o melhor pre\u00e7o de Tinuvin 622.","robots":{"index":"index","follow":"follow","max-snippet":"max-snippet:-1","max-image-preview":"max-image-preview:large","max-video-preview":"max-video-preview:-1"},"canonical":"https:\/\/longchangchemical.com\/pt\/product\/light-stabilizer-622-tinuvin-622-cas-65447-77-0\/","og_locale":"pt_BR","og_type":"article","og_title":"China Light Stabilizer 622 \/ Tinuvin 622 CAS 65447-77-0 manufacturer - Longchang Chemical","og_description":"China top Light Stabilizer 622 \/ Tinuvin 622 manufacturers and CAS 65447-77-0 suppliers. Longchang chemical can provide the best Tinuvin 622 price.","og_url":"https:\/\/longchangchemical.com\/pt\/product\/light-stabilizer-622-tinuvin-622-cas-65447-77-0\/","og_site_name":"Longchang Chemical","article_modified_time":"2025-12-30T09:03:08+00:00","og_image":[{"width":600,"height":800,"url":"https:\/\/longchangchemical.com\/wp-content\/uploads\/2020\/09\/HALS-622-Light-Stabilizer-622-Tinuvin-622-appearance.jpg","type":"image\/jpeg"}],"twitter_card":"summary_large_image","schema":{"@context":"https:\/\/schema.org","@graph":[{"@type":"WebPage","@id":"https:\/\/longchangchemical.com\/product\/light-stabilizer-622-tinuvin-622-cas-65447-77-0\/","url":"https:\/\/longchangchemical.com\/product\/light-stabilizer-622-tinuvin-622-cas-65447-77-0\/","name":"Fabricante de Estabilizador de Luz 622 \/ Tinuvin 622 CAS 65447-77-0 na China - Longchang Chemical","isPartOf":{"@id":"https:\/\/longchangchemical.com\/#website"},"primaryImageOfPage":{"@id":"https:\/\/longchangchemical.com\/product\/light-stabilizer-622-tinuvin-622-cas-65447-77-0\/#primaryimage"},"image":{"@id":"https:\/\/longchangchemical.com\/product\/light-stabilizer-622-tinuvin-622-cas-65447-77-0\/#primaryimage"},"thumbnailUrl":"https:\/\/longchangchemical.com\/wp-content\/uploads\/2020\/09\/HALS-622-Light-Stabilizer-622-Tinuvin-622-appearance.jpg","datePublished":"2020-09-29T03:49:26+00:00","dateModified":"2025-12-30T09:03:08+00:00","description":"Os principais fabricantes de Estabilizador de Luz 622 \/ Tinuvin 622 da China e fornecedores de CAS 65447-77-0. A Longchang Chemical pode oferecer o melhor pre\u00e7o de Tinuvin 622.","breadcrumb":{"@id":"https:\/\/longchangchemical.com\/product\/light-stabilizer-622-tinuvin-622-cas-65447-77-0\/#breadcrumb"},"inLanguage":"pt-BR","potentialAction":[{"@type":"ReadAction","target":["https:\/\/longchangchemical.com\/product\/light-stabilizer-622-tinuvin-622-cas-65447-77-0\/"]}]},{"@type":"ImageObject","inLanguage":"pt-BR","@id":"https:\/\/longchangchemical.com\/product\/light-stabilizer-622-tinuvin-622-cas-65447-77-0\/#primaryimage","url":"https:\/\/longchangchemical.com\/wp-content\/uploads\/2020\/09\/HALS-622-Light-Stabilizer-622-Tinuvin-622-appearance.jpg","contentUrl":"https:\/\/longchangchemical.com\/wp-content\/uploads\/2020\/09\/HALS-622-Light-Stabilizer-622-Tinuvin-622-appearance.jpg","width":600,"height":800,"caption":"HALS 622 Light Stabilizer 622 Tinuvin 622 appearance"},{"@type":"BreadcrumbList","@id":"https:\/\/longchangchemical.com\/product\/light-stabilizer-622-tinuvin-622-cas-65447-77-0\/#breadcrumb","itemListElement":[{"@type":"ListItem","position":1,"name":"Home","item":"https:\/\/longchangchemical.com\/"},{"@type":"ListItem","position":2,"name":"Products Longchang","item":"https:\/\/longchangchemical.com\/product\/"},{"@type":"ListItem","position":3,"name":"CHLUMILS\u00ae UV-622 \/ HALS 622 \/ Light Stabilizer 622 \/ Tinuvin 622 CAS 65447-77-0"}]},{"@type":"WebSite","@id":"https:\/\/longchangchemical.com\/#website","url":"https:\/\/longchangchemical.com\/","name":"Qu\u00edmica Longchang","description":"Fabricante de produtos qu\u00edmicos na China \uff06 fornecedor","publisher":{"@id":"https:\/\/longchangchemical.com\/#organization"},"potentialAction":[{"@type":"SearchAction","target":{"@type":"EntryPoint","urlTemplate":"https:\/\/longchangchemical.com\/?s={search_term_string}"},"query-input":{"@type":"PropertyValueSpecification","valueRequired":true,"valueName":"search_term_string"}}],"inLanguage":"pt-BR"},{"@type":"Organization","@id":"https:\/\/longchangchemical.com\/#organization","name":"Qu\u00edmica Longchang","url":"https:\/\/longchangchemical.com\/","logo":{"@type":"ImageObject","inLanguage":"pt-BR","@id":"https:\/\/longchangchemical.com\/#\/schema\/logo\/image\/","url":"https:\/\/longchangchemical.com\/wp-content\/uploads\/2020\/08\/cropped-longchang-logo.png","contentUrl":"https:\/\/longchangchemical.com\/wp-content\/uploads\/2020\/08\/cropped-longchang-logo.png","width":512,"height":512,"caption":"Longchang Chemical"},"image":{"@id":"https:\/\/longchangchemical.com\/#\/schema\/logo\/image\/"}}]}},"_links":{"self":[{"href":"https:\/\/longchangchemical.com\/pt\/wp-json\/wp\/v2\/product\/3295","targetHints":{"allow":["GET"]}}],"collection":[{"href":"https:\/\/longchangchemical.com\/pt\/wp-json\/wp\/v2\/product"}],"about":[{"href":"https:\/\/longchangchemical.com\/pt\/wp-json\/wp\/v2\/types\/product"}],"replies":[{"embeddable":true,"href":"https:\/\/longchangchemical.com\/pt\/wp-json\/wp\/v2\/comments?post=3295"}],"wp:featuredmedia":[{"embeddable":true,"href":"https:\/\/longchangchemical.com\/pt\/wp-json\/wp\/v2\/media\/3297"}],"wp:attachment":[{"href":"https:\/\/longchangchemical.com\/pt\/wp-json\/wp\/v2\/media?parent=3295"}],"wp:term":[{"taxonomy":"product_brand","embeddable":true,"href":"https:\/\/longchangchemical.com\/pt\/wp-json\/wp\/v2\/product_brand?post=3295"},{"taxonomy":"product_cat","embeddable":true,"href":"https:\/\/longchangchemical.com\/pt\/wp-json\/wp\/v2\/product_cat?post=3295"},{"taxonomy":"product_tag","embeddable":true,"href":"https:\/\/longchangchemical.com\/pt\/wp-json\/wp\/v2\/product_tag?post=3295"}],"curies":[{"name":"wp","href":"https:\/\/api.w.org\/{rel}","templated":true}]}}