{"id":3285,"date":"2020-09-25T06:40:12","date_gmt":"2020-09-25T06:40:12","guid":{"rendered":"https:\/\/longchangchemical.com\/?post_type=product&#038;p=3285"},"modified":"2025-12-16T08:46:46","modified_gmt":"2025-12-16T08:46:46","slug":"cellulase-cas-9012-54-8","status":"publish","type":"product","link":"https:\/\/longchangchemical.com\/pt\/product\/cellulase-cas-9012-54-8\/","title":{"rendered":"Longzyme\u00ae Cellulase CAS 9012-54-8"},"content":{"rendered":"<h1>Longzyme\u00ae Cellulase CAS 9012-54-8<\/h1>\n<p><strong><b>\u00a0<\/b><\/strong><\/p>\n<table>\n<tbody>\n<tr>\n<td colspan=\"2\" width=\"432\">\n<h4>ITENS<\/h4>\n<\/td>\n<td width=\"159\">\n<h4>\u00cdNDICE<\/h4>\n<\/td>\n<\/tr>\n<tr>\n<td colspan=\"2\" width=\"432\">\n<h4>Tamanho da part\u00edcula (%&lt;40 mesh)<\/h4>\n<\/td>\n<td width=\"159\">\n<h4>\u226580<\/h4>\n<\/td>\n<\/tr>\n<tr>\n<td colspan=\"2\" width=\"432\">\n<h4>Perda na secagem\/(%)<\/h4>\n<\/td>\n<td width=\"159\">\n<h4>\u22648.0<\/h4>\n<\/td>\n<\/tr>\n<tr>\n<td colspan=\"2\" width=\"432\">\n<h4>Chumbo\/(mg\/kg)<\/h4>\n<\/td>\n<td width=\"159\">\n<h4>\u22645.0<\/h4>\n<\/td>\n<\/tr>\n<tr>\n<td colspan=\"2\" width=\"432\">\n<h4>Ars\u00eanico\/(mg\/kg)<\/h4>\n<\/td>\n<td width=\"159\">\n<h4>\u22643.0<\/h4>\n<\/td>\n<\/tr>\n<tr>\n<td colspan=\"2\" width=\"432\">\n<h4>Contagem total vi\u00e1vel\/(CFU\/g)<\/h4>\n<\/td>\n<td width=\"159\">\n<h4>\u226450000<\/h4>\n<\/td>\n<\/tr>\n<tr>\n<td colspan=\"2\" width=\"432\">\n<h4>Bact\u00e9rias coliformes\/(CFU\/g)<\/h4>\n<\/td>\n<td width=\"159\">\n<h4>\u226430<\/h4>\n<\/td>\n<\/tr>\n<tr>\n<td rowspan=\"2\" width=\"244\">\n<h4>Escherichia coli<\/h4>\n<\/td>\n<td width=\"188\">\n<h4>(CFU\/g)<\/h4>\n<\/td>\n<td width=\"159\">\n<h4>&lt;10<\/h4>\n<\/td>\n<\/tr>\n<tr>\n<td width=\"188\">\n<h4>(MPN\/g)<\/h4>\n<\/td>\n<td width=\"159\">\n<h4>\u22643.0<\/h4>\n<\/td>\n<\/tr>\n<tr>\n<td colspan=\"2\" width=\"432\">\n<h4>Salmonela\/(25g)<\/h4>\n<\/td>\n<td width=\"159\">\n<h4>N\u00e3o detectado<\/h4>\n<\/td>\n<\/tr>\n<\/tbody>\n<\/table>\n<p><strong><b>\u00a0<\/b><\/strong><\/p>\n<h2><strong><b>O que eu<\/b><\/strong><strong><b>s <\/b><\/strong><strong><b>Celulase<\/b><\/strong><strong><b>?<\/b><\/strong><\/h2>\n<h4>A celulase \u00e9 uma cepa de alto rendimento selecionada por mutag\u00eanese de Trichoderma Reesi, refinada e extra\u00edda por fermenta\u00e7\u00e3o de aera\u00e7\u00e3o de camada profunda l\u00edquida. O produto \u00e9 amplamente utilizado em ra\u00e7\u00f5es, t\u00eaxteis, etanol combust\u00edvel, \u00e1lcool, extra\u00e7\u00e3o de medicamentos chineses, alimentos, processamento de sucos e outros setores.<\/h4>\n<h2><strong><b>O princ\u00edpio da celulase<\/b><\/strong><\/h2>\n<h4>A celulase refere-se a um grupo de enzimas que podem atuar sinergicamente nas liga\u00e7\u00f5es \u03b2-1,4 glicos\u00eddicas da celulose para degradar a celulose em fibras curtas, celobiose e glicose. Incluindo a endo-\u03b2-glucanase (EG), que pode cortar a liga\u00e7\u00e3o \u03b2-1,4 glicos\u00eddica nas mol\u00e9culas de celulose \u00e0 vontade; cortar a liga\u00e7\u00e3o \u03b2-1,4 glicos\u00eddica da extremidade n\u00e3o redutora para formar o exo-\u03b2 da celobiose - Glucanase (CBH); \u03b2-glucosidase (BG), que decomp\u00f5e a celobiose em glicose.<\/h4>\n<h2><strong><b>Caracter\u00edsticas do produto de celulase<\/b><\/strong><\/h2>\n<h4>1. Faixa de temperatura: A faixa de temperatura efetiva \u00e9 de 30-75\u00b0C, e a faixa de temperatura ideal \u00e9 de 55-60\u00b0C.<br \/>\n2. faixa de pH: faixa de pH eficaz de 4,3 a 6,0, faixa de pH ideal de 4,5 a 5,0.<br \/>\n3. O efeito dos \u00edons met\u00e1licos e dos surfactantes n\u00e3o i\u00f4nicos na atividade da enzima: Na+, Cu \"Cd\\Mn, Zn\u00b2 t\u00eam um efeito ativador sobre a celulase; Fe\" e Fe\" t\u00eam um efeito inibidor \u00f3bvio sobre a atividade da celulase; os surfactantes i\u00f4nicos (trietanolamina, AEO-3, NP(TX)-10, JFC, penetrante fast T, Ping Ping 0, etc.) promovem a difus\u00e3o e a penetra\u00e7\u00e3o das mol\u00e9culas da enzima e aumentam a atividade da enzima.<\/h4>\n<h2><strong><b>Propriedades do produto de celulase<\/b><\/strong><\/h2>\n<h4>1. Especifica\u00e7\u00f5es do produto: a enzima l\u00edquida \u00e9 um l\u00edquido marrom, 100.000 e 200.000 u\/mL; a enzima s\u00f3lida \u00e9 um p\u00f3 esbranqui\u00e7ado de 40.000, 100.000, 200.000 u\/g; a atividade da enzima s\u00f3lida de grau aliment\u00edcio \u00e9 de 40.000 u\/g.<\/h4>\n<h4>2. pH da enzima l\u00edquida (25\u00b0C): 4,0-7,0, densidade aparente: \u22641,25g\/mL; finura da enzima s\u00f3lida (taxa de passagem da peneira padr\u00e3o de 0,4 mm): 280%.<\/h4>\n<h4>3. Defini\u00e7\u00e3o de atividade enzim\u00e1tica (CMCA): enzima s\u00f3lida Ig (ou enzima l\u00edquida 1mL), hidrolisa substrato de metilcelulose de s\u00f3dio a 50\u2103 e pH 4,8 por 1h para produzir a\u00e7\u00facar redutor equivalente a 1mg de glicose, \u00e9 uma unidade de atividade enzim\u00e1tica, expressa em u\/g (ou u\/mL).<br \/>\nPadr\u00e3o do produto: implementa o padr\u00e3o QB 2583-2003 da ind\u00fastria leve da China.<\/h4>\n<h2><strong><b>Uso da celulase<\/b><\/strong><\/h2>\n<h4>1. Entre as enzimas compostas de ra\u00e7\u00e3o, a celulase pode aumentar a digestibilidade da ra\u00e7\u00e3o, aumentar significativamente o ganho de peso, a produ\u00e7\u00e3o de leite e a produ\u00e7\u00e3o de ovos de aves e animais, al\u00e9m de melhorar a resist\u00eancia a doen\u00e7as e a adaptabilidade ao ambiente. A dosagem recomendada \u00e9 de 0,03 a 0,1 kg\/t de mat\u00e9ria-prima (calculada em 100.000 unidades).<\/h4>\n<h4>2. Na ind\u00fastria t\u00eaxtil, essa enzima \u00e9 usada para o acabamento de tecidos de malha de seda\/linho, que pode hidrolisar a pilosidade da superf\u00edcie para remover a irrita\u00e7\u00e3o do tecido sem danificar a seda; ela tamb\u00e9m \u00e9 adequada para cor clara, florescimento r\u00e1pido e requisitos de tingimento posterior. A quantidade de adi\u00e7\u00e3o recomendada como ponto de partida do pequeno experimento (em 100.000 unidades): 0,5-2,0% (owf), pH 4,5-5,5, temperatura 45-55\u00b0C, propor\u00e7\u00e3o de banho 1:10-25, tratamento por 30-60 minutos.<\/h4>\n<h4>3. Na produ\u00e7\u00e3o de licor ou \u00e1lcool de mandioca produzido por fermenta\u00e7\u00e3o em estado s\u00f3lido, a enzima pode explicar a celulose como a\u00e7\u00facar, promover a libera\u00e7\u00e3o do conte\u00fado celular e aumentar a taxa de produ\u00e7\u00e3o de vinho. A quantidade recomendada (a atividade da enzima \u00e9 de 100.000 unidades) \u00e9 de 0,15 a 0,25 kg\/t de mat\u00e9ria-prima. Adicionada durante a fermenta\u00e7\u00e3o ou sacarifica\u00e7\u00e3o.<\/h4>\n<h4>4. Na extra\u00e7\u00e3o de ingredientes ativos da medicina tradicional chinesa, a enzima pode destruir a estrutura densa da parede celular, acelerar a dissolu\u00e7\u00e3o dos ingredientes ativos e melhorar a taxa de extra\u00e7\u00e3o dos ingredientes ativos. A quantidade de adi\u00e7\u00e3o recomendada \u00e9 de 0,05 a 0,2 kg\/t de mat\u00e9ria-prima (a atividade enzim\u00e1tica \u00e9 calculada em 100.000 unidades), pH 4,5 a 5,5, temperatura de 40 a 50 \u00b0C, deixar de molho por 60 a 120 minutos. Para obter melhores resultados, recomenda-se us\u00e1-lo com pectinase.<\/h4>\n<h4>5. A celulase pode aumentar o rendimento de sucos de frutas, amolecer tecidos vegetais, como frutas e vegetais inchados, e promover o descascamento da soja, por isso tamb\u00e9m pode ser usada nos setores acima. Como ponto de partida do pequeno experimento, a quantidade de adi\u00e7\u00e3o recomendada \u00e9 de 0,05-0,4L\/t de polpa de fruta (a atividade enzim\u00e1tica \u00e9 de 100.000 unidades), e \u00e9 mantida por 1-5 horas sob condi\u00e7\u00f5es adequadas de temperatura e pH.<\/h4>\n<h4><strong><b>Dosagem<\/b><\/strong>A dosagem recomendada \u00e9 de 0,1 a 3 kg \/t DS. A dosagem deve ser otimizada com base em cada aplica\u00e7\u00e3o, nas especifica\u00e7\u00f5es da mat\u00e9ria-prima, na expectativa do produto e nos par\u00e2metros de processamento. \u00c9 melhor come\u00e7ar o teste com o volume conveniente.<\/h4>\n<h2><strong><b>Pacote de celulase<\/b><\/strong><\/h2>\n<h4><strong><b>Pacote\uff1a<\/b><\/strong>\u00a025 kg\/jerry can.<\/h4>\n<h4><strong><b>Armazenamento<\/b><\/strong>Mantenha-o fechado em um local seco e fresco e evite a luz solar direta.<\/h4>\n<h4><strong><b>Prazo de validade<\/b><\/strong>: 12 meses em um local seco e fresco.<\/h4>\n<p>&nbsp;<\/p>\n<h2><strong><b>Aten\u00e7\u00e3o!<\/b><\/strong><\/h2>\n<h4>As prepara\u00e7\u00f5es enzim\u00e1ticas s\u00e3o prote\u00ednas que podem induzir a sensibiliza\u00e7\u00e3o e causar sintomas do tipo al\u00e9rgico em indiv\u00edduos suscet\u00edveis. O contato prolongado pode causar irrita\u00e7\u00e3o leve na pele, nos olhos ou na mucosa nasal. Qualquer contato direto com o corpo humano deve ser evitado. Se houver irrita\u00e7\u00e3o ou resposta al\u00e9rgica na pele ou nos olhos, consulte um m\u00e9dico.<\/h4>\n<h4>Este produto \u00e9 uma subst\u00e2ncia biologicamente ativa; altas temperaturas, \u00e1cidos fortes e \u00e1lcalis fortes causar\u00e3o a inativa\u00e7\u00e3o da enzima. Portanto, durante o transporte e o armazenamento, as enzimas l\u00edquidas devem ser protegidas da luz solar, e as enzimas s\u00f3lidas devem ser protegidas da luz solar e da chuva. O dep\u00f3sito deve ser mantido limpo, fresco e seco.<\/h4>\n<h2><strong><b>Entre em contato conosco agora!<\/b><\/strong><\/h2>\n<h4><strong><b>Se precisar do Price, preencha suas informa\u00e7\u00f5es de contato no formul\u00e1rio abaixo. Normalmente, entraremos em contato dentro de 24 horas. Voc\u00ea tamb\u00e9m pode me enviar um e-mail\u00a0<span style=\"color: #00ccff;\"><a style=\"color: #00ccff;\" href=\"mailto:info@longchangchemical.com\">info@longchangchemical.com<\/a><\/span>\u00a0durante o hor\u00e1rio comercial (das 8h30 \u00e0s 18h UTC+8 de segunda a s\u00e1bado) ou use o bate-papo ao vivo do site para obter uma resposta imediata.<\/b><\/strong><\/h4>\n<table style=\"border-collapse: collapse; width: 326.27pt;\" border=\"0\" width=\"435\" cellspacing=\"0\" cellpadding=\"0\">\n<tbody>\n<tr style=\"height: 13.50pt;\">\n<td class=\"et2\" style=\"height: 13.50pt; width: 164.25pt;\" width=\"219\" height=\"18\"><a href=\"https:\/\/longchangchemical.com\/pt\/product\/compound-glucoamylase-cas-9032-08-0\/\"><span style=\"color: #00ccff;\">Composto Glucoamilase<\/span><\/a><\/td>\n<td class=\"et2\" style=\"width: 162.00pt;\" width=\"216\">9032-08-0<\/td>\n<\/tr>\n<tr style=\"height: 13.50pt;\">\n<td class=\"et2\" style=\"height: 13.50pt;\" height=\"18\"><a href=\"https:\/\/longchangchemical.com\/pt\/product\/pullulanase-cas-9075-68-7\/\"><span style=\"color: #00ccff;\">Pullulanase<\/span><\/a><\/td>\n<td class=\"et2\">9075-68-7<\/td>\n<\/tr>\n<tr style=\"height: 13.50pt;\">\n<td class=\"et2\" style=\"height: 13.50pt;\" height=\"18\"><a href=\"https:\/\/longchangchemical.com\/pt\/product\/xylanase-cas-37278-89-0\/\"><span style=\"color: #00ccff;\">Xilanase<\/span><\/a><\/td>\n<td class=\"et2\">37278-89-0<\/td>\n<\/tr>\n<tr style=\"height: 13.50pt;\">\n<td class=\"et2\" style=\"height: 13.50pt;\" height=\"18\"><a href=\"https:\/\/longchangchemical.com\/pt\/product\/cellulase-cas-9012-54-8\/\"><span style=\"color: #00ccff;\">Celulase<\/span><\/a><\/td>\n<td class=\"et2\">9012-54-8<\/td>\n<\/tr>\n<tr style=\"height: 13.50pt;\">\n<td class=\"et2\" style=\"height: 13.50pt;\" height=\"18\"><a href=\"https:\/\/longchangchemical.com\/pt\/product\/naringinase-cas-9068-31-9\/\"><span style=\"color: #00ccff;\">Naringinase<\/span><\/a><\/td>\n<td class=\"et2\">9068-31-9<\/td>\n<\/tr>\n<tr style=\"height: 13.50pt;\">\n<td class=\"et2\" style=\"height: 13.50pt;\" height=\"18\"><a href=\"https:\/\/longchangchemical.com\/pt\/product\/beta-amylase-cas-9000-91-3\/\"><span style=\"color: #00ccff;\">\u03b2-Amilase<\/span><\/a><\/td>\n<td class=\"et2\">9000-91-3<\/td>\n<\/tr>\n<tr style=\"height: 13.50pt;\">\n<td class=\"et2\" style=\"height: 13.50pt;\" height=\"18\"><a href=\"https:\/\/longchangchemical.com\/pt\/product\/glucose-oxidase-cas-9001-37-0\/\"><span style=\"color: #00ccff;\">Glucose oxidase<\/span><\/a><\/td>\n<td class=\"et2\">9001-37-0<\/td>\n<\/tr>\n<tr style=\"height: 13.50pt;\">\n<td class=\"et2\" style=\"height: 13.50pt;\" height=\"18\">alfa-Amilase<\/td>\n<td class=\"et2\">9000-90-2<\/td>\n<\/tr>\n<tr style=\"height: 13.50pt;\">\n<td class=\"et2\" style=\"height: 13.50pt;\" height=\"18\"><a href=\"https:\/\/longchangchemical.com\/pt\/product\/longzyme-acid-pectinase-cas-9032-75-1\/\"><span style=\"color: #00ccff;\">Pectinase<\/span><\/a><\/td>\n<td class=\"et2\">9032-75-1<\/td>\n<\/tr>\n<tr style=\"height: 13.50pt;\">\n<td class=\"et2\" style=\"height: 13.50pt;\" height=\"18\">Peroxidase<\/td>\n<td class=\"et2\">9003-99-0<\/td>\n<\/tr>\n<tr style=\"height: 13.50pt;\">\n<td class=\"et2\" style=\"height: 13.50pt;\" height=\"18\"><a href=\"https:\/\/longchangchemical.com\/pt\/product\/lipase-cas-9001-62-1\/\"><span style=\"color: #00ccff;\">Lipase<\/span><\/a><\/td>\n<td class=\"et2\">9001-62-1<\/td>\n<\/tr>\n<tr style=\"height: 13.50pt;\">\n<td class=\"et2\" style=\"height: 13.50pt;\" height=\"18\"><a href=\"https:\/\/longchangchemical.com\/pt\/product\/catalase-cas-9001-05-2\/\"><span style=\"color: #00ccff;\">Catalase<\/span><\/a><\/td>\n<td class=\"et4\">9001-05-2<\/td>\n<\/tr>\n<tr style=\"height: 13.50pt;\">\n<td class=\"et2\" style=\"height: 13.50pt;\" height=\"18\"><a href=\"https:\/\/longchangchemical.com\/pt\/product\/tannase-cas-9025-71-2\/\"><span style=\"color: #00ccff;\">TANNASE<\/span><\/a><\/td>\n<td class=\"et2\">9025-71-2<\/td>\n<\/tr>\n<tr style=\"height: 13.50pt;\">\n<td class=\"et2\" style=\"height: 13.50pt;\" height=\"18\"><a href=\"https:\/\/longchangchemical.com\/pt\/product\/elastase-cas-39445-21-1\/\"><span style=\"color: #00ccff;\">Elastase<\/span><\/a><\/td>\n<td class=\"et2\">39445-21-1<\/td>\n<\/tr>\n<tr style=\"height: 13.50pt;\">\n<td class=\"et2\" style=\"height: 13.50pt;\" height=\"18\"><a href=\"https:\/\/longchangchemical.com\/pt\/product\/urease-cas-9002-13-5\/\"><span style=\"color: #00ccff;\">Urease<\/span><\/a><\/td>\n<td class=\"et2\">9002-13-5<\/td>\n<\/tr>\n<tr style=\"height: 13.50pt;\">\n<td class=\"et2\" style=\"height: 13.50pt;\" height=\"18\"><a href=\"https:\/\/longchangchemical.com\/pt\/product\/dextranase-cas-9025-70-1\/\"><span style=\"color: #00ccff;\">DEXTRANASE<\/span><\/a><\/td>\n<td class=\"et2\">9025-70-1<\/td>\n<\/tr>\n<tr style=\"height: 13.50pt;\">\n<td class=\"et2\" style=\"height: 13.5pt; text-align: left;\" height=\"18\"><a href=\"https:\/\/longchangchemical.com\/pt\/product\/l-lactic-dehydrogenase-cas-9001-60-9\/\"><span style=\"color: #00ccff;\">L-L\u00e1ctico desidrogenase<\/span><\/a><\/td>\n<td class=\"et2\">9001-60-9<\/td>\n<\/tr>\n<tr style=\"height: 13.50pt;\">\n<td class=\"et2\" style=\"height: 13.50pt;\" height=\"18\"><a href=\"https:\/\/longchangchemical.com\/pt\/product\/dehydrogenase-malate-cas-9001-64-3\/\"><span style=\"color: #00ccff;\">Malato desidrogenase<\/span><\/a><\/td>\n<td class=\"et2\">9001-64-3<\/td>\n<\/tr>\n<tr style=\"height: 13.50pt;\">\n<td class=\"et2\" style=\"height: 13.50pt;\" height=\"18\"><a href=\"https:\/\/longchangchemical.com\/pt\/product\/cholesterol-oxidase-cas-9028-76-6\/\"><span style=\"color: #00ccff;\">Colesterol oxidase<\/span><\/a><\/td>\n<td class=\"et2\">9028-76-6<\/td>\n<\/tr>\n<\/tbody>\n<\/table>","protected":false},"excerpt":{"rendered":"<h2><strong><b>Detalhes r\u00e1pidos da celulase<\/b><\/strong><\/h2>\n<p>Nome do produto: celulase<\/p>\n<p>N\u00famero CAS: 9012-54-8<\/p>\n<p>Apar\u00eancia: P\u00f3 s\u00f3lido amarelo claro a amarelo marrom<\/p>\n<p>Atividade enzim\u00e1tica: 50000 Ou personalize outros n\u00edveis<\/p>","protected":false},"featured_media":3286,"comment_status":"open","ping_status":"closed","template":"","meta":[],"product_brand":[],"product_cat":[172],"product_tag":[],"class_list":{"0":"post-3285","1":"product","2":"type-product","3":"status-publish","4":"has-post-thumbnail","6":"product_cat-longzyme-enzyme","8":"first","9":"instock","10":"shipping-taxable","11":"product-type-simple"},"yoast_head":"<!-- This site is optimized with the Yoast SEO plugin v25.3.1 - https:\/\/yoast.com\/wordpress\/plugins\/seo\/ -->\n<title>China cellulase cas 9012-54-8 manufacturer - Longchang chemical<\/title>\n<meta name=\"description\" content=\"Longchang chemical is a chinese cellulase cas 9012-54-8 supplier and manufacturer. We can provide the best cellulase price. Buy cellulase from china, Longchang chemical is your best choice.\" \/>\n<meta name=\"robots\" content=\"index, follow, max-snippet:-1, max-image-preview:large, max-video-preview:-1\" \/>\n<link rel=\"canonical\" href=\"https:\/\/longchangchemical.com\/pt\/product\/cellulase-cas-9012-54-8\/\" \/>\n<meta property=\"og:locale\" content=\"pt_BR\" \/>\n<meta property=\"og:type\" content=\"article\" \/>\n<meta property=\"og:title\" content=\"China cellulase cas 9012-54-8 manufacturer - Longchang chemical\" \/>\n<meta property=\"og:description\" content=\"Longchang chemical is a chinese cellulase cas 9012-54-8 supplier and manufacturer. We can provide the best cellulase price. Buy cellulase from china, Longchang chemical is your best choice.\" \/>\n<meta property=\"og:url\" content=\"https:\/\/longchangchemical.com\/pt\/product\/cellulase-cas-9012-54-8\/\" \/>\n<meta property=\"og:site_name\" content=\"Longchang Chemical\" \/>\n<meta property=\"article:modified_time\" content=\"2025-12-16T08:46:46+00:00\" \/>\n<meta property=\"og:image\" content=\"https:\/\/longchangchemical.com\/wp-content\/uploads\/2020\/09\/appearance-1.jpg\" \/>\n\t<meta property=\"og:image:width\" content=\"600\" \/>\n\t<meta property=\"og:image:height\" content=\"800\" \/>\n\t<meta property=\"og:image:type\" content=\"image\/jpeg\" \/>\n<meta name=\"twitter:card\" content=\"summary_large_image\" \/>\n<script type=\"application\/ld+json\" class=\"yoast-schema-graph\">{\"@context\":\"https:\/\/schema.org\",\"@graph\":[{\"@type\":\"WebPage\",\"@id\":\"https:\/\/longchangchemical.com\/product\/cellulase-cas-9012-54-8\/\",\"url\":\"https:\/\/longchangchemical.com\/product\/cellulase-cas-9012-54-8\/\",\"name\":\"China cellulase cas 9012-54-8 manufacturer - Longchang chemical\",\"isPartOf\":{\"@id\":\"https:\/\/longchangchemical.com\/#website\"},\"primaryImageOfPage\":{\"@id\":\"https:\/\/longchangchemical.com\/product\/cellulase-cas-9012-54-8\/#primaryimage\"},\"image\":{\"@id\":\"https:\/\/longchangchemical.com\/product\/cellulase-cas-9012-54-8\/#primaryimage\"},\"thumbnailUrl\":\"https:\/\/longchangchemical.com\/wp-content\/uploads\/2020\/09\/appearance-1.jpg\",\"datePublished\":\"2020-09-25T06:40:12+00:00\",\"dateModified\":\"2025-12-16T08:46:46+00:00\",\"description\":\"Longchang chemical is a chinese cellulase cas 9012-54-8 supplier and manufacturer. We can provide the best cellulase price. Buy cellulase from china, Longchang chemical is your best choice.\",\"breadcrumb\":{\"@id\":\"https:\/\/longchangchemical.com\/product\/cellulase-cas-9012-54-8\/#breadcrumb\"},\"inLanguage\":\"pt-BR\",\"potentialAction\":[{\"@type\":\"ReadAction\",\"target\":[\"https:\/\/longchangchemical.com\/product\/cellulase-cas-9012-54-8\/\"]}]},{\"@type\":\"ImageObject\",\"inLanguage\":\"pt-BR\",\"@id\":\"https:\/\/longchangchemical.com\/product\/cellulase-cas-9012-54-8\/#primaryimage\",\"url\":\"https:\/\/longchangchemical.com\/wp-content\/uploads\/2020\/09\/appearance-1.jpg\",\"contentUrl\":\"https:\/\/longchangchemical.com\/wp-content\/uploads\/2020\/09\/appearance-1.jpg\",\"width\":600,\"height\":800,\"caption\":\"Cellulase appearance\"},{\"@type\":\"BreadcrumbList\",\"@id\":\"https:\/\/longchangchemical.com\/product\/cellulase-cas-9012-54-8\/#breadcrumb\",\"itemListElement\":[{\"@type\":\"ListItem\",\"position\":1,\"name\":\"Home\",\"item\":\"https:\/\/longchangchemical.com\/\"},{\"@type\":\"ListItem\",\"position\":2,\"name\":\"Products Longchang\",\"item\":\"https:\/\/longchangchemical.com\/product\/\"},{\"@type\":\"ListItem\",\"position\":3,\"name\":\"Longzyme\u00ae Cellulase CAS 9012-54-8\"}]},{\"@type\":\"WebSite\",\"@id\":\"https:\/\/longchangchemical.com\/#website\",\"url\":\"https:\/\/longchangchemical.com\/\",\"name\":\"Longchang Chemical\",\"description\":\"China chemical manufacturer \uff06 supplier\",\"publisher\":{\"@id\":\"https:\/\/longchangchemical.com\/#organization\"},\"potentialAction\":[{\"@type\":\"SearchAction\",\"target\":{\"@type\":\"EntryPoint\",\"urlTemplate\":\"https:\/\/longchangchemical.com\/?s={search_term_string}\"},\"query-input\":{\"@type\":\"PropertyValueSpecification\",\"valueRequired\":true,\"valueName\":\"search_term_string\"}}],\"inLanguage\":\"pt-BR\"},{\"@type\":\"Organization\",\"@id\":\"https:\/\/longchangchemical.com\/#organization\",\"name\":\"Longchang Chemical\",\"url\":\"https:\/\/longchangchemical.com\/\",\"logo\":{\"@type\":\"ImageObject\",\"inLanguage\":\"pt-BR\",\"@id\":\"https:\/\/longchangchemical.com\/#\/schema\/logo\/image\/\",\"url\":\"https:\/\/longchangchemical.com\/wp-content\/uploads\/2020\/08\/cropped-longchang-logo.png\",\"contentUrl\":\"https:\/\/longchangchemical.com\/wp-content\/uploads\/2020\/08\/cropped-longchang-logo.png\",\"width\":512,\"height\":512,\"caption\":\"Longchang Chemical\"},\"image\":{\"@id\":\"https:\/\/longchangchemical.com\/#\/schema\/logo\/image\/\"}}]}<\/script>\n<!-- \/ Yoast SEO plugin. -->","yoast_head_json":{"title":"Fabricante de celulase cas 9012-54-8 na China - Longchang chemical","description":"A Longchang Chemical \u00e9 um fornecedor e fabricante chin\u00eas de celulase cas 9012-54-8. Podemos oferecer o melhor pre\u00e7o de celulase. Para comprar celulase da China, a Longchang Chemical \u00e9 sua melhor escolha.","robots":{"index":"index","follow":"follow","max-snippet":"max-snippet:-1","max-image-preview":"max-image-preview:large","max-video-preview":"max-video-preview:-1"},"canonical":"https:\/\/longchangchemical.com\/pt\/product\/cellulase-cas-9012-54-8\/","og_locale":"pt_BR","og_type":"article","og_title":"China cellulase cas 9012-54-8 manufacturer - Longchang chemical","og_description":"Longchang chemical is a chinese cellulase cas 9012-54-8 supplier and manufacturer. We can provide the best cellulase price. Buy cellulase from china, Longchang chemical is your best choice.","og_url":"https:\/\/longchangchemical.com\/pt\/product\/cellulase-cas-9012-54-8\/","og_site_name":"Longchang Chemical","article_modified_time":"2025-12-16T08:46:46+00:00","og_image":[{"width":600,"height":800,"url":"https:\/\/longchangchemical.com\/wp-content\/uploads\/2020\/09\/appearance-1.jpg","type":"image\/jpeg"}],"twitter_card":"summary_large_image","schema":{"@context":"https:\/\/schema.org","@graph":[{"@type":"WebPage","@id":"https:\/\/longchangchemical.com\/product\/cellulase-cas-9012-54-8\/","url":"https:\/\/longchangchemical.com\/product\/cellulase-cas-9012-54-8\/","name":"Fabricante de celulase cas 9012-54-8 na China - Longchang chemical","isPartOf":{"@id":"https:\/\/longchangchemical.com\/#website"},"primaryImageOfPage":{"@id":"https:\/\/longchangchemical.com\/product\/cellulase-cas-9012-54-8\/#primaryimage"},"image":{"@id":"https:\/\/longchangchemical.com\/product\/cellulase-cas-9012-54-8\/#primaryimage"},"thumbnailUrl":"https:\/\/longchangchemical.com\/wp-content\/uploads\/2020\/09\/appearance-1.jpg","datePublished":"2020-09-25T06:40:12+00:00","dateModified":"2025-12-16T08:46:46+00:00","description":"A Longchang Chemical \u00e9 um fornecedor e fabricante chin\u00eas de celulase cas 9012-54-8. Podemos oferecer o melhor pre\u00e7o de celulase. Para comprar celulase da China, a Longchang Chemical \u00e9 sua melhor escolha.","breadcrumb":{"@id":"https:\/\/longchangchemical.com\/product\/cellulase-cas-9012-54-8\/#breadcrumb"},"inLanguage":"pt-BR","potentialAction":[{"@type":"ReadAction","target":["https:\/\/longchangchemical.com\/product\/cellulase-cas-9012-54-8\/"]}]},{"@type":"ImageObject","inLanguage":"pt-BR","@id":"https:\/\/longchangchemical.com\/product\/cellulase-cas-9012-54-8\/#primaryimage","url":"https:\/\/longchangchemical.com\/wp-content\/uploads\/2020\/09\/appearance-1.jpg","contentUrl":"https:\/\/longchangchemical.com\/wp-content\/uploads\/2020\/09\/appearance-1.jpg","width":600,"height":800,"caption":"Cellulase appearance"},{"@type":"BreadcrumbList","@id":"https:\/\/longchangchemical.com\/product\/cellulase-cas-9012-54-8\/#breadcrumb","itemListElement":[{"@type":"ListItem","position":1,"name":"Home","item":"https:\/\/longchangchemical.com\/"},{"@type":"ListItem","position":2,"name":"Products Longchang","item":"https:\/\/longchangchemical.com\/product\/"},{"@type":"ListItem","position":3,"name":"Longzyme\u00ae Cellulase CAS 9012-54-8"}]},{"@type":"WebSite","@id":"https:\/\/longchangchemical.com\/#website","url":"https:\/\/longchangchemical.com\/","name":"Qu\u00edmica Longchang","description":"Fabricante de produtos qu\u00edmicos na China \uff06 fornecedor","publisher":{"@id":"https:\/\/longchangchemical.com\/#organization"},"potentialAction":[{"@type":"SearchAction","target":{"@type":"EntryPoint","urlTemplate":"https:\/\/longchangchemical.com\/?s={search_term_string}"},"query-input":{"@type":"PropertyValueSpecification","valueRequired":true,"valueName":"search_term_string"}}],"inLanguage":"pt-BR"},{"@type":"Organization","@id":"https:\/\/longchangchemical.com\/#organization","name":"Qu\u00edmica Longchang","url":"https:\/\/longchangchemical.com\/","logo":{"@type":"ImageObject","inLanguage":"pt-BR","@id":"https:\/\/longchangchemical.com\/#\/schema\/logo\/image\/","url":"https:\/\/longchangchemical.com\/wp-content\/uploads\/2020\/08\/cropped-longchang-logo.png","contentUrl":"https:\/\/longchangchemical.com\/wp-content\/uploads\/2020\/08\/cropped-longchang-logo.png","width":512,"height":512,"caption":"Longchang Chemical"},"image":{"@id":"https:\/\/longchangchemical.com\/#\/schema\/logo\/image\/"}}]}},"_links":{"self":[{"href":"https:\/\/longchangchemical.com\/pt\/wp-json\/wp\/v2\/product\/3285","targetHints":{"allow":["GET"]}}],"collection":[{"href":"https:\/\/longchangchemical.com\/pt\/wp-json\/wp\/v2\/product"}],"about":[{"href":"https:\/\/longchangchemical.com\/pt\/wp-json\/wp\/v2\/types\/product"}],"replies":[{"embeddable":true,"href":"https:\/\/longchangchemical.com\/pt\/wp-json\/wp\/v2\/comments?post=3285"}],"wp:featuredmedia":[{"embeddable":true,"href":"https:\/\/longchangchemical.com\/pt\/wp-json\/wp\/v2\/media\/3286"}],"wp:attachment":[{"href":"https:\/\/longchangchemical.com\/pt\/wp-json\/wp\/v2\/media?parent=3285"}],"wp:term":[{"taxonomy":"product_brand","embeddable":true,"href":"https:\/\/longchangchemical.com\/pt\/wp-json\/wp\/v2\/product_brand?post=3285"},{"taxonomy":"product_cat","embeddable":true,"href":"https:\/\/longchangchemical.com\/pt\/wp-json\/wp\/v2\/product_cat?post=3285"},{"taxonomy":"product_tag","embeddable":true,"href":"https:\/\/longchangchemical.com\/pt\/wp-json\/wp\/v2\/product_tag?post=3285"}],"curies":[{"name":"wp","href":"https:\/\/api.w.org\/{rel}","templated":true}]}}