{"id":3245,"date":"2020-09-17T01:37:23","date_gmt":"2020-09-17T01:37:23","guid":{"rendered":"https:\/\/longchangchemical.com\/?post_type=product&#038;p=3245"},"modified":"2025-04-01T07:41:55","modified_gmt":"2025-04-01T07:41:55","slug":"fluorescent-brightener-378-cas-40470-68-6","status":"publish","type":"product","link":"https:\/\/longchangchemical.com\/pt\/product\/fluorescent-brightener-378-cas-40470-68-6\/","title":{"rendered":"CHLUMIPHOR\u00ae FP-127 \/ abrilhantador fluorescente 378 CAS 40470-68-6"},"content":{"rendered":"<p>&nbsp;<\/p>\n<h2><strong><b>Brilhante fluorescente 378 <\/b><\/strong><strong><b>TypicalProperties<\/b><\/strong><\/h2>\n<table>\n<tbody>\n<tr>\n<td>Item<\/td>\n<td>Especifica\u00e7\u00f5es<\/td>\n<\/tr>\n<tr>\n<td>Apar\u00eancia<\/td>\n<td>p\u00f3 amarelo claro<\/td>\n<\/tr>\n<tr>\n<td>\u00c1gua<\/td>\n<td>\u22640,5%<\/td>\n<\/tr>\n<tr>\n<td>Cinza<\/td>\n<td>\u22640,5%<\/td>\n<\/tr>\n<tr>\n<td>Ponto de fus\u00e3o<\/td>\n<td>219-221\u2103<\/td>\n<\/tr>\n<tr>\n<td>Ensaio<\/td>\n<td>\u226599%<\/td>\n<\/tr>\n<\/tbody>\n<\/table>\n<h2><strong><b>Brilhante fluorescente 378 <\/b><\/strong><strong><b>Uso<\/b><\/strong><\/h2>\n<ol>\n<li>Usado para o clareamento de produtos de PVC e poliestireno e outros termopl\u00e1sticos<\/li>\n<li>Usado para couro artificial, clareamento de couro sint\u00e9tico e revestimentos de tinta de impress\u00e3o.<\/li>\n<\/ol>\n<h2><strong><b>Propriedades de <\/b><\/strong><strong><b>Brilhante fluorescente 378<\/b><\/strong><\/h2>\n<p>O Optical Brightener FP-127 \u00e9 insol\u00favel em \u00e1gua, mas sol\u00favel em solventes org\u00e2nicos comuns, com comprimento de onda de absor\u00e7\u00e3o m\u00e1xima de 368 nm e comprimento de onda de emiss\u00e3o m\u00e1xima de 436 nm. Possui forte resist\u00eancia a \u00e1cidos e \u00e1lcalis, alta brancura, com pequena dosagem produzindo um efeito de clareamento muito bom. O branqueador FP-127 tem boa compatibilidade com pl\u00e1sticos, resist\u00eancia a altas temperaturas e excelente resist\u00eancia a intemp\u00e9ries.<\/p>\n<h2><strong><b>Aplicativos de <\/b><\/strong><strong><b>Brilhante fluorescente 378<\/b><\/strong><\/h2>\n<p>O Optical Brightener FP-127 tem um bom efeito de clareamento em todos os tipos de pl\u00e1sticos e produtos pl\u00e1sticos, especialmente em PVC, polipropileno e outros produtos pl\u00e1sticos. \u00c9 ideal para o efeito de clareamento e brilho de produtos de couro artificial e tamb\u00e9m pode ser usado para o clareamento e brilho de outros pl\u00e1sticos termopl\u00e1sticos, revestimentos, tintas, fibras sint\u00e9ticas, etc. O abrilhantador FP-127 tem as vantagens do armazenamento de longo prazo sem amarelamento e desbotamento. O produto similar \u00e9 o uvitex FP.<\/p>\n<p>&nbsp;<\/p>\n<h2><strong><b>Brilhante fluorescente 378 <\/b><\/strong><strong><b>Pacote<\/b><\/strong><\/h2>\n<p>25 kg\/tambor de fibra<\/p>\n<h2><strong><b>Brilhante fluorescente 378 <\/b><\/strong><strong><b>Armazenamento<\/b><\/strong><\/h2>\n<p>Armazenado em um dep\u00f3sito fresco, seco e ventilado<\/p>\n<h2><\/h2>\n<h2><strong><b>Entre em contato conosco agora!<\/b><\/strong><\/h2>\n<h4><strong><b>Se precisar de COA, MSDS ou TDS, preencha suas informa\u00e7\u00f5es de contato no formul\u00e1rio abaixo. Normalmente, entraremos em contato em 24 horas. Voc\u00ea tamb\u00e9m pode me enviar um e-mail <span style=\"color: #0000ff;\"><a style=\"color: #0000ff;\" href=\"mailto:info@longchangchemical.com\">info@longchangchemical.com<\/a><\/span> durante o hor\u00e1rio comercial (das 8h30 \u00e0s 18h UTC+8 de segunda a s\u00e1bado) ou use o bate-papo ao vivo do site para obter uma resposta imediata.<\/b><\/strong><\/h4>","protected":false},"excerpt":{"rendered":"<h2><strong><b>Brilhante fluorescente 378 <\/b><\/strong><strong><b>Detalhes r\u00e1pidos<\/b><\/strong><\/h2>\n<p>Nome do produto: 4,4\u2032-Bis(2-Metoxiestiril)bifenil \/ Clareador Fluorescente CBS-127\/ Clareador Fluorescente 378<\/p>\n<p>N\u00famero CAS: 40470-68-6<\/p>\n<p>F\u00f3rmula molecular: C30H26O2<\/p>\n<p>Peso molecular: 418,53<\/p>\n<p>Brilhante fluorescente 378 Estrutura:<\/p>\n<p><img decoding=\"async\" class=\"size-full wp-image-3246\" src=\"https:\/\/longchangchemical.com\/wp-content\/uploads\/2020\/09\/fluorescent-Brightener-378-Structure.png\" alt=\"Brilhante fluorescente 378 Estrutura\" width=\"256\" height=\"141\" \/><\/p>\n<p>Apar\u00eancia: p\u00f3 amarelo claro<\/p>\n<p>Pureza: 99%<\/p>","protected":false},"featured_media":3247,"comment_status":"open","ping_status":"closed","template":"","meta":[],"product_brand":[],"product_cat":[140],"product_tag":[],"class_list":{"0":"post-3245","1":"product","2":"type-product","3":"status-publish","4":"has-post-thumbnail","6":"product_cat-chlumiphor-fluorescent-brightener","8":"first","9":"instock","10":"shipping-taxable","11":"product-type-simple"},"yoast_head":"<!-- This site is optimized with the Yoast SEO plugin v25.3.1 - https:\/\/yoast.com\/wordpress\/plugins\/seo\/ -->\n<title>China fluorescent Brightener 378 manufacturer and supplier - Longchang chemical<\/title>\n<meta name=\"description\" content=\"Longchang chemical is a China fluorescent Brightener 378 CAS 40470-68-6 manufacturer and supplier, we can provide the best fluorescent Brightener 378 price. Other Name: 4,4\u2032-Bis(2-Methoxystyryl)biphenyl \/ Fluorescent Brightener CBS-127\" \/>\n<meta name=\"robots\" content=\"index, follow, max-snippet:-1, max-image-preview:large, max-video-preview:-1\" \/>\n<link rel=\"canonical\" href=\"https:\/\/longchangchemical.com\/pt\/product\/fluorescent-brightener-378-cas-40470-68-6\/\" \/>\n<meta property=\"og:locale\" content=\"pt_BR\" \/>\n<meta property=\"og:type\" content=\"article\" \/>\n<meta property=\"og:title\" content=\"China fluorescent Brightener 378 manufacturer and supplier - Longchang chemical\" \/>\n<meta property=\"og:description\" content=\"Longchang chemical is a China fluorescent Brightener 378 CAS 40470-68-6 manufacturer and supplier, we can provide the best fluorescent Brightener 378 price. Other Name: 4,4\u2032-Bis(2-Methoxystyryl)biphenyl \/ Fluorescent Brightener CBS-127\" \/>\n<meta property=\"og:url\" content=\"https:\/\/longchangchemical.com\/pt\/product\/fluorescent-brightener-378-cas-40470-68-6\/\" \/>\n<meta property=\"og:site_name\" content=\"Longchang Chemical\" \/>\n<meta property=\"article:modified_time\" content=\"2025-04-01T07:41:55+00:00\" \/>\n<meta property=\"og:image\" content=\"https:\/\/longchangchemical.com\/wp-content\/uploads\/2020\/09\/fluorescent-Brightener-378-Appearance.jpg\" \/>\n\t<meta property=\"og:image:width\" content=\"600\" \/>\n\t<meta property=\"og:image:height\" content=\"800\" \/>\n\t<meta property=\"og:image:type\" content=\"image\/jpeg\" \/>\n<meta name=\"twitter:card\" content=\"summary_large_image\" \/>\n<script type=\"application\/ld+json\" class=\"yoast-schema-graph\">{\"@context\":\"https:\/\/schema.org\",\"@graph\":[{\"@type\":\"WebPage\",\"@id\":\"https:\/\/longchangchemical.com\/product\/fluorescent-brightener-378-cas-40470-68-6\/\",\"url\":\"https:\/\/longchangchemical.com\/product\/fluorescent-brightener-378-cas-40470-68-6\/\",\"name\":\"China fluorescent Brightener 378 manufacturer and supplier - Longchang chemical\",\"isPartOf\":{\"@id\":\"https:\/\/longchangchemical.com\/#website\"},\"primaryImageOfPage\":{\"@id\":\"https:\/\/longchangchemical.com\/product\/fluorescent-brightener-378-cas-40470-68-6\/#primaryimage\"},\"image\":{\"@id\":\"https:\/\/longchangchemical.com\/product\/fluorescent-brightener-378-cas-40470-68-6\/#primaryimage\"},\"thumbnailUrl\":\"https:\/\/longchangchemical.com\/wp-content\/uploads\/2020\/09\/fluorescent-Brightener-378-Appearance.jpg\",\"datePublished\":\"2020-09-17T01:37:23+00:00\",\"dateModified\":\"2025-04-01T07:41:55+00:00\",\"description\":\"Longchang chemical is a China fluorescent Brightener 378 CAS 40470-68-6 manufacturer and supplier, we can provide the best fluorescent Brightener 378 price. Other Name: 4,4\u2032-Bis(2-Methoxystyryl)biphenyl \/ Fluorescent Brightener CBS-127\",\"breadcrumb\":{\"@id\":\"https:\/\/longchangchemical.com\/product\/fluorescent-brightener-378-cas-40470-68-6\/#breadcrumb\"},\"inLanguage\":\"pt-BR\",\"potentialAction\":[{\"@type\":\"ReadAction\",\"target\":[\"https:\/\/longchangchemical.com\/product\/fluorescent-brightener-378-cas-40470-68-6\/\"]}]},{\"@type\":\"ImageObject\",\"inLanguage\":\"pt-BR\",\"@id\":\"https:\/\/longchangchemical.com\/product\/fluorescent-brightener-378-cas-40470-68-6\/#primaryimage\",\"url\":\"https:\/\/longchangchemical.com\/wp-content\/uploads\/2020\/09\/fluorescent-Brightener-378-Appearance.jpg\",\"contentUrl\":\"https:\/\/longchangchemical.com\/wp-content\/uploads\/2020\/09\/fluorescent-Brightener-378-Appearance.jpg\",\"width\":600,\"height\":800,\"caption\":\"fluorescent Brightener 378 Appearance\"},{\"@type\":\"BreadcrumbList\",\"@id\":\"https:\/\/longchangchemical.com\/product\/fluorescent-brightener-378-cas-40470-68-6\/#breadcrumb\",\"itemListElement\":[{\"@type\":\"ListItem\",\"position\":1,\"name\":\"Home\",\"item\":\"https:\/\/longchangchemical.com\/\"},{\"@type\":\"ListItem\",\"position\":2,\"name\":\"Products Longchang\",\"item\":\"https:\/\/longchangchemical.com\/product\/\"},{\"@type\":\"ListItem\",\"position\":3,\"name\":\"CHLUMIPHOR\u00ae FP-127 \/ fluorescent Brightener 378 CAS 40470-68-6\"}]},{\"@type\":\"WebSite\",\"@id\":\"https:\/\/longchangchemical.com\/#website\",\"url\":\"https:\/\/longchangchemical.com\/\",\"name\":\"Longchang Chemical\",\"description\":\"China chemical manufacturer \uff06 supplier\",\"publisher\":{\"@id\":\"https:\/\/longchangchemical.com\/#organization\"},\"potentialAction\":[{\"@type\":\"SearchAction\",\"target\":{\"@type\":\"EntryPoint\",\"urlTemplate\":\"https:\/\/longchangchemical.com\/?s={search_term_string}\"},\"query-input\":{\"@type\":\"PropertyValueSpecification\",\"valueRequired\":true,\"valueName\":\"search_term_string\"}}],\"inLanguage\":\"pt-BR\"},{\"@type\":\"Organization\",\"@id\":\"https:\/\/longchangchemical.com\/#organization\",\"name\":\"Longchang Chemical\",\"url\":\"https:\/\/longchangchemical.com\/\",\"logo\":{\"@type\":\"ImageObject\",\"inLanguage\":\"pt-BR\",\"@id\":\"https:\/\/longchangchemical.com\/#\/schema\/logo\/image\/\",\"url\":\"https:\/\/longchangchemical.com\/wp-content\/uploads\/2020\/08\/cropped-longchang-logo.png\",\"contentUrl\":\"https:\/\/longchangchemical.com\/wp-content\/uploads\/2020\/08\/cropped-longchang-logo.png\",\"width\":512,\"height\":512,\"caption\":\"Longchang Chemical\"},\"image\":{\"@id\":\"https:\/\/longchangchemical.com\/#\/schema\/logo\/image\/\"}}]}<\/script>\n<!-- \/ Yoast SEO plugin. -->","yoast_head_json":{"title":"Fabricante e fornecedor de branqueador fluorescente 378 da China - Longchang chemical","description":"A Longchang Chemical \u00e9 um fabricante e fornecedor chin\u00eas de abrilhantador fluorescente 378 CAS 40470-68-6, que pode oferecer o melhor pre\u00e7o de abrilhantador fluorescente 378. Outro nome: 4,4\u2032-Bis(2-Metoxiestiril)bifenil \/ Clareador Fluorescente CBS-127","robots":{"index":"index","follow":"follow","max-snippet":"max-snippet:-1","max-image-preview":"max-image-preview:large","max-video-preview":"max-video-preview:-1"},"canonical":"https:\/\/longchangchemical.com\/pt\/product\/fluorescent-brightener-378-cas-40470-68-6\/","og_locale":"pt_BR","og_type":"article","og_title":"China fluorescent Brightener 378 manufacturer and supplier - Longchang chemical","og_description":"Longchang chemical is a China fluorescent Brightener 378 CAS 40470-68-6 manufacturer and supplier, we can provide the best fluorescent Brightener 378 price. Other Name: 4,4\u2032-Bis(2-Methoxystyryl)biphenyl \/ Fluorescent Brightener CBS-127","og_url":"https:\/\/longchangchemical.com\/pt\/product\/fluorescent-brightener-378-cas-40470-68-6\/","og_site_name":"Longchang Chemical","article_modified_time":"2025-04-01T07:41:55+00:00","og_image":[{"width":600,"height":800,"url":"https:\/\/longchangchemical.com\/wp-content\/uploads\/2020\/09\/fluorescent-Brightener-378-Appearance.jpg","type":"image\/jpeg"}],"twitter_card":"summary_large_image","schema":{"@context":"https:\/\/schema.org","@graph":[{"@type":"WebPage","@id":"https:\/\/longchangchemical.com\/product\/fluorescent-brightener-378-cas-40470-68-6\/","url":"https:\/\/longchangchemical.com\/product\/fluorescent-brightener-378-cas-40470-68-6\/","name":"Fabricante e fornecedor de branqueador fluorescente 378 da China - Longchang chemical","isPartOf":{"@id":"https:\/\/longchangchemical.com\/#website"},"primaryImageOfPage":{"@id":"https:\/\/longchangchemical.com\/product\/fluorescent-brightener-378-cas-40470-68-6\/#primaryimage"},"image":{"@id":"https:\/\/longchangchemical.com\/product\/fluorescent-brightener-378-cas-40470-68-6\/#primaryimage"},"thumbnailUrl":"https:\/\/longchangchemical.com\/wp-content\/uploads\/2020\/09\/fluorescent-Brightener-378-Appearance.jpg","datePublished":"2020-09-17T01:37:23+00:00","dateModified":"2025-04-01T07:41:55+00:00","description":"A Longchang Chemical \u00e9 um fabricante e fornecedor chin\u00eas de abrilhantador fluorescente 378 CAS 40470-68-6, que pode oferecer o melhor pre\u00e7o de abrilhantador fluorescente 378. Outro nome: 4,4\u2032-Bis(2-Metoxiestiril)bifenil \/ Clareador Fluorescente CBS-127","breadcrumb":{"@id":"https:\/\/longchangchemical.com\/product\/fluorescent-brightener-378-cas-40470-68-6\/#breadcrumb"},"inLanguage":"pt-BR","potentialAction":[{"@type":"ReadAction","target":["https:\/\/longchangchemical.com\/product\/fluorescent-brightener-378-cas-40470-68-6\/"]}]},{"@type":"ImageObject","inLanguage":"pt-BR","@id":"https:\/\/longchangchemical.com\/product\/fluorescent-brightener-378-cas-40470-68-6\/#primaryimage","url":"https:\/\/longchangchemical.com\/wp-content\/uploads\/2020\/09\/fluorescent-Brightener-378-Appearance.jpg","contentUrl":"https:\/\/longchangchemical.com\/wp-content\/uploads\/2020\/09\/fluorescent-Brightener-378-Appearance.jpg","width":600,"height":800,"caption":"fluorescent Brightener 378 Appearance"},{"@type":"BreadcrumbList","@id":"https:\/\/longchangchemical.com\/product\/fluorescent-brightener-378-cas-40470-68-6\/#breadcrumb","itemListElement":[{"@type":"ListItem","position":1,"name":"Home","item":"https:\/\/longchangchemical.com\/"},{"@type":"ListItem","position":2,"name":"Products Longchang","item":"https:\/\/longchangchemical.com\/product\/"},{"@type":"ListItem","position":3,"name":"CHLUMIPHOR\u00ae FP-127 \/ fluorescent Brightener 378 CAS 40470-68-6"}]},{"@type":"WebSite","@id":"https:\/\/longchangchemical.com\/#website","url":"https:\/\/longchangchemical.com\/","name":"Qu\u00edmica Longchang","description":"Fabricante de produtos qu\u00edmicos na China \uff06 fornecedor","publisher":{"@id":"https:\/\/longchangchemical.com\/#organization"},"potentialAction":[{"@type":"SearchAction","target":{"@type":"EntryPoint","urlTemplate":"https:\/\/longchangchemical.com\/?s={search_term_string}"},"query-input":{"@type":"PropertyValueSpecification","valueRequired":true,"valueName":"search_term_string"}}],"inLanguage":"pt-BR"},{"@type":"Organization","@id":"https:\/\/longchangchemical.com\/#organization","name":"Qu\u00edmica Longchang","url":"https:\/\/longchangchemical.com\/","logo":{"@type":"ImageObject","inLanguage":"pt-BR","@id":"https:\/\/longchangchemical.com\/#\/schema\/logo\/image\/","url":"https:\/\/longchangchemical.com\/wp-content\/uploads\/2020\/08\/cropped-longchang-logo.png","contentUrl":"https:\/\/longchangchemical.com\/wp-content\/uploads\/2020\/08\/cropped-longchang-logo.png","width":512,"height":512,"caption":"Longchang Chemical"},"image":{"@id":"https:\/\/longchangchemical.com\/#\/schema\/logo\/image\/"}}]}},"_links":{"self":[{"href":"https:\/\/longchangchemical.com\/pt\/wp-json\/wp\/v2\/product\/3245","targetHints":{"allow":["GET"]}}],"collection":[{"href":"https:\/\/longchangchemical.com\/pt\/wp-json\/wp\/v2\/product"}],"about":[{"href":"https:\/\/longchangchemical.com\/pt\/wp-json\/wp\/v2\/types\/product"}],"replies":[{"embeddable":true,"href":"https:\/\/longchangchemical.com\/pt\/wp-json\/wp\/v2\/comments?post=3245"}],"wp:featuredmedia":[{"embeddable":true,"href":"https:\/\/longchangchemical.com\/pt\/wp-json\/wp\/v2\/media\/3247"}],"wp:attachment":[{"href":"https:\/\/longchangchemical.com\/pt\/wp-json\/wp\/v2\/media?parent=3245"}],"wp:term":[{"taxonomy":"product_brand","embeddable":true,"href":"https:\/\/longchangchemical.com\/pt\/wp-json\/wp\/v2\/product_brand?post=3245"},{"taxonomy":"product_cat","embeddable":true,"href":"https:\/\/longchangchemical.com\/pt\/wp-json\/wp\/v2\/product_cat?post=3245"},{"taxonomy":"product_tag","embeddable":true,"href":"https:\/\/longchangchemical.com\/pt\/wp-json\/wp\/v2\/product_tag?post=3245"}],"curies":[{"name":"wp","href":"https:\/\/api.w.org\/{rel}","templated":true}]}}