{"id":3115,"date":"2020-09-09T03:23:30","date_gmt":"2020-09-09T03:23:30","guid":{"rendered":"https:\/\/longchangchemical.com\/?post_type=product&#038;p=3115"},"modified":"2025-04-01T07:42:00","modified_gmt":"2025-04-01T07:42:00","slug":"optical-brightener-er-%e2%85%b1-cas-13001-38-2","status":"publish","type":"product","link":"https:\/\/longchangchemical.com\/pt\/product\/optical-brightener-er-%e2%85%b1-cas-13001-38-2\/","title":{"rendered":"CHLUMIPHOR\u00ae ER-\u2161 \/ Branqueador \u00f3ptico ER-\u2161 CAS 13001-38-2"},"content":{"rendered":"<p>&nbsp;<\/p>\n<h2><strong><b>Propriedades do branqueador \u00f3ptico ER-\u2161<\/b><\/strong><\/h2>\n<p>O Optical Brightener ER-\u2161 tem forte fluoresc\u00eancia, alta brancura e boa estabilidade t\u00e9rmica. Ele n\u00e3o se decomp\u00f5e em altas temperaturas. O abrilhantador ER-\u2161 tamb\u00e9m tem outras propriedades, como velocidade de adsor\u00e7\u00e3o r\u00e1pida, baixa temperatura de cor, bom nivelamento, boa capacidade de cor em baixa temperatura, etc. O branqueador \u00f3ptico ER-\u2161 pode atender a diferentes requisitos de cor e luz, e \u00e9 relativamente est\u00e1vel para agentes redutores, oxidantes e compostos de hipoclorito.<\/p>\n<h2>Em compara\u00e7\u00e3o com o Brightener ER-\u2160 , ele tem os seguintes pontos fortes:<\/h2>\n<ul>\n<li>Taxa de adsor\u00e7\u00e3o mais r\u00e1pida<\/li>\n<li>Menor temperatura luminescente<\/li>\n<li>Melhor capacidade de brancura<\/li>\n<\/ul>\n<h2><strong><b>Aplica\u00e7\u00f5es do branqueador \u00f3ptico ER-\u2161<\/b><\/strong><\/h2>\n<p>O Optical Brightener ER-\u2161 \u00e9 aplic\u00e1vel ao tratamento de clareamento de poli\u00e9ster e seus tecidos mistos e fibras de acetato. Ele n\u00e3o \u00e9 adequado apenas para o tingimento por exaust\u00e3o, mas tamb\u00e9m para o processo de tingimento com almofada. O Brightener ER-\u2161 tamb\u00e9m \u00e9 adequado para o clareamento de pl\u00e1sticos de fibra qu\u00edmica.<\/p>\n<h2><strong><b>Embalagem e armazenamento<\/b><\/strong><\/h2>\n<p>O Optical Brightener ER-\u2161 \u00e9 embalado em 25 kg por tambor de fibra revestido com saco pl\u00e1stico, armazenado em local fresco e seco, sem luz solar direta. O prazo de validade \u00e9 de 2 anos.<\/p>\n<p>&nbsp;<\/p>\n<h2><strong><b>Entre em contato conosco agora!<\/b><\/strong><\/h2>\n<h4><strong><b>Se precisar de COA, MSDS ou TDS, preencha suas informa\u00e7\u00f5es de contato no formul\u00e1rio abaixo. Normalmente, entraremos em contato em 24 horas. Voc\u00ea tamb\u00e9m pode me enviar um e-mail <span style=\"color: #0000ff;\"><a style=\"color: #0000ff;\" href=\"mailto:info@longchangchemical.com\">info@longchangchemical.com<\/a><\/span> durante o hor\u00e1rio comercial (das 8h30 \u00e0s 18h UTC+8 de segunda a s\u00e1bado) ou use o bate-papo ao vivo do site para obter uma resposta imediata.<\/b><\/strong><\/h4>","protected":false},"excerpt":{"rendered":"<h2><strong><b>Especifica\u00e7\u00f5es t\u00e9cnicas do branqueador \u00f3ptico ER-\u2161<\/b><\/strong><\/h2>\n<p>Apar\u00eancia: P\u00f3 amarelado<\/p>\n<p>Tonalidade: Branco fluorescente a azul<\/p>\n<p>Pureza: \u226599%<\/p>\n<p>Umidade: \u22640,5 %<\/p>\n<p>Ponto de fus\u00e3o: 184-186 \u2103.<\/p>\n<p>Tipo i\u00f4nico: n\u00e3o i\u00f4nico<\/p>\n<p>Estrutura do Optical Brightener ER-\u2161:<img decoding=\"async\" class=\"alignnone size-medium wp-image-3116\" src=\"https:\/\/longchangchemical.com\/wp-content\/uploads\/2020\/09\/Optical-Brightener-ER-\u2161-Structure-300x124.gif\" alt=\"\" width=\"300\" height=\"124\" \/><\/p>","protected":false},"featured_media":3117,"comment_status":"open","ping_status":"closed","template":"","meta":[],"product_brand":[],"product_cat":[140],"product_tag":[],"class_list":{"0":"post-3115","1":"product","2":"type-product","3":"status-publish","4":"has-post-thumbnail","6":"product_cat-chlumiphor-fluorescent-brightener","8":"first","9":"instock","10":"shipping-taxable","11":"product-type-simple"},"yoast_head":"<!-- This site is optimized with the Yoast SEO plugin v25.3.1 - https:\/\/yoast.com\/wordpress\/plugins\/seo\/ -->\n<title>China Optical Brightener ER-\u2161 manufacturer and supplier - Longchang chemical<\/title>\n<meta name=\"description\" content=\"Longchang chemical produce and supply Brightener ER-\u2161 cas 13001-38-2, with the best Brightener ER-\u2161 price,\" \/>\n<meta name=\"robots\" content=\"index, follow, max-snippet:-1, max-image-preview:large, max-video-preview:-1\" \/>\n<link rel=\"canonical\" href=\"https:\/\/longchangchemical.com\/pt\/product\/optical-brightener-er-\u2171-cas-13001-38-2\/\" \/>\n<meta property=\"og:locale\" content=\"pt_BR\" \/>\n<meta property=\"og:type\" content=\"article\" \/>\n<meta property=\"og:title\" content=\"China Optical Brightener ER-\u2161 manufacturer and supplier - Longchang chemical\" \/>\n<meta property=\"og:description\" content=\"Longchang chemical produce and supply Brightener ER-\u2161 cas 13001-38-2, with the best Brightener ER-\u2161 price,\" \/>\n<meta property=\"og:url\" content=\"https:\/\/longchangchemical.com\/pt\/product\/optical-brightener-er-\u2171-cas-13001-38-2\/\" \/>\n<meta property=\"og:site_name\" content=\"Longchang Chemical\" \/>\n<meta property=\"article:modified_time\" content=\"2025-04-01T07:42:00+00:00\" \/>\n<meta property=\"og:image\" content=\"https:\/\/longchangchemical.com\/wp-content\/uploads\/2020\/09\/Optical-Brightener-ER-\u2161-appearance.jpg\" \/>\n\t<meta property=\"og:image:width\" content=\"900\" \/>\n\t<meta property=\"og:image:height\" content=\"1200\" \/>\n\t<meta property=\"og:image:type\" content=\"image\/jpeg\" \/>\n<meta name=\"twitter:card\" content=\"summary_large_image\" \/>\n<script type=\"application\/ld+json\" class=\"yoast-schema-graph\">{\"@context\":\"https:\/\/schema.org\",\"@graph\":[{\"@type\":\"WebPage\",\"@id\":\"https:\/\/longchangchemical.com\/product\/optical-brightener-er-%e2%85%b1-cas-13001-38-2\/\",\"url\":\"https:\/\/longchangchemical.com\/product\/optical-brightener-er-%e2%85%b1-cas-13001-38-2\/\",\"name\":\"China Optical Brightener ER-\u2161 manufacturer and supplier - Longchang chemical\",\"isPartOf\":{\"@id\":\"https:\/\/longchangchemical.com\/#website\"},\"primaryImageOfPage\":{\"@id\":\"https:\/\/longchangchemical.com\/product\/optical-brightener-er-%e2%85%b1-cas-13001-38-2\/#primaryimage\"},\"image\":{\"@id\":\"https:\/\/longchangchemical.com\/product\/optical-brightener-er-%e2%85%b1-cas-13001-38-2\/#primaryimage\"},\"thumbnailUrl\":\"https:\/\/longchangchemical.com\/wp-content\/uploads\/2020\/09\/Optical-Brightener-ER-\u2161-appearance.jpg\",\"datePublished\":\"2020-09-09T03:23:30+00:00\",\"dateModified\":\"2025-04-01T07:42:00+00:00\",\"description\":\"Longchang chemical produce and supply Brightener ER-\u2161 cas 13001-38-2, with the best Brightener ER-\u2161 price,\",\"breadcrumb\":{\"@id\":\"https:\/\/longchangchemical.com\/product\/optical-brightener-er-%e2%85%b1-cas-13001-38-2\/#breadcrumb\"},\"inLanguage\":\"pt-BR\",\"potentialAction\":[{\"@type\":\"ReadAction\",\"target\":[\"https:\/\/longchangchemical.com\/product\/optical-brightener-er-%e2%85%b1-cas-13001-38-2\/\"]}]},{\"@type\":\"ImageObject\",\"inLanguage\":\"pt-BR\",\"@id\":\"https:\/\/longchangchemical.com\/product\/optical-brightener-er-%e2%85%b1-cas-13001-38-2\/#primaryimage\",\"url\":\"https:\/\/longchangchemical.com\/wp-content\/uploads\/2020\/09\/Optical-Brightener-ER-\u2161-appearance.jpg\",\"contentUrl\":\"https:\/\/longchangchemical.com\/wp-content\/uploads\/2020\/09\/Optical-Brightener-ER-\u2161-appearance.jpg\",\"width\":900,\"height\":1200,\"caption\":\"Optical Brightener ER-\u2161 appearance\"},{\"@type\":\"BreadcrumbList\",\"@id\":\"https:\/\/longchangchemical.com\/product\/optical-brightener-er-%e2%85%b1-cas-13001-38-2\/#breadcrumb\",\"itemListElement\":[{\"@type\":\"ListItem\",\"position\":1,\"name\":\"Home\",\"item\":\"https:\/\/longchangchemical.com\/\"},{\"@type\":\"ListItem\",\"position\":2,\"name\":\"Products Longchang\",\"item\":\"https:\/\/longchangchemical.com\/product\/\"},{\"@type\":\"ListItem\",\"position\":3,\"name\":\"CHLUMIPHOR\u00ae ER-\u2161 \/ Optical Brightener ER-\u2161 CAS 13001-38-2\"}]},{\"@type\":\"WebSite\",\"@id\":\"https:\/\/longchangchemical.com\/#website\",\"url\":\"https:\/\/longchangchemical.com\/\",\"name\":\"Longchang Chemical\",\"description\":\"China chemical manufacturer \uff06 supplier\",\"publisher\":{\"@id\":\"https:\/\/longchangchemical.com\/#organization\"},\"potentialAction\":[{\"@type\":\"SearchAction\",\"target\":{\"@type\":\"EntryPoint\",\"urlTemplate\":\"https:\/\/longchangchemical.com\/?s={search_term_string}\"},\"query-input\":{\"@type\":\"PropertyValueSpecification\",\"valueRequired\":true,\"valueName\":\"search_term_string\"}}],\"inLanguage\":\"pt-BR\"},{\"@type\":\"Organization\",\"@id\":\"https:\/\/longchangchemical.com\/#organization\",\"name\":\"Longchang Chemical\",\"url\":\"https:\/\/longchangchemical.com\/\",\"logo\":{\"@type\":\"ImageObject\",\"inLanguage\":\"pt-BR\",\"@id\":\"https:\/\/longchangchemical.com\/#\/schema\/logo\/image\/\",\"url\":\"https:\/\/longchangchemical.com\/wp-content\/uploads\/2020\/08\/cropped-longchang-logo.png\",\"contentUrl\":\"https:\/\/longchangchemical.com\/wp-content\/uploads\/2020\/08\/cropped-longchang-logo.png\",\"width\":512,\"height\":512,\"caption\":\"Longchang Chemical\"},\"image\":{\"@id\":\"https:\/\/longchangchemical.com\/#\/schema\/logo\/image\/\"}}]}<\/script>\n<!-- \/ Yoast SEO plugin. -->","yoast_head_json":{"title":"Fabricante e fornecedor de branqueador \u00f3ptico ER-\u2161 na China - Longchang chemical","description":"A Longchang Chemical produz e fornece Brightener ER-\u2161 cas 13001-38-2, com o melhor pre\u00e7o de Brightener ER-\u2161,","robots":{"index":"index","follow":"follow","max-snippet":"max-snippet:-1","max-image-preview":"max-image-preview:large","max-video-preview":"max-video-preview:-1"},"canonical":"https:\/\/longchangchemical.com\/pt\/product\/optical-brightener-er-\u2171-cas-13001-38-2\/","og_locale":"pt_BR","og_type":"article","og_title":"China Optical Brightener ER-\u2161 manufacturer and supplier - Longchang chemical","og_description":"Longchang chemical produce and supply Brightener ER-\u2161 cas 13001-38-2, with the best Brightener ER-\u2161 price,","og_url":"https:\/\/longchangchemical.com\/pt\/product\/optical-brightener-er-\u2171-cas-13001-38-2\/","og_site_name":"Longchang Chemical","article_modified_time":"2025-04-01T07:42:00+00:00","og_image":[{"width":900,"height":1200,"url":"https:\/\/longchangchemical.com\/wp-content\/uploads\/2020\/09\/Optical-Brightener-ER-\u2161-appearance.jpg","type":"image\/jpeg"}],"twitter_card":"summary_large_image","schema":{"@context":"https:\/\/schema.org","@graph":[{"@type":"WebPage","@id":"https:\/\/longchangchemical.com\/product\/optical-brightener-er-%e2%85%b1-cas-13001-38-2\/","url":"https:\/\/longchangchemical.com\/product\/optical-brightener-er-%e2%85%b1-cas-13001-38-2\/","name":"Fabricante e fornecedor de branqueador \u00f3ptico ER-\u2161 na China - Longchang chemical","isPartOf":{"@id":"https:\/\/longchangchemical.com\/#website"},"primaryImageOfPage":{"@id":"https:\/\/longchangchemical.com\/product\/optical-brightener-er-%e2%85%b1-cas-13001-38-2\/#primaryimage"},"image":{"@id":"https:\/\/longchangchemical.com\/product\/optical-brightener-er-%e2%85%b1-cas-13001-38-2\/#primaryimage"},"thumbnailUrl":"https:\/\/longchangchemical.com\/wp-content\/uploads\/2020\/09\/Optical-Brightener-ER-\u2161-appearance.jpg","datePublished":"2020-09-09T03:23:30+00:00","dateModified":"2025-04-01T07:42:00+00:00","description":"A Longchang Chemical produz e fornece Brightener ER-\u2161 cas 13001-38-2, com o melhor pre\u00e7o de Brightener ER-\u2161,","breadcrumb":{"@id":"https:\/\/longchangchemical.com\/product\/optical-brightener-er-%e2%85%b1-cas-13001-38-2\/#breadcrumb"},"inLanguage":"pt-BR","potentialAction":[{"@type":"ReadAction","target":["https:\/\/longchangchemical.com\/product\/optical-brightener-er-%e2%85%b1-cas-13001-38-2\/"]}]},{"@type":"ImageObject","inLanguage":"pt-BR","@id":"https:\/\/longchangchemical.com\/product\/optical-brightener-er-%e2%85%b1-cas-13001-38-2\/#primaryimage","url":"https:\/\/longchangchemical.com\/wp-content\/uploads\/2020\/09\/Optical-Brightener-ER-\u2161-appearance.jpg","contentUrl":"https:\/\/longchangchemical.com\/wp-content\/uploads\/2020\/09\/Optical-Brightener-ER-\u2161-appearance.jpg","width":900,"height":1200,"caption":"Optical Brightener ER-\u2161 appearance"},{"@type":"BreadcrumbList","@id":"https:\/\/longchangchemical.com\/product\/optical-brightener-er-%e2%85%b1-cas-13001-38-2\/#breadcrumb","itemListElement":[{"@type":"ListItem","position":1,"name":"Home","item":"https:\/\/longchangchemical.com\/"},{"@type":"ListItem","position":2,"name":"Products Longchang","item":"https:\/\/longchangchemical.com\/product\/"},{"@type":"ListItem","position":3,"name":"CHLUMIPHOR\u00ae ER-\u2161 \/ Optical Brightener ER-\u2161 CAS 13001-38-2"}]},{"@type":"WebSite","@id":"https:\/\/longchangchemical.com\/#website","url":"https:\/\/longchangchemical.com\/","name":"Qu\u00edmica Longchang","description":"Fabricante de produtos qu\u00edmicos na China \uff06 fornecedor","publisher":{"@id":"https:\/\/longchangchemical.com\/#organization"},"potentialAction":[{"@type":"SearchAction","target":{"@type":"EntryPoint","urlTemplate":"https:\/\/longchangchemical.com\/?s={search_term_string}"},"query-input":{"@type":"PropertyValueSpecification","valueRequired":true,"valueName":"search_term_string"}}],"inLanguage":"pt-BR"},{"@type":"Organization","@id":"https:\/\/longchangchemical.com\/#organization","name":"Qu\u00edmica Longchang","url":"https:\/\/longchangchemical.com\/","logo":{"@type":"ImageObject","inLanguage":"pt-BR","@id":"https:\/\/longchangchemical.com\/#\/schema\/logo\/image\/","url":"https:\/\/longchangchemical.com\/wp-content\/uploads\/2020\/08\/cropped-longchang-logo.png","contentUrl":"https:\/\/longchangchemical.com\/wp-content\/uploads\/2020\/08\/cropped-longchang-logo.png","width":512,"height":512,"caption":"Longchang Chemical"},"image":{"@id":"https:\/\/longchangchemical.com\/#\/schema\/logo\/image\/"}}]}},"_links":{"self":[{"href":"https:\/\/longchangchemical.com\/pt\/wp-json\/wp\/v2\/product\/3115","targetHints":{"allow":["GET"]}}],"collection":[{"href":"https:\/\/longchangchemical.com\/pt\/wp-json\/wp\/v2\/product"}],"about":[{"href":"https:\/\/longchangchemical.com\/pt\/wp-json\/wp\/v2\/types\/product"}],"replies":[{"embeddable":true,"href":"https:\/\/longchangchemical.com\/pt\/wp-json\/wp\/v2\/comments?post=3115"}],"wp:featuredmedia":[{"embeddable":true,"href":"https:\/\/longchangchemical.com\/pt\/wp-json\/wp\/v2\/media\/3117"}],"wp:attachment":[{"href":"https:\/\/longchangchemical.com\/pt\/wp-json\/wp\/v2\/media?parent=3115"}],"wp:term":[{"taxonomy":"product_brand","embeddable":true,"href":"https:\/\/longchangchemical.com\/pt\/wp-json\/wp\/v2\/product_brand?post=3115"},{"taxonomy":"product_cat","embeddable":true,"href":"https:\/\/longchangchemical.com\/pt\/wp-json\/wp\/v2\/product_cat?post=3115"},{"taxonomy":"product_tag","embeddable":true,"href":"https:\/\/longchangchemical.com\/pt\/wp-json\/wp\/v2\/product_tag?post=3115"}],"curies":[{"name":"wp","href":"https:\/\/api.w.org\/{rel}","templated":true}]}}