{"id":3112,"date":"2020-09-05T07:21:24","date_gmt":"2020-09-05T07:21:24","guid":{"rendered":"https:\/\/longchangchemical.com\/?post_type=product&#038;p=3112"},"modified":"2025-04-01T07:42:08","modified_gmt":"2025-04-01T07:42:08","slug":"optical-brightener-ob-cas-7128-64-5","status":"publish","type":"product","link":"https:\/\/longchangchemical.com\/pt\/product\/optical-brightener-ob-cas-7128-64-5\/","title":{"rendered":"CHLUMIPHOR\u00ae OB \/ Branqueador \u00f3ptico OB CAS 7128-64-5"},"content":{"rendered":"<h2><strong><b>Branqueador \u00f3ptico OB Propriedades t\u00edpicas<\/b><\/strong><\/h2>\n<table>\n<tbody>\n<tr>\n<td>Item<\/td>\n<td>Especifica\u00e7\u00f5es<\/td>\n<\/tr>\n<tr>\n<td>Apar\u00eancia<\/td>\n<td>P\u00f3 levemente amarelo-esverdeado<\/td>\n<\/tr>\n<tr>\n<td>Conte\u00fado (HPLC)<\/td>\n<td>\u226798%<\/td>\n<\/tr>\n<tr>\n<td>Ponto de fus\u00e3o<\/td>\n<td>198~203\u2103<\/td>\n<\/tr>\n<tr>\n<td>Teor de cinzas<\/td>\n<td>\u22660,5%<\/td>\n<\/tr>\n<tr>\n<td>Mat\u00e9ria vol\u00e1til<\/td>\n<td>\u22660,5%<\/td>\n<\/tr>\n<\/tbody>\n<\/table>\n<h2 class=\"blog-entry-title text-center\" style=\"text-align: left;\"><span style=\"color: #00ffff;\"><a style=\"color: #00ffff;\" href=\"https:\/\/longchangchemical.com\/pt\/what-is-the-difference-between-optical-brightener-ob-and-optical-brightener-ob-1\/\">Qual \u00e9 a diferen\u00e7a entre o branqueador \u00f3ptico OB e o branqueador \u00f3ptico OB-1\uff1f<\/a><\/span><\/h2>\n<p><strong>O branqueador \u00f3ptico OB e o branqueador \u00f3ptico OB-1 s\u00e3o produtos qu\u00edmicos completamente diferentes. Voc\u00ea pode clicar no link acima para ver as diferen\u00e7as.<\/strong><\/p>\n<h2><strong><b>Branqueador \u00f3ptico Uso do OB<\/b><\/strong><\/h2>\n<p>Para termopl\u00e1sticos, cloreto de polivinila (PVC), polietileno (PE), polipropileno (PP), poliestireno (PS), acrilonitrila\/butadieno\/estireno (ABS), copol\u00edmero de nitrila de estireno\/propileno (SAN), copol\u00edmero de estireno\/butadieno (SB), acetato de celulose (CA), poliamida (PA), polimetilmetacrilato (PMMA), resina acr\u00edlica, fibra de poli\u00e9ster (PET), clareamento de tintas, revestimentos e tintas.<\/p>\n<h2><strong><b>Branqueador \u00f3ptico OBEmbalagem<\/b><\/strong><\/h2>\n<p>25 kg\/tambor<\/p>\n<p>&nbsp;<\/p>\n<h2><strong><b>Entre em contato conosco agora!<\/b><\/strong><\/h2>\n<h4><strong><b>Se precisar de COA, MSDS ou TDS, preencha suas informa\u00e7\u00f5es de contato no formul\u00e1rio abaixo. Normalmente, entraremos em contato em 24 horas. Voc\u00ea tamb\u00e9m pode me enviar um e-mail <span style=\"color: #0000ff;\"><a style=\"color: #0000ff;\" href=\"mailto:info@longchangchemical.com\">info@longchangchemical.com<\/a><\/span> durante o hor\u00e1rio comercial (das 8h30 \u00e0s 18h UTC+8 de segunda a s\u00e1bado) ou use o bate-papo ao vivo do site para obter uma resposta imediata.<\/b><\/strong><\/h4>","protected":false},"excerpt":{"rendered":"<h1><strong><b>Branqueador \u00f3ptico OB Detalhes r\u00e1pidos<\/b><\/strong><\/h1>\n<p>Nome qu\u00edmico: Branqueador \u00f3ptico OB<\/p>\n<p>Outros nomes: Fluorescent Brightener 184; uvitex OB<\/p>\n<p>CAS: 7128-64-5<\/p>\n<p>F\u00f3rmula molecular: C26H26N2O2S<\/p>\n<p>Peso molecular: 430,56<\/p>\n<p>Branqueador \u00f3ptico Estrutura OB:<\/p>\n<p><img decoding=\"async\" class=\"size-medium wp-image-3113\" src=\"https:\/\/longchangchemical.com\/wp-content\/uploads\/2020\/09\/Optical-brightener-OB-Structure-300x88.png\" alt=\"Branqueador \u00f3ptico Estrutura OB\" width=\"300\" height=\"88\" srcset=\"https:\/\/longchangchemical.com\/wp-content\/uploads\/2020\/09\/Optical-brightener-OB-Structure-300x88.png 300w, https:\/\/longchangchemical.com\/wp-content\/uploads\/2020\/09\/Optical-brightener-OB-Structure.png 338w\" sizes=\"(max-width: 300px) 100vw, 300px\" \/><\/p>\n<p>Apar\u00eancia: P\u00f3 amarelo esverdeado<\/p>\n<p>Ensaio: 99%<\/p>","protected":false},"featured_media":3114,"comment_status":"open","ping_status":"closed","template":"","meta":[],"product_brand":[],"product_cat":[140],"product_tag":[],"class_list":{"0":"post-3112","1":"product","2":"type-product","3":"status-publish","4":"has-post-thumbnail","6":"product_cat-chlumiphor-fluorescent-brightener","8":"first","9":"instock","10":"shipping-taxable","11":"product-type-simple"},"yoast_head":"<!-- This site is optimized with the Yoast SEO plugin v25.3.1 - https:\/\/yoast.com\/wordpress\/plugins\/seo\/ -->\n<title>China Optical brightener OB manufacturer and supplier - Longchang chemical<\/title>\n<meta name=\"description\" content=\"Longchang chemical is a China Optical brightener OB CAS 7128-64-5 manufacturer and supplier, we can provide the best Optical brightener OB price. Other Name: Fluorescent Brightener 184 ; uvitex OB\" \/>\n<meta name=\"robots\" content=\"index, follow, max-snippet:-1, max-image-preview:large, max-video-preview:-1\" \/>\n<link rel=\"canonical\" href=\"https:\/\/longchangchemical.com\/pt\/product\/optical-brightener-ob-cas-7128-64-5\/\" \/>\n<meta property=\"og:locale\" content=\"pt_BR\" \/>\n<meta property=\"og:type\" content=\"article\" \/>\n<meta property=\"og:title\" content=\"China Optical brightener OB manufacturer and supplier - Longchang chemical\" \/>\n<meta property=\"og:description\" content=\"Longchang chemical is a China Optical brightener OB CAS 7128-64-5 manufacturer and supplier, we can provide the best Optical brightener OB price. Other Name: Fluorescent Brightener 184 ; uvitex OB\" \/>\n<meta property=\"og:url\" content=\"https:\/\/longchangchemical.com\/pt\/product\/optical-brightener-ob-cas-7128-64-5\/\" \/>\n<meta property=\"og:site_name\" content=\"Longchang Chemical\" \/>\n<meta property=\"article:modified_time\" content=\"2025-04-01T07:42:08+00:00\" \/>\n<meta property=\"og:image\" content=\"https:\/\/longchangchemical.com\/wp-content\/uploads\/2020\/09\/Optical-brightener-Ob-cas-7128-64-5.jpg\" \/>\n\t<meta property=\"og:image:width\" content=\"900\" \/>\n\t<meta property=\"og:image:height\" content=\"1200\" \/>\n\t<meta property=\"og:image:type\" content=\"image\/jpeg\" \/>\n<meta name=\"twitter:card\" content=\"summary_large_image\" \/>\n<script type=\"application\/ld+json\" class=\"yoast-schema-graph\">{\"@context\":\"https:\/\/schema.org\",\"@graph\":[{\"@type\":\"WebPage\",\"@id\":\"https:\/\/longchangchemical.com\/product\/optical-brightener-ob-cas-7128-64-5\/\",\"url\":\"https:\/\/longchangchemical.com\/product\/optical-brightener-ob-cas-7128-64-5\/\",\"name\":\"China Optical brightener OB manufacturer and supplier - Longchang chemical\",\"isPartOf\":{\"@id\":\"https:\/\/longchangchemical.com\/#website\"},\"primaryImageOfPage\":{\"@id\":\"https:\/\/longchangchemical.com\/product\/optical-brightener-ob-cas-7128-64-5\/#primaryimage\"},\"image\":{\"@id\":\"https:\/\/longchangchemical.com\/product\/optical-brightener-ob-cas-7128-64-5\/#primaryimage\"},\"thumbnailUrl\":\"https:\/\/longchangchemical.com\/wp-content\/uploads\/2020\/09\/Optical-brightener-Ob-cas-7128-64-5.jpg\",\"datePublished\":\"2020-09-05T07:21:24+00:00\",\"dateModified\":\"2025-04-01T07:42:08+00:00\",\"description\":\"Longchang chemical is a China Optical brightener OB CAS 7128-64-5 manufacturer and supplier, we can provide the best Optical brightener OB price. Other Name: Fluorescent Brightener 184 ; uvitex OB\",\"breadcrumb\":{\"@id\":\"https:\/\/longchangchemical.com\/product\/optical-brightener-ob-cas-7128-64-5\/#breadcrumb\"},\"inLanguage\":\"pt-BR\",\"potentialAction\":[{\"@type\":\"ReadAction\",\"target\":[\"https:\/\/longchangchemical.com\/product\/optical-brightener-ob-cas-7128-64-5\/\"]}]},{\"@type\":\"ImageObject\",\"inLanguage\":\"pt-BR\",\"@id\":\"https:\/\/longchangchemical.com\/product\/optical-brightener-ob-cas-7128-64-5\/#primaryimage\",\"url\":\"https:\/\/longchangchemical.com\/wp-content\/uploads\/2020\/09\/Optical-brightener-Ob-cas-7128-64-5.jpg\",\"contentUrl\":\"https:\/\/longchangchemical.com\/wp-content\/uploads\/2020\/09\/Optical-brightener-Ob-cas-7128-64-5.jpg\",\"width\":900,\"height\":1200,\"caption\":\"Optical-brightener-Ob-appearance\"},{\"@type\":\"BreadcrumbList\",\"@id\":\"https:\/\/longchangchemical.com\/product\/optical-brightener-ob-cas-7128-64-5\/#breadcrumb\",\"itemListElement\":[{\"@type\":\"ListItem\",\"position\":1,\"name\":\"Home\",\"item\":\"https:\/\/longchangchemical.com\/\"},{\"@type\":\"ListItem\",\"position\":2,\"name\":\"Products Longchang\",\"item\":\"https:\/\/longchangchemical.com\/product\/\"},{\"@type\":\"ListItem\",\"position\":3,\"name\":\"CHLUMIPHOR\u00ae OB \/ Optical brightener OB CAS 7128-64-5\"}]},{\"@type\":\"WebSite\",\"@id\":\"https:\/\/longchangchemical.com\/#website\",\"url\":\"https:\/\/longchangchemical.com\/\",\"name\":\"Longchang Chemical\",\"description\":\"China chemical manufacturer \uff06 supplier\",\"publisher\":{\"@id\":\"https:\/\/longchangchemical.com\/#organization\"},\"potentialAction\":[{\"@type\":\"SearchAction\",\"target\":{\"@type\":\"EntryPoint\",\"urlTemplate\":\"https:\/\/longchangchemical.com\/?s={search_term_string}\"},\"query-input\":{\"@type\":\"PropertyValueSpecification\",\"valueRequired\":true,\"valueName\":\"search_term_string\"}}],\"inLanguage\":\"pt-BR\"},{\"@type\":\"Organization\",\"@id\":\"https:\/\/longchangchemical.com\/#organization\",\"name\":\"Longchang Chemical\",\"url\":\"https:\/\/longchangchemical.com\/\",\"logo\":{\"@type\":\"ImageObject\",\"inLanguage\":\"pt-BR\",\"@id\":\"https:\/\/longchangchemical.com\/#\/schema\/logo\/image\/\",\"url\":\"https:\/\/longchangchemical.com\/wp-content\/uploads\/2020\/08\/cropped-longchang-logo.png\",\"contentUrl\":\"https:\/\/longchangchemical.com\/wp-content\/uploads\/2020\/08\/cropped-longchang-logo.png\",\"width\":512,\"height\":512,\"caption\":\"Longchang Chemical\"},\"image\":{\"@id\":\"https:\/\/longchangchemical.com\/#\/schema\/logo\/image\/\"}}]}<\/script>\n<!-- \/ Yoast SEO plugin. -->","yoast_head_json":{"title":"Fabricante e fornecedor de branqueador \u00f3ptico OB na China - Longchang chemical","description":"A Longchang Chemical \u00e9 um fabricante e fornecedor chin\u00eas de branqueador \u00f3ptico OB CAS 7128-64-5, que pode oferecer o melhor pre\u00e7o de branqueador \u00f3ptico OB. Outros nomes: Branqueador Fluorescente 184; uvitex OB","robots":{"index":"index","follow":"follow","max-snippet":"max-snippet:-1","max-image-preview":"max-image-preview:large","max-video-preview":"max-video-preview:-1"},"canonical":"https:\/\/longchangchemical.com\/pt\/product\/optical-brightener-ob-cas-7128-64-5\/","og_locale":"pt_BR","og_type":"article","og_title":"China Optical brightener OB manufacturer and supplier - Longchang chemical","og_description":"Longchang chemical is a China Optical brightener OB CAS 7128-64-5 manufacturer and supplier, we can provide the best Optical brightener OB price. Other Name: Fluorescent Brightener 184 ; uvitex OB","og_url":"https:\/\/longchangchemical.com\/pt\/product\/optical-brightener-ob-cas-7128-64-5\/","og_site_name":"Longchang Chemical","article_modified_time":"2025-04-01T07:42:08+00:00","og_image":[{"width":900,"height":1200,"url":"https:\/\/longchangchemical.com\/wp-content\/uploads\/2020\/09\/Optical-brightener-Ob-cas-7128-64-5.jpg","type":"image\/jpeg"}],"twitter_card":"summary_large_image","schema":{"@context":"https:\/\/schema.org","@graph":[{"@type":"WebPage","@id":"https:\/\/longchangchemical.com\/product\/optical-brightener-ob-cas-7128-64-5\/","url":"https:\/\/longchangchemical.com\/product\/optical-brightener-ob-cas-7128-64-5\/","name":"Fabricante e fornecedor de branqueador \u00f3ptico OB na China - Longchang chemical","isPartOf":{"@id":"https:\/\/longchangchemical.com\/#website"},"primaryImageOfPage":{"@id":"https:\/\/longchangchemical.com\/product\/optical-brightener-ob-cas-7128-64-5\/#primaryimage"},"image":{"@id":"https:\/\/longchangchemical.com\/product\/optical-brightener-ob-cas-7128-64-5\/#primaryimage"},"thumbnailUrl":"https:\/\/longchangchemical.com\/wp-content\/uploads\/2020\/09\/Optical-brightener-Ob-cas-7128-64-5.jpg","datePublished":"2020-09-05T07:21:24+00:00","dateModified":"2025-04-01T07:42:08+00:00","description":"A Longchang Chemical \u00e9 um fabricante e fornecedor chin\u00eas de branqueador \u00f3ptico OB CAS 7128-64-5, que pode oferecer o melhor pre\u00e7o de branqueador \u00f3ptico OB. Outros nomes: Branqueador Fluorescente 184; uvitex OB","breadcrumb":{"@id":"https:\/\/longchangchemical.com\/product\/optical-brightener-ob-cas-7128-64-5\/#breadcrumb"},"inLanguage":"pt-BR","potentialAction":[{"@type":"ReadAction","target":["https:\/\/longchangchemical.com\/product\/optical-brightener-ob-cas-7128-64-5\/"]}]},{"@type":"ImageObject","inLanguage":"pt-BR","@id":"https:\/\/longchangchemical.com\/product\/optical-brightener-ob-cas-7128-64-5\/#primaryimage","url":"https:\/\/longchangchemical.com\/wp-content\/uploads\/2020\/09\/Optical-brightener-Ob-cas-7128-64-5.jpg","contentUrl":"https:\/\/longchangchemical.com\/wp-content\/uploads\/2020\/09\/Optical-brightener-Ob-cas-7128-64-5.jpg","width":900,"height":1200,"caption":"Optical-brightener-Ob-appearance"},{"@type":"BreadcrumbList","@id":"https:\/\/longchangchemical.com\/product\/optical-brightener-ob-cas-7128-64-5\/#breadcrumb","itemListElement":[{"@type":"ListItem","position":1,"name":"Home","item":"https:\/\/longchangchemical.com\/"},{"@type":"ListItem","position":2,"name":"Products Longchang","item":"https:\/\/longchangchemical.com\/product\/"},{"@type":"ListItem","position":3,"name":"CHLUMIPHOR\u00ae OB \/ Optical brightener OB CAS 7128-64-5"}]},{"@type":"WebSite","@id":"https:\/\/longchangchemical.com\/#website","url":"https:\/\/longchangchemical.com\/","name":"Qu\u00edmica Longchang","description":"Fabricante de produtos qu\u00edmicos na China \uff06 fornecedor","publisher":{"@id":"https:\/\/longchangchemical.com\/#organization"},"potentialAction":[{"@type":"SearchAction","target":{"@type":"EntryPoint","urlTemplate":"https:\/\/longchangchemical.com\/?s={search_term_string}"},"query-input":{"@type":"PropertyValueSpecification","valueRequired":true,"valueName":"search_term_string"}}],"inLanguage":"pt-BR"},{"@type":"Organization","@id":"https:\/\/longchangchemical.com\/#organization","name":"Qu\u00edmica Longchang","url":"https:\/\/longchangchemical.com\/","logo":{"@type":"ImageObject","inLanguage":"pt-BR","@id":"https:\/\/longchangchemical.com\/#\/schema\/logo\/image\/","url":"https:\/\/longchangchemical.com\/wp-content\/uploads\/2020\/08\/cropped-longchang-logo.png","contentUrl":"https:\/\/longchangchemical.com\/wp-content\/uploads\/2020\/08\/cropped-longchang-logo.png","width":512,"height":512,"caption":"Longchang Chemical"},"image":{"@id":"https:\/\/longchangchemical.com\/#\/schema\/logo\/image\/"}}]}},"_links":{"self":[{"href":"https:\/\/longchangchemical.com\/pt\/wp-json\/wp\/v2\/product\/3112","targetHints":{"allow":["GET"]}}],"collection":[{"href":"https:\/\/longchangchemical.com\/pt\/wp-json\/wp\/v2\/product"}],"about":[{"href":"https:\/\/longchangchemical.com\/pt\/wp-json\/wp\/v2\/types\/product"}],"replies":[{"embeddable":true,"href":"https:\/\/longchangchemical.com\/pt\/wp-json\/wp\/v2\/comments?post=3112"}],"wp:featuredmedia":[{"embeddable":true,"href":"https:\/\/longchangchemical.com\/pt\/wp-json\/wp\/v2\/media\/3114"}],"wp:attachment":[{"href":"https:\/\/longchangchemical.com\/pt\/wp-json\/wp\/v2\/media?parent=3112"}],"wp:term":[{"taxonomy":"product_brand","embeddable":true,"href":"https:\/\/longchangchemical.com\/pt\/wp-json\/wp\/v2\/product_brand?post=3112"},{"taxonomy":"product_cat","embeddable":true,"href":"https:\/\/longchangchemical.com\/pt\/wp-json\/wp\/v2\/product_cat?post=3112"},{"taxonomy":"product_tag","embeddable":true,"href":"https:\/\/longchangchemical.com\/pt\/wp-json\/wp\/v2\/product_tag?post=3112"}],"curies":[{"name":"wp","href":"https:\/\/api.w.org\/{rel}","templated":true}]}}