{"id":5600,"date":"2022-09-25T12:44:37","date_gmt":"2022-09-25T12:44:37","guid":{"rendered":"https:\/\/longchangchemical.com\/?post_type=product&#038;p=5600"},"modified":"2026-05-08T02:59:47","modified_gmt":"2026-05-08T02:59:47","slug":"polycondensation-inhibitor-702-4-oxo-tempo-cas-2896-70-0","status":"publish","type":"product","link":"https:\/\/longchangchemical.com\/nl\/product\/polycondensation-inhibitor-702-4-oxo-tempo-cas-2896-70-0\/","title":{"rendered":"CHLUMINIT\u00ae 702 \/ Polycondensatieremmer 702 \/ 4-Oxo-TEMPO CAS 2896-70-0"},"content":{"rendered":"<h2><strong>4-Oxo-TEMPO CAS 2896-70-0<\/strong><\/h2>\n<table style=\"border-collapse: collapse; width: 243.78pt;\" border=\"0\" width=\"325\" cellspacing=\"0\" cellpadding=\"0\">\n<tbody>\n<tr style=\"height: 13.50pt;\">\n<td class=\"et2\" style=\"height: 13.50pt; width: 101.25pt;\" width=\"135\" height=\"18\">Uiterlijk<\/td>\n<td class=\"et3\" style=\"width: 142.50pt;\" width=\"190\">Lichtoranje kristallen<\/td>\n<\/tr>\n<tr style=\"height: 13.50pt;\">\n<td class=\"et2\" style=\"height: 13.50pt;\" height=\"18\">Inhoud<\/td>\n<td class=\"et3\">\u226598%<\/td>\n<\/tr>\n<tr style=\"height: 13.50pt;\">\n<td class=\"et2\" style=\"height: 13.50pt;\" height=\"18\">Smeltpunt<\/td>\n<td class=\"et3\">36-40\u00b0C<\/td>\n<\/tr>\n<tr style=\"height: 13.50pt;\">\n<td class=\"et2\" style=\"height: 13.50pt;\" height=\"18\">As<\/td>\n<td class=\"et3\">\u22640.1%<\/td>\n<\/tr>\n<tr style=\"height: 13.50pt;\">\n<td class=\"et2\" style=\"height: 13.50pt;\" height=\"18\">Volatiliteit<\/td>\n<td class=\"et3\">\u22640.5%<\/td>\n<\/tr>\n<\/tbody>\n<\/table>\n<h2><\/h2>\n<h2><strong>4-Oxo-TEMPO Gebruik<\/strong><\/h2>\n<p>1. Polycondensatieremmer 702 is een nieuw type zeer effici\u00ebnte remmer van het vrije radicaaltype met brede toepassing en hoge effici\u00ebntie in het remmen van polycondensatie, met goed remmend effect in zowel a\u00ebrobe als ana\u00ebrobe omgeving en laag smeltpunt.<\/p>\n<p>2. Het wordt gebruikt om zelfpolymerisatie van polyolefine monomeren te voorkomen tijdens productie, scheiding, raffinage, opslag of transport, en om de polymerisatiegraad van olefinen en hun derivaten in organische synthesereacties te regelen. Het product heeft een goed polymerisatieblokkerend effect op acrylaten, methacrylaten, acrylzuur, acrylonitril, styreen en butadieen. De polymerisatieremmende werking is beter dan die van fenolen, aromatische aminen, ethers, chinonen en nitroverbindingen en andere remmers.<\/p>\n<p>&nbsp;<\/p>\n<h2><strong>4-Oxo-TEMPO Voorzorgsmaatregelen<\/strong><\/h2>\n<p>Vermijd zonlicht, vochtigheid, hoge temperatuur, vermijd opslag met andere zure chemicali\u00ebn.<\/p>\n<p>&nbsp;<\/p>\n<h2><strong>4-Oxo-TEMPO Verpakking<\/strong><\/h2>\n<p>180 kg trommel, of volgens de specifieke eisen van de klant.<\/p>\n<h2><strong><b>Neem nu contact met ons op!<\/b><\/strong><\/h2>\n<h4><strong><b>Als u een COA, MSDS of TDS nodig hebt, vul dan uw contactgegevens in op het onderstaande formulier. Wij nemen doorgaans binnen 24 uur contact met u op.<\/b><\/strong> Je kunt me ook een e-mail sturen <a href=\"mailto:info@longchangchemical.com\"><span style=\"color: #0000ff;\">info@longchangchemical.com<\/span><\/a> tijdens kantooruren (8:30 tot 18:00 UTC+8 ma. ~ za.) of gebruik de live chat op de website voor een snel antwoord.<\/h4>","protected":false},"excerpt":{"rendered":"<p>Engelse naam: 4-Oxo-2,2,6,6-tetramethylpiperidinooxy<\/p>\n<p>CAS-nr.:2896-70-0<\/p>\n<p>Synoniemen: (2,2,6,6-Tetramethyl-4-Oxopiperidin-1-Yl)Oxidanyl; 1-Hydroxy-2,2,6,6-Tetramethylpiperidin-4-One; 1-Oxyl-2,2,6,6-tetramethyl-4-oxopiperidine; 1-Oxyl-2,2,6,6-tetramethyl-4-piperidon; 1-Oxyl-2,2,6,6-tetramethylpiperidin-4-on; 1-Piperidinyloxy, 2,2,6,6-tetramethyl-4-oxo-; 2,2\u2032,6,6\u2032-tetramethyl-4-oxopiperidine-1-oxyl; 2,2,6,6-tetramethyl-4-oxo-1-piperidinooxy;<\/p>\n<p>Chemische structuur: <img decoding=\"async\" title=\"\" src=\"http:\/\/www.unitechem.cn\/upload\/202203\/25\/202203251344237980.png\" alt=\"\" width=\"108\" height=\"90\" align=\"\" \/><\/p>\n<p>Molecuulformule: C9H16NO2<\/p>\n<p>Molecuulgewicht: 170.23<\/p>","protected":false},"featured_media":5601,"comment_status":"open","ping_status":"closed","template":"","meta":[],"product_brand":[],"product_cat":[186],"product_tag":[],"class_list":{"0":"post-5600","1":"product","2":"type-product","3":"status-publish","4":"has-post-thumbnail","6":"product_cat-polymerization-inhibitor","8":"first","9":"instock","10":"shipping-taxable","11":"product-type-simple"},"yoast_head":"<!-- This site is optimized with the Yoast SEO plugin v25.3.1 - https:\/\/yoast.com\/wordpress\/plugins\/seo\/ -->\n<title>702 Polycondensation inhibitor 702 4-Oxo-TEMPO CAS 2896-70-0 | Longchang Chemical<\/title>\n<meta name=\"description\" content=\"702 Polycondensation inhibitor 702 4-Oxo-TEMPO CAS 2896-70-0 is used in industrial processing and formulation applications.\" \/>\n<meta name=\"robots\" content=\"index, follow, max-snippet:-1, max-image-preview:large, max-video-preview:-1\" \/>\n<link rel=\"canonical\" href=\"https:\/\/longchangchemical.com\/nl\/product\/polycondensation-inhibitor-702-4-oxo-tempo-cas-2896-70-0\/\" \/>\n<meta property=\"og:locale\" content=\"nl_NL\" \/>\n<meta property=\"og:type\" content=\"article\" \/>\n<meta property=\"og:title\" content=\"702 Polycondensation inhibitor 702 4-Oxo-TEMPO CAS 2896-70-0 | Longchang Chemical\" \/>\n<meta property=\"og:description\" content=\"702 Polycondensation inhibitor 702 4-Oxo-TEMPO CAS 2896-70-0 is used in industrial processing and formulation applications.\" \/>\n<meta property=\"og:url\" content=\"https:\/\/longchangchemical.com\/nl\/product\/polycondensation-inhibitor-702-4-oxo-tempo-cas-2896-70-0\/\" \/>\n<meta property=\"og:site_name\" content=\"Longchang Chemical\" \/>\n<meta property=\"article:modified_time\" content=\"2026-05-08T02:59:47+00:00\" \/>\n<meta property=\"og:image\" content=\"https:\/\/longchangchemical.com\/wp-content\/uploads\/2022\/09\/20.jpg\" \/>\n\t<meta property=\"og:image:width\" content=\"750\" \/>\n\t<meta property=\"og:image:height\" content=\"750\" \/>\n\t<meta property=\"og:image:type\" content=\"image\/jpeg\" \/>\n<meta name=\"twitter:card\" content=\"summary_large_image\" \/>\n<script type=\"application\/ld+json\" class=\"yoast-schema-graph\">{\"@context\":\"https:\/\/schema.org\",\"@graph\":[{\"@type\":\"WebPage\",\"@id\":\"https:\/\/longchangchemical.com\/product\/polycondensation-inhibitor-702-4-oxo-tempo-cas-2896-70-0\/\",\"url\":\"https:\/\/longchangchemical.com\/product\/polycondensation-inhibitor-702-4-oxo-tempo-cas-2896-70-0\/\",\"name\":\"702 Polycondensation inhibitor 702 4-Oxo-TEMPO CAS 2896-70-0 | Longchang Chemical\",\"isPartOf\":{\"@id\":\"https:\/\/longchangchemical.com\/#website\"},\"primaryImageOfPage\":{\"@id\":\"https:\/\/longchangchemical.com\/product\/polycondensation-inhibitor-702-4-oxo-tempo-cas-2896-70-0\/#primaryimage\"},\"image\":{\"@id\":\"https:\/\/longchangchemical.com\/product\/polycondensation-inhibitor-702-4-oxo-tempo-cas-2896-70-0\/#primaryimage\"},\"thumbnailUrl\":\"https:\/\/longchangchemical.com\/wp-content\/uploads\/2022\/09\/20.jpg\",\"datePublished\":\"2022-09-25T12:44:37+00:00\",\"dateModified\":\"2026-05-08T02:59:47+00:00\",\"description\":\"702 Polycondensation inhibitor 702 4-Oxo-TEMPO CAS 2896-70-0 is used in industrial processing and formulation applications.\",\"breadcrumb\":{\"@id\":\"https:\/\/longchangchemical.com\/product\/polycondensation-inhibitor-702-4-oxo-tempo-cas-2896-70-0\/#breadcrumb\"},\"inLanguage\":\"nl-NL\",\"potentialAction\":[{\"@type\":\"ReadAction\",\"target\":[\"https:\/\/longchangchemical.com\/product\/polycondensation-inhibitor-702-4-oxo-tempo-cas-2896-70-0\/\"]}]},{\"@type\":\"ImageObject\",\"inLanguage\":\"nl-NL\",\"@id\":\"https:\/\/longchangchemical.com\/product\/polycondensation-inhibitor-702-4-oxo-tempo-cas-2896-70-0\/#primaryimage\",\"url\":\"https:\/\/longchangchemical.com\/wp-content\/uploads\/2022\/09\/20.jpg\",\"contentUrl\":\"https:\/\/longchangchemical.com\/wp-content\/uploads\/2022\/09\/20.jpg\",\"width\":750,\"height\":750},{\"@type\":\"BreadcrumbList\",\"@id\":\"https:\/\/longchangchemical.com\/product\/polycondensation-inhibitor-702-4-oxo-tempo-cas-2896-70-0\/#breadcrumb\",\"itemListElement\":[{\"@type\":\"ListItem\",\"position\":1,\"name\":\"Home\",\"item\":\"https:\/\/longchangchemical.com\/\"},{\"@type\":\"ListItem\",\"position\":2,\"name\":\"Products Longchang\",\"item\":\"https:\/\/longchangchemical.com\/product\/\"},{\"@type\":\"ListItem\",\"position\":3,\"name\":\"CHLUMINIT\u00ae 702 \/ Polycondensation inhibitor 702 \/ 4-Oxo-TEMPO CAS 2896-70-0\"}]},{\"@type\":\"WebSite\",\"@id\":\"https:\/\/longchangchemical.com\/#website\",\"url\":\"https:\/\/longchangchemical.com\/\",\"name\":\"Longchang Chemical\",\"description\":\"China chemical manufacturer \uff06 supplier\",\"publisher\":{\"@id\":\"https:\/\/longchangchemical.com\/#organization\"},\"potentialAction\":[{\"@type\":\"SearchAction\",\"target\":{\"@type\":\"EntryPoint\",\"urlTemplate\":\"https:\/\/longchangchemical.com\/?s={search_term_string}\"},\"query-input\":{\"@type\":\"PropertyValueSpecification\",\"valueRequired\":true,\"valueName\":\"search_term_string\"}}],\"inLanguage\":\"nl-NL\"},{\"@type\":\"Organization\",\"@id\":\"https:\/\/longchangchemical.com\/#organization\",\"name\":\"Longchang Chemical\",\"url\":\"https:\/\/longchangchemical.com\/\",\"logo\":{\"@type\":\"ImageObject\",\"inLanguage\":\"nl-NL\",\"@id\":\"https:\/\/longchangchemical.com\/#\/schema\/logo\/image\/\",\"url\":\"https:\/\/longchangchemical.com\/wp-content\/uploads\/2020\/08\/cropped-longchang-logo.png\",\"contentUrl\":\"https:\/\/longchangchemical.com\/wp-content\/uploads\/2020\/08\/cropped-longchang-logo.png\",\"width\":512,\"height\":512,\"caption\":\"Longchang Chemical\"},\"image\":{\"@id\":\"https:\/\/longchangchemical.com\/#\/schema\/logo\/image\/\"}}]}<\/script>\n<!-- \/ Yoast SEO plugin. -->","yoast_head_json":{"title":"702 Polycondensation inhibitor 702 4-Oxo-TEMPO CAS 2896-70-0 | Longchang Chemical","description":"702 Polycondensation inhibitor 702 4-Oxo-TEMPO CAS 2896-70-0 is used in industrial processing and formulation applications.","robots":{"index":"index","follow":"follow","max-snippet":"max-snippet:-1","max-image-preview":"max-image-preview:large","max-video-preview":"max-video-preview:-1"},"canonical":"https:\/\/longchangchemical.com\/nl\/product\/polycondensation-inhibitor-702-4-oxo-tempo-cas-2896-70-0\/","og_locale":"nl_NL","og_type":"article","og_title":"702 Polycondensation inhibitor 702 4-Oxo-TEMPO CAS 2896-70-0 | Longchang Chemical","og_description":"702 Polycondensation inhibitor 702 4-Oxo-TEMPO CAS 2896-70-0 is used in industrial processing and formulation applications.","og_url":"https:\/\/longchangchemical.com\/nl\/product\/polycondensation-inhibitor-702-4-oxo-tempo-cas-2896-70-0\/","og_site_name":"Longchang Chemical","article_modified_time":"2026-05-08T02:59:47+00:00","og_image":[{"width":750,"height":750,"url":"https:\/\/longchangchemical.com\/wp-content\/uploads\/2022\/09\/20.jpg","type":"image\/jpeg"}],"twitter_card":"summary_large_image","schema":{"@context":"https:\/\/schema.org","@graph":[{"@type":"WebPage","@id":"https:\/\/longchangchemical.com\/product\/polycondensation-inhibitor-702-4-oxo-tempo-cas-2896-70-0\/","url":"https:\/\/longchangchemical.com\/product\/polycondensation-inhibitor-702-4-oxo-tempo-cas-2896-70-0\/","name":"702 Polycondensation inhibitor 702 4-Oxo-TEMPO CAS 2896-70-0 | Longchang Chemical","isPartOf":{"@id":"https:\/\/longchangchemical.com\/#website"},"primaryImageOfPage":{"@id":"https:\/\/longchangchemical.com\/product\/polycondensation-inhibitor-702-4-oxo-tempo-cas-2896-70-0\/#primaryimage"},"image":{"@id":"https:\/\/longchangchemical.com\/product\/polycondensation-inhibitor-702-4-oxo-tempo-cas-2896-70-0\/#primaryimage"},"thumbnailUrl":"https:\/\/longchangchemical.com\/wp-content\/uploads\/2022\/09\/20.jpg","datePublished":"2022-09-25T12:44:37+00:00","dateModified":"2026-05-08T02:59:47+00:00","description":"702 Polycondensation inhibitor 702 4-Oxo-TEMPO CAS 2896-70-0 is used in industrial processing and formulation applications.","breadcrumb":{"@id":"https:\/\/longchangchemical.com\/product\/polycondensation-inhibitor-702-4-oxo-tempo-cas-2896-70-0\/#breadcrumb"},"inLanguage":"nl-NL","potentialAction":[{"@type":"ReadAction","target":["https:\/\/longchangchemical.com\/product\/polycondensation-inhibitor-702-4-oxo-tempo-cas-2896-70-0\/"]}]},{"@type":"ImageObject","inLanguage":"nl-NL","@id":"https:\/\/longchangchemical.com\/product\/polycondensation-inhibitor-702-4-oxo-tempo-cas-2896-70-0\/#primaryimage","url":"https:\/\/longchangchemical.com\/wp-content\/uploads\/2022\/09\/20.jpg","contentUrl":"https:\/\/longchangchemical.com\/wp-content\/uploads\/2022\/09\/20.jpg","width":750,"height":750},{"@type":"BreadcrumbList","@id":"https:\/\/longchangchemical.com\/product\/polycondensation-inhibitor-702-4-oxo-tempo-cas-2896-70-0\/#breadcrumb","itemListElement":[{"@type":"ListItem","position":1,"name":"Home","item":"https:\/\/longchangchemical.com\/"},{"@type":"ListItem","position":2,"name":"Products Longchang","item":"https:\/\/longchangchemical.com\/product\/"},{"@type":"ListItem","position":3,"name":"CHLUMINIT\u00ae 702 \/ Polycondensation inhibitor 702 \/ 4-Oxo-TEMPO CAS 2896-70-0"}]},{"@type":"WebSite","@id":"https:\/\/longchangchemical.com\/#website","url":"https:\/\/longchangchemical.com\/","name":"Chemisch bedrijf Longchang","description":"China chemische fabrikant \uff06 leverancier","publisher":{"@id":"https:\/\/longchangchemical.com\/#organization"},"potentialAction":[{"@type":"SearchAction","target":{"@type":"EntryPoint","urlTemplate":"https:\/\/longchangchemical.com\/?s={search_term_string}"},"query-input":{"@type":"PropertyValueSpecification","valueRequired":true,"valueName":"search_term_string"}}],"inLanguage":"nl-NL"},{"@type":"Organization","@id":"https:\/\/longchangchemical.com\/#organization","name":"Chemisch bedrijf Longchang","url":"https:\/\/longchangchemical.com\/","logo":{"@type":"ImageObject","inLanguage":"nl-NL","@id":"https:\/\/longchangchemical.com\/#\/schema\/logo\/image\/","url":"https:\/\/longchangchemical.com\/wp-content\/uploads\/2020\/08\/cropped-longchang-logo.png","contentUrl":"https:\/\/longchangchemical.com\/wp-content\/uploads\/2020\/08\/cropped-longchang-logo.png","width":512,"height":512,"caption":"Longchang Chemical"},"image":{"@id":"https:\/\/longchangchemical.com\/#\/schema\/logo\/image\/"}}]}},"_links":{"self":[{"href":"https:\/\/longchangchemical.com\/nl\/wp-json\/wp\/v2\/product\/5600","targetHints":{"allow":["GET"]}}],"collection":[{"href":"https:\/\/longchangchemical.com\/nl\/wp-json\/wp\/v2\/product"}],"about":[{"href":"https:\/\/longchangchemical.com\/nl\/wp-json\/wp\/v2\/types\/product"}],"replies":[{"embeddable":true,"href":"https:\/\/longchangchemical.com\/nl\/wp-json\/wp\/v2\/comments?post=5600"}],"wp:featuredmedia":[{"embeddable":true,"href":"https:\/\/longchangchemical.com\/nl\/wp-json\/wp\/v2\/media\/5601"}],"wp:attachment":[{"href":"https:\/\/longchangchemical.com\/nl\/wp-json\/wp\/v2\/media?parent=5600"}],"wp:term":[{"taxonomy":"product_brand","embeddable":true,"href":"https:\/\/longchangchemical.com\/nl\/wp-json\/wp\/v2\/product_brand?post=5600"},{"taxonomy":"product_cat","embeddable":true,"href":"https:\/\/longchangchemical.com\/nl\/wp-json\/wp\/v2\/product_cat?post=5600"},{"taxonomy":"product_tag","embeddable":true,"href":"https:\/\/longchangchemical.com\/nl\/wp-json\/wp\/v2\/product_tag?post=5600"}],"curies":[{"name":"wp","href":"https:\/\/api.w.org\/{rel}","templated":true}]}}