{"id":4775,"date":"2021-09-06T02:54:41","date_gmt":"2021-09-06T02:54:41","guid":{"rendered":"https:\/\/longchangchemical.com\/?post_type=product&#038;p=4775"},"modified":"2025-12-22T07:48:24","modified_gmt":"2025-12-22T07:48:24","slug":"soybean-extract-574-12-9","status":"publish","type":"product","link":"https:\/\/longchangchemical.com\/nl\/product\/soybean-extract-574-12-9\/","title":{"rendered":"Sojaextract CAS 574-12-9"},"content":{"rendered":"<h1><strong>Sojaextract CAS 574-12-9<\/strong><\/h1>\n<p>Actieve ingredi\u00ebnten: Aglycon soja-isoflavonen<br \/>\nSpecificatie: 20%-80% (100% Natuurlijk)<br \/>\nAnalysemethode: HPLC<br \/>\nBotanische Bron: Soja (Glycine max.)<br \/>\nGebruikt plantendeel: Sojakiemen<br \/>\nVerschijning: Donkergrijs poeder tot gebroken wit poeder<br \/>\nCertificaten: NON-GMO, HALAL, KOOSJER, SC<\/p>\n<h2><strong>Wat is soja-extract?<\/strong><\/h2>\n<p>Het werd ge\u00ebxtraheerd uit de kiemen van Soja (Glycine max.) eenjarige kruiden van het geslacht Leguminosae, met donkergrijs tot gebroken wit poeder, speciale geur en lichte smaak. Soja-isoflavonen zijn een soort secundaire metabolieten die gevormd worden tijdens de groei van soja. Ze komen voornamelijk voor in de zaadlobben en hypocotylen van sojazaden. De isoflavonen van soja omvatten geniste\u00efne, daidze\u00efne en daidze\u00efne. Natuurlijke soja-isoflavonen zijn voornamelijk samengesteld uit soja-isoflavonen \u03b2- In de vorm van glucoside kan soja-isoflavon worden gehydrolyseerd tot vrij isoflavon onder invloed van verschillende isoflavonglucosidasen. Aglycon soja-isoflavonen: Aglyconisoflavonen maken 80% uit van de totale isoflavonen. De glucosegroep in glucoside soja isoflavon werd verwijderd door enzymatische hydrolyse en omgezet in vrij soja isoflavon met een hogere activiteit.<\/p>\n<p>&nbsp;<\/p>\n<h2>Soja-extract Functie en gebruik:<\/h2>\n<p>Zwak oestrogeen en anti-oestrogeen helpen bij het verlichten van symptomen die samenhangen met de menopauze<\/p>\n<p>Anti-oxidatie, anti-veroudert, verbetert huidkwaliteit<\/p>\n<p>Anti-osteoporsis<\/p>\n<p>Hart- en vaatziekten voorkomen<\/p>\n<p>Voordelen: Laag pesticidenresidu, Laag oplosmiddelenresidu, Voldoe aan de norm van Plastificeermiddel, Niet-GGO, Niet-Gestraald, Voldoe aan de norm van PAK4...En ga zo maar door<\/p>\n<p>1. Bescherming van het milieu: Er wordt geen afvalwater geloosd in de hele productie, u kunt bijdragen aan de bescherming van het milieu wanneer u producten koopt<\/p>\n<p>2. Technologie: Automatische continue tegenstroom extractie technologie, hoge mate van automatisering in het product productieproces.<\/p>\n<p>3. Sociale verantwoordelijkheid: Rationeel gebruik van grondstoffenresidu en sociale verantwoordelijkheid<\/p>\n<p>4. Effectief: De gehele productietemperatuur van het product is niet meer dan 60\u2103, en de biologische activiteit van het product wordt effectief beschermd.<\/p>\n<p>We kunnen de producten maken in overeenstemming met uw eisen.<\/p>\n<p>Verklaringen: Kan worden geleverd volgens de behoefte van de klant.<\/p>\n<p>&nbsp;<\/p>\n<h2><strong><b>Neem nu contact met ons op!<\/b><\/strong><\/h2>\n<h4><strong><b>Als je een COA, MSDS of TDS nodig hebt, vul dan je contactgegevens in op het formulier hieronder. We nemen meestal binnen 24 uur contact met je op. U kunt mij ook een e-mail sturen <span style=\"color: #0000ff;\"><a style=\"color: #0000ff;\" href=\"mailto:info@longchangchemical.com\">info@longchangchemical.com<\/a><\/span> tijdens kantooruren (8:30 tot 18:00 UTC+8 ma. ~ za.) of gebruik de live chat op de website voor een snel antwoord.<\/b><\/strong><\/h4>","protected":false},"excerpt":{"rendered":"<h4>Naam van het product: Soja Extract<\/h4>\n<h4>CAS: 574-12-9<\/h4>\n<h4>Molecuulformule: C15H10O2<\/h4>\n<h4>Extractie oplosmiddel: Ethanol en water<\/h4>\n<h4>Molecuulgewicht: 222,243<\/h4>\n<h4>Bestraling: Niet-bestraald<\/h4>\n<h4>Identificatie: TLC<\/h4>\n<h4>GMO: Niet-GGO<\/h4>\n<h4>Drager\/excipi\u00ebnten: Geen<\/h4>","protected":false},"featured_media":4776,"comment_status":"open","ping_status":"closed","template":"","meta":[],"product_brand":[],"product_cat":[113],"product_tag":[],"class_list":{"0":"post-4775","1":"product","2":"type-product","3":"status-publish","4":"has-post-thumbnail","6":"product_cat-organic-intermediate","8":"first","9":"instock","10":"shipping-taxable","11":"product-type-simple"},"yoast_head":"<!-- This site is optimized with the Yoast SEO plugin v25.3.1 - https:\/\/yoast.com\/wordpress\/plugins\/seo\/ -->\n<title>China Soybean Extract CAS 574-12-9 Manufacturer - Longchang Chemical<\/title>\n<meta name=\"description\" content=\"Soybean Extract CAS 574-12-9 is a key product of Longchang Chemical. We provide the best price. We are the leading manufacturer in China with the best quality and competitive price.\" \/>\n<meta name=\"robots\" content=\"index, follow, max-snippet:-1, max-image-preview:large, max-video-preview:-1\" \/>\n<link rel=\"canonical\" href=\"https:\/\/longchangchemical.com\/nl\/product\/soybean-extract-574-12-9\/\" \/>\n<meta property=\"og:locale\" content=\"nl_NL\" \/>\n<meta property=\"og:type\" content=\"article\" \/>\n<meta property=\"og:title\" content=\"China Soybean Extract CAS 574-12-9 Manufacturer - Longchang Chemical\" \/>\n<meta property=\"og:description\" content=\"Soybean Extract CAS 574-12-9 is a key product of Longchang Chemical. We provide the best price. We are the leading manufacturer in China with the best quality and competitive price.\" \/>\n<meta property=\"og:url\" content=\"https:\/\/longchangchemical.com\/nl\/product\/soybean-extract-574-12-9\/\" \/>\n<meta property=\"og:site_name\" content=\"Longchang Chemical\" \/>\n<meta property=\"article:modified_time\" content=\"2025-12-22T07:48:24+00:00\" \/>\n<meta property=\"og:image\" content=\"https:\/\/longchangchemical.com\/wp-content\/uploads\/2021\/09\/Soybean-Extract-CAS-574-12-9.jpg\" \/>\n\t<meta property=\"og:image:width\" content=\"600\" \/>\n\t<meta property=\"og:image:height\" content=\"600\" \/>\n\t<meta property=\"og:image:type\" content=\"image\/jpeg\" \/>\n<meta name=\"twitter:card\" content=\"summary_large_image\" \/>\n<script type=\"application\/ld+json\" class=\"yoast-schema-graph\">{\"@context\":\"https:\/\/schema.org\",\"@graph\":[{\"@type\":\"WebPage\",\"@id\":\"https:\/\/longchangchemical.com\/product\/soybean-extract-574-12-9\/\",\"url\":\"https:\/\/longchangchemical.com\/product\/soybean-extract-574-12-9\/\",\"name\":\"China Soybean Extract CAS 574-12-9 Manufacturer - Longchang Chemical\",\"isPartOf\":{\"@id\":\"https:\/\/longchangchemical.com\/#website\"},\"primaryImageOfPage\":{\"@id\":\"https:\/\/longchangchemical.com\/product\/soybean-extract-574-12-9\/#primaryimage\"},\"image\":{\"@id\":\"https:\/\/longchangchemical.com\/product\/soybean-extract-574-12-9\/#primaryimage\"},\"thumbnailUrl\":\"https:\/\/longchangchemical.com\/wp-content\/uploads\/2021\/09\/Soybean-Extract-CAS-574-12-9.jpg\",\"datePublished\":\"2021-09-06T02:54:41+00:00\",\"dateModified\":\"2025-12-22T07:48:24+00:00\",\"description\":\"Soybean Extract CAS 574-12-9 is a key product of Longchang Chemical. We provide the best price. We are the leading manufacturer in China with the best quality and competitive price.\",\"breadcrumb\":{\"@id\":\"https:\/\/longchangchemical.com\/product\/soybean-extract-574-12-9\/#breadcrumb\"},\"inLanguage\":\"nl-NL\",\"potentialAction\":[{\"@type\":\"ReadAction\",\"target\":[\"https:\/\/longchangchemical.com\/product\/soybean-extract-574-12-9\/\"]}]},{\"@type\":\"ImageObject\",\"inLanguage\":\"nl-NL\",\"@id\":\"https:\/\/longchangchemical.com\/product\/soybean-extract-574-12-9\/#primaryimage\",\"url\":\"https:\/\/longchangchemical.com\/wp-content\/uploads\/2021\/09\/Soybean-Extract-CAS-574-12-9.jpg\",\"contentUrl\":\"https:\/\/longchangchemical.com\/wp-content\/uploads\/2021\/09\/Soybean-Extract-CAS-574-12-9.jpg\",\"width\":600,\"height\":600},{\"@type\":\"BreadcrumbList\",\"@id\":\"https:\/\/longchangchemical.com\/product\/soybean-extract-574-12-9\/#breadcrumb\",\"itemListElement\":[{\"@type\":\"ListItem\",\"position\":1,\"name\":\"Home\",\"item\":\"https:\/\/longchangchemical.com\/\"},{\"@type\":\"ListItem\",\"position\":2,\"name\":\"Products Longchang\",\"item\":\"https:\/\/longchangchemical.com\/product\/\"},{\"@type\":\"ListItem\",\"position\":3,\"name\":\"Soybean Extract CAS 574-12-9\"}]},{\"@type\":\"WebSite\",\"@id\":\"https:\/\/longchangchemical.com\/#website\",\"url\":\"https:\/\/longchangchemical.com\/\",\"name\":\"Longchang Chemical\",\"description\":\"China chemical manufacturer \uff06 supplier\",\"publisher\":{\"@id\":\"https:\/\/longchangchemical.com\/#organization\"},\"potentialAction\":[{\"@type\":\"SearchAction\",\"target\":{\"@type\":\"EntryPoint\",\"urlTemplate\":\"https:\/\/longchangchemical.com\/?s={search_term_string}\"},\"query-input\":{\"@type\":\"PropertyValueSpecification\",\"valueRequired\":true,\"valueName\":\"search_term_string\"}}],\"inLanguage\":\"nl-NL\"},{\"@type\":\"Organization\",\"@id\":\"https:\/\/longchangchemical.com\/#organization\",\"name\":\"Longchang Chemical\",\"url\":\"https:\/\/longchangchemical.com\/\",\"logo\":{\"@type\":\"ImageObject\",\"inLanguage\":\"nl-NL\",\"@id\":\"https:\/\/longchangchemical.com\/#\/schema\/logo\/image\/\",\"url\":\"https:\/\/longchangchemical.com\/wp-content\/uploads\/2020\/08\/cropped-longchang-logo.png\",\"contentUrl\":\"https:\/\/longchangchemical.com\/wp-content\/uploads\/2020\/08\/cropped-longchang-logo.png\",\"width\":512,\"height\":512,\"caption\":\"Longchang Chemical\"},\"image\":{\"@id\":\"https:\/\/longchangchemical.com\/#\/schema\/logo\/image\/\"}}]}<\/script>\n<!-- \/ Yoast SEO plugin. -->","yoast_head_json":{"title":"China Sojaextract CAS 574-12-9 Fabrikant - Longchang Chemical","description":"Sojaextract CAS 574-12-9 is een belangrijk product van Longchang Chemical. Wij bieden de beste prijs. Wij zijn de toonaangevende fabrikant in China met de beste kwaliteit en concurrerende prijs.","robots":{"index":"index","follow":"follow","max-snippet":"max-snippet:-1","max-image-preview":"max-image-preview:large","max-video-preview":"max-video-preview:-1"},"canonical":"https:\/\/longchangchemical.com\/nl\/product\/soybean-extract-574-12-9\/","og_locale":"nl_NL","og_type":"article","og_title":"China Soybean Extract CAS 574-12-9 Manufacturer - Longchang Chemical","og_description":"Soybean Extract CAS 574-12-9 is a key product of Longchang Chemical. We provide the best price. We are the leading manufacturer in China with the best quality and competitive price.","og_url":"https:\/\/longchangchemical.com\/nl\/product\/soybean-extract-574-12-9\/","og_site_name":"Longchang Chemical","article_modified_time":"2025-12-22T07:48:24+00:00","og_image":[{"width":600,"height":600,"url":"https:\/\/longchangchemical.com\/wp-content\/uploads\/2021\/09\/Soybean-Extract-CAS-574-12-9.jpg","type":"image\/jpeg"}],"twitter_card":"summary_large_image","schema":{"@context":"https:\/\/schema.org","@graph":[{"@type":"WebPage","@id":"https:\/\/longchangchemical.com\/product\/soybean-extract-574-12-9\/","url":"https:\/\/longchangchemical.com\/product\/soybean-extract-574-12-9\/","name":"China Sojaextract CAS 574-12-9 Fabrikant - Longchang Chemical","isPartOf":{"@id":"https:\/\/longchangchemical.com\/#website"},"primaryImageOfPage":{"@id":"https:\/\/longchangchemical.com\/product\/soybean-extract-574-12-9\/#primaryimage"},"image":{"@id":"https:\/\/longchangchemical.com\/product\/soybean-extract-574-12-9\/#primaryimage"},"thumbnailUrl":"https:\/\/longchangchemical.com\/wp-content\/uploads\/2021\/09\/Soybean-Extract-CAS-574-12-9.jpg","datePublished":"2021-09-06T02:54:41+00:00","dateModified":"2025-12-22T07:48:24+00:00","description":"Sojaextract CAS 574-12-9 is een belangrijk product van Longchang Chemical. Wij bieden de beste prijs. Wij zijn de toonaangevende fabrikant in China met de beste kwaliteit en concurrerende prijs.","breadcrumb":{"@id":"https:\/\/longchangchemical.com\/product\/soybean-extract-574-12-9\/#breadcrumb"},"inLanguage":"nl-NL","potentialAction":[{"@type":"ReadAction","target":["https:\/\/longchangchemical.com\/product\/soybean-extract-574-12-9\/"]}]},{"@type":"ImageObject","inLanguage":"nl-NL","@id":"https:\/\/longchangchemical.com\/product\/soybean-extract-574-12-9\/#primaryimage","url":"https:\/\/longchangchemical.com\/wp-content\/uploads\/2021\/09\/Soybean-Extract-CAS-574-12-9.jpg","contentUrl":"https:\/\/longchangchemical.com\/wp-content\/uploads\/2021\/09\/Soybean-Extract-CAS-574-12-9.jpg","width":600,"height":600},{"@type":"BreadcrumbList","@id":"https:\/\/longchangchemical.com\/product\/soybean-extract-574-12-9\/#breadcrumb","itemListElement":[{"@type":"ListItem","position":1,"name":"Home","item":"https:\/\/longchangchemical.com\/"},{"@type":"ListItem","position":2,"name":"Products Longchang","item":"https:\/\/longchangchemical.com\/product\/"},{"@type":"ListItem","position":3,"name":"Soybean Extract CAS 574-12-9"}]},{"@type":"WebSite","@id":"https:\/\/longchangchemical.com\/#website","url":"https:\/\/longchangchemical.com\/","name":"Chemisch bedrijf Longchang","description":"China chemische fabrikant \uff06 leverancier","publisher":{"@id":"https:\/\/longchangchemical.com\/#organization"},"potentialAction":[{"@type":"SearchAction","target":{"@type":"EntryPoint","urlTemplate":"https:\/\/longchangchemical.com\/?s={search_term_string}"},"query-input":{"@type":"PropertyValueSpecification","valueRequired":true,"valueName":"search_term_string"}}],"inLanguage":"nl-NL"},{"@type":"Organization","@id":"https:\/\/longchangchemical.com\/#organization","name":"Chemisch bedrijf Longchang","url":"https:\/\/longchangchemical.com\/","logo":{"@type":"ImageObject","inLanguage":"nl-NL","@id":"https:\/\/longchangchemical.com\/#\/schema\/logo\/image\/","url":"https:\/\/longchangchemical.com\/wp-content\/uploads\/2020\/08\/cropped-longchang-logo.png","contentUrl":"https:\/\/longchangchemical.com\/wp-content\/uploads\/2020\/08\/cropped-longchang-logo.png","width":512,"height":512,"caption":"Longchang Chemical"},"image":{"@id":"https:\/\/longchangchemical.com\/#\/schema\/logo\/image\/"}}]}},"_links":{"self":[{"href":"https:\/\/longchangchemical.com\/nl\/wp-json\/wp\/v2\/product\/4775","targetHints":{"allow":["GET"]}}],"collection":[{"href":"https:\/\/longchangchemical.com\/nl\/wp-json\/wp\/v2\/product"}],"about":[{"href":"https:\/\/longchangchemical.com\/nl\/wp-json\/wp\/v2\/types\/product"}],"replies":[{"embeddable":true,"href":"https:\/\/longchangchemical.com\/nl\/wp-json\/wp\/v2\/comments?post=4775"}],"wp:featuredmedia":[{"embeddable":true,"href":"https:\/\/longchangchemical.com\/nl\/wp-json\/wp\/v2\/media\/4776"}],"wp:attachment":[{"href":"https:\/\/longchangchemical.com\/nl\/wp-json\/wp\/v2\/media?parent=4775"}],"wp:term":[{"taxonomy":"product_brand","embeddable":true,"href":"https:\/\/longchangchemical.com\/nl\/wp-json\/wp\/v2\/product_brand?post=4775"},{"taxonomy":"product_cat","embeddable":true,"href":"https:\/\/longchangchemical.com\/nl\/wp-json\/wp\/v2\/product_cat?post=4775"},{"taxonomy":"product_tag","embeddable":true,"href":"https:\/\/longchangchemical.com\/nl\/wp-json\/wp\/v2\/product_tag?post=4775"}],"curies":[{"name":"wp","href":"https:\/\/api.w.org\/{rel}","templated":true}]}}