{"id":3661,"date":"2024-05-15T02:46:16","date_gmt":"2024-05-15T02:46:16","guid":{"rendered":"https:\/\/longchangchemical.com\/?post_type=product&#038;p=3661"},"modified":"2025-12-16T09:39:36","modified_gmt":"2025-12-16T09:39:36","slug":"hydroxypinacolone-retinoate-cas-893412-73-2","status":"publish","type":"product","link":"https:\/\/longchangchemical.com\/nl\/product\/hydroxypinacolone-retinoate-cas-893412-73-2\/","title":{"rendered":"hydroxypinacolon retinoaat cas 893412-73-2"},"content":{"rendered":"<h1><strong>hydroxypinacolon retinoaat cas 893412-73-2<\/strong><\/h1>\n<p>&nbsp;<\/p>\n<table class=\"table-1\" cellspacing=\"0\">\n<tbody>\n<tr>\n<td>Uiterlijk<\/td>\n<td>Geel poeder of kristal<\/td>\n<\/tr>\n<tr>\n<td>Identificeer<\/td>\n<td>Voldoet<\/td>\n<\/tr>\n<tr>\n<td>oplosbaarheid<\/td>\n<td>Lost niet op in water<\/td>\n<\/tr>\n<tr>\n<td>Gloeiresten<\/td>\n<td>\u22640.1%<\/td>\n<\/tr>\n<tr>\n<td>Zwaar metaal<\/td>\n<td>\u226420ppm<\/td>\n<\/tr>\n<tr>\n<td>Assay<\/td>\n<td>\u226595.0%<\/td>\n<\/tr>\n<tr>\n<td>Uiterlijk<\/td>\n<td>Geel poeder of kristal<\/td>\n<\/tr>\n<tr>\n<td>Identificeer<\/td>\n<td>Voldoet<\/td>\n<\/tr>\n<\/tbody>\n<\/table>\n<p>&nbsp;<\/p>\n<p>&nbsp;<\/p>\n<p><strong>Hydroxypinacolone Retinoate Gebruik<\/strong><\/p>\n<p><strong>Hydroxy pinacolone retinoate is een retinolderivaat met de functie om het metabolisme van de epidermis en de hoornlaag te reguleren, dat kan worden gebruikt voor anti-aging, seborrhea kan verminderen, epidermale pigmentatie kan verlichten en een rol kan spelen bij het voorkomen van huidveroudering, het voorkomen van acne en het bleken en oplichten van pigmentvlekken. Het verzekert het krachtige effect van retinol terwijl het de irritatie sterk vermindert, en wordt momenteel gebruikt voor anti-aging en preventie van acne flare-ups.<\/strong><\/p>\n<p>1. Acne verwijderen<br \/>\n2.Anti-rimpel<br \/>\n3.Brighten huidskleur<br \/>\nHoeveelheid additief: 0,1 ~ 0,3%<\/p>\n<p><strong>Hydroxypinacolone Retinoate Verpakking en verzending<\/strong><\/p>\n<p>Verpakking: G\/Aluminiumfoliezak<\/p>\n<p><strong>Hydroxypinacolone Retinoate Opslag<\/strong><\/p>\n<p>Bewaren in een koele, geventileerde opslagruimte. De opslagtemperatuur mag niet hoger zijn dan 37\u00b0C. Het moet gescheiden van oxidanten en eetbare chemicali\u00ebn worden opgeslagen en gemengde opslag moet worden vermeden.<\/p>\n<h2><span style=\"color: #000000;\"><strong><b>Neem nu contact met ons op!<\/b><\/strong><\/span><\/h2>\n<h4><span style=\"color: #000000;\"><strong><b>Als je Price nodig hebt, vul dan je contactgegevens in op het formulier hieronder. We nemen dan meestal binnen 24 uur contact met je op. Je kunt me ook een e-mail sturen <span style=\"color: #00ffff;\"><a style=\"color: #00ffff;\" href=\"mailto:info@longchangchemical.com\">info@longchangchemical.com<\/a><\/span> tijdens kantooruren (8:30 tot 18:00 UTC+8 ma. ~ za.) of gebruik de live chat op de website voor een snel antwoord.<\/b><\/strong><\/span><\/h4>\n<p><!--more--><\/p>\n<h2><strong>Nieuwe alternatieven voor Retinol<\/strong><\/h2>\n<p>Hydroxy pinacol koperretinoaat, afgekort HPR, is een nieuw retino\u00efde derivaat. Het wordt gevormd door verestering van retino\u00efnezuur en de kleine molecule pinacol. In tegenstelling tot andere retino\u00efdezuurderivaten behoudt HPR de werkzaamheidsgroep van retino\u00efnezuur en hoeft het niet te worden omgezet in retino\u00efnezuur, zodat het direct op de retino\u00efnezuurreceptor kan werken en een rol kan spelen, en het effect bij anti-veroudering is vergelijkbaar met dat van all-trans retino\u00efnezuur. In dit artikel worden enkele van de gebruiksvoordelen beschreven.<\/p>\n<p>Hydroxy-pinacolon-retinoaat<\/p>\n<p>Vriendelijker.<br \/>\nWetenschappers vergeleken de effecten van meerdere vitamine A's (waaronder HPR, transretino\u00efnezuur, retinol, retinaldehyde en retinylpalmitaat) op het gebied van anti-aging en irritatie in een in vitro model van de menselijke huid. Uit dit onderzoek bleek dat HPR minder ontstekingen induceerde (gelabeld door IL-1\u03b1) dan retino\u00efnezuur. De cytotoxiciteit was ook lager bij een 10-voudige concentratie. Daarom is HPR een stabieler en milder alternatief voor retino\u00efnezuur en kan het in cosmetica worden gebruikt.<\/p>\n<p>Effectiever<br \/>\nAnti-rimpel<br \/>\nBij gebruik van het hydroxy pinacolone retino\u00efde-bevattend product kan op de afbeeldingen van het kuiltjevolume, de rimpels en de fijne lijntjes, die plaatselijk bij de proefpersonen zijn genomen op dag 0 (W0), 14 (W14) en 28 (W28), worden waargenomen dat na gebruik van het monster met WL-HPR1130 serum gedurende 2 weken en 4 weken, het kuiltjevolume in de ooghoeken van de proefpersonen, de rimpels en de fijne lijntjes aanzienlijk zijn veranderd en de neiging vertonen om af te nemen.<\/p>\n<p>Bevorderen van het keratinemetabolisme<br \/>\nHydroxypinacolon retinoaat (HPR) verkleint de pori\u00ebn en vermindert de ruwheid van de huid door het metabolisme van keratine te versnellen, keratinocyten in staat te stellen goed te differenti\u00ebren en de synthese van interstiti\u00eble lipiden te bevorderen, wat resulteert in een gladdere, meer egale huid.<\/p>\n<p>HPR vermindert puistjes door keratinemetabolisme, vermindert de blokkering van de follikelopening en remt de talgklieren om olie af te scheiden, waardoor acne minder snel uitbreekt en huidontstekingen worden onderdrukt en ge\u00eblimineerd. Het kan de huid ook witter maken door het keratinemetabolisme, het versnellen van de afvoer van melanocyten en het verminderen van de productie van melanocyten.<\/p>\n<p>Stabieler<br \/>\nOnderzoekers testten de lichtgevoeligheid van vitamine A-analogen en van alle geteste vitamine A werden retinylpalmitaat (Rpal) en b\u00e8tacaroteen (\u03b2cal) het gemakkelijkst door foto's afgebroken. Na een week blootstelling aan licht werden ze bijna volledig afgebroken, terwijl hydroxypinacolon retinylpalmitaat (HPR) na een week met slechts 40% afbrak. Gemiddeld had blootstelling aan licht het minste effect op de stabiliteit van HPR van alle geteste vitamine A.<\/p>\n<p>Bovendien bleef HPR volgens de experimentele gegevens in het artikel zeer stabiel in de formulering (in wezen onveranderd ten opzichte van het oorspronkelijke 95%-gehalte) in een gesimuleerde stabiliteitstest op lange termijn (6 maanden bij 25\u00b0C en 60% vochtigheid) en in een versnelde stabiliteitstest (40\u00b0C, aan UV-blootgestelde omgeving). Voor verschillende andere klasse A-derivaten werd significante degradatie aangetoond.<\/p>\n<p>Samenvatting<br \/>\nHydroxy pinacolone retinoate heeft een direct effect, dat zich direct kan binden aan de retino\u00efnezuurreceptor zonder conversieproces en een snel begin van actie heeft; met een klein moleculair gewicht heeft het het voordeel dat het gemakkelijker transdermaal wordt geabsorbeerd, weinig irritatie, hoge activiteit en hoge stabiliteit heeft, wat niet alleen beter is in werkzaamheid dan traditionele retinol, maar ook beter in veiligheid, en een groot toepassingspotentieel heeft.<\/p>","protected":false},"excerpt":{"rendered":"<p>Chemische Naam: Hydroxypinacolone Retinoate<\/p>\n<p>CAS-nr.: 893412-73-2<\/p>\n<p>Moleculaire formule: C26H38O3<\/p>\n<p>Molecuulgewicht: 398.57812<\/p>\n<p>Moleculaire structuur:<img decoding=\"async\" title=\"Hydroxypinacolone Retinoate CAS 893412-73-2\" src=\"https:\/\/www.longchangchemical.com\/wp-content\/uploads\/product-details\/20200603325600.png\" alt=\"Hydroxypinacolone Retinoate CAS 893412-73-2\" width=\"409\" height=\"200\" \/><\/p>\n<p>Verschijning: Geel poeder of kristal<\/p>\n<p>&nbsp;<\/p>","protected":false},"featured_media":0,"comment_status":"open","ping_status":"closed","template":"","meta":[],"product_brand":[],"product_cat":[103],"product_tag":[],"class_list":{"0":"post-3661","1":"product","2":"type-product","3":"status-publish","5":"product_cat-cosmetic-additives","7":"first","8":"instock","9":"shipping-taxable","10":"product-type-simple"},"yoast_head":"<!-- This site is optimized with the Yoast SEO plugin v25.3.1 - https:\/\/yoast.com\/wordpress\/plugins\/seo\/ -->\n<title>China hydroxypinacolone retinoate cas 893412-73-2 manufacturer - Longchang Chemical<\/title>\n<meta name=\"description\" content=\"hydroxypinacolone retinoate cas 893412-73-2 is key product of LongChang Chemical. We provide best price. We are the leading manufacturer in China with the best quanlity and competitive price.\" \/>\n<meta name=\"robots\" content=\"index, follow, max-snippet:-1, max-image-preview:large, max-video-preview:-1\" \/>\n<link rel=\"canonical\" href=\"https:\/\/longchangchemical.com\/nl\/product\/hydroxypinacolone-retinoate-cas-893412-73-2\/\" \/>\n<meta property=\"og:locale\" content=\"nl_NL\" \/>\n<meta property=\"og:type\" content=\"article\" \/>\n<meta property=\"og:title\" content=\"China hydroxypinacolone retinoate cas 893412-73-2 manufacturer - Longchang Chemical\" \/>\n<meta property=\"og:description\" content=\"hydroxypinacolone retinoate cas 893412-73-2 is key product of LongChang Chemical. We provide best price. We are the leading manufacturer in China with the best quanlity and competitive price.\" \/>\n<meta property=\"og:url\" content=\"https:\/\/longchangchemical.com\/nl\/product\/hydroxypinacolone-retinoate-cas-893412-73-2\/\" \/>\n<meta property=\"og:site_name\" content=\"Longchang Chemical\" \/>\n<meta property=\"article:modified_time\" content=\"2025-12-16T09:39:36+00:00\" \/>\n<meta property=\"og:image\" content=\"https:\/\/longchangchemical.com\/wp-content\/uploads\/2024\/02\/logo-jpeg.jpg\" \/>\n\t<meta property=\"og:image:width\" content=\"1000\" \/>\n\t<meta property=\"og:image:height\" content=\"1000\" \/>\n\t<meta property=\"og:image:type\" content=\"image\/jpeg\" \/>\n<meta name=\"twitter:card\" content=\"summary_large_image\" \/>\n<script type=\"application\/ld+json\" class=\"yoast-schema-graph\">{\"@context\":\"https:\/\/schema.org\",\"@graph\":[{\"@type\":\"WebPage\",\"@id\":\"https:\/\/longchangchemical.com\/product\/hydroxypinacolone-retinoate-cas-893412-73-2\/\",\"url\":\"https:\/\/longchangchemical.com\/product\/hydroxypinacolone-retinoate-cas-893412-73-2\/\",\"name\":\"China hydroxypinacolone retinoate cas 893412-73-2 manufacturer - Longchang Chemical\",\"isPartOf\":{\"@id\":\"https:\/\/longchangchemical.com\/#website\"},\"datePublished\":\"2024-05-15T02:46:16+00:00\",\"dateModified\":\"2025-12-16T09:39:36+00:00\",\"description\":\"hydroxypinacolone retinoate cas 893412-73-2 is key product of LongChang Chemical. We provide best price. We are the leading manufacturer in China with the best quanlity and competitive price.\",\"breadcrumb\":{\"@id\":\"https:\/\/longchangchemical.com\/product\/hydroxypinacolone-retinoate-cas-893412-73-2\/#breadcrumb\"},\"inLanguage\":\"nl-NL\",\"potentialAction\":[{\"@type\":\"ReadAction\",\"target\":[\"https:\/\/longchangchemical.com\/product\/hydroxypinacolone-retinoate-cas-893412-73-2\/\"]}]},{\"@type\":\"BreadcrumbList\",\"@id\":\"https:\/\/longchangchemical.com\/product\/hydroxypinacolone-retinoate-cas-893412-73-2\/#breadcrumb\",\"itemListElement\":[{\"@type\":\"ListItem\",\"position\":1,\"name\":\"Home\",\"item\":\"https:\/\/longchangchemical.com\/\"},{\"@type\":\"ListItem\",\"position\":2,\"name\":\"Products Longchang\",\"item\":\"https:\/\/longchangchemical.com\/product\/\"},{\"@type\":\"ListItem\",\"position\":3,\"name\":\"hydroxypinacolone retinoate cas 893412-73-2\"}]},{\"@type\":\"WebSite\",\"@id\":\"https:\/\/longchangchemical.com\/#website\",\"url\":\"https:\/\/longchangchemical.com\/\",\"name\":\"Longchang Chemical\",\"description\":\"China chemical manufacturer \uff06 supplier\",\"publisher\":{\"@id\":\"https:\/\/longchangchemical.com\/#organization\"},\"potentialAction\":[{\"@type\":\"SearchAction\",\"target\":{\"@type\":\"EntryPoint\",\"urlTemplate\":\"https:\/\/longchangchemical.com\/?s={search_term_string}\"},\"query-input\":{\"@type\":\"PropertyValueSpecification\",\"valueRequired\":true,\"valueName\":\"search_term_string\"}}],\"inLanguage\":\"nl-NL\"},{\"@type\":\"Organization\",\"@id\":\"https:\/\/longchangchemical.com\/#organization\",\"name\":\"Longchang Chemical\",\"url\":\"https:\/\/longchangchemical.com\/\",\"logo\":{\"@type\":\"ImageObject\",\"inLanguage\":\"nl-NL\",\"@id\":\"https:\/\/longchangchemical.com\/#\/schema\/logo\/image\/\",\"url\":\"https:\/\/longchangchemical.com\/wp-content\/uploads\/2020\/08\/cropped-longchang-logo.png\",\"contentUrl\":\"https:\/\/longchangchemical.com\/wp-content\/uploads\/2020\/08\/cropped-longchang-logo.png\",\"width\":512,\"height\":512,\"caption\":\"Longchang Chemical\"},\"image\":{\"@id\":\"https:\/\/longchangchemical.com\/#\/schema\/logo\/image\/\"}}]}<\/script>\n<!-- \/ Yoast SEO plugin. -->","yoast_head_json":{"title":"China hydroxypinacolone retinoate cas 893412-73-2 fabrikant - Longchang Chemical","description":"hydroxypinacolone retinoate cas 893412-73-2 is het belangrijkste product van LongChang Chemical. Wij bieden de beste prijs. Wij zijn de toonaangevende fabrikant in China met de beste quanlity en concurrerende prijs.","robots":{"index":"index","follow":"follow","max-snippet":"max-snippet:-1","max-image-preview":"max-image-preview:large","max-video-preview":"max-video-preview:-1"},"canonical":"https:\/\/longchangchemical.com\/nl\/product\/hydroxypinacolone-retinoate-cas-893412-73-2\/","og_locale":"nl_NL","og_type":"article","og_title":"China hydroxypinacolone retinoate cas 893412-73-2 manufacturer - Longchang Chemical","og_description":"hydroxypinacolone retinoate cas 893412-73-2 is key product of LongChang Chemical. We provide best price. We are the leading manufacturer in China with the best quanlity and competitive price.","og_url":"https:\/\/longchangchemical.com\/nl\/product\/hydroxypinacolone-retinoate-cas-893412-73-2\/","og_site_name":"Longchang Chemical","article_modified_time":"2025-12-16T09:39:36+00:00","og_image":[{"width":1000,"height":1000,"url":"https:\/\/longchangchemical.com\/wp-content\/uploads\/2024\/02\/logo-jpeg.jpg","type":"image\/jpeg"}],"twitter_card":"summary_large_image","schema":{"@context":"https:\/\/schema.org","@graph":[{"@type":"WebPage","@id":"https:\/\/longchangchemical.com\/product\/hydroxypinacolone-retinoate-cas-893412-73-2\/","url":"https:\/\/longchangchemical.com\/product\/hydroxypinacolone-retinoate-cas-893412-73-2\/","name":"China hydroxypinacolone retinoate cas 893412-73-2 fabrikant - Longchang Chemical","isPartOf":{"@id":"https:\/\/longchangchemical.com\/#website"},"datePublished":"2024-05-15T02:46:16+00:00","dateModified":"2025-12-16T09:39:36+00:00","description":"hydroxypinacolone retinoate cas 893412-73-2 is het belangrijkste product van LongChang Chemical. Wij bieden de beste prijs. Wij zijn de toonaangevende fabrikant in China met de beste quanlity en concurrerende prijs.","breadcrumb":{"@id":"https:\/\/longchangchemical.com\/product\/hydroxypinacolone-retinoate-cas-893412-73-2\/#breadcrumb"},"inLanguage":"nl-NL","potentialAction":[{"@type":"ReadAction","target":["https:\/\/longchangchemical.com\/product\/hydroxypinacolone-retinoate-cas-893412-73-2\/"]}]},{"@type":"BreadcrumbList","@id":"https:\/\/longchangchemical.com\/product\/hydroxypinacolone-retinoate-cas-893412-73-2\/#breadcrumb","itemListElement":[{"@type":"ListItem","position":1,"name":"Home","item":"https:\/\/longchangchemical.com\/"},{"@type":"ListItem","position":2,"name":"Products Longchang","item":"https:\/\/longchangchemical.com\/product\/"},{"@type":"ListItem","position":3,"name":"hydroxypinacolone retinoate cas 893412-73-2"}]},{"@type":"WebSite","@id":"https:\/\/longchangchemical.com\/#website","url":"https:\/\/longchangchemical.com\/","name":"Chemisch bedrijf Longchang","description":"China chemische fabrikant \uff06 leverancier","publisher":{"@id":"https:\/\/longchangchemical.com\/#organization"},"potentialAction":[{"@type":"SearchAction","target":{"@type":"EntryPoint","urlTemplate":"https:\/\/longchangchemical.com\/?s={search_term_string}"},"query-input":{"@type":"PropertyValueSpecification","valueRequired":true,"valueName":"search_term_string"}}],"inLanguage":"nl-NL"},{"@type":"Organization","@id":"https:\/\/longchangchemical.com\/#organization","name":"Chemisch bedrijf Longchang","url":"https:\/\/longchangchemical.com\/","logo":{"@type":"ImageObject","inLanguage":"nl-NL","@id":"https:\/\/longchangchemical.com\/#\/schema\/logo\/image\/","url":"https:\/\/longchangchemical.com\/wp-content\/uploads\/2020\/08\/cropped-longchang-logo.png","contentUrl":"https:\/\/longchangchemical.com\/wp-content\/uploads\/2020\/08\/cropped-longchang-logo.png","width":512,"height":512,"caption":"Longchang Chemical"},"image":{"@id":"https:\/\/longchangchemical.com\/#\/schema\/logo\/image\/"}}]}},"_links":{"self":[{"href":"https:\/\/longchangchemical.com\/nl\/wp-json\/wp\/v2\/product\/3661","targetHints":{"allow":["GET"]}}],"collection":[{"href":"https:\/\/longchangchemical.com\/nl\/wp-json\/wp\/v2\/product"}],"about":[{"href":"https:\/\/longchangchemical.com\/nl\/wp-json\/wp\/v2\/types\/product"}],"replies":[{"embeddable":true,"href":"https:\/\/longchangchemical.com\/nl\/wp-json\/wp\/v2\/comments?post=3661"}],"wp:attachment":[{"href":"https:\/\/longchangchemical.com\/nl\/wp-json\/wp\/v2\/media?parent=3661"}],"wp:term":[{"taxonomy":"product_brand","embeddable":true,"href":"https:\/\/longchangchemical.com\/nl\/wp-json\/wp\/v2\/product_brand?post=3661"},{"taxonomy":"product_cat","embeddable":true,"href":"https:\/\/longchangchemical.com\/nl\/wp-json\/wp\/v2\/product_cat?post=3661"},{"taxonomy":"product_tag","embeddable":true,"href":"https:\/\/longchangchemical.com\/nl\/wp-json\/wp\/v2\/product_tag?post=3661"}],"curies":[{"name":"wp","href":"https:\/\/api.w.org\/{rel}","templated":true}]}}