{"id":3590,"date":"2021-04-25T02:48:07","date_gmt":"2021-04-25T02:48:07","guid":{"rendered":"https:\/\/longchangchemical.com\/?post_type=product&#038;p=3590"},"modified":"2026-05-08T02:59:35","modified_gmt":"2026-05-08T02:59:35","slug":"isothiazolinones-cmit-mit-cas-26172-55-4","status":"publish","type":"product","link":"https:\/\/longchangchemical.com\/nl\/product\/isothiazolinones-cmit-mit-cas-26172-55-4\/","title":{"rendered":"Isothiazolinonen \/ CMIT-MIT CAS 26172-55-4"},"content":{"rendered":"<h2><strong>Isothiazolinonen \/ CMIT-MIT CAS 26172-55-4<\/strong><\/h2>\n<table class=\"table-1\" width=\"568\">\n<tbody>\n<tr>\n<td valign=\"center\" width=\"284\">\n<h4>Items<\/h4>\n<\/td>\n<td valign=\"center\" width=\"284\">\n<h4>Specificaties<\/h4>\n<\/td>\n<\/tr>\n<tr>\n<td valign=\"center\" width=\"284\">\n<h4>Uiterlijk<\/h4>\n<\/td>\n<td valign=\"center\" width=\"284\">\n<h4>Lichtgele vloeistof<\/h4>\n<\/td>\n<\/tr>\n<tr>\n<td valign=\"center\" width=\"284\">\n<h4>Totaal werkzame stoffen Inhoud<\/h4>\n<\/td>\n<td valign=\"center\" width=\"284\">\n<h4>14.0-15.0%<\/h4>\n<\/td>\n<\/tr>\n<tr>\n<td valign=\"top\" width=\"284\">\n<h4>Chloor<\/h4>\n<\/td>\n<td valign=\"center\" width=\"284\">\n<h4>3 - 5%<\/h4>\n<\/td>\n<\/tr>\n<tr>\n<td valign=\"top\" width=\"284\">\n<h4>PH Waarde<\/h4>\n<\/td>\n<td valign=\"center\" width=\"284\">\n<h4>1.0-4.0<\/h4>\n<\/td>\n<\/tr>\n<tr>\n<td valign=\"top\" width=\"284\">\n<h4>Soortelijk gewicht\/25C<\/h4>\n<\/td>\n<td valign=\"center\" width=\"284\">\n<h4>1.26-1.32<\/h4>\n<\/td>\n<\/tr>\n<\/tbody>\n<\/table>\n<p>&nbsp;<\/p>\n<h2><strong>Wat is CMIT-MIT?<\/strong><\/h2>\n<h4>CMIT-MIT is een waterbehandelingsmiddel met uitstekende prestaties en goede mengbaarheid. Het kan mengbaar zijn met verschillende corrosieremmers zoals chloor, schaalremmers en dispergeermiddelen, de meeste anionische, kationische en niet-ionische oppervlakteactieve stoffen, en wordt verspreid in de markt Het product is meestal een mengsel van 5-chloor-2-methyl-4-isothiazolin-3-on (CMI) en 2-methyl-4-isothiazolin-3-on (MI), maar ook Metalen nitriet of metaalnitraat wordt toegevoegd om de stabiliteit te verbeteren en ontleding te voorkomen. Het werkingsmechanisme van isothiazolinon is het verbreken van de binding tussen bacteri\u00ebn en algenprote\u00efnen om ze te doden. Na contact met micro-organismen kan het snel en onomkeerbaar de groei remmen, wat leidt tot de dood van microbi\u00eble cellen en een sterk remmend en dodend effect heeft op gewone bacteri\u00ebn (sulfaatreducerende bacteri\u00ebn, slibvormende bacteri\u00ebn), schimmels (ijzeroxiderende bacteri\u00ebn, schimmels, gisten), algen, enz.<\/h4>\n<h2><strong>CMIT-MIT Gebruik<\/strong><\/h2>\n<h4>1. CMIT-MIT wordt gebruikt om industrieel circulerend water te behandelen, dat het effect heeft van sterilisatie en het doden van algen.<\/h4>\n<h4>2. CMIT-MIT is een algemeen antiseptisch en antiseptisch middel dat algen, bacteri\u00ebn en schimmels effectief kan doden.<\/h4>\n<h4>3. CMIT-MIT kan op grote schaal worden gebruikt in industrieel koelwater, olieveld tankwater, papierindustrie, pijpleiding, verf, rubber, cosmetica, lichtgevoelige film en detergent industrie\u00ebn.<\/h4>\n<h4>4. De effectieve dosering van CMIT-MIT is klein, niet giftig en niet vervuilend. Het is gemakkelijk te mengen in verschillende formuleringen. Het pH-bereik is breed. Nadat de concentratie is verdund, wordt het gemakkelijk biologisch afgebroken tot niet-giftige en niet-verontreinigende stoffen.<\/h4>\n<p>&nbsp;<\/p>\n<h2><strong>CMIT-MIT Verpakking en verzending<\/strong><\/h2>\n<h4>Verpakking: 1kg\/fles; 250kg\/trommel<\/h4>\n<h4>Behorend tot gevaarlijke goederen van klasse 8, UN 1760 8\/PG 2<\/h4>\n<p>&nbsp;<\/p>\n<h2><strong>CMIT-MIT opslag<\/strong><\/h2>\n<h4>Bewaren op een koele, droge plaats uit de buurt van direct zonlicht en water.<\/h4>\n<p>&nbsp;<\/p>\n<h2><strong>Producten uit dezelfde serie<\/strong><\/h2>\n<table style=\"border-collapse: collapse; width: 312.02pt;\" border=\"0\" width=\"416\" cellspacing=\"0\" cellpadding=\"0\">\n<tbody>\n<tr style=\"height: 54.00pt;\">\n<td class=\"et2\" style=\"height: 54.00pt; width: 201.75pt;\" width=\"269\" height=\"72\">\n<h4>Isothiazolinonen \/ CMIT-MIT<\/h4>\n<\/td>\n<td class=\"et2\" style=\"width: 110.25pt;\" width=\"147\">\n<h4>26172-55-4<\/h4>\n<\/td>\n<\/tr>\n<tr style=\"height: 40.50pt;\">\n<td class=\"et2\" style=\"height: 40.50pt; width: 201.75pt;\" width=\"269\" height=\"54\">\n<h4><a href=\"https:\/\/longchangchemical.com\/nl\/product\/methylisothiazolinone-cas-2682-20-4\/\"><span style=\"color: #0000ff;\">Methylisothiazolinone<\/span><\/a><\/h4>\n<\/td>\n<td class=\"et2\" style=\"width: 110.25pt;\" width=\"147\">\n<h4>2682-20-4<\/h4>\n<\/td>\n<\/tr>\n<\/tbody>\n<\/table>\n<h2><\/h2>\n<h2><strong><b>Neem nu contact met ons op!<\/b><\/strong><\/h2>\n<h4><strong><b>We leveren diensten op maat en nemen meestal binnen 24 uur contact met je op. Je kunt me ook e-mailen op info@longchangchemical.com tijdens kantooruren (8:30 tot 18:00 UTC+8 ma. ~ za.) of gebruik de live chat op de website om snel antwoord te krijgen.<\/b><\/strong><\/h4>\n<p>&nbsp;<\/p>","protected":false},"excerpt":{"rendered":"<h4>Chemische naam: CMIT-MIT<\/h4>\n<h4>Andere naam: Isothiazolinonen<\/h4>\n<h4>CAS-nr.: 26172-55-4<\/h4>\n<h4>Moleculaire formule: C4H4ClNOS<\/h4>\n<h4>Chemische structuur:<img decoding=\"async\" title=\"afbeelding.png\" src=\"https:\/\/www.longchangchemical.com\/wp-content\/uploads\/product-details\/20200617162489.png\" alt=\"afbeelding.png\" \/><\/h4>\n<h4>Molecuulgewicht: 149,6<\/h4>\n<h4>Verschijning: Lichte gele vloeistof<\/h4>\n<h4>Analyse: 14%<\/h4>","protected":false},"featured_media":4545,"comment_status":"open","ping_status":"closed","template":"","meta":[],"product_brand":[],"product_cat":[69,109],"product_tag":[],"class_list":{"0":"post-3590","1":"product","2":"type-product","3":"status-publish","4":"has-post-thumbnail","6":"product_cat-catalysts-chemical-auxiliary-agents","7":"product_cat-water-treatment","9":"first","10":"instock","11":"shipping-taxable","12":"product-type-simple"},"yoast_head":"<!-- This site is optimized with the Yoast SEO plugin v25.3.1 - https:\/\/yoast.com\/wordpress\/plugins\/seo\/ -->\n<title>China Isothiazolinones | CMIT-MIT Manufacturer \uff06 Supplier - Longchang chemical Co., Ltd.<\/title>\n<meta name=\"description\" content=\"Longchang Chemical is a leading manufacturer and supplier of CMIT-MIT in China. Buy Isothiazolinones in china. We can provide the best CMIT-MIT price.\" \/>\n<meta name=\"robots\" content=\"index, follow, max-snippet:-1, max-image-preview:large, max-video-preview:-1\" \/>\n<link rel=\"canonical\" href=\"https:\/\/longchangchemical.com\/nl\/product\/isothiazolinones-cmit-mit-cas-26172-55-4\/\" \/>\n<meta property=\"og:locale\" content=\"nl_NL\" \/>\n<meta property=\"og:type\" content=\"article\" \/>\n<meta property=\"og:title\" content=\"China Isothiazolinones | CMIT-MIT Manufacturer \uff06 Supplier - Longchang chemical Co., Ltd.\" \/>\n<meta property=\"og:description\" content=\"Longchang Chemical is a leading manufacturer and supplier of CMIT-MIT in China. Buy Isothiazolinones in china. We can provide the best CMIT-MIT price.\" \/>\n<meta property=\"og:url\" content=\"https:\/\/longchangchemical.com\/nl\/product\/isothiazolinones-cmit-mit-cas-26172-55-4\/\" \/>\n<meta property=\"og:site_name\" content=\"Longchang Chemical\" \/>\n<meta property=\"article:modified_time\" content=\"2026-05-08T02:59:35+00:00\" \/>\n<meta property=\"og:image\" content=\"https:\/\/longchangchemical.com\/wp-content\/uploads\/2021\/01\/Isothiazolinones-Appearance.jpg\" \/>\n\t<meta property=\"og:image:width\" content=\"600\" \/>\n\t<meta property=\"og:image:height\" content=\"800\" \/>\n\t<meta property=\"og:image:type\" content=\"image\/jpeg\" \/>\n<meta name=\"twitter:card\" content=\"summary_large_image\" \/>\n<script type=\"application\/ld+json\" class=\"yoast-schema-graph\">{\"@context\":\"https:\/\/schema.org\",\"@graph\":[{\"@type\":\"WebPage\",\"@id\":\"https:\/\/longchangchemical.com\/product\/isothiazolinones-cmit-mit-cas-26172-55-4\/\",\"url\":\"https:\/\/longchangchemical.com\/product\/isothiazolinones-cmit-mit-cas-26172-55-4\/\",\"name\":\"China Isothiazolinones | CMIT-MIT Manufacturer \uff06 Supplier - Longchang chemical Co., Ltd.\",\"isPartOf\":{\"@id\":\"https:\/\/longchangchemical.com\/#website\"},\"primaryImageOfPage\":{\"@id\":\"https:\/\/longchangchemical.com\/product\/isothiazolinones-cmit-mit-cas-26172-55-4\/#primaryimage\"},\"image\":{\"@id\":\"https:\/\/longchangchemical.com\/product\/isothiazolinones-cmit-mit-cas-26172-55-4\/#primaryimage\"},\"thumbnailUrl\":\"https:\/\/longchangchemical.com\/wp-content\/uploads\/2021\/01\/Isothiazolinones-Appearance.jpg\",\"datePublished\":\"2021-04-25T02:48:07+00:00\",\"dateModified\":\"2026-05-08T02:59:35+00:00\",\"description\":\"Longchang Chemical is a leading manufacturer and supplier of CMIT-MIT in China. Buy Isothiazolinones in china. We can provide the best CMIT-MIT price.\",\"breadcrumb\":{\"@id\":\"https:\/\/longchangchemical.com\/product\/isothiazolinones-cmit-mit-cas-26172-55-4\/#breadcrumb\"},\"inLanguage\":\"nl-NL\",\"potentialAction\":[{\"@type\":\"ReadAction\",\"target\":[\"https:\/\/longchangchemical.com\/product\/isothiazolinones-cmit-mit-cas-26172-55-4\/\"]}]},{\"@type\":\"ImageObject\",\"inLanguage\":\"nl-NL\",\"@id\":\"https:\/\/longchangchemical.com\/product\/isothiazolinones-cmit-mit-cas-26172-55-4\/#primaryimage\",\"url\":\"https:\/\/longchangchemical.com\/wp-content\/uploads\/2021\/01\/Isothiazolinones-Appearance.jpg\",\"contentUrl\":\"https:\/\/longchangchemical.com\/wp-content\/uploads\/2021\/01\/Isothiazolinones-Appearance.jpg\",\"width\":600,\"height\":800,\"caption\":\"Isothiazolinones Appearance\"},{\"@type\":\"BreadcrumbList\",\"@id\":\"https:\/\/longchangchemical.com\/product\/isothiazolinones-cmit-mit-cas-26172-55-4\/#breadcrumb\",\"itemListElement\":[{\"@type\":\"ListItem\",\"position\":1,\"name\":\"Home\",\"item\":\"https:\/\/longchangchemical.com\/\"},{\"@type\":\"ListItem\",\"position\":2,\"name\":\"Products Longchang\",\"item\":\"https:\/\/longchangchemical.com\/product\/\"},{\"@type\":\"ListItem\",\"position\":3,\"name\":\"Isothiazolinones \/ CMIT-MIT CAS 26172-55-4\"}]},{\"@type\":\"WebSite\",\"@id\":\"https:\/\/longchangchemical.com\/#website\",\"url\":\"https:\/\/longchangchemical.com\/\",\"name\":\"Longchang Chemical\",\"description\":\"China chemical manufacturer \uff06 supplier\",\"publisher\":{\"@id\":\"https:\/\/longchangchemical.com\/#organization\"},\"potentialAction\":[{\"@type\":\"SearchAction\",\"target\":{\"@type\":\"EntryPoint\",\"urlTemplate\":\"https:\/\/longchangchemical.com\/?s={search_term_string}\"},\"query-input\":{\"@type\":\"PropertyValueSpecification\",\"valueRequired\":true,\"valueName\":\"search_term_string\"}}],\"inLanguage\":\"nl-NL\"},{\"@type\":\"Organization\",\"@id\":\"https:\/\/longchangchemical.com\/#organization\",\"name\":\"Longchang Chemical\",\"url\":\"https:\/\/longchangchemical.com\/\",\"logo\":{\"@type\":\"ImageObject\",\"inLanguage\":\"nl-NL\",\"@id\":\"https:\/\/longchangchemical.com\/#\/schema\/logo\/image\/\",\"url\":\"https:\/\/longchangchemical.com\/wp-content\/uploads\/2020\/08\/cropped-longchang-logo.png\",\"contentUrl\":\"https:\/\/longchangchemical.com\/wp-content\/uploads\/2020\/08\/cropped-longchang-logo.png\",\"width\":512,\"height\":512,\"caption\":\"Longchang Chemical\"},\"image\":{\"@id\":\"https:\/\/longchangchemical.com\/#\/schema\/logo\/image\/\"}}]}<\/script>\n<!-- \/ Yoast SEO plugin. -->","yoast_head_json":{"title":"China Isothiazolinones | CMIT-MIT Fabrikant \uff06 Leverancier - Longchang chemical Co, Ltd.","description":"Longchang Chemical is een toonaangevende fabrikant en leverancier van CMIT-MIT in China. Koop Isothiazolinones in China. Wij kunnen de beste CMIT-MIT prijs bieden.","robots":{"index":"index","follow":"follow","max-snippet":"max-snippet:-1","max-image-preview":"max-image-preview:large","max-video-preview":"max-video-preview:-1"},"canonical":"https:\/\/longchangchemical.com\/nl\/product\/isothiazolinones-cmit-mit-cas-26172-55-4\/","og_locale":"nl_NL","og_type":"article","og_title":"China Isothiazolinones | CMIT-MIT Manufacturer \uff06 Supplier - Longchang chemical Co., Ltd.","og_description":"Longchang Chemical is a leading manufacturer and supplier of CMIT-MIT in China. Buy Isothiazolinones in china. We can provide the best CMIT-MIT price.","og_url":"https:\/\/longchangchemical.com\/nl\/product\/isothiazolinones-cmit-mit-cas-26172-55-4\/","og_site_name":"Longchang Chemical","article_modified_time":"2026-05-08T02:59:35+00:00","og_image":[{"width":600,"height":800,"url":"https:\/\/longchangchemical.com\/wp-content\/uploads\/2021\/01\/Isothiazolinones-Appearance.jpg","type":"image\/jpeg"}],"twitter_card":"summary_large_image","schema":{"@context":"https:\/\/schema.org","@graph":[{"@type":"WebPage","@id":"https:\/\/longchangchemical.com\/product\/isothiazolinones-cmit-mit-cas-26172-55-4\/","url":"https:\/\/longchangchemical.com\/product\/isothiazolinones-cmit-mit-cas-26172-55-4\/","name":"China Isothiazolinones | CMIT-MIT Fabrikant \uff06 Leverancier - Longchang chemical Co, Ltd.","isPartOf":{"@id":"https:\/\/longchangchemical.com\/#website"},"primaryImageOfPage":{"@id":"https:\/\/longchangchemical.com\/product\/isothiazolinones-cmit-mit-cas-26172-55-4\/#primaryimage"},"image":{"@id":"https:\/\/longchangchemical.com\/product\/isothiazolinones-cmit-mit-cas-26172-55-4\/#primaryimage"},"thumbnailUrl":"https:\/\/longchangchemical.com\/wp-content\/uploads\/2021\/01\/Isothiazolinones-Appearance.jpg","datePublished":"2021-04-25T02:48:07+00:00","dateModified":"2026-05-08T02:59:35+00:00","description":"Longchang Chemical is een toonaangevende fabrikant en leverancier van CMIT-MIT in China. Koop Isothiazolinones in China. Wij kunnen de beste CMIT-MIT prijs bieden.","breadcrumb":{"@id":"https:\/\/longchangchemical.com\/product\/isothiazolinones-cmit-mit-cas-26172-55-4\/#breadcrumb"},"inLanguage":"nl-NL","potentialAction":[{"@type":"ReadAction","target":["https:\/\/longchangchemical.com\/product\/isothiazolinones-cmit-mit-cas-26172-55-4\/"]}]},{"@type":"ImageObject","inLanguage":"nl-NL","@id":"https:\/\/longchangchemical.com\/product\/isothiazolinones-cmit-mit-cas-26172-55-4\/#primaryimage","url":"https:\/\/longchangchemical.com\/wp-content\/uploads\/2021\/01\/Isothiazolinones-Appearance.jpg","contentUrl":"https:\/\/longchangchemical.com\/wp-content\/uploads\/2021\/01\/Isothiazolinones-Appearance.jpg","width":600,"height":800,"caption":"Isothiazolinones Appearance"},{"@type":"BreadcrumbList","@id":"https:\/\/longchangchemical.com\/product\/isothiazolinones-cmit-mit-cas-26172-55-4\/#breadcrumb","itemListElement":[{"@type":"ListItem","position":1,"name":"Home","item":"https:\/\/longchangchemical.com\/"},{"@type":"ListItem","position":2,"name":"Products Longchang","item":"https:\/\/longchangchemical.com\/product\/"},{"@type":"ListItem","position":3,"name":"Isothiazolinones \/ CMIT-MIT CAS 26172-55-4"}]},{"@type":"WebSite","@id":"https:\/\/longchangchemical.com\/#website","url":"https:\/\/longchangchemical.com\/","name":"Chemisch bedrijf Longchang","description":"China chemische fabrikant \uff06 leverancier","publisher":{"@id":"https:\/\/longchangchemical.com\/#organization"},"potentialAction":[{"@type":"SearchAction","target":{"@type":"EntryPoint","urlTemplate":"https:\/\/longchangchemical.com\/?s={search_term_string}"},"query-input":{"@type":"PropertyValueSpecification","valueRequired":true,"valueName":"search_term_string"}}],"inLanguage":"nl-NL"},{"@type":"Organization","@id":"https:\/\/longchangchemical.com\/#organization","name":"Chemisch bedrijf Longchang","url":"https:\/\/longchangchemical.com\/","logo":{"@type":"ImageObject","inLanguage":"nl-NL","@id":"https:\/\/longchangchemical.com\/#\/schema\/logo\/image\/","url":"https:\/\/longchangchemical.com\/wp-content\/uploads\/2020\/08\/cropped-longchang-logo.png","contentUrl":"https:\/\/longchangchemical.com\/wp-content\/uploads\/2020\/08\/cropped-longchang-logo.png","width":512,"height":512,"caption":"Longchang Chemical"},"image":{"@id":"https:\/\/longchangchemical.com\/#\/schema\/logo\/image\/"}}]}},"_links":{"self":[{"href":"https:\/\/longchangchemical.com\/nl\/wp-json\/wp\/v2\/product\/3590","targetHints":{"allow":["GET"]}}],"collection":[{"href":"https:\/\/longchangchemical.com\/nl\/wp-json\/wp\/v2\/product"}],"about":[{"href":"https:\/\/longchangchemical.com\/nl\/wp-json\/wp\/v2\/types\/product"}],"replies":[{"embeddable":true,"href":"https:\/\/longchangchemical.com\/nl\/wp-json\/wp\/v2\/comments?post=3590"}],"wp:featuredmedia":[{"embeddable":true,"href":"https:\/\/longchangchemical.com\/nl\/wp-json\/wp\/v2\/media\/4545"}],"wp:attachment":[{"href":"https:\/\/longchangchemical.com\/nl\/wp-json\/wp\/v2\/media?parent=3590"}],"wp:term":[{"taxonomy":"product_brand","embeddable":true,"href":"https:\/\/longchangchemical.com\/nl\/wp-json\/wp\/v2\/product_brand?post=3590"},{"taxonomy":"product_cat","embeddable":true,"href":"https:\/\/longchangchemical.com\/nl\/wp-json\/wp\/v2\/product_cat?post=3590"},{"taxonomy":"product_tag","embeddable":true,"href":"https:\/\/longchangchemical.com\/nl\/wp-json\/wp\/v2\/product_tag?post=3590"}],"curies":[{"name":"wp","href":"https:\/\/api.w.org\/{rel}","templated":true}]}}