{"id":3582,"date":"2023-03-22T13:53:27","date_gmt":"2023-03-22T13:53:27","guid":{"rendered":"https:\/\/longchangchemical.com\/?post_type=product&#038;p=3582"},"modified":"2026-05-08T02:59:51","modified_gmt":"2026-05-08T02:59:51","slug":"povidone-iodine-cas-25655-41-8","status":"publish","type":"product","link":"https:\/\/longchangchemical.com\/nl\/product\/povidone-iodine-cas-25655-41-8\/","title":{"rendered":"PVP-I \/ Povidon-jood CAS 25655-41-8"},"content":{"rendered":"<h2><strong>Povidonjood CAS 25655-41-8<\/strong><\/h2>\n<table class=\"table-1\" cellspacing=\"0\">\n<tbody>\n<tr>\n<td>Item<\/td>\n<td>Standaard<\/td>\n<td>Resultaten<\/td>\n<\/tr>\n<tr>\n<td>Uiterlijk<\/td>\n<td>Roodbruin tot geelbruin amorf poeder<\/td>\n<td>Conform<\/td>\n<\/tr>\n<tr>\n<td>Effectief jodium \/%<\/td>\n<td>9.0-12.0<\/td>\n<td>Conform<\/td>\n<\/tr>\n<tr>\n<td>Gloeirest\/%<\/td>\n<td>\u22640.1<\/td>\n<td>Conform<\/td>\n<\/tr>\n<tr>\n<td>Verlies bij drogen \/%<\/td>\n<td>\u22648.0<\/td>\n<td>Conform<\/td>\n<\/tr>\n<tr>\n<td>Jodiumion \/%<\/td>\n<td>\u22646.0<\/td>\n<td>Conform<\/td>\n<\/tr>\n<tr>\n<td>Arsenicumzout\/ppm<\/td>\n<td>\/<\/td>\n<td>Conform<\/td>\n<\/tr>\n<tr>\n<td>Zware metalen \/ ppm<\/td>\n<td>\/<\/td>\n<td>Conform<\/td>\n<\/tr>\n<tr>\n<td>Stikstofgehalte \/%<\/td>\n<td>\/<\/td>\n<td>Conform<\/td>\n<\/tr>\n<tr>\n<td>PH-waarde (10% waterige oplossing)<\/td>\n<td>1.2-5.0<\/td>\n<td>Conform<\/td>\n<\/tr>\n<tr>\n<td>Analyse :<\/td>\n<td>\u226799%<\/td>\n<td>99.2%<\/td>\n<\/tr>\n<\/tbody>\n<\/table>\n<p>&nbsp;<\/p>\n<h2><strong>Povidonjodium (CAS 25655-41-8) Gebruik<\/strong><\/h2>\n<p>1. Het heeft de bactericide werking van jodium. Het kan worden gebruikt als bactericide ontsmettingsmiddel en bacteriostatische agent in geneesmiddelen. Het kan ook worden gebruikt als oogdruppels, neusdruppels, cr\u00e8me en andere antiseptica. Er kan ook een ontsmettingsmiddel van worden gemaakt.<\/p>\n<p>2.It wordt hoofdzakelijk gebruikt voor huiddesinfectie en materiaaldesinfectie in het ziekenhuisverrichting en injectie, evenals preventie van besmetting in stomatologie, gynaecologie, chirurgie en dermatologie; sterilisatie en desinfectie van huishoudengerei en werktuigen; sterilisatie en desinfectie in de voedselindustrie en aquacultuurindustrie en preventie en behandeling van dierziekten, enz. Het is de eerste keuze van jodiumhoudende medische fungiciden en hygi\u00ebne en epidemische preventie en eliminatie in de wereld en in China. Gif<\/p>\n<p>3. Jodiumdrager. Het getemde jodium kan geleidelijk jodium afgeven en een antimicrobi\u00eble rol spelen. Het mechanisme is het denatureren en afsterven van het eiwit van bacteri\u00ebn. Het is effectief tegen bacteri\u00ebn, schimmels en virussen en wordt gekenmerkt door weinig irritatie van weefsels.<\/p>\n<p>&nbsp;<\/p>\n<h2><strong>Povidon-jood (CAS 25655-41-8) Verpakking en verzending<\/strong><\/h2>\n<p>Verpakking: 25 kg zak of trommel<\/p>\n<p>Levering: door de lucht, over zee<\/p>\n<h2><strong>Povidon-jood (CAS 25655-41-8) Opslag<\/strong><\/h2>\n<p>Bewaren op een koele, droge plek uit direct zonlicht.<\/p>\n<h2><strong>Neem nu contact met ons op!<\/strong><\/h2>\n<h4><strong><b>Als je een COA, MSDS of TDS nodig hebt, vul dan je contactgegevens in op het formulier hieronder. We nemen meestal binnen 24 uur contact met je op. U kunt mij ook een e-mail sturen <span style=\"color: #0000ff;\"><a style=\"color: #0000ff;\" href=\"mailto:info@longchangchemical.com\">info@longchangchemical.com<\/a><\/span> tijdens kantooruren (8:30 tot 18:00 UTC+8 ma. ~ za.) of gebruik de live chat op de website voor een snel antwoord.<\/b><\/strong><\/h4>","protected":false},"excerpt":{"rendered":"<p>Chemische naam: Povidon-jood<\/p>\n<p>CAS-nr.: 25655-41-8<\/p>\n<p>Moleculaire formule: C8H15NO<\/p>\n<p>Povidon-jood (CAS 25655-41-8)Structuur:<img decoding=\"async\" title=\"Povidonjood (CAS 25655-41-8) Structuur\" src=\"https:\/\/www.longchangchemical.com\/wp-content\/uploads\/product-details\/20200611313562.png\" alt=\"Povidonjood (CAS 25655-41-8) Structuur\" width=\"133\" height=\"87\" border=\"0\" vspace=\"0\" \/><\/p>\n<p>Molecuulgewicht: 141.2108<\/p>\n<p>Verschijning: Roodachtig bruin aan geelbruin amorf poeder<\/p>\n<p>Jodiumgehalte: 10%; 20%<\/p>","protected":false},"featured_media":6001,"comment_status":"open","ping_status":"closed","template":"","meta":[],"product_brand":[],"product_cat":[109],"product_tag":[],"class_list":{"0":"post-3582","1":"product","2":"type-product","3":"status-publish","4":"has-post-thumbnail","6":"product_cat-water-treatment","8":"first","9":"instock","10":"shipping-taxable","11":"product-type-simple"},"yoast_head":"<!-- This site is optimized with the Yoast SEO plugin v25.3.1 - https:\/\/yoast.com\/wordpress\/plugins\/seo\/ -->\n<title>China Povidone iodine Manufacturer and 25655-41-8 supplier - Longchang Chemical<\/title>\n<meta name=\"description\" content=\"PVP-I Povidone iodine CAS 25655-41-8 is used in industrial processing and formulation applications.\" \/>\n<meta name=\"robots\" content=\"index, follow, max-snippet:-1, max-image-preview:large, max-video-preview:-1\" \/>\n<link rel=\"canonical\" href=\"https:\/\/longchangchemical.com\/nl\/product\/povidone-iodine-cas-25655-41-8\/\" \/>\n<meta property=\"og:locale\" content=\"nl_NL\" \/>\n<meta property=\"og:type\" content=\"article\" \/>\n<meta property=\"og:title\" content=\"China Povidone iodine Manufacturer and 25655-41-8 supplier - Longchang Chemical\" \/>\n<meta property=\"og:description\" content=\"PVP-I Povidone iodine CAS 25655-41-8 is used in industrial processing and formulation applications.\" \/>\n<meta property=\"og:url\" content=\"https:\/\/longchangchemical.com\/nl\/product\/povidone-iodine-cas-25655-41-8\/\" \/>\n<meta property=\"og:site_name\" content=\"Longchang Chemical\" \/>\n<meta property=\"article:modified_time\" content=\"2026-05-08T02:59:51+00:00\" \/>\n<meta property=\"og:image\" content=\"https:\/\/longchangchemical.com\/wp-content\/uploads\/2021\/01\/Sinosurf\u00ae-PVP-I.jpg\" \/>\n\t<meta property=\"og:image:width\" content=\"800\" \/>\n\t<meta property=\"og:image:height\" content=\"800\" \/>\n\t<meta property=\"og:image:type\" content=\"image\/jpeg\" \/>\n<meta name=\"twitter:card\" content=\"summary_large_image\" \/>\n<script type=\"application\/ld+json\" class=\"yoast-schema-graph\">{\"@context\":\"https:\/\/schema.org\",\"@graph\":[{\"@type\":\"WebPage\",\"@id\":\"https:\/\/longchangchemical.com\/product\/povidone-iodine-cas-25655-41-8\/\",\"url\":\"https:\/\/longchangchemical.com\/product\/povidone-iodine-cas-25655-41-8\/\",\"name\":\"China Povidone iodine Manufacturer and 25655-41-8 supplier - Longchang Chemical\",\"isPartOf\":{\"@id\":\"https:\/\/longchangchemical.com\/#website\"},\"primaryImageOfPage\":{\"@id\":\"https:\/\/longchangchemical.com\/product\/povidone-iodine-cas-25655-41-8\/#primaryimage\"},\"image\":{\"@id\":\"https:\/\/longchangchemical.com\/product\/povidone-iodine-cas-25655-41-8\/#primaryimage\"},\"thumbnailUrl\":\"https:\/\/longchangchemical.com\/wp-content\/uploads\/2021\/01\/Sinosurf\u00ae-PVP-I.jpg\",\"datePublished\":\"2023-03-22T13:53:27+00:00\",\"dateModified\":\"2026-05-08T02:59:51+00:00\",\"description\":\"PVP-I Povidone iodine CAS 25655-41-8 is used in industrial processing and formulation applications.\",\"breadcrumb\":{\"@id\":\"https:\/\/longchangchemical.com\/product\/povidone-iodine-cas-25655-41-8\/#breadcrumb\"},\"inLanguage\":\"nl-NL\",\"potentialAction\":[{\"@type\":\"ReadAction\",\"target\":[\"https:\/\/longchangchemical.com\/product\/povidone-iodine-cas-25655-41-8\/\"]}]},{\"@type\":\"ImageObject\",\"inLanguage\":\"nl-NL\",\"@id\":\"https:\/\/longchangchemical.com\/product\/povidone-iodine-cas-25655-41-8\/#primaryimage\",\"url\":\"https:\/\/longchangchemical.com\/wp-content\/uploads\/2021\/01\/Sinosurf\u00ae-PVP-I.jpg\",\"contentUrl\":\"https:\/\/longchangchemical.com\/wp-content\/uploads\/2021\/01\/Sinosurf\u00ae-PVP-I.jpg\",\"width\":800,\"height\":800},{\"@type\":\"BreadcrumbList\",\"@id\":\"https:\/\/longchangchemical.com\/product\/povidone-iodine-cas-25655-41-8\/#breadcrumb\",\"itemListElement\":[{\"@type\":\"ListItem\",\"position\":1,\"name\":\"Home\",\"item\":\"https:\/\/longchangchemical.com\/\"},{\"@type\":\"ListItem\",\"position\":2,\"name\":\"Products Longchang\",\"item\":\"https:\/\/longchangchemical.com\/product\/\"},{\"@type\":\"ListItem\",\"position\":3,\"name\":\"PVP-I \/ Povidone iodine CAS 25655-41-8\"}]},{\"@type\":\"WebSite\",\"@id\":\"https:\/\/longchangchemical.com\/#website\",\"url\":\"https:\/\/longchangchemical.com\/\",\"name\":\"Longchang Chemical\",\"description\":\"China chemical manufacturer \uff06 supplier\",\"publisher\":{\"@id\":\"https:\/\/longchangchemical.com\/#organization\"},\"potentialAction\":[{\"@type\":\"SearchAction\",\"target\":{\"@type\":\"EntryPoint\",\"urlTemplate\":\"https:\/\/longchangchemical.com\/?s={search_term_string}\"},\"query-input\":{\"@type\":\"PropertyValueSpecification\",\"valueRequired\":true,\"valueName\":\"search_term_string\"}}],\"inLanguage\":\"nl-NL\"},{\"@type\":\"Organization\",\"@id\":\"https:\/\/longchangchemical.com\/#organization\",\"name\":\"Longchang Chemical\",\"url\":\"https:\/\/longchangchemical.com\/\",\"logo\":{\"@type\":\"ImageObject\",\"inLanguage\":\"nl-NL\",\"@id\":\"https:\/\/longchangchemical.com\/#\/schema\/logo\/image\/\",\"url\":\"https:\/\/longchangchemical.com\/wp-content\/uploads\/2020\/08\/cropped-longchang-logo.png\",\"contentUrl\":\"https:\/\/longchangchemical.com\/wp-content\/uploads\/2020\/08\/cropped-longchang-logo.png\",\"width\":512,\"height\":512,\"caption\":\"Longchang Chemical\"},\"image\":{\"@id\":\"https:\/\/longchangchemical.com\/#\/schema\/logo\/image\/\"}}]}<\/script>\n<!-- \/ Yoast SEO plugin. -->","yoast_head_json":{"title":"China Povidon jodium fabrikant en 25655-41-8 leverancier - Longchang Chemical","description":"PVP-I Povidone iodine CAS 25655-41-8 is used in industrial processing and formulation applications.","robots":{"index":"index","follow":"follow","max-snippet":"max-snippet:-1","max-image-preview":"max-image-preview:large","max-video-preview":"max-video-preview:-1"},"canonical":"https:\/\/longchangchemical.com\/nl\/product\/povidone-iodine-cas-25655-41-8\/","og_locale":"nl_NL","og_type":"article","og_title":"China Povidone iodine Manufacturer and 25655-41-8 supplier - Longchang Chemical","og_description":"PVP-I Povidone iodine CAS 25655-41-8 is used in industrial processing and formulation applications.","og_url":"https:\/\/longchangchemical.com\/nl\/product\/povidone-iodine-cas-25655-41-8\/","og_site_name":"Longchang Chemical","article_modified_time":"2026-05-08T02:59:51+00:00","og_image":[{"width":800,"height":800,"url":"https:\/\/longchangchemical.com\/wp-content\/uploads\/2021\/01\/Sinosurf\u00ae-PVP-I.jpg","type":"image\/jpeg"}],"twitter_card":"summary_large_image","schema":{"@context":"https:\/\/schema.org","@graph":[{"@type":"WebPage","@id":"https:\/\/longchangchemical.com\/product\/povidone-iodine-cas-25655-41-8\/","url":"https:\/\/longchangchemical.com\/product\/povidone-iodine-cas-25655-41-8\/","name":"China Povidon jodium fabrikant en 25655-41-8 leverancier - Longchang Chemical","isPartOf":{"@id":"https:\/\/longchangchemical.com\/#website"},"primaryImageOfPage":{"@id":"https:\/\/longchangchemical.com\/product\/povidone-iodine-cas-25655-41-8\/#primaryimage"},"image":{"@id":"https:\/\/longchangchemical.com\/product\/povidone-iodine-cas-25655-41-8\/#primaryimage"},"thumbnailUrl":"https:\/\/longchangchemical.com\/wp-content\/uploads\/2021\/01\/Sinosurf\u00ae-PVP-I.jpg","datePublished":"2023-03-22T13:53:27+00:00","dateModified":"2026-05-08T02:59:51+00:00","description":"PVP-I Povidone iodine CAS 25655-41-8 is used in industrial processing and formulation applications.","breadcrumb":{"@id":"https:\/\/longchangchemical.com\/product\/povidone-iodine-cas-25655-41-8\/#breadcrumb"},"inLanguage":"nl-NL","potentialAction":[{"@type":"ReadAction","target":["https:\/\/longchangchemical.com\/product\/povidone-iodine-cas-25655-41-8\/"]}]},{"@type":"ImageObject","inLanguage":"nl-NL","@id":"https:\/\/longchangchemical.com\/product\/povidone-iodine-cas-25655-41-8\/#primaryimage","url":"https:\/\/longchangchemical.com\/wp-content\/uploads\/2021\/01\/Sinosurf\u00ae-PVP-I.jpg","contentUrl":"https:\/\/longchangchemical.com\/wp-content\/uploads\/2021\/01\/Sinosurf\u00ae-PVP-I.jpg","width":800,"height":800},{"@type":"BreadcrumbList","@id":"https:\/\/longchangchemical.com\/product\/povidone-iodine-cas-25655-41-8\/#breadcrumb","itemListElement":[{"@type":"ListItem","position":1,"name":"Home","item":"https:\/\/longchangchemical.com\/"},{"@type":"ListItem","position":2,"name":"Products Longchang","item":"https:\/\/longchangchemical.com\/product\/"},{"@type":"ListItem","position":3,"name":"PVP-I \/ Povidone iodine CAS 25655-41-8"}]},{"@type":"WebSite","@id":"https:\/\/longchangchemical.com\/#website","url":"https:\/\/longchangchemical.com\/","name":"Chemisch bedrijf Longchang","description":"China chemische fabrikant \uff06 leverancier","publisher":{"@id":"https:\/\/longchangchemical.com\/#organization"},"potentialAction":[{"@type":"SearchAction","target":{"@type":"EntryPoint","urlTemplate":"https:\/\/longchangchemical.com\/?s={search_term_string}"},"query-input":{"@type":"PropertyValueSpecification","valueRequired":true,"valueName":"search_term_string"}}],"inLanguage":"nl-NL"},{"@type":"Organization","@id":"https:\/\/longchangchemical.com\/#organization","name":"Chemisch bedrijf Longchang","url":"https:\/\/longchangchemical.com\/","logo":{"@type":"ImageObject","inLanguage":"nl-NL","@id":"https:\/\/longchangchemical.com\/#\/schema\/logo\/image\/","url":"https:\/\/longchangchemical.com\/wp-content\/uploads\/2020\/08\/cropped-longchang-logo.png","contentUrl":"https:\/\/longchangchemical.com\/wp-content\/uploads\/2020\/08\/cropped-longchang-logo.png","width":512,"height":512,"caption":"Longchang Chemical"},"image":{"@id":"https:\/\/longchangchemical.com\/#\/schema\/logo\/image\/"}}]}},"_links":{"self":[{"href":"https:\/\/longchangchemical.com\/nl\/wp-json\/wp\/v2\/product\/3582","targetHints":{"allow":["GET"]}}],"collection":[{"href":"https:\/\/longchangchemical.com\/nl\/wp-json\/wp\/v2\/product"}],"about":[{"href":"https:\/\/longchangchemical.com\/nl\/wp-json\/wp\/v2\/types\/product"}],"replies":[{"embeddable":true,"href":"https:\/\/longchangchemical.com\/nl\/wp-json\/wp\/v2\/comments?post=3582"}],"wp:featuredmedia":[{"embeddable":true,"href":"https:\/\/longchangchemical.com\/nl\/wp-json\/wp\/v2\/media\/6001"}],"wp:attachment":[{"href":"https:\/\/longchangchemical.com\/nl\/wp-json\/wp\/v2\/media?parent=3582"}],"wp:term":[{"taxonomy":"product_brand","embeddable":true,"href":"https:\/\/longchangchemical.com\/nl\/wp-json\/wp\/v2\/product_brand?post=3582"},{"taxonomy":"product_cat","embeddable":true,"href":"https:\/\/longchangchemical.com\/nl\/wp-json\/wp\/v2\/product_cat?post=3582"},{"taxonomy":"product_tag","embeddable":true,"href":"https:\/\/longchangchemical.com\/nl\/wp-json\/wp\/v2\/product_tag?post=3582"}],"curies":[{"name":"wp","href":"https:\/\/api.w.org\/{rel}","templated":true}]}}