{"id":3397,"date":"2020-11-05T10:49:55","date_gmt":"2020-11-05T10:49:55","guid":{"rendered":"https:\/\/longchangchemical.com\/?post_type=product&#038;p=3397"},"modified":"2025-12-23T03:49:46","modified_gmt":"2025-12-23T03:49:46","slug":"isopropyl-myristate-cas-110-27-0","status":"publish","type":"product","link":"https:\/\/longchangchemical.com\/nl\/product\/isopropyl-myristate-cas-110-27-0\/","title":{"rendered":"IPM \/ Isopropylmyristaat CAS 110-27-0"},"content":{"rendered":"<h1><strong>COA van <\/strong>Isopropylmyristaat CAS 110-27-0<\/h1>\n<table class=\"table-1\">\n<tbody>\n<tr>\n<td>\n<h4>Item<\/h4>\n<\/td>\n<td>\n<h4>Specificaties<\/h4>\n<\/td>\n<\/tr>\n<tr>\n<td>\n<h4>Uiterlijk<\/h4>\n<\/td>\n<td>\n<h4>Kleurloze of gelige olieachtige vloeistof.<\/h4>\n<\/td>\n<\/tr>\n<tr>\n<td>\n<h4>Inhoud<\/h4>\n<\/td>\n<td>\n<h4>99%Min<\/h4>\n<\/td>\n<\/tr>\n<tr>\n<td>\n<h4>Zure Waarde (MgKOH\/g)<\/h4>\n<\/td>\n<td>\n<h4>0,5%Max<\/h4>\n<\/td>\n<\/tr>\n<tr>\n<td>\n<h4>Vriespunt<\/h4>\n<\/td>\n<td>\n<h4>2\u2103Max<\/h4>\n<\/td>\n<\/tr>\n<tr>\n<td>\n<h4>Brekingsindex<\/h4>\n<\/td>\n<td>\n<h4>1.434-1.438<\/h4>\n<\/td>\n<\/tr>\n<tr>\n<td>\n<h4>Soortelijk gewicht`<\/h4>\n<\/td>\n<td>\n<h4>0.850-0.860<\/h4>\n<\/td>\n<\/tr>\n<tr>\n<td>\n<h4>Arsenicum<\/h4>\n<\/td>\n<td>\n<h4>2ppmMax<\/h4>\n<\/td>\n<\/tr>\n<tr>\n<td>\n<h4>Zware metalen<\/h4>\n<\/td>\n<td>\n<h4>5ppmMax<\/h4>\n<\/td>\n<\/tr>\n<\/tbody>\n<\/table>\n<p>&nbsp;<\/p>\n<h2>Wat is isopropylmyristaat?<\/h2>\n<h4>Isopropylmyristaat wordt veel gebruikt in cosmetica. Het kan de huid bevochtigen en hydrateren. De huid absorbeert het product goed. Het kan effectief contact maken met de haarzakjes in de cortex, diep in de huid doordringen en de actieve ingredi\u00ebnten in de cosmetica integreren Breng in en geef volledig spel aan de rol van effectieve ingredi\u00ebnten.<\/h4>\n<h2><strong>Isopropyl myristaat Gebruik<\/strong><\/h2>\n<h4>1. Isopropylmyristaat is een vetvrij verzachtingsmiddel en wordt gemakkelijk door de huid opgenomen. Het is een van de bestanddelen van de halfvaste matrix en kan ook worden gebruikt als oplosmiddel voor veel stoffen in topische toedieningspreparaten.<\/h4>\n<h4>2. Isopropylmyristaat wordt gebruikt in verschillende topische preparaten en cosmetica, waaronder badoli\u00ebn, cosmetica, haarverzorgingsproducten, gezichtscr\u00e8mes, lotions, lippenbalsem, scheercr\u00e8me, verzachtende middelen, deodorants, oorschelpen, vaginale cr\u00e8me. Isopropylmyristaat is bijvoorbeeld een zelfemulgerend ingredi\u00ebnt in een voorschrift voor koude cr\u00e8me.<\/h4>\n<h4>3. Het wordt gebruikt als kleefstof, verzachtend middel en keratineverzachter in cosmetica. Producten met dit ingredi\u00ebnt zijn gemakkelijker aan te brengen en hebben een verfrissende textuur. Het bestanddeel heeft kleine moleculen, dringt gemakkelijk door en heeft een goed reinigend effect voor make-up remover.<\/h4>\n<h4>4. Isopropylmyristaat kan worden gebruikt als een penetratieversterker in transdermale absorptiepreparaten en kan worden gebruikt in combinatie met therapeutisch ultrageluid en iontoforese.<\/h4>\n<h4>5. Isopropylmyristaat kan worden gebruikt als hoofdbestanddeel van de oliefase in water-olie-gel emulsie met verlengde afgifte.<\/h4>\n<p>&nbsp;<\/p>\n<h2><strong>Isopropyl myristaat <\/strong><strong>Verpakking en verzending<\/strong><\/h2>\n<h4>175kg\/Kunststof trommel<strong><br \/>\n<\/strong><\/h4>\n<p>&nbsp;<\/p>\n<h2><strong>Isopropyl myristaat <\/strong><strong>Opslag<\/strong><strong><br \/>\n<\/strong><\/h2>\n<h4>Isopropylmyristaat is niet gemakkelijk te oxideren en hydrolyseren, en niet gemakkelijk ranzig te worden. Moet in een gesloten verpakking worden bewaard op een donkere, koele en droge plaats.<\/h4>\n<h2>Let op<\/h2>\n<h4>Wanneer isopropylmyristaat in contact komt met rubber, zwelt het rubber op, lost het gedeeltelijk op en neemt de viscositeit af; wanneer het in contact komt met kunststoffen (zoals nylon en polyethyleen), zwellen deze materialen op. Isopropylmyristaat en paraffinewas hebben contra-indicaties en vormen een korrelig mengsel, en ze zijn niet compatibel met sterke oxidatiemiddelen.<\/h4>\n<p>&nbsp;<\/p>\n<h2>Producten uit dezelfde serie<\/h2>\n<table style=\"border-collapse: collapse; width: 318.02pt;\" border=\"0\" width=\"424\" cellspacing=\"0\" cellpadding=\"0\">\n<tbody>\n<tr style=\"height: 13.50pt;\">\n<td class=\"et2\" style=\"height: 13.50pt; width: 87.00pt;\" width=\"116\" height=\"18\">Productnaam<\/td>\n<td class=\"et2\" style=\"width: 129.75pt;\" width=\"173\">Chemische naam<\/td>\n<td class=\"et2\" style=\"width: 101.25pt;\" width=\"135\">CAS-nummer<\/td>\n<\/tr>\n<tr style=\"height: 13.50pt;\">\n<td class=\"et2\" style=\"height: 13.50pt;\" height=\"18\">IPP<\/td>\n<td class=\"et2\"><a href=\"https:\/\/longchangchemical.com\/nl\/product\/isopropyl-palmitate-cas-142-91-6\/\"><span style=\"color: #00ccff;\">Isopropylpalmitaat<\/span><\/a><\/td>\n<td class=\"et2\">CAS 142-91-6<\/td>\n<\/tr>\n<tr style=\"height: 13.50pt;\">\n<td class=\"et2\" style=\"height: 13.50pt;\" height=\"18\">IPL<\/td>\n<td class=\"et2\"><a href=\"https:\/\/longchangchemical.com\/nl\/product\/isopropyl-laurate-cas-10233-13-3\/\"><span style=\"color: #00ccff;\">Isopropyllauraat<\/span><\/a><\/td>\n<td class=\"et2\">CAS 10233-13-3<\/td>\n<\/tr>\n<tr style=\"height: 13.50pt;\">\n<td class=\"et2\" style=\"height: 13.50pt;\" height=\"18\">2-EHP<\/td>\n<td class=\"et2\"><a href=\"https:\/\/longchangchemical.com\/nl\/product\/isooctyl-palmitate-cas-1341-38-4\/\"><span style=\"color: #00ccff;\">Isooctylpalmitaat<\/span><\/a><\/td>\n<td class=\"et2\">CAS 1341-38-4<\/td>\n<\/tr>\n<tr style=\"height: 13.50pt;\">\n<td class=\"et2\" style=\"height: 13.50pt;\" height=\"18\">IPM<\/td>\n<td class=\"et2\"><a href=\"https:\/\/longchangchemical.com\/nl\/product\/isopropyl-myristate-cas-110-27-0\/\"><span style=\"color: #00ccff;\">Isopropyl myristaat<\/span><\/a><\/td>\n<td class=\"et2\">CAS 110-27-0<\/td>\n<\/tr>\n<\/tbody>\n<\/table>\n<h2><\/h2>\n<h2><strong><b>Neem nu contact met ons op!<\/b><\/strong><\/h2>\n<h4><strong><b>Als je een COA, MSDS of TDS nodig hebt, vul dan je contactgegevens in op het formulier hieronder. We nemen meestal binnen 24 uur contact met je op. U kunt mij ook een e-mail sturen <span style=\"color: #0000ff;\"><a style=\"color: #0000ff;\" href=\"mailto:info@longchangchemical.com\">info@longchangchemical.com<\/a><\/span> tijdens kantooruren (8:30 tot 18:00 UTC+8 ma. ~ za.) of gebruik de live chat op de website voor een snel antwoord.<\/b><\/strong><\/h4>","protected":false},"excerpt":{"rendered":"<h4>Chemische naam: Isopropyl myristaat<\/h4>\n<h4>CAS-nr.: 110-27-0<\/h4>\n<h4>Moleculaire formule: C17H34O2<\/h4>\n<h4>Chemische structuur:<img decoding=\"async\" title=\"afbeelding.png\" src=\"https:\/\/www.longchangchemical.com\/wp-content\/uploads\/product-details\/20200617305486.png\" alt=\"afbeelding.png\" \/><\/h4>\n<h4>Molecuulgewicht: 270,45<\/h4>\n<h4>Uiterlijk: Kleurloze of gelige olieachtige vloeistof.<\/h4>\n<h4>Analyse: 98%<\/h4>","protected":false},"featured_media":3398,"comment_status":"open","ping_status":"closed","template":"","meta":[],"product_brand":[],"product_cat":[103],"product_tag":[],"class_list":{"0":"post-3397","1":"product","2":"type-product","3":"status-publish","4":"has-post-thumbnail","6":"product_cat-cosmetic-additives","8":"first","9":"instock","10":"shipping-taxable","11":"product-type-simple"},"yoast_head":"<!-- This site is optimized with the Yoast SEO plugin v25.3.1 - https:\/\/yoast.com\/wordpress\/plugins\/seo\/ -->\n<title>China Isopropyl myristate CAS 110-27-0 manufacturer and supplier - Longchang Chemical<\/title>\n<meta name=\"description\" content=\"Longchang Chemical is a leading manufacturer and supplier of Isopropyl myristate CAS 110-27-0 in China. Buy Isopropyl myristate CAS 110-27-0 in china. We can provide the best Isopropyl myristate price.\" \/>\n<meta name=\"robots\" content=\"index, follow, max-snippet:-1, max-image-preview:large, max-video-preview:-1\" \/>\n<link rel=\"canonical\" href=\"https:\/\/longchangchemical.com\/nl\/product\/isopropyl-myristate-cas-110-27-0\/\" \/>\n<meta property=\"og:locale\" content=\"nl_NL\" \/>\n<meta property=\"og:type\" content=\"article\" \/>\n<meta property=\"og:title\" content=\"China Isopropyl myristate CAS 110-27-0 manufacturer and supplier - Longchang Chemical\" \/>\n<meta property=\"og:description\" content=\"Longchang Chemical is a leading manufacturer and supplier of Isopropyl myristate CAS 110-27-0 in China. Buy Isopropyl myristate CAS 110-27-0 in china. We can provide the best Isopropyl myristate price.\" \/>\n<meta property=\"og:url\" content=\"https:\/\/longchangchemical.com\/nl\/product\/isopropyl-myristate-cas-110-27-0\/\" \/>\n<meta property=\"og:site_name\" content=\"Longchang Chemical\" \/>\n<meta property=\"article:modified_time\" content=\"2025-12-23T03:49:46+00:00\" \/>\n<meta property=\"og:image\" content=\"https:\/\/longchangchemical.com\/wp-content\/uploads\/2020\/11\/Isopropyl-myristate-Appearance.jpg\" \/>\n\t<meta property=\"og:image:width\" content=\"600\" \/>\n\t<meta property=\"og:image:height\" content=\"800\" \/>\n\t<meta property=\"og:image:type\" content=\"image\/jpeg\" \/>\n<meta name=\"twitter:card\" content=\"summary_large_image\" \/>\n<script type=\"application\/ld+json\" class=\"yoast-schema-graph\">{\"@context\":\"https:\/\/schema.org\",\"@graph\":[{\"@type\":\"WebPage\",\"@id\":\"https:\/\/longchangchemical.com\/product\/isopropyl-myristate-cas-110-27-0\/\",\"url\":\"https:\/\/longchangchemical.com\/product\/isopropyl-myristate-cas-110-27-0\/\",\"name\":\"China Isopropyl myristate CAS 110-27-0 manufacturer and supplier - Longchang Chemical\",\"isPartOf\":{\"@id\":\"https:\/\/longchangchemical.com\/#website\"},\"primaryImageOfPage\":{\"@id\":\"https:\/\/longchangchemical.com\/product\/isopropyl-myristate-cas-110-27-0\/#primaryimage\"},\"image\":{\"@id\":\"https:\/\/longchangchemical.com\/product\/isopropyl-myristate-cas-110-27-0\/#primaryimage\"},\"thumbnailUrl\":\"https:\/\/longchangchemical.com\/wp-content\/uploads\/2020\/11\/Isopropyl-myristate-Appearance.jpg\",\"datePublished\":\"2020-11-05T10:49:55+00:00\",\"dateModified\":\"2025-12-23T03:49:46+00:00\",\"description\":\"Longchang Chemical is a leading manufacturer and supplier of Isopropyl myristate CAS 110-27-0 in China. Buy Isopropyl myristate CAS 110-27-0 in china. We can provide the best Isopropyl myristate price.\",\"breadcrumb\":{\"@id\":\"https:\/\/longchangchemical.com\/product\/isopropyl-myristate-cas-110-27-0\/#breadcrumb\"},\"inLanguage\":\"nl-NL\",\"potentialAction\":[{\"@type\":\"ReadAction\",\"target\":[\"https:\/\/longchangchemical.com\/product\/isopropyl-myristate-cas-110-27-0\/\"]}]},{\"@type\":\"ImageObject\",\"inLanguage\":\"nl-NL\",\"@id\":\"https:\/\/longchangchemical.com\/product\/isopropyl-myristate-cas-110-27-0\/#primaryimage\",\"url\":\"https:\/\/longchangchemical.com\/wp-content\/uploads\/2020\/11\/Isopropyl-myristate-Appearance.jpg\",\"contentUrl\":\"https:\/\/longchangchemical.com\/wp-content\/uploads\/2020\/11\/Isopropyl-myristate-Appearance.jpg\",\"width\":600,\"height\":800,\"caption\":\"Isopropyl myristate Appearance\"},{\"@type\":\"BreadcrumbList\",\"@id\":\"https:\/\/longchangchemical.com\/product\/isopropyl-myristate-cas-110-27-0\/#breadcrumb\",\"itemListElement\":[{\"@type\":\"ListItem\",\"position\":1,\"name\":\"Home\",\"item\":\"https:\/\/longchangchemical.com\/\"},{\"@type\":\"ListItem\",\"position\":2,\"name\":\"Products Longchang\",\"item\":\"https:\/\/longchangchemical.com\/product\/\"},{\"@type\":\"ListItem\",\"position\":3,\"name\":\"IPM \/ Isopropyl myristate CAS 110-27-0\"}]},{\"@type\":\"WebSite\",\"@id\":\"https:\/\/longchangchemical.com\/#website\",\"url\":\"https:\/\/longchangchemical.com\/\",\"name\":\"Longchang Chemical\",\"description\":\"China chemical manufacturer \uff06 supplier\",\"publisher\":{\"@id\":\"https:\/\/longchangchemical.com\/#organization\"},\"potentialAction\":[{\"@type\":\"SearchAction\",\"target\":{\"@type\":\"EntryPoint\",\"urlTemplate\":\"https:\/\/longchangchemical.com\/?s={search_term_string}\"},\"query-input\":{\"@type\":\"PropertyValueSpecification\",\"valueRequired\":true,\"valueName\":\"search_term_string\"}}],\"inLanguage\":\"nl-NL\"},{\"@type\":\"Organization\",\"@id\":\"https:\/\/longchangchemical.com\/#organization\",\"name\":\"Longchang Chemical\",\"url\":\"https:\/\/longchangchemical.com\/\",\"logo\":{\"@type\":\"ImageObject\",\"inLanguage\":\"nl-NL\",\"@id\":\"https:\/\/longchangchemical.com\/#\/schema\/logo\/image\/\",\"url\":\"https:\/\/longchangchemical.com\/wp-content\/uploads\/2020\/08\/cropped-longchang-logo.png\",\"contentUrl\":\"https:\/\/longchangchemical.com\/wp-content\/uploads\/2020\/08\/cropped-longchang-logo.png\",\"width\":512,\"height\":512,\"caption\":\"Longchang Chemical\"},\"image\":{\"@id\":\"https:\/\/longchangchemical.com\/#\/schema\/logo\/image\/\"}}]}<\/script>\n<!-- \/ Yoast SEO plugin. -->","yoast_head_json":{"title":"China Isopropyl myristate CAS 110-27-0 fabrikant en leverancier - Longchang Chemical","description":"Longchang Chemical is een toonaangevende fabrikant en leverancier van Isopropyl myristaat CAS 110-27-0 in China. kopen Isopropylmyristaat CAS 110-27-0 in china. Wij kunnen de beste prijs van Isopropylmyristate verstrekken.","robots":{"index":"index","follow":"follow","max-snippet":"max-snippet:-1","max-image-preview":"max-image-preview:large","max-video-preview":"max-video-preview:-1"},"canonical":"https:\/\/longchangchemical.com\/nl\/product\/isopropyl-myristate-cas-110-27-0\/","og_locale":"nl_NL","og_type":"article","og_title":"China Isopropyl myristate CAS 110-27-0 manufacturer and supplier - Longchang Chemical","og_description":"Longchang Chemical is a leading manufacturer and supplier of Isopropyl myristate CAS 110-27-0 in China. Buy Isopropyl myristate CAS 110-27-0 in china. We can provide the best Isopropyl myristate price.","og_url":"https:\/\/longchangchemical.com\/nl\/product\/isopropyl-myristate-cas-110-27-0\/","og_site_name":"Longchang Chemical","article_modified_time":"2025-12-23T03:49:46+00:00","og_image":[{"width":600,"height":800,"url":"https:\/\/longchangchemical.com\/wp-content\/uploads\/2020\/11\/Isopropyl-myristate-Appearance.jpg","type":"image\/jpeg"}],"twitter_card":"summary_large_image","schema":{"@context":"https:\/\/schema.org","@graph":[{"@type":"WebPage","@id":"https:\/\/longchangchemical.com\/product\/isopropyl-myristate-cas-110-27-0\/","url":"https:\/\/longchangchemical.com\/product\/isopropyl-myristate-cas-110-27-0\/","name":"China Isopropyl myristate CAS 110-27-0 fabrikant en leverancier - Longchang Chemical","isPartOf":{"@id":"https:\/\/longchangchemical.com\/#website"},"primaryImageOfPage":{"@id":"https:\/\/longchangchemical.com\/product\/isopropyl-myristate-cas-110-27-0\/#primaryimage"},"image":{"@id":"https:\/\/longchangchemical.com\/product\/isopropyl-myristate-cas-110-27-0\/#primaryimage"},"thumbnailUrl":"https:\/\/longchangchemical.com\/wp-content\/uploads\/2020\/11\/Isopropyl-myristate-Appearance.jpg","datePublished":"2020-11-05T10:49:55+00:00","dateModified":"2025-12-23T03:49:46+00:00","description":"Longchang Chemical is een toonaangevende fabrikant en leverancier van Isopropyl myristaat CAS 110-27-0 in China. kopen Isopropylmyristaat CAS 110-27-0 in china. Wij kunnen de beste prijs van Isopropylmyristate verstrekken.","breadcrumb":{"@id":"https:\/\/longchangchemical.com\/product\/isopropyl-myristate-cas-110-27-0\/#breadcrumb"},"inLanguage":"nl-NL","potentialAction":[{"@type":"ReadAction","target":["https:\/\/longchangchemical.com\/product\/isopropyl-myristate-cas-110-27-0\/"]}]},{"@type":"ImageObject","inLanguage":"nl-NL","@id":"https:\/\/longchangchemical.com\/product\/isopropyl-myristate-cas-110-27-0\/#primaryimage","url":"https:\/\/longchangchemical.com\/wp-content\/uploads\/2020\/11\/Isopropyl-myristate-Appearance.jpg","contentUrl":"https:\/\/longchangchemical.com\/wp-content\/uploads\/2020\/11\/Isopropyl-myristate-Appearance.jpg","width":600,"height":800,"caption":"Isopropyl myristate Appearance"},{"@type":"BreadcrumbList","@id":"https:\/\/longchangchemical.com\/product\/isopropyl-myristate-cas-110-27-0\/#breadcrumb","itemListElement":[{"@type":"ListItem","position":1,"name":"Home","item":"https:\/\/longchangchemical.com\/"},{"@type":"ListItem","position":2,"name":"Products Longchang","item":"https:\/\/longchangchemical.com\/product\/"},{"@type":"ListItem","position":3,"name":"IPM \/ Isopropyl myristate CAS 110-27-0"}]},{"@type":"WebSite","@id":"https:\/\/longchangchemical.com\/#website","url":"https:\/\/longchangchemical.com\/","name":"Chemisch bedrijf Longchang","description":"China chemische fabrikant \uff06 leverancier","publisher":{"@id":"https:\/\/longchangchemical.com\/#organization"},"potentialAction":[{"@type":"SearchAction","target":{"@type":"EntryPoint","urlTemplate":"https:\/\/longchangchemical.com\/?s={search_term_string}"},"query-input":{"@type":"PropertyValueSpecification","valueRequired":true,"valueName":"search_term_string"}}],"inLanguage":"nl-NL"},{"@type":"Organization","@id":"https:\/\/longchangchemical.com\/#organization","name":"Chemisch bedrijf Longchang","url":"https:\/\/longchangchemical.com\/","logo":{"@type":"ImageObject","inLanguage":"nl-NL","@id":"https:\/\/longchangchemical.com\/#\/schema\/logo\/image\/","url":"https:\/\/longchangchemical.com\/wp-content\/uploads\/2020\/08\/cropped-longchang-logo.png","contentUrl":"https:\/\/longchangchemical.com\/wp-content\/uploads\/2020\/08\/cropped-longchang-logo.png","width":512,"height":512,"caption":"Longchang Chemical"},"image":{"@id":"https:\/\/longchangchemical.com\/#\/schema\/logo\/image\/"}}]}},"_links":{"self":[{"href":"https:\/\/longchangchemical.com\/nl\/wp-json\/wp\/v2\/product\/3397","targetHints":{"allow":["GET"]}}],"collection":[{"href":"https:\/\/longchangchemical.com\/nl\/wp-json\/wp\/v2\/product"}],"about":[{"href":"https:\/\/longchangchemical.com\/nl\/wp-json\/wp\/v2\/types\/product"}],"replies":[{"embeddable":true,"href":"https:\/\/longchangchemical.com\/nl\/wp-json\/wp\/v2\/comments?post=3397"}],"wp:featuredmedia":[{"embeddable":true,"href":"https:\/\/longchangchemical.com\/nl\/wp-json\/wp\/v2\/media\/3398"}],"wp:attachment":[{"href":"https:\/\/longchangchemical.com\/nl\/wp-json\/wp\/v2\/media?parent=3397"}],"wp:term":[{"taxonomy":"product_brand","embeddable":true,"href":"https:\/\/longchangchemical.com\/nl\/wp-json\/wp\/v2\/product_brand?post=3397"},{"taxonomy":"product_cat","embeddable":true,"href":"https:\/\/longchangchemical.com\/nl\/wp-json\/wp\/v2\/product_cat?post=3397"},{"taxonomy":"product_tag","embeddable":true,"href":"https:\/\/longchangchemical.com\/nl\/wp-json\/wp\/v2\/product_tag?post=3397"}],"curies":[{"name":"wp","href":"https:\/\/api.w.org\/{rel}","templated":true}]}}