{"id":3387,"date":"2020-10-28T05:54:54","date_gmt":"2020-10-28T05:54:54","guid":{"rendered":"https:\/\/longchangchemical.com\/?post_type=product&#038;p=3387"},"modified":"2026-05-08T02:59:26","modified_gmt":"2026-05-08T02:59:26","slug":"isooctyl-palmitate-cas-1341-38-4","status":"publish","type":"product","link":"https:\/\/longchangchemical.com\/nl\/product\/isooctyl-palmitate-cas-1341-38-4\/","title":{"rendered":"2-EHP \/ Isooctylpalmitaat CAS 1341-38-4"},"content":{"rendered":"<h2><strong>Isooctylpalmitaat CAS 1341-38-4<\/strong><\/h2>\n<table class=\"table-1\">\n<tbody>\n<tr>\n<td>\n<h4>Items<\/h4>\n<\/td>\n<td>\n<h4>Specificaties<\/h4>\n<\/td>\n<\/tr>\n<tr>\n<td>\n<h4>Uiterlijk<\/h4>\n<\/td>\n<td>\n<h4>Kleurloze of lichtgele olieachtige vloeistof<\/h4>\n<\/td>\n<\/tr>\n<tr>\n<td>\n<h4>Dichtheid<\/h4>\n<\/td>\n<td>\n<h4>0.850\u4e000.862<\/h4>\n<\/td>\n<\/tr>\n<tr>\n<td>\n<h4>Zuurgetal (mgKOH\/g)<\/h4>\n<\/td>\n<td>\n<h4>\u22641.0<\/h4>\n<\/td>\n<\/tr>\n<tr>\n<td>\n<h4>Verzepingswaarde (mgKOH\/g)<\/h4>\n<\/td>\n<td>\n<h4>146-156<\/h4>\n<\/td>\n<\/tr>\n<tr>\n<td>\n<h4>Brekingsindex20\u2103<\/h4>\n<\/td>\n<td>\n<h4>1.445-1.447<\/h4>\n<\/td>\n<\/tr>\n<tr>\n<td>\n<h4>JoodgetalegI2\/100g<\/h4>\n<\/td>\n<td>\n<h4>\u22641.0<\/h4>\n<\/td>\n<\/tr>\n<\/tbody>\n<\/table>\n<h2><\/h2>\n<h2>Wat is isooctylpalmitaat?<\/h2>\n<h4>Isooctylpalmitaat is een lichtgele olieachtige vloeistof die niet gemakkelijk oxideert, niet van kleur verandert en goed stabiel is. Het is een niet-giftige, niet-irriterende en niet-allergene niet-ionogene oppervlakteactieve stof.<\/h4>\n<p>&nbsp;<\/p>\n<h2><strong>Isooctylpalmitaat Gebruik<\/strong><\/h2>\n<h3>Isooctylpalmitaat wordt gebruikt in cosmetica:<\/h3>\n<h4>1. Het heeft een goede doordringbaarheid, antitranspirerende werking en sterke affiniteit met de huid. Het is een droge, ademende olie en een uitstekende huidverzachter. De werking is stabiel en het oxideert niet gemakkelijk en veroorzaakt geen vreemde geuren. Het kan de huid zacht en glad maken zonder vettigheid. Zintuiglijk, goed doordringbaar.<\/h4>\n<h4>2. Isooctylpalmitaat kan worden gebruikt in cr\u00e8mes, foundation cr\u00e8mes, lippenstiften, zonnefilters, haaroli\u00ebn, mascara's, oogschaduw, inkt en andere formuleringen. Het kan worden gebruikt als een extender en kan worden gebruikt als een goede hechting en verbinding in make-up. Het kan worden gebruikt als een combinatiemiddel voor cosmetica in poedervorm en een goed oplosmiddel voor pigmenten in kleurcosmetica. Het kan ook worden gebruikt als verzachter, extender en dispergeermiddel.<\/h4>\n<h4>3. De dosering van isooctylpalmitaat in cosmetica is over het algemeen 2%~5%.<\/h4>\n<p>&nbsp;<\/p>\n<h2><strong>Isooctylpalmitaat Verpakking en verzending<\/strong><\/h2>\n<h4>Trommel, 175 kg<\/h4>\n<p>&nbsp;<\/p>\n<h2><strong>Opslag van isooctylpalmitaat<\/strong><\/h2>\n<h4>Moet op een koele, droge plaats worden bewaard, afgesloten en opgeborgen.<\/h4>\n<p>&nbsp;<\/p>\n<h2>Producten uit dezelfde serie<\/h2>\n<table style=\"border-collapse: collapse; width: 318.02pt;\" border=\"0\" width=\"424\" cellspacing=\"0\" cellpadding=\"0\">\n<tbody>\n<tr style=\"height: 13.50pt;\">\n<td class=\"et2\" style=\"height: 13.50pt; width: 87.00pt;\" width=\"116\" height=\"18\">Productnaam<\/td>\n<td class=\"et2\" style=\"width: 129.75pt;\" width=\"173\">Chemische naam<\/td>\n<td class=\"et2\" style=\"width: 101.25pt;\" width=\"135\">CAS-nummer<\/td>\n<\/tr>\n<tr style=\"height: 13.50pt;\">\n<td class=\"et2\" style=\"height: 13.50pt;\" height=\"18\">IPP<\/td>\n<td class=\"et2\"><a href=\"https:\/\/longchangchemical.com\/nl\/product\/isopropyl-palmitate-cas-142-91-6\/\"><span style=\"color: #00ccff;\">Isopropylpalmitaat<\/span><\/a><\/td>\n<td class=\"et2\">CAS 142-91-6<\/td>\n<\/tr>\n<tr style=\"height: 13.50pt;\">\n<td class=\"et2\" style=\"height: 13.50pt;\" height=\"18\">IPL<\/td>\n<td class=\"et2\"><a href=\"https:\/\/longchangchemical.com\/nl\/product\/isopropyl-laurate-cas-10233-13-3\/\"><span style=\"color: #00ccff;\">Isopropyllauraat<\/span><\/a><\/td>\n<td class=\"et2\">CAS 10233-13-3<\/td>\n<\/tr>\n<tr style=\"height: 13.50pt;\">\n<td class=\"et2\" style=\"height: 13.50pt;\" height=\"18\">2-EHP<\/td>\n<td class=\"et2\"><a href=\"https:\/\/longchangchemical.com\/nl\/product\/isooctyl-palmitate-cas-1341-38-4\/\"><span style=\"color: #00ccff;\">Isooctylpalmitaat<\/span><\/a><\/td>\n<td class=\"et2\">CAS 1341-38-4<\/td>\n<\/tr>\n<tr style=\"height: 13.50pt;\">\n<td class=\"et2\" style=\"height: 13.50pt;\" height=\"18\">IPM<\/td>\n<td class=\"et2\"><a href=\"https:\/\/longchangchemical.com\/nl\/product\/isopropyl-myristate-cas-110-27-0\/\"><span style=\"color: #00ccff;\">Isopropyl myristaat<\/span><\/a><\/td>\n<td class=\"et2\">CAS 110-27-0<\/td>\n<\/tr>\n<\/tbody>\n<\/table>\n<h2><\/h2>\n<h2><strong><b>Neem nu contact met ons op!<\/b><\/strong><\/h2>\n<h4><strong><b>Als je een COA, MSDS of TDS nodig hebt, vul dan je contactgegevens in op het formulier hieronder. We nemen meestal binnen 24 uur contact met je op. U kunt mij ook een e-mail sturen <span style=\"color: #0000ff;\"><a style=\"color: #0000ff;\" href=\"mailto:info@longchangchemical.com\">info@longchangchemical.com<\/a><\/span> tijdens kantooruren (8:30 tot 18:00 UTC+8 ma. ~ za.) of gebruik de live chat op de website voor een snel antwoord.<\/b><\/strong><\/h4>","protected":false},"excerpt":{"rendered":"<h4>Chemische naam: Isooctylpalmitaat<\/h4>\n<h4>CAS-nr.: 1341-38-4<\/h4>\n<h4>Moleculaire formule: C24H48O2<\/h4>\n<h4>Chemische structuur:<img decoding=\"async\" title=\"afbeelding.png\" src=\"https:\/\/www.longchangchemical.com\/wp-content\/uploads\/product-details\/20200617270276.png\" alt=\"afbeelding.png\" \/><\/h4>\n<h4>Molecuulgewicht: 368,64<\/h4>\n<h4>Uiterlijk: Kleurloze of lichtgele olieachtige vloeistof<\/h4>\n<h4>Verzepingswaarde: 146-156<\/h4>","protected":false},"featured_media":3388,"comment_status":"open","ping_status":"closed","template":"","meta":[],"product_brand":[],"product_cat":[103],"product_tag":[],"class_list":{"0":"post-3387","1":"product","2":"type-product","3":"status-publish","4":"has-post-thumbnail","6":"product_cat-cosmetic-additives","8":"first","9":"instock","10":"shipping-taxable","11":"product-type-simple"},"yoast_head":"<!-- This site is optimized with the Yoast SEO plugin v25.3.1 - https:\/\/yoast.com\/wordpress\/plugins\/seo\/ -->\n<title>China isooctyl palmitate CAS 1341-38-4 manufacturer and supplier - Longchang Chemical<\/title>\n<meta name=\"description\" content=\"Longchang Chemical is a leading manufacturer and supplier of isooctyl palmitate CAS 1341-38-4 in China. Buy isooctyl palmitate CAS 1341-38-4 in china. We can provide the best isooctyl palmitate price.\" \/>\n<meta name=\"robots\" content=\"index, follow, max-snippet:-1, max-image-preview:large, max-video-preview:-1\" \/>\n<link rel=\"canonical\" href=\"https:\/\/longchangchemical.com\/nl\/product\/isooctyl-palmitate-cas-1341-38-4\/\" \/>\n<meta property=\"og:locale\" content=\"nl_NL\" \/>\n<meta property=\"og:type\" content=\"article\" \/>\n<meta property=\"og:title\" content=\"China isooctyl palmitate CAS 1341-38-4 manufacturer and supplier - Longchang Chemical\" \/>\n<meta property=\"og:description\" content=\"Longchang Chemical is a leading manufacturer and supplier of isooctyl palmitate CAS 1341-38-4 in China. Buy isooctyl palmitate CAS 1341-38-4 in china. We can provide the best isooctyl palmitate price.\" \/>\n<meta property=\"og:url\" content=\"https:\/\/longchangchemical.com\/nl\/product\/isooctyl-palmitate-cas-1341-38-4\/\" \/>\n<meta property=\"og:site_name\" content=\"Longchang Chemical\" \/>\n<meta property=\"article:modified_time\" content=\"2026-05-08T02:59:26+00:00\" \/>\n<meta property=\"og:image\" content=\"https:\/\/longchangchemical.com\/wp-content\/uploads\/2020\/10\/Isooctyl-palmitate-Appearance.jpg\" \/>\n\t<meta property=\"og:image:width\" content=\"600\" \/>\n\t<meta property=\"og:image:height\" content=\"800\" \/>\n\t<meta property=\"og:image:type\" content=\"image\/jpeg\" \/>\n<meta name=\"twitter:card\" content=\"summary_large_image\" \/>\n<script type=\"application\/ld+json\" class=\"yoast-schema-graph\">{\"@context\":\"https:\/\/schema.org\",\"@graph\":[{\"@type\":\"WebPage\",\"@id\":\"https:\/\/longchangchemical.com\/product\/isooctyl-palmitate-cas-1341-38-4\/\",\"url\":\"https:\/\/longchangchemical.com\/product\/isooctyl-palmitate-cas-1341-38-4\/\",\"name\":\"China isooctyl palmitate CAS 1341-38-4 manufacturer and supplier - Longchang Chemical\",\"isPartOf\":{\"@id\":\"https:\/\/longchangchemical.com\/#website\"},\"primaryImageOfPage\":{\"@id\":\"https:\/\/longchangchemical.com\/product\/isooctyl-palmitate-cas-1341-38-4\/#primaryimage\"},\"image\":{\"@id\":\"https:\/\/longchangchemical.com\/product\/isooctyl-palmitate-cas-1341-38-4\/#primaryimage\"},\"thumbnailUrl\":\"https:\/\/longchangchemical.com\/wp-content\/uploads\/2020\/10\/Isooctyl-palmitate-Appearance.jpg\",\"datePublished\":\"2020-10-28T05:54:54+00:00\",\"dateModified\":\"2026-05-08T02:59:26+00:00\",\"description\":\"Longchang Chemical is a leading manufacturer and supplier of isooctyl palmitate CAS 1341-38-4 in China. Buy isooctyl palmitate CAS 1341-38-4 in china. We can provide the best isooctyl palmitate price.\",\"breadcrumb\":{\"@id\":\"https:\/\/longchangchemical.com\/product\/isooctyl-palmitate-cas-1341-38-4\/#breadcrumb\"},\"inLanguage\":\"nl-NL\",\"potentialAction\":[{\"@type\":\"ReadAction\",\"target\":[\"https:\/\/longchangchemical.com\/product\/isooctyl-palmitate-cas-1341-38-4\/\"]}]},{\"@type\":\"ImageObject\",\"inLanguage\":\"nl-NL\",\"@id\":\"https:\/\/longchangchemical.com\/product\/isooctyl-palmitate-cas-1341-38-4\/#primaryimage\",\"url\":\"https:\/\/longchangchemical.com\/wp-content\/uploads\/2020\/10\/Isooctyl-palmitate-Appearance.jpg\",\"contentUrl\":\"https:\/\/longchangchemical.com\/wp-content\/uploads\/2020\/10\/Isooctyl-palmitate-Appearance.jpg\",\"width\":600,\"height\":800,\"caption\":\"Isooctyl palmitate Appearance\"},{\"@type\":\"BreadcrumbList\",\"@id\":\"https:\/\/longchangchemical.com\/product\/isooctyl-palmitate-cas-1341-38-4\/#breadcrumb\",\"itemListElement\":[{\"@type\":\"ListItem\",\"position\":1,\"name\":\"Home\",\"item\":\"https:\/\/longchangchemical.com\/\"},{\"@type\":\"ListItem\",\"position\":2,\"name\":\"Products Longchang\",\"item\":\"https:\/\/longchangchemical.com\/product\/\"},{\"@type\":\"ListItem\",\"position\":3,\"name\":\"2-EHP \/ Isooctyl palmitate CAS 1341-38-4\"}]},{\"@type\":\"WebSite\",\"@id\":\"https:\/\/longchangchemical.com\/#website\",\"url\":\"https:\/\/longchangchemical.com\/\",\"name\":\"Longchang Chemical\",\"description\":\"China chemical manufacturer \uff06 supplier\",\"publisher\":{\"@id\":\"https:\/\/longchangchemical.com\/#organization\"},\"potentialAction\":[{\"@type\":\"SearchAction\",\"target\":{\"@type\":\"EntryPoint\",\"urlTemplate\":\"https:\/\/longchangchemical.com\/?s={search_term_string}\"},\"query-input\":{\"@type\":\"PropertyValueSpecification\",\"valueRequired\":true,\"valueName\":\"search_term_string\"}}],\"inLanguage\":\"nl-NL\"},{\"@type\":\"Organization\",\"@id\":\"https:\/\/longchangchemical.com\/#organization\",\"name\":\"Longchang Chemical\",\"url\":\"https:\/\/longchangchemical.com\/\",\"logo\":{\"@type\":\"ImageObject\",\"inLanguage\":\"nl-NL\",\"@id\":\"https:\/\/longchangchemical.com\/#\/schema\/logo\/image\/\",\"url\":\"https:\/\/longchangchemical.com\/wp-content\/uploads\/2020\/08\/cropped-longchang-logo.png\",\"contentUrl\":\"https:\/\/longchangchemical.com\/wp-content\/uploads\/2020\/08\/cropped-longchang-logo.png\",\"width\":512,\"height\":512,\"caption\":\"Longchang Chemical\"},\"image\":{\"@id\":\"https:\/\/longchangchemical.com\/#\/schema\/logo\/image\/\"}}]}<\/script>\n<!-- \/ Yoast SEO plugin. -->","yoast_head_json":{"title":"China isooctyl palmitate CAS 1341-38-4 fabrikant en leverancier - Longchang Chemical","description":"Longchang Chemical is een toonaangevende fabrikant en leverancier van isooctylpalmitaat CAS 1341-38-4 in China. kopen isooctylpalmitate CAS 1341-38-4 in China. Wij kunnen de beste prijs van isooctylpalmitate verstrekken.","robots":{"index":"index","follow":"follow","max-snippet":"max-snippet:-1","max-image-preview":"max-image-preview:large","max-video-preview":"max-video-preview:-1"},"canonical":"https:\/\/longchangchemical.com\/nl\/product\/isooctyl-palmitate-cas-1341-38-4\/","og_locale":"nl_NL","og_type":"article","og_title":"China isooctyl palmitate CAS 1341-38-4 manufacturer and supplier - Longchang Chemical","og_description":"Longchang Chemical is a leading manufacturer and supplier of isooctyl palmitate CAS 1341-38-4 in China. Buy isooctyl palmitate CAS 1341-38-4 in china. We can provide the best isooctyl palmitate price.","og_url":"https:\/\/longchangchemical.com\/nl\/product\/isooctyl-palmitate-cas-1341-38-4\/","og_site_name":"Longchang Chemical","article_modified_time":"2026-05-08T02:59:26+00:00","og_image":[{"width":600,"height":800,"url":"https:\/\/longchangchemical.com\/wp-content\/uploads\/2020\/10\/Isooctyl-palmitate-Appearance.jpg","type":"image\/jpeg"}],"twitter_card":"summary_large_image","schema":{"@context":"https:\/\/schema.org","@graph":[{"@type":"WebPage","@id":"https:\/\/longchangchemical.com\/product\/isooctyl-palmitate-cas-1341-38-4\/","url":"https:\/\/longchangchemical.com\/product\/isooctyl-palmitate-cas-1341-38-4\/","name":"China isooctyl palmitate CAS 1341-38-4 fabrikant en leverancier - Longchang Chemical","isPartOf":{"@id":"https:\/\/longchangchemical.com\/#website"},"primaryImageOfPage":{"@id":"https:\/\/longchangchemical.com\/product\/isooctyl-palmitate-cas-1341-38-4\/#primaryimage"},"image":{"@id":"https:\/\/longchangchemical.com\/product\/isooctyl-palmitate-cas-1341-38-4\/#primaryimage"},"thumbnailUrl":"https:\/\/longchangchemical.com\/wp-content\/uploads\/2020\/10\/Isooctyl-palmitate-Appearance.jpg","datePublished":"2020-10-28T05:54:54+00:00","dateModified":"2026-05-08T02:59:26+00:00","description":"Longchang Chemical is een toonaangevende fabrikant en leverancier van isooctylpalmitaat CAS 1341-38-4 in China. kopen isooctylpalmitate CAS 1341-38-4 in China. Wij kunnen de beste prijs van isooctylpalmitate verstrekken.","breadcrumb":{"@id":"https:\/\/longchangchemical.com\/product\/isooctyl-palmitate-cas-1341-38-4\/#breadcrumb"},"inLanguage":"nl-NL","potentialAction":[{"@type":"ReadAction","target":["https:\/\/longchangchemical.com\/product\/isooctyl-palmitate-cas-1341-38-4\/"]}]},{"@type":"ImageObject","inLanguage":"nl-NL","@id":"https:\/\/longchangchemical.com\/product\/isooctyl-palmitate-cas-1341-38-4\/#primaryimage","url":"https:\/\/longchangchemical.com\/wp-content\/uploads\/2020\/10\/Isooctyl-palmitate-Appearance.jpg","contentUrl":"https:\/\/longchangchemical.com\/wp-content\/uploads\/2020\/10\/Isooctyl-palmitate-Appearance.jpg","width":600,"height":800,"caption":"Isooctyl palmitate Appearance"},{"@type":"BreadcrumbList","@id":"https:\/\/longchangchemical.com\/product\/isooctyl-palmitate-cas-1341-38-4\/#breadcrumb","itemListElement":[{"@type":"ListItem","position":1,"name":"Home","item":"https:\/\/longchangchemical.com\/"},{"@type":"ListItem","position":2,"name":"Products Longchang","item":"https:\/\/longchangchemical.com\/product\/"},{"@type":"ListItem","position":3,"name":"2-EHP \/ Isooctyl palmitate CAS 1341-38-4"}]},{"@type":"WebSite","@id":"https:\/\/longchangchemical.com\/#website","url":"https:\/\/longchangchemical.com\/","name":"Chemisch bedrijf Longchang","description":"China chemische fabrikant \uff06 leverancier","publisher":{"@id":"https:\/\/longchangchemical.com\/#organization"},"potentialAction":[{"@type":"SearchAction","target":{"@type":"EntryPoint","urlTemplate":"https:\/\/longchangchemical.com\/?s={search_term_string}"},"query-input":{"@type":"PropertyValueSpecification","valueRequired":true,"valueName":"search_term_string"}}],"inLanguage":"nl-NL"},{"@type":"Organization","@id":"https:\/\/longchangchemical.com\/#organization","name":"Chemisch bedrijf Longchang","url":"https:\/\/longchangchemical.com\/","logo":{"@type":"ImageObject","inLanguage":"nl-NL","@id":"https:\/\/longchangchemical.com\/#\/schema\/logo\/image\/","url":"https:\/\/longchangchemical.com\/wp-content\/uploads\/2020\/08\/cropped-longchang-logo.png","contentUrl":"https:\/\/longchangchemical.com\/wp-content\/uploads\/2020\/08\/cropped-longchang-logo.png","width":512,"height":512,"caption":"Longchang Chemical"},"image":{"@id":"https:\/\/longchangchemical.com\/#\/schema\/logo\/image\/"}}]}},"_links":{"self":[{"href":"https:\/\/longchangchemical.com\/nl\/wp-json\/wp\/v2\/product\/3387","targetHints":{"allow":["GET"]}}],"collection":[{"href":"https:\/\/longchangchemical.com\/nl\/wp-json\/wp\/v2\/product"}],"about":[{"href":"https:\/\/longchangchemical.com\/nl\/wp-json\/wp\/v2\/types\/product"}],"replies":[{"embeddable":true,"href":"https:\/\/longchangchemical.com\/nl\/wp-json\/wp\/v2\/comments?post=3387"}],"wp:featuredmedia":[{"embeddable":true,"href":"https:\/\/longchangchemical.com\/nl\/wp-json\/wp\/v2\/media\/3388"}],"wp:attachment":[{"href":"https:\/\/longchangchemical.com\/nl\/wp-json\/wp\/v2\/media?parent=3387"}],"wp:term":[{"taxonomy":"product_brand","embeddable":true,"href":"https:\/\/longchangchemical.com\/nl\/wp-json\/wp\/v2\/product_brand?post=3387"},{"taxonomy":"product_cat","embeddable":true,"href":"https:\/\/longchangchemical.com\/nl\/wp-json\/wp\/v2\/product_cat?post=3387"},{"taxonomy":"product_tag","embeddable":true,"href":"https:\/\/longchangchemical.com\/nl\/wp-json\/wp\/v2\/product_tag?post=3387"}],"curies":[{"name":"wp","href":"https:\/\/api.w.org\/{rel}","templated":true}]}}