{"id":3384,"date":"2020-10-24T06:34:00","date_gmt":"2020-10-24T06:34:00","guid":{"rendered":"https:\/\/longchangchemical.com\/?post_type=product&#038;p=3384"},"modified":"2025-12-23T03:34:58","modified_gmt":"2025-12-23T03:34:58","slug":"allantoin-cas-97-59-6","status":"publish","type":"product","link":"https:\/\/longchangchemical.com\/nl\/product\/allantoin-cas-97-59-6\/","title":{"rendered":"Allanto\u00efne cas 97-59-6"},"content":{"rendered":"<h2><strong>Allanto\u00efne Typische Eigenschappen<\/strong><\/h2>\n<table class=\"table-1\">\n<tbody>\n<tr>\n<td>\n<h4>Items<\/h4>\n<\/td>\n<td>\n<h4>Specificaties<\/h4>\n<\/td>\n<\/tr>\n<tr>\n<td>\n<h4>Uiterlijk<\/h4>\n<\/td>\n<td>\n<h4>Wit kristallijn poeder<\/h4>\n<\/td>\n<\/tr>\n<tr>\n<td>\n<h4>Zuiverheid<\/h4>\n<\/td>\n<td>\n<h4>98.5%-101%<\/h4>\n<\/td>\n<\/tr>\n<tr>\n<td>\n<h4>Smeltpunt<\/h4>\n<\/td>\n<td>\n<h4>225,0\u2103min<\/h4>\n<\/td>\n<\/tr>\n<tr>\n<td>\n<h4>DH (0.5% wateroplossing)<\/h4>\n<\/td>\n<td>\n<h4>4.0-6.5<\/h4>\n<\/td>\n<\/tr>\n<tr>\n<td>\n<h4>Drogen bij verlies<\/h4>\n<\/td>\n<td>\n<h4>0,5max<\/h4>\n<\/td>\n<\/tr>\n<\/tbody>\n<\/table>\n<h2><strong>Toepassing van allanto\u00efne<\/strong><\/h2>\n<h3><strong>1. Toepassing op medisch gebied<\/strong><\/h3>\n<h4>Allanto\u00efne is ureumhydanto\u00efne en de pathologische observatie van het effect van ureum op de huid laat zien dat de belangrijkste veranderingen degeneratie van de hoornlaag, regionale verhoornde zwelling en verdikking, oedeem en scheurtjes in de doorncellen van de opperhuid en lichte collageenvezels in de huid zijn. De mate van degeneratie geeft aan dat het effect is dat de hoornlaag wordt opgelost en gedenatureerd en dat het vochtgehalte van de huid toeneemt. De wateropnamecapaciteit van de hoornlaag van de epidermis berust voornamelijk op de niet-keratine elektronendichte cementmatrix die keratinocyten met elkaar verbindt, en keratine zelf heeft weinig effect op de totale vochtigheid van de huid.<\/h4>\n<h4>Allanto\u00efne hydrateert de huid omdat het de hydratatiecapaciteit van de bindmatrix kan verhogen en bevorderen. Het kan ook inwerken op keratine om het vermogen om water te binden te vergroten, waardoor de huid glad, gehydrateerd en flexibel wordt. In de papier-laag analysemethode om allanto\u00efne en aluminium hydroxyallanto\u00efnezuurchloride in vitro experimenten te bestuderen bleek dat ze de normale en pathologische hoornlaag kunnen ontspannen, gemakkelijk oplosbaar niet-keratine water en meer vrije aminozuren kunnen vrijgeven. Het ureumgedeelte van allanto\u00efne heeft ook een schimmelwerende en antibacteri\u00eble werking. In de literatuur wordt gemeld dat 2%, 5% en 10% ureum gipsachtige ringworm en epidermophyton flocculent in de buis kunnen remmen; experimentele observatie van de platte schijf methode laat zien dat 10%-60% ureum de groei van Staphylococcus aureus, E. coli, Pseudomonas aeruginosa kan remmen. Het hydanto\u00efne-deel van allanto\u00efne is vergelijkbaar met barbituraat (barbituraatzuur) en heeft pijnstillende, verdovende en anti-irriterende effecten. Omdat het de huid kan kalmeren door irriterende stoffen te neutraliseren en te ontgiften, wordt het beschouwd als anti-irriterend en verdovend. Allanto\u00efne is ook een derivaat van urinezuur. Experimenten en klinische studies hebben aangetoond dat het de effecten heeft van keratolyse, hydratatie, verdoving, pijnstilling, anti-irritatie, bevordering van epitheelgroei, ontstekingsremmende en antibacteri\u00eble effecten. In 1937 gebruikte Kaplan allanto\u00efne voor de behandeling van chronische chirurgische zweren en ontdekte dat het significante effecten had op necrotisch weefsel, de groei van granulatieweefsel en wondgenezing bevorderde. In 1962 gebruikten Cahen en zijn collega's voor het eerst allanto\u00efne hydroxyaluminiumzout voor de behandeling van maagzweren bij proefdieren, en ze ontdekten significante effecten. Later waren er veel rapporten van bevredigende klinische effecten in Europa en Amerika, vooral in Japan. In 1976 hadden de nieuw ontwikkelde samengestelde allanto\u00efne-tabletten uit mijn land goede genezende effecten voor maag- en twaalfvingerige darmzweren.<\/h4>\n<h4>Op dit moment wordt allanto\u00efne veel gebruikt in de klinische dermatologie als een topisch preparaat, dat nieuwe behandelingen biedt voor hand- en voetkloven, ichthyosis, psoriasis, verschillende keratotische huidziekten, uitbreiding en reiniging van wonden en maagzweren. Effectieve Manieren. Als 2% allanto\u00efne wordt gebruikt om keratosis follicularis, palmoplantaire keratodermie en exfoliatieve keratolyse te behandelen, is het curatieve effect beter dan 30% ureum. Met 1% allanto\u00efne cr\u00e8me en 6101 cr\u00e8me (eenvoudige cr\u00e8me) als controle, werden 46 gevallen van ichthyosis en keratotische huidziekten behandeld, en het bleek dat 1% allanto\u00efne cr\u00e8me significant beter was dan 6101 cr\u00e8me, terwijl 0,1% vitamine mierenzuur cr\u00e8me of zalf niet effectief is voor ichthyosis. Volgens een Japans patentrapport wordt allanto\u00efne gebruikt als een belangrijk ingredi\u00ebnt bij de behandeling van diabetes, levercirrose en kanker, en kan het ook worden gebruikt om osteomyelitis te behandelen.<\/h4>\n<h3><strong>2. Toepassing in de lichtchemische industrie<\/strong><\/h3>\n<h4>Allanto\u00efne is een niet-giftig, geurloos en niet-irriterend wit kristal. Het is een hoogwaardige cosmetische grondstof. Het kan direct worden gebruikt als additief voor hoogwaardige cosmetica en andere dagelijkse chemische additieven (zoals tandpasta, shampoo, zeep, enz.). Hydraterend, weefsel beschermend, hydrofiel, water absorberend en waterverlies verhinderend. Daarnaast heeft het een beschermende werking op het haar, zodat het haar niet splijt en blijft groeien. Het kan de huid en lippen zacht, elastisch en glanzend maken en wordt in het buitenland veel gebruikt. Omdat allanto\u00efne zelf een amfotere verbinding is, kan het combineren met verschillende stoffen om metaalzouten en additieverbindingen te vormen, en de chemische combinatieadditieproducten die hierdoor gevormd worden vernietigen niet de oorspronkelijke functies van elke component. Zo wordt allanto\u00efne bijvoorbeeld gecombineerd met 5% para-aminobenzo\u00ebzuur (PABA). Omdat PABA zelf kan worden gesynthetiseerd met de hoornlaag, wordt de werking niet verzwakt door baden en zweten. Als het wordt gemengd met methylketon, kan het PABA ook verminderen. Het heeft de functie om ultraviolette straling met een golflengte van 2800~3200 in zonlicht te absorberen en te filteren. Het is een van de meest beschermende en meest gebruikte zonnefilters voor zonnebrand in het ultraviolette bereik. Het heeft een goede preventieve werking. Het effect van huidkanker veroorzaakt door ultraviolette stralen.<\/h4>\n<h4>Allanto\u00efnederivaten kunnen worden geformuleerd in verschillende lotions, poeders, waterige oplossingen en tincturen, die erg populair zijn. Zoals alpolygalpoeder, dat ontgiftend, gladmakend, ontstekingsremmend en antibacterieel werkt. Shampoo kan irritatie tegengaan, schilfers op de hoofdhuid verminderen en het haar zacht maken. Een ander voorbeeld is alcloxa, aluminium gechloreerd hydroxyallanto\u00efnezuur, waarvan 0,2% tot 0,5% tinctuur kan worden gemaakt, die kan worden geformuleerd als adstringerend parfum, scheerlotion, deodorant, reinigingslotion, enz. Er zijn geen meldingen van huidirritatie, lichtgevoeligheid, allergische reacties en andere bijwerkingen van allanto\u00efne en zijn derivaten in binnenlandse en buitenlandse toepassingen, en het is veilig voor uitwendig gebruik. Als belangrijk ingredi\u00ebnt van schoonheidscosmetica heeft het steeds meer aandacht gekregen en heeft het brede vooruitzichten.<\/h4>\n<h3><strong>3. Toepassing in de landbouw<\/strong><\/h3>\n<h4>Allanto\u00efne is een groeiregulator voor planten die de productie van tarwe, sinaasappels, rijst, groenten en sojabonen kan verhogen en de effecten van versteviging en rijping heeft. Tegelijkertijd is het de ontwikkeling van verschillende samengestelde meststoffen, micro-meststoffen, langzaam vrijkomende meststoffen en een essenti\u00eble grondstof voor zeldzame aardmeststoffen. Bijvoorbeeld, volgens relevante informatie worden sojabonen tijdens het groeiproces verdeeld in vegetatieve groei en reproductieve groei. De zogenaamde vegetatieve groei absorbeert stikstof uit gewone stikstofmeststoffen om de groei van stengels en bladeren te bevorderen; de zogenaamde reproductieve groei vermindert de stikstof in de lucht door het stikstoffixatiesysteem van de knolletjes, en levert de gewassen in de vorm van gewone stikstof om de bloem en peul te bevorderen om een hoge opbrengst te verkrijgen. Wanneer verminderde stikstof echter overmatig is, produceren sojabonen een organische stikstofverbinding genaamd allanto\u00efne om verminderde stikstof effectief op te slaan.<\/h4>\n<h4>Allanto\u00efne wordt zelden gebruikt tijdens de periode van weelderige stengels en bladeren, maar wordt overgebracht naar de sojaboonpeulen die dringend veel stikstof nodig hebben, en wordt hier afgebroken en gebruikt om effectief het eiwit in sojaboonzaden te vormen. Hoewel allanto\u00efne een doorslaggevende rol speelt bij het verhogen van de sojaproductie, is het gehalte ervan in gewassen erg klein. Het is onmogelijk om de allanto\u00efneconcentratie die door het gewas zelf wordt geproduceerd kunstmatig onder controle te houden. Daarom wordt deze concentratie bereikt tijdens de bloeiperiode van sojabonen. Sproei allanto\u00efne tijdens de rijpheid om te voldoen aan de behoeften van de reproductieve groei van sojabonen en de rol van reproductieve auxine te spelen, om zo het doel van het verhogen van de productie van sojabonen te bereiken. mijn land is een groot agrarisch land met een totale gewasproductie van enkele tientallen miljarden stuks. Als de productie kan worden verhoogd, zal dit een behoorlijk aantal zijn, wat van groot belang is voor de industri\u00eble en agrarische productie, het leven van mensen en de buitenlandse handel.<\/h4>\n<h2><strong>Allanto\u00efneVerpakking en verzending<\/strong><\/h2>\n<h4>25 kg\/trommel<\/h4>\n<h2><strong>Allanto\u00efne Opslag<\/strong><\/h2>\n<h4>Lage temperatuur, droog, vermijd direct zonlicht.<\/h4>\n<h2><strong>Neem nu contact met ons op!<\/strong><\/h2>\n<h4>We accepteren diensten op maat, we nemen meestal binnen 24 uur contact met je op. Je kunt me ook e-mailen op info@longchangchemical.com tijdens kantooruren (8:30 tot 18:00 UTC+8 ma. ~ za.) of gebruik de live chat op de website om snel antwoord te krijgen.<\/h4>","protected":false},"excerpt":{"rendered":"<h1><strong>Allanto\u00efne CAS 97-59-6<\/strong><\/h1>\n<h4>Chemische naam: Allanto\u00efne<\/h4>\n<h4>CAS-nr.: 97-59-6<\/h4>\n<h4>Moleculaire formule: C4H6N4O3<\/h4>\n<h4>Chemische structuur:<img decoding=\"async\" title=\"afbeelding.png\" src=\"https:\/\/www.longchangchemical.com\/wp-content\/uploads\/product-details\/20200617233976.png\" alt=\"afbeelding.png\" \/><\/h4>\n<h4>Molecuulgewicht: 158.12<\/h4>\n<h4>Verschijning: Wit kristallijn poeder<\/h4>\n<h4>Assay\uff1a98.5%-101%<\/h4>","protected":false},"featured_media":3385,"comment_status":"open","ping_status":"closed","template":"","meta":[],"product_brand":[],"product_cat":[103],"product_tag":[],"class_list":{"0":"post-3384","1":"product","2":"type-product","3":"status-publish","4":"has-post-thumbnail","6":"product_cat-cosmetic-additives","8":"first","9":"instock","10":"shipping-taxable","11":"product-type-simple"},"yoast_head":"<!-- This site is optimized with the Yoast SEO plugin v25.3.1 - https:\/\/yoast.com\/wordpress\/plugins\/seo\/ -->\n<title>China Allantoin cas 97-59-6 manufacturer and supplier - Longchang Chemical<\/title>\n<meta name=\"description\" content=\"Longchang Chemical is a leading manufacturer and supplier of Allantoin cas 97-59-6 in China. Buy Allantoin cas 97-59-6 in china. We can provide the best Allantoin price.\" \/>\n<meta name=\"robots\" content=\"index, follow, max-snippet:-1, max-image-preview:large, max-video-preview:-1\" \/>\n<link rel=\"canonical\" href=\"https:\/\/longchangchemical.com\/nl\/product\/allantoin-cas-97-59-6\/\" \/>\n<meta property=\"og:locale\" content=\"nl_NL\" \/>\n<meta property=\"og:type\" content=\"article\" \/>\n<meta property=\"og:title\" content=\"China Allantoin cas 97-59-6 manufacturer and supplier - Longchang Chemical\" \/>\n<meta property=\"og:description\" content=\"Longchang Chemical is a leading manufacturer and supplier of Allantoin cas 97-59-6 in China. Buy Allantoin cas 97-59-6 in china. We can provide the best Allantoin price.\" \/>\n<meta property=\"og:url\" content=\"https:\/\/longchangchemical.com\/nl\/product\/allantoin-cas-97-59-6\/\" \/>\n<meta property=\"og:site_name\" content=\"Longchang Chemical\" \/>\n<meta property=\"article:modified_time\" content=\"2025-12-23T03:34:58+00:00\" \/>\n<meta property=\"og:image\" content=\"https:\/\/longchangchemical.com\/wp-content\/uploads\/2020\/10\/Appearnce.jpg\" \/>\n\t<meta property=\"og:image:width\" content=\"600\" \/>\n\t<meta property=\"og:image:height\" content=\"800\" \/>\n\t<meta property=\"og:image:type\" content=\"image\/jpeg\" \/>\n<meta name=\"twitter:card\" content=\"summary_large_image\" \/>\n<script type=\"application\/ld+json\" class=\"yoast-schema-graph\">{\"@context\":\"https:\/\/schema.org\",\"@graph\":[{\"@type\":\"WebPage\",\"@id\":\"https:\/\/longchangchemical.com\/product\/allantoin-cas-97-59-6\/\",\"url\":\"https:\/\/longchangchemical.com\/product\/allantoin-cas-97-59-6\/\",\"name\":\"China Allantoin cas 97-59-6 manufacturer and supplier - Longchang Chemical\",\"isPartOf\":{\"@id\":\"https:\/\/longchangchemical.com\/#website\"},\"primaryImageOfPage\":{\"@id\":\"https:\/\/longchangchemical.com\/product\/allantoin-cas-97-59-6\/#primaryimage\"},\"image\":{\"@id\":\"https:\/\/longchangchemical.com\/product\/allantoin-cas-97-59-6\/#primaryimage\"},\"thumbnailUrl\":\"https:\/\/longchangchemical.com\/wp-content\/uploads\/2020\/10\/Appearnce.jpg\",\"datePublished\":\"2020-10-24T06:34:00+00:00\",\"dateModified\":\"2025-12-23T03:34:58+00:00\",\"description\":\"Longchang Chemical is a leading manufacturer and supplier of Allantoin cas 97-59-6 in China. Buy Allantoin cas 97-59-6 in china. We can provide the best Allantoin price.\",\"breadcrumb\":{\"@id\":\"https:\/\/longchangchemical.com\/product\/allantoin-cas-97-59-6\/#breadcrumb\"},\"inLanguage\":\"nl-NL\",\"potentialAction\":[{\"@type\":\"ReadAction\",\"target\":[\"https:\/\/longchangchemical.com\/product\/allantoin-cas-97-59-6\/\"]}]},{\"@type\":\"ImageObject\",\"inLanguage\":\"nl-NL\",\"@id\":\"https:\/\/longchangchemical.com\/product\/allantoin-cas-97-59-6\/#primaryimage\",\"url\":\"https:\/\/longchangchemical.com\/wp-content\/uploads\/2020\/10\/Appearnce.jpg\",\"contentUrl\":\"https:\/\/longchangchemical.com\/wp-content\/uploads\/2020\/10\/Appearnce.jpg\",\"width\":600,\"height\":800,\"caption\":\"Allantoin Appearance\"},{\"@type\":\"BreadcrumbList\",\"@id\":\"https:\/\/longchangchemical.com\/product\/allantoin-cas-97-59-6\/#breadcrumb\",\"itemListElement\":[{\"@type\":\"ListItem\",\"position\":1,\"name\":\"Home\",\"item\":\"https:\/\/longchangchemical.com\/\"},{\"@type\":\"ListItem\",\"position\":2,\"name\":\"Products Longchang\",\"item\":\"https:\/\/longchangchemical.com\/product\/\"},{\"@type\":\"ListItem\",\"position\":3,\"name\":\"Allantoin cas 97-59-6\"}]},{\"@type\":\"WebSite\",\"@id\":\"https:\/\/longchangchemical.com\/#website\",\"url\":\"https:\/\/longchangchemical.com\/\",\"name\":\"Longchang Chemical\",\"description\":\"China chemical manufacturer \uff06 supplier\",\"publisher\":{\"@id\":\"https:\/\/longchangchemical.com\/#organization\"},\"potentialAction\":[{\"@type\":\"SearchAction\",\"target\":{\"@type\":\"EntryPoint\",\"urlTemplate\":\"https:\/\/longchangchemical.com\/?s={search_term_string}\"},\"query-input\":{\"@type\":\"PropertyValueSpecification\",\"valueRequired\":true,\"valueName\":\"search_term_string\"}}],\"inLanguage\":\"nl-NL\"},{\"@type\":\"Organization\",\"@id\":\"https:\/\/longchangchemical.com\/#organization\",\"name\":\"Longchang Chemical\",\"url\":\"https:\/\/longchangchemical.com\/\",\"logo\":{\"@type\":\"ImageObject\",\"inLanguage\":\"nl-NL\",\"@id\":\"https:\/\/longchangchemical.com\/#\/schema\/logo\/image\/\",\"url\":\"https:\/\/longchangchemical.com\/wp-content\/uploads\/2020\/08\/cropped-longchang-logo.png\",\"contentUrl\":\"https:\/\/longchangchemical.com\/wp-content\/uploads\/2020\/08\/cropped-longchang-logo.png\",\"width\":512,\"height\":512,\"caption\":\"Longchang Chemical\"},\"image\":{\"@id\":\"https:\/\/longchangchemical.com\/#\/schema\/logo\/image\/\"}}]}<\/script>\n<!-- \/ Yoast SEO plugin. -->","yoast_head_json":{"title":"China Allanto\u00efne cas 97-59-6 fabrikant en leverancier - Longchang Chemical","description":"Longchang Chemical is een belangrijke fabrikant en een leverancier van Allanto\u00efne cas 97-59-6 in China. kopen Allantoin cas 97-59-6 in China. Wij kunnen de beste prijs van Allantoin verstrekken.","robots":{"index":"index","follow":"follow","max-snippet":"max-snippet:-1","max-image-preview":"max-image-preview:large","max-video-preview":"max-video-preview:-1"},"canonical":"https:\/\/longchangchemical.com\/nl\/product\/allantoin-cas-97-59-6\/","og_locale":"nl_NL","og_type":"article","og_title":"China Allantoin cas 97-59-6 manufacturer and supplier - Longchang Chemical","og_description":"Longchang Chemical is a leading manufacturer and supplier of Allantoin cas 97-59-6 in China. Buy Allantoin cas 97-59-6 in china. We can provide the best Allantoin price.","og_url":"https:\/\/longchangchemical.com\/nl\/product\/allantoin-cas-97-59-6\/","og_site_name":"Longchang Chemical","article_modified_time":"2025-12-23T03:34:58+00:00","og_image":[{"width":600,"height":800,"url":"https:\/\/longchangchemical.com\/wp-content\/uploads\/2020\/10\/Appearnce.jpg","type":"image\/jpeg"}],"twitter_card":"summary_large_image","schema":{"@context":"https:\/\/schema.org","@graph":[{"@type":"WebPage","@id":"https:\/\/longchangchemical.com\/product\/allantoin-cas-97-59-6\/","url":"https:\/\/longchangchemical.com\/product\/allantoin-cas-97-59-6\/","name":"China Allanto\u00efne cas 97-59-6 fabrikant en leverancier - Longchang Chemical","isPartOf":{"@id":"https:\/\/longchangchemical.com\/#website"},"primaryImageOfPage":{"@id":"https:\/\/longchangchemical.com\/product\/allantoin-cas-97-59-6\/#primaryimage"},"image":{"@id":"https:\/\/longchangchemical.com\/product\/allantoin-cas-97-59-6\/#primaryimage"},"thumbnailUrl":"https:\/\/longchangchemical.com\/wp-content\/uploads\/2020\/10\/Appearnce.jpg","datePublished":"2020-10-24T06:34:00+00:00","dateModified":"2025-12-23T03:34:58+00:00","description":"Longchang Chemical is een belangrijke fabrikant en een leverancier van Allanto\u00efne cas 97-59-6 in China. kopen Allantoin cas 97-59-6 in China. Wij kunnen de beste prijs van Allantoin verstrekken.","breadcrumb":{"@id":"https:\/\/longchangchemical.com\/product\/allantoin-cas-97-59-6\/#breadcrumb"},"inLanguage":"nl-NL","potentialAction":[{"@type":"ReadAction","target":["https:\/\/longchangchemical.com\/product\/allantoin-cas-97-59-6\/"]}]},{"@type":"ImageObject","inLanguage":"nl-NL","@id":"https:\/\/longchangchemical.com\/product\/allantoin-cas-97-59-6\/#primaryimage","url":"https:\/\/longchangchemical.com\/wp-content\/uploads\/2020\/10\/Appearnce.jpg","contentUrl":"https:\/\/longchangchemical.com\/wp-content\/uploads\/2020\/10\/Appearnce.jpg","width":600,"height":800,"caption":"Allantoin Appearance"},{"@type":"BreadcrumbList","@id":"https:\/\/longchangchemical.com\/product\/allantoin-cas-97-59-6\/#breadcrumb","itemListElement":[{"@type":"ListItem","position":1,"name":"Home","item":"https:\/\/longchangchemical.com\/"},{"@type":"ListItem","position":2,"name":"Products Longchang","item":"https:\/\/longchangchemical.com\/product\/"},{"@type":"ListItem","position":3,"name":"Allantoin cas 97-59-6"}]},{"@type":"WebSite","@id":"https:\/\/longchangchemical.com\/#website","url":"https:\/\/longchangchemical.com\/","name":"Chemisch bedrijf Longchang","description":"China chemische fabrikant \uff06 leverancier","publisher":{"@id":"https:\/\/longchangchemical.com\/#organization"},"potentialAction":[{"@type":"SearchAction","target":{"@type":"EntryPoint","urlTemplate":"https:\/\/longchangchemical.com\/?s={search_term_string}"},"query-input":{"@type":"PropertyValueSpecification","valueRequired":true,"valueName":"search_term_string"}}],"inLanguage":"nl-NL"},{"@type":"Organization","@id":"https:\/\/longchangchemical.com\/#organization","name":"Chemisch bedrijf Longchang","url":"https:\/\/longchangchemical.com\/","logo":{"@type":"ImageObject","inLanguage":"nl-NL","@id":"https:\/\/longchangchemical.com\/#\/schema\/logo\/image\/","url":"https:\/\/longchangchemical.com\/wp-content\/uploads\/2020\/08\/cropped-longchang-logo.png","contentUrl":"https:\/\/longchangchemical.com\/wp-content\/uploads\/2020\/08\/cropped-longchang-logo.png","width":512,"height":512,"caption":"Longchang Chemical"},"image":{"@id":"https:\/\/longchangchemical.com\/#\/schema\/logo\/image\/"}}]}},"_links":{"self":[{"href":"https:\/\/longchangchemical.com\/nl\/wp-json\/wp\/v2\/product\/3384","targetHints":{"allow":["GET"]}}],"collection":[{"href":"https:\/\/longchangchemical.com\/nl\/wp-json\/wp\/v2\/product"}],"about":[{"href":"https:\/\/longchangchemical.com\/nl\/wp-json\/wp\/v2\/types\/product"}],"replies":[{"embeddable":true,"href":"https:\/\/longchangchemical.com\/nl\/wp-json\/wp\/v2\/comments?post=3384"}],"wp:featuredmedia":[{"embeddable":true,"href":"https:\/\/longchangchemical.com\/nl\/wp-json\/wp\/v2\/media\/3385"}],"wp:attachment":[{"href":"https:\/\/longchangchemical.com\/nl\/wp-json\/wp\/v2\/media?parent=3384"}],"wp:term":[{"taxonomy":"product_brand","embeddable":true,"href":"https:\/\/longchangchemical.com\/nl\/wp-json\/wp\/v2\/product_brand?post=3384"},{"taxonomy":"product_cat","embeddable":true,"href":"https:\/\/longchangchemical.com\/nl\/wp-json\/wp\/v2\/product_cat?post=3384"},{"taxonomy":"product_tag","embeddable":true,"href":"https:\/\/longchangchemical.com\/nl\/wp-json\/wp\/v2\/product_tag?post=3384"}],"curies":[{"name":"wp","href":"https:\/\/api.w.org\/{rel}","templated":true}]}}