{"id":3257,"date":"2020-09-21T08:37:36","date_gmt":"2020-09-21T08:37:36","guid":{"rendered":"https:\/\/longchangchemical.com\/?post_type=product&#038;p=3257"},"modified":"2025-04-01T07:41:47","modified_gmt":"2025-04-01T07:41:47","slug":"optical-brightening-agent-cbs-x-cas-27344-41-8","status":"publish","type":"product","link":"https:\/\/longchangchemical.com\/nl\/product\/optical-brightening-agent-cbs-x-cas-27344-41-8\/","title":{"rendered":"CHLUMIPHOR\u00ae Megawhite DT \/ Optisch witmaker cbs-x cas 27344-41-8"},"content":{"rendered":"<h1><strong><b>Megawhite DT \/ Optische witmaker CBS-X cas 27344-41-8<\/b><\/strong><\/h1>\n<table>\n<tbody>\n<tr>\n<td>\n<h4>Item<\/h4>\n<\/td>\n<td>\n<h4>Standaard<\/h4>\n<\/td>\n<td>\n<h4>Resultaten<\/h4>\n<\/td>\n<\/tr>\n<tr>\n<td>\n<h4>Uiterlijk<\/h4>\n<\/td>\n<td>\n<h4>Licht geelachtig poeder<\/h4>\n<\/td>\n<td>\n<h4>Licht geelachtig poeder<\/h4>\n<\/td>\n<\/tr>\n<tr>\n<td>\n<h4>Onoplosbare stof<\/h4>\n<\/td>\n<td>\n<h4>\u22660,5%<\/h4>\n<\/td>\n<td>\n<h4>0.3%<\/h4>\n<\/td>\n<\/tr>\n<tr>\n<td>\n<h4>Max. in ultraviolet bereik<\/h4>\n<\/td>\n<td>\n<h4>348-350nm<\/h4>\n<\/td>\n<td>\n<h4>348nm<\/h4>\n<\/td>\n<\/tr>\n<tr>\n<td>\n<h4>E (1%\/ cm) waarde<\/h4>\n<\/td>\n<td>\n<h4>1105~1181<\/h4>\n<\/td>\n<td>\n<h4>1120<\/h4>\n<\/td>\n<\/tr>\n<tr>\n<td>\n<h4>Conclusie<\/h4>\n<\/td>\n<td colspan=\"2\">\n<h4>Gekwalificeerd<\/h4>\n<\/td>\n<\/tr>\n<\/tbody>\n<\/table>\n<h2><strong><b>Optische witmaker CBS-X<\/b><\/strong><strong><b>\u00a0<\/b><\/strong><strong><b>Specificatie<\/b><\/strong><\/h2>\n<h4>Optische witmaker CBS-Xistheoptische witmaker van het styreen - bifenyltype klasse, geschikt voor de optische witmaker van detergent in alle stadia van verwerking.<\/h4>\n<h2><strong><b>Optische witmaker CBS-X<\/b><\/strong><strong><b>\u00a0<\/b><\/strong><strong><b>Specificaties<\/b><\/strong><\/h2>\n<h4>E (1% \/cm) Waarde: 1120-1140<\/h4>\n<h4>Onoplosbare stof: \u22640.5%<\/h4>\n<h4>Max. in ultraviolet bereik: 348-350nm<\/h4>\n<h2><strong><b>Optische witmaker CBS-X<\/b><\/strong><strong><b>\u00a0<\/b><\/strong><strong><b>Toepassing<\/b><\/strong><\/h2>\n<h4>Het wordt voornamelijk gebruikt voor het bleken van synthetische wasmiddelen, zeep en zeep, katoen, linnen, nylon wol en papier, katoen, polyester en katoen gemengde stoffen, en katoen gemengde stoffen in \u00e9\u00e9n bad. Het wordt veel gebruikt in wasmiddelen-, bleek-, papier- en verfstoffenindustrie\u00ebn.<\/h4>\n<h2><strong>Hoe te gebruiken <b>Optische witmaker CBS-X<\/b><\/strong>:<\/h2>\n<h4>Gebleekte doek bleken<br \/>\n(1) Het opvullen het witten: 4BK: 0.05~0.6% (o.w.f) Yuanming poeder: 5~20g\/L<br \/>\nBadverhouding: 1:10-30 Verftemperatuur: 20\u2103-100\u2103 Houdbaarheid: 20-30 minuten<br \/>\n(2) Zuurstofbleken witten: 4BK: 0,05 ~ 0,6% (o.w.f)<br \/>\nH2O: 2-10g\/L NaOH: 1g\/L NaSiO3: 2.5g\/L Wasmiddel: 1g\/L Badverhouding: 1:10-30<br \/>\nVerftemperatuur: 90\u2103-100\u2103 Houdbaarheid: 20-30 minuten<\/h4>\n<p>&nbsp;<\/p>\n<h2><strong><b>Optische witmaker CBS-X<\/b><\/strong><strong><b>\u00a0<\/b><\/strong><strong><b>Verpakking<\/b><\/strong><\/h2>\n<h4>25kg \/ vezeltrommel met PE voering.<\/h4>\n<h2><strong><b>Optische witmaker CBS-X<\/b><\/strong><strong><b>\u00a0<\/b><\/strong><strong><b>Opslag<\/b><\/strong><\/h2>\n<h4>Bewaar luchtdicht op een droge en koele plaats.<\/h4>\n<p>&nbsp;<\/p>\n<h2><strong><b>Neem nu contact met ons op!<\/b><\/strong><\/h2>\n<h4><strong><b>Als je een COA, MSDS of TDS nodig hebt, vul dan je contactgegevens in op het formulier hieronder. We nemen meestal binnen 24 uur contact met je op. U kunt mij ook een e-mail sturen <span style=\"color: #0000ff;\"><a style=\"color: #0000ff;\" href=\"mailto:info@longchangchemical.com\">info@longchangchemical.com<\/a><\/span> tijdens kantooruren (8:30 tot 18:00 UTC+8 ma. ~ za.) of gebruik de live chat op de website voor een snel antwoord.<\/b><\/strong><\/h4>","protected":false},"excerpt":{"rendered":"<p>Chemische naam: Optische witmaker CBS-X<\/p>\n<p>CAS-nr.:27344-41-8<\/p>\n<p>Andere naam: Fluorescerende witmaker 351; Megawhite DT<\/p>\n<p>Moleculaire formule: C28H20Na2O6S2<\/p>\n<p>Verschijning: Geelachtig groen kristalpoeder\/korrelig<\/p>\n<p>Zuiverheid: 99,5%<\/p>","protected":false},"featured_media":3258,"comment_status":"open","ping_status":"closed","template":"","meta":[],"product_brand":[],"product_cat":[140],"product_tag":[],"class_list":{"0":"post-3257","1":"product","2":"type-product","3":"status-publish","4":"has-post-thumbnail","6":"product_cat-chlumiphor-fluorescent-brightener","8":"first","9":"instock","10":"shipping-taxable","11":"product-type-simple"},"yoast_head":"<!-- This site is optimized with the Yoast SEO plugin v25.3.1 - https:\/\/yoast.com\/wordpress\/plugins\/seo\/ -->\n<title>China Megawhite DT \/ Optical Brightening Agent CBS-X cas 27344-41-8 manufacturer - Longchang Chemical<\/title>\n<meta name=\"description\" content=\"Longchang chemical is China top Optical Brightening Agent CBS-X suppliers \uff06 cas 27344-41-8 manufacturers, Our MOQ is 1kg, we can provide the best Optical Brightening Agent CBS-X price. Other name: Fluorescent Brightener 351; Megawhite DT\" \/>\n<meta name=\"robots\" content=\"index, follow, max-snippet:-1, max-image-preview:large, max-video-preview:-1\" \/>\n<link rel=\"canonical\" href=\"https:\/\/longchangchemical.com\/nl\/product\/optical-brightening-agent-cbs-x-cas-27344-41-8\/\" \/>\n<meta property=\"og:locale\" content=\"nl_NL\" \/>\n<meta property=\"og:type\" content=\"article\" \/>\n<meta property=\"og:title\" content=\"China Megawhite DT \/ Optical Brightening Agent CBS-X cas 27344-41-8 manufacturer - Longchang Chemical\" \/>\n<meta property=\"og:description\" content=\"Longchang chemical is China top Optical Brightening Agent CBS-X suppliers \uff06 cas 27344-41-8 manufacturers, Our MOQ is 1kg, we can provide the best Optical Brightening Agent CBS-X price. Other name: Fluorescent Brightener 351; Megawhite DT\" \/>\n<meta property=\"og:url\" content=\"https:\/\/longchangchemical.com\/nl\/product\/optical-brightening-agent-cbs-x-cas-27344-41-8\/\" \/>\n<meta property=\"og:site_name\" content=\"Longchang Chemical\" \/>\n<meta property=\"article:modified_time\" content=\"2025-04-01T07:41:47+00:00\" \/>\n<meta property=\"og:image\" content=\"https:\/\/longchangchemical.com\/wp-content\/uploads\/2020\/09\/Optical-brightening-agent-cbs-x-appearance.jpg\" \/>\n\t<meta property=\"og:image:width\" content=\"600\" \/>\n\t<meta property=\"og:image:height\" content=\"800\" \/>\n\t<meta property=\"og:image:type\" content=\"image\/jpeg\" \/>\n<meta name=\"twitter:card\" content=\"summary_large_image\" \/>\n<script type=\"application\/ld+json\" class=\"yoast-schema-graph\">{\"@context\":\"https:\/\/schema.org\",\"@graph\":[{\"@type\":\"WebPage\",\"@id\":\"https:\/\/longchangchemical.com\/product\/optical-brightening-agent-cbs-x-cas-27344-41-8\/\",\"url\":\"https:\/\/longchangchemical.com\/product\/optical-brightening-agent-cbs-x-cas-27344-41-8\/\",\"name\":\"China Megawhite DT \/ Optical Brightening Agent CBS-X cas 27344-41-8 manufacturer - Longchang Chemical\",\"isPartOf\":{\"@id\":\"https:\/\/longchangchemical.com\/#website\"},\"primaryImageOfPage\":{\"@id\":\"https:\/\/longchangchemical.com\/product\/optical-brightening-agent-cbs-x-cas-27344-41-8\/#primaryimage\"},\"image\":{\"@id\":\"https:\/\/longchangchemical.com\/product\/optical-brightening-agent-cbs-x-cas-27344-41-8\/#primaryimage\"},\"thumbnailUrl\":\"https:\/\/longchangchemical.com\/wp-content\/uploads\/2020\/09\/Optical-brightening-agent-cbs-x-appearance.jpg\",\"datePublished\":\"2020-09-21T08:37:36+00:00\",\"dateModified\":\"2025-04-01T07:41:47+00:00\",\"description\":\"Longchang chemical is China top Optical Brightening Agent CBS-X suppliers \uff06 cas 27344-41-8 manufacturers, Our MOQ is 1kg, we can provide the best Optical Brightening Agent CBS-X price. Other name: Fluorescent Brightener 351; Megawhite DT\",\"breadcrumb\":{\"@id\":\"https:\/\/longchangchemical.com\/product\/optical-brightening-agent-cbs-x-cas-27344-41-8\/#breadcrumb\"},\"inLanguage\":\"nl-NL\",\"potentialAction\":[{\"@type\":\"ReadAction\",\"target\":[\"https:\/\/longchangchemical.com\/product\/optical-brightening-agent-cbs-x-cas-27344-41-8\/\"]}]},{\"@type\":\"ImageObject\",\"inLanguage\":\"nl-NL\",\"@id\":\"https:\/\/longchangchemical.com\/product\/optical-brightening-agent-cbs-x-cas-27344-41-8\/#primaryimage\",\"url\":\"https:\/\/longchangchemical.com\/wp-content\/uploads\/2020\/09\/Optical-brightening-agent-cbs-x-appearance.jpg\",\"contentUrl\":\"https:\/\/longchangchemical.com\/wp-content\/uploads\/2020\/09\/Optical-brightening-agent-cbs-x-appearance.jpg\",\"width\":600,\"height\":800,\"caption\":\"Optical brightening agent cbs-x appearance\"},{\"@type\":\"BreadcrumbList\",\"@id\":\"https:\/\/longchangchemical.com\/product\/optical-brightening-agent-cbs-x-cas-27344-41-8\/#breadcrumb\",\"itemListElement\":[{\"@type\":\"ListItem\",\"position\":1,\"name\":\"Home\",\"item\":\"https:\/\/longchangchemical.com\/\"},{\"@type\":\"ListItem\",\"position\":2,\"name\":\"Products Longchang\",\"item\":\"https:\/\/longchangchemical.com\/product\/\"},{\"@type\":\"ListItem\",\"position\":3,\"name\":\"CHLUMIPHOR\u00ae Megawhite DT \/ Optical brightening agent cbs-x cas 27344-41-8\"}]},{\"@type\":\"WebSite\",\"@id\":\"https:\/\/longchangchemical.com\/#website\",\"url\":\"https:\/\/longchangchemical.com\/\",\"name\":\"Longchang Chemical\",\"description\":\"China chemical manufacturer \uff06 supplier\",\"publisher\":{\"@id\":\"https:\/\/longchangchemical.com\/#organization\"},\"potentialAction\":[{\"@type\":\"SearchAction\",\"target\":{\"@type\":\"EntryPoint\",\"urlTemplate\":\"https:\/\/longchangchemical.com\/?s={search_term_string}\"},\"query-input\":{\"@type\":\"PropertyValueSpecification\",\"valueRequired\":true,\"valueName\":\"search_term_string\"}}],\"inLanguage\":\"nl-NL\"},{\"@type\":\"Organization\",\"@id\":\"https:\/\/longchangchemical.com\/#organization\",\"name\":\"Longchang Chemical\",\"url\":\"https:\/\/longchangchemical.com\/\",\"logo\":{\"@type\":\"ImageObject\",\"inLanguage\":\"nl-NL\",\"@id\":\"https:\/\/longchangchemical.com\/#\/schema\/logo\/image\/\",\"url\":\"https:\/\/longchangchemical.com\/wp-content\/uploads\/2020\/08\/cropped-longchang-logo.png\",\"contentUrl\":\"https:\/\/longchangchemical.com\/wp-content\/uploads\/2020\/08\/cropped-longchang-logo.png\",\"width\":512,\"height\":512,\"caption\":\"Longchang Chemical\"},\"image\":{\"@id\":\"https:\/\/longchangchemical.com\/#\/schema\/logo\/image\/\"}}]}<\/script>\n<!-- \/ Yoast SEO plugin. -->","yoast_head_json":{"title":"China Megawhite DT \/ Optical Brightening Agent CBS-X cas 27344-41-8 fabrikant - Longchang Chemical","description":"Het chemische product Longchang is hoogste Optische Ophelderende Agent CBS-X van China leveranciers \uff06 cas 27344-41-8 fabrikanten, is Onze MOQ 1kg, kunnen wij de beste Optische Ophelderende Agent CBS-X prijs verstrekken. Andere naam: Fluorescente Poetsmiddel 351; Megawhite DT","robots":{"index":"index","follow":"follow","max-snippet":"max-snippet:-1","max-image-preview":"max-image-preview:large","max-video-preview":"max-video-preview:-1"},"canonical":"https:\/\/longchangchemical.com\/nl\/product\/optical-brightening-agent-cbs-x-cas-27344-41-8\/","og_locale":"nl_NL","og_type":"article","og_title":"China Megawhite DT \/ Optical Brightening Agent CBS-X cas 27344-41-8 manufacturer - Longchang Chemical","og_description":"Longchang chemical is China top Optical Brightening Agent CBS-X suppliers \uff06 cas 27344-41-8 manufacturers, Our MOQ is 1kg, we can provide the best Optical Brightening Agent CBS-X price. Other name: Fluorescent Brightener 351; Megawhite DT","og_url":"https:\/\/longchangchemical.com\/nl\/product\/optical-brightening-agent-cbs-x-cas-27344-41-8\/","og_site_name":"Longchang Chemical","article_modified_time":"2025-04-01T07:41:47+00:00","og_image":[{"width":600,"height":800,"url":"https:\/\/longchangchemical.com\/wp-content\/uploads\/2020\/09\/Optical-brightening-agent-cbs-x-appearance.jpg","type":"image\/jpeg"}],"twitter_card":"summary_large_image","schema":{"@context":"https:\/\/schema.org","@graph":[{"@type":"WebPage","@id":"https:\/\/longchangchemical.com\/product\/optical-brightening-agent-cbs-x-cas-27344-41-8\/","url":"https:\/\/longchangchemical.com\/product\/optical-brightening-agent-cbs-x-cas-27344-41-8\/","name":"China Megawhite DT \/ Optical Brightening Agent CBS-X cas 27344-41-8 fabrikant - Longchang Chemical","isPartOf":{"@id":"https:\/\/longchangchemical.com\/#website"},"primaryImageOfPage":{"@id":"https:\/\/longchangchemical.com\/product\/optical-brightening-agent-cbs-x-cas-27344-41-8\/#primaryimage"},"image":{"@id":"https:\/\/longchangchemical.com\/product\/optical-brightening-agent-cbs-x-cas-27344-41-8\/#primaryimage"},"thumbnailUrl":"https:\/\/longchangchemical.com\/wp-content\/uploads\/2020\/09\/Optical-brightening-agent-cbs-x-appearance.jpg","datePublished":"2020-09-21T08:37:36+00:00","dateModified":"2025-04-01T07:41:47+00:00","description":"Het chemische product Longchang is hoogste Optische Ophelderende Agent CBS-X van China leveranciers \uff06 cas 27344-41-8 fabrikanten, is Onze MOQ 1kg, kunnen wij de beste Optische Ophelderende Agent CBS-X prijs verstrekken. Andere naam: Fluorescente Poetsmiddel 351; Megawhite DT","breadcrumb":{"@id":"https:\/\/longchangchemical.com\/product\/optical-brightening-agent-cbs-x-cas-27344-41-8\/#breadcrumb"},"inLanguage":"nl-NL","potentialAction":[{"@type":"ReadAction","target":["https:\/\/longchangchemical.com\/product\/optical-brightening-agent-cbs-x-cas-27344-41-8\/"]}]},{"@type":"ImageObject","inLanguage":"nl-NL","@id":"https:\/\/longchangchemical.com\/product\/optical-brightening-agent-cbs-x-cas-27344-41-8\/#primaryimage","url":"https:\/\/longchangchemical.com\/wp-content\/uploads\/2020\/09\/Optical-brightening-agent-cbs-x-appearance.jpg","contentUrl":"https:\/\/longchangchemical.com\/wp-content\/uploads\/2020\/09\/Optical-brightening-agent-cbs-x-appearance.jpg","width":600,"height":800,"caption":"Optical brightening agent cbs-x appearance"},{"@type":"BreadcrumbList","@id":"https:\/\/longchangchemical.com\/product\/optical-brightening-agent-cbs-x-cas-27344-41-8\/#breadcrumb","itemListElement":[{"@type":"ListItem","position":1,"name":"Home","item":"https:\/\/longchangchemical.com\/"},{"@type":"ListItem","position":2,"name":"Products Longchang","item":"https:\/\/longchangchemical.com\/product\/"},{"@type":"ListItem","position":3,"name":"CHLUMIPHOR\u00ae Megawhite DT \/ Optical brightening agent cbs-x cas 27344-41-8"}]},{"@type":"WebSite","@id":"https:\/\/longchangchemical.com\/#website","url":"https:\/\/longchangchemical.com\/","name":"Chemisch bedrijf Longchang","description":"China chemische fabrikant \uff06 leverancier","publisher":{"@id":"https:\/\/longchangchemical.com\/#organization"},"potentialAction":[{"@type":"SearchAction","target":{"@type":"EntryPoint","urlTemplate":"https:\/\/longchangchemical.com\/?s={search_term_string}"},"query-input":{"@type":"PropertyValueSpecification","valueRequired":true,"valueName":"search_term_string"}}],"inLanguage":"nl-NL"},{"@type":"Organization","@id":"https:\/\/longchangchemical.com\/#organization","name":"Chemisch bedrijf Longchang","url":"https:\/\/longchangchemical.com\/","logo":{"@type":"ImageObject","inLanguage":"nl-NL","@id":"https:\/\/longchangchemical.com\/#\/schema\/logo\/image\/","url":"https:\/\/longchangchemical.com\/wp-content\/uploads\/2020\/08\/cropped-longchang-logo.png","contentUrl":"https:\/\/longchangchemical.com\/wp-content\/uploads\/2020\/08\/cropped-longchang-logo.png","width":512,"height":512,"caption":"Longchang Chemical"},"image":{"@id":"https:\/\/longchangchemical.com\/#\/schema\/logo\/image\/"}}]}},"_links":{"self":[{"href":"https:\/\/longchangchemical.com\/nl\/wp-json\/wp\/v2\/product\/3257","targetHints":{"allow":["GET"]}}],"collection":[{"href":"https:\/\/longchangchemical.com\/nl\/wp-json\/wp\/v2\/product"}],"about":[{"href":"https:\/\/longchangchemical.com\/nl\/wp-json\/wp\/v2\/types\/product"}],"replies":[{"embeddable":true,"href":"https:\/\/longchangchemical.com\/nl\/wp-json\/wp\/v2\/comments?post=3257"}],"wp:featuredmedia":[{"embeddable":true,"href":"https:\/\/longchangchemical.com\/nl\/wp-json\/wp\/v2\/media\/3258"}],"wp:attachment":[{"href":"https:\/\/longchangchemical.com\/nl\/wp-json\/wp\/v2\/media?parent=3257"}],"wp:term":[{"taxonomy":"product_brand","embeddable":true,"href":"https:\/\/longchangchemical.com\/nl\/wp-json\/wp\/v2\/product_brand?post=3257"},{"taxonomy":"product_cat","embeddable":true,"href":"https:\/\/longchangchemical.com\/nl\/wp-json\/wp\/v2\/product_cat?post=3257"},{"taxonomy":"product_tag","embeddable":true,"href":"https:\/\/longchangchemical.com\/nl\/wp-json\/wp\/v2\/product_tag?post=3257"}],"curies":[{"name":"wp","href":"https:\/\/api.w.org\/{rel}","templated":true}]}}