{"id":3109,"date":"2020-09-05T06:04:18","date_gmt":"2020-09-05T06:04:18","guid":{"rendered":"https:\/\/longchangchemical.com\/?post_type=product&#038;p=3109"},"modified":"2025-04-01T07:42:12","modified_gmt":"2025-04-01T07:42:12","slug":"optical-brightener-ob-1-cas-1533-45-5","status":"publish","type":"product","link":"https:\/\/longchangchemical.com\/nl\/product\/optical-brightener-ob-1-cas-1533-45-5\/","title":{"rendered":"CHLUMIPHOR\u00ae OB-1 \/ Optische witmaker OB-1 CAS 1533-45-5"},"content":{"rendered":"<h2><strong><b>Optische witmaker OB-1 Typische eigenschappen<\/b><\/strong><\/h2>\n<table>\n<tbody>\n<tr>\n<td>Item<\/td>\n<td>Specificaties<\/td>\n<\/tr>\n<tr>\n<td>Uiterlijk<\/td>\n<td>Licht groenachtig geel poeder<\/td>\n<\/tr>\n<tr>\n<td>Inhoud (HPLC)<\/td>\n<td>98~98.5%<\/td>\n<\/tr>\n<tr>\n<td>Smeltpunt<\/td>\n<td>352~358\u2103<\/td>\n<\/tr>\n<tr>\n<td>Asgehalte<\/td>\n<td>\u22660,5%<\/td>\n<\/tr>\n<tr>\n<td>Vluchtige stoffen<\/td>\n<td>\u22660,5%<\/td>\n<\/tr>\n<\/tbody>\n<\/table>\n<h2 class=\"blog-entry-title text-center\" style=\"text-align: left;\"><span style=\"color: #00ffff;\"><a style=\"color: #00ffff;\" href=\"https:\/\/longchangchemical.com\/nl\/what-is-the-difference-between-optical-brightener-ob-and-optical-brightener-ob-1\/\">Wat is het verschil tussen Optische witmaker OB en Optische witmaker OB-1?<\/a><\/span><\/h2>\n<p><strong>Optische witmaker OB en Optische witmaker OB-1 zijn totaal verschillende chemicali\u00ebn. Je kunt op de bovenstaande link klikken om de verschillen te zien.<\/strong><\/p>\n<h2><strong><b>Optische witmaker OB-1 Gebruik<\/b><\/strong><\/h2>\n<p>1. Optische witmaker OB-1 kan worden gebruikt voor het wit maken van polyestervezel, nylonvezel en polypropyleenvezel.<\/p>\n<p>2. Optische witmaker OB-1 kan worden gebruikt voor het wit maken van polypropyleen, harde PVC, ABS, EVA, polystyreen en Makrolon.<\/p>\n<p>3. Optische witmaker OB-1 kan worden gebruikt voor polyester en nylon.<\/p>\n<p>4. Optische witmaker OB-1 kan ook worden gebruikt voor het wit maken van kunststoffen zoals ABS, PS, HIPS, PA, PC, PP, EVA en hard PVC. De toevoeging van OB-1 aan nylonvezel, nylon en polyester zal de witmakersgraad ook aanzienlijk verbeteren.<\/p>\n<p>5. Optische witmaker OB-1 voegt OB-1 toe aan gerecycled polyestervezelafval, flessenmateriaal en chips, het gerecyclede materiaal zal witter lijken en de chromaticiteit van verschillende gerecyclede materialen zal consistenter worden.<\/p>\n<h2><strong><b>Optische witmaker OB-1 Eigenschappen<\/b><\/strong><\/h2>\n<p>1. Hoge wittende kracht en sterke fluorescentie.<\/p>\n<p>2. Breed toepassingsgebied: polyester, nylonvezel en diverse kunststoffen.<\/p>\n<p>3. Optische witmaker OB-1 is bijzonder goed bestand tegen hoge temperaturen en wordt voornamelijk gebruikt voor het bleken door hotmeltpadverven, geschikt voor het bleken van polyestervezels en het bleken van polyester, katoen en andere vezelmengsels.<\/p>\n<p>4. Optische witmaker OB-1 is een uitstekende oxazool witmaker, onoplosbaar in water, stabiel in prestaties en heeft een goede weerstand tegen zonlicht, chloorbleken en migratie.<\/p>\n<h2><strong><b>Optische witmaker OB-1 Toepassingsmethode<\/b><\/strong><\/h2>\n<p>Aanbevolen dosering: voor elke 1000 kg materiaal<br \/>\n1.EVA, polypropyleenvezel, nylon en Makrolon: 75\uff5e200g<br \/>\n2.polyster vezel: 75~300g<\/p>\n<h2><strong><b>Optische witmaker OB-1 Verpakking en verzending<\/b><\/strong><\/h2>\n<p>Verpakking naar wens van de klant (25 kg) dozen, papieren emmer, papieren zakken. Verpakking naar wens van de klant. Droog, donker bewaren.<\/p>\n<p>&nbsp;<\/p>\n<h2><strong><b>Neem nu contact met ons op!<\/b><\/strong><\/h2>\n<h4><strong><b>Als je een prijs nodig hebt, vul dan je contactgegevens in op het formulier hieronder. We nemen dan meestal binnen 24 uur contact met je op. Je kunt me ook een e-mail sturen <span style=\"color: #0000ff;\"><a style=\"color: #0000ff;\" href=\"mailto:info@longchangchemical.com\">info@longchangchemical.com<\/a><\/span> tijdens kantooruren (8:30 tot 18:00 UTC+8 ma. ~ za.) of gebruik de live chat op de website voor een snel antwoord.<\/b><\/strong><\/h4>\n<p><!--more--><\/p>\n<p>Waarom worden sponsproducten geel? Wat is de oplossing?<br \/>\nSponsproducten kunnen om verschillende redenen geel worden tijdens het gebruik. Hier zijn een paar mogelijke redenen:<\/p>\n<p>1, Oxidatie: wanneer de materialen in sponsproducten in contact komen met zuurstof, kan er een oxidatiereactie optreden waardoor de spons geel wordt. Dit komt meestal doordat het polymeermateriaal in de spons reageert met zuurstof in de lucht, waardoor de kleur verandert.<\/p>\n<p>2. Vuil en verontreinigingen: Sponsproducten worden meestal gebruikt voor het reinigen en afvegen van oppervlakken en komen daardoor in contact met allerlei vuil en verontreinigingen. Dit vuil kan in de vezels van de spons dringen en is moeilijk volledig te reinigen. Na verloop van tijd kan het vuil zich ophopen en ervoor zorgen dat de spons geel wordt.<\/p>\n<p>3, blootstelling aan zonlicht en UV-straling: wanneer sponsproducten gedurende lange tijd worden blootgesteld aan zonlicht of UV-straling, kunnen bepaalde componenten in het materiaal een fotochemische reactie ondergaan. Deze reactie kan leiden tot veranderingen in de moleculaire structuur, waardoor de spons geel wordt.<\/p>\n<p>4, chemische reactie: sommige sponsproducten kunnen gevoelig zijn voor specifieke chemicali\u00ebn en het contact ermee kan vergeling veroorzaken. Deze chemicali\u00ebn kunnen detergenten, bleekmiddel, kleurstoffen of andere chemicali\u00ebn zijn.<\/p>\n<p>5, onjuiste opslag en onderhoud: Als de sponsproducten niet goed worden opgeslagen en onderhouden, zoals lange blootstelling aan vocht of opslag met andere gekleurde stoffen, kan dit leiden tot vergeling van de spons.<\/p>\n<p>Het vergelen van sponsproducten betekent niet noodzakelijkerwijs dat hun prestaties of functie aangetast zijn, maar het kan wel het uiterlijk be\u00efnvloeden. Als u de oorspronkelijke kleur van sponsproducten wilt behouden, moet u ze regelmatig reinigen en onderhouden en contact vermijden met stoffen die vergeling kunnen veroorzaken.<\/p>\n<p>&nbsp;<\/p>\n<p>Oplossing: Je kunt voorkomen dat sponzen vergelen door een anti-vergelingsmiddel voor sponzen te gebruiken. Dit is een product dat kan helpen om de kleur van de spons te behouden:<\/p>\n<p>1, kies het juiste anti-vergelingsmiddel voor sponzen: er zijn verschillende soorten anti-vergelingsmiddel voor sponzen op de markt. Zorg ervoor dat u het juiste product kiest voor het type spons en de toepassing. Lees de productbeschrijvingen en richtlijnen voor de toepasselijke voorwaarden en het gebruik.<\/p>\n<p>2. Voorbehandeling van sponzen: Sponzen kunnen worden voorbehandeld voordat ze worden gebruikt. Week de spons in warm water gemengd met een geschikte hoeveelheid sponsmiddel tegen vergelen gedurende de tijd die in de gebruiksaanwijzing van het product staat. Voorbehandeling kan helpen voorkomen dat de spons van tevoren geel wordt.<\/p>\n<p>3, Regelmatig schoonmaken en onderhoud: Het regelmatig reinigen van de spons is een belangrijke stap in het voorkomen van vergeling. Gebruik warm water en een mild schoonmaakmiddel om het oppervlak en de vezels van de spons grondig te reinigen. Vermijd schoonmaakmiddelen die bleekmiddel of sterke zuren en alkali\u00ebn bevatten, omdat deze de kleur en textuur van de spons kunnen aantasten.<\/p>\n<p>4. Vermijd verontreinigende stoffen en chemicali\u00ebn: Probeer te voorkomen dat sponzen in contact komen met verontreinigende stoffen en chemicali\u00ebn die vergeling kunnen veroorzaken. Gebruik de spons niet om voorwerpen schoon te maken die sterke pigmenten of kleurstoffen bevatten. Vermijd ook contact tussen de spons en voorwerpen die bleekmiddel of andere schadelijke chemicali\u00ebn bevatten.<\/p>\n<p>5, Juiste opslag: Bewaar sponzen in een droge, goed geventileerde ruimte uit de buurt van direct zonlicht. Stel de spons niet bloot aan vocht om schimmel en vergeling te voorkomen.<\/p>\n<p>6. Vervang de spons regelmatig: Hoe zorgvuldig je ook onderhoud pleegt, de spons zal na verloop van tijd slijten en oud worden. Controleer regelmatig de staat van je sponzen en vervang de sponzen die aan vervanging toe zijn tijdig om ze schoon te houden en er goed uit te laten zien.<\/p>\n<p>Houd er rekening mee dat het gebruik van een anti-vergelingsmiddel voor sponzen de kans op vergeling van de spons niet volledig uitsluit, maar wel het begin van vergeling effectief kan vertragen. Zorg er ook voor dat u het anti-vergelingsmiddel voor sponzen op de juiste manier selecteert en gebruikt en dat u de instructies van het product volgt.<\/p>","protected":false},"excerpt":{"rendered":"<h1><strong><b>Optische witmaker OB-1\u00a0<\/b><\/strong><\/h1>\n<p>Chemische naam: Optische witmaker OB-1<\/p>\n<p>Andere Naam: Fluorescente witmaker 393; 4,4\u2032-Bis(2-benzoxazolyl)stilbeen; Fluorescente witmaker OB-1<\/p>\n<p>CAS-nr.: 1533-45-5<\/p>\n<p>Moleculaire formule: C28H18N2O2<\/p>\n<p>Molecuulgewicht: 414,45<\/p>\n<p>Optische witmaker OB-1 Structuur:<\/p>\n<p><img decoding=\"async\" class=\"size-medium wp-image-3111\" src=\"https:\/\/longchangchemical.com\/wp-content\/uploads\/2020\/09\/Optical-brightener-OB-1-Structure-300x50.png\" alt=\"Optische witmaker OB-1 Structuur\" width=\"300\" height=\"50\" srcset=\"https:\/\/longchangchemical.com\/wp-content\/uploads\/2020\/09\/Optical-brightener-OB-1-Structure-300x50.png 300w, https:\/\/longchangchemical.com\/wp-content\/uploads\/2020\/09\/Optical-brightener-OB-1-Structure.png 365w\" sizes=\"(max-width: 300px) 100vw, 300px\" \/><\/p>\n<p>Uiterlijk: Geelgroenachtig poeder<\/p>\n<p>Analyse: 99%<\/p>","protected":false},"featured_media":3110,"comment_status":"open","ping_status":"closed","template":"","meta":[],"product_brand":[],"product_cat":[140],"product_tag":[],"class_list":{"0":"post-3109","1":"product","2":"type-product","3":"status-publish","4":"has-post-thumbnail","6":"product_cat-chlumiphor-fluorescent-brightener","8":"first","9":"instock","10":"shipping-taxable","11":"product-type-simple"},"yoast_head":"<!-- This site is optimized with the Yoast SEO plugin v25.3.1 - https:\/\/yoast.com\/wordpress\/plugins\/seo\/ -->\n<title>China Optical brightener OB-1 manufacturer and supplier - Longchang chemical<\/title>\n<meta name=\"description\" content=\"Longchang chemical is a China Optical brightener OB-1 CAS 1533-45-5 manufacturer and supplier, we can provide the best Optical brightener OB-1 price. Other Name: Fluorescent Brightener 393 ; 4,4\u2032-Bis(2-benzoxazolyl)stilbene\" \/>\n<meta name=\"robots\" content=\"index, follow, max-snippet:-1, max-image-preview:large, max-video-preview:-1\" \/>\n<link rel=\"canonical\" href=\"https:\/\/longchangchemical.com\/nl\/product\/optical-brightener-ob-1-cas-1533-45-5\/\" \/>\n<meta property=\"og:locale\" content=\"nl_NL\" \/>\n<meta property=\"og:type\" content=\"article\" \/>\n<meta property=\"og:title\" content=\"China Optical brightener OB-1 manufacturer and supplier - Longchang chemical\" \/>\n<meta property=\"og:description\" content=\"Longchang chemical is a China Optical brightener OB-1 CAS 1533-45-5 manufacturer and supplier, we can provide the best Optical brightener OB-1 price. Other Name: Fluorescent Brightener 393 ; 4,4\u2032-Bis(2-benzoxazolyl)stilbene\" \/>\n<meta property=\"og:url\" content=\"https:\/\/longchangchemical.com\/nl\/product\/optical-brightener-ob-1-cas-1533-45-5\/\" \/>\n<meta property=\"og:site_name\" content=\"Longchang Chemical\" \/>\n<meta property=\"article:modified_time\" content=\"2025-04-01T07:42:12+00:00\" \/>\n<meta property=\"og:image\" content=\"https:\/\/longchangchemical.com\/wp-content\/uploads\/2020\/09\/Optical-brightener-OB-1-appearance.jpg\" \/>\n\t<meta property=\"og:image:width\" content=\"900\" \/>\n\t<meta property=\"og:image:height\" content=\"1200\" \/>\n\t<meta property=\"og:image:type\" content=\"image\/jpeg\" \/>\n<meta name=\"twitter:card\" content=\"summary_large_image\" \/>\n<script type=\"application\/ld+json\" class=\"yoast-schema-graph\">{\"@context\":\"https:\/\/schema.org\",\"@graph\":[{\"@type\":\"WebPage\",\"@id\":\"https:\/\/longchangchemical.com\/product\/optical-brightener-ob-1-cas-1533-45-5\/\",\"url\":\"https:\/\/longchangchemical.com\/product\/optical-brightener-ob-1-cas-1533-45-5\/\",\"name\":\"China Optical brightener OB-1 manufacturer and supplier - Longchang chemical\",\"isPartOf\":{\"@id\":\"https:\/\/longchangchemical.com\/#website\"},\"primaryImageOfPage\":{\"@id\":\"https:\/\/longchangchemical.com\/product\/optical-brightener-ob-1-cas-1533-45-5\/#primaryimage\"},\"image\":{\"@id\":\"https:\/\/longchangchemical.com\/product\/optical-brightener-ob-1-cas-1533-45-5\/#primaryimage\"},\"thumbnailUrl\":\"https:\/\/longchangchemical.com\/wp-content\/uploads\/2020\/09\/Optical-brightener-OB-1-appearance.jpg\",\"datePublished\":\"2020-09-05T06:04:18+00:00\",\"dateModified\":\"2025-04-01T07:42:12+00:00\",\"description\":\"Longchang chemical is a China Optical brightener OB-1 CAS 1533-45-5 manufacturer and supplier, we can provide the best Optical brightener OB-1 price. Other Name: Fluorescent Brightener 393 ; 4,4\u2032-Bis(2-benzoxazolyl)stilbene\",\"breadcrumb\":{\"@id\":\"https:\/\/longchangchemical.com\/product\/optical-brightener-ob-1-cas-1533-45-5\/#breadcrumb\"},\"inLanguage\":\"nl-NL\",\"potentialAction\":[{\"@type\":\"ReadAction\",\"target\":[\"https:\/\/longchangchemical.com\/product\/optical-brightener-ob-1-cas-1533-45-5\/\"]}]},{\"@type\":\"ImageObject\",\"inLanguage\":\"nl-NL\",\"@id\":\"https:\/\/longchangchemical.com\/product\/optical-brightener-ob-1-cas-1533-45-5\/#primaryimage\",\"url\":\"https:\/\/longchangchemical.com\/wp-content\/uploads\/2020\/09\/Optical-brightener-OB-1-appearance.jpg\",\"contentUrl\":\"https:\/\/longchangchemical.com\/wp-content\/uploads\/2020\/09\/Optical-brightener-OB-1-appearance.jpg\",\"width\":900,\"height\":1200,\"caption\":\"Optical brightener OB-1 appearance\"},{\"@type\":\"BreadcrumbList\",\"@id\":\"https:\/\/longchangchemical.com\/product\/optical-brightener-ob-1-cas-1533-45-5\/#breadcrumb\",\"itemListElement\":[{\"@type\":\"ListItem\",\"position\":1,\"name\":\"Home\",\"item\":\"https:\/\/longchangchemical.com\/\"},{\"@type\":\"ListItem\",\"position\":2,\"name\":\"Products Longchang\",\"item\":\"https:\/\/longchangchemical.com\/product\/\"},{\"@type\":\"ListItem\",\"position\":3,\"name\":\"CHLUMIPHOR\u00ae OB-1 \/ Optical brightener OB-1 CAS 1533-45-5\"}]},{\"@type\":\"WebSite\",\"@id\":\"https:\/\/longchangchemical.com\/#website\",\"url\":\"https:\/\/longchangchemical.com\/\",\"name\":\"Longchang Chemical\",\"description\":\"China chemical manufacturer \uff06 supplier\",\"publisher\":{\"@id\":\"https:\/\/longchangchemical.com\/#organization\"},\"potentialAction\":[{\"@type\":\"SearchAction\",\"target\":{\"@type\":\"EntryPoint\",\"urlTemplate\":\"https:\/\/longchangchemical.com\/?s={search_term_string}\"},\"query-input\":{\"@type\":\"PropertyValueSpecification\",\"valueRequired\":true,\"valueName\":\"search_term_string\"}}],\"inLanguage\":\"nl-NL\"},{\"@type\":\"Organization\",\"@id\":\"https:\/\/longchangchemical.com\/#organization\",\"name\":\"Longchang Chemical\",\"url\":\"https:\/\/longchangchemical.com\/\",\"logo\":{\"@type\":\"ImageObject\",\"inLanguage\":\"nl-NL\",\"@id\":\"https:\/\/longchangchemical.com\/#\/schema\/logo\/image\/\",\"url\":\"https:\/\/longchangchemical.com\/wp-content\/uploads\/2020\/08\/cropped-longchang-logo.png\",\"contentUrl\":\"https:\/\/longchangchemical.com\/wp-content\/uploads\/2020\/08\/cropped-longchang-logo.png\",\"width\":512,\"height\":512,\"caption\":\"Longchang Chemical\"},\"image\":{\"@id\":\"https:\/\/longchangchemical.com\/#\/schema\/logo\/image\/\"}}]}<\/script>\n<!-- \/ Yoast SEO plugin. -->","yoast_head_json":{"title":"China optische witmaker OB-1 fabrikant en leverancier - Longchang chemical","description":"Longchang chemicali\u00ebn is een China Optische witmaker OB-1 CAS 1533-45-5 fabrikant en leverancier, kunnen wij de beste Optische witmaker OB-1 prijs. Andere Naam: Fluorescent Heldermakend 393; 4,4\u2032-Bis(2-benzoxazolyl) stilbeen","robots":{"index":"index","follow":"follow","max-snippet":"max-snippet:-1","max-image-preview":"max-image-preview:large","max-video-preview":"max-video-preview:-1"},"canonical":"https:\/\/longchangchemical.com\/nl\/product\/optical-brightener-ob-1-cas-1533-45-5\/","og_locale":"nl_NL","og_type":"article","og_title":"China Optical brightener OB-1 manufacturer and supplier - Longchang chemical","og_description":"Longchang chemical is a China Optical brightener OB-1 CAS 1533-45-5 manufacturer and supplier, we can provide the best Optical brightener OB-1 price. Other Name: Fluorescent Brightener 393 ; 4,4\u2032-Bis(2-benzoxazolyl)stilbene","og_url":"https:\/\/longchangchemical.com\/nl\/product\/optical-brightener-ob-1-cas-1533-45-5\/","og_site_name":"Longchang Chemical","article_modified_time":"2025-04-01T07:42:12+00:00","og_image":[{"width":900,"height":1200,"url":"https:\/\/longchangchemical.com\/wp-content\/uploads\/2020\/09\/Optical-brightener-OB-1-appearance.jpg","type":"image\/jpeg"}],"twitter_card":"summary_large_image","schema":{"@context":"https:\/\/schema.org","@graph":[{"@type":"WebPage","@id":"https:\/\/longchangchemical.com\/product\/optical-brightener-ob-1-cas-1533-45-5\/","url":"https:\/\/longchangchemical.com\/product\/optical-brightener-ob-1-cas-1533-45-5\/","name":"China optische witmaker OB-1 fabrikant en leverancier - Longchang chemical","isPartOf":{"@id":"https:\/\/longchangchemical.com\/#website"},"primaryImageOfPage":{"@id":"https:\/\/longchangchemical.com\/product\/optical-brightener-ob-1-cas-1533-45-5\/#primaryimage"},"image":{"@id":"https:\/\/longchangchemical.com\/product\/optical-brightener-ob-1-cas-1533-45-5\/#primaryimage"},"thumbnailUrl":"https:\/\/longchangchemical.com\/wp-content\/uploads\/2020\/09\/Optical-brightener-OB-1-appearance.jpg","datePublished":"2020-09-05T06:04:18+00:00","dateModified":"2025-04-01T07:42:12+00:00","description":"Longchang chemicali\u00ebn is een China Optische witmaker OB-1 CAS 1533-45-5 fabrikant en leverancier, kunnen wij de beste Optische witmaker OB-1 prijs. Andere Naam: Fluorescent Heldermakend 393; 4,4\u2032-Bis(2-benzoxazolyl) stilbeen","breadcrumb":{"@id":"https:\/\/longchangchemical.com\/product\/optical-brightener-ob-1-cas-1533-45-5\/#breadcrumb"},"inLanguage":"nl-NL","potentialAction":[{"@type":"ReadAction","target":["https:\/\/longchangchemical.com\/product\/optical-brightener-ob-1-cas-1533-45-5\/"]}]},{"@type":"ImageObject","inLanguage":"nl-NL","@id":"https:\/\/longchangchemical.com\/product\/optical-brightener-ob-1-cas-1533-45-5\/#primaryimage","url":"https:\/\/longchangchemical.com\/wp-content\/uploads\/2020\/09\/Optical-brightener-OB-1-appearance.jpg","contentUrl":"https:\/\/longchangchemical.com\/wp-content\/uploads\/2020\/09\/Optical-brightener-OB-1-appearance.jpg","width":900,"height":1200,"caption":"Optical brightener OB-1 appearance"},{"@type":"BreadcrumbList","@id":"https:\/\/longchangchemical.com\/product\/optical-brightener-ob-1-cas-1533-45-5\/#breadcrumb","itemListElement":[{"@type":"ListItem","position":1,"name":"Home","item":"https:\/\/longchangchemical.com\/"},{"@type":"ListItem","position":2,"name":"Products Longchang","item":"https:\/\/longchangchemical.com\/product\/"},{"@type":"ListItem","position":3,"name":"CHLUMIPHOR\u00ae OB-1 \/ Optical brightener OB-1 CAS 1533-45-5"}]},{"@type":"WebSite","@id":"https:\/\/longchangchemical.com\/#website","url":"https:\/\/longchangchemical.com\/","name":"Chemisch bedrijf Longchang","description":"China chemische fabrikant \uff06 leverancier","publisher":{"@id":"https:\/\/longchangchemical.com\/#organization"},"potentialAction":[{"@type":"SearchAction","target":{"@type":"EntryPoint","urlTemplate":"https:\/\/longchangchemical.com\/?s={search_term_string}"},"query-input":{"@type":"PropertyValueSpecification","valueRequired":true,"valueName":"search_term_string"}}],"inLanguage":"nl-NL"},{"@type":"Organization","@id":"https:\/\/longchangchemical.com\/#organization","name":"Chemisch bedrijf Longchang","url":"https:\/\/longchangchemical.com\/","logo":{"@type":"ImageObject","inLanguage":"nl-NL","@id":"https:\/\/longchangchemical.com\/#\/schema\/logo\/image\/","url":"https:\/\/longchangchemical.com\/wp-content\/uploads\/2020\/08\/cropped-longchang-logo.png","contentUrl":"https:\/\/longchangchemical.com\/wp-content\/uploads\/2020\/08\/cropped-longchang-logo.png","width":512,"height":512,"caption":"Longchang Chemical"},"image":{"@id":"https:\/\/longchangchemical.com\/#\/schema\/logo\/image\/"}}]}},"_links":{"self":[{"href":"https:\/\/longchangchemical.com\/nl\/wp-json\/wp\/v2\/product\/3109","targetHints":{"allow":["GET"]}}],"collection":[{"href":"https:\/\/longchangchemical.com\/nl\/wp-json\/wp\/v2\/product"}],"about":[{"href":"https:\/\/longchangchemical.com\/nl\/wp-json\/wp\/v2\/types\/product"}],"replies":[{"embeddable":true,"href":"https:\/\/longchangchemical.com\/nl\/wp-json\/wp\/v2\/comments?post=3109"}],"wp:featuredmedia":[{"embeddable":true,"href":"https:\/\/longchangchemical.com\/nl\/wp-json\/wp\/v2\/media\/3110"}],"wp:attachment":[{"href":"https:\/\/longchangchemical.com\/nl\/wp-json\/wp\/v2\/media?parent=3109"}],"wp:term":[{"taxonomy":"product_brand","embeddable":true,"href":"https:\/\/longchangchemical.com\/nl\/wp-json\/wp\/v2\/product_brand?post=3109"},{"taxonomy":"product_cat","embeddable":true,"href":"https:\/\/longchangchemical.com\/nl\/wp-json\/wp\/v2\/product_cat?post=3109"},{"taxonomy":"product_tag","embeddable":true,"href":"https:\/\/longchangchemical.com\/nl\/wp-json\/wp\/v2\/product_tag?post=3109"}],"curies":[{"name":"wp","href":"https:\/\/api.w.org\/{rel}","templated":true}]}}