{"id":7586,"date":"2024-11-11T06:01:31","date_gmt":"2024-11-11T06:01:31","guid":{"rendered":"https:\/\/longchangchemical.com\/?post_type=product&#038;p=7586"},"modified":"2025-12-16T01:35:35","modified_gmt":"2025-12-16T01:35:35","slug":"photoinitiator-mbf-cas-15206-55-0","status":"publish","type":"product","link":"https:\/\/longchangchemical.com\/it\/product\/photoinitiator-mbf-cas-15206-55-0\/","title":{"rendered":"CHLUMINIT\u00ae MBF \/ Fotoiniziatore MBF \/ Metilbenzoilformato \/ Omnirad MBF CAS 15206-55-0"},"content":{"rendered":"<h1>Fotoiniziatore MBF \/ Metilbenzoilformato \/ Omnirad MBF CAS 15206-55-0<\/h1>\n<p><strong><b>Nome del Chemial<\/b><\/strong>: Metile benzoilformato<\/p>\n<p><strong>Numero CAS<\/strong>: 15206-55-0<\/p>\n<p><strong>Formula molecolare<\/strong>\uff1aC9H8O3<\/p>\n<p><strong>Peso molecolare<\/strong><strong>\uff1a<\/strong>164.16<\/p>\n<p><strong>Specifiche:<\/strong><strong>\u00a0<\/strong> <strong>\u00a0\u00a0\u00a0\u00a0\u00a0\u00a0\u00a0\u00a0\u00a0\u00a0<\/strong> <strong>\u00a0\u00a0\u00a0\u00a0\u00a0<\/strong><\/p>\n<table>\n<tbody>\n<tr>\n<td width=\"238\">Aspetto<\/td>\n<td width=\"281\">Liquido giallo chiaro<\/td>\n<\/tr>\n<tr>\n<td width=\"238\">Test (GC)<\/td>\n<td width=\"281\">\u226599.0%<\/td>\n<\/tr>\n<tr>\n<td width=\"238\">Benzoato di metile (GC)<\/td>\n<td width=\"281\">\u22641.0%<\/td>\n<\/tr>\n<tr>\n<td width=\"238\">Densit\u00e0 a 20 \u00b0C<\/td>\n<td width=\"281\">1,15-1,17 g\/cm3<\/td>\n<\/tr>\n<tr>\n<td width=\"238\">Punto di ebollizione<\/td>\n<td width=\"281\">246\u2103-248\u2103<\/td>\n<\/tr>\n<tr>\n<td width=\"238\">Altre impurit\u00e0 singole<\/td>\n<td width=\"281\">\u22641.0%<\/td>\n<\/tr>\n<tr>\n<td width=\"238\">Sostanza sospesa<\/td>\n<td width=\"281\">No<\/td>\n<\/tr>\n<tr>\n<td rowspan=\"2\" width=\"238\">Trasmittanza<\/td>\n<td width=\"281\">450nm, \u226598.0%<\/td>\n<\/tr>\n<tr>\n<td width=\"281\">500nm, \u226599,0%<\/td>\n<\/tr>\n<\/tbody>\n<\/table>\n<p><strong><b>\u00a0<\/b><\/strong><strong><b>Utilizzo<\/b><\/strong><strong><b>:<\/b><\/strong><\/p>\n<p>1. Dal punto di vista della struttura chimica e del principio, la composizione molecolare del fotocatalizzatore MBF gli conferisce una fotoreattivit\u00e0 unica. \u00c8 come un soldato ben addestrato, che agisce rapidamente su \"ordine\" della luce ultravioletta. Negli inchiostri polimerizzabili con raggi UV, pu\u00f2 promuovere la rapida reticolazione e polimerizzazione di monomeri e oligomeri nell'inchiostro. Questa propriet\u00e0 \u00e8 particolarmente importante nella stampa di alta qualit\u00e0, soprattutto negli scenari di stampa commerciale che richiedono un'asciugatura rapida e colori duraturi. Ad esempio, la stampa di note riviste con inchiostri contenenti il fotoiniziatore MBF non solo garantisce un'elevata velocit\u00e0 di stampa, ma assicura anche che i colori su ogni pagina rimangano vivaci a lungo e non sbiadiscano facilmente.<\/p>\n<p>2. Anche il ruolo del fotoiniziatore MBF nei rivestimenti non \u00e8 da sottovalutare. Nel campo dei rivestimenti protettivi industriali, molte strutture metalliche richiedono rivestimenti protettivi di lunga durata. Questi rivestimenti devono asciugare rapidamente per migliorare l'efficienza produttiva, garantendo al contempo un'eccellente resistenza alla corrosione e all'abrasione. I sistemi di rivestimento polimerizzabili con UV che utilizzano il fotoiniziatore MBF possono soddisfare questi requisiti. Secondo i dati della ricerca, la velocit\u00e0 di polimerizzazione dei rivestimenti che utilizzano il fotoiniziatore MBF \u00e8 di circa 60% superiore a quella dei rivestimenti tradizionali (i dati qui riportati possono essere adattati in base alle ricerche effettive), il che riduce notevolmente il periodo di costruzione e i costi.<\/p>\n<p>3. Vale la pena ricordare che la tecnologia di polimerizzazione di vernici e inchiostri ha subito un lungo sviluppo nel corso della storia. Dall'iniziale essiccazione naturale alla polimerizzazione a caldo, fino alla polimerizzazione UV, ogni cambiamento \u00e8 il riflesso del progresso della scienza dei materiali. L'avvento del fotoiniziatore MBF \u00e8 senza dubbio un'importante pietra miliare nello sviluppo della tecnologia di polimerizzazione UV.<\/p>\n<p><strong><b>Pacchetto<\/b><\/strong><strong><b>:<\/b><\/strong><\/p>\n<p>25 kg\/tamburo<\/p>\n<p><strong><b>Stoccaggio: <\/b><\/strong><\/p>\n<p>Conservati in magazzini asciutti e puliti con una buona ventilazione.<\/p>\n<p>Evitare l'esposizione alla luce e al calore.<\/p>\n<p>Proteggere il prodotto da perdite, pioggia e insolazione durante il trasporto.<\/p>\n<h2><strong><b>Contattateci ora!<\/b><\/strong><\/h2>\n<h4><strong><b>Se avete bisogno di Price, inserite i vostri dati di contatto nel modulo sottostante; di solito vi contatteremo entro 24 ore. Potete anche inviarmi un'e-mail <span style=\"color: #00ccff;\"><a style=\"color: #00ccff;\" href=\"mailto:info@longchangchemical.com\">info@longchangchemical.com<\/a><\/span>\u00a0durante l'orario di lavoro (dalle 8:30 alle 18:00 UTC+8 lun.-sab.) o utilizzare la live chat del sito web per ottenere una risposta immediata.<\/b><\/strong><\/h4>\n<p>&nbsp;<\/p>\n<table style=\"border-collapse: collapse; width: 435.77pt;\" border=\"0\" width=\"581\" cellspacing=\"0\" cellpadding=\"0\">\n<tbody>\n<tr style=\"height: 13.50pt;\">\n<td style=\"height: 13.50pt; width: 215.25pt;\" width=\"287\" height=\"18\"><a href=\"https:\/\/longchangchemical.com\/it\/product\/photoinitiator-tpo-cas-75980-60-8\/\"><span style=\"color: #00ccff;\">Fotoiniziatore TPO<\/span><\/a><\/td>\n<td style=\"width: 220.50pt;\" width=\"294\">CAS 75980-60-8<\/td>\n<\/tr>\n<tr style=\"height: 13.50pt;\">\n<td style=\"height: 13.50pt;\" height=\"18\"><a href=\"https:\/\/longchangchemical.com\/it\/product\/cas-270586-78-2\/\"><span style=\"color: #00ccff;\">Fotoiniziatore TMO<\/span><\/a><\/td>\n<td>CAS 270586-78-2<\/td>\n<\/tr>\n<tr style=\"height: 13.50pt;\">\n<td style=\"height: 13.50pt;\" height=\"18\"><a href=\"https:\/\/longchangchemical.com\/it\/product\/photoinitiator-pd-01-cas-579-07-7\/\"><span style=\"color: #00ccff;\">Fotoiniziatore PD-01<\/span><\/a><\/td>\n<td>CAS 579-07-7<\/td>\n<\/tr>\n<tr style=\"height: 13.50pt;\">\n<td style=\"height: 13.50pt;\" height=\"18\"><a href=\"https:\/\/longchangchemical.com\/it\/product\/photoinitiator-pbz-cas-2128-93-0\/\"><span style=\"color: #00ccff;\">Fotoiniziatore PBZ<\/span><\/a><\/td>\n<td>CAS 2128-93-0<\/td>\n<\/tr>\n<tr style=\"height: 13.50pt;\">\n<td style=\"height: 13.50pt;\" height=\"18\"><a href=\"https:\/\/longchangchemical.com\/it\/product\/photoinitiator-oxe-02-cas-478556-66-0\/\"><span style=\"color: #00ccff;\">Fotoiniziatore OXE-02<\/span><\/a><\/td>\n<td>CAS 478556-66-0<\/td>\n<\/tr>\n<tr style=\"height: 13.50pt;\">\n<td style=\"height: 13.50pt;\" height=\"18\"><a href=\"https:\/\/longchangchemical.com\/it\/product\/photoinitiator-ombb\/\"><span style=\"color: #00ccff;\">Fotoiniziatore OMBB<\/span><\/a><\/td>\n<td>CAS 606-28-0<\/td>\n<\/tr>\n<tr style=\"height: 13.50pt;\">\n<td style=\"height: 13.50pt;\" height=\"18\"><a href=\"https:\/\/longchangchemical.com\/it\/product\/photoinitiator-mpbz-6012\/\"><span style=\"color: #00ccff;\">Fotoiniziatore MPBZ (6012)<\/span><\/a><\/td>\n<td>CAS 86428-83-3<\/td>\n<\/tr>\n<tr style=\"height: 13.50pt;\">\n<td style=\"height: 13.50pt;\" height=\"18\"><a href=\"https:\/\/longchangchemical.com\/it\/product\/photoinitiator-mbp-cas-134-84-9\/\"><span style=\"color: #00ccff;\">Fotoiniziatore MBP<\/span><\/a><\/td>\n<td>CAS 134-84-9<\/td>\n<\/tr>\n<tr style=\"height: 13.50pt;\">\n<td style=\"height: 13.50pt;\" height=\"18\"><a href=\"https:\/\/longchangchemical.com\/it\/product\/photoinitiator-mbf-cas-15206-55-0\/\"><span style=\"color: #00ccff;\">Fotoiniziatore MBF<\/span><\/a><\/td>\n<td>CAS 15206-55-0<\/td>\n<\/tr>\n<tr style=\"height: 13.50pt;\">\n<td style=\"height: 13.50pt;\" height=\"18\"><a href=\"https:\/\/longchangchemical.com\/it\/product\/photoinitiator-lap-cas-85073-19-4\/\"><span style=\"color: #00ccff;\">Fotoiniziatore LAP<\/span><\/a><\/td>\n<td>CAS 85073-19-4<\/td>\n<\/tr>\n<tr style=\"height: 13.50pt;\">\n<td style=\"height: 13.50pt;\" height=\"18\"><a href=\"https:\/\/longchangchemical.com\/it\/product\/photoinitiator-itx-cas-5495-84-1\/\"><span style=\"color: #00ccff;\">Fotoiniziatore ITX<\/span><\/a><\/td>\n<td>CAS 5495-84-1<\/td>\n<\/tr>\n<tr style=\"height: 13.50pt;\">\n<td style=\"height: 13.50pt;\" height=\"18\"><a href=\"https:\/\/longchangchemical.com\/it\/product\/photoinitiator-emk\/\"><span style=\"color: #00ccff;\">Fotoiniziatore EMK<\/span><\/a><\/td>\n<td>CAS 90-93-7<\/td>\n<\/tr>\n<tr style=\"height: 13.50pt;\">\n<td style=\"height: 13.50pt;\" height=\"18\"><a href=\"https:\/\/longchangchemical.com\/it\/product\/photoinitiator-eha-cas-21245-02-3\/\"><span style=\"color: #00ccff;\">Fotoiniziatore EHA<\/span><\/a><\/td>\n<td>CAS 21245-02-3<\/td>\n<\/tr>\n<tr style=\"height: 13.50pt;\">\n<td style=\"height: 13.50pt;\" height=\"18\"><a href=\"https:\/\/longchangchemical.com\/it\/product\/photoinitiator-edb-cas-10287-53-3\/\"><span style=\"color: #00ccff;\">Fotoiniziatore EDB<\/span><\/a><\/td>\n<td>CAS 10287-53-3<\/td>\n<\/tr>\n<tr style=\"height: 13.50pt;\">\n<td style=\"height: 13.50pt;\" height=\"18\"><a href=\"https:\/\/longchangchemical.com\/it\/product\/photoinitiator-detx-cas-82799-44-8\/\"><span style=\"color: #00ccff;\">Fotoiniziatore DETX<\/span><\/a><\/td>\n<td>CAS 82799-44-8<\/td>\n<\/tr>\n<tr style=\"height: 13.50pt;\">\n<td style=\"height: 13.50pt;\" height=\"18\"><a href=\"https:\/\/longchangchemical.com\/it\/product\/photoinitiator-cq\/\"><span style=\"color: #00ccff;\">Fotoiniziatore CQ \/ Canforchinone<\/span><\/a><\/td>\n<td>CAS 10373-78-1<\/td>\n<\/tr>\n<tr style=\"height: 13.50pt;\">\n<td style=\"height: 13.50pt;\" height=\"18\"><a href=\"https:\/\/longchangchemical.com\/it\/product\/photoinitiator-cbp-cas-134-85-0\/\"><span style=\"color: #00ccff;\">Fotoiniziatore CBP<\/span><\/a><\/td>\n<td>CAS 134-85-0<\/td>\n<\/tr>\n<tr style=\"height: 13.50pt;\">\n<td style=\"height: 13.50pt;\" height=\"18\"><a href=\"https:\/\/longchangchemical.com\/it\/product\/photoinitiator-bp-cas-119-61-9\/\"><span style=\"color: #00ccff;\">Fotoiniziatore BP \/ Benzofenone<\/span><\/a><\/td>\n<td>CAS 119-61-9<\/td>\n<\/tr>\n<tr style=\"height: 13.50pt;\">\n<td style=\"height: 13.50pt;\" height=\"18\"><a href=\"https:\/\/longchangchemical.com\/it\/product\/photoinitiator-bms\/\"><span style=\"color: #00ccff;\">Fotoiniziatore BMS<\/span><\/a><\/td>\n<td>CAS 83846-85-9<\/td>\n<\/tr>\n<tr style=\"height: 13.50pt;\">\n<td style=\"height: 13.50pt;\" height=\"18\"><a href=\"https:\/\/longchangchemical.com\/it\/product\/photoinitiator-938\/\"><span style=\"color: #00ccff;\">Fotoiniziatore 938<\/span><\/a><\/td>\n<td>CAS 61358-25-6<\/td>\n<\/tr>\n<tr style=\"height: 13.50pt;\">\n<td style=\"height: 13.50pt;\" height=\"18\"><a href=\"https:\/\/longchangchemical.com\/it\/product\/photoinitiator-937-cas-71786-70-4\/\"><span style=\"color: #00ccff;\">Fotoiniziatore 937<\/span><\/a><\/td>\n<td>CAS 71786-70-4<\/td>\n<\/tr>\n<tr style=\"height: 13.50pt;\">\n<td style=\"height: 13.50pt;\" height=\"18\"><a href=\"https:\/\/longchangchemical.com\/it\/product\/photoinitiator-819-dw\/\"><span style=\"color: #00ccff;\">Fotoiniziatore 819 DW<\/span><\/a><\/td>\n<td>CAS 162881-26-7<\/td>\n<\/tr>\n<tr style=\"height: 13.50pt;\">\n<td style=\"height: 13.50pt;\" height=\"18\"><a href=\"https:\/\/longchangchemical.com\/it\/product\/photoinitiator-819-irgacure-819-cas-162881-26-7\/\"><span style=\"color: #00ccff;\">Fotoiniziatore 819<\/span><\/a><\/td>\n<td>CAS 162881-26-7<\/td>\n<\/tr>\n<tr style=\"height: 13.50pt;\">\n<td style=\"height: 13.50pt;\" height=\"18\"><a href=\"https:\/\/longchangchemical.com\/it\/product\/photoinitiator-784-cas-125051-32-3\/\"><span style=\"color: #00ccff;\">Fotoiniziatore 784<\/span><\/a><\/td>\n<td>CAS 125051-32-3<\/td>\n<\/tr>\n<tr style=\"height: 13.50pt;\">\n<td style=\"height: 13.50pt;\" height=\"18\"><a href=\"https:\/\/longchangchemical.com\/it\/product\/photoinitiator-754-cas-211510-16-6-442536-99-4\/\"><span style=\"color: #00ccff;\">Fotoiniziatore 754<\/span><\/a><\/td>\n<td>CAS 211510-16-6 442536-99-4<\/td>\n<\/tr>\n<tr style=\"height: 13.50pt;\">\n<td style=\"height: 13.50pt;\" height=\"18\"><a href=\"https:\/\/longchangchemical.com\/it\/product\/photoinitiator-6993-cas-71449-78-0\/\"><span style=\"color: #00ccff;\">Fotoiniziatore 6993<\/span><\/a><\/td>\n<td>CAS 71449-78-0<\/td>\n<\/tr>\n<tr style=\"height: 13.50pt;\">\n<td style=\"height: 13.50pt;\" height=\"18\"><a href=\"https:\/\/longchangchemical.com\/it\/product\/photoinitiator-6976\/\"><span style=\"color: #00ccff;\">Fotoiniziatore 6976<\/span><\/a><\/td>\n<td>CAS 71449-78-0 89452-37-9 108-32-7<\/td>\n<\/tr>\n<tr style=\"height: 13.50pt;\">\n<td style=\"height: 13.50pt;\" height=\"18\"><a href=\"https:\/\/longchangchemical.com\/it\/product\/photoinitiator-379-cas-119344-86-4\/\"><span style=\"color: #00ccff;\">Fotoiniziatore 379<\/span><\/a><\/td>\n<td>CAS 119344-86-4<\/td>\n<\/tr>\n<tr style=\"height: 13.50pt;\">\n<td style=\"height: 13.50pt;\" height=\"18\"><a href=\"https:\/\/longchangchemical.com\/it\/product\/photoinitiator-369-cas-119313-12-1\/\"><span style=\"color: #00ccff;\">Fotoiniziatore 369<\/span><\/a><\/td>\n<td>CAS 119313-12-1<\/td>\n<\/tr>\n<tr style=\"height: 13.50pt;\">\n<td style=\"height: 13.50pt;\" height=\"18\"><span style=\"color: #00ccff;\"><a style=\"color: #00ccff;\" href=\"https:\/\/longchangchemical.com\/it\/product\/photoinitiator-160\/\">Fotoiniziatore 160<\/a><\/span><\/td>\n<td>CAS 71868-15-0<\/td>\n<\/tr>\n<tr style=\"height: 13.50pt;\">\n<td style=\"height: 13.50pt;\" height=\"18\"><a href=\"https:\/\/longchangchemical.com\/it\/product\/photoinitiator-1206\/\"><span style=\"color: #00ccff;\">Fotoiniziatore 1206<\/span><\/a><\/td>\n<td><\/td>\n<\/tr>\n<tr style=\"height: 13.50pt;\">\n<td style=\"height: 13.50pt;\" height=\"18\"><a href=\"https:\/\/longchangchemical.com\/it\/product\/irgacure-1173-cas-7473-98-5\/\"><span style=\"color: #00ccff;\">Fotoiniziatore 1173<\/span><\/a><\/td>\n<td>CAS 7473-98-5<\/td>\n<\/tr>\n<\/tbody>\n<\/table>\n<p>&nbsp;<\/p>","protected":false},"excerpt":{"rendered":"<p><strong> MBF<\/strong> \u00e8 un fotoiniziatore liquido di Tipo II altamente efficiente, utilizzato per avviare la polimerizzazione radicale di oligomeri insaturi, ad esempio acrilati, dopo l'esposizione alla luce UV. Forma radicali liberi attraverso un processo di astrazione intramolecolare di idrogeno. L'uso di ammine \u00e8 sconsigliato in quanto pu\u00f2 comportare una riduzione dell'efficienza, problemi di stabilit\u00e0 durante lo stoccaggio o un odore pi\u00f9 forte. Pu\u00f2 essere utilizzato in combinazione con monomeri mono o multi funzionali come diluenti reattivi.<\/p>","protected":false},"featured_media":8067,"comment_status":"open","ping_status":"closed","template":"","meta":[],"product_brand":[],"product_cat":[174,178],"product_tag":[],"class_list":{"0":"post-7586","1":"product","2":"type-product","3":"status-publish","4":"has-post-thumbnail","6":"product_cat-photoinitiator","7":"product_cat-type-ii-free-radical-photoinitiator","9":"first","10":"instock","11":"shipping-taxable","12":"product-type-simple"},"yoast_head":"<!-- This site is optimized with the Yoast SEO plugin v25.3.1 - https:\/\/yoast.com\/wordpress\/plugins\/seo\/ -->\n<title>Photoinitiator MBF \/ Methyl benzoylformate CAS No 15206-55-0 manufacturer -Longchang Chemical<\/title>\n<meta name=\"description\" content=\"MBF is a photoinitiator,can can be used in Uv coatings( clear-, white-, pigmented- and water-based systems),Pigmented systems,Electronics,Adhesives,can replace Methyl phenylglyoxylate,Methyl 2-oxo-2-phenylacetate;Benzoylformic Acid Methyl Ester;Speedcure MBF; MBF;Omnirad MBF;Darocur MBF;Longchang Chemical is a professional manufacturer and supplier of photoinitiator in China.\" \/>\n<meta name=\"robots\" content=\"index, follow, max-snippet:-1, max-image-preview:large, max-video-preview:-1\" \/>\n<link rel=\"canonical\" href=\"https:\/\/longchangchemical.com\/it\/product\/photoinitiator-mbf-cas-15206-55-0\/\" \/>\n<meta property=\"og:locale\" content=\"it_IT\" \/>\n<meta property=\"og:type\" content=\"article\" \/>\n<meta property=\"og:title\" content=\"Photoinitiator MBF \/ Methyl benzoylformate CAS No 15206-55-0 manufacturer -Longchang Chemical\" \/>\n<meta property=\"og:description\" content=\"MBF is a photoinitiator,can can be used in Uv coatings( clear-, white-, pigmented- and water-based systems),Pigmented systems,Electronics,Adhesives,can replace Methyl phenylglyoxylate,Methyl 2-oxo-2-phenylacetate;Benzoylformic Acid Methyl Ester;Speedcure MBF; MBF;Omnirad MBF;Darocur MBF;Longchang Chemical is a professional manufacturer and supplier of photoinitiator in China.\" \/>\n<meta property=\"og:url\" content=\"https:\/\/longchangchemical.com\/it\/product\/photoinitiator-mbf-cas-15206-55-0\/\" \/>\n<meta property=\"og:site_name\" content=\"Longchang Chemical\" \/>\n<meta property=\"article:modified_time\" content=\"2025-12-16T01:35:35+00:00\" \/>\n<meta property=\"og:image\" content=\"https:\/\/longchangchemical.com\/wp-content\/uploads\/2024\/11\/15206-55-0.jpg\" \/>\n\t<meta property=\"og:image:width\" content=\"600\" \/>\n\t<meta property=\"og:image:height\" content=\"600\" \/>\n\t<meta property=\"og:image:type\" content=\"image\/jpeg\" \/>\n<meta name=\"twitter:card\" content=\"summary_large_image\" \/>\n<script type=\"application\/ld+json\" class=\"yoast-schema-graph\">{\"@context\":\"https:\/\/schema.org\",\"@graph\":[{\"@type\":\"WebPage\",\"@id\":\"https:\/\/longchangchemical.com\/product\/photoinitiator-mbf-cas-15206-55-0\/\",\"url\":\"https:\/\/longchangchemical.com\/product\/photoinitiator-mbf-cas-15206-55-0\/\",\"name\":\"Photoinitiator MBF \/ Methyl benzoylformate CAS No 15206-55-0 manufacturer -Longchang Chemical\",\"isPartOf\":{\"@id\":\"https:\/\/longchangchemical.com\/#website\"},\"primaryImageOfPage\":{\"@id\":\"https:\/\/longchangchemical.com\/product\/photoinitiator-mbf-cas-15206-55-0\/#primaryimage\"},\"image\":{\"@id\":\"https:\/\/longchangchemical.com\/product\/photoinitiator-mbf-cas-15206-55-0\/#primaryimage\"},\"thumbnailUrl\":\"https:\/\/longchangchemical.com\/wp-content\/uploads\/2024\/11\/15206-55-0.jpg\",\"datePublished\":\"2024-11-11T06:01:31+00:00\",\"dateModified\":\"2025-12-16T01:35:35+00:00\",\"description\":\"MBF is a photoinitiator,can can be used in Uv coatings( clear-, white-, pigmented- and water-based systems),Pigmented systems,Electronics,Adhesives,can replace Methyl phenylglyoxylate,Methyl 2-oxo-2-phenylacetate;Benzoylformic Acid Methyl Ester;Speedcure MBF; MBF;Omnirad MBF;Darocur MBF;Longchang Chemical is a professional manufacturer and supplier of photoinitiator in China.\",\"breadcrumb\":{\"@id\":\"https:\/\/longchangchemical.com\/product\/photoinitiator-mbf-cas-15206-55-0\/#breadcrumb\"},\"inLanguage\":\"it-IT\",\"potentialAction\":[{\"@type\":\"ReadAction\",\"target\":[\"https:\/\/longchangchemical.com\/product\/photoinitiator-mbf-cas-15206-55-0\/\"]}]},{\"@type\":\"ImageObject\",\"inLanguage\":\"it-IT\",\"@id\":\"https:\/\/longchangchemical.com\/product\/photoinitiator-mbf-cas-15206-55-0\/#primaryimage\",\"url\":\"https:\/\/longchangchemical.com\/wp-content\/uploads\/2024\/11\/15206-55-0.jpg\",\"contentUrl\":\"https:\/\/longchangchemical.com\/wp-content\/uploads\/2024\/11\/15206-55-0.jpg\",\"width\":600,\"height\":600},{\"@type\":\"BreadcrumbList\",\"@id\":\"https:\/\/longchangchemical.com\/product\/photoinitiator-mbf-cas-15206-55-0\/#breadcrumb\",\"itemListElement\":[{\"@type\":\"ListItem\",\"position\":1,\"name\":\"Home\",\"item\":\"https:\/\/longchangchemical.com\/\"},{\"@type\":\"ListItem\",\"position\":2,\"name\":\"Products Longchang\",\"item\":\"https:\/\/longchangchemical.com\/product\/\"},{\"@type\":\"ListItem\",\"position\":3,\"name\":\"CHLUMINIT\u00ae MBF \/ Photoinitiator MBF \/ Methyl benzoylformate \/ Omnirad MBF CAS 15206-55-0\"}]},{\"@type\":\"WebSite\",\"@id\":\"https:\/\/longchangchemical.com\/#website\",\"url\":\"https:\/\/longchangchemical.com\/\",\"name\":\"Longchang Chemical\",\"description\":\"China chemical manufacturer \uff06 supplier\",\"publisher\":{\"@id\":\"https:\/\/longchangchemical.com\/#organization\"},\"potentialAction\":[{\"@type\":\"SearchAction\",\"target\":{\"@type\":\"EntryPoint\",\"urlTemplate\":\"https:\/\/longchangchemical.com\/?s={search_term_string}\"},\"query-input\":{\"@type\":\"PropertyValueSpecification\",\"valueRequired\":true,\"valueName\":\"search_term_string\"}}],\"inLanguage\":\"it-IT\"},{\"@type\":\"Organization\",\"@id\":\"https:\/\/longchangchemical.com\/#organization\",\"name\":\"Longchang Chemical\",\"url\":\"https:\/\/longchangchemical.com\/\",\"logo\":{\"@type\":\"ImageObject\",\"inLanguage\":\"it-IT\",\"@id\":\"https:\/\/longchangchemical.com\/#\/schema\/logo\/image\/\",\"url\":\"https:\/\/longchangchemical.com\/wp-content\/uploads\/2020\/08\/cropped-longchang-logo.png\",\"contentUrl\":\"https:\/\/longchangchemical.com\/wp-content\/uploads\/2020\/08\/cropped-longchang-logo.png\",\"width\":512,\"height\":512,\"caption\":\"Longchang Chemical\"},\"image\":{\"@id\":\"https:\/\/longchangchemical.com\/#\/schema\/logo\/image\/\"}}]}<\/script>\n<!-- \/ Yoast SEO plugin. -->","yoast_head_json":{"title":"Fotoiniziatore MBF \/ Benzoilformato di metile n. CAS 15206-55-0 fabbricante -Longchang Chemical","description":"MBF \u00e8 un fotoiniziatore, pu\u00f2 essere utilizzato nei rivestimenti Uv (sistemi trasparenti, bianchi, pigmentati e a base d'acqua), nei sistemi pigmentati, nell'elettronica, negli adesivi, pu\u00f2 sostituire il fenilglicosilato di metile, il 2-osso-2-fenilacetato di metile; l'estere metilico dell'acido benzoilformico; Speedcure MBF; MBF; Omnirad MBF; Darocur MBF; Longchang Chemical \u00e8 un produttore e fornitore professionale di fotoiniziatori in Cina.","robots":{"index":"index","follow":"follow","max-snippet":"max-snippet:-1","max-image-preview":"max-image-preview:large","max-video-preview":"max-video-preview:-1"},"canonical":"https:\/\/longchangchemical.com\/it\/product\/photoinitiator-mbf-cas-15206-55-0\/","og_locale":"it_IT","og_type":"article","og_title":"Photoinitiator MBF \/ Methyl benzoylformate CAS No 15206-55-0 manufacturer -Longchang Chemical","og_description":"MBF is a photoinitiator,can can be used in Uv coatings( clear-, white-, pigmented- and water-based systems),Pigmented systems,Electronics,Adhesives,can replace Methyl phenylglyoxylate,Methyl 2-oxo-2-phenylacetate;Benzoylformic Acid Methyl Ester;Speedcure MBF; MBF;Omnirad MBF;Darocur MBF;Longchang Chemical is a professional manufacturer and supplier of photoinitiator in China.","og_url":"https:\/\/longchangchemical.com\/it\/product\/photoinitiator-mbf-cas-15206-55-0\/","og_site_name":"Longchang Chemical","article_modified_time":"2025-12-16T01:35:35+00:00","og_image":[{"width":600,"height":600,"url":"https:\/\/longchangchemical.com\/wp-content\/uploads\/2024\/11\/15206-55-0.jpg","type":"image\/jpeg"}],"twitter_card":"summary_large_image","schema":{"@context":"https:\/\/schema.org","@graph":[{"@type":"WebPage","@id":"https:\/\/longchangchemical.com\/product\/photoinitiator-mbf-cas-15206-55-0\/","url":"https:\/\/longchangchemical.com\/product\/photoinitiator-mbf-cas-15206-55-0\/","name":"Fotoiniziatore MBF \/ Benzoilformato di metile n. CAS 15206-55-0 fabbricante -Longchang Chemical","isPartOf":{"@id":"https:\/\/longchangchemical.com\/#website"},"primaryImageOfPage":{"@id":"https:\/\/longchangchemical.com\/product\/photoinitiator-mbf-cas-15206-55-0\/#primaryimage"},"image":{"@id":"https:\/\/longchangchemical.com\/product\/photoinitiator-mbf-cas-15206-55-0\/#primaryimage"},"thumbnailUrl":"https:\/\/longchangchemical.com\/wp-content\/uploads\/2024\/11\/15206-55-0.jpg","datePublished":"2024-11-11T06:01:31+00:00","dateModified":"2025-12-16T01:35:35+00:00","description":"MBF \u00e8 un fotoiniziatore, pu\u00f2 essere utilizzato nei rivestimenti Uv (sistemi trasparenti, bianchi, pigmentati e a base d'acqua), nei sistemi pigmentati, nell'elettronica, negli adesivi, pu\u00f2 sostituire il fenilglicosilato di metile, il 2-osso-2-fenilacetato di metile; l'estere metilico dell'acido benzoilformico; Speedcure MBF; MBF; Omnirad MBF; Darocur MBF; Longchang Chemical \u00e8 un produttore e fornitore professionale di fotoiniziatori in Cina.","breadcrumb":{"@id":"https:\/\/longchangchemical.com\/product\/photoinitiator-mbf-cas-15206-55-0\/#breadcrumb"},"inLanguage":"it-IT","potentialAction":[{"@type":"ReadAction","target":["https:\/\/longchangchemical.com\/product\/photoinitiator-mbf-cas-15206-55-0\/"]}]},{"@type":"ImageObject","inLanguage":"it-IT","@id":"https:\/\/longchangchemical.com\/product\/photoinitiator-mbf-cas-15206-55-0\/#primaryimage","url":"https:\/\/longchangchemical.com\/wp-content\/uploads\/2024\/11\/15206-55-0.jpg","contentUrl":"https:\/\/longchangchemical.com\/wp-content\/uploads\/2024\/11\/15206-55-0.jpg","width":600,"height":600},{"@type":"BreadcrumbList","@id":"https:\/\/longchangchemical.com\/product\/photoinitiator-mbf-cas-15206-55-0\/#breadcrumb","itemListElement":[{"@type":"ListItem","position":1,"name":"Home","item":"https:\/\/longchangchemical.com\/"},{"@type":"ListItem","position":2,"name":"Products Longchang","item":"https:\/\/longchangchemical.com\/product\/"},{"@type":"ListItem","position":3,"name":"CHLUMINIT\u00ae MBF \/ Photoinitiator MBF \/ Methyl benzoylformate \/ Omnirad MBF CAS 15206-55-0"}]},{"@type":"WebSite","@id":"https:\/\/longchangchemical.com\/#website","url":"https:\/\/longchangchemical.com\/","name":"Longchang Chemical","description":"Cina produttore di prodotti chimici \uff06 fornitore","publisher":{"@id":"https:\/\/longchangchemical.com\/#organization"},"potentialAction":[{"@type":"SearchAction","target":{"@type":"EntryPoint","urlTemplate":"https:\/\/longchangchemical.com\/?s={search_term_string}"},"query-input":{"@type":"PropertyValueSpecification","valueRequired":true,"valueName":"search_term_string"}}],"inLanguage":"it-IT"},{"@type":"Organization","@id":"https:\/\/longchangchemical.com\/#organization","name":"Longchang Chemical","url":"https:\/\/longchangchemical.com\/","logo":{"@type":"ImageObject","inLanguage":"it-IT","@id":"https:\/\/longchangchemical.com\/#\/schema\/logo\/image\/","url":"https:\/\/longchangchemical.com\/wp-content\/uploads\/2020\/08\/cropped-longchang-logo.png","contentUrl":"https:\/\/longchangchemical.com\/wp-content\/uploads\/2020\/08\/cropped-longchang-logo.png","width":512,"height":512,"caption":"Longchang Chemical"},"image":{"@id":"https:\/\/longchangchemical.com\/#\/schema\/logo\/image\/"}}]}},"_links":{"self":[{"href":"https:\/\/longchangchemical.com\/it\/wp-json\/wp\/v2\/product\/7586","targetHints":{"allow":["GET"]}}],"collection":[{"href":"https:\/\/longchangchemical.com\/it\/wp-json\/wp\/v2\/product"}],"about":[{"href":"https:\/\/longchangchemical.com\/it\/wp-json\/wp\/v2\/types\/product"}],"replies":[{"embeddable":true,"href":"https:\/\/longchangchemical.com\/it\/wp-json\/wp\/v2\/comments?post=7586"}],"wp:featuredmedia":[{"embeddable":true,"href":"https:\/\/longchangchemical.com\/it\/wp-json\/wp\/v2\/media\/8067"}],"wp:attachment":[{"href":"https:\/\/longchangchemical.com\/it\/wp-json\/wp\/v2\/media?parent=7586"}],"wp:term":[{"taxonomy":"product_brand","embeddable":true,"href":"https:\/\/longchangchemical.com\/it\/wp-json\/wp\/v2\/product_brand?post=7586"},{"taxonomy":"product_cat","embeddable":true,"href":"https:\/\/longchangchemical.com\/it\/wp-json\/wp\/v2\/product_cat?post=7586"},{"taxonomy":"product_tag","embeddable":true,"href":"https:\/\/longchangchemical.com\/it\/wp-json\/wp\/v2\/product_tag?post=7586"}],"curies":[{"name":"wp","href":"https:\/\/api.w.org\/{rel}","templated":true}]}}