{"id":7560,"date":"2024-11-11T06:01:20","date_gmt":"2024-11-11T06:01:20","guid":{"rendered":"https:\/\/longchangchemical.com\/?post_type=product&#038;p=7560"},"modified":"2025-12-16T03:17:03","modified_gmt":"2025-12-16T03:17:03","slug":"photoinitiator-ombb","status":"publish","type":"product","link":"https:\/\/longchangchemical.com\/it\/product\/photoinitiator-ombb\/","title":{"rendered":"CHLUMINIT\u00ae OMBB \/ Omnirad OMBB \/ Fotoiniziatore OMBB \/ Speedcure MBB CAS 606-28-0"},"content":{"rendered":"<h1>Omnirad OMBB \/ Fotoiniziatore OMBB \/ Speedcure MBB CAS 606-28-0<\/h1>\n<p><strong>Sinonimo: il nome di un'azienda.<\/strong>Fotoiniziatore MBB;Speedcure MBB;OMNIRAD OMBB;o-metil-benzoil-benzoato<\/p>\n<p><strong><b>Standard: standard<\/b><\/strong><\/p>\n<table>\n<tbody>\n<tr>\n<td width=\"249\">Aspetto<\/td>\n<td width=\"402\">Polvere cristallina da bianca a leggermente gialla<\/td>\n<\/tr>\n<tr>\n<td width=\"249\">Punto di fusione<\/td>\n<td width=\"402\">49\u2103-53\u2103<\/td>\n<\/tr>\n<tr>\n<td width=\"249\">Perdita all'essiccazione<\/td>\n<td width=\"402\">\u22641.5%<\/td>\n<\/tr>\n<tr>\n<td width=\"249\">Solubilit\u00e0<\/td>\n<td width=\"402\">Leggermente giallo e chiaro<\/td>\n<\/tr>\n<tr>\n<td width=\"249\">Colore (pt-co)<\/td>\n<td width=\"402\">\u226450<\/td>\n<\/tr>\n<tr>\n<td width=\"249\">Cenere<\/td>\n<td width=\"402\">\u22640,1%<\/td>\n<\/tr>\n<tr>\n<td width=\"249\">Materia volatile<\/td>\n<td width=\"402\">\u22640,5%<\/td>\n<\/tr>\n<\/tbody>\n<\/table>\n<p><strong><b>Funzione<\/b><\/strong><strong><b>\u00a0&amp; <\/b><\/strong><strong>Applicazioni<\/strong><strong><b>:<\/b><\/strong><\/p>\n<p>Il fotoiniziatore OMBB ha un'ampia gamma di importanti applicazioni nell'industria. Svolge un ruolo indispensabile nei materiali di rivestimento tradizionali, come pitture e vernici. Nell'industria automobilistica, ad esempio, il rivestimento esterno delle automobili richiede una vernice di alta qualit\u00e0 per garantirne la bellezza e la durata. Il fotoiniziatore OMBB interviene in questo processo, garantendo che la vernice si asciughi rapidamente alla luce e formi una pellicola resistente.<\/p>\n<p>\u00c8 anche uno degli ingredienti chiave delle vernici acriliche. Prendiamo in esame le vernici acriliche per le facciate degli edifici. Queste vernici devono resistere a lungo alle intemperie e l'OMBB pu\u00f2 far polimerizzare meglio la vernice e proteggere le pareti dell'edificio. Per quanto riguarda gli adesivi, come alcuni adesivi ecologici utilizzati nella produzione di mobili, l'aggiunta di OMBB pu\u00f2 migliorare l'adesivit\u00e0 dell'adesivo e renderlo pi\u00f9 efficace. E gli inchiostri, che si tratti di inchiostri per la stampa di libri o di inchiostri per l'imballaggio dei prodotti, l'OMBB pu\u00f2 contribuire a migliorare la velocit\u00e0 di asciugatura e la qualit\u00e0 di stampa dell'inchiostro.<\/p>\n<p>Vale la pena notare che l'OMBB viene solitamente utilizzato in combinazione con altri iniziatori. \u00c8 come un complesso concerto di reazioni chimiche, con ogni iniziatore che suona uno strumento diverso e che lavora insieme per produrre una sinfonia perfetta. Dal punto di vista chimico, i diversi iniziatori hanno attivit\u00e0 di reazione e meccanismi d'azione diversi. L'OMBB lavora in sinergia con loro per controllare con maggiore precisione la velocit\u00e0 e l'entit\u00e0 della reazione. Secondo i dati pi\u00f9 recenti della ricerca chimica, questo effetto sinergico pu\u00f2 aumentare l'efficienza della reazione di circa 30% - 50% (i dati qui riportati sono ipotetici e vengono utilizzati solo a scopo illustrativo), superando di gran lunga l'effetto dell'utilizzo di un singolo iniziatore.<\/p>\n<p>Inoltre, possiamo ipotizzare che se in futuro verr\u00e0 sviluppato un nuovo sistema di rivestimento che pone requisiti pi\u00f9 elevati al fotoiniziatore, come la necessit\u00e0 di polimerizzare in tempi pi\u00f9 brevi e di essere pi\u00f9 rispettoso dell'ambiente, il fotoiniziatore OMBB potr\u00e0 soddisfare questa richiesta attraverso un ulteriore miglioramento o la combinazione con un nuovo iniziatore? Questa sar\u00e0 una nuova direzione che i chimici e gli scienziati dei materiali dovranno esplorare a fondo.<\/p>\n<p><strong><b>P<\/b><\/strong><strong><b>imballaggio e spedizione<\/b><\/strong><strong><b>:<\/b><\/strong><\/p>\n<p>Imballaggio: 20 kg\/cartone.<\/p>\n<p>Consegna: in 5-7 giorni lavorativi.<\/p>\n<p><strong><b>Stoccaggio:<\/b><\/strong><\/p>\n<p>Conservare in un luogo fresco e asciutto, al riparo dalla luce solare diretta.<\/p>\n<h2><strong><b>Contattateci ora!<\/b><\/strong><\/h2>\n<h4><strong><b>Se avete bisogno di Price, inserite i vostri dati di contatto nel modulo sottostante; di solito vi contatteremo entro 24 ore. Potete anche inviarmi un'e-mail <span style=\"color: #00ccff;\"><a style=\"color: #00ccff;\" href=\"mailto:info@longchangchemical.com\">info@longchangchemical.com<\/a><\/span>\u00a0durante l'orario di lavoro (dalle 8:30 alle 18:00 UTC+8 lun.-sab.) o utilizzare la live chat del sito web per ottenere una risposta immediata.<\/b><\/strong><\/h4>\n<p>&nbsp;<\/p>\n<table style=\"border-collapse: collapse; width: 435.77pt;\" border=\"0\" width=\"581\" cellspacing=\"0\" cellpadding=\"0\">\n<tbody>\n<tr style=\"height: 13.50pt;\">\n<td style=\"height: 13.50pt; width: 215.25pt;\" width=\"287\" height=\"18\"><a href=\"https:\/\/longchangchemical.com\/it\/product\/photoinitiator-tpo-cas-75980-60-8\/\"><span style=\"color: #00ccff;\">Fotoiniziatore TPO<\/span><\/a><\/td>\n<td style=\"width: 220.50pt;\" width=\"294\">CAS 75980-60-8<\/td>\n<\/tr>\n<tr style=\"height: 13.50pt;\">\n<td style=\"height: 13.50pt;\" height=\"18\"><a href=\"https:\/\/longchangchemical.com\/it\/product\/cas-270586-78-2\/\"><span style=\"color: #00ccff;\">Fotoiniziatore TMO<\/span><\/a><\/td>\n<td>CAS 270586-78-2<\/td>\n<\/tr>\n<tr style=\"height: 13.50pt;\">\n<td style=\"height: 13.50pt;\" height=\"18\"><a href=\"https:\/\/longchangchemical.com\/it\/product\/photoinitiator-pd-01-cas-579-07-7\/\"><span style=\"color: #00ccff;\">Fotoiniziatore PD-01<\/span><\/a><\/td>\n<td>CAS 579-07-7<\/td>\n<\/tr>\n<tr style=\"height: 13.50pt;\">\n<td style=\"height: 13.50pt;\" height=\"18\"><a href=\"https:\/\/longchangchemical.com\/it\/product\/photoinitiator-pbz-cas-2128-93-0\/\"><span style=\"color: #00ccff;\">Fotoiniziatore PBZ<\/span><\/a><\/td>\n<td>CAS 2128-93-0<\/td>\n<\/tr>\n<tr style=\"height: 13.50pt;\">\n<td style=\"height: 13.50pt;\" height=\"18\"><a href=\"https:\/\/longchangchemical.com\/it\/product\/photoinitiator-oxe-02-cas-478556-66-0\/\"><span style=\"color: #00ccff;\">Fotoiniziatore OXE-02<\/span><\/a><\/td>\n<td>CAS 478556-66-0<\/td>\n<\/tr>\n<tr style=\"height: 13.50pt;\">\n<td style=\"height: 13.50pt;\" height=\"18\"><a href=\"https:\/\/longchangchemical.com\/it\/product\/photoinitiator-ombb\/\"><span style=\"color: #00ccff;\">Fotoiniziatore OMBB<\/span><\/a><\/td>\n<td>CAS 606-28-0<\/td>\n<\/tr>\n<tr style=\"height: 13.50pt;\">\n<td style=\"height: 13.50pt;\" height=\"18\"><a href=\"https:\/\/longchangchemical.com\/it\/product\/photoinitiator-mpbz-6012\/\"><span style=\"color: #00ccff;\">Fotoiniziatore MPBZ (6012)<\/span><\/a><\/td>\n<td>CAS 86428-83-3<\/td>\n<\/tr>\n<tr style=\"height: 13.50pt;\">\n<td style=\"height: 13.50pt;\" height=\"18\"><a href=\"https:\/\/longchangchemical.com\/it\/product\/photoinitiator-mbp-cas-134-84-9\/\"><span style=\"color: #00ccff;\">Fotoiniziatore MBP<\/span><\/a><\/td>\n<td>CAS 134-84-9<\/td>\n<\/tr>\n<tr style=\"height: 13.50pt;\">\n<td style=\"height: 13.50pt;\" height=\"18\"><a href=\"https:\/\/longchangchemical.com\/it\/product\/photoinitiator-mbf-cas-15206-55-0\/\"><span style=\"color: #00ccff;\">Fotoiniziatore MBF<\/span><\/a><\/td>\n<td>CAS 15206-55-0<\/td>\n<\/tr>\n<tr style=\"height: 13.50pt;\">\n<td style=\"height: 13.50pt;\" height=\"18\"><a href=\"https:\/\/longchangchemical.com\/it\/product\/photoinitiator-lap-cas-85073-19-4\/\"><span style=\"color: #00ccff;\">Fotoiniziatore LAP<\/span><\/a><\/td>\n<td>CAS 85073-19-4<\/td>\n<\/tr>\n<tr style=\"height: 13.50pt;\">\n<td style=\"height: 13.50pt;\" height=\"18\"><a href=\"https:\/\/longchangchemical.com\/it\/product\/photoinitiator-itx-cas-5495-84-1\/\"><span style=\"color: #00ccff;\">Fotoiniziatore ITX<\/span><\/a><\/td>\n<td>CAS 5495-84-1<\/td>\n<\/tr>\n<tr style=\"height: 13.50pt;\">\n<td style=\"height: 13.50pt;\" height=\"18\"><a href=\"https:\/\/longchangchemical.com\/it\/product\/photoinitiator-emk\/\"><span style=\"color: #00ccff;\">Fotoiniziatore EMK<\/span><\/a><\/td>\n<td>CAS 90-93-7<\/td>\n<\/tr>\n<tr style=\"height: 13.50pt;\">\n<td style=\"height: 13.50pt;\" height=\"18\"><a href=\"https:\/\/longchangchemical.com\/it\/product\/photoinitiator-eha-cas-21245-02-3\/\"><span style=\"color: #00ccff;\">Fotoiniziatore EHA<\/span><\/a><\/td>\n<td>CAS 21245-02-3<\/td>\n<\/tr>\n<tr style=\"height: 13.50pt;\">\n<td style=\"height: 13.50pt;\" height=\"18\"><a href=\"https:\/\/longchangchemical.com\/it\/product\/photoinitiator-edb-cas-10287-53-3\/\"><span style=\"color: #00ccff;\">Fotoiniziatore EDB<\/span><\/a><\/td>\n<td>CAS 10287-53-3<\/td>\n<\/tr>\n<tr style=\"height: 13.50pt;\">\n<td style=\"height: 13.50pt;\" height=\"18\"><a href=\"https:\/\/longchangchemical.com\/it\/product\/photoinitiator-detx-cas-82799-44-8\/\"><span style=\"color: #00ccff;\">Fotoiniziatore DETX<\/span><\/a><\/td>\n<td>CAS 82799-44-8<\/td>\n<\/tr>\n<tr style=\"height: 13.50pt;\">\n<td style=\"height: 13.50pt;\" height=\"18\"><a href=\"https:\/\/longchangchemical.com\/it\/product\/photoinitiator-cq\/\"><span style=\"color: #00ccff;\">Fotoiniziatore CQ \/ Canforchinone<\/span><\/a><\/td>\n<td>CAS 10373-78-1<\/td>\n<\/tr>\n<tr style=\"height: 13.50pt;\">\n<td style=\"height: 13.50pt;\" height=\"18\"><a href=\"https:\/\/longchangchemical.com\/it\/product\/photoinitiator-cbp-cas-134-85-0\/\"><span style=\"color: #00ccff;\">Fotoiniziatore CBP<\/span><\/a><\/td>\n<td>CAS 134-85-0<\/td>\n<\/tr>\n<tr style=\"height: 13.50pt;\">\n<td style=\"height: 13.50pt;\" height=\"18\"><a href=\"https:\/\/longchangchemical.com\/it\/product\/photoinitiator-bp-cas-119-61-9\/\"><span style=\"color: #00ccff;\">Fotoiniziatore BP \/ Benzofenone<\/span><\/a><\/td>\n<td>CAS 119-61-9<\/td>\n<\/tr>\n<tr style=\"height: 13.50pt;\">\n<td style=\"height: 13.50pt;\" height=\"18\"><a href=\"https:\/\/longchangchemical.com\/it\/product\/photoinitiator-bms\/\"><span style=\"color: #00ccff;\">Fotoiniziatore BMS<\/span><\/a><\/td>\n<td>CAS 83846-85-9<\/td>\n<\/tr>\n<tr style=\"height: 13.50pt;\">\n<td style=\"height: 13.50pt;\" height=\"18\"><a href=\"https:\/\/longchangchemical.com\/it\/product\/photoinitiator-938\/\"><span style=\"color: #00ccff;\">Fotoiniziatore 938<\/span><\/a><\/td>\n<td>CAS 61358-25-6<\/td>\n<\/tr>\n<tr style=\"height: 13.50pt;\">\n<td style=\"height: 13.50pt;\" height=\"18\"><a href=\"https:\/\/longchangchemical.com\/it\/product\/photoinitiator-937-cas-71786-70-4\/\"><span style=\"color: #00ccff;\">Fotoiniziatore 937<\/span><\/a><\/td>\n<td>CAS 71786-70-4<\/td>\n<\/tr>\n<tr style=\"height: 13.50pt;\">\n<td style=\"height: 13.50pt;\" height=\"18\"><a href=\"https:\/\/longchangchemical.com\/it\/product\/photoinitiator-819-dw\/\"><span style=\"color: #00ccff;\">Fotoiniziatore 819 DW<\/span><\/a><\/td>\n<td>CAS 162881-26-7<\/td>\n<\/tr>\n<tr style=\"height: 13.50pt;\">\n<td style=\"height: 13.50pt;\" height=\"18\"><a href=\"https:\/\/longchangchemical.com\/it\/product\/photoinitiator-819-irgacure-819-cas-162881-26-7\/\"><span style=\"color: #00ccff;\">Fotoiniziatore 819<\/span><\/a><\/td>\n<td>CAS 162881-26-7<\/td>\n<\/tr>\n<tr style=\"height: 13.50pt;\">\n<td style=\"height: 13.50pt;\" height=\"18\"><a href=\"https:\/\/longchangchemical.com\/it\/product\/photoinitiator-784-cas-125051-32-3\/\"><span style=\"color: #00ccff;\">Fotoiniziatore 784<\/span><\/a><\/td>\n<td>CAS 125051-32-3<\/td>\n<\/tr>\n<tr style=\"height: 13.50pt;\">\n<td style=\"height: 13.50pt;\" height=\"18\"><a href=\"https:\/\/longchangchemical.com\/it\/product\/photoinitiator-754-cas-211510-16-6-442536-99-4\/\"><span style=\"color: #00ccff;\">Fotoiniziatore 754<\/span><\/a><\/td>\n<td>CAS 211510-16-6 442536-99-4<\/td>\n<\/tr>\n<tr style=\"height: 13.50pt;\">\n<td style=\"height: 13.50pt;\" height=\"18\"><a href=\"https:\/\/longchangchemical.com\/it\/product\/photoinitiator-6993-cas-71449-78-0\/\"><span style=\"color: #00ccff;\">Fotoiniziatore 6993<\/span><\/a><\/td>\n<td>CAS 71449-78-0<\/td>\n<\/tr>\n<tr style=\"height: 13.50pt;\">\n<td style=\"height: 13.50pt;\" height=\"18\"><a href=\"https:\/\/longchangchemical.com\/it\/product\/photoinitiator-6976\/\"><span style=\"color: #00ccff;\">Fotoiniziatore 6976<\/span><\/a><\/td>\n<td>CAS 71449-78-0 89452-37-9 108-32-7<\/td>\n<\/tr>\n<tr style=\"height: 13.50pt;\">\n<td style=\"height: 13.50pt;\" height=\"18\"><a href=\"https:\/\/longchangchemical.com\/it\/product\/photoinitiator-379-cas-119344-86-4\/\"><span style=\"color: #00ccff;\">Fotoiniziatore 379<\/span><\/a><\/td>\n<td>CAS 119344-86-4<\/td>\n<\/tr>\n<tr style=\"height: 13.50pt;\">\n<td style=\"height: 13.50pt;\" height=\"18\"><a href=\"https:\/\/longchangchemical.com\/it\/product\/photoinitiator-369-cas-119313-12-1\/\"><span style=\"color: #00ccff;\">Fotoiniziatore 369<\/span><\/a><\/td>\n<td>CAS 119313-12-1<\/td>\n<\/tr>\n<tr style=\"height: 13.50pt;\">\n<td style=\"height: 13.50pt;\" height=\"18\"><span style=\"color: #00ccff;\"><a style=\"color: #00ccff;\" href=\"https:\/\/longchangchemical.com\/it\/product\/photoinitiator-160\/\">Fotoiniziatore 160<\/a><\/span><\/td>\n<td>CAS 71868-15-0<\/td>\n<\/tr>\n<tr style=\"height: 13.50pt;\">\n<td style=\"height: 13.50pt;\" height=\"18\"><a href=\"https:\/\/longchangchemical.com\/it\/product\/photoinitiator-1206\/\"><span style=\"color: #00ccff;\">Fotoiniziatore 1206<\/span><\/a><\/td>\n<td><\/td>\n<\/tr>\n<tr style=\"height: 13.50pt;\">\n<td style=\"height: 13.50pt;\" height=\"18\"><a href=\"https:\/\/longchangchemical.com\/it\/product\/irgacure-1173-cas-7473-98-5\/\"><span style=\"color: #00ccff;\">Fotoiniziatore 1173<\/span><\/a><\/td>\n<td>CAS 7473-98-5<\/td>\n<\/tr>\n<\/tbody>\n<\/table>\n<p>&nbsp;<\/p>","protected":false},"excerpt":{"rendered":"<p>CHLUMINIT\u00ae OMBB \u00e8 un fotoiniziatore di tipo II a radicali liberi quasi inodore, utilizzato principalmente per la polimerizzazione UV della resina corrispondente insieme all'agente complessante ammina terziaria. Vernici, rivestimenti plastici, rivestimenti per legno, inchiostri per stampa litografica, inchiostri per serigrafia, inchiostri per stampa flessografica.<\/p>","protected":false},"featured_media":8087,"comment_status":"open","ping_status":"closed","template":"","meta":[],"product_brand":[],"product_cat":[174,178],"product_tag":[],"class_list":{"0":"post-7560","1":"product","2":"type-product","3":"status-publish","4":"has-post-thumbnail","6":"product_cat-photoinitiator","7":"product_cat-type-ii-free-radical-photoinitiator","9":"first","10":"instock","11":"shipping-taxable","12":"product-type-simple"},"yoast_head":"<!-- This site is optimized with the Yoast SEO plugin v25.3.1 - https:\/\/yoast.com\/wordpress\/plugins\/seo\/ -->\n<title>China Photoinitiator OMBB Cas 606-28-0 manufacturer - Longchang Chemical<\/title>\n<meta name=\"description\" content=\"CHLUMINIT\u00ae OMBB can be used as a photoinitiator and is the key product of Longchang Chemical. We are the leading Photoinitaitor manufacturer and supplier in China with the best quanlity and competitive price. CHLUMINIT\u00ae OMBB can be replaced Omnirad OMBB \/ Photoinitiator OMBB \/ Speedcure MBB \/ PowerCure OMBB. PI-OMBB\" \/>\n<meta name=\"robots\" content=\"index, follow, max-snippet:-1, max-image-preview:large, max-video-preview:-1\" \/>\n<link rel=\"canonical\" href=\"https:\/\/longchangchemical.com\/it\/product\/photoinitiator-ombb\/\" \/>\n<meta property=\"og:locale\" content=\"it_IT\" \/>\n<meta property=\"og:type\" content=\"article\" \/>\n<meta property=\"og:title\" content=\"China Photoinitiator OMBB Cas 606-28-0 manufacturer - Longchang Chemical\" \/>\n<meta property=\"og:description\" content=\"CHLUMINIT\u00ae OMBB can be used as a photoinitiator and is the key product of Longchang Chemical. We are the leading Photoinitaitor manufacturer and supplier in China with the best quanlity and competitive price. CHLUMINIT\u00ae OMBB can be replaced Omnirad OMBB \/ Photoinitiator OMBB \/ Speedcure MBB \/ PowerCure OMBB. PI-OMBB\" \/>\n<meta property=\"og:url\" content=\"https:\/\/longchangchemical.com\/it\/product\/photoinitiator-ombb\/\" \/>\n<meta property=\"og:site_name\" content=\"Longchang Chemical\" \/>\n<meta property=\"article:modified_time\" content=\"2025-12-16T03:17:03+00:00\" \/>\n<meta property=\"og:image\" content=\"https:\/\/longchangchemical.com\/wp-content\/uploads\/2024\/11\/606-28-0.jpg\" \/>\n\t<meta property=\"og:image:width\" content=\"600\" \/>\n\t<meta property=\"og:image:height\" content=\"600\" \/>\n\t<meta property=\"og:image:type\" content=\"image\/jpeg\" \/>\n<meta name=\"twitter:card\" content=\"summary_large_image\" \/>\n<script type=\"application\/ld+json\" class=\"yoast-schema-graph\">{\"@context\":\"https:\/\/schema.org\",\"@graph\":[{\"@type\":\"WebPage\",\"@id\":\"https:\/\/longchangchemical.com\/product\/photoinitiator-ombb\/\",\"url\":\"https:\/\/longchangchemical.com\/product\/photoinitiator-ombb\/\",\"name\":\"China Photoinitiator OMBB Cas 606-28-0 manufacturer - Longchang Chemical\",\"isPartOf\":{\"@id\":\"https:\/\/longchangchemical.com\/#website\"},\"primaryImageOfPage\":{\"@id\":\"https:\/\/longchangchemical.com\/product\/photoinitiator-ombb\/#primaryimage\"},\"image\":{\"@id\":\"https:\/\/longchangchemical.com\/product\/photoinitiator-ombb\/#primaryimage\"},\"thumbnailUrl\":\"https:\/\/longchangchemical.com\/wp-content\/uploads\/2024\/11\/606-28-0.jpg\",\"datePublished\":\"2024-11-11T06:01:20+00:00\",\"dateModified\":\"2025-12-16T03:17:03+00:00\",\"description\":\"CHLUMINIT\u00ae OMBB can be used as a photoinitiator and is the key product of Longchang Chemical. We are the leading Photoinitaitor manufacturer and supplier in China with the best quanlity and competitive price. CHLUMINIT\u00ae OMBB can be replaced Omnirad OMBB \/ Photoinitiator OMBB \/ Speedcure MBB \/ PowerCure OMBB. PI-OMBB\",\"breadcrumb\":{\"@id\":\"https:\/\/longchangchemical.com\/product\/photoinitiator-ombb\/#breadcrumb\"},\"inLanguage\":\"it-IT\",\"potentialAction\":[{\"@type\":\"ReadAction\",\"target\":[\"https:\/\/longchangchemical.com\/product\/photoinitiator-ombb\/\"]}]},{\"@type\":\"ImageObject\",\"inLanguage\":\"it-IT\",\"@id\":\"https:\/\/longchangchemical.com\/product\/photoinitiator-ombb\/#primaryimage\",\"url\":\"https:\/\/longchangchemical.com\/wp-content\/uploads\/2024\/11\/606-28-0.jpg\",\"contentUrl\":\"https:\/\/longchangchemical.com\/wp-content\/uploads\/2024\/11\/606-28-0.jpg\",\"width\":600,\"height\":600},{\"@type\":\"BreadcrumbList\",\"@id\":\"https:\/\/longchangchemical.com\/product\/photoinitiator-ombb\/#breadcrumb\",\"itemListElement\":[{\"@type\":\"ListItem\",\"position\":1,\"name\":\"Home\",\"item\":\"https:\/\/longchangchemical.com\/\"},{\"@type\":\"ListItem\",\"position\":2,\"name\":\"Products Longchang\",\"item\":\"https:\/\/longchangchemical.com\/product\/\"},{\"@type\":\"ListItem\",\"position\":3,\"name\":\"CHLUMINIT\u00ae OMBB \/ Omnirad OMBB \/ Photoinitiator OMBB \/ Speedcure MBB CAS 606-28-0\"}]},{\"@type\":\"WebSite\",\"@id\":\"https:\/\/longchangchemical.com\/#website\",\"url\":\"https:\/\/longchangchemical.com\/\",\"name\":\"Longchang Chemical\",\"description\":\"China chemical manufacturer \uff06 supplier\",\"publisher\":{\"@id\":\"https:\/\/longchangchemical.com\/#organization\"},\"potentialAction\":[{\"@type\":\"SearchAction\",\"target\":{\"@type\":\"EntryPoint\",\"urlTemplate\":\"https:\/\/longchangchemical.com\/?s={search_term_string}\"},\"query-input\":{\"@type\":\"PropertyValueSpecification\",\"valueRequired\":true,\"valueName\":\"search_term_string\"}}],\"inLanguage\":\"it-IT\"},{\"@type\":\"Organization\",\"@id\":\"https:\/\/longchangchemical.com\/#organization\",\"name\":\"Longchang Chemical\",\"url\":\"https:\/\/longchangchemical.com\/\",\"logo\":{\"@type\":\"ImageObject\",\"inLanguage\":\"it-IT\",\"@id\":\"https:\/\/longchangchemical.com\/#\/schema\/logo\/image\/\",\"url\":\"https:\/\/longchangchemical.com\/wp-content\/uploads\/2020\/08\/cropped-longchang-logo.png\",\"contentUrl\":\"https:\/\/longchangchemical.com\/wp-content\/uploads\/2020\/08\/cropped-longchang-logo.png\",\"width\":512,\"height\":512,\"caption\":\"Longchang Chemical\"},\"image\":{\"@id\":\"https:\/\/longchangchemical.com\/#\/schema\/logo\/image\/\"}}]}<\/script>\n<!-- \/ Yoast SEO plugin. -->","yoast_head_json":{"title":"Cina Fotoiniziatore OMBB Cas 606-28-0 fabbricante - Longchang Chemical","description":"CHLUMINIT\u00ae OMBB pu\u00f2 essere utilizzato come fotoiniziatore ed \u00e8 il prodotto chiave di Longchang Chemical. Siamo il principale produttore e fornitore di fotoiniziatori in Cina con la migliore qualit\u00e0 e il prezzo competitivo. CHLUMINIT\u00ae OMBB pu\u00f2 sostituire Omnirad OMBB \/ Photoinitiator OMBB \/ Speedcure MBB \/ PowerCure OMBB. PI-OMBB","robots":{"index":"index","follow":"follow","max-snippet":"max-snippet:-1","max-image-preview":"max-image-preview:large","max-video-preview":"max-video-preview:-1"},"canonical":"https:\/\/longchangchemical.com\/it\/product\/photoinitiator-ombb\/","og_locale":"it_IT","og_type":"article","og_title":"China Photoinitiator OMBB Cas 606-28-0 manufacturer - Longchang Chemical","og_description":"CHLUMINIT\u00ae OMBB can be used as a photoinitiator and is the key product of Longchang Chemical. We are the leading Photoinitaitor manufacturer and supplier in China with the best quanlity and competitive price. CHLUMINIT\u00ae OMBB can be replaced Omnirad OMBB \/ Photoinitiator OMBB \/ Speedcure MBB \/ PowerCure OMBB. PI-OMBB","og_url":"https:\/\/longchangchemical.com\/it\/product\/photoinitiator-ombb\/","og_site_name":"Longchang Chemical","article_modified_time":"2025-12-16T03:17:03+00:00","og_image":[{"width":600,"height":600,"url":"https:\/\/longchangchemical.com\/wp-content\/uploads\/2024\/11\/606-28-0.jpg","type":"image\/jpeg"}],"twitter_card":"summary_large_image","schema":{"@context":"https:\/\/schema.org","@graph":[{"@type":"WebPage","@id":"https:\/\/longchangchemical.com\/product\/photoinitiator-ombb\/","url":"https:\/\/longchangchemical.com\/product\/photoinitiator-ombb\/","name":"Cina Fotoiniziatore OMBB Cas 606-28-0 fabbricante - Longchang Chemical","isPartOf":{"@id":"https:\/\/longchangchemical.com\/#website"},"primaryImageOfPage":{"@id":"https:\/\/longchangchemical.com\/product\/photoinitiator-ombb\/#primaryimage"},"image":{"@id":"https:\/\/longchangchemical.com\/product\/photoinitiator-ombb\/#primaryimage"},"thumbnailUrl":"https:\/\/longchangchemical.com\/wp-content\/uploads\/2024\/11\/606-28-0.jpg","datePublished":"2024-11-11T06:01:20+00:00","dateModified":"2025-12-16T03:17:03+00:00","description":"CHLUMINIT\u00ae OMBB pu\u00f2 essere utilizzato come fotoiniziatore ed \u00e8 il prodotto chiave di Longchang Chemical. Siamo il principale produttore e fornitore di fotoiniziatori in Cina con la migliore qualit\u00e0 e il prezzo competitivo. CHLUMINIT\u00ae OMBB pu\u00f2 sostituire Omnirad OMBB \/ Photoinitiator OMBB \/ Speedcure MBB \/ PowerCure OMBB. PI-OMBB","breadcrumb":{"@id":"https:\/\/longchangchemical.com\/product\/photoinitiator-ombb\/#breadcrumb"},"inLanguage":"it-IT","potentialAction":[{"@type":"ReadAction","target":["https:\/\/longchangchemical.com\/product\/photoinitiator-ombb\/"]}]},{"@type":"ImageObject","inLanguage":"it-IT","@id":"https:\/\/longchangchemical.com\/product\/photoinitiator-ombb\/#primaryimage","url":"https:\/\/longchangchemical.com\/wp-content\/uploads\/2024\/11\/606-28-0.jpg","contentUrl":"https:\/\/longchangchemical.com\/wp-content\/uploads\/2024\/11\/606-28-0.jpg","width":600,"height":600},{"@type":"BreadcrumbList","@id":"https:\/\/longchangchemical.com\/product\/photoinitiator-ombb\/#breadcrumb","itemListElement":[{"@type":"ListItem","position":1,"name":"Home","item":"https:\/\/longchangchemical.com\/"},{"@type":"ListItem","position":2,"name":"Products Longchang","item":"https:\/\/longchangchemical.com\/product\/"},{"@type":"ListItem","position":3,"name":"CHLUMINIT\u00ae OMBB \/ Omnirad OMBB \/ Photoinitiator OMBB \/ Speedcure MBB CAS 606-28-0"}]},{"@type":"WebSite","@id":"https:\/\/longchangchemical.com\/#website","url":"https:\/\/longchangchemical.com\/","name":"Longchang Chemical","description":"Cina produttore di prodotti chimici \uff06 fornitore","publisher":{"@id":"https:\/\/longchangchemical.com\/#organization"},"potentialAction":[{"@type":"SearchAction","target":{"@type":"EntryPoint","urlTemplate":"https:\/\/longchangchemical.com\/?s={search_term_string}"},"query-input":{"@type":"PropertyValueSpecification","valueRequired":true,"valueName":"search_term_string"}}],"inLanguage":"it-IT"},{"@type":"Organization","@id":"https:\/\/longchangchemical.com\/#organization","name":"Longchang Chemical","url":"https:\/\/longchangchemical.com\/","logo":{"@type":"ImageObject","inLanguage":"it-IT","@id":"https:\/\/longchangchemical.com\/#\/schema\/logo\/image\/","url":"https:\/\/longchangchemical.com\/wp-content\/uploads\/2020\/08\/cropped-longchang-logo.png","contentUrl":"https:\/\/longchangchemical.com\/wp-content\/uploads\/2020\/08\/cropped-longchang-logo.png","width":512,"height":512,"caption":"Longchang Chemical"},"image":{"@id":"https:\/\/longchangchemical.com\/#\/schema\/logo\/image\/"}}]}},"_links":{"self":[{"href":"https:\/\/longchangchemical.com\/it\/wp-json\/wp\/v2\/product\/7560","targetHints":{"allow":["GET"]}}],"collection":[{"href":"https:\/\/longchangchemical.com\/it\/wp-json\/wp\/v2\/product"}],"about":[{"href":"https:\/\/longchangchemical.com\/it\/wp-json\/wp\/v2\/types\/product"}],"replies":[{"embeddable":true,"href":"https:\/\/longchangchemical.com\/it\/wp-json\/wp\/v2\/comments?post=7560"}],"wp:featuredmedia":[{"embeddable":true,"href":"https:\/\/longchangchemical.com\/it\/wp-json\/wp\/v2\/media\/8087"}],"wp:attachment":[{"href":"https:\/\/longchangchemical.com\/it\/wp-json\/wp\/v2\/media?parent=7560"}],"wp:term":[{"taxonomy":"product_brand","embeddable":true,"href":"https:\/\/longchangchemical.com\/it\/wp-json\/wp\/v2\/product_brand?post=7560"},{"taxonomy":"product_cat","embeddable":true,"href":"https:\/\/longchangchemical.com\/it\/wp-json\/wp\/v2\/product_cat?post=7560"},{"taxonomy":"product_tag","embeddable":true,"href":"https:\/\/longchangchemical.com\/it\/wp-json\/wp\/v2\/product_tag?post=7560"}],"curies":[{"name":"wp","href":"https:\/\/api.w.org\/{rel}","templated":true}]}}