{"id":7366,"date":"2024-09-26T15:09:50","date_gmt":"2024-09-26T15:09:50","guid":{"rendered":"https:\/\/longchangchemical.com\/?post_type=product&#038;p=7366"},"modified":"2026-05-08T08:26:28","modified_gmt":"2026-05-08T08:26:28","slug":"urease-cas-9002-13-5","status":"publish","type":"product","link":"https:\/\/longchangchemical.com\/it\/product\/urease-cas-9002-13-5\/","title":{"rendered":"Longzyme\u00ae Ureasi CAS 9002-13-5"},"content":{"rendered":"<h2><b>1. Che cos'\u00e8 l'ureasi nei mangimi?<\/b><\/h2>\n<p>L'ureasi nei mangimi \u00e8 una proteina solubile in grado di scomporre l'urea in ammoniaca e anidride carbonica, fornendo cos\u00ec agli animali le fonti di azoto e carbonio di cui hanno bisogno. Il suo impiego nei mangimi pu\u00f2 migliorare il tasso di utilizzo delle proteine e dell'azoto da parte degli animali, riducendo cos\u00ec efficacemente i costi dei mangimi.<\/p>\n<h2><b>2. Qual \u00e8 il ruolo dell'ureasi nei mangimi?<\/b><\/h2>\n<p>1. Migliora l'utilizzo del mangime: Una volta aggiunta al mangime, l'ureasi \u00e8 in grado di scomporre rapidamente l'urea che entra nel corpo dell'animale in ammoniaca e anidride carbonica. L'ammoniaca pu\u00f2 essere utilizzata per sintetizzare le proteine e altre sostanze ricche di azoto nel corpo dell'animale, mentre l'anidride carbonica pu\u00f2 essere utilizzata nella respirazione dell'animale, migliorando cos\u00ec l'efficienza di utilizzo del mangime.<\/p>\n<p>2. Ridurre i costi dei mangimi: L'aggiunta di ureasi ai mangimi pu\u00f2 migliorare efficacemente l'efficienza di utilizzo delle proteine e dell'azoto da parte degli animali, riducendo cos\u00ec la quantit\u00e0 di proteine e azoto necessaria nei mangimi e raggiungendo l'obiettivo di ridurre i costi dei mangimi.<\/p>\n<p>3. Protezione dell'ambiente: L'ureasi \u00e8 in grado di decomporre l'urea in ammoniaca e anidride carbonica, riducendo l'escrezione di azoto inutilizzato negli animali e riducendo cos\u00ec l'inquinamento ambientale.<\/p>\n<h2><b>3. Come aggiungere l'ureasi al mangime?<\/b><\/h2>\n<p>Attualmente, sul mercato esistono gi\u00e0 molti mangimi composti a base di ureasi per diverse specie animali. Sono facili da usare e l'aggiunta della giusta quantit\u00e0 di ureasi pu\u00f2 migliorare l'efficienza di utilizzo dei mangimi, ridurne i costi e raggiungere l'obiettivo della protezione ambientale. Tuttavia, \u00e8 bene ricordare che l'uso di mangimi composti a base di ureasi deve avvenire nel rispetto di standard di alimentazione e quantit\u00e0 ragionevoli, per evitare danni inutili agli animali.<\/p>\n<h2><strong><b>Contattateci ora!<\/b><\/strong><\/h2>\n<h4><strong><b>Se avete bisogno di Price, inserite i vostri dati di contatto nel modulo sottostante; di solito vi contatteremo entro 24 ore. Potete anche inviarmi un'e-mail\u00a0<span style=\"color: #00ccff;\"><a style=\"color: #00ccff;\" href=\"mailto:info@longchangchemical.com\">info@longchangchemical.com<\/a><\/span>\u00a0durante l'orario di lavoro (dalle 8:30 alle 18:00 UTC+8 lun.-sab.) o utilizzare la live chat del sito web per ottenere una risposta immediata.<\/b><\/strong><\/h4>\n<table style=\"border-collapse: collapse; width: 326.27pt;\" border=\"0\" width=\"435\" cellspacing=\"0\" cellpadding=\"0\">\n<tbody>\n<tr style=\"height: 13.50pt;\">\n<td class=\"et2\" style=\"height: 13.50pt; width: 164.25pt;\" width=\"219\" height=\"18\"><a href=\"https:\/\/longchangchemical.com\/it\/product\/compound-glucoamylase-cas-9032-08-0\/\"><span style=\"color: #00ccff;\">Composto Glucoamilasi<\/span><\/a><\/td>\n<td class=\"et2\" style=\"width: 162.00pt;\" width=\"216\">9032-08-0<\/td>\n<\/tr>\n<tr style=\"height: 13.50pt;\">\n<td class=\"et2\" style=\"height: 13.50pt;\" height=\"18\"><a href=\"https:\/\/longchangchemical.com\/it\/product\/pullulanase-cas-9075-68-7\/\"><span style=\"color: #00ccff;\">Pullulanase<\/span><\/a><\/td>\n<td class=\"et2\">9075-68-7<\/td>\n<\/tr>\n<tr style=\"height: 13.50pt;\">\n<td class=\"et2\" style=\"height: 13.50pt;\" height=\"18\"><a href=\"https:\/\/longchangchemical.com\/it\/product\/xylanase-cas-37278-89-0\/\"><span style=\"color: #00ccff;\">Xilanasi<\/span><\/a><\/td>\n<td class=\"et2\">37278-89-0<\/td>\n<\/tr>\n<tr style=\"height: 13.50pt;\">\n<td class=\"et2\" style=\"height: 13.50pt;\" height=\"18\"><a href=\"https:\/\/longchangchemical.com\/it\/product\/cellulase-cas-9012-54-8\/\"><span style=\"color: #00ccff;\">Cellulasi<\/span><\/a><\/td>\n<td class=\"et2\">9012-54-8<\/td>\n<\/tr>\n<tr style=\"height: 13.50pt;\">\n<td class=\"et2\" style=\"height: 13.50pt;\" height=\"18\"><a href=\"https:\/\/longchangchemical.com\/it\/product\/naringinase-cas-9068-31-9\/\"><span style=\"color: #00ccff;\">Naringinasi<\/span><\/a><\/td>\n<td class=\"et2\">9068-31-9<\/td>\n<\/tr>\n<tr style=\"height: 13.50pt;\">\n<td class=\"et2\" style=\"height: 13.50pt;\" height=\"18\"><a href=\"https:\/\/longchangchemical.com\/it\/product\/beta-amylase-cas-9000-91-3\/\"><span style=\"color: #00ccff;\">\u03b2-amilasi<\/span><\/a><\/td>\n<td class=\"et2\">9000-91-3<\/td>\n<\/tr>\n<tr style=\"height: 13.50pt;\">\n<td class=\"et2\" style=\"height: 13.50pt;\" height=\"18\"><a href=\"https:\/\/longchangchemical.com\/it\/product\/glucose-oxidase-cas-9001-37-0\/\"><span style=\"color: #00ccff;\">Glucosio ossidasi<\/span><\/a><\/td>\n<td class=\"et2\">9001-37-0<\/td>\n<\/tr>\n<tr style=\"height: 13.50pt;\">\n<td class=\"et2\" style=\"height: 13.50pt;\" height=\"18\">alfa-amilasi<\/td>\n<td class=\"et2\">9000-90-2<\/td>\n<\/tr>\n<tr style=\"height: 13.50pt;\">\n<td class=\"et2\" style=\"height: 13.50pt;\" height=\"18\"><a href=\"https:\/\/longchangchemical.com\/it\/product\/longzyme-acid-pectinase-cas-9032-75-1\/\"><span style=\"color: #00ccff;\">Pectinasi<\/span><\/a><\/td>\n<td class=\"et2\">9032-75-1<\/td>\n<\/tr>\n<tr style=\"height: 13.50pt;\">\n<td class=\"et2\" style=\"height: 13.50pt;\" height=\"18\">Perossidasi<\/td>\n<td class=\"et2\">9003-99-0<\/td>\n<\/tr>\n<tr style=\"height: 13.50pt;\">\n<td class=\"et2\" style=\"height: 13.50pt;\" height=\"18\"><a href=\"https:\/\/longchangchemical.com\/it\/product\/lipase-cas-9001-62-1\/\"><span style=\"color: #00ccff;\">Lipasi<\/span><\/a><\/td>\n<td class=\"et2\">9001-62-1<\/td>\n<\/tr>\n<tr style=\"height: 13.50pt;\">\n<td class=\"et2\" style=\"height: 13.50pt;\" height=\"18\"><a href=\"https:\/\/longchangchemical.com\/it\/product\/catalase-cas-9001-05-2\/\"><span style=\"color: #00ccff;\">Catalasi<\/span><\/a><\/td>\n<td class=\"et4\">9001-05-2<\/td>\n<\/tr>\n<tr style=\"height: 13.50pt;\">\n<td class=\"et2\" style=\"height: 13.50pt;\" height=\"18\"><a href=\"https:\/\/longchangchemical.com\/it\/product\/tannase-cas-9025-71-2\/\"><span style=\"color: #00ccff;\">TANNASIO<\/span><\/a><\/td>\n<td class=\"et2\">9025-71-2<\/td>\n<\/tr>\n<tr style=\"height: 13.50pt;\">\n<td class=\"et2\" style=\"height: 13.50pt;\" height=\"18\"><a href=\"https:\/\/longchangchemical.com\/it\/product\/elastase-cas-39445-21-1\/\"><span style=\"color: #00ccff;\">Elastasi<\/span><\/a><\/td>\n<td class=\"et2\">39445-21-1<\/td>\n<\/tr>\n<tr style=\"height: 13.50pt;\">\n<td class=\"et2\" style=\"height: 13.50pt;\" height=\"18\"><a href=\"https:\/\/longchangchemical.com\/it\/product\/urease-cas-9002-13-5\/\"><span style=\"color: #00ccff;\">Ureasi<\/span><\/a><\/td>\n<td class=\"et2\">9002-13-5<\/td>\n<\/tr>\n<tr style=\"height: 13.50pt;\">\n<td class=\"et2\" style=\"height: 13.50pt;\" height=\"18\"><a href=\"https:\/\/longchangchemical.com\/it\/product\/dextranase-cas-9025-70-1\/\"><span style=\"color: #00ccff;\">DEXTRANASE<\/span><\/a><\/td>\n<td class=\"et2\">9025-70-1<\/td>\n<\/tr>\n<tr style=\"height: 13.50pt;\">\n<td class=\"et2\" style=\"height: 13.5pt; text-align: left;\" height=\"18\"><a href=\"https:\/\/longchangchemical.com\/it\/product\/l-lactic-dehydrogenase-cas-9001-60-9\/\"><span style=\"color: #00ccff;\">L-lattico deidrogenasi<\/span><\/a><\/td>\n<td class=\"et2\">9001-60-9<\/td>\n<\/tr>\n<tr style=\"height: 13.50pt;\">\n<td class=\"et2\" style=\"height: 13.50pt;\" height=\"18\"><a href=\"https:\/\/longchangchemical.com\/it\/product\/dehydrogenase-malate-cas-9001-64-3\/\"><span style=\"color: #00ccff;\">Deidrogenasi malato<\/span><\/a><\/td>\n<td class=\"et2\">9001-64-3<\/td>\n<\/tr>\n<tr style=\"height: 13.50pt;\">\n<td class=\"et2\" style=\"height: 13.50pt;\" height=\"18\"><a href=\"https:\/\/longchangchemical.com\/it\/product\/cholesterol-oxidase-cas-9028-76-6\/\"><span style=\"color: #00ccff;\">Colesterolo ossidasi<\/span><\/a><\/td>\n<td class=\"et2\">9028-76-6<\/td>\n<\/tr>\n<\/tbody>\n<\/table>","protected":false},"excerpt":{"rendered":"<p>Urease CAS 9002-13-5 Enzyme is an enzyme for What is urease in feed?.<\/p>","protected":false},"featured_media":7374,"comment_status":"closed","ping_status":"closed","template":"","meta":[],"product_brand":[],"product_cat":[172],"product_tag":[],"class_list":{"0":"post-7366","1":"product","2":"type-product","3":"status-publish","4":"has-post-thumbnail","6":"product_cat-longzyme-enzyme","8":"first","9":"instock","10":"shipping-taxable","11":"product-type-simple"},"yoast_head":"<!-- This site is optimized with the Yoast SEO plugin v25.3.1 - https:\/\/yoast.com\/wordpress\/plugins\/seo\/ -->\n<title>Urease CAS 9002-13-5 Enzyme | Longchang Chemical<\/title>\n<meta name=\"description\" content=\"Urease CAS 9002-13-5 Enzyme is an enzyme for What is urease in feed?.\" \/>\n<meta name=\"robots\" content=\"index, follow, max-snippet:-1, max-image-preview:large, max-video-preview:-1\" \/>\n<link rel=\"canonical\" href=\"https:\/\/longchangchemical.com\/it\/product\/urease-cas-9002-13-5\/\" \/>\n<meta property=\"og:locale\" content=\"it_IT\" \/>\n<meta property=\"og:type\" content=\"article\" \/>\n<meta property=\"og:title\" content=\"Urease CAS 9002-13-5 Enzyme | Longchang Chemical\" \/>\n<meta property=\"og:description\" content=\"Urease CAS 9002-13-5 Enzyme is an enzyme for What is urease in feed?.\" \/>\n<meta property=\"og:url\" content=\"https:\/\/longchangchemical.com\/it\/product\/urease-cas-9002-13-5\/\" \/>\n<meta property=\"og:site_name\" content=\"Longchang Chemical\" \/>\n<meta property=\"article:modified_time\" content=\"2026-05-08T08:26:28+00:00\" \/>\n<meta property=\"og:image\" content=\"https:\/\/longchangchemical.com\/wp-content\/uploads\/2024\/09\/Longzyme-Enzyme.jpg\" \/>\n\t<meta property=\"og:image:width\" content=\"800\" \/>\n\t<meta property=\"og:image:height\" content=\"800\" \/>\n\t<meta property=\"og:image:type\" content=\"image\/jpeg\" \/>\n<meta name=\"twitter:card\" content=\"summary_large_image\" \/>\n<script type=\"application\/ld+json\" class=\"yoast-schema-graph\">{\"@context\":\"https:\/\/schema.org\",\"@graph\":[{\"@type\":\"WebPage\",\"@id\":\"https:\/\/longchangchemical.com\/product\/urease-cas-9002-13-5\/\",\"url\":\"https:\/\/longchangchemical.com\/product\/urease-cas-9002-13-5\/\",\"name\":\"Urease CAS 9002-13-5 Enzyme | Longchang Chemical\",\"isPartOf\":{\"@id\":\"https:\/\/longchangchemical.com\/#website\"},\"primaryImageOfPage\":{\"@id\":\"https:\/\/longchangchemical.com\/product\/urease-cas-9002-13-5\/#primaryimage\"},\"image\":{\"@id\":\"https:\/\/longchangchemical.com\/product\/urease-cas-9002-13-5\/#primaryimage\"},\"thumbnailUrl\":\"https:\/\/longchangchemical.com\/wp-content\/uploads\/2024\/09\/Longzyme-Enzyme.jpg\",\"datePublished\":\"2024-09-26T15:09:50+00:00\",\"dateModified\":\"2026-05-08T08:26:28+00:00\",\"description\":\"Urease CAS 9002-13-5 Enzyme is an enzyme for What is urease in feed?.\",\"breadcrumb\":{\"@id\":\"https:\/\/longchangchemical.com\/product\/urease-cas-9002-13-5\/#breadcrumb\"},\"inLanguage\":\"it-IT\",\"potentialAction\":[{\"@type\":\"ReadAction\",\"target\":[\"https:\/\/longchangchemical.com\/product\/urease-cas-9002-13-5\/\"]}]},{\"@type\":\"ImageObject\",\"inLanguage\":\"it-IT\",\"@id\":\"https:\/\/longchangchemical.com\/product\/urease-cas-9002-13-5\/#primaryimage\",\"url\":\"https:\/\/longchangchemical.com\/wp-content\/uploads\/2024\/09\/Longzyme-Enzyme.jpg\",\"contentUrl\":\"https:\/\/longchangchemical.com\/wp-content\/uploads\/2024\/09\/Longzyme-Enzyme.jpg\",\"width\":800,\"height\":800,\"caption\":\"Longzyme\u00ae Enzyme\"},{\"@type\":\"BreadcrumbList\",\"@id\":\"https:\/\/longchangchemical.com\/product\/urease-cas-9002-13-5\/#breadcrumb\",\"itemListElement\":[{\"@type\":\"ListItem\",\"position\":1,\"name\":\"Home\",\"item\":\"https:\/\/longchangchemical.com\/\"},{\"@type\":\"ListItem\",\"position\":2,\"name\":\"Products Longchang\",\"item\":\"https:\/\/longchangchemical.com\/product\/\"},{\"@type\":\"ListItem\",\"position\":3,\"name\":\"Longzyme\u00ae Urease CAS 9002-13-5\"}]},{\"@type\":\"WebSite\",\"@id\":\"https:\/\/longchangchemical.com\/#website\",\"url\":\"https:\/\/longchangchemical.com\/\",\"name\":\"Longchang Chemical\",\"description\":\"China chemical manufacturer \uff06 supplier\",\"publisher\":{\"@id\":\"https:\/\/longchangchemical.com\/#organization\"},\"potentialAction\":[{\"@type\":\"SearchAction\",\"target\":{\"@type\":\"EntryPoint\",\"urlTemplate\":\"https:\/\/longchangchemical.com\/?s={search_term_string}\"},\"query-input\":{\"@type\":\"PropertyValueSpecification\",\"valueRequired\":true,\"valueName\":\"search_term_string\"}}],\"inLanguage\":\"it-IT\"},{\"@type\":\"Organization\",\"@id\":\"https:\/\/longchangchemical.com\/#organization\",\"name\":\"Longchang Chemical\",\"url\":\"https:\/\/longchangchemical.com\/\",\"logo\":{\"@type\":\"ImageObject\",\"inLanguage\":\"it-IT\",\"@id\":\"https:\/\/longchangchemical.com\/#\/schema\/logo\/image\/\",\"url\":\"https:\/\/longchangchemical.com\/wp-content\/uploads\/2020\/08\/cropped-longchang-logo.png\",\"contentUrl\":\"https:\/\/longchangchemical.com\/wp-content\/uploads\/2020\/08\/cropped-longchang-logo.png\",\"width\":512,\"height\":512,\"caption\":\"Longchang Chemical\"},\"image\":{\"@id\":\"https:\/\/longchangchemical.com\/#\/schema\/logo\/image\/\"}}]}<\/script>\n<!-- \/ Yoast SEO plugin. -->","yoast_head_json":{"title":"Urease CAS 9002-13-5 Enzyme | Longchang Chemical","description":"Urease CAS 9002-13-5 Enzyme is an enzyme for What is urease in feed?.","robots":{"index":"index","follow":"follow","max-snippet":"max-snippet:-1","max-image-preview":"max-image-preview:large","max-video-preview":"max-video-preview:-1"},"canonical":"https:\/\/longchangchemical.com\/it\/product\/urease-cas-9002-13-5\/","og_locale":"it_IT","og_type":"article","og_title":"Urease CAS 9002-13-5 Enzyme | Longchang Chemical","og_description":"Urease CAS 9002-13-5 Enzyme is an enzyme for What is urease in feed?.","og_url":"https:\/\/longchangchemical.com\/it\/product\/urease-cas-9002-13-5\/","og_site_name":"Longchang Chemical","article_modified_time":"2026-05-08T08:26:28+00:00","og_image":[{"width":800,"height":800,"url":"https:\/\/longchangchemical.com\/wp-content\/uploads\/2024\/09\/Longzyme-Enzyme.jpg","type":"image\/jpeg"}],"twitter_card":"summary_large_image","schema":{"@context":"https:\/\/schema.org","@graph":[{"@type":"WebPage","@id":"https:\/\/longchangchemical.com\/product\/urease-cas-9002-13-5\/","url":"https:\/\/longchangchemical.com\/product\/urease-cas-9002-13-5\/","name":"Urease CAS 9002-13-5 Enzyme | Longchang Chemical","isPartOf":{"@id":"https:\/\/longchangchemical.com\/#website"},"primaryImageOfPage":{"@id":"https:\/\/longchangchemical.com\/product\/urease-cas-9002-13-5\/#primaryimage"},"image":{"@id":"https:\/\/longchangchemical.com\/product\/urease-cas-9002-13-5\/#primaryimage"},"thumbnailUrl":"https:\/\/longchangchemical.com\/wp-content\/uploads\/2024\/09\/Longzyme-Enzyme.jpg","datePublished":"2024-09-26T15:09:50+00:00","dateModified":"2026-05-08T08:26:28+00:00","description":"Urease CAS 9002-13-5 Enzyme is an enzyme for What is urease in feed?.","breadcrumb":{"@id":"https:\/\/longchangchemical.com\/product\/urease-cas-9002-13-5\/#breadcrumb"},"inLanguage":"it-IT","potentialAction":[{"@type":"ReadAction","target":["https:\/\/longchangchemical.com\/product\/urease-cas-9002-13-5\/"]}]},{"@type":"ImageObject","inLanguage":"it-IT","@id":"https:\/\/longchangchemical.com\/product\/urease-cas-9002-13-5\/#primaryimage","url":"https:\/\/longchangchemical.com\/wp-content\/uploads\/2024\/09\/Longzyme-Enzyme.jpg","contentUrl":"https:\/\/longchangchemical.com\/wp-content\/uploads\/2024\/09\/Longzyme-Enzyme.jpg","width":800,"height":800,"caption":"Longzyme\u00ae Enzyme"},{"@type":"BreadcrumbList","@id":"https:\/\/longchangchemical.com\/product\/urease-cas-9002-13-5\/#breadcrumb","itemListElement":[{"@type":"ListItem","position":1,"name":"Home","item":"https:\/\/longchangchemical.com\/"},{"@type":"ListItem","position":2,"name":"Products Longchang","item":"https:\/\/longchangchemical.com\/product\/"},{"@type":"ListItem","position":3,"name":"Longzyme\u00ae Urease CAS 9002-13-5"}]},{"@type":"WebSite","@id":"https:\/\/longchangchemical.com\/#website","url":"https:\/\/longchangchemical.com\/","name":"Longchang Chemical","description":"Cina produttore di prodotti chimici \uff06 fornitore","publisher":{"@id":"https:\/\/longchangchemical.com\/#organization"},"potentialAction":[{"@type":"SearchAction","target":{"@type":"EntryPoint","urlTemplate":"https:\/\/longchangchemical.com\/?s={search_term_string}"},"query-input":{"@type":"PropertyValueSpecification","valueRequired":true,"valueName":"search_term_string"}}],"inLanguage":"it-IT"},{"@type":"Organization","@id":"https:\/\/longchangchemical.com\/#organization","name":"Longchang Chemical","url":"https:\/\/longchangchemical.com\/","logo":{"@type":"ImageObject","inLanguage":"it-IT","@id":"https:\/\/longchangchemical.com\/#\/schema\/logo\/image\/","url":"https:\/\/longchangchemical.com\/wp-content\/uploads\/2020\/08\/cropped-longchang-logo.png","contentUrl":"https:\/\/longchangchemical.com\/wp-content\/uploads\/2020\/08\/cropped-longchang-logo.png","width":512,"height":512,"caption":"Longchang Chemical"},"image":{"@id":"https:\/\/longchangchemical.com\/#\/schema\/logo\/image\/"}}]}},"_links":{"self":[{"href":"https:\/\/longchangchemical.com\/it\/wp-json\/wp\/v2\/product\/7366","targetHints":{"allow":["GET"]}}],"collection":[{"href":"https:\/\/longchangchemical.com\/it\/wp-json\/wp\/v2\/product"}],"about":[{"href":"https:\/\/longchangchemical.com\/it\/wp-json\/wp\/v2\/types\/product"}],"replies":[{"embeddable":true,"href":"https:\/\/longchangchemical.com\/it\/wp-json\/wp\/v2\/comments?post=7366"}],"wp:featuredmedia":[{"embeddable":true,"href":"https:\/\/longchangchemical.com\/it\/wp-json\/wp\/v2\/media\/7374"}],"wp:attachment":[{"href":"https:\/\/longchangchemical.com\/it\/wp-json\/wp\/v2\/media?parent=7366"}],"wp:term":[{"taxonomy":"product_brand","embeddable":true,"href":"https:\/\/longchangchemical.com\/it\/wp-json\/wp\/v2\/product_brand?post=7366"},{"taxonomy":"product_cat","embeddable":true,"href":"https:\/\/longchangchemical.com\/it\/wp-json\/wp\/v2\/product_cat?post=7366"},{"taxonomy":"product_tag","embeddable":true,"href":"https:\/\/longchangchemical.com\/it\/wp-json\/wp\/v2\/product_tag?post=7366"}],"curies":[{"name":"wp","href":"https:\/\/api.w.org\/{rel}","templated":true}]}}