{"id":7357,"date":"2024-09-26T12:34:14","date_gmt":"2024-09-26T12:34:14","guid":{"rendered":"https:\/\/longchangchemical.com\/?post_type=product&#038;p=7357"},"modified":"2025-12-16T08:23:17","modified_gmt":"2025-12-16T08:23:17","slug":"longzyme-acid-pectinase-cas-9032-75-1","status":"publish","type":"product","link":"https:\/\/longchangchemical.com\/it\/product\/longzyme-acid-pectinase-cas-9032-75-1\/","title":{"rendered":"Pectinasi acida Longzyme\u00ae CAS 9032-75-1"},"content":{"rendered":"<p>Pectinasi acida<\/p>\n<p>La pectinasi si ottiene dall'Aspergillus niger attraverso la fermentazione e l'estrazione. Viene utilizzata principalmente per la lavorazione di succhi di frutta, succhi di verdura, vino e altre serie di prodotti, ma pu\u00f2 essere impiegata anche per i mangimi, la degommatura di materiali di canapa, la conservazione del legno e altre lavorazioni.<\/p>\n<p>Principio<\/p>\n<p>Pectinasi \u00e8 un termine generale per indicare una variet\u00e0 di enzimi in grado di decomporre sinergicamente la pectina. La pectinasi contiene principalmente la polimetilgalatturonasi (PMGL), la poligalatturonasi (PG), l'enzima di scissione del poligalatturonato (PGL) e la pectin esterasi (PE). L'enzima pectinico agisce sul legame glicosidico tra i residui di acido D-galatturonico nella pectina per rompere la molecola di pectina, degradare la catena polisaccaridica della pectina e generare acido oligogalatturonico e una piccola quantit\u00e0 di piccole molecole di acido galatturonico per ridurre la viscosit\u00e0, migliorare la velocit\u00e0 di ultrafiltrazione e migliorare l'estrazione del succo. Pu\u00f2 ridurre la viscosit\u00e0, aumentare la velocit\u00e0 di ultrafiltrazione, migliorare le prestazioni della spremitura, ridurre il tempo di spremitura, esaltare il sapore fruttato, ridurre i costi, aumentare la resa del succo, ridurre la precipitazione secondaria e migliorare la qualit\u00e0 dei prodotti.<\/p>\n<p>Caratteristiche del prodotto<br \/>\n1, intervallo di temperatura: intervallo di temperatura effettiva 25-65\u2103, intervallo di temperatura ottimale 50-60\u2103.<br \/>\n2. Intervallo dei valori di pH: intervallo di pH effettivo 2,5-4,5, intervallo di pH ottimale: 3.3-4.0.<br \/>\n3. Effetto degli ioni metallici sull'attivit\u00e0 enzimatica: basse concentrazioni di Ca, Mg hanno un effetto attivante sulla pectinasi, Cu2Fe ha un effetto inibente sulla pectinasi.<\/p>\n<p>Propriet\u00e0 del prodotto<\/p>\n<p>1. Specifiche del prodotto: il liquido \u00e8 di colore marrone chiaro, con 30000u\/mL e 60000u\/mL.<br \/>\n60.000u\/mL; polvere gialla solida, 30.000u\/g.<br \/>\n60.000u\/g due specifiche; attivit\u00e0 enzimatica solida di grado alimentare 300.000u\/g.<br \/>\npH dell'enzima liquido (25\u00b0C): 3,0-5,0, capacit\u00e0: \u22641,25g\/mL; finezza dell'enzima solido (tasso di attraversamento del setaccio standard da 0,4 mm): 280%.<br \/>\n2, la definizione di attivit\u00e0 enzimatica: 1g di polvere enzimatica o 1mL di soluzione enzimatica a 50 \u2103, condizioni PH3.5, 1h di decomposizione della pectina per produrre 1mg di acido galatturonico come unit\u00e0 di attivit\u00e0 enzimatica.<br \/>\n3. Standard del prodotto: Q8 1502-1992, standard dell'industria leggera della Repubblica Popolare Cinese.<\/p>\n<p>Metodo di applicazione<br \/>\n1, spremitura di succhi di frutta e verdura, processo di chiarificazione, aggiunta di 0,05-0,3L\/t di polpa di frutta e verdura (attivit\u00e0 enzimatica di 30.000 unit\u00e0) PH3,5-4,0, temperatura 45-55 \u2103 C ruolo 1-5 ore. Pu\u00f2 svolgere il ruolo di chiarificare il succo e migliorare la resa.<br \/>\n2. Nella lavorazione del vino, la pectinasi pu\u00f2 essere aggiunta nelle fasi di macerazione, fermentazione o stoccaggio a seconda dello scopo, per migliorare il colore e la lucentezza del vino, aumentarne l'aroma e migliorare la resa del succo. La quantit\u00e0 di aggiunta consigliata \u00e8 di 0,05-0,2 l\/t di polpa (l'attivit\u00e0 enzimatica \u00e8 calcolata in 30.000 unit\u00e0). Pu\u00f2 essere aggiunto direttamente al materiale o diluito con una piccola quantit\u00e0 di succo e poi aggiunto al materiale.<br \/>\n3, nell'enzima composto del mangime, la pectinasi acida ha rappresentato l'aggiunta di 0,03-0,06 kg\/t di materiale a valore pieno (attivit\u00e0 enzimatica di 30.000 unit\u00e0).<\/p>\n<p>Imballaggio e stoccaggio<br \/>\nIl liquido \u00e8 confezionato in fusti di plastica da 25 kg; il solido \u00e8 confezionato in sacchi di tessuto da 20 kg.<br \/>\nQuesto prodotto \u00e8 una sostanza biologicamente attiva, le alte temperature, gli acidi forti e gli alcali forti causano l'inattivazione dell'enzima; pertanto, nel processo di trasporto e stoccaggio, l'enzima corpo deve evitare l'esposizione al sole, mentre l'enzima solido deve evitare l'esposizione al sole e alla pioggia. Il magazzino deve essere mantenuto pulito, fresco e asciutto.<\/p>\n<h2>Altro nome:<\/h2>\n<p>Poligalatturonasi<\/p>\n<p>&nbsp;<\/p>\n<h2><strong><b>Contattateci ora!<\/b><\/strong><\/h2>\n<h4><strong><b>Se avete bisogno di Price, inserite i vostri dati di contatto nel modulo sottostante; di solito vi contatteremo entro 24 ore. Potete anche inviarmi un'e-mail\u00a0<span style=\"color: #00ccff;\"><a style=\"color: #00ccff;\" href=\"mailto:info@longchangchemical.com\">info@longchangchemical.com<\/a><\/span>\u00a0durante l'orario di lavoro (dalle 8:30 alle 18:00 UTC+8 lun.-sab.) o utilizzare la live chat del sito web per ottenere una risposta immediata.<\/b><\/strong><\/h4>\n<table style=\"border-collapse: collapse; width: 326.27pt;\" border=\"0\" width=\"435\" cellspacing=\"0\" cellpadding=\"0\">\n<tbody>\n<tr style=\"height: 13.50pt;\">\n<td class=\"et2\" style=\"height: 13.50pt; width: 164.25pt;\" width=\"219\" height=\"18\"><a href=\"https:\/\/longchangchemical.com\/it\/product\/compound-glucoamylase-cas-9032-08-0\/\"><span style=\"color: #00ccff;\">Composto Glucoamilasi<\/span><\/a><\/td>\n<td class=\"et2\" style=\"width: 162.00pt;\" width=\"216\">9032-08-0<\/td>\n<\/tr>\n<tr style=\"height: 13.50pt;\">\n<td class=\"et2\" style=\"height: 13.50pt;\" height=\"18\"><a href=\"https:\/\/longchangchemical.com\/it\/product\/pullulanase-cas-9075-68-7\/\"><span style=\"color: #00ccff;\">Pullulanase<\/span><\/a><\/td>\n<td class=\"et2\">9075-68-7<\/td>\n<\/tr>\n<tr style=\"height: 13.50pt;\">\n<td class=\"et2\" style=\"height: 13.50pt;\" height=\"18\"><a href=\"https:\/\/longchangchemical.com\/it\/product\/xylanase-cas-37278-89-0\/\"><span style=\"color: #00ccff;\">Xilanasi<\/span><\/a><\/td>\n<td class=\"et2\">37278-89-0<\/td>\n<\/tr>\n<tr style=\"height: 13.50pt;\">\n<td class=\"et2\" style=\"height: 13.50pt;\" height=\"18\"><a href=\"https:\/\/longchangchemical.com\/it\/product\/cellulase-cas-9012-54-8\/\"><span style=\"color: #00ccff;\">Cellulasi<\/span><\/a><\/td>\n<td class=\"et2\">9012-54-8<\/td>\n<\/tr>\n<tr style=\"height: 13.50pt;\">\n<td class=\"et2\" style=\"height: 13.50pt;\" height=\"18\"><a href=\"https:\/\/longchangchemical.com\/it\/product\/naringinase-cas-9068-31-9\/\"><span style=\"color: #00ccff;\">Naringinasi<\/span><\/a><\/td>\n<td class=\"et2\">9068-31-9<\/td>\n<\/tr>\n<tr style=\"height: 13.50pt;\">\n<td class=\"et2\" style=\"height: 13.50pt;\" height=\"18\"><a href=\"https:\/\/longchangchemical.com\/it\/product\/beta-amylase-cas-9000-91-3\/\"><span style=\"color: #00ccff;\">\u03b2-amilasi<\/span><\/a><\/td>\n<td class=\"et2\">9000-91-3<\/td>\n<\/tr>\n<tr style=\"height: 13.50pt;\">\n<td class=\"et2\" style=\"height: 13.50pt;\" height=\"18\"><a href=\"https:\/\/longchangchemical.com\/it\/product\/glucose-oxidase-cas-9001-37-0\/\"><span style=\"color: #00ccff;\">Glucosio ossidasi<\/span><\/a><\/td>\n<td class=\"et2\">9001-37-0<\/td>\n<\/tr>\n<tr style=\"height: 13.50pt;\">\n<td class=\"et2\" style=\"height: 13.50pt;\" height=\"18\">alfa-amilasi<\/td>\n<td class=\"et2\">9000-90-2<\/td>\n<\/tr>\n<tr style=\"height: 13.50pt;\">\n<td class=\"et2\" style=\"height: 13.50pt;\" height=\"18\"><a href=\"https:\/\/longchangchemical.com\/it\/product\/longzyme-acid-pectinase-cas-9032-75-1\/\"><span style=\"color: #00ccff;\">Pectinasi<\/span><\/a><\/td>\n<td class=\"et2\">9032-75-1<\/td>\n<\/tr>\n<tr style=\"height: 13.50pt;\">\n<td class=\"et2\" style=\"height: 13.50pt;\" height=\"18\">Perossidasi<\/td>\n<td class=\"et2\">9003-99-0<\/td>\n<\/tr>\n<tr style=\"height: 13.50pt;\">\n<td class=\"et2\" style=\"height: 13.50pt;\" height=\"18\"><a href=\"https:\/\/longchangchemical.com\/it\/product\/lipase-cas-9001-62-1\/\"><span style=\"color: #00ccff;\">Lipasi<\/span><\/a><\/td>\n<td class=\"et2\">9001-62-1<\/td>\n<\/tr>\n<tr style=\"height: 13.50pt;\">\n<td class=\"et2\" style=\"height: 13.50pt;\" height=\"18\"><a href=\"https:\/\/longchangchemical.com\/it\/product\/catalase-cas-9001-05-2\/\"><span style=\"color: #00ccff;\">Catalasi<\/span><\/a><\/td>\n<td class=\"et4\">9001-05-2<\/td>\n<\/tr>\n<tr style=\"height: 13.50pt;\">\n<td class=\"et2\" style=\"height: 13.50pt;\" height=\"18\"><a href=\"https:\/\/longchangchemical.com\/it\/product\/tannase-cas-9025-71-2\/\"><span style=\"color: #00ccff;\">TANNASIO<\/span><\/a><\/td>\n<td class=\"et2\">9025-71-2<\/td>\n<\/tr>\n<tr style=\"height: 13.50pt;\">\n<td class=\"et2\" style=\"height: 13.50pt;\" height=\"18\"><a href=\"https:\/\/longchangchemical.com\/it\/product\/elastase-cas-39445-21-1\/\"><span style=\"color: #00ccff;\">Elastasi<\/span><\/a><\/td>\n<td class=\"et2\">39445-21-1<\/td>\n<\/tr>\n<tr style=\"height: 13.50pt;\">\n<td class=\"et2\" style=\"height: 13.50pt;\" height=\"18\"><a href=\"https:\/\/longchangchemical.com\/it\/product\/urease-cas-9002-13-5\/\"><span style=\"color: #00ccff;\">Ureasi<\/span><\/a><\/td>\n<td class=\"et2\">9002-13-5<\/td>\n<\/tr>\n<tr style=\"height: 13.50pt;\">\n<td class=\"et2\" style=\"height: 13.50pt;\" height=\"18\"><a href=\"https:\/\/longchangchemical.com\/it\/product\/dextranase-cas-9025-70-1\/\"><span style=\"color: #00ccff;\">DEXTRANASE<\/span><\/a><\/td>\n<td class=\"et2\">9025-70-1<\/td>\n<\/tr>\n<tr style=\"height: 13.50pt;\">\n<td class=\"et2\" style=\"height: 13.5pt; text-align: left;\" height=\"18\"><a href=\"https:\/\/longchangchemical.com\/it\/product\/l-lactic-dehydrogenase-cas-9001-60-9\/\"><span style=\"color: #00ccff;\">L-lattico deidrogenasi<\/span><\/a><\/td>\n<td class=\"et2\">9001-60-9<\/td>\n<\/tr>\n<tr style=\"height: 13.50pt;\">\n<td class=\"et2\" style=\"height: 13.50pt;\" height=\"18\"><a href=\"https:\/\/longchangchemical.com\/it\/product\/dehydrogenase-malate-cas-9001-64-3\/\"><span style=\"color: #00ccff;\">Deidrogenasi malato<\/span><\/a><\/td>\n<td class=\"et2\">9001-64-3<\/td>\n<\/tr>\n<tr style=\"height: 13.50pt;\">\n<td class=\"et2\" style=\"height: 13.50pt;\" height=\"18\"><a href=\"https:\/\/longchangchemical.com\/it\/product\/cholesterol-oxidase-cas-9028-76-6\/\"><span style=\"color: #00ccff;\">Colesterolo ossidasi<\/span><\/a><\/td>\n<td class=\"et2\">9028-76-6<\/td>\n<\/tr>\n<\/tbody>\n<\/table>","protected":false},"excerpt":{"rendered":"<p>Pectinasi acida La pectinasi \u00e8 ottenuta da Aspergillus niger attraverso la fermentazione e l'estrazione. Viene utilizzata principalmente per la lavorazione di succhi di frutta, succhi di verdura, vino e altre serie di prodotti, ma pu\u00f2 anche essere impiegata per i mangimi, la degommatura di materiali di canapa, la conservazione del legno e altre lavorazioni. Principio La pectinasi \u00e8 un termine generale per indicare una variet\u00e0 di enzimi che possono sinergicamente [...]<\/p>","protected":false},"featured_media":7373,"comment_status":"closed","ping_status":"closed","template":"","meta":[],"product_brand":[],"product_cat":[172],"product_tag":[],"class_list":{"0":"post-7357","1":"product","2":"type-product","3":"status-publish","4":"has-post-thumbnail","6":"product_cat-longzyme-enzyme","8":"first","9":"instock","10":"shipping-taxable","11":"product-type-simple"},"yoast_head":"<!-- This site is optimized with the Yoast SEO plugin v25.3.1 - https:\/\/yoast.com\/wordpress\/plugins\/seo\/ -->\n<title>China Longzyme\u00ae Acid Pectinase CAS 9032-75-1 Manufacturer - Longchang Chemical<\/title>\n<meta name=\"description\" content=\"Longzyme\u00ae Acid Pectinase CAS 9032-75-1 is a key product of Longchang Chemical. We provide the best price. We are the leading manufacturer in China with the best quality and competitive price. Other Name: Polygalacturonase\" \/>\n<meta name=\"robots\" content=\"index, follow, max-snippet:-1, max-image-preview:large, max-video-preview:-1\" \/>\n<link rel=\"canonical\" href=\"https:\/\/longchangchemical.com\/it\/product\/longzyme-acid-pectinase-cas-9032-75-1\/\" \/>\n<meta property=\"og:locale\" content=\"it_IT\" \/>\n<meta property=\"og:type\" content=\"article\" \/>\n<meta property=\"og:title\" content=\"China Longzyme\u00ae Acid Pectinase CAS 9032-75-1 Manufacturer - Longchang Chemical\" \/>\n<meta property=\"og:description\" content=\"Longzyme\u00ae Acid Pectinase CAS 9032-75-1 is a key product of Longchang Chemical. We provide the best price. We are the leading manufacturer in China with the best quality and competitive price. Other Name: Polygalacturonase\" \/>\n<meta property=\"og:url\" content=\"https:\/\/longchangchemical.com\/it\/product\/longzyme-acid-pectinase-cas-9032-75-1\/\" \/>\n<meta property=\"og:site_name\" content=\"Longchang Chemical\" \/>\n<meta property=\"article:modified_time\" content=\"2025-12-16T08:23:17+00:00\" \/>\n<meta property=\"og:image\" content=\"https:\/\/longchangchemical.com\/wp-content\/uploads\/2024\/09\/Pectinase-CAS-9032-75-1.jpg\" \/>\n\t<meta property=\"og:image:width\" content=\"400\" \/>\n\t<meta property=\"og:image:height\" content=\"400\" \/>\n\t<meta property=\"og:image:type\" content=\"image\/jpeg\" \/>\n<meta name=\"twitter:card\" content=\"summary_large_image\" \/>\n<script type=\"application\/ld+json\" class=\"yoast-schema-graph\">{\"@context\":\"https:\/\/schema.org\",\"@graph\":[{\"@type\":\"WebPage\",\"@id\":\"https:\/\/longchangchemical.com\/product\/longzyme-acid-pectinase-cas-9032-75-1\/\",\"url\":\"https:\/\/longchangchemical.com\/product\/longzyme-acid-pectinase-cas-9032-75-1\/\",\"name\":\"China Longzyme\u00ae Acid Pectinase CAS 9032-75-1 Manufacturer - Longchang Chemical\",\"isPartOf\":{\"@id\":\"https:\/\/longchangchemical.com\/#website\"},\"primaryImageOfPage\":{\"@id\":\"https:\/\/longchangchemical.com\/product\/longzyme-acid-pectinase-cas-9032-75-1\/#primaryimage\"},\"image\":{\"@id\":\"https:\/\/longchangchemical.com\/product\/longzyme-acid-pectinase-cas-9032-75-1\/#primaryimage\"},\"thumbnailUrl\":\"https:\/\/longchangchemical.com\/wp-content\/uploads\/2024\/09\/Pectinase-CAS-9032-75-1.jpg\",\"datePublished\":\"2024-09-26T12:34:14+00:00\",\"dateModified\":\"2025-12-16T08:23:17+00:00\",\"description\":\"Longzyme\u00ae Acid Pectinase CAS 9032-75-1 is a key product of Longchang Chemical. We provide the best price. We are the leading manufacturer in China with the best quality and competitive price. Other Name: Polygalacturonase\",\"breadcrumb\":{\"@id\":\"https:\/\/longchangchemical.com\/product\/longzyme-acid-pectinase-cas-9032-75-1\/#breadcrumb\"},\"inLanguage\":\"it-IT\",\"potentialAction\":[{\"@type\":\"ReadAction\",\"target\":[\"https:\/\/longchangchemical.com\/product\/longzyme-acid-pectinase-cas-9032-75-1\/\"]}]},{\"@type\":\"ImageObject\",\"inLanguage\":\"it-IT\",\"@id\":\"https:\/\/longchangchemical.com\/product\/longzyme-acid-pectinase-cas-9032-75-1\/#primaryimage\",\"url\":\"https:\/\/longchangchemical.com\/wp-content\/uploads\/2024\/09\/Pectinase-CAS-9032-75-1.jpg\",\"contentUrl\":\"https:\/\/longchangchemical.com\/wp-content\/uploads\/2024\/09\/Pectinase-CAS-9032-75-1.jpg\",\"width\":400,\"height\":400,\"caption\":\"Pectinase CAS 9032-75-1\"},{\"@type\":\"BreadcrumbList\",\"@id\":\"https:\/\/longchangchemical.com\/product\/longzyme-acid-pectinase-cas-9032-75-1\/#breadcrumb\",\"itemListElement\":[{\"@type\":\"ListItem\",\"position\":1,\"name\":\"Home\",\"item\":\"https:\/\/longchangchemical.com\/\"},{\"@type\":\"ListItem\",\"position\":2,\"name\":\"Products Longchang\",\"item\":\"https:\/\/longchangchemical.com\/product\/\"},{\"@type\":\"ListItem\",\"position\":3,\"name\":\"Longzyme\u00ae Acid Pectinase CAS 9032-75-1\"}]},{\"@type\":\"WebSite\",\"@id\":\"https:\/\/longchangchemical.com\/#website\",\"url\":\"https:\/\/longchangchemical.com\/\",\"name\":\"Longchang Chemical\",\"description\":\"China chemical manufacturer \uff06 supplier\",\"publisher\":{\"@id\":\"https:\/\/longchangchemical.com\/#organization\"},\"potentialAction\":[{\"@type\":\"SearchAction\",\"target\":{\"@type\":\"EntryPoint\",\"urlTemplate\":\"https:\/\/longchangchemical.com\/?s={search_term_string}\"},\"query-input\":{\"@type\":\"PropertyValueSpecification\",\"valueRequired\":true,\"valueName\":\"search_term_string\"}}],\"inLanguage\":\"it-IT\"},{\"@type\":\"Organization\",\"@id\":\"https:\/\/longchangchemical.com\/#organization\",\"name\":\"Longchang Chemical\",\"url\":\"https:\/\/longchangchemical.com\/\",\"logo\":{\"@type\":\"ImageObject\",\"inLanguage\":\"it-IT\",\"@id\":\"https:\/\/longchangchemical.com\/#\/schema\/logo\/image\/\",\"url\":\"https:\/\/longchangchemical.com\/wp-content\/uploads\/2020\/08\/cropped-longchang-logo.png\",\"contentUrl\":\"https:\/\/longchangchemical.com\/wp-content\/uploads\/2020\/08\/cropped-longchang-logo.png\",\"width\":512,\"height\":512,\"caption\":\"Longchang Chemical\"},\"image\":{\"@id\":\"https:\/\/longchangchemical.com\/#\/schema\/logo\/image\/\"}}]}<\/script>\n<!-- \/ Yoast SEO plugin. -->","yoast_head_json":{"title":"Cina Pectinasi acida Longzyme\u00ae CAS 9032-75-1 Produttore - Longchang Chemical","description":"Longzyme\u00ae Acid Pectinase CAS 9032-75-1 \u00e8 un prodotto chiave di Longchang Chemical. Forniamo il miglior prezzo. Siamo il produttore leader in Cina con la migliore qualit\u00e0 e il prezzo competitivo. Altro nome: Poligalatturonasi","robots":{"index":"index","follow":"follow","max-snippet":"max-snippet:-1","max-image-preview":"max-image-preview:large","max-video-preview":"max-video-preview:-1"},"canonical":"https:\/\/longchangchemical.com\/it\/product\/longzyme-acid-pectinase-cas-9032-75-1\/","og_locale":"it_IT","og_type":"article","og_title":"China Longzyme\u00ae Acid Pectinase CAS 9032-75-1 Manufacturer - Longchang Chemical","og_description":"Longzyme\u00ae Acid Pectinase CAS 9032-75-1 is a key product of Longchang Chemical. We provide the best price. We are the leading manufacturer in China with the best quality and competitive price. Other Name: Polygalacturonase","og_url":"https:\/\/longchangchemical.com\/it\/product\/longzyme-acid-pectinase-cas-9032-75-1\/","og_site_name":"Longchang Chemical","article_modified_time":"2025-12-16T08:23:17+00:00","og_image":[{"width":400,"height":400,"url":"https:\/\/longchangchemical.com\/wp-content\/uploads\/2024\/09\/Pectinase-CAS-9032-75-1.jpg","type":"image\/jpeg"}],"twitter_card":"summary_large_image","schema":{"@context":"https:\/\/schema.org","@graph":[{"@type":"WebPage","@id":"https:\/\/longchangchemical.com\/product\/longzyme-acid-pectinase-cas-9032-75-1\/","url":"https:\/\/longchangchemical.com\/product\/longzyme-acid-pectinase-cas-9032-75-1\/","name":"Cina Pectinasi acida Longzyme\u00ae CAS 9032-75-1 Produttore - Longchang Chemical","isPartOf":{"@id":"https:\/\/longchangchemical.com\/#website"},"primaryImageOfPage":{"@id":"https:\/\/longchangchemical.com\/product\/longzyme-acid-pectinase-cas-9032-75-1\/#primaryimage"},"image":{"@id":"https:\/\/longchangchemical.com\/product\/longzyme-acid-pectinase-cas-9032-75-1\/#primaryimage"},"thumbnailUrl":"https:\/\/longchangchemical.com\/wp-content\/uploads\/2024\/09\/Pectinase-CAS-9032-75-1.jpg","datePublished":"2024-09-26T12:34:14+00:00","dateModified":"2025-12-16T08:23:17+00:00","description":"Longzyme\u00ae Acid Pectinase CAS 9032-75-1 \u00e8 un prodotto chiave di Longchang Chemical. Forniamo il miglior prezzo. Siamo il produttore leader in Cina con la migliore qualit\u00e0 e il prezzo competitivo. Altro nome: Poligalatturonasi","breadcrumb":{"@id":"https:\/\/longchangchemical.com\/product\/longzyme-acid-pectinase-cas-9032-75-1\/#breadcrumb"},"inLanguage":"it-IT","potentialAction":[{"@type":"ReadAction","target":["https:\/\/longchangchemical.com\/product\/longzyme-acid-pectinase-cas-9032-75-1\/"]}]},{"@type":"ImageObject","inLanguage":"it-IT","@id":"https:\/\/longchangchemical.com\/product\/longzyme-acid-pectinase-cas-9032-75-1\/#primaryimage","url":"https:\/\/longchangchemical.com\/wp-content\/uploads\/2024\/09\/Pectinase-CAS-9032-75-1.jpg","contentUrl":"https:\/\/longchangchemical.com\/wp-content\/uploads\/2024\/09\/Pectinase-CAS-9032-75-1.jpg","width":400,"height":400,"caption":"Pectinase CAS 9032-75-1"},{"@type":"BreadcrumbList","@id":"https:\/\/longchangchemical.com\/product\/longzyme-acid-pectinase-cas-9032-75-1\/#breadcrumb","itemListElement":[{"@type":"ListItem","position":1,"name":"Home","item":"https:\/\/longchangchemical.com\/"},{"@type":"ListItem","position":2,"name":"Products Longchang","item":"https:\/\/longchangchemical.com\/product\/"},{"@type":"ListItem","position":3,"name":"Longzyme\u00ae Acid Pectinase CAS 9032-75-1"}]},{"@type":"WebSite","@id":"https:\/\/longchangchemical.com\/#website","url":"https:\/\/longchangchemical.com\/","name":"Longchang Chemical","description":"Cina produttore di prodotti chimici \uff06 fornitore","publisher":{"@id":"https:\/\/longchangchemical.com\/#organization"},"potentialAction":[{"@type":"SearchAction","target":{"@type":"EntryPoint","urlTemplate":"https:\/\/longchangchemical.com\/?s={search_term_string}"},"query-input":{"@type":"PropertyValueSpecification","valueRequired":true,"valueName":"search_term_string"}}],"inLanguage":"it-IT"},{"@type":"Organization","@id":"https:\/\/longchangchemical.com\/#organization","name":"Longchang Chemical","url":"https:\/\/longchangchemical.com\/","logo":{"@type":"ImageObject","inLanguage":"it-IT","@id":"https:\/\/longchangchemical.com\/#\/schema\/logo\/image\/","url":"https:\/\/longchangchemical.com\/wp-content\/uploads\/2020\/08\/cropped-longchang-logo.png","contentUrl":"https:\/\/longchangchemical.com\/wp-content\/uploads\/2020\/08\/cropped-longchang-logo.png","width":512,"height":512,"caption":"Longchang Chemical"},"image":{"@id":"https:\/\/longchangchemical.com\/#\/schema\/logo\/image\/"}}]}},"_links":{"self":[{"href":"https:\/\/longchangchemical.com\/it\/wp-json\/wp\/v2\/product\/7357","targetHints":{"allow":["GET"]}}],"collection":[{"href":"https:\/\/longchangchemical.com\/it\/wp-json\/wp\/v2\/product"}],"about":[{"href":"https:\/\/longchangchemical.com\/it\/wp-json\/wp\/v2\/types\/product"}],"replies":[{"embeddable":true,"href":"https:\/\/longchangchemical.com\/it\/wp-json\/wp\/v2\/comments?post=7357"}],"wp:featuredmedia":[{"embeddable":true,"href":"https:\/\/longchangchemical.com\/it\/wp-json\/wp\/v2\/media\/7373"}],"wp:attachment":[{"href":"https:\/\/longchangchemical.com\/it\/wp-json\/wp\/v2\/media?parent=7357"}],"wp:term":[{"taxonomy":"product_brand","embeddable":true,"href":"https:\/\/longchangchemical.com\/it\/wp-json\/wp\/v2\/product_brand?post=7357"},{"taxonomy":"product_cat","embeddable":true,"href":"https:\/\/longchangchemical.com\/it\/wp-json\/wp\/v2\/product_cat?post=7357"},{"taxonomy":"product_tag","embeddable":true,"href":"https:\/\/longchangchemical.com\/it\/wp-json\/wp\/v2\/product_tag?post=7357"}],"curies":[{"name":"wp","href":"https:\/\/api.w.org\/{rel}","templated":true}]}}