{"id":7340,"date":"2024-09-26T02:49:32","date_gmt":"2024-09-26T02:49:32","guid":{"rendered":"https:\/\/longchangchemical.com\/?post_type=product&#038;p=7340"},"modified":"2024-09-26T02:49:32","modified_gmt":"2024-09-26T02:49:32","slug":"tricyclodecnyl-acetate-cas-5413-60-5","status":"publish","type":"product","link":"https:\/\/longchangchemical.com\/it\/product\/tricyclodecnyl-acetate-cas-5413-60-5\/","title":{"rendered":"Acetato di triciclodecnile CAS 5413-60-5"},"content":{"rendered":"<h1><strong>Acetato di triciclodecnile CAS 5413-60-5<\/strong><\/h1>\n<table>\n<tbody>\n<tr>\n<td width=\"284\"><strong>ARTICOLI<\/strong><\/td>\n<td width=\"284\"><strong>SPECIFICA<\/strong><\/td>\n<\/tr>\n<tr>\n<td width=\"284\">Densit\u00e0<\/td>\n<td width=\"284\">1.0240<\/td>\n<\/tr>\n<tr>\n<td width=\"284\">Punto di ebollizione<\/td>\n<td width=\"284\">288.25\u00b0C<\/td>\n<\/tr>\n<tr>\n<td width=\"284\">Aspetto<\/td>\n<td width=\"284\">Liquido viscoso incolore<\/td>\n<\/tr>\n<tr>\n<td width=\"284\">Odore<\/td>\n<td width=\"284\">Profumo floreale e legnoso<\/td>\n<\/tr>\n<\/tbody>\n<\/table>\n<p><strong><b>\u00a0<\/b><\/strong><\/p>\n<p><strong><b>Acetato di triciclodecnile<\/b><\/strong><strong><b>\u00a0applicazione:<\/b><\/strong><\/p>\n<p>1. Ampiamente utilizzato in sapone, detersivo, formula sapore deodorante. Si applica anche alla gardenia, all'orchidea campana, al lill\u00e0, al gelsomino, all'orchidea dal cuore vegetariano, alla veccia odorosa, alla lavanda, alla fragranza di aldeidi - la fragranza del legno, alla fragranza chiara - la fragranza fruttata e alla fragranza di tipo nuovo aroma moderno, come l'uso \u00e8 appropriato, pu\u00f2 ottenere l'effetto aroma molto buono e mostra l'aroma speciale. Non pu\u00f2 essere utilizzato come aroma commestibile.<\/p>\n<p>2, la modulazione della lavanda, del legno, della fucsia, dell'orchidea Suzin e di altri sapori aromatici, utilizzati in cosmetica; grazie alla stabilit\u00e0 del mezzo alcalino, pu\u00f2 essere utilizzato come fragranza per saponi o detergenti.<\/p>\n<p><strong><b>Acetato di triciclodecnile<\/b><\/strong><strong><b>\u00a0<\/b><\/strong><strong><b>Imballaggio e spedizione<\/b><\/strong><strong><b>\u00a0<\/b><\/strong><\/p>\n<p>personalizzati in base alle esigenze del cliente.<\/p>\n<p><strong><b>Acetato di triciclodecnile<\/b><\/strong><strong><b>\u00a0Immagazzinamento<\/b><\/strong><\/p>\n<p>Deve essere conservato in un luogo pulito, asciutto e fresco, al riparo dalla luce solare e dalla pioggia.<\/p>\n<h2><strong><b>Contattateci ora!<\/b><\/strong><\/h2>\n<h4><strong><b>Se avete bisogno di Price, inserite i vostri dati di contatto nel modulo sottostante; di solito vi contatteremo entro 24 ore. Potete anche inviarmi un'e-mail\u00a0<span style=\"color: #00ccff;\"><a style=\"color: #00ccff;\" href=\"mailto:info@longchangchemical.com\">info@longchangchemical.com<\/a><\/span>\u00a0durante l'orario di lavoro (dalle 8:30 alle 18:00 UTC+8 lun.-sab.) o utilizzare la live chat del sito web per ottenere una risposta immediata.<\/b><\/strong><\/h4>","protected":false},"excerpt":{"rendered":"<p>Nome chimico: Triciclodecnile acetato<\/p>\n<p>N. CAS: 5413-60-5<\/p>\n<p>Aspetto: Liquido viscoso da incolore a giallo chiaro<\/p>\n<p>Test:\u226597.0%<\/p>","protected":false},"featured_media":7350,"comment_status":"closed","ping_status":"closed","template":"","meta":[],"product_brand":[],"product_cat":[173],"product_tag":[],"class_list":{"0":"post-7340","1":"product","2":"type-product","3":"status-publish","4":"has-post-thumbnail","6":"product_cat-flavors-and-fragrances","8":"first","9":"instock","10":"shipping-taxable","11":"product-type-simple"},"yoast_head":"<!-- This site is optimized with the Yoast SEO plugin v25.3.1 - https:\/\/yoast.com\/wordpress\/plugins\/seo\/ -->\n<title>China Tricyclodecnyl Acetate CAS 5413-60-5 Manufacturer - Longchang Chemical<\/title>\n<meta name=\"description\" content=\"Tricyclodecnyl Acetate CAS 5413-60-5 is a key product of Longchang Chemical. We provide the best price. We are the leading manufacturer in China with the best quality and competitive price.\" \/>\n<meta name=\"robots\" content=\"index, follow, max-snippet:-1, max-image-preview:large, max-video-preview:-1\" \/>\n<link rel=\"canonical\" href=\"https:\/\/longchangchemical.com\/it\/product\/tricyclodecnyl-acetate-cas-5413-60-5\/\" \/>\n<meta property=\"og:locale\" content=\"it_IT\" \/>\n<meta property=\"og:type\" content=\"article\" \/>\n<meta property=\"og:title\" content=\"China Tricyclodecnyl Acetate CAS 5413-60-5 Manufacturer - Longchang Chemical\" \/>\n<meta property=\"og:description\" content=\"Tricyclodecnyl Acetate CAS 5413-60-5 is a key product of Longchang Chemical. We provide the best price. We are the leading manufacturer in China with the best quality and competitive price.\" \/>\n<meta property=\"og:url\" content=\"https:\/\/longchangchemical.com\/it\/product\/tricyclodecnyl-acetate-cas-5413-60-5\/\" \/>\n<meta property=\"og:site_name\" content=\"Longchang Chemical\" \/>\n<meta property=\"og:image\" content=\"https:\/\/longchangchemical.com\/wp-content\/uploads\/2024\/09\/Tricyclodecnyl-Acetate-CAS-5413-60-5.jpg\" \/>\n\t<meta property=\"og:image:width\" content=\"400\" \/>\n\t<meta property=\"og:image:height\" content=\"400\" \/>\n\t<meta property=\"og:image:type\" content=\"image\/jpeg\" \/>\n<meta name=\"twitter:card\" content=\"summary_large_image\" \/>\n<script type=\"application\/ld+json\" class=\"yoast-schema-graph\">{\"@context\":\"https:\/\/schema.org\",\"@graph\":[{\"@type\":\"WebPage\",\"@id\":\"https:\/\/longchangchemical.com\/product\/tricyclodecnyl-acetate-cas-5413-60-5\/\",\"url\":\"https:\/\/longchangchemical.com\/product\/tricyclodecnyl-acetate-cas-5413-60-5\/\",\"name\":\"China Tricyclodecnyl Acetate CAS 5413-60-5 Manufacturer - Longchang Chemical\",\"isPartOf\":{\"@id\":\"https:\/\/longchangchemical.com\/#website\"},\"primaryImageOfPage\":{\"@id\":\"https:\/\/longchangchemical.com\/product\/tricyclodecnyl-acetate-cas-5413-60-5\/#primaryimage\"},\"image\":{\"@id\":\"https:\/\/longchangchemical.com\/product\/tricyclodecnyl-acetate-cas-5413-60-5\/#primaryimage\"},\"thumbnailUrl\":\"https:\/\/longchangchemical.com\/wp-content\/uploads\/2024\/09\/Tricyclodecnyl-Acetate-CAS-5413-60-5.jpg\",\"datePublished\":\"2024-09-26T02:49:32+00:00\",\"description\":\"Tricyclodecnyl Acetate CAS 5413-60-5 is a key product of Longchang Chemical. We provide the best price. We are the leading manufacturer in China with the best quality and competitive price.\",\"breadcrumb\":{\"@id\":\"https:\/\/longchangchemical.com\/product\/tricyclodecnyl-acetate-cas-5413-60-5\/#breadcrumb\"},\"inLanguage\":\"it-IT\",\"potentialAction\":[{\"@type\":\"ReadAction\",\"target\":[\"https:\/\/longchangchemical.com\/product\/tricyclodecnyl-acetate-cas-5413-60-5\/\"]}]},{\"@type\":\"ImageObject\",\"inLanguage\":\"it-IT\",\"@id\":\"https:\/\/longchangchemical.com\/product\/tricyclodecnyl-acetate-cas-5413-60-5\/#primaryimage\",\"url\":\"https:\/\/longchangchemical.com\/wp-content\/uploads\/2024\/09\/Tricyclodecnyl-Acetate-CAS-5413-60-5.jpg\",\"contentUrl\":\"https:\/\/longchangchemical.com\/wp-content\/uploads\/2024\/09\/Tricyclodecnyl-Acetate-CAS-5413-60-5.jpg\",\"width\":400,\"height\":400,\"caption\":\"Tricyclodecnyl Acetate CAS 5413-60-5\"},{\"@type\":\"BreadcrumbList\",\"@id\":\"https:\/\/longchangchemical.com\/product\/tricyclodecnyl-acetate-cas-5413-60-5\/#breadcrumb\",\"itemListElement\":[{\"@type\":\"ListItem\",\"position\":1,\"name\":\"Home\",\"item\":\"https:\/\/longchangchemical.com\/\"},{\"@type\":\"ListItem\",\"position\":2,\"name\":\"Products Longchang\",\"item\":\"https:\/\/longchangchemical.com\/product\/\"},{\"@type\":\"ListItem\",\"position\":3,\"name\":\"Tricyclodecnyl Acetate CAS 5413-60-5\"}]},{\"@type\":\"WebSite\",\"@id\":\"https:\/\/longchangchemical.com\/#website\",\"url\":\"https:\/\/longchangchemical.com\/\",\"name\":\"Longchang Chemical\",\"description\":\"China chemical manufacturer \uff06 supplier\",\"publisher\":{\"@id\":\"https:\/\/longchangchemical.com\/#organization\"},\"potentialAction\":[{\"@type\":\"SearchAction\",\"target\":{\"@type\":\"EntryPoint\",\"urlTemplate\":\"https:\/\/longchangchemical.com\/?s={search_term_string}\"},\"query-input\":{\"@type\":\"PropertyValueSpecification\",\"valueRequired\":true,\"valueName\":\"search_term_string\"}}],\"inLanguage\":\"it-IT\"},{\"@type\":\"Organization\",\"@id\":\"https:\/\/longchangchemical.com\/#organization\",\"name\":\"Longchang Chemical\",\"url\":\"https:\/\/longchangchemical.com\/\",\"logo\":{\"@type\":\"ImageObject\",\"inLanguage\":\"it-IT\",\"@id\":\"https:\/\/longchangchemical.com\/#\/schema\/logo\/image\/\",\"url\":\"https:\/\/longchangchemical.com\/wp-content\/uploads\/2020\/08\/cropped-longchang-logo.png\",\"contentUrl\":\"https:\/\/longchangchemical.com\/wp-content\/uploads\/2020\/08\/cropped-longchang-logo.png\",\"width\":512,\"height\":512,\"caption\":\"Longchang Chemical\"},\"image\":{\"@id\":\"https:\/\/longchangchemical.com\/#\/schema\/logo\/image\/\"}}]}<\/script>\n<!-- \/ Yoast SEO plugin. -->","yoast_head_json":{"title":"Cina Triciclodecnil acetato CAS 5413-60-5 Produttore - Longchang Chemical","description":"Triciclodecnil acetato CAS 5413-60-5 \u00e8 un prodotto chiave di Longchang Chemical. Forniamo il miglior prezzo. Siamo il produttore leader in Cina con la migliore qualit\u00e0 e il prezzo competitivo.","robots":{"index":"index","follow":"follow","max-snippet":"max-snippet:-1","max-image-preview":"max-image-preview:large","max-video-preview":"max-video-preview:-1"},"canonical":"https:\/\/longchangchemical.com\/it\/product\/tricyclodecnyl-acetate-cas-5413-60-5\/","og_locale":"it_IT","og_type":"article","og_title":"China Tricyclodecnyl Acetate CAS 5413-60-5 Manufacturer - Longchang Chemical","og_description":"Tricyclodecnyl Acetate CAS 5413-60-5 is a key product of Longchang Chemical. We provide the best price. We are the leading manufacturer in China with the best quality and competitive price.","og_url":"https:\/\/longchangchemical.com\/it\/product\/tricyclodecnyl-acetate-cas-5413-60-5\/","og_site_name":"Longchang Chemical","og_image":[{"width":400,"height":400,"url":"https:\/\/longchangchemical.com\/wp-content\/uploads\/2024\/09\/Tricyclodecnyl-Acetate-CAS-5413-60-5.jpg","type":"image\/jpeg"}],"twitter_card":"summary_large_image","schema":{"@context":"https:\/\/schema.org","@graph":[{"@type":"WebPage","@id":"https:\/\/longchangchemical.com\/product\/tricyclodecnyl-acetate-cas-5413-60-5\/","url":"https:\/\/longchangchemical.com\/product\/tricyclodecnyl-acetate-cas-5413-60-5\/","name":"Cina Triciclodecnil acetato CAS 5413-60-5 Produttore - Longchang Chemical","isPartOf":{"@id":"https:\/\/longchangchemical.com\/#website"},"primaryImageOfPage":{"@id":"https:\/\/longchangchemical.com\/product\/tricyclodecnyl-acetate-cas-5413-60-5\/#primaryimage"},"image":{"@id":"https:\/\/longchangchemical.com\/product\/tricyclodecnyl-acetate-cas-5413-60-5\/#primaryimage"},"thumbnailUrl":"https:\/\/longchangchemical.com\/wp-content\/uploads\/2024\/09\/Tricyclodecnyl-Acetate-CAS-5413-60-5.jpg","datePublished":"2024-09-26T02:49:32+00:00","description":"Triciclodecnil acetato CAS 5413-60-5 \u00e8 un prodotto chiave di Longchang Chemical. Forniamo il miglior prezzo. Siamo il produttore leader in Cina con la migliore qualit\u00e0 e il prezzo competitivo.","breadcrumb":{"@id":"https:\/\/longchangchemical.com\/product\/tricyclodecnyl-acetate-cas-5413-60-5\/#breadcrumb"},"inLanguage":"it-IT","potentialAction":[{"@type":"ReadAction","target":["https:\/\/longchangchemical.com\/product\/tricyclodecnyl-acetate-cas-5413-60-5\/"]}]},{"@type":"ImageObject","inLanguage":"it-IT","@id":"https:\/\/longchangchemical.com\/product\/tricyclodecnyl-acetate-cas-5413-60-5\/#primaryimage","url":"https:\/\/longchangchemical.com\/wp-content\/uploads\/2024\/09\/Tricyclodecnyl-Acetate-CAS-5413-60-5.jpg","contentUrl":"https:\/\/longchangchemical.com\/wp-content\/uploads\/2024\/09\/Tricyclodecnyl-Acetate-CAS-5413-60-5.jpg","width":400,"height":400,"caption":"Tricyclodecnyl Acetate CAS 5413-60-5"},{"@type":"BreadcrumbList","@id":"https:\/\/longchangchemical.com\/product\/tricyclodecnyl-acetate-cas-5413-60-5\/#breadcrumb","itemListElement":[{"@type":"ListItem","position":1,"name":"Home","item":"https:\/\/longchangchemical.com\/"},{"@type":"ListItem","position":2,"name":"Products Longchang","item":"https:\/\/longchangchemical.com\/product\/"},{"@type":"ListItem","position":3,"name":"Tricyclodecnyl Acetate CAS 5413-60-5"}]},{"@type":"WebSite","@id":"https:\/\/longchangchemical.com\/#website","url":"https:\/\/longchangchemical.com\/","name":"Longchang Chemical","description":"Cina produttore di prodotti chimici \uff06 fornitore","publisher":{"@id":"https:\/\/longchangchemical.com\/#organization"},"potentialAction":[{"@type":"SearchAction","target":{"@type":"EntryPoint","urlTemplate":"https:\/\/longchangchemical.com\/?s={search_term_string}"},"query-input":{"@type":"PropertyValueSpecification","valueRequired":true,"valueName":"search_term_string"}}],"inLanguage":"it-IT"},{"@type":"Organization","@id":"https:\/\/longchangchemical.com\/#organization","name":"Longchang Chemical","url":"https:\/\/longchangchemical.com\/","logo":{"@type":"ImageObject","inLanguage":"it-IT","@id":"https:\/\/longchangchemical.com\/#\/schema\/logo\/image\/","url":"https:\/\/longchangchemical.com\/wp-content\/uploads\/2020\/08\/cropped-longchang-logo.png","contentUrl":"https:\/\/longchangchemical.com\/wp-content\/uploads\/2020\/08\/cropped-longchang-logo.png","width":512,"height":512,"caption":"Longchang Chemical"},"image":{"@id":"https:\/\/longchangchemical.com\/#\/schema\/logo\/image\/"}}]}},"_links":{"self":[{"href":"https:\/\/longchangchemical.com\/it\/wp-json\/wp\/v2\/product\/7340","targetHints":{"allow":["GET"]}}],"collection":[{"href":"https:\/\/longchangchemical.com\/it\/wp-json\/wp\/v2\/product"}],"about":[{"href":"https:\/\/longchangchemical.com\/it\/wp-json\/wp\/v2\/types\/product"}],"replies":[{"embeddable":true,"href":"https:\/\/longchangchemical.com\/it\/wp-json\/wp\/v2\/comments?post=7340"}],"wp:featuredmedia":[{"embeddable":true,"href":"https:\/\/longchangchemical.com\/it\/wp-json\/wp\/v2\/media\/7350"}],"wp:attachment":[{"href":"https:\/\/longchangchemical.com\/it\/wp-json\/wp\/v2\/media?parent=7340"}],"wp:term":[{"taxonomy":"product_brand","embeddable":true,"href":"https:\/\/longchangchemical.com\/it\/wp-json\/wp\/v2\/product_brand?post=7340"},{"taxonomy":"product_cat","embeddable":true,"href":"https:\/\/longchangchemical.com\/it\/wp-json\/wp\/v2\/product_cat?post=7340"},{"taxonomy":"product_tag","embeddable":true,"href":"https:\/\/longchangchemical.com\/it\/wp-json\/wp\/v2\/product_tag?post=7340"}],"curies":[{"name":"wp","href":"https:\/\/api.w.org\/{rel}","templated":true}]}}