{"id":6908,"date":"2024-05-07T04:53:01","date_gmt":"2024-05-07T04:53:01","guid":{"rendered":"https:\/\/longchangchemical.com\/?post_type=product&#038;p=6908"},"modified":"2025-12-17T01:58:41","modified_gmt":"2025-12-17T01:58:41","slug":"di-n-octyltin-oxide-cas-870-08-6","status":"publish","type":"product","link":"https:\/\/longchangchemical.com\/it\/product\/di-n-octyltin-oxide-cas-870-08-6\/","title":{"rendered":"Ossido di diottilstagno \/ Ossido di diottilstagno CAS 870-08-6"},"content":{"rendered":"<h1><strong>Ossido di diottilstagno \/ Ossido di diottilstagno CAS 870-08-6<\/strong><\/h1>\n<p>L'ossido di diottile per sintesi - CAS 870-08-6 \u00e8 un composto versatile ampiamente utilizzato in varie applicazioni. Noto anche come diottilostannano, questo composto svolge un ruolo cruciale nel processo di sintesi e riveste grande importanza nel campo della ricerca. Grazie all'elevata purezza e alla composizione unica, questo prodotto garantisce risultati affidabili e accurati, rendendolo perfettamente adatto ai processi di sintesi. L'ossido di diottilstagno per sintesi trova applicazione in numerosi campi tecnici, tra cui la ricerca chimica, l'industria farmaceutica e la scienza dei materiali.<\/p>\n<p>Questo prodotto \u00e8 utilizzato principalmente nella produzione di stabilizzatori termici per PVC, esaltatori di vernice, pu\u00f2 essere utilizzato anche in parte della produzione di catalizzatori antiossidanti.<\/p>\n<p>Come catalizzatore per la sintesi del poliuretano, pu\u00f2 formare un sistema di dispersione stabile nei rivestimenti a base d'acqua.<\/p>\n<p>Caratteristiche:<\/p>\n<p>Sinonimo: Ossido di diottilstagno, diottilostannano<\/p>\n<p>Numero CAS: 870-08-6<\/p>\n<p>Elevata purezza: Grazie alla sua eccezionale purezza, l'ossido di diottilstagno per sintesi garantisce risultati coerenti e precisi nel processo di sintesi.<\/p>\n<p>Perfettamente adatto alla sintesi: La composizione e le propriet\u00e0 uniche di questo composto lo rendono specificamente progettato per l'uso nei processi di sintesi. Permette ai ricercatori di ottenere i risultati desiderati in modo efficiente.<\/p>\n<p>Ampia gamma di applicazioni tecniche: L'ossido di diottile per sintesi trova applicazione in diversi campi tecnici, come la ricerca chimica, l'industria farmaceutica e la scienza dei materiali. La sua versatilit\u00e0 lo rende adatto a diversi usi.<\/p>\n<p>Scheda di sicurezza disponibile: Per garantire la sicurezza degli utenti, viene fornita la scheda di sicurezza dei materiali (MSDS) per l'ossido di diottilstagno per sintesi. Contiene informazioni e linee guida essenziali per la sicurezza.<\/p>\n<p>Supportato da articoli e documenti tecnici sottoposti a revisione paritaria: Questo composto \u00e8 supportato da articoli e documenti tecnici sottoposti a revisione paritaria, che forniscono agli utenti informazioni aggiuntive, protocolli sperimentali e riferimenti per migliorare la loro ricerca.<\/p>\n<p>Prodotti simili disponibili: Nel caso in cui l'ossido di diottile per sintesi non soddisfi i requisiti specifici, sono disponibili anche prodotti simili con composizioni e propriet\u00e0 diverse per soddisfare le esigenze individuali.<\/p>\n<h2><span style=\"color: #000000;\"><strong><b>Contattateci ora!<\/b><\/strong><\/span><\/h2>\n<h4><span style=\"color: #000000;\"><strong><b>Se avete bisogno di Price, inserite i vostri dati di contatto nel modulo sottostante; di solito vi contatteremo entro 24 ore. Potete anche inviarmi un'e-mail <span style=\"color: #00ffff;\"><a style=\"color: #00ffff;\" href=\"mailto:info@longchangchemical.com\">info@longchangchemical.com<\/a><\/span> durante l'orario di lavoro (dalle 8:30 alle 18:00 UTC+8 lun.-sab.) o utilizzare la live chat del sito web per ottenere una risposta immediata.<\/b><\/strong><\/span><\/h4>\n<p>&nbsp;<\/p>\n<table class=\"aligncenter\" style=\"border-collapse: collapse; width: 326.27pt;\" border=\"0\" width=\"435\" cellspacing=\"0\" cellpadding=\"0\">\n<tbody>\n<tr style=\"height: 13.50pt;\">\n<td class=\"et2\" style=\"height: 13.50pt; width: 164.25pt;\" width=\"219\" height=\"18\"><a href=\"https:\/\/longchangchemical.com\/it\/product\/stannous-chloride-anhydrous-cas-7772-99-8\/\"><span style=\"color: #00ccff;\">Cloruro stannoso anidro<\/span><\/a><\/td>\n<td class=\"et2\" style=\"width: 162.00pt;\" width=\"216\">7772-99-8<\/td>\n<\/tr>\n<tr style=\"height: 13.50pt;\">\n<td class=\"et2\" style=\"height: 13.50pt;\" height=\"18\"><a href=\"https:\/\/longchangchemical.com\/it\/product\/dimethyltin-dichloride-cas-753-73-1\/\"><span style=\"color: #00ccff;\">Dicloruro di dimetilstagno<\/span><\/a><\/td>\n<td class=\"et2\">753-73-1<\/td>\n<\/tr>\n<tr style=\"height: 14.25pt;\">\n<td class=\"et3\" style=\"height: 14.25pt; width: 164.25pt;\" width=\"219\" height=\"19\"><a href=\"https:\/\/longchangchemical.com\/it\/product\/monobutyltin-oxide-cas-2273-43-0\/\"><span class=\"font2\" style=\"color: #00ccff;\">Ossido di monobutilstagno<\/span><\/a><\/td>\n<td class=\"et4\" style=\"width: 162.00pt;\" width=\"216\">2273-43-0<\/td>\n<\/tr>\n<tr style=\"height: 14.25pt;\">\n<td class=\"et3\" style=\"height: 14.25pt; width: 164.25pt;\" width=\"219\" height=\"19\"><a href=\"https:\/\/longchangchemical.com\/it\/product\/dibutyltin-oxide-cas-818-08-6\/\"><span class=\"font2\" style=\"color: #00ccff;\">Ossido di dibutilstagno<\/span><\/a><\/td>\n<td class=\"et4\" style=\"width: 162.00pt;\" width=\"216\">818-08-6<\/td>\n<\/tr>\n<tr style=\"height: 14.25pt;\">\n<td class=\"et3\" style=\"height: 14.25pt; width: 164.25pt;\" width=\"219\" height=\"19\"><a href=\"https:\/\/longchangchemical.com\/it\/product\/tributyltin-oxide-cas-56-35-9\/\"><span class=\"font2\" style=\"color: #00ccff;\">Ossido di tributilstagno<\/span><\/a><\/td>\n<td class=\"et4\" style=\"width: 162.00pt;\" width=\"216\">56-35-9<\/td>\n<\/tr>\n<tr style=\"height: 14.25pt;\">\n<td class=\"et4\" style=\"height: 14.25pt; width: 164.25pt;\" width=\"219\" height=\"19\"><a href=\"https:\/\/longchangchemical.com\/it\/product\/tetrabutyl-tin-cas-1461-25-2\/\"><span style=\"color: #00ccff;\">Stagno tetrabutile<\/span><\/a><\/td>\n<td class=\"et4\" style=\"width: 162.00pt;\" width=\"216\">1461-25-2<\/td>\n<\/tr>\n<tr style=\"height: 14.25pt;\">\n<td class=\"et3\" style=\"height: 14.25pt; width: 164.25pt;\" width=\"219\" height=\"19\"><a href=\"https:\/\/longchangchemical.com\/it\/product\/butyltin-mercaptide-cas-26410-42-4\/\"><span class=\"font2\" style=\"color: #00ccff;\">Butilstagno mercaptide<\/span><\/a><\/td>\n<td class=\"et4\" style=\"width: 162.00pt;\" width=\"216\">26410-42-4<\/td>\n<\/tr>\n<tr style=\"height: 14.25pt;\">\n<td class=\"et4\" style=\"height: 14.25pt; width: 164.25pt;\" width=\"219\" height=\"19\"><a href=\"https:\/\/longchangchemical.com\/it\/product\/dibutyltin-diacetate-cas-1067-33-0\/\"><span style=\"color: #00ccff;\">Dibutilstagno diacetato<\/span><\/a><\/td>\n<td class=\"et5\" style=\"width: 162.00pt;\" width=\"216\">1067-33-0<\/td>\n<\/tr>\n<tr style=\"height: 14.25pt;\">\n<td class=\"et3\" style=\"height: 14.25pt; width: 164.25pt;\" width=\"219\" height=\"19\"><a href=\"https:\/\/longchangchemical.com\/it\/product\/dibutyltin-dilaurate-dbtdl-cas-77-58-7\/\"><span class=\"font2\" style=\"color: #00ccff;\">Dibutilstagno Dilaurato<\/span><\/a><\/td>\n<td class=\"et6\" style=\"width: 162.00pt;\" width=\"216\"><span class=\"font2\">77-58-7<\/span><\/td>\n<\/tr>\n<tr style=\"height: 15.00pt;\">\n<td class=\"et3\" style=\"height: 15.00pt; width: 164.25pt;\" width=\"219\" height=\"20\"><a href=\"https:\/\/longchangchemical.com\/it\/product\/dibutyltin-maleate-cas-78-04-2\/\"><span class=\"font2\" style=\"color: #00ccff;\">Maleato di dibutilstagno<\/span><\/a><\/td>\n<td class=\"et7\" style=\"width: 162.00pt;\" width=\"216\">78-04-2<\/td>\n<\/tr>\n<tr style=\"height: 14.25pt;\">\n<td class=\"et3\" style=\"height: 14.25pt; width: 164.25pt;\" width=\"219\" height=\"19\"><a href=\"https:\/\/longchangchemical.com\/it\/product\/monobutyltin-trichloride-cas-1118-46-3\/\"><span class=\"font2\" style=\"color: #00ccff;\">Tricloruro di monobutilstagno<\/span><\/a><\/td>\n<td class=\"et3\" style=\"width: 162.00pt;\" width=\"216\"><span class=\"font2\">1118-46-3<\/span><\/td>\n<\/tr>\n<tr style=\"height: 14.25pt;\">\n<td class=\"et3\" style=\"height: 14.25pt; width: 164.25pt;\" width=\"219\" height=\"19\"><a href=\"https:\/\/longchangchemical.com\/it\/product\/dibutyltin-dichloride-cas-683-18-1\/\"><span class=\"font2\" style=\"color: #00ccff;\">Dicloruro di dibutilstagno<\/span><\/a><\/td>\n<td class=\"et3\" style=\"width: 162.00pt;\" width=\"216\"><span class=\"font2\">683-18-1<\/span><\/td>\n<\/tr>\n<tr style=\"height: 14.25pt;\">\n<td class=\"et3\" style=\"height: 14.25pt; width: 164.25pt;\" width=\"219\" height=\"19\"><a href=\"https:\/\/longchangchemical.com\/it\/product\/tributyltin-chloride-cas-1461-22-9\/\"><span class=\"font2\" style=\"color: #00ccff;\">Cloruro di tributilstagno<\/span><\/a><\/td>\n<td class=\"et3\" style=\"width: 162.00pt;\" width=\"216\"><span class=\"font2\">1461-22-9<\/span><\/td>\n<\/tr>\n<tr style=\"height: 28.50pt;\">\n<td class=\"et3\" style=\"height: 28.50pt; width: 164.25pt;\" width=\"219\" height=\"38\"><a href=\"https:\/\/longchangchemical.com\/it\/product\/butyltin-tris2-ethylhexanoate-cas-23850-94-4\/\"><span class=\"font2\" style=\"color: #00ccff;\">Tris(2-etilesanoato) di butilstagno<\/span><\/a><\/td>\n<td class=\"et3\" style=\"width: 162.00pt;\" width=\"216\"><span class=\"font2\">23850-94-4<\/span><\/td>\n<\/tr>\n<tr style=\"height: 14.25pt;\">\n<td class=\"et3\" style=\"height: 14.25pt; width: 164.25pt;\" width=\"219\" height=\"19\"><a href=\"https:\/\/longchangchemical.com\/it\/product\/di-n-octyltin-oxide-cas-870-08-6\/\"><span class=\"font2\" style=\"color: #00ccff;\">Ossido di di-n-ottilstagno<\/span><\/a><\/td>\n<td class=\"et3\" style=\"width: 162.00pt;\" width=\"216\"><span class=\"font2\">870-08-6<\/span><\/td>\n<\/tr>\n<tr style=\"height: 14.25pt;\">\n<td class=\"et3\" style=\"height: 14.25pt; width: 164.25pt;\" width=\"219\" height=\"19\"><a href=\"https:\/\/longchangchemical.com\/it\/product\/dimethyldineodecanoatetin-cas-68928-76-7\/\"><span class=\"font2\" style=\"color: #00ccff;\">Dimetildineodecanoatetina<\/span><\/a><\/td>\n<td class=\"et3\" style=\"width: 162.00pt;\" width=\"216\"><span class=\"font2\">68928-76-7<\/span><\/td>\n<\/tr>\n<tr style=\"height: 14.25pt;\">\n<td class=\"et3\" style=\"height: 14.25pt; width: 164.25pt;\" width=\"219\" height=\"19\"><a href=\"https:\/\/longchangchemical.com\/it\/product\/otm-cas-26401-97-8\/\"><span class=\"font2\" style=\"color: #00ccff;\">Ottilstagno mercaptide<\/span><\/a><\/td>\n<td class=\"et3\" style=\"width: 162.00pt;\" width=\"216\"><span class=\"font2\">26401-97-8<\/span><\/td>\n<\/tr>\n<\/tbody>\n<\/table>\n<p><!--more--><\/p>\n<h2><strong>Ossido di diottile negli stabilizzatori termici del PVC<\/strong><\/h2>\n<p>Valutazione della decolorazione a caldo di vari stabilizzatori termici<\/p>\n<p>Gli stabilizzatori termici ideali devono avere la funzione di assorbire l'HCL, eliminare i siti attivi, aggiungersi alle catene polieniche coniugate, distruggere i sali di ioni positivi di carbonio e prevenire l'auto-ossidazione senza generare prodotti che abbiano un effetto catalitico sulla degradazione del PVC. Gli stabilizzatori termici veri e propri hanno funzioni e propriet\u00e0 di stabilizzazione termica diverse, che possono essere suddivise grossolanamente in quattro categorie: tipo iniziale, tipo a lungo termine, tipo intermedio e tipo universale.<\/p>\n<p>1) Il cadmio, il sapone di zinco \u00e8 un tipico stabilizzatore termico di tipo iniziale, in grado di assorbire rapidamente l'HCL, e nel Cd, Zn catalizzato dalla radice dell'acido carbossilico sostituisce efficacemente gli atomi di cloro instabili sulla catena del PVC, inibendo cos\u00ec efficacemente la degradazione iniziale e la colorazione, ma a causa del suo consumo di prodotti veloci e di conversione CdC12, ZnC12, ed \u00e8 un catalizzatore altamente efficace per il PVC fuori dall'HCL, e quindi innescher\u00e0 la degradazione viziosa del PVC per rendere il materiale improvvisamente Pertanto, la stabilit\u00e0 termica a lungo termine \u00e8 scarsa.<br \/>\n2) Il sapone di bario e calcio \u00e8 un tipico stabilizzatore termico a lungo termine, che assorbe solo la funzione dell'HCL, quindi non pu\u00f2 inibire efficacemente la colorazione del PVC, ma poich\u00e9 il prodotto di conversione BaC12, CaC12 non ha attivit\u00e0 catalitica, non fa s\u00ec che il PVC diventi improvvisamente nero, la stabilit\u00e0 termica a lungo termine \u00e8 migliore.<br \/>\n3) L'organostatina degli acidi grassi appartiene al tipo intermedio, non solo pu\u00f2 assorbire l'HCL, ma pu\u00f2 anche sostituire efficacemente gli atomi di cloro instabili della catena del PVC con radici di acido carbossilico, e il prodotto di conversione non ha attivit\u00e0 catalitica.<br \/>\n4) L'organostatina tiolica ha caratteristiche a tutto tondo, \u00e8 in grado di stabilizzare il PVC con diversi meccanismi allo stesso tempo e il prodotto di conversione non \u00e8 cataliticamente attivo, quindi ha eccellenti effetti di stabilizzazione termica sia iniziale che a lungo termine.<\/p>\n<p>La struttura ideale del PVC \u00e8 la struttura a prima coda -CH2-CHCl-CH2-CHCl-, che \u00e8 piuttosto stabile. Tuttavia, la sintesi del PVC non \u00e8 stata finora possibile come quella della gomma cis-butadiene, dove il cis-butadiene viene sottoposto a polimerizzazione casuale direzionale in presenza di un catalizzatore zwitterionico.<\/p>\n<p>La polimerizzazione del cloruro di vinile \u00e8 una polimerizzazione casuale a radicale libero, ha una struttura stabile prima - coda, ci sono struttura prima - prima - CH2 - CHCl - CHCl - CH -, struttura coda - coda - CHCl - CH2 - CH2 - CHCl -; c'\u00e8 una sproporzione di accoppiamento per generare la giunzione vinilica CH2 =CH2-CHCl-CHCl-CH2 struttura e cloruro di allile-CH2-CH=CH-CHCl-CH2 e cos\u00ec via.<br \/>\nNella sintesi del PVC per generare cloruro di allile, cloro di carbonio terziario e doppio legame \u00e8 la struttura della sua catena molecolare nei fattori instabili, ordine instabile: PVC catena molecolare all'interno del cloruro di allile &gt; cloro di carbonio terziario &gt; gruppo finale cloro di allile &gt; cloro secondario. lavorazione del PVC facile da degradare proprio a causa della struttura della catena molecolare di PVC dei fattori instabili, come non stabilizzare la modifica della temperatura di decomposizione di 130 \u00b0 C o gi\u00f9 di l\u00ec, ma per essere la lavorazione della resina di PVC in prodotti utili, la temperatura di stampaggio dovrebbe essere superiore a 190 \u2103. Pertanto, \u00e8 necessario aggiungere stabilizzatori termici per stabilizzare e migliorare la sua struttura.<\/p>","protected":false},"excerpt":{"rendered":"<p>Ossido di diottilstagno \/ Ossido di diottilstagno CAS 870-08-6 L'ossido di diottilstagno per la sintesi - CAS 870-08-6 \u00e8 un composto versatile ampiamente utilizzato in varie applicazioni. Noto anche come diottilostannano, questo composto svolge un ruolo cruciale nel processo di sintesi e riveste grande importanza nel campo della ricerca. Grazie all'elevata purezza e alla composizione unica, questo prodotto garantisce [...]<\/p>","protected":false},"featured_media":6931,"comment_status":"closed","ping_status":"closed","template":"","meta":[],"product_brand":[],"product_cat":[113],"product_tag":[],"class_list":{"0":"post-6908","1":"product","2":"type-product","3":"status-publish","4":"has-post-thumbnail","6":"product_cat-organic-intermediate","8":"first","9":"instock","10":"shipping-taxable","11":"product-type-simple"},"yoast_head":"<!-- This site is optimized with the Yoast SEO plugin v25.3.1 - https:\/\/yoast.com\/wordpress\/plugins\/seo\/ -->\n<title>China Manufacturer Dioctyltin Oxide \/ Di-n-octyltin Oxide CAS 870-08-6 - Longchang Chemical<\/title>\n<meta name=\"description\" content=\"Dioctyltin Oxide \/ Di-n-octyltin Oxide CAS 870-08-6 is key product of LongChang Chemical. We provide best price. We are the leading manufacturer in China with the best quanlity and competitive price.\" \/>\n<meta name=\"robots\" content=\"index, follow, max-snippet:-1, max-image-preview:large, max-video-preview:-1\" \/>\n<link rel=\"canonical\" href=\"https:\/\/longchangchemical.com\/it\/product\/di-n-octyltin-oxide-cas-870-08-6\/\" \/>\n<meta property=\"og:locale\" content=\"it_IT\" \/>\n<meta property=\"og:type\" content=\"article\" \/>\n<meta property=\"og:title\" content=\"China Manufacturer Dioctyltin Oxide \/ Di-n-octyltin Oxide CAS 870-08-6 - Longchang Chemical\" \/>\n<meta property=\"og:description\" content=\"Dioctyltin Oxide \/ Di-n-octyltin Oxide CAS 870-08-6 is key product of LongChang Chemical. We provide best price. We are the leading manufacturer in China with the best quanlity and competitive price.\" \/>\n<meta property=\"og:url\" content=\"https:\/\/longchangchemical.com\/it\/product\/di-n-octyltin-oxide-cas-870-08-6\/\" \/>\n<meta property=\"og:site_name\" content=\"Longchang Chemical\" \/>\n<meta property=\"article:modified_time\" content=\"2025-12-17T01:58:41+00:00\" \/>\n<meta property=\"og:image\" content=\"https:\/\/longchangchemical.com\/wp-content\/uploads\/2024\/05\/Di-n-octyltin-Oxide.jpg\" \/>\n\t<meta property=\"og:image:width\" content=\"800\" \/>\n\t<meta property=\"og:image:height\" content=\"800\" \/>\n\t<meta property=\"og:image:type\" content=\"image\/jpeg\" \/>\n<meta name=\"twitter:card\" content=\"summary_large_image\" \/>\n<script type=\"application\/ld+json\" class=\"yoast-schema-graph\">{\"@context\":\"https:\/\/schema.org\",\"@graph\":[{\"@type\":\"WebPage\",\"@id\":\"https:\/\/longchangchemical.com\/product\/di-n-octyltin-oxide-cas-870-08-6\/\",\"url\":\"https:\/\/longchangchemical.com\/product\/di-n-octyltin-oxide-cas-870-08-6\/\",\"name\":\"China Manufacturer Dioctyltin Oxide \/ Di-n-octyltin Oxide CAS 870-08-6 - Longchang Chemical\",\"isPartOf\":{\"@id\":\"https:\/\/longchangchemical.com\/#website\"},\"primaryImageOfPage\":{\"@id\":\"https:\/\/longchangchemical.com\/product\/di-n-octyltin-oxide-cas-870-08-6\/#primaryimage\"},\"image\":{\"@id\":\"https:\/\/longchangchemical.com\/product\/di-n-octyltin-oxide-cas-870-08-6\/#primaryimage\"},\"thumbnailUrl\":\"https:\/\/longchangchemical.com\/wp-content\/uploads\/2024\/05\/Di-n-octyltin-Oxide.jpg\",\"datePublished\":\"2024-05-07T04:53:01+00:00\",\"dateModified\":\"2025-12-17T01:58:41+00:00\",\"description\":\"Dioctyltin Oxide \/ Di-n-octyltin Oxide CAS 870-08-6 is key product of LongChang Chemical. We provide best price. We are the leading manufacturer in China with the best quanlity and competitive price.\",\"breadcrumb\":{\"@id\":\"https:\/\/longchangchemical.com\/product\/di-n-octyltin-oxide-cas-870-08-6\/#breadcrumb\"},\"inLanguage\":\"it-IT\",\"potentialAction\":[{\"@type\":\"ReadAction\",\"target\":[\"https:\/\/longchangchemical.com\/product\/di-n-octyltin-oxide-cas-870-08-6\/\"]}]},{\"@type\":\"ImageObject\",\"inLanguage\":\"it-IT\",\"@id\":\"https:\/\/longchangchemical.com\/product\/di-n-octyltin-oxide-cas-870-08-6\/#primaryimage\",\"url\":\"https:\/\/longchangchemical.com\/wp-content\/uploads\/2024\/05\/Di-n-octyltin-Oxide.jpg\",\"contentUrl\":\"https:\/\/longchangchemical.com\/wp-content\/uploads\/2024\/05\/Di-n-octyltin-Oxide.jpg\",\"width\":800,\"height\":800,\"caption\":\"Di-n-octyltin Oxide CAS 870-08-6\"},{\"@type\":\"BreadcrumbList\",\"@id\":\"https:\/\/longchangchemical.com\/product\/di-n-octyltin-oxide-cas-870-08-6\/#breadcrumb\",\"itemListElement\":[{\"@type\":\"ListItem\",\"position\":1,\"name\":\"Home\",\"item\":\"https:\/\/longchangchemical.com\/\"},{\"@type\":\"ListItem\",\"position\":2,\"name\":\"Products Longchang\",\"item\":\"https:\/\/longchangchemical.com\/product\/\"},{\"@type\":\"ListItem\",\"position\":3,\"name\":\"Di-n-octyltin Oxide \/ Dioctyltin Oxide CAS 870-08-6\"}]},{\"@type\":\"WebSite\",\"@id\":\"https:\/\/longchangchemical.com\/#website\",\"url\":\"https:\/\/longchangchemical.com\/\",\"name\":\"Longchang Chemical\",\"description\":\"China chemical manufacturer \uff06 supplier\",\"publisher\":{\"@id\":\"https:\/\/longchangchemical.com\/#organization\"},\"potentialAction\":[{\"@type\":\"SearchAction\",\"target\":{\"@type\":\"EntryPoint\",\"urlTemplate\":\"https:\/\/longchangchemical.com\/?s={search_term_string}\"},\"query-input\":{\"@type\":\"PropertyValueSpecification\",\"valueRequired\":true,\"valueName\":\"search_term_string\"}}],\"inLanguage\":\"it-IT\"},{\"@type\":\"Organization\",\"@id\":\"https:\/\/longchangchemical.com\/#organization\",\"name\":\"Longchang Chemical\",\"url\":\"https:\/\/longchangchemical.com\/\",\"logo\":{\"@type\":\"ImageObject\",\"inLanguage\":\"it-IT\",\"@id\":\"https:\/\/longchangchemical.com\/#\/schema\/logo\/image\/\",\"url\":\"https:\/\/longchangchemical.com\/wp-content\/uploads\/2020\/08\/cropped-longchang-logo.png\",\"contentUrl\":\"https:\/\/longchangchemical.com\/wp-content\/uploads\/2020\/08\/cropped-longchang-logo.png\",\"width\":512,\"height\":512,\"caption\":\"Longchang Chemical\"},\"image\":{\"@id\":\"https:\/\/longchangchemical.com\/#\/schema\/logo\/image\/\"}}]}<\/script>\n<!-- \/ Yoast SEO plugin. -->","yoast_head_json":{"title":"Cina Produttore ossido di diottilstagno \/ Di-n-ottilstagno ossido CAS 870-08-6 - Longchang Chemical","description":"Ossido di diottilstagno \/ Di-n-ottilstagno ossido CAS 870-08-6 \u00e8 il prodotto chiave di LongChang Chemical. Forniamo il miglior prezzo. Siamo il produttore leader in Cina con la migliore quanlit\u00e0 e il prezzo competitivo.","robots":{"index":"index","follow":"follow","max-snippet":"max-snippet:-1","max-image-preview":"max-image-preview:large","max-video-preview":"max-video-preview:-1"},"canonical":"https:\/\/longchangchemical.com\/it\/product\/di-n-octyltin-oxide-cas-870-08-6\/","og_locale":"it_IT","og_type":"article","og_title":"China Manufacturer Dioctyltin Oxide \/ Di-n-octyltin Oxide CAS 870-08-6 - Longchang Chemical","og_description":"Dioctyltin Oxide \/ Di-n-octyltin Oxide CAS 870-08-6 is key product of LongChang Chemical. We provide best price. We are the leading manufacturer in China with the best quanlity and competitive price.","og_url":"https:\/\/longchangchemical.com\/it\/product\/di-n-octyltin-oxide-cas-870-08-6\/","og_site_name":"Longchang Chemical","article_modified_time":"2025-12-17T01:58:41+00:00","og_image":[{"width":800,"height":800,"url":"https:\/\/longchangchemical.com\/wp-content\/uploads\/2024\/05\/Di-n-octyltin-Oxide.jpg","type":"image\/jpeg"}],"twitter_card":"summary_large_image","schema":{"@context":"https:\/\/schema.org","@graph":[{"@type":"WebPage","@id":"https:\/\/longchangchemical.com\/product\/di-n-octyltin-oxide-cas-870-08-6\/","url":"https:\/\/longchangchemical.com\/product\/di-n-octyltin-oxide-cas-870-08-6\/","name":"Cina Produttore ossido di diottilstagno \/ Di-n-ottilstagno ossido CAS 870-08-6 - Longchang Chemical","isPartOf":{"@id":"https:\/\/longchangchemical.com\/#website"},"primaryImageOfPage":{"@id":"https:\/\/longchangchemical.com\/product\/di-n-octyltin-oxide-cas-870-08-6\/#primaryimage"},"image":{"@id":"https:\/\/longchangchemical.com\/product\/di-n-octyltin-oxide-cas-870-08-6\/#primaryimage"},"thumbnailUrl":"https:\/\/longchangchemical.com\/wp-content\/uploads\/2024\/05\/Di-n-octyltin-Oxide.jpg","datePublished":"2024-05-07T04:53:01+00:00","dateModified":"2025-12-17T01:58:41+00:00","description":"Ossido di diottilstagno \/ Di-n-ottilstagno ossido CAS 870-08-6 \u00e8 il prodotto chiave di LongChang Chemical. Forniamo il miglior prezzo. Siamo il produttore leader in Cina con la migliore quanlit\u00e0 e il prezzo competitivo.","breadcrumb":{"@id":"https:\/\/longchangchemical.com\/product\/di-n-octyltin-oxide-cas-870-08-6\/#breadcrumb"},"inLanguage":"it-IT","potentialAction":[{"@type":"ReadAction","target":["https:\/\/longchangchemical.com\/product\/di-n-octyltin-oxide-cas-870-08-6\/"]}]},{"@type":"ImageObject","inLanguage":"it-IT","@id":"https:\/\/longchangchemical.com\/product\/di-n-octyltin-oxide-cas-870-08-6\/#primaryimage","url":"https:\/\/longchangchemical.com\/wp-content\/uploads\/2024\/05\/Di-n-octyltin-Oxide.jpg","contentUrl":"https:\/\/longchangchemical.com\/wp-content\/uploads\/2024\/05\/Di-n-octyltin-Oxide.jpg","width":800,"height":800,"caption":"Di-n-octyltin Oxide CAS 870-08-6"},{"@type":"BreadcrumbList","@id":"https:\/\/longchangchemical.com\/product\/di-n-octyltin-oxide-cas-870-08-6\/#breadcrumb","itemListElement":[{"@type":"ListItem","position":1,"name":"Home","item":"https:\/\/longchangchemical.com\/"},{"@type":"ListItem","position":2,"name":"Products Longchang","item":"https:\/\/longchangchemical.com\/product\/"},{"@type":"ListItem","position":3,"name":"Di-n-octyltin Oxide \/ Dioctyltin Oxide CAS 870-08-6"}]},{"@type":"WebSite","@id":"https:\/\/longchangchemical.com\/#website","url":"https:\/\/longchangchemical.com\/","name":"Longchang Chemical","description":"Cina produttore di prodotti chimici \uff06 fornitore","publisher":{"@id":"https:\/\/longchangchemical.com\/#organization"},"potentialAction":[{"@type":"SearchAction","target":{"@type":"EntryPoint","urlTemplate":"https:\/\/longchangchemical.com\/?s={search_term_string}"},"query-input":{"@type":"PropertyValueSpecification","valueRequired":true,"valueName":"search_term_string"}}],"inLanguage":"it-IT"},{"@type":"Organization","@id":"https:\/\/longchangchemical.com\/#organization","name":"Longchang Chemical","url":"https:\/\/longchangchemical.com\/","logo":{"@type":"ImageObject","inLanguage":"it-IT","@id":"https:\/\/longchangchemical.com\/#\/schema\/logo\/image\/","url":"https:\/\/longchangchemical.com\/wp-content\/uploads\/2020\/08\/cropped-longchang-logo.png","contentUrl":"https:\/\/longchangchemical.com\/wp-content\/uploads\/2020\/08\/cropped-longchang-logo.png","width":512,"height":512,"caption":"Longchang Chemical"},"image":{"@id":"https:\/\/longchangchemical.com\/#\/schema\/logo\/image\/"}}]}},"_links":{"self":[{"href":"https:\/\/longchangchemical.com\/it\/wp-json\/wp\/v2\/product\/6908","targetHints":{"allow":["GET"]}}],"collection":[{"href":"https:\/\/longchangchemical.com\/it\/wp-json\/wp\/v2\/product"}],"about":[{"href":"https:\/\/longchangchemical.com\/it\/wp-json\/wp\/v2\/types\/product"}],"replies":[{"embeddable":true,"href":"https:\/\/longchangchemical.com\/it\/wp-json\/wp\/v2\/comments?post=6908"}],"wp:featuredmedia":[{"embeddable":true,"href":"https:\/\/longchangchemical.com\/it\/wp-json\/wp\/v2\/media\/6931"}],"wp:attachment":[{"href":"https:\/\/longchangchemical.com\/it\/wp-json\/wp\/v2\/media?parent=6908"}],"wp:term":[{"taxonomy":"product_brand","embeddable":true,"href":"https:\/\/longchangchemical.com\/it\/wp-json\/wp\/v2\/product_brand?post=6908"},{"taxonomy":"product_cat","embeddable":true,"href":"https:\/\/longchangchemical.com\/it\/wp-json\/wp\/v2\/product_cat?post=6908"},{"taxonomy":"product_tag","embeddable":true,"href":"https:\/\/longchangchemical.com\/it\/wp-json\/wp\/v2\/product_tag?post=6908"}],"curies":[{"name":"wp","href":"https:\/\/api.w.org\/{rel}","templated":true}]}}