{"id":6907,"date":"2024-05-07T05:38:50","date_gmt":"2024-05-07T05:38:50","guid":{"rendered":"https:\/\/longchangchemical.com\/?post_type=product&#038;p=6907"},"modified":"2025-12-17T01:55:34","modified_gmt":"2025-12-17T01:55:34","slug":"dimethyldineodecanoatetin-cas-68928-76-7","status":"publish","type":"product","link":"https:\/\/longchangchemical.com\/it\/product\/dimethyldineodecanoatetin-cas-68928-76-7\/","title":{"rendered":"Dimetildineodecanoatetina CAS 68928-76-7"},"content":{"rendered":"<h1><strong>Dimetildineodecanoatetina CAS 68928-76-7<\/strong><\/h1>\n<p>Propriet\u00e0 chimiche<\/p>\n<p>Punto di fusione: -6\u00b0C<\/p>\n<p>Punto di ebollizione: 265,6\u00b0C a 760 mmHg<\/p>\n<p>Punto di infiammabilit\u00e0: 153\u00b0C<\/p>\n<p>Densit\u00e0: 1,14 g\/cm3<\/p>\n<p>Pressione di vapore: 0,00263 mmHg a 25\u00b0CRifrangenza<\/p>\n<p>Indice: 1.47<\/p>\n<p>Solubilit\u00e0 in acqua: 16,27\u03bcg\/L a 25\u2103<\/p>\n<h2><strong>Uso della dimetildinodecanoatetina<\/strong><\/h2>\n<p>1. La dimetildinaodecanoatetina \u00e8 utilizzata come efficiente catalizzatore nella produzione di schiume poliuretaniche, rivestimenti, adesivi e sigillanti.<\/p>\n<p>2. La dimetildinodecanoatetina \u00e8 utilizzata in poliuretano bicomponente, poliestere, vernici alla nitro, inchiostri, catalizzatori di indurimento, ecc. Ha una buona resistenza all'ossidazione.<br \/>\n3. La dimetildinodecanoatetina viene utilizzata nella produzione di plastiche poliuretaniche, rivestimenti poliuretanici, catalizzatori di gomma siliconica, catalizzatori e cos\u00ec via.<\/p>\n<p>Ha la pi\u00f9 alta attivit\u00e0 catalitica della gamma di catalizzatori organostannici, ottenendo tempi di gelificazione e di antiaderenza molto brevi. La sua attivit\u00e0 \u00e8 simile a quella del dibutilstagno diacetato (DBTDA), ma senza l'odore di acido acetico e la corrosivit\u00e0 del DBTDA. Sostituisce il DBTDL in molti sistemi di schiuma poliuretanica con il vantaggio di un basso dosaggio e di un costo contenuto. Ha un punto di congelamento inferiore a quello del DBTDL e una resistenza all'idrolisi leggermente migliore. Pu\u00f2 essere utilizzato per gli elastomeri fusi e a spruzzo a polimerizzazione rapida, pu\u00f2 essere impiegato nei sistemi poliuretanici e siliconici a polimerizzazione a temperatura ambiente ed \u00e8 particolarmente indicato per i sistemi poliuretanici alifatici.<\/p>\n<h2><strong>Altro nome:<\/strong><\/h2>\n<p>Dimetilbis[(1-ossoneodecil)ossi]stannano<\/p>\n<p>dimetilstagno dineodecanoato<\/p>\n<p>Dimetildineodecanoatetina<\/p>\n<p>Dimetilstagno dineodecanoato<\/p>\n<p>Dimetiltinneodecanoato<\/p>\n<p>&nbsp;<\/p>\n<h2><span style=\"color: #000000;\"><strong><b>Contattateci ora!<\/b><\/strong><\/span><\/h2>\n<h4><span style=\"color: #000000;\"><strong><b>Se avete bisogno di Price, inserite i vostri dati di contatto nel modulo sottostante; di solito vi contatteremo entro 24 ore. Potete anche inviarmi un'e-mail <span style=\"color: #00ffff;\"><a style=\"color: #00ffff;\" href=\"mailto:info@longchangchemical.com\">info@longchangchemical.com<\/a><\/span> durante l'orario di lavoro (dalle 8:30 alle 18:00 UTC+8 lun.-sab.) o utilizzare la live chat del sito web per ottenere una risposta immediata.<\/b><\/strong><\/span><\/h4>\n<p>&nbsp;<\/p>\n<table class=\"aligncenter\" style=\"border-collapse: collapse; width: 326.27pt;\" border=\"0\" width=\"435\" cellspacing=\"0\" cellpadding=\"0\">\n<tbody>\n<tr style=\"height: 13.50pt;\">\n<td class=\"et2\" style=\"height: 13.50pt; width: 164.25pt;\" width=\"219\" height=\"18\"><a href=\"https:\/\/longchangchemical.com\/it\/product\/stannous-chloride-anhydrous-cas-7772-99-8\/\"><span style=\"color: #00ccff;\">Cloruro stannoso anidro<\/span><\/a><\/td>\n<td class=\"et2\" style=\"width: 162.00pt;\" width=\"216\">7772-99-8<\/td>\n<\/tr>\n<tr style=\"height: 13.50pt;\">\n<td class=\"et2\" style=\"height: 13.50pt;\" height=\"18\"><a href=\"https:\/\/longchangchemical.com\/it\/product\/dimethyltin-dichloride-cas-753-73-1\/\"><span style=\"color: #00ccff;\">Dicloruro di dimetilstagno<\/span><\/a><\/td>\n<td class=\"et2\">753-73-1<\/td>\n<\/tr>\n<tr style=\"height: 14.25pt;\">\n<td class=\"et3\" style=\"height: 14.25pt; width: 164.25pt;\" width=\"219\" height=\"19\"><a href=\"https:\/\/longchangchemical.com\/it\/product\/monobutyltin-oxide-cas-2273-43-0\/\"><span class=\"font2\" style=\"color: #00ccff;\">Ossido di monobutilstagno<\/span><\/a><\/td>\n<td class=\"et4\" style=\"width: 162.00pt;\" width=\"216\">2273-43-0<\/td>\n<\/tr>\n<tr style=\"height: 14.25pt;\">\n<td class=\"et3\" style=\"height: 14.25pt; width: 164.25pt;\" width=\"219\" height=\"19\"><a href=\"https:\/\/longchangchemical.com\/it\/product\/dibutyltin-oxide-cas-818-08-6\/\"><span class=\"font2\" style=\"color: #00ccff;\">Ossido di dibutilstagno<\/span><\/a><\/td>\n<td class=\"et4\" style=\"width: 162.00pt;\" width=\"216\">818-08-6<\/td>\n<\/tr>\n<tr style=\"height: 14.25pt;\">\n<td class=\"et3\" style=\"height: 14.25pt; width: 164.25pt;\" width=\"219\" height=\"19\"><a href=\"https:\/\/longchangchemical.com\/it\/product\/tributyltin-oxide-cas-56-35-9\/\"><span class=\"font2\" style=\"color: #00ccff;\">Ossido di tributilstagno<\/span><\/a><\/td>\n<td class=\"et4\" style=\"width: 162.00pt;\" width=\"216\">56-35-9<\/td>\n<\/tr>\n<tr style=\"height: 14.25pt;\">\n<td class=\"et4\" style=\"height: 14.25pt; width: 164.25pt;\" width=\"219\" height=\"19\"><a href=\"https:\/\/longchangchemical.com\/it\/product\/tetrabutyl-tin-cas-1461-25-2\/\"><span style=\"color: #00ccff;\">Stagno tetrabutile<\/span><\/a><\/td>\n<td class=\"et4\" style=\"width: 162.00pt;\" width=\"216\">1461-25-2<\/td>\n<\/tr>\n<tr style=\"height: 14.25pt;\">\n<td class=\"et3\" style=\"height: 14.25pt; width: 164.25pt;\" width=\"219\" height=\"19\"><a href=\"https:\/\/longchangchemical.com\/it\/product\/butyltin-mercaptide-cas-26410-42-4\/\"><span class=\"font2\" style=\"color: #00ccff;\">Butilstagno mercaptide<\/span><\/a><\/td>\n<td class=\"et4\" style=\"width: 162.00pt;\" width=\"216\">26410-42-4<\/td>\n<\/tr>\n<tr style=\"height: 14.25pt;\">\n<td class=\"et4\" style=\"height: 14.25pt; width: 164.25pt;\" width=\"219\" height=\"19\"><a href=\"https:\/\/longchangchemical.com\/it\/product\/dibutyltin-diacetate-cas-1067-33-0\/\"><span style=\"color: #00ccff;\">Dibutilstagno diacetato<\/span><\/a><\/td>\n<td class=\"et5\" style=\"width: 162.00pt;\" width=\"216\">1067-33-0<\/td>\n<\/tr>\n<tr style=\"height: 14.25pt;\">\n<td class=\"et3\" style=\"height: 14.25pt; width: 164.25pt;\" width=\"219\" height=\"19\"><a href=\"https:\/\/longchangchemical.com\/it\/product\/dibutyltin-dilaurate-dbtdl-cas-77-58-7\/\"><span class=\"font2\" style=\"color: #00ccff;\">Dibutilstagno Dilaurato<\/span><\/a><\/td>\n<td class=\"et6\" style=\"width: 162.00pt;\" width=\"216\"><span class=\"font2\">77-58-7<\/span><\/td>\n<\/tr>\n<tr style=\"height: 15.00pt;\">\n<td class=\"et3\" style=\"height: 15.00pt; width: 164.25pt;\" width=\"219\" height=\"20\"><a href=\"https:\/\/longchangchemical.com\/it\/product\/dibutyltin-maleate-cas-78-04-2\/\"><span class=\"font2\" style=\"color: #00ccff;\">Maleato di dibutilstagno<\/span><\/a><\/td>\n<td class=\"et7\" style=\"width: 162.00pt;\" width=\"216\">78-04-2<\/td>\n<\/tr>\n<tr style=\"height: 14.25pt;\">\n<td class=\"et3\" style=\"height: 14.25pt; width: 164.25pt;\" width=\"219\" height=\"19\"><a href=\"https:\/\/longchangchemical.com\/it\/product\/monobutyltin-trichloride-cas-1118-46-3\/\"><span class=\"font2\" style=\"color: #00ccff;\">Tricloruro di monobutilstagno<\/span><\/a><\/td>\n<td class=\"et3\" style=\"width: 162.00pt;\" width=\"216\"><span class=\"font2\">1118-46-3<\/span><\/td>\n<\/tr>\n<tr style=\"height: 14.25pt;\">\n<td class=\"et3\" style=\"height: 14.25pt; width: 164.25pt;\" width=\"219\" height=\"19\"><a href=\"https:\/\/longchangchemical.com\/it\/product\/dibutyltin-dichloride-cas-683-18-1\/\"><span class=\"font2\" style=\"color: #00ccff;\">Dicloruro di dibutilstagno<\/span><\/a><\/td>\n<td class=\"et3\" style=\"width: 162.00pt;\" width=\"216\"><span class=\"font2\">683-18-1<\/span><\/td>\n<\/tr>\n<tr style=\"height: 14.25pt;\">\n<td class=\"et3\" style=\"height: 14.25pt; width: 164.25pt;\" width=\"219\" height=\"19\"><a href=\"https:\/\/longchangchemical.com\/it\/product\/tributyltin-chloride-cas-1461-22-9\/\"><span class=\"font2\" style=\"color: #00ccff;\">Cloruro di tributilstagno<\/span><\/a><\/td>\n<td class=\"et3\" style=\"width: 162.00pt;\" width=\"216\"><span class=\"font2\">1461-22-9<\/span><\/td>\n<\/tr>\n<tr style=\"height: 28.50pt;\">\n<td class=\"et3\" style=\"height: 28.50pt; width: 164.25pt;\" width=\"219\" height=\"38\"><a href=\"https:\/\/longchangchemical.com\/it\/product\/butyltin-tris2-ethylhexanoate-cas-23850-94-4\/\"><span class=\"font2\" style=\"color: #00ccff;\">Tris(2-etilesanoato) di butilstagno<\/span><\/a><\/td>\n<td class=\"et3\" style=\"width: 162.00pt;\" width=\"216\"><span class=\"font2\">23850-94-4<\/span><\/td>\n<\/tr>\n<tr style=\"height: 14.25pt;\">\n<td class=\"et3\" style=\"height: 14.25pt; width: 164.25pt;\" width=\"219\" height=\"19\"><a href=\"https:\/\/longchangchemical.com\/it\/product\/di-n-octyltin-oxide-cas-870-08-6\/\"><span class=\"font2\" style=\"color: #00ccff;\">Ossido di di-n-ottilstagno<\/span><\/a><\/td>\n<td class=\"et3\" style=\"width: 162.00pt;\" width=\"216\"><span class=\"font2\">870-08-6<\/span><\/td>\n<\/tr>\n<tr style=\"height: 14.25pt;\">\n<td class=\"et3\" style=\"height: 14.25pt; width: 164.25pt;\" width=\"219\" height=\"19\"><a href=\"https:\/\/longchangchemical.com\/it\/product\/dimethyldineodecanoatetin-cas-68928-76-7\/\"><span class=\"font2\" style=\"color: #00ccff;\">Dimetildineodecanoatetina<\/span><\/a><\/td>\n<td class=\"et3\" style=\"width: 162.00pt;\" width=\"216\"><span class=\"font2\">68928-76-7<\/span><\/td>\n<\/tr>\n<tr style=\"height: 14.25pt;\">\n<td class=\"et3\" style=\"height: 14.25pt; width: 164.25pt;\" width=\"219\" height=\"19\"><a href=\"https:\/\/longchangchemical.com\/it\/product\/otm-cas-26401-97-8\/\"><span class=\"font2\" style=\"color: #00ccff;\">Ottilstagno mercaptide<\/span><\/a><\/td>\n<td class=\"et3\" style=\"width: 162.00pt;\" width=\"216\"><span class=\"font2\">26401-97-8<\/span><\/td>\n<\/tr>\n<\/tbody>\n<\/table>\n<p><!--more--><\/p>\n<p>Analisi della selezione dei catalizzatori per poliuretano<\/p>\n<p>L'uso dei catalizzatori ha due scopi principali:<\/p>\n<p>1, Per far s\u00ec che la reazione proceda nella direzione prevista;<br \/>\n2, per regolare la velocit\u00e0 di reazione, accorciare i tempi di reazione e migliorare l'efficienza produttiva.<\/p>\n<p>Nella selezione dei catalizzatori per la schiuma di poliuretano, i prodotti della schiuma di poliuretano sono sintetizzati principalmente da polietere, isocianato, agente schiumogeno, catalizzatore e cos\u00ec via. Il processo principale di formazione della schiuma \u00e8 generalmente considerato come segue:<br \/>\n1, attraverso metodi fisici e chimici nel sistema di reazione del poliuretano per produrre schiuma, e lasciare che la schiuma si disperda uniformemente nel sistema di reazione, in cui il metodo principale di schiumatura \u00e8 l'uso di acqua e isocianato produzione di anidride carbonica per schiumare.<br \/>\n2. Il processo di generazione della schiuma richiede l'aumento della viscosit\u00e0 del sistema di reazione per stabilizzare la fuoriuscita della schiuma.<br \/>\n3. Quando la formazione della schiuma raggiunge il numero e le dimensioni desiderate, la viscosit\u00e0 del sistema di reazione deve continuare ad aumentare e persino formare un sistema di reticolazione per stabilizzare la schiuma e trasformarla in un prodotto.<\/p>\n<p>In questo caso, sono necessari almeno due catalizzatori per regolare la reazione: uno per promuovere la reazione tra isocianato e acqua, cio\u00e8 per promuovere la reazione di schiumatura, di solito si scelgono catalizzatori amminici; l'altro per promuovere la reazione tra isocianato e polietere o alcol, cio\u00e8 la reazione di crescita della catena di molecole di poliuretano e la reticolazione, di solito si scelgono catalizzatori metallici. Pertanto, nel processo di sintesi della schiuma poliuretanica, di solito si scelgono catalizzatori amminici e catalizzatori organometallici per lavorare insieme al fine di produrre effetti sinergici per ottenere i migliori risultati.<\/p>\n<p>Catalizzatori organometallici<\/p>\n<p>Negli elastomeri e negli adesivi poliuretanici, nei rivestimenti, nei sigillanti, nei rivestimenti impermeabili, nei materiali per pavimentazione e in altre formulazioni, vengono comunemente utilizzati i tradizionali catalizzatori organostannici e altri catalizzatori organometallici, che sono molto efficaci nel promuovere la riflessione del gruppo isocianato e del gruppo ossidrilico, ma con i requisiti di protezione ambientale, i prodotti ecologici a base di organobismuto e zinco sono sempre pi\u00f9 comunemente utilizzati.<\/p>","protected":false},"excerpt":{"rendered":"<p>Informazioni di base<\/p>\n<p>Nome del prodotto: DIMETILDINEODECANOATETINA<\/p>\n<p>Sinonimi: dimetilbis[(1-ossoneodecil)ossi]-stannano;dimetilbis[(1-ossoneodecil)ossi]-stannano;DIMETILDINEODECANOATETINA;DIMETILTINA DINEODECANOATO;Stannano, dimetilbis(1-ossoneodecil)ossi-;Einecs 273-028-6;Acido neodecanoico, 1,1\u2032-(dimetilstannilene) estere;DIMETHYLDINEODECANOATETINA, tec-95<\/p>\n<p>CAS NO:68928-76-7<\/p>\n<p>Formula molecolare: C22H44O4SnMolecolare<\/p>\n<p>Peso: 491,29<\/p>\n<p>EINECS: 273-028-6<\/p>\n<p>Categorie di prodotti: Utilizzato nella produzione di poliuretano plastica vernice poliuretanica gomma siliconica organica catalizzatore essiccatore scopi<\/p>","protected":false},"featured_media":6930,"comment_status":"closed","ping_status":"closed","template":"","meta":[],"product_brand":[],"product_cat":[113],"product_tag":[],"class_list":{"0":"post-6907","1":"product","2":"type-product","3":"status-publish","4":"has-post-thumbnail","6":"product_cat-organic-intermediate","8":"first","9":"instock","10":"shipping-taxable","11":"product-type-simple"},"yoast_head":"<!-- This site is optimized with the Yoast SEO plugin v25.3.1 - https:\/\/yoast.com\/wordpress\/plugins\/seo\/ -->\n<title>China Manufacturer Dimethyldineodecanoatetin CAS 68928-76-7 -Longchang Chemical<\/title>\n<meta name=\"description\" content=\"Dimethyldineodecanoatetin CAS 68928-76-7 is key product of LongChang Chemical. We provide best price. We are the leading manufacturer in China with the best quanlity and competitive price.\" \/>\n<meta name=\"robots\" content=\"index, follow, max-snippet:-1, max-image-preview:large, max-video-preview:-1\" \/>\n<link rel=\"canonical\" href=\"https:\/\/longchangchemical.com\/it\/product\/dimethyldineodecanoatetin-cas-68928-76-7\/\" \/>\n<meta property=\"og:locale\" content=\"it_IT\" \/>\n<meta property=\"og:type\" content=\"article\" \/>\n<meta property=\"og:title\" content=\"China Manufacturer Dimethyldineodecanoatetin CAS 68928-76-7 -Longchang Chemical\" \/>\n<meta property=\"og:description\" content=\"Dimethyldineodecanoatetin CAS 68928-76-7 is key product of LongChang Chemical. We provide best price. We are the leading manufacturer in China with the best quanlity and competitive price.\" \/>\n<meta property=\"og:url\" content=\"https:\/\/longchangchemical.com\/it\/product\/dimethyldineodecanoatetin-cas-68928-76-7\/\" \/>\n<meta property=\"og:site_name\" content=\"Longchang Chemical\" \/>\n<meta property=\"article:modified_time\" content=\"2025-12-17T01:55:34+00:00\" \/>\n<meta property=\"og:image\" content=\"https:\/\/longchangchemical.com\/wp-content\/uploads\/2024\/04\/Dimethyldineodecanoatetin.jpg\" \/>\n\t<meta property=\"og:image:width\" content=\"800\" \/>\n\t<meta property=\"og:image:height\" content=\"800\" \/>\n\t<meta property=\"og:image:type\" content=\"image\/jpeg\" \/>\n<meta name=\"twitter:card\" content=\"summary_large_image\" \/>\n<script type=\"application\/ld+json\" class=\"yoast-schema-graph\">{\"@context\":\"https:\/\/schema.org\",\"@graph\":[{\"@type\":\"WebPage\",\"@id\":\"https:\/\/longchangchemical.com\/product\/dimethyldineodecanoatetin-cas-68928-76-7\/\",\"url\":\"https:\/\/longchangchemical.com\/product\/dimethyldineodecanoatetin-cas-68928-76-7\/\",\"name\":\"China Manufacturer Dimethyldineodecanoatetin CAS 68928-76-7 -Longchang Chemical\",\"isPartOf\":{\"@id\":\"https:\/\/longchangchemical.com\/#website\"},\"primaryImageOfPage\":{\"@id\":\"https:\/\/longchangchemical.com\/product\/dimethyldineodecanoatetin-cas-68928-76-7\/#primaryimage\"},\"image\":{\"@id\":\"https:\/\/longchangchemical.com\/product\/dimethyldineodecanoatetin-cas-68928-76-7\/#primaryimage\"},\"thumbnailUrl\":\"https:\/\/longchangchemical.com\/wp-content\/uploads\/2024\/04\/Dimethyldineodecanoatetin.jpg\",\"datePublished\":\"2024-05-07T05:38:50+00:00\",\"dateModified\":\"2025-12-17T01:55:34+00:00\",\"description\":\"Dimethyldineodecanoatetin CAS 68928-76-7 is key product of LongChang Chemical. We provide best price. We are the leading manufacturer in China with the best quanlity and competitive price.\",\"breadcrumb\":{\"@id\":\"https:\/\/longchangchemical.com\/product\/dimethyldineodecanoatetin-cas-68928-76-7\/#breadcrumb\"},\"inLanguage\":\"it-IT\",\"potentialAction\":[{\"@type\":\"ReadAction\",\"target\":[\"https:\/\/longchangchemical.com\/product\/dimethyldineodecanoatetin-cas-68928-76-7\/\"]}]},{\"@type\":\"ImageObject\",\"inLanguage\":\"it-IT\",\"@id\":\"https:\/\/longchangchemical.com\/product\/dimethyldineodecanoatetin-cas-68928-76-7\/#primaryimage\",\"url\":\"https:\/\/longchangchemical.com\/wp-content\/uploads\/2024\/04\/Dimethyldineodecanoatetin.jpg\",\"contentUrl\":\"https:\/\/longchangchemical.com\/wp-content\/uploads\/2024\/04\/Dimethyldineodecanoatetin.jpg\",\"width\":800,\"height\":800,\"caption\":\"Dimethyldineodecanoatetin CAS 68928-76-7\"},{\"@type\":\"BreadcrumbList\",\"@id\":\"https:\/\/longchangchemical.com\/product\/dimethyldineodecanoatetin-cas-68928-76-7\/#breadcrumb\",\"itemListElement\":[{\"@type\":\"ListItem\",\"position\":1,\"name\":\"Home\",\"item\":\"https:\/\/longchangchemical.com\/\"},{\"@type\":\"ListItem\",\"position\":2,\"name\":\"Products Longchang\",\"item\":\"https:\/\/longchangchemical.com\/product\/\"},{\"@type\":\"ListItem\",\"position\":3,\"name\":\"Dimethyldineodecanoatetin CAS 68928-76-7\"}]},{\"@type\":\"WebSite\",\"@id\":\"https:\/\/longchangchemical.com\/#website\",\"url\":\"https:\/\/longchangchemical.com\/\",\"name\":\"Longchang Chemical\",\"description\":\"China chemical manufacturer \uff06 supplier\",\"publisher\":{\"@id\":\"https:\/\/longchangchemical.com\/#organization\"},\"potentialAction\":[{\"@type\":\"SearchAction\",\"target\":{\"@type\":\"EntryPoint\",\"urlTemplate\":\"https:\/\/longchangchemical.com\/?s={search_term_string}\"},\"query-input\":{\"@type\":\"PropertyValueSpecification\",\"valueRequired\":true,\"valueName\":\"search_term_string\"}}],\"inLanguage\":\"it-IT\"},{\"@type\":\"Organization\",\"@id\":\"https:\/\/longchangchemical.com\/#organization\",\"name\":\"Longchang Chemical\",\"url\":\"https:\/\/longchangchemical.com\/\",\"logo\":{\"@type\":\"ImageObject\",\"inLanguage\":\"it-IT\",\"@id\":\"https:\/\/longchangchemical.com\/#\/schema\/logo\/image\/\",\"url\":\"https:\/\/longchangchemical.com\/wp-content\/uploads\/2020\/08\/cropped-longchang-logo.png\",\"contentUrl\":\"https:\/\/longchangchemical.com\/wp-content\/uploads\/2020\/08\/cropped-longchang-logo.png\",\"width\":512,\"height\":512,\"caption\":\"Longchang Chemical\"},\"image\":{\"@id\":\"https:\/\/longchangchemical.com\/#\/schema\/logo\/image\/\"}}]}<\/script>\n<!-- \/ Yoast SEO plugin. -->","yoast_head_json":{"title":"Cina Produttore Dimethyldineodecanoatetin CAS 68928-76-7 -Longchang Chemical","description":"Dimethyldineodecanoatetin CAS 68928-76-7 \u00e8 un prodotto chiave di LongChang Chemical. Forniamo il miglior prezzo. Siamo il produttore leader in Cina con la migliore quanlit\u00e0 e il prezzo competitivo.","robots":{"index":"index","follow":"follow","max-snippet":"max-snippet:-1","max-image-preview":"max-image-preview:large","max-video-preview":"max-video-preview:-1"},"canonical":"https:\/\/longchangchemical.com\/it\/product\/dimethyldineodecanoatetin-cas-68928-76-7\/","og_locale":"it_IT","og_type":"article","og_title":"China Manufacturer Dimethyldineodecanoatetin CAS 68928-76-7 -Longchang Chemical","og_description":"Dimethyldineodecanoatetin CAS 68928-76-7 is key product of LongChang Chemical. We provide best price. We are the leading manufacturer in China with the best quanlity and competitive price.","og_url":"https:\/\/longchangchemical.com\/it\/product\/dimethyldineodecanoatetin-cas-68928-76-7\/","og_site_name":"Longchang Chemical","article_modified_time":"2025-12-17T01:55:34+00:00","og_image":[{"width":800,"height":800,"url":"https:\/\/longchangchemical.com\/wp-content\/uploads\/2024\/04\/Dimethyldineodecanoatetin.jpg","type":"image\/jpeg"}],"twitter_card":"summary_large_image","schema":{"@context":"https:\/\/schema.org","@graph":[{"@type":"WebPage","@id":"https:\/\/longchangchemical.com\/product\/dimethyldineodecanoatetin-cas-68928-76-7\/","url":"https:\/\/longchangchemical.com\/product\/dimethyldineodecanoatetin-cas-68928-76-7\/","name":"Cina Produttore Dimethyldineodecanoatetin CAS 68928-76-7 -Longchang Chemical","isPartOf":{"@id":"https:\/\/longchangchemical.com\/#website"},"primaryImageOfPage":{"@id":"https:\/\/longchangchemical.com\/product\/dimethyldineodecanoatetin-cas-68928-76-7\/#primaryimage"},"image":{"@id":"https:\/\/longchangchemical.com\/product\/dimethyldineodecanoatetin-cas-68928-76-7\/#primaryimage"},"thumbnailUrl":"https:\/\/longchangchemical.com\/wp-content\/uploads\/2024\/04\/Dimethyldineodecanoatetin.jpg","datePublished":"2024-05-07T05:38:50+00:00","dateModified":"2025-12-17T01:55:34+00:00","description":"Dimethyldineodecanoatetin CAS 68928-76-7 \u00e8 un prodotto chiave di LongChang Chemical. Forniamo il miglior prezzo. Siamo il produttore leader in Cina con la migliore quanlit\u00e0 e il prezzo competitivo.","breadcrumb":{"@id":"https:\/\/longchangchemical.com\/product\/dimethyldineodecanoatetin-cas-68928-76-7\/#breadcrumb"},"inLanguage":"it-IT","potentialAction":[{"@type":"ReadAction","target":["https:\/\/longchangchemical.com\/product\/dimethyldineodecanoatetin-cas-68928-76-7\/"]}]},{"@type":"ImageObject","inLanguage":"it-IT","@id":"https:\/\/longchangchemical.com\/product\/dimethyldineodecanoatetin-cas-68928-76-7\/#primaryimage","url":"https:\/\/longchangchemical.com\/wp-content\/uploads\/2024\/04\/Dimethyldineodecanoatetin.jpg","contentUrl":"https:\/\/longchangchemical.com\/wp-content\/uploads\/2024\/04\/Dimethyldineodecanoatetin.jpg","width":800,"height":800,"caption":"Dimethyldineodecanoatetin CAS 68928-76-7"},{"@type":"BreadcrumbList","@id":"https:\/\/longchangchemical.com\/product\/dimethyldineodecanoatetin-cas-68928-76-7\/#breadcrumb","itemListElement":[{"@type":"ListItem","position":1,"name":"Home","item":"https:\/\/longchangchemical.com\/"},{"@type":"ListItem","position":2,"name":"Products Longchang","item":"https:\/\/longchangchemical.com\/product\/"},{"@type":"ListItem","position":3,"name":"Dimethyldineodecanoatetin CAS 68928-76-7"}]},{"@type":"WebSite","@id":"https:\/\/longchangchemical.com\/#website","url":"https:\/\/longchangchemical.com\/","name":"Longchang Chemical","description":"Cina produttore di prodotti chimici \uff06 fornitore","publisher":{"@id":"https:\/\/longchangchemical.com\/#organization"},"potentialAction":[{"@type":"SearchAction","target":{"@type":"EntryPoint","urlTemplate":"https:\/\/longchangchemical.com\/?s={search_term_string}"},"query-input":{"@type":"PropertyValueSpecification","valueRequired":true,"valueName":"search_term_string"}}],"inLanguage":"it-IT"},{"@type":"Organization","@id":"https:\/\/longchangchemical.com\/#organization","name":"Longchang Chemical","url":"https:\/\/longchangchemical.com\/","logo":{"@type":"ImageObject","inLanguage":"it-IT","@id":"https:\/\/longchangchemical.com\/#\/schema\/logo\/image\/","url":"https:\/\/longchangchemical.com\/wp-content\/uploads\/2020\/08\/cropped-longchang-logo.png","contentUrl":"https:\/\/longchangchemical.com\/wp-content\/uploads\/2020\/08\/cropped-longchang-logo.png","width":512,"height":512,"caption":"Longchang Chemical"},"image":{"@id":"https:\/\/longchangchemical.com\/#\/schema\/logo\/image\/"}}]}},"_links":{"self":[{"href":"https:\/\/longchangchemical.com\/it\/wp-json\/wp\/v2\/product\/6907","targetHints":{"allow":["GET"]}}],"collection":[{"href":"https:\/\/longchangchemical.com\/it\/wp-json\/wp\/v2\/product"}],"about":[{"href":"https:\/\/longchangchemical.com\/it\/wp-json\/wp\/v2\/types\/product"}],"replies":[{"embeddable":true,"href":"https:\/\/longchangchemical.com\/it\/wp-json\/wp\/v2\/comments?post=6907"}],"wp:featuredmedia":[{"embeddable":true,"href":"https:\/\/longchangchemical.com\/it\/wp-json\/wp\/v2\/media\/6930"}],"wp:attachment":[{"href":"https:\/\/longchangchemical.com\/it\/wp-json\/wp\/v2\/media?parent=6907"}],"wp:term":[{"taxonomy":"product_brand","embeddable":true,"href":"https:\/\/longchangchemical.com\/it\/wp-json\/wp\/v2\/product_brand?post=6907"},{"taxonomy":"product_cat","embeddable":true,"href":"https:\/\/longchangchemical.com\/it\/wp-json\/wp\/v2\/product_cat?post=6907"},{"taxonomy":"product_tag","embeddable":true,"href":"https:\/\/longchangchemical.com\/it\/wp-json\/wp\/v2\/product_tag?post=6907"}],"curies":[{"name":"wp","href":"https:\/\/api.w.org\/{rel}","templated":true}]}}