{"id":6897,"date":"2024-05-10T01:31:34","date_gmt":"2024-05-10T01:31:34","guid":{"rendered":"https:\/\/longchangchemical.com\/?post_type=product&#038;p=6897"},"modified":"2025-12-16T09:59:40","modified_gmt":"2025-12-16T09:59:40","slug":"dibutyltin-diacetate-cas-1067-33-0","status":"publish","type":"product","link":"https:\/\/longchangchemical.com\/it\/product\/dibutyltin-diacetate-cas-1067-33-0\/","title":{"rendered":"Dibutilstagno diacetato CAS 1067-33-0"},"content":{"rendered":"<p style=\"margin: 0px 0px 20px; color: #4a4e57; font-family: Roboto;\"><span style=\"font-weight: bolder;\">Dibutilstagno diacetato Dettagli rapidi<\/span><\/p>\n<p style=\"margin: 0px 0px 20px; color: #4a4e57; font-family: Roboto;\">Nome chimico: Dibutilstagno diacetato<\/p>\n<p style=\"margin: 0px 0px 20px; color: #4a4e57; font-family: Roboto;\">Un altro nome: DBTDA<\/p>\n<p style=\"margin: 0px 0px 20px; color: #4a4e57; font-family: Roboto;\">N. CAS: 1067-33-0<\/p>\n<p style=\"margin: 0px 0px 20px; color: #4a4e57; font-family: Roboto;\">Formula molecolare: C12H24O4Sn<\/p>\n<p style=\"margin: 0px 0px 20px; color: #4a4e57; font-family: Roboto;\">Peso molecolare: 351,03<\/p>\n<p style=\"margin: 0px 0px 20px; color: #4a4e57; font-family: Roboto;\">Aspetto: liquido da incolore a giallo<\/p>\n<p style=\"margin: 0px 0px 20px; color: #4a4e57; font-family: Roboto;\">Densit\u00e0: 1,32g\/mLat 25\u00b0C(lit.)<\/p>\n<p style=\"margin: 0px 0px 20px; color: #4a4e57; font-family: Roboto;\">Punto di ebollizione: 167-168\u00b0C775mm Hg (lit.)<\/p>\n<p style=\"margin: 0px 0px 20px; color: #4a4e57; font-family: Roboto;\"><span style=\"font-weight: bolder;\">Dibutilstagno diacetato Propriet\u00e0 tipiche<\/span><\/p>\n<table class=\"table-1\" style=\"max-width: 100%; border-collapse: collapse; border-spacing: 0px; --awb-margin-top: 0; --awb-margin-right: 0; --awb-margin-bottom: 0; --awb-margin-left: 0; margin: var(--awb-margin-top) var(--awb-margin-right) var(--awb-margin-bottom) var(--awb-margin-left); color: #4a4e57; font-family: Roboto;\" cellspacing=\"0\">\n<tbody>\n<tr>\n<td style=\"border: 1px solid #dcdcdc; padding: 10px 20px;\">Caratteristiche tipiche<\/td>\n<td style=\"border: 1px solid #dcdcdc; padding: 10px 20px;\">Valore<\/td>\n<\/tr>\n<tr style=\"background: #f6f6f6;\">\n<td style=\"border: 1px solid #dcdcdc; padding: 10px 20px;\">Aspetto<\/td>\n<td style=\"border: 1px solid #dcdcdc; padding: 10px 20px;\">liquido da incolore a giallo<\/td>\n<\/tr>\n<tr>\n<td style=\"border: 1px solid #dcdcdc; padding: 10px 20px;\">Contenuto di stagno<\/td>\n<td style=\"border: 1px solid #dcdcdc; padding: 10px 20px;\">33\uff05<\/td>\n<\/tr>\n<tr style=\"background: #f6f6f6;\">\n<td style=\"border: 1px solid #dcdcdc; padding: 10px 20px;\">Densit\u00e0 a 25\u2103<\/td>\n<td style=\"border: 1px solid #dcdcdc; padding: 10px 20px;\">1,32g\/ml<\/td>\n<\/tr>\n<tr>\n<td style=\"border: 1px solid #dcdcdc; padding: 10px 20px;\">Punto di ebollizione a 10 mmHg<\/td>\n<td style=\"border: 1px solid #dcdcdc; padding: 10px 20px;\">142~145\u2103<\/td>\n<\/tr>\n<tr style=\"background: #f6f6f6;\">\n<td style=\"border: 1px solid #dcdcdc; padding: 10px 20px;\">Punto di infiammabilit\u00e0, tazza chiusa Tag<\/td>\n<td style=\"border: 1px solid #dcdcdc; padding: 10px 20px;\">\uff1e110\u2103<\/td>\n<\/tr>\n<tr>\n<td style=\"border: 1px solid #dcdcdc; padding: 10px 20px;\">Indice di rifrazione (20\u2103)<\/td>\n<td style=\"border: 1px solid #dcdcdc; padding: 10px 20px;\">1.471<\/td>\n<\/tr>\n<\/tbody>\n<\/table>\n<p style=\"margin: 0px 0px 20px; color: #4a4e57; font-family: Roboto;\"><span style=\"font-weight: bolder;\">Dibutilstagno diacetato Imballaggio<\/span><\/p>\n<p style=\"margin: 0px 0px 20px; color: #4a4e57; font-family: Roboto;\">Imballaggio: 200kgdrum<\/p>\n<p style=\"margin: 0px 0px 20px; color: #4a4e57; font-family: Roboto;\">NW per 20'FCL con pallet: 1600kg (80drums )<\/p>\n<p style=\"margin: 0px 0px 20px; color: #4a4e57; font-family: Roboto;\"><span style=\"font-weight: bolder;\">Dibutilstagno diacetato Propriet\u00e0<\/span><\/p>\n<p style=\"margin: 0px 0px 20px; color: #4a4e57; font-family: Roboto;\">La DBTDA \u00e8 un liquido incolore e giallo, cristalli bianchi a bassa temperatura. DBTDA\u00e8 solubile nei pi\u00f9 comuni, come benzene, toluene, etanolo, acetone, acetato di etile, cloroformio, tetracloruro di carbonio, benzene, etanolo, etere di petrolio e altri solventi e vari plastificanti industriali; DBTDA\u00e8 insolubile in acqua.<\/p>\n<p style=\"margin: 0px 0px 20px; color: #4a4e57; font-family: Roboto;\">Promuove una gelificazione rapida e tempi di aderenza ridotti<\/p>\n<p style=\"margin: 0px 0px 20px; color: #4a4e57; font-family: Roboto;\"><span style=\"font-weight: bolder;\">\u00a0<\/span><\/p>\n<p style=\"margin: 0px 0px 20px; color: #4a4e57; font-family: Roboto;\"><span style=\"font-weight: bolder;\">Dibutilstagno diacetato Applicazione<\/span><\/p>\n<p style=\"margin: 0px 0px 20px; color: #4a4e57; font-family: Roboto;\">CatalystforRTV<\/p>\n<p style=\"margin: 0px 0px 20px; color: #4a4e57; font-family: Roboto;\">DBTDA utilizzato come catalizzatore nella vulcanizzazione dei siliconi a temperatura ambiente. Particolarmente adatto per i sigillanti acetossici; ha una velocit\u00e0 di catalisi superiore a quella del dibutiltindilaurato.Normalmente il rapporto di miscelazione \u00e8 DBTDA:DBTDL=1:9 a 2:8; anche come catalizzatore di rivestimenti poliuretanici.<\/p>\n<p style=\"margin: 0px 0px 20px; color: #4a4e57; font-family: Roboto;\">Sicurezza, manipolazione e stoccaggio del prodotto<\/p>\n<p style=\"margin: 0px 0px 20px; color: #4a4e57; font-family: Roboto;\">I clienti che intendono utilizzare questo prodotto devono consultare l'ultima scheda di sicurezza del materiale e l'etichetta per le informazioni sulla sicurezza del prodotto, le istruzioni per la manipolazione, l'eventuale equipaggiamento di protezione personale e le condizioni speciali di conservazione richieste. La data di scadenza di ogni lotto \u00e8 riportata sull'etichetta del prodotto. La conservazione oltre la data specificata sull'etichetta non comporta necessariamente l'utilizzo del prodotto.<\/p>\n<p style=\"margin: 0px 0px 20px; color: #4a4e57; font-family: Roboto;\">significa che il prodotto non \u00e8 pi\u00f9 utilizzabile. In questo caso, tuttavia, le propriet\u00e0 richieste per l'uso previsto devono essere verificate per motivi di garanzia della qualit\u00e0.<\/p>\n<h2><span style=\"color: #000000;\"><strong><b>Contattateci ora!<\/b><\/strong><\/span><\/h2>\n<h4><span style=\"color: #000000;\"><strong><b>Se avete bisogno di Price, inserite i vostri dati di contatto nel modulo sottostante; di solito vi contatteremo entro 24 ore. Potete anche inviarmi un'e-mail <span style=\"color: #00ffff;\"><a style=\"color: #00ffff;\" href=\"mailto:info@longchangchemical.com\">info@longchangchemical.com<\/a><\/span> durante l'orario di lavoro (dalle 8:30 alle 18:00 UTC+8 lun.-sab.) o utilizzare la live chat del sito web per ottenere una risposta immediata.<\/b><\/strong><\/span><\/h4>\n<p>&nbsp;<\/p>\n<table class=\"aligncenter\" style=\"border-collapse: collapse; width: 326.27pt;\" border=\"0\" width=\"435\" cellspacing=\"0\" cellpadding=\"0\">\n<tbody>\n<tr style=\"height: 13.50pt;\">\n<td class=\"et2\" style=\"height: 13.50pt; width: 164.25pt;\" width=\"219\" height=\"18\"><a href=\"https:\/\/longchangchemical.com\/it\/product\/stannous-chloride-anhydrous-cas-7772-99-8\/\"><span style=\"color: #00ccff;\">Cloruro stannoso anidro<\/span><\/a><\/td>\n<td class=\"et2\" style=\"width: 162.00pt;\" width=\"216\">7772-99-8<\/td>\n<\/tr>\n<tr style=\"height: 13.50pt;\">\n<td class=\"et2\" style=\"height: 13.50pt;\" height=\"18\"><a href=\"https:\/\/longchangchemical.com\/it\/product\/dimethyltin-dichloride-cas-753-73-1\/\"><span style=\"color: #00ccff;\">Dicloruro di dimetilstagno<\/span><\/a><\/td>\n<td class=\"et2\">753-73-1<\/td>\n<\/tr>\n<tr style=\"height: 14.25pt;\">\n<td class=\"et3\" style=\"height: 14.25pt; width: 164.25pt;\" width=\"219\" height=\"19\"><a href=\"https:\/\/longchangchemical.com\/it\/product\/monobutyltin-oxide-cas-2273-43-0\/\"><span class=\"font2\" style=\"color: #00ccff;\">Ossido di monobutilstagno<\/span><\/a><\/td>\n<td class=\"et4\" style=\"width: 162.00pt;\" width=\"216\">2273-43-0<\/td>\n<\/tr>\n<tr style=\"height: 14.25pt;\">\n<td class=\"et3\" style=\"height: 14.25pt; width: 164.25pt;\" width=\"219\" height=\"19\"><a href=\"https:\/\/longchangchemical.com\/it\/product\/dibutyltin-oxide-cas-818-08-6\/\"><span class=\"font2\" style=\"color: #00ccff;\">Ossido di dibutilstagno<\/span><\/a><\/td>\n<td class=\"et4\" style=\"width: 162.00pt;\" width=\"216\">818-08-6<\/td>\n<\/tr>\n<tr style=\"height: 14.25pt;\">\n<td class=\"et3\" style=\"height: 14.25pt; width: 164.25pt;\" width=\"219\" height=\"19\"><a href=\"https:\/\/longchangchemical.com\/it\/product\/tributyltin-oxide-cas-56-35-9\/\"><span class=\"font2\" style=\"color: #00ccff;\">Ossido di tributilstagno<\/span><\/a><\/td>\n<td class=\"et4\" style=\"width: 162.00pt;\" width=\"216\">56-35-9<\/td>\n<\/tr>\n<tr style=\"height: 14.25pt;\">\n<td class=\"et4\" style=\"height: 14.25pt; width: 164.25pt;\" width=\"219\" height=\"19\"><a href=\"https:\/\/longchangchemical.com\/it\/product\/tetrabutyl-tin-cas-1461-25-2\/\"><span style=\"color: #00ccff;\">Stagno tetrabutile<\/span><\/a><\/td>\n<td class=\"et4\" style=\"width: 162.00pt;\" width=\"216\">1461-25-2<\/td>\n<\/tr>\n<tr style=\"height: 14.25pt;\">\n<td class=\"et3\" style=\"height: 14.25pt; width: 164.25pt;\" width=\"219\" height=\"19\"><a href=\"https:\/\/longchangchemical.com\/it\/product\/butyltin-mercaptide-cas-26410-42-4\/\"><span class=\"font2\" style=\"color: #00ccff;\">Butilstagno mercaptide<\/span><\/a><\/td>\n<td class=\"et4\" style=\"width: 162.00pt;\" width=\"216\">26410-42-4<\/td>\n<\/tr>\n<tr style=\"height: 14.25pt;\">\n<td class=\"et4\" style=\"height: 14.25pt; width: 164.25pt;\" width=\"219\" height=\"19\"><a href=\"https:\/\/longchangchemical.com\/it\/product\/dibutyltin-diacetate-cas-1067-33-0\/\"><span style=\"color: #00ccff;\">Dibutilstagno diacetato<\/span><\/a><\/td>\n<td class=\"et5\" style=\"width: 162.00pt;\" width=\"216\">1067-33-0<\/td>\n<\/tr>\n<tr style=\"height: 14.25pt;\">\n<td class=\"et3\" style=\"height: 14.25pt; width: 164.25pt;\" width=\"219\" height=\"19\"><a href=\"https:\/\/longchangchemical.com\/it\/product\/dibutyltin-dilaurate-dbtdl-cas-77-58-7\/\"><span class=\"font2\" style=\"color: #00ccff;\">Dibutilstagno Dilaurato<\/span><\/a><\/td>\n<td class=\"et6\" style=\"width: 162.00pt;\" width=\"216\"><span class=\"font2\">77-58-7<\/span><\/td>\n<\/tr>\n<tr style=\"height: 15.00pt;\">\n<td class=\"et3\" style=\"height: 15.00pt; width: 164.25pt;\" width=\"219\" height=\"20\"><a href=\"https:\/\/longchangchemical.com\/it\/product\/dibutyltin-maleate-cas-78-04-2\/\"><span class=\"font2\" style=\"color: #00ccff;\">Maleato di dibutilstagno<\/span><\/a><\/td>\n<td class=\"et7\" style=\"width: 162.00pt;\" width=\"216\">78-04-2<\/td>\n<\/tr>\n<tr style=\"height: 14.25pt;\">\n<td class=\"et3\" style=\"height: 14.25pt; width: 164.25pt;\" width=\"219\" height=\"19\"><a href=\"https:\/\/longchangchemical.com\/it\/product\/monobutyltin-trichloride-cas-1118-46-3\/\"><span class=\"font2\" style=\"color: #00ccff;\">Tricloruro di monobutilstagno<\/span><\/a><\/td>\n<td class=\"et3\" style=\"width: 162.00pt;\" width=\"216\"><span class=\"font2\">1118-46-3<\/span><\/td>\n<\/tr>\n<tr style=\"height: 14.25pt;\">\n<td class=\"et3\" style=\"height: 14.25pt; width: 164.25pt;\" width=\"219\" height=\"19\"><a href=\"https:\/\/longchangchemical.com\/it\/product\/dibutyltin-dichloride-cas-683-18-1\/\"><span class=\"font2\" style=\"color: #00ccff;\">Dicloruro di dibutilstagno<\/span><\/a><\/td>\n<td class=\"et3\" style=\"width: 162.00pt;\" width=\"216\"><span class=\"font2\">683-18-1<\/span><\/td>\n<\/tr>\n<tr style=\"height: 14.25pt;\">\n<td class=\"et3\" style=\"height: 14.25pt; width: 164.25pt;\" width=\"219\" height=\"19\"><a href=\"https:\/\/longchangchemical.com\/it\/product\/tributyltin-chloride-cas-1461-22-9\/\"><span class=\"font2\" style=\"color: #00ccff;\">Cloruro di tributilstagno<\/span><\/a><\/td>\n<td class=\"et3\" style=\"width: 162.00pt;\" width=\"216\"><span class=\"font2\">1461-22-9<\/span><\/td>\n<\/tr>\n<tr style=\"height: 28.50pt;\">\n<td class=\"et3\" style=\"height: 28.50pt; width: 164.25pt;\" width=\"219\" height=\"38\"><a href=\"https:\/\/longchangchemical.com\/it\/product\/butyltin-tris2-ethylhexanoate-cas-23850-94-4\/\"><span class=\"font2\" style=\"color: #00ccff;\">Tris(2-etilesanoato) di butilstagno<\/span><\/a><\/td>\n<td class=\"et3\" style=\"width: 162.00pt;\" width=\"216\"><span class=\"font2\">23850-94-4<\/span><\/td>\n<\/tr>\n<tr style=\"height: 14.25pt;\">\n<td class=\"et3\" style=\"height: 14.25pt; width: 164.25pt;\" width=\"219\" height=\"19\"><a href=\"https:\/\/longchangchemical.com\/it\/product\/di-n-octyltin-oxide-cas-870-08-6\/\"><span class=\"font2\" style=\"color: #00ccff;\">Ossido di di-n-ottilstagno<\/span><\/a><\/td>\n<td class=\"et3\" style=\"width: 162.00pt;\" width=\"216\"><span class=\"font2\">870-08-6<\/span><\/td>\n<\/tr>\n<tr style=\"height: 14.25pt;\">\n<td class=\"et3\" style=\"height: 14.25pt; width: 164.25pt;\" width=\"219\" height=\"19\"><a href=\"https:\/\/longchangchemical.com\/it\/product\/dimethyldineodecanoatetin-cas-68928-76-7\/\"><span class=\"font2\" style=\"color: #00ccff;\">Dimetildineodecanoatetina<\/span><\/a><\/td>\n<td class=\"et3\" style=\"width: 162.00pt;\" width=\"216\"><span class=\"font2\">68928-76-7<\/span><\/td>\n<\/tr>\n<tr style=\"height: 14.25pt;\">\n<td class=\"et3\" style=\"height: 14.25pt; width: 164.25pt;\" width=\"219\" height=\"19\"><a href=\"https:\/\/longchangchemical.com\/it\/product\/otm-cas-26401-97-8\/\"><span class=\"font2\" style=\"color: #00ccff;\">Ottilstagno mercaptide<\/span><\/a><\/td>\n<td class=\"et3\" style=\"width: 162.00pt;\" width=\"216\"><span class=\"font2\">26401-97-8<\/span><\/td>\n<\/tr>\n<\/tbody>\n<\/table>","protected":false},"excerpt":{"rendered":"<p style=\"margin: 0px 0px 20px; color: #4a4e57; font-family: Roboto;\">Nome chimico: Dibutilstagno diacetato<\/p>\n<p style=\"margin: 0px 0px 20px; color: #4a4e57; font-family: Roboto;\">N. CAS: 1067-33-0<\/p>\n<p style=\"margin: 0px 0px 20px; color: #4a4e57; font-family: Roboto;\">Formula molecolare: C12H24O4Sn<\/p>\n<p style=\"margin: 0px 0px 20px; color: #4a4e57; font-family: Roboto;\">Peso molecolare: 351,03<\/p>\n<p style=\"margin: 0px 0px 20px; color: #4a4e57; font-family: Roboto;\">Aspetto: liquido da incolore a giallo<\/p>","protected":false},"featured_media":6921,"comment_status":"closed","ping_status":"closed","template":"","meta":[],"product_brand":[],"product_cat":[113],"product_tag":[],"class_list":{"0":"post-6897","1":"product","2":"type-product","3":"status-publish","4":"has-post-thumbnail","6":"product_cat-organic-intermediate","8":"first","9":"instock","10":"shipping-taxable","11":"product-type-simple"},"yoast_head":"<!-- This site is optimized with the Yoast SEO plugin v25.3.1 - https:\/\/yoast.com\/wordpress\/plugins\/seo\/ -->\n<title>China Manufacturer Dibutyltin Diacetate CAS 1067-33-0 -Longchang Chemical<\/title>\n<meta name=\"description\" content=\"Dibutyltin Diacetate CAS 1067-33-0 is key product of LongChang Chemical. We provide best price. We are the leading manufacturer in China with the best quanlity and competitive price.\" \/>\n<meta name=\"robots\" content=\"index, follow, max-snippet:-1, max-image-preview:large, max-video-preview:-1\" \/>\n<link rel=\"canonical\" href=\"https:\/\/longchangchemical.com\/it\/product\/dibutyltin-diacetate-cas-1067-33-0\/\" \/>\n<meta property=\"og:locale\" content=\"it_IT\" \/>\n<meta property=\"og:type\" content=\"article\" \/>\n<meta property=\"og:title\" content=\"China Manufacturer Dibutyltin Diacetate CAS 1067-33-0 -Longchang Chemical\" \/>\n<meta property=\"og:description\" content=\"Dibutyltin Diacetate CAS 1067-33-0 is key product of LongChang Chemical. We provide best price. We are the leading manufacturer in China with the best quanlity and competitive price.\" \/>\n<meta property=\"og:url\" content=\"https:\/\/longchangchemical.com\/it\/product\/dibutyltin-diacetate-cas-1067-33-0\/\" \/>\n<meta property=\"og:site_name\" content=\"Longchang Chemical\" \/>\n<meta property=\"article:modified_time\" content=\"2025-12-16T09:59:40+00:00\" \/>\n<meta property=\"og:image\" content=\"https:\/\/longchangchemical.com\/wp-content\/uploads\/2024\/04\/Dibutyltin-Diacetate.jpg\" \/>\n\t<meta property=\"og:image:width\" content=\"800\" \/>\n\t<meta property=\"og:image:height\" content=\"800\" \/>\n\t<meta property=\"og:image:type\" content=\"image\/jpeg\" \/>\n<meta name=\"twitter:card\" content=\"summary_large_image\" \/>\n<script type=\"application\/ld+json\" class=\"yoast-schema-graph\">{\"@context\":\"https:\/\/schema.org\",\"@graph\":[{\"@type\":\"WebPage\",\"@id\":\"https:\/\/longchangchemical.com\/product\/dibutyltin-diacetate-cas-1067-33-0\/\",\"url\":\"https:\/\/longchangchemical.com\/product\/dibutyltin-diacetate-cas-1067-33-0\/\",\"name\":\"China Manufacturer Dibutyltin Diacetate CAS 1067-33-0 -Longchang Chemical\",\"isPartOf\":{\"@id\":\"https:\/\/longchangchemical.com\/#website\"},\"primaryImageOfPage\":{\"@id\":\"https:\/\/longchangchemical.com\/product\/dibutyltin-diacetate-cas-1067-33-0\/#primaryimage\"},\"image\":{\"@id\":\"https:\/\/longchangchemical.com\/product\/dibutyltin-diacetate-cas-1067-33-0\/#primaryimage\"},\"thumbnailUrl\":\"https:\/\/longchangchemical.com\/wp-content\/uploads\/2024\/04\/Dibutyltin-Diacetate.jpg\",\"datePublished\":\"2024-05-10T01:31:34+00:00\",\"dateModified\":\"2025-12-16T09:59:40+00:00\",\"description\":\"Dibutyltin Diacetate CAS 1067-33-0 is key product of LongChang Chemical. We provide best price. We are the leading manufacturer in China with the best quanlity and competitive price.\",\"breadcrumb\":{\"@id\":\"https:\/\/longchangchemical.com\/product\/dibutyltin-diacetate-cas-1067-33-0\/#breadcrumb\"},\"inLanguage\":\"it-IT\",\"potentialAction\":[{\"@type\":\"ReadAction\",\"target\":[\"https:\/\/longchangchemical.com\/product\/dibutyltin-diacetate-cas-1067-33-0\/\"]}]},{\"@type\":\"ImageObject\",\"inLanguage\":\"it-IT\",\"@id\":\"https:\/\/longchangchemical.com\/product\/dibutyltin-diacetate-cas-1067-33-0\/#primaryimage\",\"url\":\"https:\/\/longchangchemical.com\/wp-content\/uploads\/2024\/04\/Dibutyltin-Diacetate.jpg\",\"contentUrl\":\"https:\/\/longchangchemical.com\/wp-content\/uploads\/2024\/04\/Dibutyltin-Diacetate.jpg\",\"width\":800,\"height\":800,\"caption\":\"Dibutyltin Diacetate CAS 1067-33-0\"},{\"@type\":\"BreadcrumbList\",\"@id\":\"https:\/\/longchangchemical.com\/product\/dibutyltin-diacetate-cas-1067-33-0\/#breadcrumb\",\"itemListElement\":[{\"@type\":\"ListItem\",\"position\":1,\"name\":\"Home\",\"item\":\"https:\/\/longchangchemical.com\/\"},{\"@type\":\"ListItem\",\"position\":2,\"name\":\"Products Longchang\",\"item\":\"https:\/\/longchangchemical.com\/product\/\"},{\"@type\":\"ListItem\",\"position\":3,\"name\":\"Dibutyltin Diacetate CAS 1067-33-0\"}]},{\"@type\":\"WebSite\",\"@id\":\"https:\/\/longchangchemical.com\/#website\",\"url\":\"https:\/\/longchangchemical.com\/\",\"name\":\"Longchang Chemical\",\"description\":\"China chemical manufacturer \uff06 supplier\",\"publisher\":{\"@id\":\"https:\/\/longchangchemical.com\/#organization\"},\"potentialAction\":[{\"@type\":\"SearchAction\",\"target\":{\"@type\":\"EntryPoint\",\"urlTemplate\":\"https:\/\/longchangchemical.com\/?s={search_term_string}\"},\"query-input\":{\"@type\":\"PropertyValueSpecification\",\"valueRequired\":true,\"valueName\":\"search_term_string\"}}],\"inLanguage\":\"it-IT\"},{\"@type\":\"Organization\",\"@id\":\"https:\/\/longchangchemical.com\/#organization\",\"name\":\"Longchang Chemical\",\"url\":\"https:\/\/longchangchemical.com\/\",\"logo\":{\"@type\":\"ImageObject\",\"inLanguage\":\"it-IT\",\"@id\":\"https:\/\/longchangchemical.com\/#\/schema\/logo\/image\/\",\"url\":\"https:\/\/longchangchemical.com\/wp-content\/uploads\/2020\/08\/cropped-longchang-logo.png\",\"contentUrl\":\"https:\/\/longchangchemical.com\/wp-content\/uploads\/2020\/08\/cropped-longchang-logo.png\",\"width\":512,\"height\":512,\"caption\":\"Longchang Chemical\"},\"image\":{\"@id\":\"https:\/\/longchangchemical.com\/#\/schema\/logo\/image\/\"}}]}<\/script>\n<!-- \/ Yoast SEO plugin. -->","yoast_head_json":{"title":"Cina Produttore Dibutilstagno Diacetato CAS 1067-33-0 -Longchang Chemical","description":"Dibutilstagno diacetato CAS 1067-33-0 \u00e8 un prodotto chiave di LongChang Chemical. Forniamo il miglior prezzo. Siamo il produttore leader in Cina con la migliore qualit\u00e0 e il prezzo competitivo.","robots":{"index":"index","follow":"follow","max-snippet":"max-snippet:-1","max-image-preview":"max-image-preview:large","max-video-preview":"max-video-preview:-1"},"canonical":"https:\/\/longchangchemical.com\/it\/product\/dibutyltin-diacetate-cas-1067-33-0\/","og_locale":"it_IT","og_type":"article","og_title":"China Manufacturer Dibutyltin Diacetate CAS 1067-33-0 -Longchang Chemical","og_description":"Dibutyltin Diacetate CAS 1067-33-0 is key product of LongChang Chemical. We provide best price. We are the leading manufacturer in China with the best quanlity and competitive price.","og_url":"https:\/\/longchangchemical.com\/it\/product\/dibutyltin-diacetate-cas-1067-33-0\/","og_site_name":"Longchang Chemical","article_modified_time":"2025-12-16T09:59:40+00:00","og_image":[{"width":800,"height":800,"url":"https:\/\/longchangchemical.com\/wp-content\/uploads\/2024\/04\/Dibutyltin-Diacetate.jpg","type":"image\/jpeg"}],"twitter_card":"summary_large_image","schema":{"@context":"https:\/\/schema.org","@graph":[{"@type":"WebPage","@id":"https:\/\/longchangchemical.com\/product\/dibutyltin-diacetate-cas-1067-33-0\/","url":"https:\/\/longchangchemical.com\/product\/dibutyltin-diacetate-cas-1067-33-0\/","name":"Cina Produttore Dibutilstagno Diacetato CAS 1067-33-0 -Longchang Chemical","isPartOf":{"@id":"https:\/\/longchangchemical.com\/#website"},"primaryImageOfPage":{"@id":"https:\/\/longchangchemical.com\/product\/dibutyltin-diacetate-cas-1067-33-0\/#primaryimage"},"image":{"@id":"https:\/\/longchangchemical.com\/product\/dibutyltin-diacetate-cas-1067-33-0\/#primaryimage"},"thumbnailUrl":"https:\/\/longchangchemical.com\/wp-content\/uploads\/2024\/04\/Dibutyltin-Diacetate.jpg","datePublished":"2024-05-10T01:31:34+00:00","dateModified":"2025-12-16T09:59:40+00:00","description":"Dibutilstagno diacetato CAS 1067-33-0 \u00e8 un prodotto chiave di LongChang Chemical. Forniamo il miglior prezzo. Siamo il produttore leader in Cina con la migliore qualit\u00e0 e il prezzo competitivo.","breadcrumb":{"@id":"https:\/\/longchangchemical.com\/product\/dibutyltin-diacetate-cas-1067-33-0\/#breadcrumb"},"inLanguage":"it-IT","potentialAction":[{"@type":"ReadAction","target":["https:\/\/longchangchemical.com\/product\/dibutyltin-diacetate-cas-1067-33-0\/"]}]},{"@type":"ImageObject","inLanguage":"it-IT","@id":"https:\/\/longchangchemical.com\/product\/dibutyltin-diacetate-cas-1067-33-0\/#primaryimage","url":"https:\/\/longchangchemical.com\/wp-content\/uploads\/2024\/04\/Dibutyltin-Diacetate.jpg","contentUrl":"https:\/\/longchangchemical.com\/wp-content\/uploads\/2024\/04\/Dibutyltin-Diacetate.jpg","width":800,"height":800,"caption":"Dibutyltin Diacetate CAS 1067-33-0"},{"@type":"BreadcrumbList","@id":"https:\/\/longchangchemical.com\/product\/dibutyltin-diacetate-cas-1067-33-0\/#breadcrumb","itemListElement":[{"@type":"ListItem","position":1,"name":"Home","item":"https:\/\/longchangchemical.com\/"},{"@type":"ListItem","position":2,"name":"Products Longchang","item":"https:\/\/longchangchemical.com\/product\/"},{"@type":"ListItem","position":3,"name":"Dibutyltin Diacetate CAS 1067-33-0"}]},{"@type":"WebSite","@id":"https:\/\/longchangchemical.com\/#website","url":"https:\/\/longchangchemical.com\/","name":"Longchang Chemical","description":"Cina produttore di prodotti chimici \uff06 fornitore","publisher":{"@id":"https:\/\/longchangchemical.com\/#organization"},"potentialAction":[{"@type":"SearchAction","target":{"@type":"EntryPoint","urlTemplate":"https:\/\/longchangchemical.com\/?s={search_term_string}"},"query-input":{"@type":"PropertyValueSpecification","valueRequired":true,"valueName":"search_term_string"}}],"inLanguage":"it-IT"},{"@type":"Organization","@id":"https:\/\/longchangchemical.com\/#organization","name":"Longchang Chemical","url":"https:\/\/longchangchemical.com\/","logo":{"@type":"ImageObject","inLanguage":"it-IT","@id":"https:\/\/longchangchemical.com\/#\/schema\/logo\/image\/","url":"https:\/\/longchangchemical.com\/wp-content\/uploads\/2020\/08\/cropped-longchang-logo.png","contentUrl":"https:\/\/longchangchemical.com\/wp-content\/uploads\/2020\/08\/cropped-longchang-logo.png","width":512,"height":512,"caption":"Longchang Chemical"},"image":{"@id":"https:\/\/longchangchemical.com\/#\/schema\/logo\/image\/"}}]}},"_links":{"self":[{"href":"https:\/\/longchangchemical.com\/it\/wp-json\/wp\/v2\/product\/6897","targetHints":{"allow":["GET"]}}],"collection":[{"href":"https:\/\/longchangchemical.com\/it\/wp-json\/wp\/v2\/product"}],"about":[{"href":"https:\/\/longchangchemical.com\/it\/wp-json\/wp\/v2\/types\/product"}],"replies":[{"embeddable":true,"href":"https:\/\/longchangchemical.com\/it\/wp-json\/wp\/v2\/comments?post=6897"}],"wp:featuredmedia":[{"embeddable":true,"href":"https:\/\/longchangchemical.com\/it\/wp-json\/wp\/v2\/media\/6921"}],"wp:attachment":[{"href":"https:\/\/longchangchemical.com\/it\/wp-json\/wp\/v2\/media?parent=6897"}],"wp:term":[{"taxonomy":"product_brand","embeddable":true,"href":"https:\/\/longchangchemical.com\/it\/wp-json\/wp\/v2\/product_brand?post=6897"},{"taxonomy":"product_cat","embeddable":true,"href":"https:\/\/longchangchemical.com\/it\/wp-json\/wp\/v2\/product_cat?post=6897"},{"taxonomy":"product_tag","embeddable":true,"href":"https:\/\/longchangchemical.com\/it\/wp-json\/wp\/v2\/product_tag?post=6897"}],"curies":[{"name":"wp","href":"https:\/\/api.w.org\/{rel}","templated":true}]}}