{"id":6673,"date":"2024-03-01T07:02:49","date_gmt":"2024-03-01T07:02:49","guid":{"rendered":"https:\/\/longchangchemical.com\/?post_type=product&#038;p=6673"},"modified":"2026-01-12T06:35:53","modified_gmt":"2026-01-12T06:35:53","slug":"methyl-perfluoroisobutyl-ether-cas-163702-08-7","status":"publish","type":"product","link":"https:\/\/longchangchemical.com\/it\/product\/methyl-perfluoroisobutyl-ether-cas-163702-08-7\/","title":{"rendered":"Metile perfluoroisobutil etere CAS 163702-08-7"},"content":{"rendered":"<h1><strong>Metile perfluoroisobutil etere CAS 163702-08-7 \u00a0 \u00a0 \u00a0<\/strong><\/h1>\n<table>\n<tbody>\n<tr>\n<td width=\"206\">Test<\/td>\n<td width=\"305\">\u226599.00%MIN<\/td>\n<\/tr>\n<tr>\n<td width=\"206\"><strong>\u00a0<\/strong><\/p>\n<p>Aspetto<\/td>\n<td width=\"305\">Liquido trasparente incolore<\/td>\n<\/tr>\n<tr>\n<td width=\"206\">Indice di acidit\u00e0 (acido cloridrico)<\/td>\n<td width=\"305\">\u226410ppm<\/td>\n<\/tr>\n<tr>\n<td width=\"206\">Acqua (KF)<\/td>\n<td width=\"305\">\u226450ppm<\/td>\n<\/tr>\n<tr>\n<td width=\"206\">Cl-<\/td>\n<td width=\"305\">\u226410ppm<\/td>\n<\/tr>\n<tr>\n<td width=\"206\">Residui di evaporazione<\/td>\n<td width=\"305\">Nessun residuo significativo<\/td>\n<\/tr>\n<\/tbody>\n<\/table>\n<p>&nbsp;<\/p>\n<p>Imballaggio: 25 kg \/ tamburo.<\/p>\n<p>&nbsp;<\/p>\n<p>Funzione:<\/p>\n<p>Il perfluorobutilmetil etere \u00e8 un solvente delicato utilizzato nelle formulazioni cosmetiche rinfrescanti. \u00c8 un solvente etereo contenente fluoro, solubile con molti componenti. \u00c8 considerato un buon lubrificante ed \u00e8 molto adatto come solvente di formule oleose.<\/p>\n<p>Applicazione:<\/p>\n<p>&nbsp;<\/p>\n<p>Il perfluorobutil metil etere \u00e8 utilizzato principalmente come solvente e ammorbidente nei cosmetici e nei prodotti per la cura della pelle. Il coefficiente di rischio \u00e8 1. \u00c8 relativamente sicuro e pu\u00f2 essere utilizzato senza problemi. In genere non ha alcun impatto sulle donne in gravidanza. Il perfluorobutil metil etere non provoca acne.<\/p>\n<p>&nbsp;<\/p>\n<p>Stoccaggio:<\/p>\n<p>Conservati in magazzini asciutti e puliti con una buona ventilazione.<\/p>\n<p>Evitare l'esposizione alla luce e al calore.<\/p>\n<p>Proteggere il prodotto da perdite, pioggia e insolazione durante il trasporto.<\/p>\n<h2><strong><b>Contattateci ora!<\/b><\/strong><\/h2>\n<h4><strong><b>Se avete bisogno di Price, inserite i vostri dati di contatto nel modulo sottostante; di solito vi contatteremo entro 24 ore. Potete anche inviarmi un'e-mail\u00a0<span style=\"color: #00ccff;\"><a style=\"color: #00ccff;\" href=\"mailto:info@longchangchemical.com\">info@longchangchemical.com<\/a>\u00a0<\/span>durante l'orario di lavoro (dalle 8:30 alle 18:00 UTC+8 lun.-sab.) o utilizzare la live chat del sito web per ottenere una risposta immediata.<\/b><\/strong><\/h4>","protected":false},"excerpt":{"rendered":"<p>Nome del prodotto: Etere metilico, metilnonafluoroisobutilico, metilnonafluoroisobutiletere, perfluoroisobutilmetil etere<\/p>\n<p>N. CAS: 163702-08-7<\/p>\n<p>Formula molecolare: C5H3F9O<\/p>\n<p>Peso molecolare: 250,06<\/p>\n<p>Struttura molecolare:<\/p>\n[caption id=\"attachment_6674\" align=\"alignnone\" width=\"289\"]<img decoding=\"async\" class=\"size-full wp-image-6674\" src=\"https:\/\/longchangchemical.com\/wp-content\/uploads\/2024\/03\/163702-08-7.png\" alt=\"163702-08-7\" width=\"289\" height=\"143\" \/> 163702-08-7[\/caption]","protected":false},"featured_media":6712,"comment_status":"open","ping_status":"closed","template":"","meta":[],"product_brand":[],"product_cat":[154],"product_tag":[],"class_list":{"0":"post-6673","1":"product","2":"type-product","3":"status-publish","4":"has-post-thumbnail","6":"product_cat-solvent","8":"first","9":"instock","10":"shipping-taxable","11":"product-type-simple"},"yoast_head":"<!-- This site is optimized with the Yoast SEO plugin v25.3.1 - https:\/\/yoast.com\/wordpress\/plugins\/seo\/ -->\n<title>China Methyl Perfluoroisobutyl Ether Manufacturer CAS 163702-08-7 - Longchang Chemical<\/title>\n<meta name=\"description\" content=\"Methyl Perfluoroisobutyl Ether Manufacturer can be used Precision electronic circuit board cleaner and is the key product of Longchang Chemical. We are the leading manufacturer and supplier in China with the best quanlity and competitive price.\" \/>\n<meta name=\"robots\" content=\"index, follow, max-snippet:-1, max-image-preview:large, max-video-preview:-1\" \/>\n<link rel=\"canonical\" href=\"https:\/\/longchangchemical.com\/it\/product\/methyl-perfluoroisobutyl-ether-cas-163702-08-7\/\" \/>\n<meta property=\"og:locale\" content=\"it_IT\" \/>\n<meta property=\"og:type\" content=\"article\" \/>\n<meta property=\"og:title\" content=\"China Methyl Perfluoroisobutyl Ether Manufacturer CAS 163702-08-7 - Longchang Chemical\" \/>\n<meta property=\"og:description\" content=\"Methyl Perfluoroisobutyl Ether Manufacturer can be used Precision electronic circuit board cleaner and is the key product of Longchang Chemical. We are the leading manufacturer and supplier in China with the best quanlity and competitive price.\" \/>\n<meta property=\"og:url\" content=\"https:\/\/longchangchemical.com\/it\/product\/methyl-perfluoroisobutyl-ether-cas-163702-08-7\/\" \/>\n<meta property=\"og:site_name\" content=\"Longchang Chemical\" \/>\n<meta property=\"article:modified_time\" content=\"2026-01-12T06:35:53+00:00\" \/>\n<meta property=\"og:image\" content=\"https:\/\/longchangchemical.com\/wp-content\/uploads\/2024\/03\/Methyl-Perfluoroisobutyl-Ether-CAS-163702-08-7-1.jpg\" \/>\n\t<meta property=\"og:image:width\" content=\"800\" \/>\n\t<meta property=\"og:image:height\" content=\"800\" \/>\n\t<meta property=\"og:image:type\" content=\"image\/jpeg\" \/>\n<meta name=\"twitter:card\" content=\"summary_large_image\" \/>\n<script type=\"application\/ld+json\" class=\"yoast-schema-graph\">{\"@context\":\"https:\/\/schema.org\",\"@graph\":[{\"@type\":\"WebPage\",\"@id\":\"https:\/\/longchangchemical.com\/product\/methyl-perfluoroisobutyl-ether-cas-163702-08-7\/\",\"url\":\"https:\/\/longchangchemical.com\/product\/methyl-perfluoroisobutyl-ether-cas-163702-08-7\/\",\"name\":\"China Methyl Perfluoroisobutyl Ether Manufacturer CAS 163702-08-7 - Longchang Chemical\",\"isPartOf\":{\"@id\":\"https:\/\/longchangchemical.com\/#website\"},\"primaryImageOfPage\":{\"@id\":\"https:\/\/longchangchemical.com\/product\/methyl-perfluoroisobutyl-ether-cas-163702-08-7\/#primaryimage\"},\"image\":{\"@id\":\"https:\/\/longchangchemical.com\/product\/methyl-perfluoroisobutyl-ether-cas-163702-08-7\/#primaryimage\"},\"thumbnailUrl\":\"https:\/\/longchangchemical.com\/wp-content\/uploads\/2024\/03\/Methyl-Perfluoroisobutyl-Ether-CAS-163702-08-7-1.jpg\",\"datePublished\":\"2024-03-01T07:02:49+00:00\",\"dateModified\":\"2026-01-12T06:35:53+00:00\",\"description\":\"Methyl Perfluoroisobutyl Ether Manufacturer can be used Precision electronic circuit board cleaner and is the key product of Longchang Chemical. We are the leading manufacturer and supplier in China with the best quanlity and competitive price.\",\"breadcrumb\":{\"@id\":\"https:\/\/longchangchemical.com\/product\/methyl-perfluoroisobutyl-ether-cas-163702-08-7\/#breadcrumb\"},\"inLanguage\":\"it-IT\",\"potentialAction\":[{\"@type\":\"ReadAction\",\"target\":[\"https:\/\/longchangchemical.com\/product\/methyl-perfluoroisobutyl-ether-cas-163702-08-7\/\"]}]},{\"@type\":\"ImageObject\",\"inLanguage\":\"it-IT\",\"@id\":\"https:\/\/longchangchemical.com\/product\/methyl-perfluoroisobutyl-ether-cas-163702-08-7\/#primaryimage\",\"url\":\"https:\/\/longchangchemical.com\/wp-content\/uploads\/2024\/03\/Methyl-Perfluoroisobutyl-Ether-CAS-163702-08-7-1.jpg\",\"contentUrl\":\"https:\/\/longchangchemical.com\/wp-content\/uploads\/2024\/03\/Methyl-Perfluoroisobutyl-Ether-CAS-163702-08-7-1.jpg\",\"width\":800,\"height\":800},{\"@type\":\"BreadcrumbList\",\"@id\":\"https:\/\/longchangchemical.com\/product\/methyl-perfluoroisobutyl-ether-cas-163702-08-7\/#breadcrumb\",\"itemListElement\":[{\"@type\":\"ListItem\",\"position\":1,\"name\":\"Home\",\"item\":\"https:\/\/longchangchemical.com\/\"},{\"@type\":\"ListItem\",\"position\":2,\"name\":\"Products Longchang\",\"item\":\"https:\/\/longchangchemical.com\/product\/\"},{\"@type\":\"ListItem\",\"position\":3,\"name\":\"Methyl Perfluoroisobutyl Ether CAS 163702-08-7\"}]},{\"@type\":\"WebSite\",\"@id\":\"https:\/\/longchangchemical.com\/#website\",\"url\":\"https:\/\/longchangchemical.com\/\",\"name\":\"Longchang Chemical\",\"description\":\"China chemical manufacturer \uff06 supplier\",\"publisher\":{\"@id\":\"https:\/\/longchangchemical.com\/#organization\"},\"potentialAction\":[{\"@type\":\"SearchAction\",\"target\":{\"@type\":\"EntryPoint\",\"urlTemplate\":\"https:\/\/longchangchemical.com\/?s={search_term_string}\"},\"query-input\":{\"@type\":\"PropertyValueSpecification\",\"valueRequired\":true,\"valueName\":\"search_term_string\"}}],\"inLanguage\":\"it-IT\"},{\"@type\":\"Organization\",\"@id\":\"https:\/\/longchangchemical.com\/#organization\",\"name\":\"Longchang Chemical\",\"url\":\"https:\/\/longchangchemical.com\/\",\"logo\":{\"@type\":\"ImageObject\",\"inLanguage\":\"it-IT\",\"@id\":\"https:\/\/longchangchemical.com\/#\/schema\/logo\/image\/\",\"url\":\"https:\/\/longchangchemical.com\/wp-content\/uploads\/2020\/08\/cropped-longchang-logo.png\",\"contentUrl\":\"https:\/\/longchangchemical.com\/wp-content\/uploads\/2020\/08\/cropped-longchang-logo.png\",\"width\":512,\"height\":512,\"caption\":\"Longchang Chemical\"},\"image\":{\"@id\":\"https:\/\/longchangchemical.com\/#\/schema\/logo\/image\/\"}}]}<\/script>\n<!-- \/ Yoast SEO plugin. -->","yoast_head_json":{"title":"Cina Methyl Perfluoroisobutyl Ether Produttore CAS 163702-08-7 - Longchang Chemical","description":"Il produttore di metil perfluoroisobutil etere pu\u00f2 essere utilizzato come detergente per circuiti elettronici di precisione ed \u00e8 il prodotto chiave di Longchang Chemical. Siamo il principale produttore e fornitore in Cina con la migliore qualit\u00e0 e il prezzo competitivo.","robots":{"index":"index","follow":"follow","max-snippet":"max-snippet:-1","max-image-preview":"max-image-preview:large","max-video-preview":"max-video-preview:-1"},"canonical":"https:\/\/longchangchemical.com\/it\/product\/methyl-perfluoroisobutyl-ether-cas-163702-08-7\/","og_locale":"it_IT","og_type":"article","og_title":"China Methyl Perfluoroisobutyl Ether Manufacturer CAS 163702-08-7 - Longchang Chemical","og_description":"Methyl Perfluoroisobutyl Ether Manufacturer can be used Precision electronic circuit board cleaner and is the key product of Longchang Chemical. We are the leading manufacturer and supplier in China with the best quanlity and competitive price.","og_url":"https:\/\/longchangchemical.com\/it\/product\/methyl-perfluoroisobutyl-ether-cas-163702-08-7\/","og_site_name":"Longchang Chemical","article_modified_time":"2026-01-12T06:35:53+00:00","og_image":[{"width":800,"height":800,"url":"https:\/\/longchangchemical.com\/wp-content\/uploads\/2024\/03\/Methyl-Perfluoroisobutyl-Ether-CAS-163702-08-7-1.jpg","type":"image\/jpeg"}],"twitter_card":"summary_large_image","schema":{"@context":"https:\/\/schema.org","@graph":[{"@type":"WebPage","@id":"https:\/\/longchangchemical.com\/product\/methyl-perfluoroisobutyl-ether-cas-163702-08-7\/","url":"https:\/\/longchangchemical.com\/product\/methyl-perfluoroisobutyl-ether-cas-163702-08-7\/","name":"Cina Methyl Perfluoroisobutyl Ether Produttore CAS 163702-08-7 - Longchang Chemical","isPartOf":{"@id":"https:\/\/longchangchemical.com\/#website"},"primaryImageOfPage":{"@id":"https:\/\/longchangchemical.com\/product\/methyl-perfluoroisobutyl-ether-cas-163702-08-7\/#primaryimage"},"image":{"@id":"https:\/\/longchangchemical.com\/product\/methyl-perfluoroisobutyl-ether-cas-163702-08-7\/#primaryimage"},"thumbnailUrl":"https:\/\/longchangchemical.com\/wp-content\/uploads\/2024\/03\/Methyl-Perfluoroisobutyl-Ether-CAS-163702-08-7-1.jpg","datePublished":"2024-03-01T07:02:49+00:00","dateModified":"2026-01-12T06:35:53+00:00","description":"Il produttore di metil perfluoroisobutil etere pu\u00f2 essere utilizzato come detergente per circuiti elettronici di precisione ed \u00e8 il prodotto chiave di Longchang Chemical. Siamo il principale produttore e fornitore in Cina con la migliore qualit\u00e0 e il prezzo competitivo.","breadcrumb":{"@id":"https:\/\/longchangchemical.com\/product\/methyl-perfluoroisobutyl-ether-cas-163702-08-7\/#breadcrumb"},"inLanguage":"it-IT","potentialAction":[{"@type":"ReadAction","target":["https:\/\/longchangchemical.com\/product\/methyl-perfluoroisobutyl-ether-cas-163702-08-7\/"]}]},{"@type":"ImageObject","inLanguage":"it-IT","@id":"https:\/\/longchangchemical.com\/product\/methyl-perfluoroisobutyl-ether-cas-163702-08-7\/#primaryimage","url":"https:\/\/longchangchemical.com\/wp-content\/uploads\/2024\/03\/Methyl-Perfluoroisobutyl-Ether-CAS-163702-08-7-1.jpg","contentUrl":"https:\/\/longchangchemical.com\/wp-content\/uploads\/2024\/03\/Methyl-Perfluoroisobutyl-Ether-CAS-163702-08-7-1.jpg","width":800,"height":800},{"@type":"BreadcrumbList","@id":"https:\/\/longchangchemical.com\/product\/methyl-perfluoroisobutyl-ether-cas-163702-08-7\/#breadcrumb","itemListElement":[{"@type":"ListItem","position":1,"name":"Home","item":"https:\/\/longchangchemical.com\/"},{"@type":"ListItem","position":2,"name":"Products Longchang","item":"https:\/\/longchangchemical.com\/product\/"},{"@type":"ListItem","position":3,"name":"Methyl Perfluoroisobutyl Ether CAS 163702-08-7"}]},{"@type":"WebSite","@id":"https:\/\/longchangchemical.com\/#website","url":"https:\/\/longchangchemical.com\/","name":"Longchang Chemical","description":"Cina produttore di prodotti chimici \uff06 fornitore","publisher":{"@id":"https:\/\/longchangchemical.com\/#organization"},"potentialAction":[{"@type":"SearchAction","target":{"@type":"EntryPoint","urlTemplate":"https:\/\/longchangchemical.com\/?s={search_term_string}"},"query-input":{"@type":"PropertyValueSpecification","valueRequired":true,"valueName":"search_term_string"}}],"inLanguage":"it-IT"},{"@type":"Organization","@id":"https:\/\/longchangchemical.com\/#organization","name":"Longchang Chemical","url":"https:\/\/longchangchemical.com\/","logo":{"@type":"ImageObject","inLanguage":"it-IT","@id":"https:\/\/longchangchemical.com\/#\/schema\/logo\/image\/","url":"https:\/\/longchangchemical.com\/wp-content\/uploads\/2020\/08\/cropped-longchang-logo.png","contentUrl":"https:\/\/longchangchemical.com\/wp-content\/uploads\/2020\/08\/cropped-longchang-logo.png","width":512,"height":512,"caption":"Longchang Chemical"},"image":{"@id":"https:\/\/longchangchemical.com\/#\/schema\/logo\/image\/"}}]}},"_links":{"self":[{"href":"https:\/\/longchangchemical.com\/it\/wp-json\/wp\/v2\/product\/6673","targetHints":{"allow":["GET"]}}],"collection":[{"href":"https:\/\/longchangchemical.com\/it\/wp-json\/wp\/v2\/product"}],"about":[{"href":"https:\/\/longchangchemical.com\/it\/wp-json\/wp\/v2\/types\/product"}],"replies":[{"embeddable":true,"href":"https:\/\/longchangchemical.com\/it\/wp-json\/wp\/v2\/comments?post=6673"}],"wp:featuredmedia":[{"embeddable":true,"href":"https:\/\/longchangchemical.com\/it\/wp-json\/wp\/v2\/media\/6712"}],"wp:attachment":[{"href":"https:\/\/longchangchemical.com\/it\/wp-json\/wp\/v2\/media?parent=6673"}],"wp:term":[{"taxonomy":"product_brand","embeddable":true,"href":"https:\/\/longchangchemical.com\/it\/wp-json\/wp\/v2\/product_brand?post=6673"},{"taxonomy":"product_cat","embeddable":true,"href":"https:\/\/longchangchemical.com\/it\/wp-json\/wp\/v2\/product_cat?post=6673"},{"taxonomy":"product_tag","embeddable":true,"href":"https:\/\/longchangchemical.com\/it\/wp-json\/wp\/v2\/product_tag?post=6673"}],"curies":[{"name":"wp","href":"https:\/\/api.w.org\/{rel}","templated":true}]}}