{"id":6646,"date":"2024-02-19T06:44:48","date_gmt":"2024-02-19T06:44:48","guid":{"rendered":"https:\/\/longchangchemical.com\/?post_type=product&#038;p=6646"},"modified":"2024-08-01T07:00:26","modified_gmt":"2024-08-01T07:00:26","slug":"3-hpp-ceppa-cas-14657-64-8","status":"publish","type":"product","link":"https:\/\/longchangchemical.com\/it\/product\/3-hpp-ceppa-cas-14657-64-8\/","title":{"rendered":"Lcflare\u00ae 3-HPP\/CEPPA"},"content":{"rendered":"<h1>Lcflare\u00ae 3-HPP\/CEPPA<\/h1>\n<p><strong>Sinonimo:<\/strong>\u00a0Acido 3-idrossifenilfosfinil-propanoico ;Acido 2-carbossil etil(fenil)fosfinico<\/p>\n<p><strong>Cas No.<\/strong>:14657-64-8<\/p>\n<p><strong>Specifiche:\u00a0<\/strong><strong>\u00a0\u00a0\u00a0\u00a0\u00a0\u00a0\u00a0\u00a0\u00a0\u00a0<\/strong>\u00a0<strong>\u00a0\u00a0\u00a0\u00a0<\/strong><\/p>\n<table>\n<tbody>\n<tr>\n<td width=\"183\"><strong><b>3-HPP\/CEPPA<\/b><\/strong><\/td>\n<td width=\"272\">Forma solida<\/td>\n<\/tr>\n<tr>\n<td width=\"183\">Aspetto<\/td>\n<td width=\"272\">Cristallo bianco<\/td>\n<\/tr>\n<tr>\n<td width=\"183\">Contenuto (HPLC)<\/td>\n<td width=\"272\">\u226599.5%<\/td>\n<\/tr>\n<tr>\n<td width=\"183\">Punto di fusione (DSC, \u00b0C)<\/td>\n<td width=\"272\">\u2265158<\/td>\n<\/tr>\n<tr>\n<td width=\"183\">Contenuto di ferro (%)<\/td>\n<td width=\"272\">\u22640.02<\/td>\n<\/tr>\n<tr>\n<td width=\"183\">Contenuto di fosforo (%)<\/td>\n<td width=\"272\">14,0\u00b10,5%<\/td>\n<\/tr>\n<tr>\n<td width=\"183\">Contenuto di ioni cloruro (%)<\/td>\n<td width=\"272\">\u226410ppm<\/td>\n<\/tr>\n<tr>\n<td width=\"183\">Indice di acidit\u00e0 (mg KOH\/g)<\/td>\n<td width=\"272\">522.0\u00b14.0<\/td>\n<\/tr>\n<tr>\n<td width=\"183\">Umidit\u00e0 (K.F ,%)<\/td>\n<td width=\"272\">\u22640.1<\/td>\n<\/tr>\n<\/tbody>\n<\/table>\n<p><strong> Il ritardante di fiamma della fibra di poliestere (PET) \u00e8 attualmente utilizzato principalmente per aggiungere ritardanti di fiamma o reagire ai ritardanti di fiamma nella struttura molecolare per ottenere un effetto ritardante di fiamma. I ritardanti di fiamma additivi privi di alogeni non possono aderire efficacemente al poliestere poli L'effetto ritardante di fiamma \u00e8 generalmente scarso sul filo di fibra di estere, o l'effetto ritardante di fiamma non pu\u00f2 essere sostenuto, e non ha una funzione ritardante di fiamma permanente; e il ritardante di fiamma al fosforo 3-HPP\/CEPPA \u00e8 un ritardante di fiamma reattivo privo di alogeni, il suo principio Si tratta di un chip di poliestere ritardante di fiamma permanente sintetizzato dalla copolimerizzazione con acido tereftalico (PTA) e glicole etilenico (EG). Poich\u00e9 il 3-HPP\/CEPPA partecipa alla reazione di polimerizzazione, si forma una struttura macromolecolare, per cui si ottiene un chip di poliestere ritardante di fiamma con una buona filabilit\u00e0 e un ritardo di fiamma permanente; questo prodotto ha un elevato contenuto di fosforo dell'elemento ritardante di fiamma (14,5%) e un buon effetto ritardante di fiamma. Quando si sintetizza il poliestere ritardante di fiamma, si aggiungono 4-5% (percentuale in peso) di chip di fibra di poliestere a base di ritardante di fiamma 3-HPP\/CEPPA, l'indice di ossigeno pu\u00f2 raggiungere 32-33%; la reattivit\u00e0 \u00e8 buona e si possono ottenere chip di poliestere ad alto peso molecolare; non tossico e insapore, con elevata stabilit\u00e0 al calore, stabilit\u00e0 all'ossidazione e resistenza all'acqua. Questo prodotto \u00e8 particolarmente adatto ai produttori di trucioli di poliestere per la produzione di trucioli di poliestere ignifughi di alta qualit\u00e0.<\/strong><\/p>\n<p><strong>Imballaggio<\/strong>25 kg \/ sacco \/ cartone o 500 kg \/ sacco.<\/p>\n<p><strong>Applicazione:<\/strong><\/p>\n<p>Ritardante di fiamma ecologico, adatto alla produzione di prodotti poliuretanici permanentemente ritardanti di fiamma, come chips di poliestere, filamenti, fibre in fiocco, tessuti e film. I chip di poliuretano ottenuti hanno una buona tonalit\u00e0 e una buona filabilit\u00e0. Rispetto al PET convenzionale, la filabilit\u00e0 dei prodotti in poliestere ritardante di fiamma dopo l'aggiunta di questo prodotto ha le stesse propriet\u00e0 di filatura e di trazione dei chip di poliestere convenzionali. Prodotti in poliestere ritardante di fiamma Ha un'eccellente stabilit\u00e0 termica, non si decompone durante il processo di filatura e non ha un odore particolare nel sito di filatura. Pu\u00f2 migliorare le prestazioni antistatiche dei prodotti in poliestere e ha una buona filabilit\u00e0. La fibra ha buone propriet\u00e0 di tessitura e pu\u00f2 essere sottoposta a qualsiasi filatura. Il sistema seta esegue la lavorazione in filatura e il tessuto pu\u00f2 ottenere propriet\u00e0 ignifughe permanenti. Quando viene copolimerizzato con PTA ed EG, la quantit\u00e0 di additivo \u00e8 di 2,5~4,5%, il contenuto di fosforo dei chip di poliestere ritardante di fiamma \u00e8 di 0,35-0,60% e l'indice di ossigeno ritardante di fiamma dopo la filatura del tessuto \u00e8 di 30~36%. \u00c8 ampiamente utilizzato nei settori dei ritardanti di fiamma come il ritardante di fiamma tessile, il ritardante di fiamma di filatura, il ritardante di fiamma di fibre chimiche, vari materiali di abbigliamento, tessuti decorativi, ecc.<\/p>\n<p><strong><b>Stoccaggio:<\/b><\/strong><\/p>\n<p>Conservati in magazzini asciutti e puliti con una buona ventilazione.<\/p>\n<p>Evitare l'esposizione alla luce e al calore.<\/p>\n<p>Proteggere il prodotto da perdite, pioggia e insolazione durante il trasporto.<\/p>\n<h2><strong><b>Contattateci ora!<\/b><\/strong><\/h2>\n<h4><strong><b>Se avete bisogno di Price, inserite i vostri dati di contatto nel modulo sottostante; di solito vi contatteremo entro 24 ore. Potete anche inviarmi un'e-mail\u00a0<span style=\"color: #00ccff;\"><a style=\"color: #00ccff;\" href=\"mailto:info@longchangchemical.com\">info@longchangchemical.com<\/a>\u00a0<\/span>durante l'orario di lavoro (dalle 8:30 alle 18:00 UTC+8 lun.-sab.) o utilizzare la live chat del sito web per ottenere una risposta immediata.<\/b><\/strong><\/h4>","protected":false},"excerpt":{"rendered":"<p>Nome chimico: Acido 3-idrossifenilfosfinil-propanoico<\/p>\n<p>N. CAS: 14657-64-8<\/p>\n<p>Formula: C9H11O4P<\/p>\n<p>Confezione: 25kg\/sacco\/cartone o 500kgs\/sacco.<\/p>","protected":false},"featured_media":0,"comment_status":"open","ping_status":"closed","template":"","meta":[],"product_brand":[],"product_cat":[153],"product_tag":[],"class_list":{"0":"post-6646","1":"product","2":"type-product","3":"status-publish","5":"product_cat-Lcflare-flame-retardant","7":"first","8":"instock","9":"shipping-taxable","10":"product-type-simple"},"yoast_head":"<!-- This site is optimized with the Yoast SEO plugin v25.3.1 - https:\/\/yoast.com\/wordpress\/plugins\/seo\/ -->\n<title>Flame retardant 3-HPP \/ CEPPA ( 3-Hydroxyphenylphosphinyl-propanoic acid ) manufacturer - Longchang Chemical<\/title>\n<meta name=\"description\" content=\"Lcflare\u00ae 3-HPP \/ CEPPA ( 2-carboxyl ethyl(phenyl)phosphinic Acid ) CAS 14657-64-8 can be used as a Flame retardant and is the key product of Longchang chemical. We are the leading Flame retardant manufacturer and supplier in China with the best quanlity and competitive price.\" \/>\n<meta name=\"robots\" content=\"index, follow, max-snippet:-1, max-image-preview:large, max-video-preview:-1\" \/>\n<link rel=\"canonical\" href=\"https:\/\/longchangchemical.com\/it\/product\/3-hpp-ceppa-cas-14657-64-8\/\" \/>\n<meta property=\"og:locale\" content=\"it_IT\" \/>\n<meta property=\"og:type\" content=\"article\" \/>\n<meta property=\"og:title\" content=\"Flame retardant 3-HPP \/ CEPPA ( 3-Hydroxyphenylphosphinyl-propanoic acid ) manufacturer - Longchang Chemical\" \/>\n<meta property=\"og:description\" content=\"Lcflare\u00ae 3-HPP \/ CEPPA ( 2-carboxyl ethyl(phenyl)phosphinic Acid ) CAS 14657-64-8 can be used as a Flame retardant and is the key product of Longchang chemical. We are the leading Flame retardant manufacturer and supplier in China with the best quanlity and competitive price.\" \/>\n<meta property=\"og:url\" content=\"https:\/\/longchangchemical.com\/it\/product\/3-hpp-ceppa-cas-14657-64-8\/\" \/>\n<meta property=\"og:site_name\" content=\"Longchang Chemical\" \/>\n<meta property=\"article:modified_time\" content=\"2024-08-01T07:00:26+00:00\" \/>\n<meta property=\"og:image\" content=\"https:\/\/longchangchemical.com\/wp-content\/uploads\/2024\/02\/Lcflare\u00ae-3-HPPCEPPA.jpg\" \/>\n\t<meta property=\"og:image:width\" content=\"800\" \/>\n\t<meta property=\"og:image:height\" content=\"800\" \/>\n\t<meta property=\"og:image:type\" content=\"image\/jpeg\" \/>\n<meta name=\"twitter:card\" content=\"summary_large_image\" \/>\n<script type=\"application\/ld+json\" class=\"yoast-schema-graph\">{\"@context\":\"https:\/\/schema.org\",\"@graph\":[{\"@type\":\"WebPage\",\"@id\":\"https:\/\/longchangchemical.com\/product\/3-hpp-ceppa-cas-14657-64-8\/\",\"url\":\"https:\/\/longchangchemical.com\/product\/3-hpp-ceppa-cas-14657-64-8\/\",\"name\":\"Flame retardant 3-HPP \/ CEPPA ( 3-Hydroxyphenylphosphinyl-propanoic acid ) manufacturer - Longchang Chemical\",\"isPartOf\":{\"@id\":\"https:\/\/longchangchemical.com\/#website\"},\"datePublished\":\"2024-02-19T06:44:48+00:00\",\"dateModified\":\"2024-08-01T07:00:26+00:00\",\"description\":\"Lcflare\u00ae 3-HPP \/ CEPPA ( 2-carboxyl ethyl(phenyl)phosphinic Acid ) CAS 14657-64-8 can be used as a Flame retardant and is the key product of Longchang chemical. We are the leading Flame retardant manufacturer and supplier in China with the best quanlity and competitive price.\",\"breadcrumb\":{\"@id\":\"https:\/\/longchangchemical.com\/product\/3-hpp-ceppa-cas-14657-64-8\/#breadcrumb\"},\"inLanguage\":\"it-IT\",\"potentialAction\":[{\"@type\":\"ReadAction\",\"target\":[\"https:\/\/longchangchemical.com\/product\/3-hpp-ceppa-cas-14657-64-8\/\"]}]},{\"@type\":\"BreadcrumbList\",\"@id\":\"https:\/\/longchangchemical.com\/product\/3-hpp-ceppa-cas-14657-64-8\/#breadcrumb\",\"itemListElement\":[{\"@type\":\"ListItem\",\"position\":1,\"name\":\"Home\",\"item\":\"https:\/\/longchangchemical.com\/\"},{\"@type\":\"ListItem\",\"position\":2,\"name\":\"Products Longchang\",\"item\":\"https:\/\/longchangchemical.com\/product\/\"},{\"@type\":\"ListItem\",\"position\":3,\"name\":\"Lcflare\u00ae 3-HPP\/CEPPA\"}]},{\"@type\":\"WebSite\",\"@id\":\"https:\/\/longchangchemical.com\/#website\",\"url\":\"https:\/\/longchangchemical.com\/\",\"name\":\"Longchang Chemical\",\"description\":\"China chemical manufacturer \uff06 supplier\",\"publisher\":{\"@id\":\"https:\/\/longchangchemical.com\/#organization\"},\"potentialAction\":[{\"@type\":\"SearchAction\",\"target\":{\"@type\":\"EntryPoint\",\"urlTemplate\":\"https:\/\/longchangchemical.com\/?s={search_term_string}\"},\"query-input\":{\"@type\":\"PropertyValueSpecification\",\"valueRequired\":true,\"valueName\":\"search_term_string\"}}],\"inLanguage\":\"it-IT\"},{\"@type\":\"Organization\",\"@id\":\"https:\/\/longchangchemical.com\/#organization\",\"name\":\"Longchang Chemical\",\"url\":\"https:\/\/longchangchemical.com\/\",\"logo\":{\"@type\":\"ImageObject\",\"inLanguage\":\"it-IT\",\"@id\":\"https:\/\/longchangchemical.com\/#\/schema\/logo\/image\/\",\"url\":\"https:\/\/longchangchemical.com\/wp-content\/uploads\/2020\/08\/cropped-longchang-logo.png\",\"contentUrl\":\"https:\/\/longchangchemical.com\/wp-content\/uploads\/2020\/08\/cropped-longchang-logo.png\",\"width\":512,\"height\":512,\"caption\":\"Longchang Chemical\"},\"image\":{\"@id\":\"https:\/\/longchangchemical.com\/#\/schema\/logo\/image\/\"}}]}<\/script>\n<!-- \/ Yoast SEO plugin. -->","yoast_head_json":{"title":"Ritardante di fiamma 3-HPP \/ CEPPA (acido 3-idrossifenilfosfinil-propanoico) fabbricante - Longchang Chemical","description":"Lcflare\u00ae 3-HPP \/ CEPPA (acido bicarbossilico etil(fenil)fosfinico) CAS 14657-64-8 pu\u00f2 essere utilizzato come ritardante di fiamma ed \u00e8 il prodotto chiave di Longchang chemical. Siamo il principale produttore e fornitore di ritardanti di fiamma in Cina con la migliore qualit\u00e0 e il prezzo competitivo.","robots":{"index":"index","follow":"follow","max-snippet":"max-snippet:-1","max-image-preview":"max-image-preview:large","max-video-preview":"max-video-preview:-1"},"canonical":"https:\/\/longchangchemical.com\/it\/product\/3-hpp-ceppa-cas-14657-64-8\/","og_locale":"it_IT","og_type":"article","og_title":"Flame retardant 3-HPP \/ CEPPA ( 3-Hydroxyphenylphosphinyl-propanoic acid ) manufacturer - Longchang Chemical","og_description":"Lcflare\u00ae 3-HPP \/ CEPPA ( 2-carboxyl ethyl(phenyl)phosphinic Acid ) CAS 14657-64-8 can be used as a Flame retardant and is the key product of Longchang chemical. We are the leading Flame retardant manufacturer and supplier in China with the best quanlity and competitive price.","og_url":"https:\/\/longchangchemical.com\/it\/product\/3-hpp-ceppa-cas-14657-64-8\/","og_site_name":"Longchang Chemical","article_modified_time":"2024-08-01T07:00:26+00:00","og_image":[{"width":800,"height":800,"url":"https:\/\/longchangchemical.com\/wp-content\/uploads\/2024\/02\/Lcflare\u00ae-3-HPPCEPPA.jpg","type":"image\/jpeg"}],"twitter_card":"summary_large_image","schema":{"@context":"https:\/\/schema.org","@graph":[{"@type":"WebPage","@id":"https:\/\/longchangchemical.com\/product\/3-hpp-ceppa-cas-14657-64-8\/","url":"https:\/\/longchangchemical.com\/product\/3-hpp-ceppa-cas-14657-64-8\/","name":"Ritardante di fiamma 3-HPP \/ CEPPA (acido 3-idrossifenilfosfinil-propanoico) fabbricante - Longchang Chemical","isPartOf":{"@id":"https:\/\/longchangchemical.com\/#website"},"datePublished":"2024-02-19T06:44:48+00:00","dateModified":"2024-08-01T07:00:26+00:00","description":"Lcflare\u00ae 3-HPP \/ CEPPA (acido bicarbossilico etil(fenil)fosfinico) CAS 14657-64-8 pu\u00f2 essere utilizzato come ritardante di fiamma ed \u00e8 il prodotto chiave di Longchang chemical. Siamo il principale produttore e fornitore di ritardanti di fiamma in Cina con la migliore qualit\u00e0 e il prezzo competitivo.","breadcrumb":{"@id":"https:\/\/longchangchemical.com\/product\/3-hpp-ceppa-cas-14657-64-8\/#breadcrumb"},"inLanguage":"it-IT","potentialAction":[{"@type":"ReadAction","target":["https:\/\/longchangchemical.com\/product\/3-hpp-ceppa-cas-14657-64-8\/"]}]},{"@type":"BreadcrumbList","@id":"https:\/\/longchangchemical.com\/product\/3-hpp-ceppa-cas-14657-64-8\/#breadcrumb","itemListElement":[{"@type":"ListItem","position":1,"name":"Home","item":"https:\/\/longchangchemical.com\/"},{"@type":"ListItem","position":2,"name":"Products Longchang","item":"https:\/\/longchangchemical.com\/product\/"},{"@type":"ListItem","position":3,"name":"Lcflare\u00ae 3-HPP\/CEPPA"}]},{"@type":"WebSite","@id":"https:\/\/longchangchemical.com\/#website","url":"https:\/\/longchangchemical.com\/","name":"Longchang Chemical","description":"Cina produttore di prodotti chimici \uff06 fornitore","publisher":{"@id":"https:\/\/longchangchemical.com\/#organization"},"potentialAction":[{"@type":"SearchAction","target":{"@type":"EntryPoint","urlTemplate":"https:\/\/longchangchemical.com\/?s={search_term_string}"},"query-input":{"@type":"PropertyValueSpecification","valueRequired":true,"valueName":"search_term_string"}}],"inLanguage":"it-IT"},{"@type":"Organization","@id":"https:\/\/longchangchemical.com\/#organization","name":"Longchang Chemical","url":"https:\/\/longchangchemical.com\/","logo":{"@type":"ImageObject","inLanguage":"it-IT","@id":"https:\/\/longchangchemical.com\/#\/schema\/logo\/image\/","url":"https:\/\/longchangchemical.com\/wp-content\/uploads\/2020\/08\/cropped-longchang-logo.png","contentUrl":"https:\/\/longchangchemical.com\/wp-content\/uploads\/2020\/08\/cropped-longchang-logo.png","width":512,"height":512,"caption":"Longchang Chemical"},"image":{"@id":"https:\/\/longchangchemical.com\/#\/schema\/logo\/image\/"}}]}},"_links":{"self":[{"href":"https:\/\/longchangchemical.com\/it\/wp-json\/wp\/v2\/product\/6646","targetHints":{"allow":["GET"]}}],"collection":[{"href":"https:\/\/longchangchemical.com\/it\/wp-json\/wp\/v2\/product"}],"about":[{"href":"https:\/\/longchangchemical.com\/it\/wp-json\/wp\/v2\/types\/product"}],"replies":[{"embeddable":true,"href":"https:\/\/longchangchemical.com\/it\/wp-json\/wp\/v2\/comments?post=6646"}],"wp:attachment":[{"href":"https:\/\/longchangchemical.com\/it\/wp-json\/wp\/v2\/media?parent=6646"}],"wp:term":[{"taxonomy":"product_brand","embeddable":true,"href":"https:\/\/longchangchemical.com\/it\/wp-json\/wp\/v2\/product_brand?post=6646"},{"taxonomy":"product_cat","embeddable":true,"href":"https:\/\/longchangchemical.com\/it\/wp-json\/wp\/v2\/product_cat?post=6646"},{"taxonomy":"product_tag","embeddable":true,"href":"https:\/\/longchangchemical.com\/it\/wp-json\/wp\/v2\/product_tag?post=6646"}],"curies":[{"name":"wp","href":"https:\/\/api.w.org\/{rel}","templated":true}]}}