{"id":6582,"date":"2024-02-05T06:12:11","date_gmt":"2024-02-05T06:12:11","guid":{"rendered":"https:\/\/longchangchemical.com\/?post_type=product&#038;p=6582"},"modified":"2026-05-08T03:00:01","modified_gmt":"2026-05-08T03:00:01","slug":"hmf-cas-67-47-0","status":"publish","type":"product","link":"https:\/\/longchangchemical.com\/it\/product\/hmf-cas-67-47-0\/","title":{"rendered":"Idrossimetilfurfurale \/ HMF CAS 67-47-0"},"content":{"rendered":"<h2><strong>Idrossimetilfurfurale \/ HMF CAS 67-47-0<\/strong><\/h2>\n<p>Il 5-idrossimetilfurfurale \u00e8 un'importante materia prima chimica. Contiene un gruppo aldeide e un gruppo idrossimetilico nella sua molecola e pu\u00f2 essere utilizzato per la sintesi di molti composti utili e nuovi materiali polimerici, tra cui prodotti farmaceutici, plastiche resinose, additivi per carburanti diesel, ecc. attraverso idrogenazione, deidrogenazione ossidativa, esterificazione, alogenazione, polimerizzazione, idrolisi e altre reazioni chimiche. In particolare, i poliesteri PEF biobased basati sull'acido furanedicarbossilico hanno dimostrato di possedere molte propriet\u00e0 superiori al PET (polietilene tereftalato) derivato dal petrolio.<\/p>\n<p>&nbsp;<\/p>\n<p><strong><b>Standard<\/b><\/strong><\/p>\n<table>\n<tbody>\n<tr>\n<td width=\"189\">Articolo<\/td>\n<td width=\"264\">Specifiche<\/td>\n<\/tr>\n<tr>\n<td width=\"189\">Aspetto<\/td>\n<td width=\"264\">Solido marrone e giallo<\/td>\n<\/tr>\n<tr>\n<td width=\"189\">Punto di fusione<\/td>\n<td width=\"264\">28-34 \u00b0C<\/td>\n<\/tr>\n<tr>\n<td width=\"189\">Punto di ebollizione<\/td>\n<td width=\"264\">114-116 \u00b0C a 1 mm Hg<\/td>\n<\/tr>\n<tr>\n<td width=\"189\">Densit\u00e0<\/td>\n<td width=\"264\">1,243g\/mL a 25 \u00b0C<\/td>\n<\/tr>\n<\/tbody>\n<\/table>\n<p><strong><b>\u00a0<\/b><\/strong><\/p>\n<p><strong>Applicazione: <\/strong><\/p>\n<p>Pu\u00f2 essere utilizzato negli imballaggi in plastica degradabile, nei materiali funzionali speciali, nei tensioattivi, negli aromi e profumi e in altri settori della chimica fine o farmaceutica.<\/p>\n<p>&nbsp;<\/p>\n<p><strong><b>P<\/b><\/strong><strong><b>ackag<\/b><\/strong><strong><b>e<\/b><\/strong><strong><b>:<\/b><\/strong>25 kg\/tamburo<\/p>\n<p><strong><b>\u00a0<\/b><\/strong><\/p>\n<p><strong><b>Stoccaggio: <\/b><\/strong><\/p>\n<p>Sensibile all'aria, alla luce e al calore, con un forte assorbimento di umidit\u00e0.<\/p>\n<p>Sigillare e conservare a bassa temperatura (&lt;0 \u2103).<\/p>\n<h2><strong><b>Contattateci ora!<\/b><\/strong><\/h2>\n<h4><strong><b>Se avete bisogno di Price, inserite i vostri dati di contatto nel modulo sottostante; di solito vi contatteremo entro 24 ore. Potete anche inviarmi un'e-mail\u00a0<span style=\"color: #00ccff;\"><a style=\"color: #00ccff;\" href=\"mailto:info@longchangchemical.com\">info@longchangchemical.com<\/a>\u00a0<\/span>durante l'orario di lavoro (dalle 8:30 alle 18:00 UTC+8 lun.-sab.) o utilizzare la live chat del sito web per ottenere una risposta immediata.<\/b><\/strong><\/h4>\n<p>&nbsp;<\/p>\n<p><!--more--><\/p>\n<p>Progressi della ricerca sull'applicazione dei catalizzatori nella protezione ambientale<\/p>\n<p>Definizione di catalizzatori per la protezione dell'ambiente I catalizzatori per la protezione dell'ambiente si riferiscono ai catalizzatori utilizzati per proteggere e migliorare l'ambiente circostante, trattando sostanze tossiche e pericolose in modo diretto o indiretto, rendendole innocue o riducendole al fine di proteggere e migliorare l'ambiente circostante. Il campo di applicazione dei catalizzatori per la protezione ambientale pu\u00f2 essere considerato come l'insieme dei catalizzatori utili alla protezione dell'ambiente in senso lato, compresi i processi di sintesi catalitica che non vogliono o non producono sottoprodotti nocivi; in senso stretto, sono i tipi di catalizzatori coinvolti nel miglioramento dell'effetto serra, nell'assottigliamento dello strato di ozono, nell'ampliamento del campo di applicazione delle piogge acide e nell'inquinamento dei corpi idrici. I catalizzatori ambientali si dividono in diretti e indiretti. Ad esempio, il catalizzatore utilizzato per rimuovere gli ossidi di azoto (NOX) dai gas di scarico appartiene a quello diretto; il catalizzatore utilizzato per inibire la produzione di NOX nel processo di combustione appartiene a quello indiretto.<\/p>\n<p>2.1 Catalizzatori per veicoli a combustione magra Quando i motori diesel funzionano in condizioni di combustione magra, il rapporto aria-carburante (rapporto tra aria e carburante) dei motori a benzina \u00e8 superiore a 17:1, o addirittura superiore. In questo caso, le prestazioni del motore possono essere notevolmente migliorate, riducendo le emissioni di CO, idrocarburi e CO2, ma le emissioni di NOx aumentano notevolmente. Per i catalizzatori a tre effetti di metalli preziosi attualmente in uso, un rapporto aria-carburante cos\u00ec elevato \u00e8 al di l\u00e0 del normale intervallo operativo e non pu\u00f2 quindi migliorare efficacemente la riduzione degli NOx. Pertanto, \u00e8 necessario sviluppare nuovi catalizzatori per autoveicoli in grado di migliorare la conversione degli NOx in condizioni di magra e la riduzione catalitica degli NOx in condizioni di magra ha attirato l'interesse dei ricercatori. Una volta che questo catalizzatore sar\u00e0 studiato con successo, sar\u00e0 ampiamente utilizzato nei veicoli con motori diesel e motori a benzina poveri di petrolio.<\/p>\n<p>2.2 Ricerca sulla desolforazione dei gas di scarico Il metodo migliore per la desolforazione dei gas di scarico \u00e8 la riduzione catalitica selettiva della SO2 a zolfo elementare. Questo metodo non solo elimina la fonte di inquinamento da SO2 nei gas di scarico, ma recupera anche il prodotto, cio\u00e8 lo zolfo elementare solido, che non solo \u00e8 facile da trasportare, ma pu\u00f2 anche essere riutilizzato. Attualmente, la maggior parte dei metodi di riduzione catalitica selettiva della SO2 a zolfo elementare \u00e8 in fase di ricerca. I problemi sono l'interferenza dell'ossigeno in eccesso nei gas di scarico nel processo di riduzione e l'avvelenamento del catalizzatore.<\/p>\n<p>2.3 Trattamento di ossidazione catalitica di acque reflue organiche non degradabili ad alta concentrazione Con lo sviluppo dell'industria farmaceutica, chimica e dei coloranti, sono sempre pi\u00f9 numerose le acque reflue non degradabili ad alta concentrazione, caratterizzate da un'elevata tossicit\u00e0 degli inquinanti, da un'alta concentrazione di inquinanti, da una difficile biodegradazione e da un alto contenuto di sali inorganici. Uno dei metodi pi\u00f9 efficaci per trattare tali acque reflue \u00e8 l'ossidazione chimica. Attualmente, la tecnologia di ossidazione catalitica a umido ad alta efficienza \u00e8 un argomento di ricerca molto popolare. Questo metodo pu\u00f2 ossidare direttamente gli inquinanti organici presenti nell'acqua o ossidare gli inquinanti organici a grande molecola presenti nell'acqua in inquinanti organici a piccola molecola, al fine di migliorare la biochimica delle acque reflue. Con il trattamento biochimico \u00e8 possibile rimuovere meglio gli inquinanti organici presenti nell'acqua. Questo metodo \u00e8 comunemente utilizzato per aumentare l'ossidazione catalitica degli inquinanti organici. Possono essere utilizzati ossidanti: aria, perossido di idrogeno, ozono, ipoclorito di sodio, biossido di cloro e altri ossidanti. La chiave di questo metodo \u00e8 lo sviluppo di catalizzatori di ossidazione non omogenei altamente efficienti.<\/p>\n<p>2.4 Tipi di catalizzatori per la protezione dell'ambiente e utilizzo nella situazione attuale I problemi ambientali sulla terra sono di vario tipo e quelli che attualmente devono essere risolti con urgenza sono: l'effetto serra, la distruzione dello strato di ozono, l'espansione della portata delle piogge acide, l'emissione di metalli pesanti e altri inquinanti ambientali, la riduzione delle foreste pluviali tropicali e la desertificazione del suolo, ecc. I primi tre sono i problemi pi\u00f9 importanti del mondo. I primi tre di questi problemi sono causati da sostanze chimiche emesse nell'atmosfera. Ad esempio, l'anidride carbonica (CO2), il metano (CH4) e il protossido di azoto (N2O) sono tutti legati all'effetto serra, il freon e l'N2O distruggono lo strato di ozono, mentre l'anidride solforosa (SO2) e gli NOX sono i principali fattori di formazione delle piogge acide e dello smog fotochimico, che possono essere eliminati o ridotti principalmente con metodi chimici. A causa della bassa quantit\u00e0 di reagenti coinvolti nel processo di emissione dei suddetti inquinanti, della temperatura di reazione troppo alta o troppo bassa e del tempo di contatto tra i reagenti e il catalizzatore particolarmente breve, ecc. i catalizzatori ambientali, rispetto ai catalizzatori utilizzati in altre reazioni chimiche, sono pi\u00f9 difficili da produrre e presentano requisiti pi\u00f9 elevati in termini di attivit\u00e0, selettivit\u00e0 e durata dei catalizzatori.<\/p>\n<p>2.5 Nuovi catalizzatori per la protezione dell'ambiente<\/p>\n<p>2.5.1 Materiali silicati L'argilla naturale, come la montmorillonite, ha una struttura simile a un setaccio molecolare ed \u00e8 un vettore di catalizzatori e un buon adsorbente per il trattamento degli ioni di metalli pesanti nelle acque reflue. \u00c8 ampiamente utilizzata come vettore di catalizzatori per la protezione ambientale, come la purificazione dei gas di scarico delle automobili, la desolforazione dei gas di scarico, la denitrificazione e la combustione catalitica dei gas di scarico organici.<\/p>\n<p>2.5.2 Il TiO2 \u00e8 un semiconduttore di tipo N con una buona conduttivit\u00e0 fotosensibile, spesso utilizzato come vettore catalitico. Oggi il TiO2 \u00e8 ampiamente utilizzato come fotocatalizzatore e catalizzatore di elettrodi. I vetri, le piastrelle, i mobili e le tende autopulenti rivestiti di TiO2 attivo catalizzano e purificano automaticamente l'aria interna sotto l'irradiazione della luce solare e della luce.<\/p>\n<p>2.5.3 Il processo biocatalitico si basa solitamente su materiali biologici non tossici e innocui come materie prime, che possono essere fatti reagire a temperatura e pressione ambiente e il processo \u00e8 semplice. I biocatalizzatori sono catalizzatori verdi ideali per il loro alto tasso di conversione, l'elevata specificit\u00e0, i bassi sottoprodotti e l'uso ripetuto. 2.5.4 Il liquido ionico a temperatura ambiente pu\u00f2 essere utilizzato sia come catalizzatore acido che come solvente verde. Grazie ai vantaggi della facilit\u00e0 di produzione, della bassa tossicit\u00e0, del prezzo contenuto, dell'incombustibilit\u00e0, delle prestazioni regolabili, ecc. si prevede che sar\u00e0 un catalizzatore ecologico con il potenziale di provocare una rivoluzione nell'industria chimica e buone prospettive di applicazione industriale.<\/p>","protected":false},"excerpt":{"rendered":"<p><strong>Nome chimico:<\/strong>\u00a05-idrossimetilfurfurale<\/p>\n<p><strong>Sinonimo: <\/strong>5-(Idrossimetil)-2-furaldeide, HMF<\/p>\n<p><strong>Numero CAS:<\/strong>\u00a067-47-0<\/p>\n<p><strong>MF<\/strong>: C6H6O3\u00a0 <strong>MW<\/strong><strong>: <\/strong>126.11<\/p>\n<p>&nbsp;<\/p>","protected":false},"featured_media":6721,"comment_status":"open","ping_status":"closed","template":"","meta":[],"product_brand":[],"product_cat":[69],"product_tag":[],"class_list":{"0":"post-6582","1":"product","2":"type-product","3":"status-publish","4":"has-post-thumbnail","6":"product_cat-catalysts-chemical-auxiliary-agents","8":"first","9":"instock","10":"shipping-taxable","11":"product-type-simple"},"yoast_head":"<!-- This site is optimized with the Yoast SEO plugin v25.3.1 - https:\/\/yoast.com\/wordpress\/plugins\/seo\/ -->\n<title>China Hydroxymethylfurfural Manufacturer \/ HMF supplier CAS 67-47-0 - Longchang Chemical<\/title>\n<meta name=\"description\" content=\"5-HMF is an organic compound derived from dehydration of certain sugars (hexoses). This yellow, low-melting solid is highly water-soluble. Buy 5-HMF from Longchang Chemical.\" \/>\n<meta name=\"robots\" content=\"index, follow, max-snippet:-1, max-image-preview:large, max-video-preview:-1\" \/>\n<link rel=\"canonical\" href=\"https:\/\/longchangchemical.com\/it\/product\/hmf-cas-67-47-0\/\" \/>\n<meta property=\"og:locale\" content=\"it_IT\" \/>\n<meta property=\"og:type\" content=\"article\" \/>\n<meta property=\"og:title\" content=\"China Hydroxymethylfurfural Manufacturer \/ HMF supplier CAS 67-47-0 - Longchang Chemical\" \/>\n<meta property=\"og:description\" content=\"5-HMF is an organic compound derived from dehydration of certain sugars (hexoses). This yellow, low-melting solid is highly water-soluble. Buy 5-HMF from Longchang Chemical.\" \/>\n<meta property=\"og:url\" content=\"https:\/\/longchangchemical.com\/it\/product\/hmf-cas-67-47-0\/\" \/>\n<meta property=\"og:site_name\" content=\"Longchang Chemical\" \/>\n<meta property=\"article:modified_time\" content=\"2026-05-08T03:00:01+00:00\" \/>\n<meta property=\"og:image\" content=\"https:\/\/longchangchemical.com\/wp-content\/uploads\/2024\/02\/Hydroxymethylfurfural-HMF-CAS-67-47-0.jpg\" \/>\n\t<meta property=\"og:image:width\" content=\"800\" \/>\n\t<meta property=\"og:image:height\" content=\"800\" \/>\n\t<meta property=\"og:image:type\" content=\"image\/jpeg\" \/>\n<meta name=\"twitter:card\" content=\"summary_large_image\" \/>\n<script type=\"application\/ld+json\" class=\"yoast-schema-graph\">{\"@context\":\"https:\/\/schema.org\",\"@graph\":[{\"@type\":\"WebPage\",\"@id\":\"https:\/\/longchangchemical.com\/product\/hmf-cas-67-47-0\/\",\"url\":\"https:\/\/longchangchemical.com\/product\/hmf-cas-67-47-0\/\",\"name\":\"China Hydroxymethylfurfural Manufacturer \/ HMF supplier CAS 67-47-0 - Longchang Chemical\",\"isPartOf\":{\"@id\":\"https:\/\/longchangchemical.com\/#website\"},\"primaryImageOfPage\":{\"@id\":\"https:\/\/longchangchemical.com\/product\/hmf-cas-67-47-0\/#primaryimage\"},\"image\":{\"@id\":\"https:\/\/longchangchemical.com\/product\/hmf-cas-67-47-0\/#primaryimage\"},\"thumbnailUrl\":\"https:\/\/longchangchemical.com\/wp-content\/uploads\/2024\/02\/Hydroxymethylfurfural-HMF-CAS-67-47-0.jpg\",\"datePublished\":\"2024-02-05T06:12:11+00:00\",\"dateModified\":\"2026-05-08T03:00:01+00:00\",\"description\":\"5-HMF is an organic compound derived from dehydration of certain sugars (hexoses). This yellow, low-melting solid is highly water-soluble. Buy 5-HMF from Longchang Chemical.\",\"breadcrumb\":{\"@id\":\"https:\/\/longchangchemical.com\/product\/hmf-cas-67-47-0\/#breadcrumb\"},\"inLanguage\":\"it-IT\",\"potentialAction\":[{\"@type\":\"ReadAction\",\"target\":[\"https:\/\/longchangchemical.com\/product\/hmf-cas-67-47-0\/\"]}]},{\"@type\":\"ImageObject\",\"inLanguage\":\"it-IT\",\"@id\":\"https:\/\/longchangchemical.com\/product\/hmf-cas-67-47-0\/#primaryimage\",\"url\":\"https:\/\/longchangchemical.com\/wp-content\/uploads\/2024\/02\/Hydroxymethylfurfural-HMF-CAS-67-47-0.jpg\",\"contentUrl\":\"https:\/\/longchangchemical.com\/wp-content\/uploads\/2024\/02\/Hydroxymethylfurfural-HMF-CAS-67-47-0.jpg\",\"width\":800,\"height\":800},{\"@type\":\"BreadcrumbList\",\"@id\":\"https:\/\/longchangchemical.com\/product\/hmf-cas-67-47-0\/#breadcrumb\",\"itemListElement\":[{\"@type\":\"ListItem\",\"position\":1,\"name\":\"Home\",\"item\":\"https:\/\/longchangchemical.com\/\"},{\"@type\":\"ListItem\",\"position\":2,\"name\":\"Products Longchang\",\"item\":\"https:\/\/longchangchemical.com\/product\/\"},{\"@type\":\"ListItem\",\"position\":3,\"name\":\"Hydroxymethylfurfural \/ HMF CAS 67-47-0\"}]},{\"@type\":\"WebSite\",\"@id\":\"https:\/\/longchangchemical.com\/#website\",\"url\":\"https:\/\/longchangchemical.com\/\",\"name\":\"Longchang Chemical\",\"description\":\"China chemical manufacturer \uff06 supplier\",\"publisher\":{\"@id\":\"https:\/\/longchangchemical.com\/#organization\"},\"potentialAction\":[{\"@type\":\"SearchAction\",\"target\":{\"@type\":\"EntryPoint\",\"urlTemplate\":\"https:\/\/longchangchemical.com\/?s={search_term_string}\"},\"query-input\":{\"@type\":\"PropertyValueSpecification\",\"valueRequired\":true,\"valueName\":\"search_term_string\"}}],\"inLanguage\":\"it-IT\"},{\"@type\":\"Organization\",\"@id\":\"https:\/\/longchangchemical.com\/#organization\",\"name\":\"Longchang Chemical\",\"url\":\"https:\/\/longchangchemical.com\/\",\"logo\":{\"@type\":\"ImageObject\",\"inLanguage\":\"it-IT\",\"@id\":\"https:\/\/longchangchemical.com\/#\/schema\/logo\/image\/\",\"url\":\"https:\/\/longchangchemical.com\/wp-content\/uploads\/2020\/08\/cropped-longchang-logo.png\",\"contentUrl\":\"https:\/\/longchangchemical.com\/wp-content\/uploads\/2020\/08\/cropped-longchang-logo.png\",\"width\":512,\"height\":512,\"caption\":\"Longchang Chemical\"},\"image\":{\"@id\":\"https:\/\/longchangchemical.com\/#\/schema\/logo\/image\/\"}}]}<\/script>\n<!-- \/ Yoast SEO plugin. -->","yoast_head_json":{"title":"Cina Idrossimetilfurfurale Produttore \/ HMF fornitore CAS 67-47-0 - Longchang Chemical","description":"Il 5-HMF \u00e8 un composto organico derivato dalla disidratazione di alcuni zuccheri (esosi). Questo solido giallo e poco fondente \u00e8 altamente solubile in acqua. Acquistare 5-HMF da Longchang Chemical.","robots":{"index":"index","follow":"follow","max-snippet":"max-snippet:-1","max-image-preview":"max-image-preview:large","max-video-preview":"max-video-preview:-1"},"canonical":"https:\/\/longchangchemical.com\/it\/product\/hmf-cas-67-47-0\/","og_locale":"it_IT","og_type":"article","og_title":"China Hydroxymethylfurfural Manufacturer \/ HMF supplier CAS 67-47-0 - Longchang Chemical","og_description":"5-HMF is an organic compound derived from dehydration of certain sugars (hexoses). This yellow, low-melting solid is highly water-soluble. Buy 5-HMF from Longchang Chemical.","og_url":"https:\/\/longchangchemical.com\/it\/product\/hmf-cas-67-47-0\/","og_site_name":"Longchang Chemical","article_modified_time":"2026-05-08T03:00:01+00:00","og_image":[{"width":800,"height":800,"url":"https:\/\/longchangchemical.com\/wp-content\/uploads\/2024\/02\/Hydroxymethylfurfural-HMF-CAS-67-47-0.jpg","type":"image\/jpeg"}],"twitter_card":"summary_large_image","schema":{"@context":"https:\/\/schema.org","@graph":[{"@type":"WebPage","@id":"https:\/\/longchangchemical.com\/product\/hmf-cas-67-47-0\/","url":"https:\/\/longchangchemical.com\/product\/hmf-cas-67-47-0\/","name":"Cina Idrossimetilfurfurale Produttore \/ HMF fornitore CAS 67-47-0 - Longchang Chemical","isPartOf":{"@id":"https:\/\/longchangchemical.com\/#website"},"primaryImageOfPage":{"@id":"https:\/\/longchangchemical.com\/product\/hmf-cas-67-47-0\/#primaryimage"},"image":{"@id":"https:\/\/longchangchemical.com\/product\/hmf-cas-67-47-0\/#primaryimage"},"thumbnailUrl":"https:\/\/longchangchemical.com\/wp-content\/uploads\/2024\/02\/Hydroxymethylfurfural-HMF-CAS-67-47-0.jpg","datePublished":"2024-02-05T06:12:11+00:00","dateModified":"2026-05-08T03:00:01+00:00","description":"Il 5-HMF \u00e8 un composto organico derivato dalla disidratazione di alcuni zuccheri (esosi). Questo solido giallo e poco fondente \u00e8 altamente solubile in acqua. Acquistare 5-HMF da Longchang Chemical.","breadcrumb":{"@id":"https:\/\/longchangchemical.com\/product\/hmf-cas-67-47-0\/#breadcrumb"},"inLanguage":"it-IT","potentialAction":[{"@type":"ReadAction","target":["https:\/\/longchangchemical.com\/product\/hmf-cas-67-47-0\/"]}]},{"@type":"ImageObject","inLanguage":"it-IT","@id":"https:\/\/longchangchemical.com\/product\/hmf-cas-67-47-0\/#primaryimage","url":"https:\/\/longchangchemical.com\/wp-content\/uploads\/2024\/02\/Hydroxymethylfurfural-HMF-CAS-67-47-0.jpg","contentUrl":"https:\/\/longchangchemical.com\/wp-content\/uploads\/2024\/02\/Hydroxymethylfurfural-HMF-CAS-67-47-0.jpg","width":800,"height":800},{"@type":"BreadcrumbList","@id":"https:\/\/longchangchemical.com\/product\/hmf-cas-67-47-0\/#breadcrumb","itemListElement":[{"@type":"ListItem","position":1,"name":"Home","item":"https:\/\/longchangchemical.com\/"},{"@type":"ListItem","position":2,"name":"Products Longchang","item":"https:\/\/longchangchemical.com\/product\/"},{"@type":"ListItem","position":3,"name":"Hydroxymethylfurfural \/ HMF CAS 67-47-0"}]},{"@type":"WebSite","@id":"https:\/\/longchangchemical.com\/#website","url":"https:\/\/longchangchemical.com\/","name":"Longchang Chemical","description":"Cina produttore di prodotti chimici \uff06 fornitore","publisher":{"@id":"https:\/\/longchangchemical.com\/#organization"},"potentialAction":[{"@type":"SearchAction","target":{"@type":"EntryPoint","urlTemplate":"https:\/\/longchangchemical.com\/?s={search_term_string}"},"query-input":{"@type":"PropertyValueSpecification","valueRequired":true,"valueName":"search_term_string"}}],"inLanguage":"it-IT"},{"@type":"Organization","@id":"https:\/\/longchangchemical.com\/#organization","name":"Longchang Chemical","url":"https:\/\/longchangchemical.com\/","logo":{"@type":"ImageObject","inLanguage":"it-IT","@id":"https:\/\/longchangchemical.com\/#\/schema\/logo\/image\/","url":"https:\/\/longchangchemical.com\/wp-content\/uploads\/2020\/08\/cropped-longchang-logo.png","contentUrl":"https:\/\/longchangchemical.com\/wp-content\/uploads\/2020\/08\/cropped-longchang-logo.png","width":512,"height":512,"caption":"Longchang Chemical"},"image":{"@id":"https:\/\/longchangchemical.com\/#\/schema\/logo\/image\/"}}]}},"_links":{"self":[{"href":"https:\/\/longchangchemical.com\/it\/wp-json\/wp\/v2\/product\/6582","targetHints":{"allow":["GET"]}}],"collection":[{"href":"https:\/\/longchangchemical.com\/it\/wp-json\/wp\/v2\/product"}],"about":[{"href":"https:\/\/longchangchemical.com\/it\/wp-json\/wp\/v2\/types\/product"}],"replies":[{"embeddable":true,"href":"https:\/\/longchangchemical.com\/it\/wp-json\/wp\/v2\/comments?post=6582"}],"wp:featuredmedia":[{"embeddable":true,"href":"https:\/\/longchangchemical.com\/it\/wp-json\/wp\/v2\/media\/6721"}],"wp:attachment":[{"href":"https:\/\/longchangchemical.com\/it\/wp-json\/wp\/v2\/media?parent=6582"}],"wp:term":[{"taxonomy":"product_brand","embeddable":true,"href":"https:\/\/longchangchemical.com\/it\/wp-json\/wp\/v2\/product_brand?post=6582"},{"taxonomy":"product_cat","embeddable":true,"href":"https:\/\/longchangchemical.com\/it\/wp-json\/wp\/v2\/product_cat?post=6582"},{"taxonomy":"product_tag","embeddable":true,"href":"https:\/\/longchangchemical.com\/it\/wp-json\/wp\/v2\/product_tag?post=6582"}],"curies":[{"name":"wp","href":"https:\/\/api.w.org\/{rel}","templated":true}]}}