{"id":6370,"date":"2023-12-29T11:08:38","date_gmt":"2023-12-29T11:08:38","guid":{"rendered":"https:\/\/longchangchemical.com\/?post_type=product&#038;p=6370"},"modified":"2025-12-22T06:27:21","modified_gmt":"2025-12-22T06:27:21","slug":"isooctyl-nitrate-2-ethylhexyl-nitrate-cas-27247-96-7","status":"publish","type":"product","link":"https:\/\/longchangchemical.com\/it\/product\/isooctyl-nitrate-2-ethylhexyl-nitrate-cas-27247-96-7\/","title":{"rendered":"Nitrato di isottile \/ nitrato di 2-etilesile CAS 27247-96-7"},"content":{"rendered":"<h1>Nitrato di isottile \/ nitrato di 2-etilesile CAS 27247-96-7<\/h1>\n<table>\n<tbody>\n<tr>\n<td width=\"271\">Articolo<\/td>\n<td width=\"280\">Specifiche<\/td>\n<\/tr>\n<tr>\n<td width=\"271\">Aspetto<\/td>\n<td width=\"280\">Liquido trasparente incolore o giallo chiaro<\/td>\n<\/tr>\n<tr>\n<td width=\"271\">Purezza, %<\/td>\n<td width=\"280\">\u2265 99.10<\/td>\n<\/tr>\n<tr>\n<td width=\"271\">Densit\u00e0 (20 \u2103), Kg\/m<sup>3<\/sup><\/td>\n<td width=\"280\">960-970<\/td>\n<\/tr>\n<tr>\n<td width=\"271\">Viscosit\u00e0 cinematica (20 \u2103), mm<sup>2<\/sup>\/S<\/td>\n<td width=\"280\">1.700-1.800<\/td>\n<\/tr>\n<tr>\n<td width=\"271\">Punto di infiammabilit\u00e0, \u2103<\/td>\n<td width=\"280\">\u2265 77.0<\/td>\n<\/tr>\n<tr>\n<td width=\"271\">Cromaticit\u00e0<\/td>\n<td width=\"280\">\u2264 0.5<\/td>\n<\/tr>\n<tr>\n<td width=\"271\">Umidit\u00e0, mg\/Kg<\/td>\n<td width=\"280\">\u2264 450<\/td>\n<\/tr>\n<tr>\n<td width=\"271\">Acidit\u00e0, mgKOH\/100mL<\/td>\n<td width=\"280\">\u2264 3<\/td>\n<\/tr>\n<\/tbody>\n<\/table>\n<h2><strong><b>2-Etilesil nitrato Informazioni generali:<\/b><\/strong><\/h2>\n<p>Il nitrato di isottile \u00e8 un importante additivo per gasolio, in grado di aumentare il numero di cetano (valore CN) del gasolio, accelerare l'accensione del gasolio e migliorare le prestazioni del motore. Gli additivi per carburante possono modificare alcune propriet\u00e0 del carburante, in modo da favorire il miglioramento della combustione, al fine di ottenere la riduzione delle emissioni nocive dallo scarico dei motori a combustione interna e scopi di risparmio energetico, senza dover aumentare il dispositivo o modificare la struttura del veicolo e del motore a combustione interna, \u00e8 possibile aumentare l'alcool diesel a bassa velocit\u00e0 e a basso carico, migliorando cos\u00ec l'efficienza della combustione e riducendo le emissioni inquinanti. Pertanto, \u00e8 ampiamente utilizzato e ha un'ottima prospettiva.<\/p>\n<h2><strong>Nitrato di 2-etilesile Applicazione: <\/strong><\/h2>\n<p>Viene utilizzato principalmente per aumentare il numero di cetano del gasolio e migliorare le prestazioni di combustione del gasolio.<\/p>\n<p><strong>\u00a0<\/strong><\/p>\n<h2><strong><b>Nitrato di 2-etilesile P<\/b><\/strong><strong><b>ackag<\/b><\/strong><strong><b>e<\/b><\/strong><strong><b>:<\/b><\/strong><strong><b>\u00a0<\/b><\/strong><\/h2>\n<p>190 kg\/fusto o fusto IBC.<\/p>\n<p><strong><b>\u00a0<\/b><\/strong><\/p>\n<h2><strong><b>Nitrato di 2-etilesile Stoccaggio: <\/b><\/strong><\/h2>\n<p>Conservati in magazzini asciutti e puliti con una buona ventilazione.<\/p>\n<p>Evitare l'esposizione alla luce e al calore.<\/p>\n<p>Proteggere il prodotto da perdite, pioggia e insolazione durante il trasporto.<\/p>\n<h2><strong><b>Contattateci ora!<\/b><\/strong><\/h2>\n<h4><strong><b>Se avete bisogno di un prezzo, inserite i vostri dati di contatto nel modulo sottostante; di solito vi contatteremo entro 24 ore. Potete anche inviarmi un'e-mail <a href=\"mailto:info@longchangchemical.com\"><span style=\"color: #00ccff;\">info@longchangchemical.com<\/span><\/a>\u00a0durante l'orario di lavoro (dalle 8:30 alle 18:00 UTC+8 lun.-sab.) o utilizzare la live chat del sito web per ottenere una risposta immediata.<\/b><\/strong><\/h4>","protected":false},"excerpt":{"rendered":"<p><strong>Nome chimico:<\/strong>\u00a0Nitrato di 2-etilesile<\/p>\n<p><strong>Sinonimo: <\/strong>2-EHN; etilesilnitrato; Octyl Nitrate (2-Ethyl Hexyl Nitrate); Miglioratori di cetano;<\/p>\n<p><strong>Numero CAS:<\/strong>\u00a027247-96-7<\/p>\n<p><strong>MF<\/strong>: C8H17NO3<\/p>\n<p><strong>MW<\/strong><strong>: 175.23<\/strong><\/p>\n<p>&nbsp;<\/p>","protected":false},"featured_media":0,"comment_status":"open","ping_status":"closed","template":"","meta":[],"product_brand":[],"product_cat":[73],"product_tag":[],"class_list":{"0":"post-6370","1":"product","2":"type-product","3":"status-publish","5":"product_cat-other-additives","7":"first","8":"instock","9":"shipping-taxable","10":"product-type-simple"},"yoast_head":"<!-- This site is optimized with the Yoast SEO plugin v25.3.1 - https:\/\/yoast.com\/wordpress\/plugins\/seo\/ -->\n<title>China 2-Ethylhexyl nitrate \/ Isooctyl nitrate Manufacturer - CAS 27247-96-7 - Longchang Chemical<\/title>\n<meta name=\"description\" content=\"Isooctyl nitrate is an important diesel fuel additive,used as a Additives and is the key product of Longchang Chemical. We are the leading 2-Ethylhexyl nitrate manufacturer and supplier in China with the best quanlity and competitive price\" \/>\n<meta name=\"robots\" content=\"index, follow, max-snippet:-1, max-image-preview:large, max-video-preview:-1\" \/>\n<link rel=\"canonical\" href=\"https:\/\/longchangchemical.com\/it\/product\/isooctyl-nitrate-2-ethylhexyl-nitrate-cas-27247-96-7\/\" \/>\n<meta property=\"og:locale\" content=\"it_IT\" \/>\n<meta property=\"og:type\" content=\"article\" \/>\n<meta property=\"og:title\" content=\"China 2-Ethylhexyl nitrate \/ Isooctyl nitrate Manufacturer - CAS 27247-96-7 - Longchang Chemical\" \/>\n<meta property=\"og:description\" content=\"Isooctyl nitrate is an important diesel fuel additive,used as a Additives and is the key product of Longchang Chemical. We are the leading 2-Ethylhexyl nitrate manufacturer and supplier in China with the best quanlity and competitive price\" \/>\n<meta property=\"og:url\" content=\"https:\/\/longchangchemical.com\/it\/product\/isooctyl-nitrate-2-ethylhexyl-nitrate-cas-27247-96-7\/\" \/>\n<meta property=\"og:site_name\" content=\"Longchang Chemical\" \/>\n<meta property=\"article:modified_time\" content=\"2025-12-22T06:27:21+00:00\" \/>\n<meta property=\"og:image\" content=\"https:\/\/longchangchemical.com\/wp-content\/uploads\/2024\/02\/logo-jpeg.jpg\" \/>\n\t<meta property=\"og:image:width\" content=\"1000\" \/>\n\t<meta property=\"og:image:height\" content=\"1000\" \/>\n\t<meta property=\"og:image:type\" content=\"image\/jpeg\" \/>\n<meta name=\"twitter:card\" content=\"summary_large_image\" \/>\n<script type=\"application\/ld+json\" class=\"yoast-schema-graph\">{\"@context\":\"https:\/\/schema.org\",\"@graph\":[{\"@type\":\"WebPage\",\"@id\":\"https:\/\/longchangchemical.com\/product\/isooctyl-nitrate-2-ethylhexyl-nitrate-cas-27247-96-7\/\",\"url\":\"https:\/\/longchangchemical.com\/product\/isooctyl-nitrate-2-ethylhexyl-nitrate-cas-27247-96-7\/\",\"name\":\"China 2-Ethylhexyl nitrate \/ Isooctyl nitrate Manufacturer - CAS 27247-96-7 - Longchang Chemical\",\"isPartOf\":{\"@id\":\"https:\/\/longchangchemical.com\/#website\"},\"datePublished\":\"2023-12-29T11:08:38+00:00\",\"dateModified\":\"2025-12-22T06:27:21+00:00\",\"description\":\"Isooctyl nitrate is an important diesel fuel additive,used as a Additives and is the key product of Longchang Chemical. We are the leading 2-Ethylhexyl nitrate manufacturer and supplier in China with the best quanlity and competitive price\",\"breadcrumb\":{\"@id\":\"https:\/\/longchangchemical.com\/product\/isooctyl-nitrate-2-ethylhexyl-nitrate-cas-27247-96-7\/#breadcrumb\"},\"inLanguage\":\"it-IT\",\"potentialAction\":[{\"@type\":\"ReadAction\",\"target\":[\"https:\/\/longchangchemical.com\/product\/isooctyl-nitrate-2-ethylhexyl-nitrate-cas-27247-96-7\/\"]}]},{\"@type\":\"BreadcrumbList\",\"@id\":\"https:\/\/longchangchemical.com\/product\/isooctyl-nitrate-2-ethylhexyl-nitrate-cas-27247-96-7\/#breadcrumb\",\"itemListElement\":[{\"@type\":\"ListItem\",\"position\":1,\"name\":\"Home\",\"item\":\"https:\/\/longchangchemical.com\/\"},{\"@type\":\"ListItem\",\"position\":2,\"name\":\"Products Longchang\",\"item\":\"https:\/\/longchangchemical.com\/product\/\"},{\"@type\":\"ListItem\",\"position\":3,\"name\":\"Isooctyl nitrate \/ 2-Ethylhexyl nitrate CAS 27247-96-7\"}]},{\"@type\":\"WebSite\",\"@id\":\"https:\/\/longchangchemical.com\/#website\",\"url\":\"https:\/\/longchangchemical.com\/\",\"name\":\"Longchang Chemical\",\"description\":\"China chemical manufacturer \uff06 supplier\",\"publisher\":{\"@id\":\"https:\/\/longchangchemical.com\/#organization\"},\"potentialAction\":[{\"@type\":\"SearchAction\",\"target\":{\"@type\":\"EntryPoint\",\"urlTemplate\":\"https:\/\/longchangchemical.com\/?s={search_term_string}\"},\"query-input\":{\"@type\":\"PropertyValueSpecification\",\"valueRequired\":true,\"valueName\":\"search_term_string\"}}],\"inLanguage\":\"it-IT\"},{\"@type\":\"Organization\",\"@id\":\"https:\/\/longchangchemical.com\/#organization\",\"name\":\"Longchang Chemical\",\"url\":\"https:\/\/longchangchemical.com\/\",\"logo\":{\"@type\":\"ImageObject\",\"inLanguage\":\"it-IT\",\"@id\":\"https:\/\/longchangchemical.com\/#\/schema\/logo\/image\/\",\"url\":\"https:\/\/longchangchemical.com\/wp-content\/uploads\/2020\/08\/cropped-longchang-logo.png\",\"contentUrl\":\"https:\/\/longchangchemical.com\/wp-content\/uploads\/2020\/08\/cropped-longchang-logo.png\",\"width\":512,\"height\":512,\"caption\":\"Longchang Chemical\"},\"image\":{\"@id\":\"https:\/\/longchangchemical.com\/#\/schema\/logo\/image\/\"}}]}<\/script>\n<!-- \/ Yoast SEO plugin. -->","yoast_head_json":{"title":"Cina 2-Ethylhexyl nitrate \/ Isooctyl nitrate Produttore - CAS 27247-96-7 - Longchang Chemical","description":"Il nitrato di isottile \u00e8 un importante additivo per carburante diesel, utilizzato come additivo ed \u00e8 il prodotto chiave di Longchang Chemical. Siamo il principale produttore e fornitore di nitrato di 2-etilesile in Cina con la migliore qualit\u00e0 e il prezzo competitivo.","robots":{"index":"index","follow":"follow","max-snippet":"max-snippet:-1","max-image-preview":"max-image-preview:large","max-video-preview":"max-video-preview:-1"},"canonical":"https:\/\/longchangchemical.com\/it\/product\/isooctyl-nitrate-2-ethylhexyl-nitrate-cas-27247-96-7\/","og_locale":"it_IT","og_type":"article","og_title":"China 2-Ethylhexyl nitrate \/ Isooctyl nitrate Manufacturer - CAS 27247-96-7 - Longchang Chemical","og_description":"Isooctyl nitrate is an important diesel fuel additive,used as a Additives and is the key product of Longchang Chemical. We are the leading 2-Ethylhexyl nitrate manufacturer and supplier in China with the best quanlity and competitive price","og_url":"https:\/\/longchangchemical.com\/it\/product\/isooctyl-nitrate-2-ethylhexyl-nitrate-cas-27247-96-7\/","og_site_name":"Longchang Chemical","article_modified_time":"2025-12-22T06:27:21+00:00","og_image":[{"width":1000,"height":1000,"url":"https:\/\/longchangchemical.com\/wp-content\/uploads\/2024\/02\/logo-jpeg.jpg","type":"image\/jpeg"}],"twitter_card":"summary_large_image","schema":{"@context":"https:\/\/schema.org","@graph":[{"@type":"WebPage","@id":"https:\/\/longchangchemical.com\/product\/isooctyl-nitrate-2-ethylhexyl-nitrate-cas-27247-96-7\/","url":"https:\/\/longchangchemical.com\/product\/isooctyl-nitrate-2-ethylhexyl-nitrate-cas-27247-96-7\/","name":"Cina 2-Ethylhexyl nitrate \/ Isooctyl nitrate Produttore - CAS 27247-96-7 - Longchang Chemical","isPartOf":{"@id":"https:\/\/longchangchemical.com\/#website"},"datePublished":"2023-12-29T11:08:38+00:00","dateModified":"2025-12-22T06:27:21+00:00","description":"Il nitrato di isottile \u00e8 un importante additivo per carburante diesel, utilizzato come additivo ed \u00e8 il prodotto chiave di Longchang Chemical. Siamo il principale produttore e fornitore di nitrato di 2-etilesile in Cina con la migliore qualit\u00e0 e il prezzo competitivo.","breadcrumb":{"@id":"https:\/\/longchangchemical.com\/product\/isooctyl-nitrate-2-ethylhexyl-nitrate-cas-27247-96-7\/#breadcrumb"},"inLanguage":"it-IT","potentialAction":[{"@type":"ReadAction","target":["https:\/\/longchangchemical.com\/product\/isooctyl-nitrate-2-ethylhexyl-nitrate-cas-27247-96-7\/"]}]},{"@type":"BreadcrumbList","@id":"https:\/\/longchangchemical.com\/product\/isooctyl-nitrate-2-ethylhexyl-nitrate-cas-27247-96-7\/#breadcrumb","itemListElement":[{"@type":"ListItem","position":1,"name":"Home","item":"https:\/\/longchangchemical.com\/"},{"@type":"ListItem","position":2,"name":"Products Longchang","item":"https:\/\/longchangchemical.com\/product\/"},{"@type":"ListItem","position":3,"name":"Isooctyl nitrate \/ 2-Ethylhexyl nitrate CAS 27247-96-7"}]},{"@type":"WebSite","@id":"https:\/\/longchangchemical.com\/#website","url":"https:\/\/longchangchemical.com\/","name":"Longchang Chemical","description":"Cina produttore di prodotti chimici \uff06 fornitore","publisher":{"@id":"https:\/\/longchangchemical.com\/#organization"},"potentialAction":[{"@type":"SearchAction","target":{"@type":"EntryPoint","urlTemplate":"https:\/\/longchangchemical.com\/?s={search_term_string}"},"query-input":{"@type":"PropertyValueSpecification","valueRequired":true,"valueName":"search_term_string"}}],"inLanguage":"it-IT"},{"@type":"Organization","@id":"https:\/\/longchangchemical.com\/#organization","name":"Longchang Chemical","url":"https:\/\/longchangchemical.com\/","logo":{"@type":"ImageObject","inLanguage":"it-IT","@id":"https:\/\/longchangchemical.com\/#\/schema\/logo\/image\/","url":"https:\/\/longchangchemical.com\/wp-content\/uploads\/2020\/08\/cropped-longchang-logo.png","contentUrl":"https:\/\/longchangchemical.com\/wp-content\/uploads\/2020\/08\/cropped-longchang-logo.png","width":512,"height":512,"caption":"Longchang Chemical"},"image":{"@id":"https:\/\/longchangchemical.com\/#\/schema\/logo\/image\/"}}]}},"_links":{"self":[{"href":"https:\/\/longchangchemical.com\/it\/wp-json\/wp\/v2\/product\/6370","targetHints":{"allow":["GET"]}}],"collection":[{"href":"https:\/\/longchangchemical.com\/it\/wp-json\/wp\/v2\/product"}],"about":[{"href":"https:\/\/longchangchemical.com\/it\/wp-json\/wp\/v2\/types\/product"}],"replies":[{"embeddable":true,"href":"https:\/\/longchangchemical.com\/it\/wp-json\/wp\/v2\/comments?post=6370"}],"wp:attachment":[{"href":"https:\/\/longchangchemical.com\/it\/wp-json\/wp\/v2\/media?parent=6370"}],"wp:term":[{"taxonomy":"product_brand","embeddable":true,"href":"https:\/\/longchangchemical.com\/it\/wp-json\/wp\/v2\/product_brand?post=6370"},{"taxonomy":"product_cat","embeddable":true,"href":"https:\/\/longchangchemical.com\/it\/wp-json\/wp\/v2\/product_cat?post=6370"},{"taxonomy":"product_tag","embeddable":true,"href":"https:\/\/longchangchemical.com\/it\/wp-json\/wp\/v2\/product_tag?post=6370"}],"curies":[{"name":"wp","href":"https:\/\/api.w.org\/{rel}","templated":true}]}}