{"id":6360,"date":"2023-12-27T08:52:36","date_gmt":"2023-12-27T08:52:36","guid":{"rendered":"https:\/\/longchangchemical.com\/?post_type=product&#038;p=6360"},"modified":"2024-04-28T02:39:48","modified_gmt":"2024-04-28T02:39:48","slug":"sodium-pyroantimonate-cas-12507-68-5","status":"publish","type":"product","link":"https:\/\/longchangchemical.com\/it\/product\/sodium-pyroantimonate-cas-12507-68-5\/","title":{"rendered":"Piroantimonato di sodio CAS 12507-68-5"},"content":{"rendered":"<h1><strong>Piroantimonato di sodio CAS 12507-68-5<\/strong><\/h1>\n<table>\n<tbody>\n<tr>\n<td width=\"189\">Articolo<\/td>\n<td width=\"264\">Specifiche<\/td>\n<\/tr>\n<tr>\n<td width=\"189\">Aspetto<\/td>\n<td width=\"264\">Potenza bianca<\/td>\n<\/tr>\n<tr>\n<td width=\"189\">Sb(Sb2O3)<\/td>\n<td width=\"264\">58,4\u00b10,8%<\/td>\n<\/tr>\n<tr>\n<td width=\"189\">Na<sub>2<\/sub>O<\/td>\n<td width=\"264\">12-13%<\/td>\n<\/tr>\n<tr>\n<td width=\"189\">Fe<sub>2<\/sub>O<sub>3<\/sub><\/td>\n<td width=\"264\">\u22640,01%<\/td>\n<\/tr>\n<tr>\n<td width=\"189\">Come<sub>2<\/sub>O<sub>3<\/sub><\/td>\n<td width=\"264\">\u22640,02%<\/td>\n<\/tr>\n<tr>\n<td width=\"189\">PbO<\/td>\n<td width=\"264\">\uff1c0.10%<\/td>\n<\/tr>\n<tr>\n<td width=\"189\">Umidit\u00e0<\/td>\n<td width=\"264\">\u22640.30<\/td>\n<\/tr>\n<\/tbody>\n<\/table>\n<h2><strong>Piroantimonato di sodio Applicazione:<\/strong><\/h2>\n<p>Il piroantimonato di sodio \u00e8 un composto di sali inorganici di antimonio, a bassa tossicit\u00e0, ottenuto da prodotti di antimonio come l'ossido di antimonio attraverso l'alcali e la produzione. L'aspetto \u00e8 polvere bianca, ci sono due tipi di cristallizzazione granulare e cristallizzazione equiaxial. Il punto di fusione \u00e8 1200\u2103, il punto di ebollizione \u00e8 1400\u2103. Solubile in acido tartarico, soluzione di solfuro di sodio, concentrato, leggermente solubile in alcol, sale di ammonio, insolubile in acido acetico, alcali diluiti e acido inorganico diluito, insolubile in acqua fredda. Buona stabilit\u00e0 chimica.<\/p>\n<p>Il piroantimonato di sodio \u00e8 utilizzato principalmente come agente chiarificatore e antischiuma per il vetro solare fotovoltaico, il vetro del tubo di visualizzazione in bianco e nero e a colori. Fibra di vetro, vetro per gemme, stoviglie di vetro di alta qualit\u00e0 e altri chiarificatori di vetro di alta qualit\u00e0, e pi\u00f9 ampiamente utilizzati in termoplastici di ingegneria, ritardanti di fiamma di gomma, come gusci di apparecchiature elettroniche ritardanti di fiamma, carrozze ritardanti di fiamma, fili ritardanti di fiamma. Viene inoltre utilizzato come ritardante di fiamma per tessuti, materie plastiche e materiali da costruzione. \u00c8 ampiamente utilizzato come agente chiarificatore in sostituzione dell'ossido di antimonio nel mondo.<\/p>\n<p>\u00c8 ampiamente utilizzato come ritardante di fiamma per sostituire l'ossido di antimonio nel mercato internazionale. Gli esperimenti scientifici e la produzione hanno confermato le sue eccellenti prestazioni tecniche. Utilizzato in tutti i polimeri con un ritardante di fiamma pi\u00f9 eccellente, utilizzato nei poliesteri saturi e nei tecnopolimeri con un ritardante di luce inferiore e una minore forza colorante, ha le caratteristiche di bassa reattivit\u00e0, che \u00e8 un vantaggio nei polimeri sensibili (ad esempio, PET), mentre il ritardante di fiamma all'ossido di antimonio comunemente utilizzato \u00e8 soggetto a depolimerizzazione nel processo operativo.<\/p>\n<p>&nbsp;<\/p>\n<h2><strong><b>Piroantimonato di sodio P<\/b><\/strong><strong><b>ackag<\/b><\/strong><strong><b>e<\/b><\/strong><\/h2>\n<p>25kgs\/bag; 1000kgs\/bag<\/p>\n<p><strong><b>\u00a0<\/b><\/strong><\/p>\n<h2><strong><b>Sodio piroantimonato Conservazione: <\/b><\/strong><\/h2>\n<p>Protetto da umidit\u00e0 e pioggia.<\/p>\n<p>Evitare che la confezione si rompa durante il trasporto.<\/p>\n<p>Conservare in un magazzino asciutto e ventilato.<\/p>","protected":false},"excerpt":{"rendered":"<p>Nome chimico: Piroantimonato di sodio<br \/>\nN. CAS: 12507-68-5<br \/>\nMF: NaSb(OH)6 MW: 246.75<\/p>","protected":false},"featured_media":0,"comment_status":"open","ping_status":"closed","template":"","meta":[],"product_brand":[],"product_cat":[153],"product_tag":[],"class_list":{"0":"post-6360","1":"product","2":"type-product","3":"status-publish","5":"product_cat-Lcflare-flame-retardant","7":"first","8":"instock","9":"shipping-taxable","10":"product-type-simple"},"yoast_head":"<!-- This site is optimized with the Yoast SEO plugin v25.3.1 - https:\/\/yoast.com\/wordpress\/plugins\/seo\/ -->\n<title>China Sodium Pyroantimonate Manufacturer CAS 12507-68-5 - Longchang Chemical<\/title>\n<meta name=\"description\" content=\"Buy Sodium pyroantimonate cas 12507-68-5 from Longchang Chemical. leading Distributor supplier of Sodium tolyltriazole.\" \/>\n<meta name=\"robots\" content=\"index, follow, max-snippet:-1, max-image-preview:large, max-video-preview:-1\" \/>\n<link rel=\"canonical\" href=\"https:\/\/longchangchemical.com\/it\/product\/sodium-pyroantimonate-cas-12507-68-5\/\" \/>\n<meta property=\"og:locale\" content=\"it_IT\" \/>\n<meta property=\"og:type\" content=\"article\" \/>\n<meta property=\"og:title\" content=\"China Sodium Pyroantimonate Manufacturer CAS 12507-68-5 - Longchang Chemical\" \/>\n<meta property=\"og:description\" content=\"Buy Sodium pyroantimonate cas 12507-68-5 from Longchang Chemical. leading Distributor supplier of Sodium tolyltriazole.\" \/>\n<meta property=\"og:url\" content=\"https:\/\/longchangchemical.com\/it\/product\/sodium-pyroantimonate-cas-12507-68-5\/\" \/>\n<meta property=\"og:site_name\" content=\"Longchang Chemical\" \/>\n<meta property=\"article:modified_time\" content=\"2024-04-28T02:39:48+00:00\" \/>\n<meta property=\"og:image\" content=\"https:\/\/longchangchemical.com\/wp-content\/uploads\/2024\/02\/logo-jpeg.jpg\" \/>\n\t<meta property=\"og:image:width\" content=\"1000\" \/>\n\t<meta property=\"og:image:height\" content=\"1000\" \/>\n\t<meta property=\"og:image:type\" content=\"image\/jpeg\" \/>\n<meta name=\"twitter:card\" content=\"summary_large_image\" \/>\n<script type=\"application\/ld+json\" class=\"yoast-schema-graph\">{\"@context\":\"https:\/\/schema.org\",\"@graph\":[{\"@type\":\"WebPage\",\"@id\":\"https:\/\/longchangchemical.com\/product\/sodium-pyroantimonate-cas-12507-68-5\/\",\"url\":\"https:\/\/longchangchemical.com\/product\/sodium-pyroantimonate-cas-12507-68-5\/\",\"name\":\"China Sodium Pyroantimonate Manufacturer CAS 12507-68-5 - Longchang Chemical\",\"isPartOf\":{\"@id\":\"https:\/\/longchangchemical.com\/#website\"},\"datePublished\":\"2023-12-27T08:52:36+00:00\",\"dateModified\":\"2024-04-28T02:39:48+00:00\",\"description\":\"Buy Sodium pyroantimonate cas 12507-68-5 from Longchang Chemical. leading Distributor supplier of Sodium tolyltriazole.\",\"breadcrumb\":{\"@id\":\"https:\/\/longchangchemical.com\/product\/sodium-pyroantimonate-cas-12507-68-5\/#breadcrumb\"},\"inLanguage\":\"it-IT\",\"potentialAction\":[{\"@type\":\"ReadAction\",\"target\":[\"https:\/\/longchangchemical.com\/product\/sodium-pyroantimonate-cas-12507-68-5\/\"]}]},{\"@type\":\"BreadcrumbList\",\"@id\":\"https:\/\/longchangchemical.com\/product\/sodium-pyroantimonate-cas-12507-68-5\/#breadcrumb\",\"itemListElement\":[{\"@type\":\"ListItem\",\"position\":1,\"name\":\"Home\",\"item\":\"https:\/\/longchangchemical.com\/\"},{\"@type\":\"ListItem\",\"position\":2,\"name\":\"Products Longchang\",\"item\":\"https:\/\/longchangchemical.com\/product\/\"},{\"@type\":\"ListItem\",\"position\":3,\"name\":\"Sodium Pyroantimonate CAS 12507-68-5\"}]},{\"@type\":\"WebSite\",\"@id\":\"https:\/\/longchangchemical.com\/#website\",\"url\":\"https:\/\/longchangchemical.com\/\",\"name\":\"Longchang Chemical\",\"description\":\"China chemical manufacturer \uff06 supplier\",\"publisher\":{\"@id\":\"https:\/\/longchangchemical.com\/#organization\"},\"potentialAction\":[{\"@type\":\"SearchAction\",\"target\":{\"@type\":\"EntryPoint\",\"urlTemplate\":\"https:\/\/longchangchemical.com\/?s={search_term_string}\"},\"query-input\":{\"@type\":\"PropertyValueSpecification\",\"valueRequired\":true,\"valueName\":\"search_term_string\"}}],\"inLanguage\":\"it-IT\"},{\"@type\":\"Organization\",\"@id\":\"https:\/\/longchangchemical.com\/#organization\",\"name\":\"Longchang Chemical\",\"url\":\"https:\/\/longchangchemical.com\/\",\"logo\":{\"@type\":\"ImageObject\",\"inLanguage\":\"it-IT\",\"@id\":\"https:\/\/longchangchemical.com\/#\/schema\/logo\/image\/\",\"url\":\"https:\/\/longchangchemical.com\/wp-content\/uploads\/2020\/08\/cropped-longchang-logo.png\",\"contentUrl\":\"https:\/\/longchangchemical.com\/wp-content\/uploads\/2020\/08\/cropped-longchang-logo.png\",\"width\":512,\"height\":512,\"caption\":\"Longchang Chemical\"},\"image\":{\"@id\":\"https:\/\/longchangchemical.com\/#\/schema\/logo\/image\/\"}}]}<\/script>\n<!-- \/ Yoast SEO plugin. -->","yoast_head_json":{"title":"Cina Sodium Pyroantimonate Produttore CAS 12507-68-5 - Longchang Chemical","description":"Acquistare Sodium pyroantimonate cas 12507-68-5 da Longchang Chemical. fornitore leader di distribuzione di Sodium tolyltriazole.","robots":{"index":"index","follow":"follow","max-snippet":"max-snippet:-1","max-image-preview":"max-image-preview:large","max-video-preview":"max-video-preview:-1"},"canonical":"https:\/\/longchangchemical.com\/it\/product\/sodium-pyroantimonate-cas-12507-68-5\/","og_locale":"it_IT","og_type":"article","og_title":"China Sodium Pyroantimonate Manufacturer CAS 12507-68-5 - Longchang Chemical","og_description":"Buy Sodium pyroantimonate cas 12507-68-5 from Longchang Chemical. leading Distributor supplier of Sodium tolyltriazole.","og_url":"https:\/\/longchangchemical.com\/it\/product\/sodium-pyroantimonate-cas-12507-68-5\/","og_site_name":"Longchang Chemical","article_modified_time":"2024-04-28T02:39:48+00:00","og_image":[{"width":1000,"height":1000,"url":"https:\/\/longchangchemical.com\/wp-content\/uploads\/2024\/02\/logo-jpeg.jpg","type":"image\/jpeg"}],"twitter_card":"summary_large_image","schema":{"@context":"https:\/\/schema.org","@graph":[{"@type":"WebPage","@id":"https:\/\/longchangchemical.com\/product\/sodium-pyroantimonate-cas-12507-68-5\/","url":"https:\/\/longchangchemical.com\/product\/sodium-pyroantimonate-cas-12507-68-5\/","name":"Cina Sodium Pyroantimonate Produttore CAS 12507-68-5 - Longchang Chemical","isPartOf":{"@id":"https:\/\/longchangchemical.com\/#website"},"datePublished":"2023-12-27T08:52:36+00:00","dateModified":"2024-04-28T02:39:48+00:00","description":"Acquistare Sodium pyroantimonate cas 12507-68-5 da Longchang Chemical. fornitore leader di distribuzione di Sodium tolyltriazole.","breadcrumb":{"@id":"https:\/\/longchangchemical.com\/product\/sodium-pyroantimonate-cas-12507-68-5\/#breadcrumb"},"inLanguage":"it-IT","potentialAction":[{"@type":"ReadAction","target":["https:\/\/longchangchemical.com\/product\/sodium-pyroantimonate-cas-12507-68-5\/"]}]},{"@type":"BreadcrumbList","@id":"https:\/\/longchangchemical.com\/product\/sodium-pyroantimonate-cas-12507-68-5\/#breadcrumb","itemListElement":[{"@type":"ListItem","position":1,"name":"Home","item":"https:\/\/longchangchemical.com\/"},{"@type":"ListItem","position":2,"name":"Products Longchang","item":"https:\/\/longchangchemical.com\/product\/"},{"@type":"ListItem","position":3,"name":"Sodium Pyroantimonate CAS 12507-68-5"}]},{"@type":"WebSite","@id":"https:\/\/longchangchemical.com\/#website","url":"https:\/\/longchangchemical.com\/","name":"Longchang Chemical","description":"Cina produttore di prodotti chimici \uff06 fornitore","publisher":{"@id":"https:\/\/longchangchemical.com\/#organization"},"potentialAction":[{"@type":"SearchAction","target":{"@type":"EntryPoint","urlTemplate":"https:\/\/longchangchemical.com\/?s={search_term_string}"},"query-input":{"@type":"PropertyValueSpecification","valueRequired":true,"valueName":"search_term_string"}}],"inLanguage":"it-IT"},{"@type":"Organization","@id":"https:\/\/longchangchemical.com\/#organization","name":"Longchang Chemical","url":"https:\/\/longchangchemical.com\/","logo":{"@type":"ImageObject","inLanguage":"it-IT","@id":"https:\/\/longchangchemical.com\/#\/schema\/logo\/image\/","url":"https:\/\/longchangchemical.com\/wp-content\/uploads\/2020\/08\/cropped-longchang-logo.png","contentUrl":"https:\/\/longchangchemical.com\/wp-content\/uploads\/2020\/08\/cropped-longchang-logo.png","width":512,"height":512,"caption":"Longchang Chemical"},"image":{"@id":"https:\/\/longchangchemical.com\/#\/schema\/logo\/image\/"}}]}},"_links":{"self":[{"href":"https:\/\/longchangchemical.com\/it\/wp-json\/wp\/v2\/product\/6360","targetHints":{"allow":["GET"]}}],"collection":[{"href":"https:\/\/longchangchemical.com\/it\/wp-json\/wp\/v2\/product"}],"about":[{"href":"https:\/\/longchangchemical.com\/it\/wp-json\/wp\/v2\/types\/product"}],"replies":[{"embeddable":true,"href":"https:\/\/longchangchemical.com\/it\/wp-json\/wp\/v2\/comments?post=6360"}],"wp:attachment":[{"href":"https:\/\/longchangchemical.com\/it\/wp-json\/wp\/v2\/media?parent=6360"}],"wp:term":[{"taxonomy":"product_brand","embeddable":true,"href":"https:\/\/longchangchemical.com\/it\/wp-json\/wp\/v2\/product_brand?post=6360"},{"taxonomy":"product_cat","embeddable":true,"href":"https:\/\/longchangchemical.com\/it\/wp-json\/wp\/v2\/product_cat?post=6360"},{"taxonomy":"product_tag","embeddable":true,"href":"https:\/\/longchangchemical.com\/it\/wp-json\/wp\/v2\/product_tag?post=6360"}],"curies":[{"name":"wp","href":"https:\/\/api.w.org\/{rel}","templated":true}]}}