{"id":6205,"date":"2023-08-18T07:59:18","date_gmt":"2023-08-18T07:59:18","guid":{"rendered":"https:\/\/longchangchemical.com\/?post_type=product&#038;p=6205"},"modified":"2026-05-08T08:26:25","modified_gmt":"2026-05-08T08:26:25","slug":"uv-5151-cas-104810-48-2","status":"publish","type":"product","link":"https:\/\/longchangchemical.com\/it\/product\/uv-5151-cas-104810-48-2\/","title":{"rendered":"CHLUMILS\u00ae UV 5151 \/ Stabilizzatore alla luce 5151 CAS 104810-48-2"},"content":{"rendered":"<h2><strong>UV 5151 \/ Stabilizzatore alla luce 5151 CAS 104810-48-2<\/strong><\/h2>\n<table style=\"border-collapse: collapse; width: 366.77pt;\" border=\"0\" width=\"489\" cellspacing=\"0\" cellpadding=\"0\">\n<tbody>\n<tr style=\"height: 17.25pt;\">\n<td class=\"et2\" style=\"height: 17.25pt; width: 164.25pt;\" width=\"219\" height=\"23\">Aspetto<\/td>\n<td class=\"et3\" style=\"width: 202.50pt;\" width=\"270\">Liquido viscoso di colore ambrato<\/td>\n<\/tr>\n<tr style=\"height: 17.25pt;\">\n<td class=\"et2\" style=\"height: 17.25pt; width: 164.25pt;\" width=\"219\" height=\"23\">Contenuto<\/td>\n<td class=\"et3\" style=\"width: 202.50pt;\" width=\"270\">\u226593%<\/td>\n<\/tr>\n<tr style=\"height: 17.25pt;\">\n<td class=\"et2\" style=\"height: 17.25pt; width: 164.25pt;\" width=\"219\" height=\"23\">Viscosit\u00e0@20<span class=\"font3\">\u2103<\/span><\/td>\n<td class=\"et3\" style=\"width: 202.50pt;\" width=\"270\">7000mPa.s<\/td>\n<\/tr>\n<tr style=\"height: 17.25pt;\">\n<td class=\"et2\" style=\"height: 17.25pt; width: 164.25pt;\" width=\"219\" height=\"23\">Densit\u00e0<\/td>\n<td class=\"et3\" style=\"width: 202.50pt;\" width=\"270\">1,10g\/cm3<\/td>\n<\/tr>\n<tr style=\"height: 17.25pt;\">\n<td class=\"et2\" style=\"height: 17.25pt; width: 164.25pt;\" width=\"219\" height=\"23\">Cenere<\/td>\n<td class=\"et3\" style=\"width: 202.50pt;\" width=\"270\">\u22640,1%<\/td>\n<\/tr>\n<tr style=\"height: 17.25pt;\">\n<td class=\"et2\" style=\"height: 17.25pt; width: 164.25pt;\" width=\"219\" height=\"23\">Volatilit\u00e0<\/td>\n<td class=\"et3\" style=\"width: 202.50pt;\" width=\"270\">\u22640,5%<\/td>\n<\/tr>\n<tr style=\"height: 17.25pt;\">\n<td class=\"et4\" style=\"height: 34.50pt; width: 164.25pt;\" rowspan=\"2\" width=\"219\" height=\"46\">Trasmittanza<\/td>\n<td class=\"et3\" style=\"width: 202.50pt;\" width=\"270\">460nm\u226595%<\/td>\n<\/tr>\n<tr style=\"height: 17.25pt;\">\n<td class=\"et3\" style=\"width: 202.50pt;\" width=\"270\">500nm\u226597%<\/td>\n<\/tr>\n<tr style=\"height: 17.25pt;\">\n<td class=\"et2\" style=\"height: 17.25pt; width: 164.25pt;\" width=\"219\" height=\"23\">Specifiche di imballaggio<\/td>\n<td class=\"et3\" style=\"width: 202.50pt;\" width=\"270\">25 kg 200 kg<\/td>\n<\/tr>\n<\/tbody>\n<\/table>\n<h2><strong>UV 5151 Uso<\/strong><\/h2>\n<p>Lo stabilizzatore UV5151 \u00e8 una miscela sinergica di assorbitore UV liquido idrofenilbenzotriazolo e stabilizzatore liquido di luce amminico, caratterizzata da buona compatibilit\u00e0, bassa volatilit\u00e0, buona dispersione, bassa migrazione, buona stabilit\u00e0 termica ed elevata stabilit\u00e0 alla luce. Lo speciale gruppo idrossilico \u00e8 facile da emulsionare in un sistema acquoso; la dispersione in un sistema acquoso pu\u00f2 essere ottenuta sciogliendo in solventi acquosi come il dietilenglicole etil etere. \u00c8 adatto per la cottura ad alta temperatura e per i requisiti difficili dei rivestimenti per autoveicoli, rivestimenti industriali, rivestimenti per legno, in particolare per i rivestimenti a base d'acqua.<\/p>\n<p>&nbsp;<\/p>\n<p><span style=\"color: #0267c1;\"><!--more--><\/span><\/p>\n<blockquote>\n<h3>Contattateci ora!<\/h3>\n<h3>Se avete bisogno di un prezzo o di un campione di prova, inviateci un'e-mail all'indirizzo <span style=\"color: #0267c1;\"><a style=\"color: #0267c1;\" href=\"mailto:info@longchangchemical.com\"><strong>info@longchangchemical.com<\/strong><\/a><\/span>o utilizzare la live chat del sito web per ottenere una risposta immediata.<\/h3>\n<\/blockquote>\n<p>&nbsp;<\/p>","protected":false},"excerpt":{"rendered":"<p>UV 5151 Light stabilizer 5151 CAS 104810-48-2 is a light stabilizer for polyolefin, coating and outdoor polymer systems. Key properties include which is characterized by good compatibility, low volatility, and good dispersion.<\/p>","protected":false},"featured_media":6206,"comment_status":"open","ping_status":"closed","template":"","meta":[],"product_brand":[],"product_cat":[104],"product_tag":[],"class_list":{"0":"post-6205","1":"product","2":"type-product","3":"status-publish","4":"has-post-thumbnail","6":"product_cat-light-stabilizer","8":"first","9":"instock","10":"shipping-taxable","11":"product-type-simple"},"yoast_head":"<!-- This site is optimized with the Yoast SEO plugin v25.3.1 - https:\/\/yoast.com\/wordpress\/plugins\/seo\/ -->\n<title>China UV 5151 \/ Light stabilizer 5151 CAS 104810-48-2 Manufacturer - Longchang Chemical<\/title>\n<meta name=\"description\" content=\"UV 5151 \/ Light stabilizer 5151 CAS 104810-48-2 is a key product of Longchang Chemical. We provide the best price. We are the leading manufacturer in China with the best quality and competitive price.\" \/>\n<meta name=\"robots\" content=\"index, follow, max-snippet:-1, max-image-preview:large, max-video-preview:-1\" \/>\n<link rel=\"canonical\" href=\"https:\/\/longchangchemical.com\/it\/product\/uv-5151-cas-104810-48-2\/\" \/>\n<meta property=\"og:locale\" content=\"it_IT\" \/>\n<meta property=\"og:type\" content=\"article\" \/>\n<meta property=\"og:title\" content=\"China UV 5151 \/ Light stabilizer 5151 CAS 104810-48-2 Manufacturer - Longchang Chemical\" \/>\n<meta property=\"og:description\" content=\"UV 5151 \/ Light stabilizer 5151 CAS 104810-48-2 is a key product of Longchang Chemical. We provide the best price. We are the leading manufacturer in China with the best quality and competitive price.\" \/>\n<meta property=\"og:url\" content=\"https:\/\/longchangchemical.com\/it\/product\/uv-5151-cas-104810-48-2\/\" \/>\n<meta property=\"og:site_name\" content=\"Longchang Chemical\" \/>\n<meta property=\"article:modified_time\" content=\"2026-05-08T08:26:25+00:00\" \/>\n<meta property=\"og:image\" content=\"https:\/\/longchangchemical.com\/wp-content\/uploads\/2023\/08\/UV-5151.png\" \/>\n\t<meta property=\"og:image:width\" content=\"440\" \/>\n\t<meta property=\"og:image:height\" content=\"747\" \/>\n\t<meta property=\"og:image:type\" content=\"image\/png\" \/>\n<meta name=\"twitter:card\" content=\"summary_large_image\" \/>\n<script type=\"application\/ld+json\" class=\"yoast-schema-graph\">{\"@context\":\"https:\/\/schema.org\",\"@graph\":[{\"@type\":\"WebPage\",\"@id\":\"https:\/\/longchangchemical.com\/product\/uv-5151-cas-104810-48-2\/\",\"url\":\"https:\/\/longchangchemical.com\/product\/uv-5151-cas-104810-48-2\/\",\"name\":\"China UV 5151 \/ Light stabilizer 5151 CAS 104810-48-2 Manufacturer - Longchang Chemical\",\"isPartOf\":{\"@id\":\"https:\/\/longchangchemical.com\/#website\"},\"primaryImageOfPage\":{\"@id\":\"https:\/\/longchangchemical.com\/product\/uv-5151-cas-104810-48-2\/#primaryimage\"},\"image\":{\"@id\":\"https:\/\/longchangchemical.com\/product\/uv-5151-cas-104810-48-2\/#primaryimage\"},\"thumbnailUrl\":\"https:\/\/longchangchemical.com\/wp-content\/uploads\/2023\/08\/UV-5151.png\",\"datePublished\":\"2023-08-18T07:59:18+00:00\",\"dateModified\":\"2026-05-08T08:26:25+00:00\",\"description\":\"UV 5151 \/ Light stabilizer 5151 CAS 104810-48-2 is a key product of Longchang Chemical. We provide the best price. We are the leading manufacturer in China with the best quality and competitive price.\",\"breadcrumb\":{\"@id\":\"https:\/\/longchangchemical.com\/product\/uv-5151-cas-104810-48-2\/#breadcrumb\"},\"inLanguage\":\"it-IT\",\"potentialAction\":[{\"@type\":\"ReadAction\",\"target\":[\"https:\/\/longchangchemical.com\/product\/uv-5151-cas-104810-48-2\/\"]}]},{\"@type\":\"ImageObject\",\"inLanguage\":\"it-IT\",\"@id\":\"https:\/\/longchangchemical.com\/product\/uv-5151-cas-104810-48-2\/#primaryimage\",\"url\":\"https:\/\/longchangchemical.com\/wp-content\/uploads\/2023\/08\/UV-5151.png\",\"contentUrl\":\"https:\/\/longchangchemical.com\/wp-content\/uploads\/2023\/08\/UV-5151.png\",\"width\":440,\"height\":747},{\"@type\":\"BreadcrumbList\",\"@id\":\"https:\/\/longchangchemical.com\/product\/uv-5151-cas-104810-48-2\/#breadcrumb\",\"itemListElement\":[{\"@type\":\"ListItem\",\"position\":1,\"name\":\"Home\",\"item\":\"https:\/\/longchangchemical.com\/\"},{\"@type\":\"ListItem\",\"position\":2,\"name\":\"Products Longchang\",\"item\":\"https:\/\/longchangchemical.com\/product\/\"},{\"@type\":\"ListItem\",\"position\":3,\"name\":\"CHLUMILS\u00ae UV 5151 \/ Light stabilizer 5151 CAS 104810-48-2\"}]},{\"@type\":\"WebSite\",\"@id\":\"https:\/\/longchangchemical.com\/#website\",\"url\":\"https:\/\/longchangchemical.com\/\",\"name\":\"Longchang Chemical\",\"description\":\"China chemical manufacturer \uff06 supplier\",\"publisher\":{\"@id\":\"https:\/\/longchangchemical.com\/#organization\"},\"potentialAction\":[{\"@type\":\"SearchAction\",\"target\":{\"@type\":\"EntryPoint\",\"urlTemplate\":\"https:\/\/longchangchemical.com\/?s={search_term_string}\"},\"query-input\":{\"@type\":\"PropertyValueSpecification\",\"valueRequired\":true,\"valueName\":\"search_term_string\"}}],\"inLanguage\":\"it-IT\"},{\"@type\":\"Organization\",\"@id\":\"https:\/\/longchangchemical.com\/#organization\",\"name\":\"Longchang Chemical\",\"url\":\"https:\/\/longchangchemical.com\/\",\"logo\":{\"@type\":\"ImageObject\",\"inLanguage\":\"it-IT\",\"@id\":\"https:\/\/longchangchemical.com\/#\/schema\/logo\/image\/\",\"url\":\"https:\/\/longchangchemical.com\/wp-content\/uploads\/2020\/08\/cropped-longchang-logo.png\",\"contentUrl\":\"https:\/\/longchangchemical.com\/wp-content\/uploads\/2020\/08\/cropped-longchang-logo.png\",\"width\":512,\"height\":512,\"caption\":\"Longchang Chemical\"},\"image\":{\"@id\":\"https:\/\/longchangchemical.com\/#\/schema\/logo\/image\/\"}}]}<\/script>\n<!-- \/ Yoast SEO plugin. -->","yoast_head_json":{"title":"Cina UV 5151 \/ Stabilizzatore alla luce 5151 CAS 104810-48-2 Produttore - Longchang Chemical","description":"UV 5151 \/ Stabilizzatore di luce 5151 CAS 104810-48-2 \u00e8 un prodotto chiave di Longchang Chemical. Forniamo il miglior prezzo. Siamo il produttore leader in Cina con la migliore qualit\u00e0 e il prezzo competitivo.","robots":{"index":"index","follow":"follow","max-snippet":"max-snippet:-1","max-image-preview":"max-image-preview:large","max-video-preview":"max-video-preview:-1"},"canonical":"https:\/\/longchangchemical.com\/it\/product\/uv-5151-cas-104810-48-2\/","og_locale":"it_IT","og_type":"article","og_title":"China UV 5151 \/ Light stabilizer 5151 CAS 104810-48-2 Manufacturer - Longchang Chemical","og_description":"UV 5151 \/ Light stabilizer 5151 CAS 104810-48-2 is a key product of Longchang Chemical. We provide the best price. We are the leading manufacturer in China with the best quality and competitive price.","og_url":"https:\/\/longchangchemical.com\/it\/product\/uv-5151-cas-104810-48-2\/","og_site_name":"Longchang Chemical","article_modified_time":"2026-05-08T08:26:25+00:00","og_image":[{"width":440,"height":747,"url":"https:\/\/longchangchemical.com\/wp-content\/uploads\/2023\/08\/UV-5151.png","type":"image\/png"}],"twitter_card":"summary_large_image","schema":{"@context":"https:\/\/schema.org","@graph":[{"@type":"WebPage","@id":"https:\/\/longchangchemical.com\/product\/uv-5151-cas-104810-48-2\/","url":"https:\/\/longchangchemical.com\/product\/uv-5151-cas-104810-48-2\/","name":"Cina UV 5151 \/ Stabilizzatore alla luce 5151 CAS 104810-48-2 Produttore - Longchang Chemical","isPartOf":{"@id":"https:\/\/longchangchemical.com\/#website"},"primaryImageOfPage":{"@id":"https:\/\/longchangchemical.com\/product\/uv-5151-cas-104810-48-2\/#primaryimage"},"image":{"@id":"https:\/\/longchangchemical.com\/product\/uv-5151-cas-104810-48-2\/#primaryimage"},"thumbnailUrl":"https:\/\/longchangchemical.com\/wp-content\/uploads\/2023\/08\/UV-5151.png","datePublished":"2023-08-18T07:59:18+00:00","dateModified":"2026-05-08T08:26:25+00:00","description":"UV 5151 \/ Stabilizzatore di luce 5151 CAS 104810-48-2 \u00e8 un prodotto chiave di Longchang Chemical. Forniamo il miglior prezzo. Siamo il produttore leader in Cina con la migliore qualit\u00e0 e il prezzo competitivo.","breadcrumb":{"@id":"https:\/\/longchangchemical.com\/product\/uv-5151-cas-104810-48-2\/#breadcrumb"},"inLanguage":"it-IT","potentialAction":[{"@type":"ReadAction","target":["https:\/\/longchangchemical.com\/product\/uv-5151-cas-104810-48-2\/"]}]},{"@type":"ImageObject","inLanguage":"it-IT","@id":"https:\/\/longchangchemical.com\/product\/uv-5151-cas-104810-48-2\/#primaryimage","url":"https:\/\/longchangchemical.com\/wp-content\/uploads\/2023\/08\/UV-5151.png","contentUrl":"https:\/\/longchangchemical.com\/wp-content\/uploads\/2023\/08\/UV-5151.png","width":440,"height":747},{"@type":"BreadcrumbList","@id":"https:\/\/longchangchemical.com\/product\/uv-5151-cas-104810-48-2\/#breadcrumb","itemListElement":[{"@type":"ListItem","position":1,"name":"Home","item":"https:\/\/longchangchemical.com\/"},{"@type":"ListItem","position":2,"name":"Products Longchang","item":"https:\/\/longchangchemical.com\/product\/"},{"@type":"ListItem","position":3,"name":"CHLUMILS\u00ae UV 5151 \/ Light stabilizer 5151 CAS 104810-48-2"}]},{"@type":"WebSite","@id":"https:\/\/longchangchemical.com\/#website","url":"https:\/\/longchangchemical.com\/","name":"Longchang Chemical","description":"Cina produttore di prodotti chimici \uff06 fornitore","publisher":{"@id":"https:\/\/longchangchemical.com\/#organization"},"potentialAction":[{"@type":"SearchAction","target":{"@type":"EntryPoint","urlTemplate":"https:\/\/longchangchemical.com\/?s={search_term_string}"},"query-input":{"@type":"PropertyValueSpecification","valueRequired":true,"valueName":"search_term_string"}}],"inLanguage":"it-IT"},{"@type":"Organization","@id":"https:\/\/longchangchemical.com\/#organization","name":"Longchang Chemical","url":"https:\/\/longchangchemical.com\/","logo":{"@type":"ImageObject","inLanguage":"it-IT","@id":"https:\/\/longchangchemical.com\/#\/schema\/logo\/image\/","url":"https:\/\/longchangchemical.com\/wp-content\/uploads\/2020\/08\/cropped-longchang-logo.png","contentUrl":"https:\/\/longchangchemical.com\/wp-content\/uploads\/2020\/08\/cropped-longchang-logo.png","width":512,"height":512,"caption":"Longchang Chemical"},"image":{"@id":"https:\/\/longchangchemical.com\/#\/schema\/logo\/image\/"}}]}},"_links":{"self":[{"href":"https:\/\/longchangchemical.com\/it\/wp-json\/wp\/v2\/product\/6205","targetHints":{"allow":["GET"]}}],"collection":[{"href":"https:\/\/longchangchemical.com\/it\/wp-json\/wp\/v2\/product"}],"about":[{"href":"https:\/\/longchangchemical.com\/it\/wp-json\/wp\/v2\/types\/product"}],"replies":[{"embeddable":true,"href":"https:\/\/longchangchemical.com\/it\/wp-json\/wp\/v2\/comments?post=6205"}],"wp:featuredmedia":[{"embeddable":true,"href":"https:\/\/longchangchemical.com\/it\/wp-json\/wp\/v2\/media\/6206"}],"wp:attachment":[{"href":"https:\/\/longchangchemical.com\/it\/wp-json\/wp\/v2\/media?parent=6205"}],"wp:term":[{"taxonomy":"product_brand","embeddable":true,"href":"https:\/\/longchangchemical.com\/it\/wp-json\/wp\/v2\/product_brand?post=6205"},{"taxonomy":"product_cat","embeddable":true,"href":"https:\/\/longchangchemical.com\/it\/wp-json\/wp\/v2\/product_cat?post=6205"},{"taxonomy":"product_tag","embeddable":true,"href":"https:\/\/longchangchemical.com\/it\/wp-json\/wp\/v2\/product_tag?post=6205"}],"curies":[{"name":"wp","href":"https:\/\/api.w.org\/{rel}","templated":true}]}}