{"id":6089,"date":"2023-05-13T06:50:58","date_gmt":"2023-05-13T06:50:58","guid":{"rendered":"https:\/\/longchangchemical.com\/?post_type=product&#038;p=6089"},"modified":"2026-01-09T06:57:33","modified_gmt":"2026-01-09T06:57:33","slug":"lcsorb-bp-8-cas-131-53-3","status":"publish","type":"product","link":"https:\/\/longchangchemical.com\/it\/product\/lcsorb-bp-8-cas-131-53-3\/","title":{"rendered":"CHLUMIUV\u00ae BP-8 CAS 131-53-3"},"content":{"rendered":"<h1><strong>BP-8 CAS 131-53-3<\/strong><\/h1>\n<table style=\"border-collapse: collapse; width: 245.28pt;\" border=\"0\" width=\"327\" cellspacing=\"0\" cellpadding=\"0\">\n<tbody>\n<tr style=\"height: 42.75pt;\">\n<td class=\"et2\" style=\"height: 42.75pt; width: 118.50pt;\" width=\"158\" height=\"57\">Aspetto<\/td>\n<td class=\"et2\" style=\"width: 126.75pt;\" width=\"169\">Polvere giallo chiaro<\/td>\n<\/tr>\n<tr style=\"height: 28.50pt;\">\n<td class=\"et2\" style=\"height: 28.50pt; width: 118.50pt;\" width=\"158\" height=\"38\">Peso molecolare<\/td>\n<td class=\"et2\" style=\"width: 126.75pt;\" width=\"169\">244.2<\/td>\n<\/tr>\n<tr style=\"height: 28.50pt;\">\n<td class=\"et2\" style=\"height: 28.50pt; width: 118.50pt;\" width=\"158\" height=\"38\">Contenuto<\/td>\n<td class=\"et2\" style=\"width: 126.75pt;\" width=\"169\">97.0-103.0%<\/td>\n<\/tr>\n<tr style=\"height: 28.50pt;\">\n<td class=\"et2\" style=\"height: 28.50pt; width: 118.50pt;\" width=\"158\" height=\"38\">Punto di fusione<\/td>\n<td class=\"et2\" style=\"width: 126.75pt;\" width=\"169\">\u226571<span class=\"font2\">\u2103<\/span><\/td>\n<\/tr>\n<tr style=\"height: 28.50pt;\">\n<td class=\"et2\" style=\"height: 28.50pt; width: 118.50pt;\" width=\"158\" height=\"38\">Punto di infiammabilit\u00e0<\/td>\n<td class=\"et2\" style=\"width: 126.75pt;\" width=\"169\">146<span class=\"font2\">\u2103<\/span><\/td>\n<\/tr>\n<tr style=\"height: 28.50pt;\">\n<td class=\"et2\" style=\"height: 28.50pt; width: 118.50pt;\" width=\"158\" height=\"38\">Densit\u00e0@20<span class=\"font2\">\u2103<\/span><\/td>\n<td class=\"et2\" style=\"width: 126.75pt;\" width=\"169\">1,30g\/cm3<\/td>\n<\/tr>\n<tr style=\"height: 14.25pt;\">\n<td class=\"et2\" style=\"height: 14.25pt; width: 118.50pt;\" width=\"158\" height=\"19\">Cenere<\/td>\n<td class=\"et2\" style=\"width: 126.75pt;\" width=\"169\">\u22640,1%<\/td>\n<\/tr>\n<tr style=\"height: 14.25pt;\">\n<td class=\"et2\" style=\"height: 14.25pt; width: 118.50pt;\" width=\"158\" height=\"19\">Volatilit\u00e0<\/td>\n<td class=\"et2\" style=\"width: 126.75pt;\" width=\"169\">\u22640,5%<\/td>\n<\/tr>\n<tr style=\"height: 57.00pt;\">\n<td class=\"et2\" style=\"height: 57.00pt; width: 118.50pt;\" width=\"158\" height=\"76\">Specifiche di imballaggio<\/td>\n<td class=\"et2\" style=\"width: 126.75pt;\" width=\"169\">Fusto di carta in cartone da 25 kg<\/td>\n<\/tr>\n<\/tbody>\n<\/table>\n<h2><strong>Uso di BP-8<\/strong><\/h2>\n<p>1. L'assorbitore UV BP-8 \u00e8 un assorbitore UV di tipo benzofenone, la cui struttura molecolare contiene due gruppi idrossilici vicini. \u00c8 in grado di assorbire la luce UV a 320-400 nm e presenta una buona compatibilit\u00e0, un lungo tempo di mantenimento, una buona stabilit\u00e0 termica e un'elevata efficienza di assorbimento.<\/p>\n<p>2. L'assorbitore UV BP-8 \u00e8 adatto per materie plastiche e rivestimenti, in particolare per polimetilmetacrilato, cloruro di polivinile, resina ABS, resina di mylamine, resina acrilica, resina insatura, resina di cellulosa. Il dosaggio generale \u00e8 0,5-3%.<\/p>\n<h2><strong>Contattateci ora!<\/strong><\/h2>\n<p><strong>Se avete bisogno di COA, MSDS o TDS di <span style=\"color: #00ccff;\"><a style=\"color: #00ccff;\" href=\"https:\/\/longchangchemical.com\/it\/product-category\/lcsorb-uv-absorber\/\">Assorbitore UV lcsorb<\/a><\/span>Se non si \u00e8 in grado di contattare il cliente, si prega di inserire i propri dati di contatto nel modulo sottostante; di solito ci metteremo in contatto con lui entro 24 ore. Potete anche inviarmi un'e-mail <span style=\"color: #00ccff;\"><a style=\"color: #00ccff;\" href=\"mailto:info@longchangchemical.com\">info@longchangchemical.com<\/a> <\/span>durante l'orario di lavoro (dalle 8:30 alle 18:00 UTC+8 lun.-sab.) o utilizzare la live chat del sito web per ottenere una risposta immediata.<\/strong><\/p>","protected":false},"excerpt":{"rendered":"<p>BP-8 CAS 131-53-3 Aspetto Polvere giallo chiaro Peso molecolare 244,2 Contenuto 97,0-103,0% Punto di fusione \u226571\u2103 Punto di infiammabilit\u00e0 146\u2103 Densit\u00e0@20\u2103 1,30g\/cm3 Ceneri \u22640,1% Volatilit\u00e0 \u22640,5% Specifiche di imballaggio Fusto di carta in cartone da 25 kg BP-8 Uso 1. Assorbitore UV BP-8 \u00e8 un assorbitore UV di tipo benzofenone. Assorbitore UV BP-8 \u00e8 un assorbitore UV di tipo benzofenone, la cui struttura molecolare contiene due gruppi idrossilici vicini. \u00c8 in grado di assorbire [...]<\/p>","protected":false},"featured_media":7939,"comment_status":"closed","ping_status":"closed","template":"","meta":[],"product_brand":[],"product_cat":[139],"product_tag":[],"class_list":{"0":"post-6089","1":"product","2":"type-product","3":"status-publish","4":"has-post-thumbnail","6":"product_cat-lcsorb-uv-absorber","8":"first","9":"instock","10":"shipping-taxable","11":"product-type-simple"},"yoast_head":"<!-- This site is optimized with the Yoast SEO plugin v25.3.1 - https:\/\/yoast.com\/wordpress\/plugins\/seo\/ -->\n<title>China CHLUMIUV\u00ae BP-8 CAS 131-53-3 Manufacturer - Longchang Chemical<\/title>\n<meta name=\"description\" content=\"CHLUMIUV\u00ae BP-8 CAS 131-53-3 is a key product of Longchang Chemical. We provide the best price. We are the leading manufacturer in China with the best quality and competitive price.\" \/>\n<meta name=\"robots\" content=\"index, follow, max-snippet:-1, max-image-preview:large, max-video-preview:-1\" \/>\n<link rel=\"canonical\" href=\"https:\/\/longchangchemical.com\/it\/product\/lcsorb-bp-8-cas-131-53-3\/\" \/>\n<meta property=\"og:locale\" content=\"it_IT\" \/>\n<meta property=\"og:type\" content=\"article\" \/>\n<meta property=\"og:title\" content=\"China CHLUMIUV\u00ae BP-8 CAS 131-53-3 Manufacturer - Longchang Chemical\" \/>\n<meta property=\"og:description\" content=\"CHLUMIUV\u00ae BP-8 CAS 131-53-3 is a key product of Longchang Chemical. We provide the best price. We are the leading manufacturer in China with the best quality and competitive price.\" \/>\n<meta property=\"og:url\" content=\"https:\/\/longchangchemical.com\/it\/product\/lcsorb-bp-8-cas-131-53-3\/\" \/>\n<meta property=\"og:site_name\" content=\"Longchang Chemical\" \/>\n<meta property=\"article:modified_time\" content=\"2026-01-09T06:57:33+00:00\" \/>\n<meta property=\"og:image\" content=\"https:\/\/longchangchemical.com\/wp-content\/uploads\/2023\/05\/131-53-3.jpg\" \/>\n\t<meta property=\"og:image:width\" content=\"600\" \/>\n\t<meta property=\"og:image:height\" content=\"600\" \/>\n\t<meta property=\"og:image:type\" content=\"image\/jpeg\" \/>\n<meta name=\"twitter:card\" content=\"summary_large_image\" \/>\n<script type=\"application\/ld+json\" class=\"yoast-schema-graph\">{\"@context\":\"https:\/\/schema.org\",\"@graph\":[{\"@type\":\"WebPage\",\"@id\":\"https:\/\/longchangchemical.com\/product\/lcsorb-bp-8-cas-131-53-3\/\",\"url\":\"https:\/\/longchangchemical.com\/product\/lcsorb-bp-8-cas-131-53-3\/\",\"name\":\"China CHLUMIUV\u00ae BP-8 CAS 131-53-3 Manufacturer - Longchang Chemical\",\"isPartOf\":{\"@id\":\"https:\/\/longchangchemical.com\/#website\"},\"primaryImageOfPage\":{\"@id\":\"https:\/\/longchangchemical.com\/product\/lcsorb-bp-8-cas-131-53-3\/#primaryimage\"},\"image\":{\"@id\":\"https:\/\/longchangchemical.com\/product\/lcsorb-bp-8-cas-131-53-3\/#primaryimage\"},\"thumbnailUrl\":\"https:\/\/longchangchemical.com\/wp-content\/uploads\/2023\/05\/131-53-3.jpg\",\"datePublished\":\"2023-05-13T06:50:58+00:00\",\"dateModified\":\"2026-01-09T06:57:33+00:00\",\"description\":\"CHLUMIUV\u00ae BP-8 CAS 131-53-3 is a key product of Longchang Chemical. We provide the best price. We are the leading manufacturer in China with the best quality and competitive price.\",\"breadcrumb\":{\"@id\":\"https:\/\/longchangchemical.com\/product\/lcsorb-bp-8-cas-131-53-3\/#breadcrumb\"},\"inLanguage\":\"it-IT\",\"potentialAction\":[{\"@type\":\"ReadAction\",\"target\":[\"https:\/\/longchangchemical.com\/product\/lcsorb-bp-8-cas-131-53-3\/\"]}]},{\"@type\":\"ImageObject\",\"inLanguage\":\"it-IT\",\"@id\":\"https:\/\/longchangchemical.com\/product\/lcsorb-bp-8-cas-131-53-3\/#primaryimage\",\"url\":\"https:\/\/longchangchemical.com\/wp-content\/uploads\/2023\/05\/131-53-3.jpg\",\"contentUrl\":\"https:\/\/longchangchemical.com\/wp-content\/uploads\/2023\/05\/131-53-3.jpg\",\"width\":600,\"height\":600},{\"@type\":\"BreadcrumbList\",\"@id\":\"https:\/\/longchangchemical.com\/product\/lcsorb-bp-8-cas-131-53-3\/#breadcrumb\",\"itemListElement\":[{\"@type\":\"ListItem\",\"position\":1,\"name\":\"Home\",\"item\":\"https:\/\/longchangchemical.com\/\"},{\"@type\":\"ListItem\",\"position\":2,\"name\":\"Products Longchang\",\"item\":\"https:\/\/longchangchemical.com\/product\/\"},{\"@type\":\"ListItem\",\"position\":3,\"name\":\"CHLUMIUV\u00ae BP-8 CAS 131-53-3\"}]},{\"@type\":\"WebSite\",\"@id\":\"https:\/\/longchangchemical.com\/#website\",\"url\":\"https:\/\/longchangchemical.com\/\",\"name\":\"Longchang Chemical\",\"description\":\"China chemical manufacturer \uff06 supplier\",\"publisher\":{\"@id\":\"https:\/\/longchangchemical.com\/#organization\"},\"potentialAction\":[{\"@type\":\"SearchAction\",\"target\":{\"@type\":\"EntryPoint\",\"urlTemplate\":\"https:\/\/longchangchemical.com\/?s={search_term_string}\"},\"query-input\":{\"@type\":\"PropertyValueSpecification\",\"valueRequired\":true,\"valueName\":\"search_term_string\"}}],\"inLanguage\":\"it-IT\"},{\"@type\":\"Organization\",\"@id\":\"https:\/\/longchangchemical.com\/#organization\",\"name\":\"Longchang Chemical\",\"url\":\"https:\/\/longchangchemical.com\/\",\"logo\":{\"@type\":\"ImageObject\",\"inLanguage\":\"it-IT\",\"@id\":\"https:\/\/longchangchemical.com\/#\/schema\/logo\/image\/\",\"url\":\"https:\/\/longchangchemical.com\/wp-content\/uploads\/2020\/08\/cropped-longchang-logo.png\",\"contentUrl\":\"https:\/\/longchangchemical.com\/wp-content\/uploads\/2020\/08\/cropped-longchang-logo.png\",\"width\":512,\"height\":512,\"caption\":\"Longchang Chemical\"},\"image\":{\"@id\":\"https:\/\/longchangchemical.com\/#\/schema\/logo\/image\/\"}}]}<\/script>\n<!-- \/ Yoast SEO plugin. -->","yoast_head_json":{"title":"Cina CHLUMIUV\u00ae BP-8 CAS 131-53-3 Produttore - Longchang Chemical","description":"CHLUMIUV\u00ae BP-8 CAS 131-53-3 \u00e8 un prodotto chiave di Longchang Chemical. Forniamo il miglior prezzo. Siamo il produttore leader in Cina con la migliore qualit\u00e0 e il prezzo competitivo.","robots":{"index":"index","follow":"follow","max-snippet":"max-snippet:-1","max-image-preview":"max-image-preview:large","max-video-preview":"max-video-preview:-1"},"canonical":"https:\/\/longchangchemical.com\/it\/product\/lcsorb-bp-8-cas-131-53-3\/","og_locale":"it_IT","og_type":"article","og_title":"China CHLUMIUV\u00ae BP-8 CAS 131-53-3 Manufacturer - Longchang Chemical","og_description":"CHLUMIUV\u00ae BP-8 CAS 131-53-3 is a key product of Longchang Chemical. We provide the best price. We are the leading manufacturer in China with the best quality and competitive price.","og_url":"https:\/\/longchangchemical.com\/it\/product\/lcsorb-bp-8-cas-131-53-3\/","og_site_name":"Longchang Chemical","article_modified_time":"2026-01-09T06:57:33+00:00","og_image":[{"width":600,"height":600,"url":"https:\/\/longchangchemical.com\/wp-content\/uploads\/2023\/05\/131-53-3.jpg","type":"image\/jpeg"}],"twitter_card":"summary_large_image","schema":{"@context":"https:\/\/schema.org","@graph":[{"@type":"WebPage","@id":"https:\/\/longchangchemical.com\/product\/lcsorb-bp-8-cas-131-53-3\/","url":"https:\/\/longchangchemical.com\/product\/lcsorb-bp-8-cas-131-53-3\/","name":"Cina CHLUMIUV\u00ae BP-8 CAS 131-53-3 Produttore - Longchang Chemical","isPartOf":{"@id":"https:\/\/longchangchemical.com\/#website"},"primaryImageOfPage":{"@id":"https:\/\/longchangchemical.com\/product\/lcsorb-bp-8-cas-131-53-3\/#primaryimage"},"image":{"@id":"https:\/\/longchangchemical.com\/product\/lcsorb-bp-8-cas-131-53-3\/#primaryimage"},"thumbnailUrl":"https:\/\/longchangchemical.com\/wp-content\/uploads\/2023\/05\/131-53-3.jpg","datePublished":"2023-05-13T06:50:58+00:00","dateModified":"2026-01-09T06:57:33+00:00","description":"CHLUMIUV\u00ae BP-8 CAS 131-53-3 \u00e8 un prodotto chiave di Longchang Chemical. Forniamo il miglior prezzo. Siamo il produttore leader in Cina con la migliore qualit\u00e0 e il prezzo competitivo.","breadcrumb":{"@id":"https:\/\/longchangchemical.com\/product\/lcsorb-bp-8-cas-131-53-3\/#breadcrumb"},"inLanguage":"it-IT","potentialAction":[{"@type":"ReadAction","target":["https:\/\/longchangchemical.com\/product\/lcsorb-bp-8-cas-131-53-3\/"]}]},{"@type":"ImageObject","inLanguage":"it-IT","@id":"https:\/\/longchangchemical.com\/product\/lcsorb-bp-8-cas-131-53-3\/#primaryimage","url":"https:\/\/longchangchemical.com\/wp-content\/uploads\/2023\/05\/131-53-3.jpg","contentUrl":"https:\/\/longchangchemical.com\/wp-content\/uploads\/2023\/05\/131-53-3.jpg","width":600,"height":600},{"@type":"BreadcrumbList","@id":"https:\/\/longchangchemical.com\/product\/lcsorb-bp-8-cas-131-53-3\/#breadcrumb","itemListElement":[{"@type":"ListItem","position":1,"name":"Home","item":"https:\/\/longchangchemical.com\/"},{"@type":"ListItem","position":2,"name":"Products Longchang","item":"https:\/\/longchangchemical.com\/product\/"},{"@type":"ListItem","position":3,"name":"CHLUMIUV\u00ae BP-8 CAS 131-53-3"}]},{"@type":"WebSite","@id":"https:\/\/longchangchemical.com\/#website","url":"https:\/\/longchangchemical.com\/","name":"Longchang Chemical","description":"Cina produttore di prodotti chimici \uff06 fornitore","publisher":{"@id":"https:\/\/longchangchemical.com\/#organization"},"potentialAction":[{"@type":"SearchAction","target":{"@type":"EntryPoint","urlTemplate":"https:\/\/longchangchemical.com\/?s={search_term_string}"},"query-input":{"@type":"PropertyValueSpecification","valueRequired":true,"valueName":"search_term_string"}}],"inLanguage":"it-IT"},{"@type":"Organization","@id":"https:\/\/longchangchemical.com\/#organization","name":"Longchang Chemical","url":"https:\/\/longchangchemical.com\/","logo":{"@type":"ImageObject","inLanguage":"it-IT","@id":"https:\/\/longchangchemical.com\/#\/schema\/logo\/image\/","url":"https:\/\/longchangchemical.com\/wp-content\/uploads\/2020\/08\/cropped-longchang-logo.png","contentUrl":"https:\/\/longchangchemical.com\/wp-content\/uploads\/2020\/08\/cropped-longchang-logo.png","width":512,"height":512,"caption":"Longchang Chemical"},"image":{"@id":"https:\/\/longchangchemical.com\/#\/schema\/logo\/image\/"}}]}},"_links":{"self":[{"href":"https:\/\/longchangchemical.com\/it\/wp-json\/wp\/v2\/product\/6089","targetHints":{"allow":["GET"]}}],"collection":[{"href":"https:\/\/longchangchemical.com\/it\/wp-json\/wp\/v2\/product"}],"about":[{"href":"https:\/\/longchangchemical.com\/it\/wp-json\/wp\/v2\/types\/product"}],"replies":[{"embeddable":true,"href":"https:\/\/longchangchemical.com\/it\/wp-json\/wp\/v2\/comments?post=6089"}],"wp:featuredmedia":[{"embeddable":true,"href":"https:\/\/longchangchemical.com\/it\/wp-json\/wp\/v2\/media\/7939"}],"wp:attachment":[{"href":"https:\/\/longchangchemical.com\/it\/wp-json\/wp\/v2\/media?parent=6089"}],"wp:term":[{"taxonomy":"product_brand","embeddable":true,"href":"https:\/\/longchangchemical.com\/it\/wp-json\/wp\/v2\/product_brand?post=6089"},{"taxonomy":"product_cat","embeddable":true,"href":"https:\/\/longchangchemical.com\/it\/wp-json\/wp\/v2\/product_cat?post=6089"},{"taxonomy":"product_tag","embeddable":true,"href":"https:\/\/longchangchemical.com\/it\/wp-json\/wp\/v2\/product_tag?post=6089"}],"curies":[{"name":"wp","href":"https:\/\/api.w.org\/{rel}","templated":true}]}}