{"id":6077,"date":"2023-05-05T10:59:15","date_gmt":"2023-05-05T10:59:15","guid":{"rendered":"https:\/\/longchangchemical.com\/?post_type=product&#038;p=6077"},"modified":"2026-01-09T08:42:50","modified_gmt":"2026-01-09T08:42:50","slug":"lcsorb-bp-2-cas-131-55-5","status":"publish","type":"product","link":"https:\/\/longchangchemical.com\/it\/product\/lcsorb-bp-2-cas-131-55-5\/","title":{"rendered":"CHLUMIUV\u00ae BP-2 CAS 131-55-5"},"content":{"rendered":"<h1><strong>BP-2 CAS 131-55-5<\/strong><\/h1>\n<table style=\"border-collapse: collapse; width: 208.53pt;\" border=\"0\" width=\"278\" cellspacing=\"0\" cellpadding=\"0\">\n<tbody>\n<tr style=\"height: 51.00pt;\">\n<td class=\"et2\" style=\"height: 51.00pt; width: 98.25pt;\" width=\"131\" height=\"68\">Aspetto<\/td>\n<td class=\"et2\" style=\"width: 110.25pt;\" width=\"147\">Polvere cristallina giallo chiaro<\/td>\n<\/tr>\n<tr style=\"height: 25.50pt;\">\n<td class=\"et2\" style=\"height: 25.50pt; width: 98.25pt;\" width=\"131\" height=\"34\">Peso molecolare<\/td>\n<td class=\"et2\" style=\"width: 110.25pt;\" width=\"147\">246<\/td>\n<\/tr>\n<tr style=\"height: 13.50pt;\">\n<td class=\"et2\" style=\"height: 13.50pt; width: 98.25pt;\" width=\"131\" height=\"18\">Contenuto<\/td>\n<td class=\"et2\" style=\"width: 110.25pt;\" width=\"147\">\u2265 99,0%<\/td>\n<\/tr>\n<tr style=\"height: 25.50pt;\">\n<td class=\"et2\" style=\"height: 25.50pt; width: 98.25pt;\" width=\"131\" height=\"34\">Punto di fusione<\/td>\n<td class=\"et2\" style=\"width: 110.25pt;\" width=\"147\">\u2265195.0<span class=\"font0\">\u2103<\/span><\/td>\n<\/tr>\n<tr style=\"height: 13.50pt;\">\n<td class=\"et2\" style=\"height: 13.50pt; width: 98.25pt;\" width=\"131\" height=\"18\">Punto di infiammabilit\u00e0<\/td>\n<td class=\"et2\" style=\"width: 110.25pt;\" width=\"147\">289.2\u00b0C<\/td>\n<\/tr>\n<tr style=\"height: 25.50pt;\">\n<td class=\"et2\" style=\"height: 25.50pt; width: 98.25pt;\" width=\"131\" height=\"34\">Densit\u00e0@20<span class=\"font0\">\u2103<\/span><\/td>\n<td class=\"et2\" style=\"width: 110.25pt;\" width=\"147\">1,53g\/cm3<\/td>\n<\/tr>\n<tr style=\"height: 13.50pt;\">\n<td class=\"et2\" style=\"height: 13.50pt; width: 98.25pt;\" width=\"131\" height=\"18\">Cenere<\/td>\n<td class=\"et2\" style=\"width: 110.25pt;\" width=\"147\">\u22640,1%<\/td>\n<\/tr>\n<tr style=\"height: 25.50pt;\">\n<td class=\"et2\" style=\"height: 25.50pt; width: 98.25pt;\" width=\"131\" height=\"34\">Parte volatile<\/td>\n<td class=\"et2\" style=\"width: 110.25pt;\" width=\"147\">\u22640,5%<\/td>\n<\/tr>\n<tr style=\"height: 51.00pt;\">\n<td class=\"et2\" style=\"height: 51.00pt; width: 98.25pt;\" width=\"131\" height=\"68\">Assorbanza A1\/1 (345nm)<\/td>\n<td class=\"et2\" style=\"width: 110.25pt;\" width=\"147\">\u2265580<\/td>\n<\/tr>\n<\/tbody>\n<\/table>\n<h2><strong>Uso di BP-2<\/strong><\/h2>\n<p>1. Assorbitore UV BP-2 \u00e8 un assorbitore UV benzofenonico, in grado di assorbire la luce UV a 320-400 nm. Grazie all'anello benzenico simmetrico e ai gruppi idrossilici su entrambi i lati, ha propriet\u00e0 chimiche fototermiche molto stabili. \u00c8 adatto per poliestere, PVC, lenti in resina, rivestimento di tessuti, in particolare per prodotti di protezione solare, migliorando la stabilit\u00e0 e la solidit\u00e0 del colore. Il dosaggio generale \u00e8 0,1-0,5%.<\/p>\n<p>2. L'assorbitore UV BP-2 \u00e8 adatto per: poliestere, rivestimenti e cosmetici, ecc. Negli ultimi anni, l'applicazione nell'industria tessile \u00e8 stata resa sempre pi\u00f9 ampia dall'importanza dell'industria tessile.<\/p>\n<h2><strong>Contattateci ora!<\/strong><\/h2>\n<p><strong>Se avete bisogno di COA, MSDS o TDS di <span style=\"color: #00ccff;\"><a style=\"color: #00ccff;\" href=\"https:\/\/longchangchemical.com\/it\/product-category\/lcsorb-uv-absorber\/\">Assorbitore UV lcsorb<\/a><\/span>Se non si \u00e8 in grado di contattare il cliente, si prega di inserire i propri dati di contatto nel modulo sottostante; di solito ci metteremo in contatto con lui entro 24 ore. Potete anche inviarmi un'e-mail <span style=\"color: #00ccff;\"><a style=\"color: #00ccff;\" href=\"mailto:info@longchangchemical.com\">info@longchangchemical.com<\/a> <\/span>durante l'orario di lavoro (dalle 8:30 alle 18:00 UTC+8 lun.-sab.) o utilizzare la live chat del sito web per ottenere una risposta immediata.<\/strong><\/p>","protected":false},"excerpt":{"rendered":"<p>BP-2 CAS 131-55-5 Aspetto Polvere cristallina di colore giallo chiaro Peso molecolare 246 Contenuto \u2265 99,0% Punto di fusione \u2265195,0\u2103 Punto di infiammabilit\u00e0 289,2\u00b0C Densit\u00e0@20\u2103 1,53g\/cm3 Ceneri \u22640,1% Parte volatile \u22640,5% Assorbanza A1\/1(345nm) \u2265580 BP-2 Utilizzo 1. Assorbitore UV BP-2 \u00e8 un assorbitore UV di benzofenone, in grado di assorbire la luce UV a 320-400 nm. Con anello benzenico simmetrico e gruppi idrossilici su [...]<\/p>","protected":false},"featured_media":7948,"comment_status":"closed","ping_status":"closed","template":"","meta":[],"product_brand":[],"product_cat":[139],"product_tag":[],"class_list":{"0":"post-6077","1":"product","2":"type-product","3":"status-publish","4":"has-post-thumbnail","6":"product_cat-lcsorb-uv-absorber","8":"first","9":"instock","10":"shipping-taxable","11":"product-type-simple"},"yoast_head":"<!-- This site is optimized with the Yoast SEO plugin v25.3.1 - https:\/\/yoast.com\/wordpress\/plugins\/seo\/ -->\n<title>China CHLUMIUV\u00ae BP-2 CAS 131-55-5 Manufacturer - Longchang Chemical<\/title>\n<meta name=\"description\" content=\"CHLUMIUV\u00ae BP-2 CAS 131-55-5 is a key product of Longchang Chemical. We provide the best price. We are the leading manufacturer in China with the best quality and competitive price.\" \/>\n<meta name=\"robots\" content=\"index, follow, max-snippet:-1, max-image-preview:large, max-video-preview:-1\" \/>\n<link rel=\"canonical\" href=\"https:\/\/longchangchemical.com\/it\/product\/lcsorb-bp-2-cas-131-55-5\/\" \/>\n<meta property=\"og:locale\" content=\"it_IT\" \/>\n<meta property=\"og:type\" content=\"article\" \/>\n<meta property=\"og:title\" content=\"China CHLUMIUV\u00ae BP-2 CAS 131-55-5 Manufacturer - Longchang Chemical\" \/>\n<meta property=\"og:description\" content=\"CHLUMIUV\u00ae BP-2 CAS 131-55-5 is a key product of Longchang Chemical. We provide the best price. We are the leading manufacturer in China with the best quality and competitive price.\" \/>\n<meta property=\"og:url\" content=\"https:\/\/longchangchemical.com\/it\/product\/lcsorb-bp-2-cas-131-55-5\/\" \/>\n<meta property=\"og:site_name\" content=\"Longchang Chemical\" \/>\n<meta property=\"article:modified_time\" content=\"2026-01-09T08:42:50+00:00\" \/>\n<meta property=\"og:image\" content=\"https:\/\/longchangchemical.com\/wp-content\/uploads\/2023\/05\/131-55-5.jpg\" \/>\n\t<meta property=\"og:image:width\" content=\"600\" \/>\n\t<meta property=\"og:image:height\" content=\"600\" \/>\n\t<meta property=\"og:image:type\" content=\"image\/jpeg\" \/>\n<meta name=\"twitter:card\" content=\"summary_large_image\" \/>\n<script type=\"application\/ld+json\" class=\"yoast-schema-graph\">{\"@context\":\"https:\/\/schema.org\",\"@graph\":[{\"@type\":\"WebPage\",\"@id\":\"https:\/\/longchangchemical.com\/product\/lcsorb-bp-2-cas-131-55-5\/\",\"url\":\"https:\/\/longchangchemical.com\/product\/lcsorb-bp-2-cas-131-55-5\/\",\"name\":\"China CHLUMIUV\u00ae BP-2 CAS 131-55-5 Manufacturer - Longchang Chemical\",\"isPartOf\":{\"@id\":\"https:\/\/longchangchemical.com\/#website\"},\"primaryImageOfPage\":{\"@id\":\"https:\/\/longchangchemical.com\/product\/lcsorb-bp-2-cas-131-55-5\/#primaryimage\"},\"image\":{\"@id\":\"https:\/\/longchangchemical.com\/product\/lcsorb-bp-2-cas-131-55-5\/#primaryimage\"},\"thumbnailUrl\":\"https:\/\/longchangchemical.com\/wp-content\/uploads\/2023\/05\/131-55-5.jpg\",\"datePublished\":\"2023-05-05T10:59:15+00:00\",\"dateModified\":\"2026-01-09T08:42:50+00:00\",\"description\":\"CHLUMIUV\u00ae BP-2 CAS 131-55-5 is a key product of Longchang Chemical. We provide the best price. We are the leading manufacturer in China with the best quality and competitive price.\",\"breadcrumb\":{\"@id\":\"https:\/\/longchangchemical.com\/product\/lcsorb-bp-2-cas-131-55-5\/#breadcrumb\"},\"inLanguage\":\"it-IT\",\"potentialAction\":[{\"@type\":\"ReadAction\",\"target\":[\"https:\/\/longchangchemical.com\/product\/lcsorb-bp-2-cas-131-55-5\/\"]}]},{\"@type\":\"ImageObject\",\"inLanguage\":\"it-IT\",\"@id\":\"https:\/\/longchangchemical.com\/product\/lcsorb-bp-2-cas-131-55-5\/#primaryimage\",\"url\":\"https:\/\/longchangchemical.com\/wp-content\/uploads\/2023\/05\/131-55-5.jpg\",\"contentUrl\":\"https:\/\/longchangchemical.com\/wp-content\/uploads\/2023\/05\/131-55-5.jpg\",\"width\":600,\"height\":600},{\"@type\":\"BreadcrumbList\",\"@id\":\"https:\/\/longchangchemical.com\/product\/lcsorb-bp-2-cas-131-55-5\/#breadcrumb\",\"itemListElement\":[{\"@type\":\"ListItem\",\"position\":1,\"name\":\"Home\",\"item\":\"https:\/\/longchangchemical.com\/\"},{\"@type\":\"ListItem\",\"position\":2,\"name\":\"Products Longchang\",\"item\":\"https:\/\/longchangchemical.com\/product\/\"},{\"@type\":\"ListItem\",\"position\":3,\"name\":\"CHLUMIUV\u00ae BP-2 CAS 131-55-5\"}]},{\"@type\":\"WebSite\",\"@id\":\"https:\/\/longchangchemical.com\/#website\",\"url\":\"https:\/\/longchangchemical.com\/\",\"name\":\"Longchang Chemical\",\"description\":\"China chemical manufacturer \uff06 supplier\",\"publisher\":{\"@id\":\"https:\/\/longchangchemical.com\/#organization\"},\"potentialAction\":[{\"@type\":\"SearchAction\",\"target\":{\"@type\":\"EntryPoint\",\"urlTemplate\":\"https:\/\/longchangchemical.com\/?s={search_term_string}\"},\"query-input\":{\"@type\":\"PropertyValueSpecification\",\"valueRequired\":true,\"valueName\":\"search_term_string\"}}],\"inLanguage\":\"it-IT\"},{\"@type\":\"Organization\",\"@id\":\"https:\/\/longchangchemical.com\/#organization\",\"name\":\"Longchang Chemical\",\"url\":\"https:\/\/longchangchemical.com\/\",\"logo\":{\"@type\":\"ImageObject\",\"inLanguage\":\"it-IT\",\"@id\":\"https:\/\/longchangchemical.com\/#\/schema\/logo\/image\/\",\"url\":\"https:\/\/longchangchemical.com\/wp-content\/uploads\/2020\/08\/cropped-longchang-logo.png\",\"contentUrl\":\"https:\/\/longchangchemical.com\/wp-content\/uploads\/2020\/08\/cropped-longchang-logo.png\",\"width\":512,\"height\":512,\"caption\":\"Longchang Chemical\"},\"image\":{\"@id\":\"https:\/\/longchangchemical.com\/#\/schema\/logo\/image\/\"}}]}<\/script>\n<!-- \/ Yoast SEO plugin. -->","yoast_head_json":{"title":"Cina CHLUMIUV\u00ae BP-2 CAS 131-55-5 Produttore - Longchang Chemical","description":"CHLUMIUV\u00ae BP-2 CAS 131-55-5 \u00e8 un prodotto chiave di Longchang Chemical. Forniamo il miglior prezzo. Siamo il produttore leader in Cina con la migliore qualit\u00e0 e il prezzo competitivo.","robots":{"index":"index","follow":"follow","max-snippet":"max-snippet:-1","max-image-preview":"max-image-preview:large","max-video-preview":"max-video-preview:-1"},"canonical":"https:\/\/longchangchemical.com\/it\/product\/lcsorb-bp-2-cas-131-55-5\/","og_locale":"it_IT","og_type":"article","og_title":"China CHLUMIUV\u00ae BP-2 CAS 131-55-5 Manufacturer - Longchang Chemical","og_description":"CHLUMIUV\u00ae BP-2 CAS 131-55-5 is a key product of Longchang Chemical. We provide the best price. We are the leading manufacturer in China with the best quality and competitive price.","og_url":"https:\/\/longchangchemical.com\/it\/product\/lcsorb-bp-2-cas-131-55-5\/","og_site_name":"Longchang Chemical","article_modified_time":"2026-01-09T08:42:50+00:00","og_image":[{"width":600,"height":600,"url":"https:\/\/longchangchemical.com\/wp-content\/uploads\/2023\/05\/131-55-5.jpg","type":"image\/jpeg"}],"twitter_card":"summary_large_image","schema":{"@context":"https:\/\/schema.org","@graph":[{"@type":"WebPage","@id":"https:\/\/longchangchemical.com\/product\/lcsorb-bp-2-cas-131-55-5\/","url":"https:\/\/longchangchemical.com\/product\/lcsorb-bp-2-cas-131-55-5\/","name":"Cina CHLUMIUV\u00ae BP-2 CAS 131-55-5 Produttore - Longchang Chemical","isPartOf":{"@id":"https:\/\/longchangchemical.com\/#website"},"primaryImageOfPage":{"@id":"https:\/\/longchangchemical.com\/product\/lcsorb-bp-2-cas-131-55-5\/#primaryimage"},"image":{"@id":"https:\/\/longchangchemical.com\/product\/lcsorb-bp-2-cas-131-55-5\/#primaryimage"},"thumbnailUrl":"https:\/\/longchangchemical.com\/wp-content\/uploads\/2023\/05\/131-55-5.jpg","datePublished":"2023-05-05T10:59:15+00:00","dateModified":"2026-01-09T08:42:50+00:00","description":"CHLUMIUV\u00ae BP-2 CAS 131-55-5 \u00e8 un prodotto chiave di Longchang Chemical. Forniamo il miglior prezzo. Siamo il produttore leader in Cina con la migliore qualit\u00e0 e il prezzo competitivo.","breadcrumb":{"@id":"https:\/\/longchangchemical.com\/product\/lcsorb-bp-2-cas-131-55-5\/#breadcrumb"},"inLanguage":"it-IT","potentialAction":[{"@type":"ReadAction","target":["https:\/\/longchangchemical.com\/product\/lcsorb-bp-2-cas-131-55-5\/"]}]},{"@type":"ImageObject","inLanguage":"it-IT","@id":"https:\/\/longchangchemical.com\/product\/lcsorb-bp-2-cas-131-55-5\/#primaryimage","url":"https:\/\/longchangchemical.com\/wp-content\/uploads\/2023\/05\/131-55-5.jpg","contentUrl":"https:\/\/longchangchemical.com\/wp-content\/uploads\/2023\/05\/131-55-5.jpg","width":600,"height":600},{"@type":"BreadcrumbList","@id":"https:\/\/longchangchemical.com\/product\/lcsorb-bp-2-cas-131-55-5\/#breadcrumb","itemListElement":[{"@type":"ListItem","position":1,"name":"Home","item":"https:\/\/longchangchemical.com\/"},{"@type":"ListItem","position":2,"name":"Products Longchang","item":"https:\/\/longchangchemical.com\/product\/"},{"@type":"ListItem","position":3,"name":"CHLUMIUV\u00ae BP-2 CAS 131-55-5"}]},{"@type":"WebSite","@id":"https:\/\/longchangchemical.com\/#website","url":"https:\/\/longchangchemical.com\/","name":"Longchang Chemical","description":"Cina produttore di prodotti chimici \uff06 fornitore","publisher":{"@id":"https:\/\/longchangchemical.com\/#organization"},"potentialAction":[{"@type":"SearchAction","target":{"@type":"EntryPoint","urlTemplate":"https:\/\/longchangchemical.com\/?s={search_term_string}"},"query-input":{"@type":"PropertyValueSpecification","valueRequired":true,"valueName":"search_term_string"}}],"inLanguage":"it-IT"},{"@type":"Organization","@id":"https:\/\/longchangchemical.com\/#organization","name":"Longchang Chemical","url":"https:\/\/longchangchemical.com\/","logo":{"@type":"ImageObject","inLanguage":"it-IT","@id":"https:\/\/longchangchemical.com\/#\/schema\/logo\/image\/","url":"https:\/\/longchangchemical.com\/wp-content\/uploads\/2020\/08\/cropped-longchang-logo.png","contentUrl":"https:\/\/longchangchemical.com\/wp-content\/uploads\/2020\/08\/cropped-longchang-logo.png","width":512,"height":512,"caption":"Longchang Chemical"},"image":{"@id":"https:\/\/longchangchemical.com\/#\/schema\/logo\/image\/"}}]}},"_links":{"self":[{"href":"https:\/\/longchangchemical.com\/it\/wp-json\/wp\/v2\/product\/6077","targetHints":{"allow":["GET"]}}],"collection":[{"href":"https:\/\/longchangchemical.com\/it\/wp-json\/wp\/v2\/product"}],"about":[{"href":"https:\/\/longchangchemical.com\/it\/wp-json\/wp\/v2\/types\/product"}],"replies":[{"embeddable":true,"href":"https:\/\/longchangchemical.com\/it\/wp-json\/wp\/v2\/comments?post=6077"}],"wp:featuredmedia":[{"embeddable":true,"href":"https:\/\/longchangchemical.com\/it\/wp-json\/wp\/v2\/media\/7948"}],"wp:attachment":[{"href":"https:\/\/longchangchemical.com\/it\/wp-json\/wp\/v2\/media?parent=6077"}],"wp:term":[{"taxonomy":"product_brand","embeddable":true,"href":"https:\/\/longchangchemical.com\/it\/wp-json\/wp\/v2\/product_brand?post=6077"},{"taxonomy":"product_cat","embeddable":true,"href":"https:\/\/longchangchemical.com\/it\/wp-json\/wp\/v2\/product_cat?post=6077"},{"taxonomy":"product_tag","embeddable":true,"href":"https:\/\/longchangchemical.com\/it\/wp-json\/wp\/v2\/product_tag?post=6077"}],"curies":[{"name":"wp","href":"https:\/\/api.w.org\/{rel}","templated":true}]}}