{"id":6044,"date":"2023-04-20T06:53:49","date_gmt":"2023-04-20T06:53:49","guid":{"rendered":"https:\/\/longchangchemical.com\/?post_type=product&#038;p=6044"},"modified":"2026-01-09T09:09:26","modified_gmt":"2026-01-09T09:09:26","slug":"lcsorb-uv-1-cas-57834-33-0","status":"publish","type":"product","link":"https:\/\/longchangchemical.com\/it\/product\/lcsorb-uv-1-cas-57834-33-0\/","title":{"rendered":"CHLUMIUV\u00ae UV-1 CAS 57834-33-0"},"content":{"rendered":"<h1><strong>UV-1 CAS 57834-33-0<\/strong><\/h1>\n<table style=\"border-collapse: collapse; width: 203.28pt;\" border=\"0\" width=\"271\" cellspacing=\"0\" cellpadding=\"0\">\n<tbody>\n<tr style=\"height: 28.50pt;\">\n<td class=\"et2\" style=\"height: 28.50pt; width: 109.50pt;\" width=\"146\" height=\"38\">Aspetto<\/td>\n<td class=\"et3\" style=\"width: 93.75pt;\" width=\"125\">Liquido giallo pallido<\/td>\n<\/tr>\n<tr style=\"height: 28.50pt;\">\n<td class=\"et2\" style=\"height: 28.50pt; width: 109.50pt;\" width=\"146\" height=\"38\">Peso molecolare<\/td>\n<td class=\"et4\" style=\"width: 93.75pt;\" width=\"125\">282.3<\/td>\n<\/tr>\n<tr style=\"height: 14.25pt;\">\n<td class=\"et2\" style=\"height: 14.25pt; width: 109.50pt;\" width=\"146\" height=\"19\">Contenuto<\/td>\n<td class=\"et2\" style=\"width: 93.75pt;\" width=\"125\">\u226599.0%<\/td>\n<\/tr>\n<tr style=\"height: 28.50pt;\">\n<td class=\"et2\" style=\"height: 28.50pt; width: 109.50pt;\" width=\"146\" height=\"38\">Punto di congelamento<\/td>\n<td class=\"et2\" style=\"width: 93.75pt;\" width=\"125\">\u22640,5%<\/td>\n<\/tr>\n<tr style=\"height: 28.50pt;\">\n<td class=\"et2\" style=\"height: 28.50pt; width: 109.50pt;\" width=\"146\" height=\"38\">Punto di infiammabilit\u00e0<\/td>\n<td class=\"et2\" style=\"width: 93.75pt;\" width=\"125\">206\u00b0C<\/td>\n<\/tr>\n<tr style=\"height: 28.50pt;\">\n<td class=\"et2\" style=\"height: 28.50pt; width: 109.50pt;\" width=\"146\" height=\"38\">Densit\u00e0@20\u00b0C<\/td>\n<td class=\"et2\" style=\"width: 93.75pt;\" width=\"125\">1,05g\/cm3<\/td>\n<\/tr>\n<tr style=\"height: 28.50pt;\">\n<td class=\"et2\" style=\"height: 28.50pt; width: 109.50pt;\" width=\"146\" height=\"38\">Contenuto d'acqua<\/td>\n<td class=\"et2\" style=\"width: 93.75pt;\" width=\"125\">\u22640,5%<\/td>\n<\/tr>\n<tr style=\"height: 14.25pt;\">\n<td class=\"et2\" style=\"height: 14.25pt; width: 109.50pt;\" width=\"146\" height=\"19\">Volatili<\/td>\n<td class=\"et2\" style=\"width: 93.75pt;\" width=\"125\">\u22640,5%<\/td>\n<\/tr>\n<tr style=\"height: 14.25pt;\">\n<td class=\"et4\" style=\"height: 28.50pt; width: 109.50pt;\" rowspan=\"2\" width=\"146\" height=\"38\">Trasmissione della luce<\/td>\n<td class=\"et2\" style=\"width: 93.75pt;\" width=\"125\">460nm\u226590%<\/td>\n<\/tr>\n<tr style=\"height: 14.25pt;\">\n<td class=\"et2\" style=\"width: 93.75pt;\" width=\"125\">500nm\u226595%<\/td>\n<\/tr>\n<\/tbody>\n<\/table>\n<h2>UV-1 Uso<\/h2>\n<p>L'assorbitore UV UV-1(101) \u00e8 un assorbitore UV liquido di fenilmetacrilato, in grado di assorbire la luce UV di 280-350 nm, con un picco di assorbimento di 308 nm. La luce UV a 300-330 nm viene assorbita quasi completamente.<\/p>\n<p>Ha una buona compatibilit\u00e0, bassa volatilit\u00e0, buona stabilit\u00e0 termica ed elevata efficienza di assorbimento, ed \u00e8 facilmente solubile in polioli di poliestere, polioli di polietere, resine epossidiche e isocianati. \u00c8 adatto per adesivi, adesivi per l'invasatura, adesivi a goccia di cristallo, in particolare per poliuretano, schiuma dura, schiuma morbida, adesivi, elastomeri, rivestimenti per tessuti, PVC, resine acriliche. Il dosaggio generale \u00e8 di 0,3-0,5%.<\/p>\n<p>Adatto per: l'uso in prodotti poliuretanici come schiuma microcellulare, schiuma rigida tradizionale, schiuma semirigida, schiuma flessibile, rivestimento di tessuti, alcuni adesivi, sigillanti ed elastomeri, nonch\u00e9 cloruro di polivinile, resine acriliche e altri polimeri, tutti con eccellenti propriet\u00e0 di stabilit\u00e0 alla luce.<\/p>\n<p>&nbsp;<\/p>\n<h2><strong>Contattateci ora!<\/strong><\/h2>\n<p><strong>Se avete bisogno di COA, MSDS o TDS di <span style=\"color: #00ccff;\"><a style=\"color: #00ccff;\" href=\"https:\/\/longchangchemical.com\/it\/product-category\/lcsorb-uv-absorber\/\">Assorbitore UV lcsorb<\/a><\/span>Se non si \u00e8 in grado di contattare il cliente, si prega di inserire i propri dati di contatto nel modulo sottostante; di solito ci metteremo in contatto con lui entro 24 ore. Potete anche inviarmi un'e-mail <span style=\"color: #00ccff;\"><a style=\"color: #00ccff;\" href=\"mailto:info@longchangchemical.com\">info@longchangchemical.com<\/a> <\/span>durante l'orario di lavoro (dalle 8:30 alle 18:00 UTC+8 lun.-sab.) o utilizzare la live chat del sito web per ottenere una risposta immediata.<\/strong><\/p>","protected":false},"excerpt":{"rendered":"<p>UV-1 CAS 57834-33-0 Aspetto Liquido giallo pallido Peso molecolare 282,3 Contenuto \u226599,0% Punto di congelamento \u22640,5% Punto di infiammabilit\u00e0 206\u00b0C Densit\u00e0@20\u00b0C 1,05g\/cm3 Contenuto d'acqua \u22640,5% Volatili \u22640.5% Trasmissione della luce 460nm\u226590% 500nm\u226595% UV-1 Assorbitore UV UV-1(101) \u00e8 un assorbitore UV fenilmetacrilato liquido, in grado di assorbire la luce UV a 280-350 nm, con un picco di assorbimento di 308 nm. [...]<\/p>","protected":false},"featured_media":7955,"comment_status":"closed","ping_status":"closed","template":"","meta":[],"product_brand":[],"product_cat":[139],"product_tag":[],"class_list":{"0":"post-6044","1":"product","2":"type-product","3":"status-publish","4":"has-post-thumbnail","6":"product_cat-lcsorb-uv-absorber","8":"first","9":"instock","10":"shipping-taxable","11":"product-type-simple"},"yoast_head":"<!-- This site is optimized with the Yoast SEO plugin v25.3.1 - https:\/\/yoast.com\/wordpress\/plugins\/seo\/ -->\n<title>China CHLUMIUV\u00ae UV-1 CAS 57834-33-0 Manufacturer - Longchang Chemical<\/title>\n<meta name=\"description\" content=\"CHLUMIUV\u00ae UV-1 CAS 57834-33-0 is a key product of Longchang Chemical. We provide the best price. We are the leading manufacturer in China with the best quality and competitive price.\" \/>\n<meta name=\"robots\" content=\"index, follow, max-snippet:-1, max-image-preview:large, max-video-preview:-1\" \/>\n<link rel=\"canonical\" href=\"https:\/\/longchangchemical.com\/it\/product\/lcsorb-uv-1-cas-57834-33-0\/\" \/>\n<meta property=\"og:locale\" content=\"it_IT\" \/>\n<meta property=\"og:type\" content=\"article\" \/>\n<meta property=\"og:title\" content=\"China CHLUMIUV\u00ae UV-1 CAS 57834-33-0 Manufacturer - Longchang Chemical\" \/>\n<meta property=\"og:description\" content=\"CHLUMIUV\u00ae UV-1 CAS 57834-33-0 is a key product of Longchang Chemical. We provide the best price. We are the leading manufacturer in China with the best quality and competitive price.\" \/>\n<meta property=\"og:url\" content=\"https:\/\/longchangchemical.com\/it\/product\/lcsorb-uv-1-cas-57834-33-0\/\" \/>\n<meta property=\"og:site_name\" content=\"Longchang Chemical\" \/>\n<meta property=\"article:modified_time\" content=\"2026-01-09T09:09:26+00:00\" \/>\n<meta property=\"og:image\" content=\"https:\/\/longchangchemical.com\/wp-content\/uploads\/2023\/04\/57834-33-0.jpg\" \/>\n\t<meta property=\"og:image:width\" content=\"600\" \/>\n\t<meta property=\"og:image:height\" content=\"600\" \/>\n\t<meta property=\"og:image:type\" content=\"image\/jpeg\" \/>\n<meta name=\"twitter:card\" content=\"summary_large_image\" \/>\n<script type=\"application\/ld+json\" class=\"yoast-schema-graph\">{\"@context\":\"https:\/\/schema.org\",\"@graph\":[{\"@type\":\"WebPage\",\"@id\":\"https:\/\/longchangchemical.com\/product\/lcsorb-uv-1-cas-57834-33-0\/\",\"url\":\"https:\/\/longchangchemical.com\/product\/lcsorb-uv-1-cas-57834-33-0\/\",\"name\":\"China CHLUMIUV\u00ae UV-1 CAS 57834-33-0 Manufacturer - Longchang Chemical\",\"isPartOf\":{\"@id\":\"https:\/\/longchangchemical.com\/#website\"},\"primaryImageOfPage\":{\"@id\":\"https:\/\/longchangchemical.com\/product\/lcsorb-uv-1-cas-57834-33-0\/#primaryimage\"},\"image\":{\"@id\":\"https:\/\/longchangchemical.com\/product\/lcsorb-uv-1-cas-57834-33-0\/#primaryimage\"},\"thumbnailUrl\":\"https:\/\/longchangchemical.com\/wp-content\/uploads\/2023\/04\/57834-33-0.jpg\",\"datePublished\":\"2023-04-20T06:53:49+00:00\",\"dateModified\":\"2026-01-09T09:09:26+00:00\",\"description\":\"CHLUMIUV\u00ae UV-1 CAS 57834-33-0 is a key product of Longchang Chemical. We provide the best price. We are the leading manufacturer in China with the best quality and competitive price.\",\"breadcrumb\":{\"@id\":\"https:\/\/longchangchemical.com\/product\/lcsorb-uv-1-cas-57834-33-0\/#breadcrumb\"},\"inLanguage\":\"it-IT\",\"potentialAction\":[{\"@type\":\"ReadAction\",\"target\":[\"https:\/\/longchangchemical.com\/product\/lcsorb-uv-1-cas-57834-33-0\/\"]}]},{\"@type\":\"ImageObject\",\"inLanguage\":\"it-IT\",\"@id\":\"https:\/\/longchangchemical.com\/product\/lcsorb-uv-1-cas-57834-33-0\/#primaryimage\",\"url\":\"https:\/\/longchangchemical.com\/wp-content\/uploads\/2023\/04\/57834-33-0.jpg\",\"contentUrl\":\"https:\/\/longchangchemical.com\/wp-content\/uploads\/2023\/04\/57834-33-0.jpg\",\"width\":600,\"height\":600},{\"@type\":\"BreadcrumbList\",\"@id\":\"https:\/\/longchangchemical.com\/product\/lcsorb-uv-1-cas-57834-33-0\/#breadcrumb\",\"itemListElement\":[{\"@type\":\"ListItem\",\"position\":1,\"name\":\"Home\",\"item\":\"https:\/\/longchangchemical.com\/\"},{\"@type\":\"ListItem\",\"position\":2,\"name\":\"Products Longchang\",\"item\":\"https:\/\/longchangchemical.com\/product\/\"},{\"@type\":\"ListItem\",\"position\":3,\"name\":\"CHLUMIUV\u00ae UV-1 CAS 57834-33-0\"}]},{\"@type\":\"WebSite\",\"@id\":\"https:\/\/longchangchemical.com\/#website\",\"url\":\"https:\/\/longchangchemical.com\/\",\"name\":\"Longchang Chemical\",\"description\":\"China chemical manufacturer \uff06 supplier\",\"publisher\":{\"@id\":\"https:\/\/longchangchemical.com\/#organization\"},\"potentialAction\":[{\"@type\":\"SearchAction\",\"target\":{\"@type\":\"EntryPoint\",\"urlTemplate\":\"https:\/\/longchangchemical.com\/?s={search_term_string}\"},\"query-input\":{\"@type\":\"PropertyValueSpecification\",\"valueRequired\":true,\"valueName\":\"search_term_string\"}}],\"inLanguage\":\"it-IT\"},{\"@type\":\"Organization\",\"@id\":\"https:\/\/longchangchemical.com\/#organization\",\"name\":\"Longchang Chemical\",\"url\":\"https:\/\/longchangchemical.com\/\",\"logo\":{\"@type\":\"ImageObject\",\"inLanguage\":\"it-IT\",\"@id\":\"https:\/\/longchangchemical.com\/#\/schema\/logo\/image\/\",\"url\":\"https:\/\/longchangchemical.com\/wp-content\/uploads\/2020\/08\/cropped-longchang-logo.png\",\"contentUrl\":\"https:\/\/longchangchemical.com\/wp-content\/uploads\/2020\/08\/cropped-longchang-logo.png\",\"width\":512,\"height\":512,\"caption\":\"Longchang Chemical\"},\"image\":{\"@id\":\"https:\/\/longchangchemical.com\/#\/schema\/logo\/image\/\"}}]}<\/script>\n<!-- \/ Yoast SEO plugin. -->","yoast_head_json":{"title":"Cina CHLUMIUV\u00ae UV-1 CAS 57834-33-0 Produttore - Longchang Chemical","description":"CHLUMIUV\u00ae UV-1 CAS 57834-33-0 \u00e8 un prodotto chiave di Longchang Chemical. Forniamo il miglior prezzo. Siamo il produttore leader in Cina con la migliore qualit\u00e0 e il prezzo competitivo.","robots":{"index":"index","follow":"follow","max-snippet":"max-snippet:-1","max-image-preview":"max-image-preview:large","max-video-preview":"max-video-preview:-1"},"canonical":"https:\/\/longchangchemical.com\/it\/product\/lcsorb-uv-1-cas-57834-33-0\/","og_locale":"it_IT","og_type":"article","og_title":"China CHLUMIUV\u00ae UV-1 CAS 57834-33-0 Manufacturer - Longchang Chemical","og_description":"CHLUMIUV\u00ae UV-1 CAS 57834-33-0 is a key product of Longchang Chemical. We provide the best price. We are the leading manufacturer in China with the best quality and competitive price.","og_url":"https:\/\/longchangchemical.com\/it\/product\/lcsorb-uv-1-cas-57834-33-0\/","og_site_name":"Longchang Chemical","article_modified_time":"2026-01-09T09:09:26+00:00","og_image":[{"width":600,"height":600,"url":"https:\/\/longchangchemical.com\/wp-content\/uploads\/2023\/04\/57834-33-0.jpg","type":"image\/jpeg"}],"twitter_card":"summary_large_image","schema":{"@context":"https:\/\/schema.org","@graph":[{"@type":"WebPage","@id":"https:\/\/longchangchemical.com\/product\/lcsorb-uv-1-cas-57834-33-0\/","url":"https:\/\/longchangchemical.com\/product\/lcsorb-uv-1-cas-57834-33-0\/","name":"Cina CHLUMIUV\u00ae UV-1 CAS 57834-33-0 Produttore - Longchang Chemical","isPartOf":{"@id":"https:\/\/longchangchemical.com\/#website"},"primaryImageOfPage":{"@id":"https:\/\/longchangchemical.com\/product\/lcsorb-uv-1-cas-57834-33-0\/#primaryimage"},"image":{"@id":"https:\/\/longchangchemical.com\/product\/lcsorb-uv-1-cas-57834-33-0\/#primaryimage"},"thumbnailUrl":"https:\/\/longchangchemical.com\/wp-content\/uploads\/2023\/04\/57834-33-0.jpg","datePublished":"2023-04-20T06:53:49+00:00","dateModified":"2026-01-09T09:09:26+00:00","description":"CHLUMIUV\u00ae UV-1 CAS 57834-33-0 \u00e8 un prodotto chiave di Longchang Chemical. Forniamo il miglior prezzo. Siamo il produttore leader in Cina con la migliore qualit\u00e0 e il prezzo competitivo.","breadcrumb":{"@id":"https:\/\/longchangchemical.com\/product\/lcsorb-uv-1-cas-57834-33-0\/#breadcrumb"},"inLanguage":"it-IT","potentialAction":[{"@type":"ReadAction","target":["https:\/\/longchangchemical.com\/product\/lcsorb-uv-1-cas-57834-33-0\/"]}]},{"@type":"ImageObject","inLanguage":"it-IT","@id":"https:\/\/longchangchemical.com\/product\/lcsorb-uv-1-cas-57834-33-0\/#primaryimage","url":"https:\/\/longchangchemical.com\/wp-content\/uploads\/2023\/04\/57834-33-0.jpg","contentUrl":"https:\/\/longchangchemical.com\/wp-content\/uploads\/2023\/04\/57834-33-0.jpg","width":600,"height":600},{"@type":"BreadcrumbList","@id":"https:\/\/longchangchemical.com\/product\/lcsorb-uv-1-cas-57834-33-0\/#breadcrumb","itemListElement":[{"@type":"ListItem","position":1,"name":"Home","item":"https:\/\/longchangchemical.com\/"},{"@type":"ListItem","position":2,"name":"Products Longchang","item":"https:\/\/longchangchemical.com\/product\/"},{"@type":"ListItem","position":3,"name":"CHLUMIUV\u00ae UV-1 CAS 57834-33-0"}]},{"@type":"WebSite","@id":"https:\/\/longchangchemical.com\/#website","url":"https:\/\/longchangchemical.com\/","name":"Longchang Chemical","description":"Cina produttore di prodotti chimici \uff06 fornitore","publisher":{"@id":"https:\/\/longchangchemical.com\/#organization"},"potentialAction":[{"@type":"SearchAction","target":{"@type":"EntryPoint","urlTemplate":"https:\/\/longchangchemical.com\/?s={search_term_string}"},"query-input":{"@type":"PropertyValueSpecification","valueRequired":true,"valueName":"search_term_string"}}],"inLanguage":"it-IT"},{"@type":"Organization","@id":"https:\/\/longchangchemical.com\/#organization","name":"Longchang Chemical","url":"https:\/\/longchangchemical.com\/","logo":{"@type":"ImageObject","inLanguage":"it-IT","@id":"https:\/\/longchangchemical.com\/#\/schema\/logo\/image\/","url":"https:\/\/longchangchemical.com\/wp-content\/uploads\/2020\/08\/cropped-longchang-logo.png","contentUrl":"https:\/\/longchangchemical.com\/wp-content\/uploads\/2020\/08\/cropped-longchang-logo.png","width":512,"height":512,"caption":"Longchang Chemical"},"image":{"@id":"https:\/\/longchangchemical.com\/#\/schema\/logo\/image\/"}}]}},"_links":{"self":[{"href":"https:\/\/longchangchemical.com\/it\/wp-json\/wp\/v2\/product\/6044","targetHints":{"allow":["GET"]}}],"collection":[{"href":"https:\/\/longchangchemical.com\/it\/wp-json\/wp\/v2\/product"}],"about":[{"href":"https:\/\/longchangchemical.com\/it\/wp-json\/wp\/v2\/types\/product"}],"replies":[{"embeddable":true,"href":"https:\/\/longchangchemical.com\/it\/wp-json\/wp\/v2\/comments?post=6044"}],"wp:featuredmedia":[{"embeddable":true,"href":"https:\/\/longchangchemical.com\/it\/wp-json\/wp\/v2\/media\/7955"}],"wp:attachment":[{"href":"https:\/\/longchangchemical.com\/it\/wp-json\/wp\/v2\/media?parent=6044"}],"wp:term":[{"taxonomy":"product_brand","embeddable":true,"href":"https:\/\/longchangchemical.com\/it\/wp-json\/wp\/v2\/product_brand?post=6044"},{"taxonomy":"product_cat","embeddable":true,"href":"https:\/\/longchangchemical.com\/it\/wp-json\/wp\/v2\/product_cat?post=6044"},{"taxonomy":"product_tag","embeddable":true,"href":"https:\/\/longchangchemical.com\/it\/wp-json\/wp\/v2\/product_tag?post=6044"}],"curies":[{"name":"wp","href":"https:\/\/api.w.org\/{rel}","templated":true}]}}