{"id":6006,"date":"2023-03-24T13:04:16","date_gmt":"2023-03-24T13:04:16","guid":{"rendered":"https:\/\/longchangchemical.com\/?post_type=product&#038;p=6006"},"modified":"2026-05-08T02:59:52","modified_gmt":"2026-05-08T02:59:52","slug":"agesin-dp-d265r","status":"publish","type":"product","link":"https:\/\/longchangchemical.com\/it\/product\/agesin-dp-d265r\/","title":{"rendered":"CHLUMICRYL\u00ae DP-D265R \/ Disperdente"},"content":{"rendered":"<h2>DP-D265R \/ Disperdente<\/h2>\n<table style=\"border-collapse: collapse; width: 278.27pt;\" border=\"0\" width=\"371\" cellspacing=\"0\" cellpadding=\"0\">\n<tbody>\n<tr style=\"height: 24.75pt;\">\n<td class=\"et2\" style=\"height: 24.75pt; width: 129.75pt;\" width=\"173\" height=\"33\">Composizione<\/td>\n<td class=\"et2\" style=\"width: 148.50pt;\" width=\"198\">Soluzione di copolimero polimerico a blocchi con gruppi di affinit\u00e0 per i pigmenti<\/td>\n<\/tr>\n<tr style=\"height: 24.75pt;\">\n<td class=\"et2\" style=\"height: 24.75pt; width: 129.75pt;\" width=\"173\" height=\"33\">Aspetto<\/td>\n<td class=\"et2\" style=\"width: 148.50pt;\" width=\"198\">Liquido trasparente da giallo a marrone rossastro<\/td>\n<\/tr>\n<tr style=\"height: 13.50pt;\">\n<td class=\"et2\" style=\"height: 13.50pt; width: 129.75pt;\" width=\"173\" height=\"18\">Solvente Sinosolv<\/td>\n<td class=\"et2\" style=\"width: 148.50pt;\" width=\"198\">Estere dibasico<\/td>\n<\/tr>\n<tr style=\"height: 13.50pt;\">\n<td class=\"et2\" style=\"height: 13.50pt; width: 129.75pt;\" width=\"173\" height=\"18\">Densit\u00e0<\/td>\n<td class=\"et2\" style=\"width: 148.50pt;\" width=\"198\">1,04-1,08 g\/ml (25\u00b11)<span class=\"font2\">\u2103<\/span><\/td>\n<\/tr>\n<tr style=\"height: 24.75pt;\">\n<td class=\"et2\" style=\"height: 24.75pt; width: 129.75pt;\" width=\"173\" height=\"33\">Viscosit\u00e0<\/td>\n<td class=\"et2\" style=\"width: 148.50pt;\" width=\"198\">6-30 s (metodo della tazza rivestita-4) (25\u00b10,2)\u00b0C<\/td>\n<\/tr>\n<tr style=\"height: 13.50pt;\">\n<td class=\"et2\" style=\"height: 13.50pt; width: 129.75pt;\" width=\"173\" height=\"18\">Contenuto di principio attivo<\/td>\n<td class=\"et4\" style=\"width: 148.50pt;\" width=\"198\">45%<\/td>\n<\/tr>\n<tr style=\"height: 13.50pt;\">\n<td class=\"et2\" style=\"height: 13.50pt; width: 129.75pt;\" width=\"173\" height=\"18\">Punto di infiammabilit\u00e0<\/td>\n<td class=\"et2\" style=\"width: 148.50pt;\" width=\"198\">&gt;100\u2103<\/td>\n<\/tr>\n<\/tbody>\n<\/table>\n<h2><strong>Aree di applicazione<\/strong><\/h2>\n<p>Rivestimenti a base di solventi Inchiostri<\/p>\n<h2><strong>Caratteristiche principali<\/strong><\/h2>\n<p>1. Il pigmento organico disperso ha un'elevata diffusione del colore, il nerofumo disperso ad alto contenuto di pigmenti ha un eccellente effetto nero, eccellente effetto di riduzione della viscosit\u00e0.<br \/>\n2. Pu\u00f2 essere utilizzato in sistemi di resina acrilica termoplastica.<\/p>\n<h2><strong>Metodo di utilizzo<\/strong><\/h2>\n<p>Il disperdente deve essere aggiunto al materiale di macinazione e mescolato bene, quindi aggiungere il pigmento per macinare e disperdere.<\/p>\n<h2><strong>Dosaggio consigliato<\/strong><\/h2>\n<table style=\"border-collapse: collapse; width: 108.03pt;\" border=\"0\" width=\"144\" cellspacing=\"0\" cellpadding=\"0\">\n<tbody>\n<tr style=\"height: 24.75pt;\">\n<td class=\"et2\" style=\"height: 24.75pt; width: 54.00pt;\" width=\"72\" height=\"33\">Pigmenti inorganici<\/td>\n<td class=\"et2\" style=\"width: 54.00pt;\" width=\"72\">1-10%<\/td>\n<\/tr>\n<tr style=\"height: 24.75pt;\">\n<td class=\"et2\" style=\"height: 24.75pt; width: 54.00pt;\" width=\"72\" height=\"33\">Pigmenti organici<\/td>\n<td class=\"et2\" style=\"width: 54.00pt;\" width=\"72\">15-35%<\/td>\n<\/tr>\n<tr style=\"height: 24.75pt;\">\n<td class=\"et2\" style=\"height: 24.75pt; width: 54.00pt;\" width=\"72\" height=\"33\">Nero carbone<\/td>\n<td class=\"et2\" style=\"width: 54.00pt;\" width=\"72\">30-100%<\/td>\n<\/tr>\n<\/tbody>\n<\/table>\n<h2><strong>Stabilit\u00e0 di stoccaggio<\/strong><\/h2>\n<p>Conservare nella confezione originale non aperta per 24 mesi. Quando la temperatura \u00e8 inferiore a 5\u00b0C possono verificarsi stratificazione e torbidit\u00e0. Il riscaldamento e la miscelazione accurata prima dell'uso non influiscono sulla qualit\u00e0 del prodotto. Il prodotto oltre il periodo di conservazione pu\u00f2 continuare a essere utilizzato dopo aver superato l'ispezione. Prima che il contenitore sia completamente vuoto, deve essere ben chiuso subito dopo l'uso.<\/p>\n<h2><strong>Imballaggio<\/strong><\/h2>\n<p>25KG \/ 180KG<\/p>\n<p>&nbsp;<\/p>\n<p><!--more--><\/p>\n<p>D: Perch\u00e9 la spruzzatura elettrostatica del rivestimento intermedio e poi la spruzzatura elettrostatica del rivestimento superiore apparir\u00e0 sullo spessore del film di rivestimento superiore \u00e8 molto sottile male sull'olio, l'avversario del rivestimento intermedio pu\u00f2 essere un film di rivestimento superiore pi\u00f9 spesso \u00e8 molto buono sull'olio? Perch\u00e9 l'inchiostro conduttivo diminuisce molto se la resina poliestere viene sostituita dalla resina di aceto di cloro?<\/p>\n<p>&nbsp;<\/p>\n<p>R: Le domande di cui sopra si riferiscono alla conduttivit\u00e0 del rivestimento dell'inchiostro della vernice. Ad esempio, il primo punto di domanda, dopo un'attenta interrogazione del cliente, l'idrofilia dell'avversario nel rivestimento medio \u00e8 buona, una goccia d'acqua nel rivestimento medio, l'avversario sar\u00e0 rapidamente inumidito per diffondersi, e il cliente avr\u00e0 perle d'acqua, il che indica che l'idrofilia del rivestimento migliore la conduttivit\u00e0 sar\u00e0 migliore.<\/p>\n<p>Il secondo punto interrogativo riguarda i prodotti a base di inchiostro conduttivo PET, in genere questi inchiostri conduttivi vengono utilizzati con resina acetata di cloro ternaria, la cui conduttivit\u00e0 soddisfa i requisiti, ma poi i requisiti di assenza di alogeni del settore limitano l'uso di resina acetata di cloro, passando a resine poliestere lineari a macromolecola, con il risultato che la conduttivit\u00e0 si riduce notevolmente. Perch\u00e9? Uno dei motivi \u00e8 che la struttura della resina di aceto di cloro contiene cloro e sar\u00e0 declorata, dal punto di vista della polarit\u00e0 e del film di vernice residuo di acido inorganico, la conducibilit\u00e0 elettrica \u00e8 molto migliore della resina di poliestere. Quindi, come migliorare e potenziare il sistema di conducibilit\u00e0 dell'inchiostro poliestere \u00e8 diventato un sacco di clienti e ingegneri vogliono urgentemente risolvere il problema, dopo un sacco di test per unire gli additivi appropriati pu\u00f2 migliorare in gran parte la conducibilit\u00e0, l'introduzione di additivi speciali aggiunti all'inchiostro, aggiungere 0,5%, valore di resistenza pu\u00f2 essere ridotto di 5-10%, migliorare la conducibilit\u00e0 dell'inchiostro.<\/p>","protected":false},"excerpt":{"rendered":"<p><strong>Alternative equivalenti.<\/strong>\u00a0Dispensatore Elementis 9850;BYK163<\/p>","protected":false},"featured_media":0,"comment_status":"closed","ping_status":"closed","template":"","meta":[],"product_brand":[],"product_cat":[138],"product_tag":[],"class_list":{"0":"post-6006","1":"product","2":"type-product","3":"status-publish","5":"product_cat-coating-and-ink-additives","7":"first","8":"instock","9":"shipping-taxable","10":"product-type-simple"},"yoast_head":"<!-- This site is optimized with the Yoast SEO plugin v25.3.1 - https:\/\/yoast.com\/wordpress\/plugins\/seo\/ -->\n<title>China CHLUMICRYL\u00ae DP-D265R \/ Dispersant Manufacturer - Longchang Chemical<\/title>\n<meta name=\"description\" content=\"Equivalent alternatives\u2013 Elementis Disponer 9850;BYK163\" \/>\n<meta name=\"robots\" content=\"index, follow, max-snippet:-1, max-image-preview:large, max-video-preview:-1\" \/>\n<link rel=\"canonical\" href=\"https:\/\/longchangchemical.com\/it\/product\/agesin-dp-d265r\/\" \/>\n<meta property=\"og:locale\" content=\"it_IT\" \/>\n<meta property=\"og:type\" content=\"article\" \/>\n<meta property=\"og:title\" content=\"China CHLUMICRYL\u00ae DP-D265R \/ Dispersant Manufacturer - Longchang Chemical\" \/>\n<meta property=\"og:description\" content=\"Equivalent alternatives\u2013 Elementis Disponer 9850;BYK163\" \/>\n<meta property=\"og:url\" content=\"https:\/\/longchangchemical.com\/it\/product\/agesin-dp-d265r\/\" \/>\n<meta property=\"og:site_name\" content=\"Longchang Chemical\" \/>\n<meta property=\"article:modified_time\" content=\"2026-05-08T02:59:52+00:00\" \/>\n<meta property=\"og:image\" content=\"https:\/\/longchangchemical.com\/wp-content\/uploads\/2024\/02\/logo-jpeg.jpg\" \/>\n\t<meta property=\"og:image:width\" content=\"1000\" \/>\n\t<meta property=\"og:image:height\" content=\"1000\" \/>\n\t<meta property=\"og:image:type\" content=\"image\/jpeg\" \/>\n<meta name=\"twitter:card\" content=\"summary_large_image\" \/>\n<script type=\"application\/ld+json\" class=\"yoast-schema-graph\">{\"@context\":\"https:\/\/schema.org\",\"@graph\":[{\"@type\":\"WebPage\",\"@id\":\"https:\/\/longchangchemical.com\/product\/agesin-dp-d265r\/\",\"url\":\"https:\/\/longchangchemical.com\/product\/agesin-dp-d265r\/\",\"name\":\"China CHLUMICRYL\u00ae DP-D265R \/ Dispersant Manufacturer - Longchang Chemical\",\"isPartOf\":{\"@id\":\"https:\/\/longchangchemical.com\/#website\"},\"datePublished\":\"2023-03-24T13:04:16+00:00\",\"dateModified\":\"2026-05-08T02:59:52+00:00\",\"description\":\"Equivalent alternatives\u2013 Elementis Disponer 9850;BYK163\",\"breadcrumb\":{\"@id\":\"https:\/\/longchangchemical.com\/product\/agesin-dp-d265r\/#breadcrumb\"},\"inLanguage\":\"it-IT\",\"potentialAction\":[{\"@type\":\"ReadAction\",\"target\":[\"https:\/\/longchangchemical.com\/product\/agesin-dp-d265r\/\"]}]},{\"@type\":\"BreadcrumbList\",\"@id\":\"https:\/\/longchangchemical.com\/product\/agesin-dp-d265r\/#breadcrumb\",\"itemListElement\":[{\"@type\":\"ListItem\",\"position\":1,\"name\":\"Home\",\"item\":\"https:\/\/longchangchemical.com\/\"},{\"@type\":\"ListItem\",\"position\":2,\"name\":\"Products Longchang\",\"item\":\"https:\/\/longchangchemical.com\/product\/\"},{\"@type\":\"ListItem\",\"position\":3,\"name\":\"CHLUMICRYL\u00ae DP-D265R \/ Dispersant\"}]},{\"@type\":\"WebSite\",\"@id\":\"https:\/\/longchangchemical.com\/#website\",\"url\":\"https:\/\/longchangchemical.com\/\",\"name\":\"Longchang Chemical\",\"description\":\"China chemical manufacturer \uff06 supplier\",\"publisher\":{\"@id\":\"https:\/\/longchangchemical.com\/#organization\"},\"potentialAction\":[{\"@type\":\"SearchAction\",\"target\":{\"@type\":\"EntryPoint\",\"urlTemplate\":\"https:\/\/longchangchemical.com\/?s={search_term_string}\"},\"query-input\":{\"@type\":\"PropertyValueSpecification\",\"valueRequired\":true,\"valueName\":\"search_term_string\"}}],\"inLanguage\":\"it-IT\"},{\"@type\":\"Organization\",\"@id\":\"https:\/\/longchangchemical.com\/#organization\",\"name\":\"Longchang Chemical\",\"url\":\"https:\/\/longchangchemical.com\/\",\"logo\":{\"@type\":\"ImageObject\",\"inLanguage\":\"it-IT\",\"@id\":\"https:\/\/longchangchemical.com\/#\/schema\/logo\/image\/\",\"url\":\"https:\/\/longchangchemical.com\/wp-content\/uploads\/2020\/08\/cropped-longchang-logo.png\",\"contentUrl\":\"https:\/\/longchangchemical.com\/wp-content\/uploads\/2020\/08\/cropped-longchang-logo.png\",\"width\":512,\"height\":512,\"caption\":\"Longchang Chemical\"},\"image\":{\"@id\":\"https:\/\/longchangchemical.com\/#\/schema\/logo\/image\/\"}}]}<\/script>\n<!-- \/ Yoast SEO plugin. -->","yoast_head_json":{"title":"Cina CHLUMICRYL\u00ae DP-D265R \/ Disperdente Fornitore - Longchang Chemical","description":"Alternative equivalenti - Elementis Disponer 9850;BYK163","robots":{"index":"index","follow":"follow","max-snippet":"max-snippet:-1","max-image-preview":"max-image-preview:large","max-video-preview":"max-video-preview:-1"},"canonical":"https:\/\/longchangchemical.com\/it\/product\/agesin-dp-d265r\/","og_locale":"it_IT","og_type":"article","og_title":"China CHLUMICRYL\u00ae DP-D265R \/ Dispersant Manufacturer - Longchang Chemical","og_description":"Equivalent alternatives\u2013 Elementis Disponer 9850;BYK163","og_url":"https:\/\/longchangchemical.com\/it\/product\/agesin-dp-d265r\/","og_site_name":"Longchang Chemical","article_modified_time":"2026-05-08T02:59:52+00:00","og_image":[{"width":1000,"height":1000,"url":"https:\/\/longchangchemical.com\/wp-content\/uploads\/2024\/02\/logo-jpeg.jpg","type":"image\/jpeg"}],"twitter_card":"summary_large_image","schema":{"@context":"https:\/\/schema.org","@graph":[{"@type":"WebPage","@id":"https:\/\/longchangchemical.com\/product\/agesin-dp-d265r\/","url":"https:\/\/longchangchemical.com\/product\/agesin-dp-d265r\/","name":"Cina CHLUMICRYL\u00ae DP-D265R \/ Disperdente Fornitore - Longchang Chemical","isPartOf":{"@id":"https:\/\/longchangchemical.com\/#website"},"datePublished":"2023-03-24T13:04:16+00:00","dateModified":"2026-05-08T02:59:52+00:00","description":"Alternative equivalenti - Elementis Disponer 9850;BYK163","breadcrumb":{"@id":"https:\/\/longchangchemical.com\/product\/agesin-dp-d265r\/#breadcrumb"},"inLanguage":"it-IT","potentialAction":[{"@type":"ReadAction","target":["https:\/\/longchangchemical.com\/product\/agesin-dp-d265r\/"]}]},{"@type":"BreadcrumbList","@id":"https:\/\/longchangchemical.com\/product\/agesin-dp-d265r\/#breadcrumb","itemListElement":[{"@type":"ListItem","position":1,"name":"Home","item":"https:\/\/longchangchemical.com\/"},{"@type":"ListItem","position":2,"name":"Products Longchang","item":"https:\/\/longchangchemical.com\/product\/"},{"@type":"ListItem","position":3,"name":"CHLUMICRYL\u00ae DP-D265R \/ Dispersant"}]},{"@type":"WebSite","@id":"https:\/\/longchangchemical.com\/#website","url":"https:\/\/longchangchemical.com\/","name":"Longchang Chemical","description":"Cina produttore di prodotti chimici \uff06 fornitore","publisher":{"@id":"https:\/\/longchangchemical.com\/#organization"},"potentialAction":[{"@type":"SearchAction","target":{"@type":"EntryPoint","urlTemplate":"https:\/\/longchangchemical.com\/?s={search_term_string}"},"query-input":{"@type":"PropertyValueSpecification","valueRequired":true,"valueName":"search_term_string"}}],"inLanguage":"it-IT"},{"@type":"Organization","@id":"https:\/\/longchangchemical.com\/#organization","name":"Longchang Chemical","url":"https:\/\/longchangchemical.com\/","logo":{"@type":"ImageObject","inLanguage":"it-IT","@id":"https:\/\/longchangchemical.com\/#\/schema\/logo\/image\/","url":"https:\/\/longchangchemical.com\/wp-content\/uploads\/2020\/08\/cropped-longchang-logo.png","contentUrl":"https:\/\/longchangchemical.com\/wp-content\/uploads\/2020\/08\/cropped-longchang-logo.png","width":512,"height":512,"caption":"Longchang Chemical"},"image":{"@id":"https:\/\/longchangchemical.com\/#\/schema\/logo\/image\/"}}]}},"_links":{"self":[{"href":"https:\/\/longchangchemical.com\/it\/wp-json\/wp\/v2\/product\/6006","targetHints":{"allow":["GET"]}}],"collection":[{"href":"https:\/\/longchangchemical.com\/it\/wp-json\/wp\/v2\/product"}],"about":[{"href":"https:\/\/longchangchemical.com\/it\/wp-json\/wp\/v2\/types\/product"}],"replies":[{"embeddable":true,"href":"https:\/\/longchangchemical.com\/it\/wp-json\/wp\/v2\/comments?post=6006"}],"wp:attachment":[{"href":"https:\/\/longchangchemical.com\/it\/wp-json\/wp\/v2\/media?parent=6006"}],"wp:term":[{"taxonomy":"product_brand","embeddable":true,"href":"https:\/\/longchangchemical.com\/it\/wp-json\/wp\/v2\/product_brand?post=6006"},{"taxonomy":"product_cat","embeddable":true,"href":"https:\/\/longchangchemical.com\/it\/wp-json\/wp\/v2\/product_cat?post=6006"},{"taxonomy":"product_tag","embeddable":true,"href":"https:\/\/longchangchemical.com\/it\/wp-json\/wp\/v2\/product_tag?post=6006"}],"curies":[{"name":"wp","href":"https:\/\/api.w.org\/{rel}","templated":true}]}}