{"id":5993,"date":"2023-03-16T14:53:29","date_gmt":"2023-03-16T14:53:29","guid":{"rendered":"https:\/\/longchangchemical.com\/?post_type=product&#038;p=5993"},"modified":"2025-04-01T07:10:08","modified_gmt":"2025-04-01T07:10:08","slug":"agesin-dp-d242","status":"publish","type":"product","link":"https:\/\/longchangchemical.com\/it\/product\/agesin-dp-d242\/","title":{"rendered":"CHLUMICRYL\u00ae DP-D242 \/ Disperdente"},"content":{"rendered":"<h1><strong> DP-D242 \/ Disperdente<\/strong><\/h1>\n<table style=\"border-collapse: collapse; width: 293.27pt;\" border=\"0\" width=\"391\" cellspacing=\"0\" cellpadding=\"0\">\n<tbody>\n<tr style=\"height: 14.25pt;\">\n<td class=\"et2\" style=\"height: 14.25pt; width: 63.00pt;\" width=\"84\" height=\"19\">Composizione<\/td>\n<td class=\"et2\" style=\"width: 230.25pt;\" width=\"307\">Copolimero a blocchi con gruppi di affinit\u00e0 per i pigmenti<\/td>\n<\/tr>\n<tr style=\"height: 13.50pt;\">\n<td class=\"et2\" style=\"height: 13.50pt; width: 63.00pt;\" width=\"84\" height=\"18\">Aspetto<\/td>\n<td class=\"et2\" style=\"width: 230.25pt;\" width=\"307\">Liquido trasparente leggermente giallo<\/td>\n<\/tr>\n<tr style=\"height: 14.25pt;\">\n<td class=\"et2\" style=\"height: 14.25pt; width: 63.00pt;\" width=\"84\" height=\"19\">Solvente Sinosolv<\/td>\n<td class=\"et2\" style=\"width: 230.25pt;\" width=\"307\">&#8212;<\/td>\n<\/tr>\n<tr style=\"height: 14.25pt;\">\n<td class=\"et2\" style=\"height: 14.25pt; width: 63.00pt;\" width=\"84\" height=\"19\">Densit\u00e0<\/td>\n<td class=\"et2\" style=\"width: 230.25pt;\" width=\"307\">1,01-1,05 g\/ml (25\u00b11)\u2103<\/td>\n<\/tr>\n<tr style=\"height: 14.25pt;\">\n<td class=\"et2\" style=\"height: 14.25pt; width: 63.00pt;\" width=\"84\" height=\"19\">Viscosit\u00e0<\/td>\n<td class=\"et2\" style=\"width: 230.25pt;\" width=\"307\">R-X (metodo del viscosimetro a bolle) (25\u00b10,2)\u2103<\/td>\n<\/tr>\n<tr style=\"height: 14.25pt;\">\n<td class=\"et2\" style=\"height: 14.25pt; width: 63.00pt;\" width=\"84\" height=\"19\">Contenuto solido<\/td>\n<td class=\"et2\" style=\"width: 230.25pt;\" width=\"307\">92\u00b13% (140\u2103 2h)<\/td>\n<\/tr>\n<tr style=\"height: 14.25pt;\">\n<td class=\"et2\" style=\"height: 14.25pt; width: 63.00pt;\" width=\"84\" height=\"19\">Punto di infiammabilit\u00e0<\/td>\n<td class=\"et2\" style=\"width: 230.25pt;\" width=\"307\">&gt;100\u2103<\/td>\n<\/tr>\n<\/tbody>\n<\/table>\n<h2><strong>Aree di applicazione<\/strong><\/h2>\n<p>Sistemi a base di solventi e a polimerizzazione UV<\/p>\n<h2><strong>Caratteristiche principali<\/strong><\/h2>\n<p>1. Buona bagnatura e dispersione dei pigmenti, la dispersione dei pigmenti organici pu\u00f2 migliorare la loro forza colorante, la dispersione della bentonite organica e della polvere di stuoia ha una buona capacit\u00e0 di riduzione della viscosit\u00e0, particolarmente adatta per la pasta di stuoia senza resina.<br \/>\n2. Pu\u00f2 ridurre il fenomeno del colore fluttuante e della fioritura del sistema multi-pigmento.<\/p>\n<p>Metodo di utilizzo<\/p>\n<p>Il disperdente deve essere aggiunto al materiale di macinazione e mescolato bene, quindi aggiungere il pigmento per macinare e disperdere.<\/p>\n<h2><strong>Dosaggio consigliato<\/strong><\/h2>\n<p>&nbsp;<\/p>\n<h2><strong>Stabilit\u00e0 di stoccaggio<\/strong><\/h2>\n<p>Conservare nella confezione originale non aperta per 24 mesi. Quando la temperatura \u00e8 inferiore a 5\u00b0C possono verificarsi stratificazione e torbidit\u00e0. Il riscaldamento e la miscelazione accurata prima dell'uso non influiscono sulla qualit\u00e0 del prodotto. Il prodotto oltre il periodo di conservazione pu\u00f2 continuare a essere utilizzato dopo aver superato l'ispezione. Prima che il contenitore sia completamente vuoto, deve essere ben chiuso subito dopo l'uso.<\/p>\n<h2><strong>Imballaggio<\/strong><\/h2>\n<p>25KG \/ 180KG<\/p>\n<p>&nbsp;<\/p>","protected":false},"excerpt":{"rendered":"<p>DP-D242 \/ Disperdente Composizione Copolimero a blocchi con gruppi di affinit\u00e0 per i pigmenti Aspetto Liquido trasparente leggermente giallo Solvente - Densit\u00e0 1,01-1,05 g\/ml (25\u00b11)\u2103 Viscosit\u00e0 R-X (metodo del viscosimetro a bolle) (25\u00b10. 2)\u2103 Contenuto solido 92\u00b13% (140\u2103 2h) Punto di infiammabilit\u00e0 &gt;100\u2103 Applicazioni a base di solventi, pigmenti, UV-curable.2)\u2103 Contenuto solido 92\u00b13% (140\u2103 2h) Punto di infiammabilit\u00e0 &gt;100\u2103 Settori di applicazione Sistemi a base solvente e polimerizzabili UV Caratteristiche principali 1\u3001 Buona bagnatura e dispersione dei pigmenti, la dispersione dei pigmenti organici pu\u00f2 migliorare la [...]<\/p>","protected":false},"featured_media":0,"comment_status":"closed","ping_status":"closed","template":"","meta":[],"product_brand":[],"product_cat":[138],"product_tag":[],"class_list":{"0":"post-5993","1":"product","2":"type-product","3":"status-publish","5":"product_cat-coating-and-ink-additives","7":"first","8":"instock","9":"shipping-taxable","10":"product-type-simple"},"yoast_head":"<!-- This site is optimized with the Yoast SEO plugin v25.3.1 - https:\/\/yoast.com\/wordpress\/plugins\/seo\/ -->\n<title>China CHLUMICRYL\u00ae DP-D242 \/ Dispersant Manufacturer - Longchang Chemical<\/title>\n<meta name=\"description\" content=\"CHLUMICRYL\u00ae DP-D242 \/ Dispersant is a key product of Longchang Chemical. We provide the best price. We are the leading manufacturer in China with the best quality and competitive price.\" \/>\n<meta name=\"robots\" content=\"index, follow, max-snippet:-1, max-image-preview:large, max-video-preview:-1\" \/>\n<link rel=\"canonical\" href=\"https:\/\/longchangchemical.com\/it\/product\/agesin-dp-d242\/\" \/>\n<meta property=\"og:locale\" content=\"it_IT\" \/>\n<meta property=\"og:type\" content=\"article\" \/>\n<meta property=\"og:title\" content=\"China CHLUMICRYL\u00ae DP-D242 \/ Dispersant Manufacturer - Longchang Chemical\" \/>\n<meta property=\"og:description\" content=\"CHLUMICRYL\u00ae DP-D242 \/ Dispersant is a key product of Longchang Chemical. We provide the best price. We are the leading manufacturer in China with the best quality and competitive price.\" \/>\n<meta property=\"og:url\" content=\"https:\/\/longchangchemical.com\/it\/product\/agesin-dp-d242\/\" \/>\n<meta property=\"og:site_name\" content=\"Longchang Chemical\" \/>\n<meta property=\"article:modified_time\" content=\"2025-04-01T07:10:08+00:00\" \/>\n<meta property=\"og:image\" content=\"https:\/\/longchangchemical.com\/wp-content\/uploads\/2024\/02\/logo-jpeg.jpg\" \/>\n\t<meta property=\"og:image:width\" content=\"1000\" \/>\n\t<meta property=\"og:image:height\" content=\"1000\" \/>\n\t<meta property=\"og:image:type\" content=\"image\/jpeg\" \/>\n<meta name=\"twitter:card\" content=\"summary_large_image\" \/>\n<script type=\"application\/ld+json\" class=\"yoast-schema-graph\">{\"@context\":\"https:\/\/schema.org\",\"@graph\":[{\"@type\":\"WebPage\",\"@id\":\"https:\/\/longchangchemical.com\/product\/agesin-dp-d242\/\",\"url\":\"https:\/\/longchangchemical.com\/product\/agesin-dp-d242\/\",\"name\":\"China CHLUMICRYL\u00ae DP-D242 \/ Dispersant Manufacturer - Longchang Chemical\",\"isPartOf\":{\"@id\":\"https:\/\/longchangchemical.com\/#website\"},\"datePublished\":\"2023-03-16T14:53:29+00:00\",\"dateModified\":\"2025-04-01T07:10:08+00:00\",\"description\":\"CHLUMICRYL\u00ae DP-D242 \/ Dispersant is a key product of Longchang Chemical. We provide the best price. We are the leading manufacturer in China with the best quality and competitive price.\",\"breadcrumb\":{\"@id\":\"https:\/\/longchangchemical.com\/product\/agesin-dp-d242\/#breadcrumb\"},\"inLanguage\":\"it-IT\",\"potentialAction\":[{\"@type\":\"ReadAction\",\"target\":[\"https:\/\/longchangchemical.com\/product\/agesin-dp-d242\/\"]}]},{\"@type\":\"BreadcrumbList\",\"@id\":\"https:\/\/longchangchemical.com\/product\/agesin-dp-d242\/#breadcrumb\",\"itemListElement\":[{\"@type\":\"ListItem\",\"position\":1,\"name\":\"Home\",\"item\":\"https:\/\/longchangchemical.com\/\"},{\"@type\":\"ListItem\",\"position\":2,\"name\":\"Products Longchang\",\"item\":\"https:\/\/longchangchemical.com\/product\/\"},{\"@type\":\"ListItem\",\"position\":3,\"name\":\"CHLUMICRYL\u00ae DP-D242 \/ Dispersant\"}]},{\"@type\":\"WebSite\",\"@id\":\"https:\/\/longchangchemical.com\/#website\",\"url\":\"https:\/\/longchangchemical.com\/\",\"name\":\"Longchang Chemical\",\"description\":\"China chemical manufacturer \uff06 supplier\",\"publisher\":{\"@id\":\"https:\/\/longchangchemical.com\/#organization\"},\"potentialAction\":[{\"@type\":\"SearchAction\",\"target\":{\"@type\":\"EntryPoint\",\"urlTemplate\":\"https:\/\/longchangchemical.com\/?s={search_term_string}\"},\"query-input\":{\"@type\":\"PropertyValueSpecification\",\"valueRequired\":true,\"valueName\":\"search_term_string\"}}],\"inLanguage\":\"it-IT\"},{\"@type\":\"Organization\",\"@id\":\"https:\/\/longchangchemical.com\/#organization\",\"name\":\"Longchang Chemical\",\"url\":\"https:\/\/longchangchemical.com\/\",\"logo\":{\"@type\":\"ImageObject\",\"inLanguage\":\"it-IT\",\"@id\":\"https:\/\/longchangchemical.com\/#\/schema\/logo\/image\/\",\"url\":\"https:\/\/longchangchemical.com\/wp-content\/uploads\/2020\/08\/cropped-longchang-logo.png\",\"contentUrl\":\"https:\/\/longchangchemical.com\/wp-content\/uploads\/2020\/08\/cropped-longchang-logo.png\",\"width\":512,\"height\":512,\"caption\":\"Longchang Chemical\"},\"image\":{\"@id\":\"https:\/\/longchangchemical.com\/#\/schema\/logo\/image\/\"}}]}<\/script>\n<!-- \/ Yoast SEO plugin. -->","yoast_head_json":{"title":"Cina CHLUMICRYL\u00ae DP-D242 \/ Disperdente Fornitore - Longchang Chemical","description":"CHLUMICRYL\u00ae DP-D242 \/ Dispersant \u00e8 un prodotto chiave di Longchang Chemical. Forniamo il miglior prezzo. Siamo il produttore leader in Cina con la migliore qualit\u00e0 e il prezzo competitivo.","robots":{"index":"index","follow":"follow","max-snippet":"max-snippet:-1","max-image-preview":"max-image-preview:large","max-video-preview":"max-video-preview:-1"},"canonical":"https:\/\/longchangchemical.com\/it\/product\/agesin-dp-d242\/","og_locale":"it_IT","og_type":"article","og_title":"China CHLUMICRYL\u00ae DP-D242 \/ Dispersant Manufacturer - Longchang Chemical","og_description":"CHLUMICRYL\u00ae DP-D242 \/ Dispersant is a key product of Longchang Chemical. We provide the best price. We are the leading manufacturer in China with the best quality and competitive price.","og_url":"https:\/\/longchangchemical.com\/it\/product\/agesin-dp-d242\/","og_site_name":"Longchang Chemical","article_modified_time":"2025-04-01T07:10:08+00:00","og_image":[{"width":1000,"height":1000,"url":"https:\/\/longchangchemical.com\/wp-content\/uploads\/2024\/02\/logo-jpeg.jpg","type":"image\/jpeg"}],"twitter_card":"summary_large_image","schema":{"@context":"https:\/\/schema.org","@graph":[{"@type":"WebPage","@id":"https:\/\/longchangchemical.com\/product\/agesin-dp-d242\/","url":"https:\/\/longchangchemical.com\/product\/agesin-dp-d242\/","name":"Cina CHLUMICRYL\u00ae DP-D242 \/ Disperdente Fornitore - Longchang Chemical","isPartOf":{"@id":"https:\/\/longchangchemical.com\/#website"},"datePublished":"2023-03-16T14:53:29+00:00","dateModified":"2025-04-01T07:10:08+00:00","description":"CHLUMICRYL\u00ae DP-D242 \/ Dispersant \u00e8 un prodotto chiave di Longchang Chemical. Forniamo il miglior prezzo. Siamo il produttore leader in Cina con la migliore qualit\u00e0 e il prezzo competitivo.","breadcrumb":{"@id":"https:\/\/longchangchemical.com\/product\/agesin-dp-d242\/#breadcrumb"},"inLanguage":"it-IT","potentialAction":[{"@type":"ReadAction","target":["https:\/\/longchangchemical.com\/product\/agesin-dp-d242\/"]}]},{"@type":"BreadcrumbList","@id":"https:\/\/longchangchemical.com\/product\/agesin-dp-d242\/#breadcrumb","itemListElement":[{"@type":"ListItem","position":1,"name":"Home","item":"https:\/\/longchangchemical.com\/"},{"@type":"ListItem","position":2,"name":"Products Longchang","item":"https:\/\/longchangchemical.com\/product\/"},{"@type":"ListItem","position":3,"name":"CHLUMICRYL\u00ae DP-D242 \/ Dispersant"}]},{"@type":"WebSite","@id":"https:\/\/longchangchemical.com\/#website","url":"https:\/\/longchangchemical.com\/","name":"Longchang Chemical","description":"Cina produttore di prodotti chimici \uff06 fornitore","publisher":{"@id":"https:\/\/longchangchemical.com\/#organization"},"potentialAction":[{"@type":"SearchAction","target":{"@type":"EntryPoint","urlTemplate":"https:\/\/longchangchemical.com\/?s={search_term_string}"},"query-input":{"@type":"PropertyValueSpecification","valueRequired":true,"valueName":"search_term_string"}}],"inLanguage":"it-IT"},{"@type":"Organization","@id":"https:\/\/longchangchemical.com\/#organization","name":"Longchang Chemical","url":"https:\/\/longchangchemical.com\/","logo":{"@type":"ImageObject","inLanguage":"it-IT","@id":"https:\/\/longchangchemical.com\/#\/schema\/logo\/image\/","url":"https:\/\/longchangchemical.com\/wp-content\/uploads\/2020\/08\/cropped-longchang-logo.png","contentUrl":"https:\/\/longchangchemical.com\/wp-content\/uploads\/2020\/08\/cropped-longchang-logo.png","width":512,"height":512,"caption":"Longchang Chemical"},"image":{"@id":"https:\/\/longchangchemical.com\/#\/schema\/logo\/image\/"}}]}},"_links":{"self":[{"href":"https:\/\/longchangchemical.com\/it\/wp-json\/wp\/v2\/product\/5993","targetHints":{"allow":["GET"]}}],"collection":[{"href":"https:\/\/longchangchemical.com\/it\/wp-json\/wp\/v2\/product"}],"about":[{"href":"https:\/\/longchangchemical.com\/it\/wp-json\/wp\/v2\/types\/product"}],"replies":[{"embeddable":true,"href":"https:\/\/longchangchemical.com\/it\/wp-json\/wp\/v2\/comments?post=5993"}],"wp:attachment":[{"href":"https:\/\/longchangchemical.com\/it\/wp-json\/wp\/v2\/media?parent=5993"}],"wp:term":[{"taxonomy":"product_brand","embeddable":true,"href":"https:\/\/longchangchemical.com\/it\/wp-json\/wp\/v2\/product_brand?post=5993"},{"taxonomy":"product_cat","embeddable":true,"href":"https:\/\/longchangchemical.com\/it\/wp-json\/wp\/v2\/product_cat?post=5993"},{"taxonomy":"product_tag","embeddable":true,"href":"https:\/\/longchangchemical.com\/it\/wp-json\/wp\/v2\/product_tag?post=5993"}],"curies":[{"name":"wp","href":"https:\/\/api.w.org\/{rel}","templated":true}]}}