{"id":5902,"date":"2023-02-08T10:48:42","date_gmt":"2023-02-08T10:48:42","guid":{"rendered":"https:\/\/longchangchemical.com\/?post_type=product&#038;p=5902"},"modified":"2025-04-01T07:10:53","modified_gmt":"2025-04-01T07:10:53","slug":"agesin-uv-d7700d-tego-rad-2700","status":"publish","type":"product","link":"https:\/\/longchangchemical.com\/it\/product\/agesin-uv-d7700d-tego-rad-2700\/","title":{"rendered":"CHLUMICRYL\u00ae UV-D7700D \/ TEGO Rad 2700"},"content":{"rendered":"<h1>Additivo al silicio reattivo con gruppo funzionale acrilico<\/h1>\n<table style=\"border-collapse: collapse; width: 316.52pt;\" border=\"0\" width=\"422\" cellspacing=\"0\" cellpadding=\"0\">\n<tbody>\n<tr style=\"height: 27.00pt;\">\n<td class=\"et2\" style=\"height: 27.00pt; width: 108.00pt;\" width=\"144\" height=\"36\">Composizione<\/td>\n<td class=\"et2\" style=\"width: 208.50pt;\" width=\"278\">Additivo siliconico reattivo con gruppo funzionale acido acrilico<\/td>\n<\/tr>\n<tr style=\"height: 27.00pt;\">\n<td class=\"et2\" style=\"height: 27.00pt; width: 108.00pt;\" width=\"144\" height=\"36\">Aspetto<\/td>\n<td class=\"et2\" style=\"width: 208.50pt;\" width=\"278\">Liquido torbido da leggermente giallastro a giallastro<\/td>\n<\/tr>\n<tr style=\"height: 13.50pt;\">\n<td class=\"et2\" style=\"height: 13.50pt; width: 108.00pt;\" width=\"144\" height=\"18\">Solvente Sinosolv<\/td>\n<td class=\"et2\" style=\"width: 208.50pt;\" width=\"278\">--<\/td>\n<\/tr>\n<tr style=\"height: 13.50pt;\">\n<td class=\"et2\" style=\"height: 13.50pt; width: 108.00pt;\" width=\"144\" height=\"18\">Densit\u00e0<\/td>\n<td class=\"et2\" style=\"width: 208.50pt;\" width=\"278\">0,96-1,00g\/ml (25\u00b11)\u2103<\/td>\n<\/tr>\n<tr style=\"height: 13.50pt;\">\n<td class=\"et2\" style=\"height: 13.50pt; width: 108.00pt;\" width=\"144\" height=\"18\">Viscosit\u00e0<\/td>\n<td class=\"et2\" style=\"width: 208.50pt;\" width=\"278\">3000-10000 mPa-s<\/td>\n<\/tr>\n<tr style=\"height: 13.50pt;\">\n<td class=\"et2\" style=\"height: 13.50pt; width: 108.00pt;\" width=\"144\" height=\"18\"><\/td>\n<td class=\"et2\" style=\"width: 208.50pt;\" width=\"278\">(viscosimetro rotante) (25\u00b10,2)\u2103<\/td>\n<\/tr>\n<tr style=\"height: 13.50pt;\">\n<td class=\"et2\" style=\"height: 13.50pt; width: 108.00pt;\" width=\"144\" height=\"18\">Principio attivo<\/td>\n<td class=\"et3\" style=\"width: 208.50pt;\" width=\"278\">100%<\/td>\n<\/tr>\n<tr style=\"height: 13.50pt;\">\n<td class=\"et2\" style=\"height: 13.50pt; width: 108.00pt;\" width=\"144\" height=\"18\">Punto di infiammabilit\u00e0<\/td>\n<td class=\"et2\" style=\"width: 208.50pt;\" width=\"278\">\uff1e100\u2103<\/td>\n<\/tr>\n<\/tbody>\n<\/table>\n<p>Nota: la presente scheda tecnica \u00e8 intesa a fornire risultati tipici, non standard.Soggetto a COA.<\/p>\n<p><strong>Sistema di applicazione<\/strong><br \/>\n1. TEGO Rad 2700 \u00e8 un agente distaccante altamente reticolato con un eccellente effetto distaccante e scivolamento, combinato con propriet\u00e0 antischiuma, particolarmente adatto per inchiostri colorati ad alta viscosit\u00e0.<br \/>\n2. L'agente distaccante TEGO Rad 2700 \u00e8 un additivo estremamente efficiente per la reticolazione per radiazione che migliora lo scivolamento e la strippatura. L'agente livellante TEGO Rad 2700 \u00e8 utilizzato nelle formulazioni di agenti livellanti a polimerizzazione radiante, particolarmente adatti per le formulazioni di vernici a colori, agenti livellanti per inchiostri offset, agenti livellanti per inchiostri serigrafici, nonch\u00e9 negli inchiostri da stampa a polimerizzazione radiante e negli agenti livellanti lisci per sovrastampa.<br \/>\n<strong>Propriet\u00e0<\/strong><br \/>\nAdditivo al silicio reattivo alle radiazioni. Ottimo antischiuma. Riduce nettamente il coefficiente di attrito. Eccellente forza di rilascio.<br \/>\n1. Particolarmente adatto per i sistemi di paste colorate<br \/>\n2. Efficace antischiuma<br \/>\n3. Elevate propriet\u00e0 di rilascio e scivolamento.<br \/>\n4. Altamente reticolabile per le formulazioni a polimerizzazione radiante.<br \/>\n5. Particolarmente adatto per un uso limitato nelle formulazioni di vernici.<br \/>\n6. Resistenza ai graffi e ai pennarelli migliorata.<br \/>\n7. Ulteriore effetto scivolante e antischiuma<br \/>\n8. Ottimo scivolamento, effetto antiaderente\/strippante, buone propriet\u00e0 antischiuma.<br \/>\n<strong>Incorporazione<\/strong><br \/>\nFacile da aggiungere con solvente pre-diluito uguale a quello del sistema di rivestimento. Pu\u00f2 essere aggiunto come post-aggiunta.<br \/>\n<strong>Suggerisci un'aggiunta<\/strong><br \/>\nAggiunta alla formulazione totale 0,1-1,0%<br \/>\n<strong>Stabilit\u00e0 di stoccaggio<\/strong><br \/>\nI prodotti che superano il periodo di conservazione possono continuare a essere utilizzati dopo l'ispezione. Il contenitore deve essere chiuso immediatamente dopo l'uso.<\/p>\n<p><strong>Applicare la raccomandazione<\/strong><\/p>\n<table style=\"border-collapse: collapse; width: 138.03pt;\" border=\"0\" width=\"184\" cellspacing=\"0\" cellpadding=\"0\">\n<tbody>\n<tr style=\"height: 13.50pt;\">\n<td class=\"et2\" style=\"height: 13.50pt; width: 84.00pt;\" width=\"112\" height=\"18\">Mobilit\u00e0<\/td>\n<td class=\"et2\" style=\"width: 54.00pt;\" width=\"72\">0<\/td>\n<\/tr>\n<tr style=\"height: 13.50pt;\">\n<td class=\"et2\" style=\"height: 13.50pt; width: 84.00pt;\" width=\"112\" height=\"18\">Scivolamento<\/td>\n<td class=\"et2\" style=\"width: 54.00pt;\" width=\"72\">5<\/td>\n<\/tr>\n<tr style=\"height: 40.50pt;\">\n<td class=\"et2\" style=\"height: 40.50pt; width: 84.00pt;\" width=\"112\" height=\"54\">Resistenza al bastone<\/td>\n<td class=\"et2\" style=\"width: 54.00pt;\" width=\"72\">4<\/td>\n<\/tr>\n<tr style=\"height: 40.50pt;\">\n<td class=\"et2\" style=\"height: 40.50pt; width: 84.00pt;\" width=\"112\" height=\"54\">Bagnatura della sostanza<\/td>\n<td class=\"et2\" style=\"width: 54.00pt;\" width=\"72\">0<\/td>\n<\/tr>\n<tr style=\"height: 27.00pt;\">\n<td class=\"et2\" style=\"height: 27.00pt; width: 84.00pt;\" width=\"112\" height=\"36\">Sgrassatura<\/td>\n<td class=\"et2\" style=\"width: 54.00pt;\" width=\"72\">5<\/td>\n<\/tr>\n<\/tbody>\n<\/table>\n<p>0=non disponibile 5=molto efficace<\/p>\n<p><strong>pacchetto<\/strong><br \/>\n25KG \/ 180KG<\/p>\n<p><strong><b>Stoccaggio:<\/b><\/strong><\/p>\n<div>\n<p>Conservati in magazzini asciutti e puliti con una buona ventilazione.<\/p>\n<p>Evitare l'esposizione alla luce e al calore.<\/p>\n<p>Proteggere il prodotto da perdite, pioggia e insolazione durante il trasporto.<\/p>\n<\/div>\n<h2><strong><b>Contattateci ora!<\/b><\/strong><\/h2>\n<h4><strong><b>Se avete bisogno di COA, MSDS o TDS, inserite i vostri dati di contatto nel modulo sottostante; di solito vi contatteremo entro 24 ore. Potete anche inviarmi un'e-mail<span style=\"color: #00ccff;\"> <a style=\"color: #00ccff;\" href=\"mailto:info@longchangchemical.com\">info@longchangchemical.com<\/a><\/span> durante l'orario di lavoro (dalle 8:30 alle 18:00 UTC+8 lun.-sab.) o utilizzare la live chat del sito web per ottenere una risposta immediata.<\/b><\/strong><\/h4>","protected":false},"excerpt":{"rendered":"<p>Descrizione del prodotto: Additivo siliconico reattivo con gruppo funzionale di acido acrilico<\/p>\n<p>Numero di prodotto: UV-D7700d<\/p>\n<p>Completamente sostituito - TEGO Rad 2700<\/p>\n<p>Aspetto: Liquido torbido da leggermente giallastro a giallastro<\/p>\n<p>Viscosit\u00e0: 3000-10000 mPa-s<\/p>\n<p>Pacchetto: 25KG o 180KG\/tamburo<\/p>","protected":false},"featured_media":3099,"comment_status":"closed","ping_status":"closed","template":"","meta":[],"product_brand":[],"product_cat":[138],"product_tag":[],"class_list":{"0":"post-5902","1":"product","2":"type-product","3":"status-publish","4":"has-post-thumbnail","6":"product_cat-coating-and-ink-additives","8":"first","9":"instock","10":"shipping-taxable","11":"product-type-simple"},"yoast_head":"<!-- This site is optimized with the Yoast SEO plugin v25.3.1 - https:\/\/yoast.com\/wordpress\/plugins\/seo\/ -->\n<title>TEGO Rad 2700 Manufacturer \/ Acrylic Reactive Silicone Additives - Longchang Chemical<\/title>\n<meta name=\"description\" content=\"UV-D7700D is Reactive silicon additive with acrylic functional group-Silicone polyether acrylate with crosslinked free radical,can Completely replaced- TEGO Rad 2700,BYK-UV3510; We are the leading coating and Ink addtives - Surface Additives, Substrate Wetting Agents, Wetting and Dispersing Additives, Defoamers, Leveling Agents, Adhesion Additives and Anti-Graffiti Additives manufacturer and supplier in China with the best quanlity and competitive price.\" \/>\n<meta name=\"robots\" content=\"index, follow, max-snippet:-1, max-image-preview:large, max-video-preview:-1\" \/>\n<link rel=\"canonical\" href=\"https:\/\/longchangchemical.com\/it\/product\/agesin-uv-d7700d-tego-rad-2700\/\" \/>\n<meta property=\"og:locale\" content=\"it_IT\" \/>\n<meta property=\"og:type\" content=\"article\" \/>\n<meta property=\"og:title\" content=\"TEGO Rad 2700 Manufacturer \/ Acrylic Reactive Silicone Additives - Longchang Chemical\" \/>\n<meta property=\"og:description\" content=\"UV-D7700D is Reactive silicon additive with acrylic functional group-Silicone polyether acrylate with crosslinked free radical,can Completely replaced- TEGO Rad 2700,BYK-UV3510; We are the leading coating and Ink addtives - Surface Additives, Substrate Wetting Agents, Wetting and Dispersing Additives, Defoamers, Leveling Agents, Adhesion Additives and Anti-Graffiti Additives manufacturer and supplier in China with the best quanlity and competitive price.\" \/>\n<meta property=\"og:url\" content=\"https:\/\/longchangchemical.com\/it\/product\/agesin-uv-d7700d-tego-rad-2700\/\" \/>\n<meta property=\"og:site_name\" content=\"Longchang Chemical\" \/>\n<meta property=\"article:modified_time\" content=\"2025-04-01T07:10:53+00:00\" \/>\n<meta property=\"og:image\" content=\"https:\/\/longchangchemical.com\/wp-content\/uploads\/2020\/09\/dts1MrvOTESVXEVAphlu7w.jpg\" \/>\n\t<meta property=\"og:image:width\" content=\"722\" \/>\n\t<meta property=\"og:image:height\" content=\"325\" \/>\n\t<meta property=\"og:image:type\" content=\"image\/jpeg\" \/>\n<meta name=\"twitter:card\" content=\"summary_large_image\" \/>\n<script type=\"application\/ld+json\" class=\"yoast-schema-graph\">{\"@context\":\"https:\/\/schema.org\",\"@graph\":[{\"@type\":\"WebPage\",\"@id\":\"https:\/\/longchangchemical.com\/product\/agesin-uv-d7700d-tego-rad-2700\/\",\"url\":\"https:\/\/longchangchemical.com\/product\/agesin-uv-d7700d-tego-rad-2700\/\",\"name\":\"TEGO Rad 2700 Manufacturer \/ Acrylic Reactive Silicone Additives - Longchang Chemical\",\"isPartOf\":{\"@id\":\"https:\/\/longchangchemical.com\/#website\"},\"primaryImageOfPage\":{\"@id\":\"https:\/\/longchangchemical.com\/product\/agesin-uv-d7700d-tego-rad-2700\/#primaryimage\"},\"image\":{\"@id\":\"https:\/\/longchangchemical.com\/product\/agesin-uv-d7700d-tego-rad-2700\/#primaryimage\"},\"thumbnailUrl\":\"https:\/\/longchangchemical.com\/wp-content\/uploads\/2020\/09\/dts1MrvOTESVXEVAphlu7w.jpg\",\"datePublished\":\"2023-02-08T10:48:42+00:00\",\"dateModified\":\"2025-04-01T07:10:53+00:00\",\"description\":\"UV-D7700D is Reactive silicon additive with acrylic functional group-Silicone polyether acrylate with crosslinked free radical,can Completely replaced- TEGO Rad 2700,BYK-UV3510; We are the leading coating and Ink addtives - Surface Additives, Substrate Wetting Agents, Wetting and Dispersing Additives, Defoamers, Leveling Agents, Adhesion Additives and Anti-Graffiti Additives manufacturer and supplier in China with the best quanlity and competitive price.\",\"breadcrumb\":{\"@id\":\"https:\/\/longchangchemical.com\/product\/agesin-uv-d7700d-tego-rad-2700\/#breadcrumb\"},\"inLanguage\":\"it-IT\",\"potentialAction\":[{\"@type\":\"ReadAction\",\"target\":[\"https:\/\/longchangchemical.com\/product\/agesin-uv-d7700d-tego-rad-2700\/\"]}]},{\"@type\":\"ImageObject\",\"inLanguage\":\"it-IT\",\"@id\":\"https:\/\/longchangchemical.com\/product\/agesin-uv-d7700d-tego-rad-2700\/#primaryimage\",\"url\":\"https:\/\/longchangchemical.com\/wp-content\/uploads\/2020\/09\/dts1MrvOTESVXEVAphlu7w.jpg\",\"contentUrl\":\"https:\/\/longchangchemical.com\/wp-content\/uploads\/2020\/09\/dts1MrvOTESVXEVAphlu7w.jpg\",\"width\":722,\"height\":325,\"caption\":\"about longchang\"},{\"@type\":\"BreadcrumbList\",\"@id\":\"https:\/\/longchangchemical.com\/product\/agesin-uv-d7700d-tego-rad-2700\/#breadcrumb\",\"itemListElement\":[{\"@type\":\"ListItem\",\"position\":1,\"name\":\"Home\",\"item\":\"https:\/\/longchangchemical.com\/\"},{\"@type\":\"ListItem\",\"position\":2,\"name\":\"Products Longchang\",\"item\":\"https:\/\/longchangchemical.com\/product\/\"},{\"@type\":\"ListItem\",\"position\":3,\"name\":\"CHLUMICRYL\u00ae UV-D7700D \/ TEGO Rad 2700\"}]},{\"@type\":\"WebSite\",\"@id\":\"https:\/\/longchangchemical.com\/#website\",\"url\":\"https:\/\/longchangchemical.com\/\",\"name\":\"Longchang Chemical\",\"description\":\"China chemical manufacturer \uff06 supplier\",\"publisher\":{\"@id\":\"https:\/\/longchangchemical.com\/#organization\"},\"potentialAction\":[{\"@type\":\"SearchAction\",\"target\":{\"@type\":\"EntryPoint\",\"urlTemplate\":\"https:\/\/longchangchemical.com\/?s={search_term_string}\"},\"query-input\":{\"@type\":\"PropertyValueSpecification\",\"valueRequired\":true,\"valueName\":\"search_term_string\"}}],\"inLanguage\":\"it-IT\"},{\"@type\":\"Organization\",\"@id\":\"https:\/\/longchangchemical.com\/#organization\",\"name\":\"Longchang Chemical\",\"url\":\"https:\/\/longchangchemical.com\/\",\"logo\":{\"@type\":\"ImageObject\",\"inLanguage\":\"it-IT\",\"@id\":\"https:\/\/longchangchemical.com\/#\/schema\/logo\/image\/\",\"url\":\"https:\/\/longchangchemical.com\/wp-content\/uploads\/2020\/08\/cropped-longchang-logo.png\",\"contentUrl\":\"https:\/\/longchangchemical.com\/wp-content\/uploads\/2020\/08\/cropped-longchang-logo.png\",\"width\":512,\"height\":512,\"caption\":\"Longchang Chemical\"},\"image\":{\"@id\":\"https:\/\/longchangchemical.com\/#\/schema\/logo\/image\/\"}}]}<\/script>\n<!-- \/ Yoast SEO plugin. -->","yoast_head_json":{"title":"TEGO Rad 2700 Produttore \/ Additivi siliconici reattivi acrilici - Longchang Chemical","description":"UV-D7700D \u00e8 un additivo siliconico reattivo con gruppo funzionale acrilico - polietere acrilato di silicone con radicale libero reticolato, completamente sostituibile - TEGO Rad 2700, BYK-UV3510; Siamo leader nel settore dei rivestimenti e degli additivi per inchiostri - additivi per superfici, agenti bagnanti per substrati, additivi bagnanti e disperdenti, antischiuma, agenti livellanti, additivi per l'adesione e additivi antigraffiti - produttori e fornitori in Cina con la migliore qualit\u00e0 e prezzo competitivo.","robots":{"index":"index","follow":"follow","max-snippet":"max-snippet:-1","max-image-preview":"max-image-preview:large","max-video-preview":"max-video-preview:-1"},"canonical":"https:\/\/longchangchemical.com\/it\/product\/agesin-uv-d7700d-tego-rad-2700\/","og_locale":"it_IT","og_type":"article","og_title":"TEGO Rad 2700 Manufacturer \/ Acrylic Reactive Silicone Additives - Longchang Chemical","og_description":"UV-D7700D is Reactive silicon additive with acrylic functional group-Silicone polyether acrylate with crosslinked free radical,can Completely replaced- TEGO Rad 2700,BYK-UV3510; We are the leading coating and Ink addtives - Surface Additives, Substrate Wetting Agents, Wetting and Dispersing Additives, Defoamers, Leveling Agents, Adhesion Additives and Anti-Graffiti Additives manufacturer and supplier in China with the best quanlity and competitive price.","og_url":"https:\/\/longchangchemical.com\/it\/product\/agesin-uv-d7700d-tego-rad-2700\/","og_site_name":"Longchang Chemical","article_modified_time":"2025-04-01T07:10:53+00:00","og_image":[{"width":722,"height":325,"url":"https:\/\/longchangchemical.com\/wp-content\/uploads\/2020\/09\/dts1MrvOTESVXEVAphlu7w.jpg","type":"image\/jpeg"}],"twitter_card":"summary_large_image","schema":{"@context":"https:\/\/schema.org","@graph":[{"@type":"WebPage","@id":"https:\/\/longchangchemical.com\/product\/agesin-uv-d7700d-tego-rad-2700\/","url":"https:\/\/longchangchemical.com\/product\/agesin-uv-d7700d-tego-rad-2700\/","name":"TEGO Rad 2700 Produttore \/ Additivi siliconici reattivi acrilici - Longchang Chemical","isPartOf":{"@id":"https:\/\/longchangchemical.com\/#website"},"primaryImageOfPage":{"@id":"https:\/\/longchangchemical.com\/product\/agesin-uv-d7700d-tego-rad-2700\/#primaryimage"},"image":{"@id":"https:\/\/longchangchemical.com\/product\/agesin-uv-d7700d-tego-rad-2700\/#primaryimage"},"thumbnailUrl":"https:\/\/longchangchemical.com\/wp-content\/uploads\/2020\/09\/dts1MrvOTESVXEVAphlu7w.jpg","datePublished":"2023-02-08T10:48:42+00:00","dateModified":"2025-04-01T07:10:53+00:00","description":"UV-D7700D \u00e8 un additivo siliconico reattivo con gruppo funzionale acrilico - polietere acrilato di silicone con radicale libero reticolato, completamente sostituibile - TEGO Rad 2700, BYK-UV3510; Siamo leader nel settore dei rivestimenti e degli additivi per inchiostri - additivi per superfici, agenti bagnanti per substrati, additivi bagnanti e disperdenti, antischiuma, agenti livellanti, additivi per l'adesione e additivi antigraffiti - produttori e fornitori in Cina con la migliore qualit\u00e0 e prezzo competitivo.","breadcrumb":{"@id":"https:\/\/longchangchemical.com\/product\/agesin-uv-d7700d-tego-rad-2700\/#breadcrumb"},"inLanguage":"it-IT","potentialAction":[{"@type":"ReadAction","target":["https:\/\/longchangchemical.com\/product\/agesin-uv-d7700d-tego-rad-2700\/"]}]},{"@type":"ImageObject","inLanguage":"it-IT","@id":"https:\/\/longchangchemical.com\/product\/agesin-uv-d7700d-tego-rad-2700\/#primaryimage","url":"https:\/\/longchangchemical.com\/wp-content\/uploads\/2020\/09\/dts1MrvOTESVXEVAphlu7w.jpg","contentUrl":"https:\/\/longchangchemical.com\/wp-content\/uploads\/2020\/09\/dts1MrvOTESVXEVAphlu7w.jpg","width":722,"height":325,"caption":"about longchang"},{"@type":"BreadcrumbList","@id":"https:\/\/longchangchemical.com\/product\/agesin-uv-d7700d-tego-rad-2700\/#breadcrumb","itemListElement":[{"@type":"ListItem","position":1,"name":"Home","item":"https:\/\/longchangchemical.com\/"},{"@type":"ListItem","position":2,"name":"Products Longchang","item":"https:\/\/longchangchemical.com\/product\/"},{"@type":"ListItem","position":3,"name":"CHLUMICRYL\u00ae UV-D7700D \/ TEGO Rad 2700"}]},{"@type":"WebSite","@id":"https:\/\/longchangchemical.com\/#website","url":"https:\/\/longchangchemical.com\/","name":"Longchang Chemical","description":"Cina produttore di prodotti chimici \uff06 fornitore","publisher":{"@id":"https:\/\/longchangchemical.com\/#organization"},"potentialAction":[{"@type":"SearchAction","target":{"@type":"EntryPoint","urlTemplate":"https:\/\/longchangchemical.com\/?s={search_term_string}"},"query-input":{"@type":"PropertyValueSpecification","valueRequired":true,"valueName":"search_term_string"}}],"inLanguage":"it-IT"},{"@type":"Organization","@id":"https:\/\/longchangchemical.com\/#organization","name":"Longchang Chemical","url":"https:\/\/longchangchemical.com\/","logo":{"@type":"ImageObject","inLanguage":"it-IT","@id":"https:\/\/longchangchemical.com\/#\/schema\/logo\/image\/","url":"https:\/\/longchangchemical.com\/wp-content\/uploads\/2020\/08\/cropped-longchang-logo.png","contentUrl":"https:\/\/longchangchemical.com\/wp-content\/uploads\/2020\/08\/cropped-longchang-logo.png","width":512,"height":512,"caption":"Longchang Chemical"},"image":{"@id":"https:\/\/longchangchemical.com\/#\/schema\/logo\/image\/"}}]}},"_links":{"self":[{"href":"https:\/\/longchangchemical.com\/it\/wp-json\/wp\/v2\/product\/5902","targetHints":{"allow":["GET"]}}],"collection":[{"href":"https:\/\/longchangchemical.com\/it\/wp-json\/wp\/v2\/product"}],"about":[{"href":"https:\/\/longchangchemical.com\/it\/wp-json\/wp\/v2\/types\/product"}],"replies":[{"embeddable":true,"href":"https:\/\/longchangchemical.com\/it\/wp-json\/wp\/v2\/comments?post=5902"}],"wp:featuredmedia":[{"embeddable":true,"href":"https:\/\/longchangchemical.com\/it\/wp-json\/wp\/v2\/media\/3099"}],"wp:attachment":[{"href":"https:\/\/longchangchemical.com\/it\/wp-json\/wp\/v2\/media?parent=5902"}],"wp:term":[{"taxonomy":"product_brand","embeddable":true,"href":"https:\/\/longchangchemical.com\/it\/wp-json\/wp\/v2\/product_brand?post=5902"},{"taxonomy":"product_cat","embeddable":true,"href":"https:\/\/longchangchemical.com\/it\/wp-json\/wp\/v2\/product_cat?post=5902"},{"taxonomy":"product_tag","embeddable":true,"href":"https:\/\/longchangchemical.com\/it\/wp-json\/wp\/v2\/product_tag?post=5902"}],"curies":[{"name":"wp","href":"https:\/\/api.w.org\/{rel}","templated":true}]}}