{"id":5899,"date":"2023-02-12T10:58:21","date_gmt":"2023-02-12T10:58:21","guid":{"rendered":"https:\/\/longchangchemical.com\/?post_type=product&#038;p=5899"},"modified":"2025-04-01T07:10:42","modified_gmt":"2025-04-01T07:10:42","slug":"agesin-we-d980-defoamer","status":"publish","type":"product","link":"https:\/\/longchangchemical.com\/it\/product\/agesin-we-d980-defoamer\/","title":{"rendered":"CHLUMICRYL\u00ae DF-D980 \/ antischiuma"},"content":{"rendered":"<h1><strong> DF-D980 \/ Antischiuma<\/strong><\/h1>\n<table style=\"border-collapse: collapse; width: 174.78pt;\" border=\"0\" width=\"233\" cellspacing=\"0\" cellpadding=\"0\">\n<tbody>\n<tr style=\"height: 24.00pt;\">\n<td class=\"et2\" style=\"height: 24.00pt; width: 54.00pt;\" width=\"72\" height=\"32\">Composizione<\/td>\n<td class=\"et2\" style=\"width: 120.75pt;\" width=\"161\">Composti di polisilossano con particelle idrofobiche<\/td>\n<\/tr>\n<tr style=\"height: 24.00pt;\">\n<td class=\"et2\" style=\"height: 24.00pt; width: 54.00pt;\" width=\"72\" height=\"32\">Aspetto<\/td>\n<td class=\"et2\" style=\"width: 120.75pt;\" width=\"161\">Liquido viscoso bianco latte traslucido<\/td>\n<\/tr>\n<tr style=\"height: 13.50pt;\">\n<td class=\"et2\" style=\"height: 13.50pt; width: 54.00pt;\" width=\"72\" height=\"18\">Solvente Sinosolv<\/td>\n<td class=\"et2\" style=\"width: 120.75pt;\" width=\"161\">&#8212;<\/td>\n<\/tr>\n<tr style=\"height: 13.50pt;\">\n<td class=\"et2\" style=\"height: 13.50pt; width: 54.00pt;\" width=\"72\" height=\"18\">Densit\u00e0<\/td>\n<td class=\"et2\" style=\"width: 120.75pt;\" width=\"161\">0,96-1,00 g\/ml (25\u00b11)\u2103<\/td>\n<\/tr>\n<tr style=\"height: 35.25pt;\">\n<td class=\"et2\" style=\"height: 35.25pt; width: 54.00pt;\" width=\"72\" height=\"47\">Viscosit\u00e0<\/td>\n<td class=\"et2\" style=\"width: 120.75pt;\" width=\"161\">200-2500mPa-s (metodo del viscosimetro a bolle) (25\u00b10,2)\u2103<\/td>\n<\/tr>\n<tr style=\"height: 24.00pt;\">\n<td class=\"et2\" style=\"height: 24.00pt; width: 54.00pt;\" width=\"72\" height=\"32\">Contenuto solido<\/td>\n<td class=\"et2\" style=\"width: 120.75pt;\" width=\"161\">\u226595 % (140\u2103 2h)<\/td>\n<\/tr>\n<tr style=\"height: 13.50pt;\">\n<td class=\"et2\" style=\"height: 13.50pt; width: 54.00pt;\" width=\"72\" height=\"18\">Punto di infiammabilit\u00e0<\/td>\n<td class=\"et2\" style=\"width: 120.75pt;\" width=\"161\">&gt;100\u2103<\/td>\n<\/tr>\n<\/tbody>\n<\/table>\n<p>Nota: queste prestazioni rappresentano solo risultati tipici e non sono considerate una specifica, in base al COA specifico.<\/p>\n<p>Aree di applicazione<\/p>\n<p>Sistemi a base di solventi e a polimerizzazione UV<\/p>\n<p>Caratteristiche principali<\/p>\n<p>1. Ha un'ottima capacit\u00e0 di inibizione della schiuma e di antischiuma.<br \/>\n2. Poich\u00e9 contiene particelle idrofobe, \u00e8 possibile che si verifichi una precipitazione durante la conservazione; purch\u00e9 venga agitato bene prima dell'uso, non influisce sulla qualit\u00e0 del prodotto.<br \/>\n3. Se si usa dopo la diluizione con il solvente, si noti che il periodo di conservazione della soluzione diluita \u00e8 limitato a 1-2 giorni.<br \/>\n4, non applicabile alle vernici.<\/p>\n<p>Metodo di utilizzo<\/p>\n<p>Per migliorare l'inibizione della schiuma, la velocit\u00e0 di disboscamento del sistema, \u00e8 necessario aggiungerlo al materiale abrasivo.<\/p>\n<p>Dosaggio consigliato<\/p>\n<p>Quantit\u00e0 di aggiunta (formula totale) 0,2-1,0%<\/p>\n<p>Stabilit\u00e0 di stoccaggio<\/p>\n<p>Conservare nella confezione originale non aperta per 24 mesi. A temperature inferiori a 5\u00b0C possono verificarsi stratificazione e torbidit\u00e0. Il riscaldamento e l'accurata miscelazione prima dell'uso non influiscono sulla qualit\u00e0 del prodotto. Il prodotto oltre il periodo di conservazione pu\u00f2 continuare a essere utilizzato dopo aver superato l'ispezione. Prima che il contenitore sia completamente vuoto, deve essere ben chiuso subito dopo l'uso.<\/p>\n<p>Imballaggio<\/p>\n<p>25KG \/ 180KG.<\/p>\n<h2><strong><b>Contattateci ora!<\/b><\/strong><\/h2>\n<h4><strong><b>Se avete bisogno di COA, MSDS o TDS, inserite i vostri dati di contatto nel modulo sottostante; di solito vi contatteremo entro 24 ore. Potete anche inviarmi un'e-mail<span style=\"color: #00ccff;\"> <a style=\"color: #00ccff;\" href=\"mailto:info@longchangchemical.com\">info@longchangchemical.com<\/a><\/span> durante l'orario di lavoro (dalle 8:30 alle 18:00 UTC+8 lun.-sab.) o utilizzare la live chat del sito web per ottenere una risposta immediata.<\/b><\/strong><\/h4>","protected":false},"excerpt":{"rendered":"<p>DF-D980 \/ Defoamer Composizione Composti polisilossanici con particelle idrofobiche Aspetto Liquido viscoso bianco lattiginoso traslucido Solvente - Densit\u00e0 0,96-1,00 g\/ml (25\u00b11)\u2103 Viscosit\u00e0 200-2500mPa-s (metodo del viscosimetro a bolle) (25\u00b10.) \u2103 Contenuto solido \u226595 % (140\u2103 2h) Punto d'infiammabilit\u00e0 &gt;100\u2103 Nota: la performance specifica di DF-D980 \/ Defoamer rappresenta una caratteristica di questo prodotto.2)\u2103 Contenuto solido \u226595 % (140\u2103 2h) Punto di infiammabilit\u00e0 &gt;100\u2103 Nota: Queste prestazioni rappresentano solo risultati tipici e non sono considerate una specifica, in base al COA specifico. Aree di applicazione [...]<\/p>","protected":false},"featured_media":5910,"comment_status":"closed","ping_status":"closed","template":"","meta":[],"product_brand":[],"product_cat":[138],"product_tag":[],"class_list":{"0":"post-5899","1":"product","2":"type-product","3":"status-publish","4":"has-post-thumbnail","6":"product_cat-coating-and-ink-additives","8":"first","9":"instock","10":"shipping-taxable","11":"product-type-simple"},"yoast_head":"<!-- This site is optimized with the Yoast SEO plugin v25.3.1 - https:\/\/yoast.com\/wordpress\/plugins\/seo\/ -->\n<title>China CHLUMICRYL\u00ae DF-D980 \/ Defoamer Manufacturer - Longchang Chemical<\/title>\n<meta name=\"description\" content=\"CHLUMICRYL\u00ae DF-D980 \/ Defoamer is a key product of Longchang Chemical. We provide the best price. We are the leading manufacturer in China with the best quality and competitive price.\" \/>\n<meta name=\"robots\" content=\"index, follow, max-snippet:-1, max-image-preview:large, max-video-preview:-1\" \/>\n<link rel=\"canonical\" href=\"https:\/\/longchangchemical.com\/it\/product\/agesin-we-d980-defoamer\/\" \/>\n<meta property=\"og:locale\" content=\"it_IT\" \/>\n<meta property=\"og:type\" content=\"article\" \/>\n<meta property=\"og:title\" content=\"China CHLUMICRYL\u00ae DF-D980 \/ Defoamer Manufacturer - Longchang Chemical\" \/>\n<meta property=\"og:description\" content=\"CHLUMICRYL\u00ae DF-D980 \/ Defoamer is a key product of Longchang Chemical. We provide the best price. We are the leading manufacturer in China with the best quality and competitive price.\" \/>\n<meta property=\"og:url\" content=\"https:\/\/longchangchemical.com\/it\/product\/agesin-we-d980-defoamer\/\" \/>\n<meta property=\"og:site_name\" content=\"Longchang Chemical\" \/>\n<meta property=\"article:modified_time\" content=\"2025-04-01T07:10:42+00:00\" \/>\n<meta property=\"og:image\" content=\"https:\/\/longchangchemical.com\/wp-content\/uploads\/2023\/02\/-WE-D980.jpg\" \/>\n\t<meta property=\"og:image:width\" content=\"800\" \/>\n\t<meta property=\"og:image:height\" content=\"800\" \/>\n\t<meta property=\"og:image:type\" content=\"image\/jpeg\" \/>\n<meta name=\"twitter:card\" content=\"summary_large_image\" \/>\n<script type=\"application\/ld+json\" class=\"yoast-schema-graph\">{\"@context\":\"https:\/\/schema.org\",\"@graph\":[{\"@type\":\"WebPage\",\"@id\":\"https:\/\/longchangchemical.com\/product\/agesin-we-d980-defoamer\/\",\"url\":\"https:\/\/longchangchemical.com\/product\/agesin-we-d980-defoamer\/\",\"name\":\"China CHLUMICRYL\u00ae DF-D980 \/ Defoamer Manufacturer - Longchang Chemical\",\"isPartOf\":{\"@id\":\"https:\/\/longchangchemical.com\/#website\"},\"primaryImageOfPage\":{\"@id\":\"https:\/\/longchangchemical.com\/product\/agesin-we-d980-defoamer\/#primaryimage\"},\"image\":{\"@id\":\"https:\/\/longchangchemical.com\/product\/agesin-we-d980-defoamer\/#primaryimage\"},\"thumbnailUrl\":\"https:\/\/longchangchemical.com\/wp-content\/uploads\/2023\/02\/-WE-D980.jpg\",\"datePublished\":\"2023-02-12T10:58:21+00:00\",\"dateModified\":\"2025-04-01T07:10:42+00:00\",\"description\":\"CHLUMICRYL\u00ae DF-D980 \/ Defoamer is a key product of Longchang Chemical. We provide the best price. We are the leading manufacturer in China with the best quality and competitive price.\",\"breadcrumb\":{\"@id\":\"https:\/\/longchangchemical.com\/product\/agesin-we-d980-defoamer\/#breadcrumb\"},\"inLanguage\":\"it-IT\",\"potentialAction\":[{\"@type\":\"ReadAction\",\"target\":[\"https:\/\/longchangchemical.com\/product\/agesin-we-d980-defoamer\/\"]}]},{\"@type\":\"ImageObject\",\"inLanguage\":\"it-IT\",\"@id\":\"https:\/\/longchangchemical.com\/product\/agesin-we-d980-defoamer\/#primaryimage\",\"url\":\"https:\/\/longchangchemical.com\/wp-content\/uploads\/2023\/02\/-WE-D980.jpg\",\"contentUrl\":\"https:\/\/longchangchemical.com\/wp-content\/uploads\/2023\/02\/-WE-D980.jpg\",\"width\":800,\"height\":800},{\"@type\":\"BreadcrumbList\",\"@id\":\"https:\/\/longchangchemical.com\/product\/agesin-we-d980-defoamer\/#breadcrumb\",\"itemListElement\":[{\"@type\":\"ListItem\",\"position\":1,\"name\":\"Home\",\"item\":\"https:\/\/longchangchemical.com\/\"},{\"@type\":\"ListItem\",\"position\":2,\"name\":\"Products Longchang\",\"item\":\"https:\/\/longchangchemical.com\/product\/\"},{\"@type\":\"ListItem\",\"position\":3,\"name\":\"CHLUMICRYL\u00ae DF-D980 \/ Defoamer\"}]},{\"@type\":\"WebSite\",\"@id\":\"https:\/\/longchangchemical.com\/#website\",\"url\":\"https:\/\/longchangchemical.com\/\",\"name\":\"Longchang Chemical\",\"description\":\"China chemical manufacturer \uff06 supplier\",\"publisher\":{\"@id\":\"https:\/\/longchangchemical.com\/#organization\"},\"potentialAction\":[{\"@type\":\"SearchAction\",\"target\":{\"@type\":\"EntryPoint\",\"urlTemplate\":\"https:\/\/longchangchemical.com\/?s={search_term_string}\"},\"query-input\":{\"@type\":\"PropertyValueSpecification\",\"valueRequired\":true,\"valueName\":\"search_term_string\"}}],\"inLanguage\":\"it-IT\"},{\"@type\":\"Organization\",\"@id\":\"https:\/\/longchangchemical.com\/#organization\",\"name\":\"Longchang Chemical\",\"url\":\"https:\/\/longchangchemical.com\/\",\"logo\":{\"@type\":\"ImageObject\",\"inLanguage\":\"it-IT\",\"@id\":\"https:\/\/longchangchemical.com\/#\/schema\/logo\/image\/\",\"url\":\"https:\/\/longchangchemical.com\/wp-content\/uploads\/2020\/08\/cropped-longchang-logo.png\",\"contentUrl\":\"https:\/\/longchangchemical.com\/wp-content\/uploads\/2020\/08\/cropped-longchang-logo.png\",\"width\":512,\"height\":512,\"caption\":\"Longchang Chemical\"},\"image\":{\"@id\":\"https:\/\/longchangchemical.com\/#\/schema\/logo\/image\/\"}}]}<\/script>\n<!-- \/ Yoast SEO plugin. -->","yoast_head_json":{"title":"Cina CHLUMICRYL\u00ae DF-D980 \/ Defoamer Produttore - Longchang Chemical","description":"CHLUMICRYL\u00ae DF-D980 \/ Defoamer \u00e8 un prodotto chiave di Longchang Chemical. Forniamo il miglior prezzo. Siamo il produttore leader in Cina con la migliore qualit\u00e0 e il prezzo competitivo.","robots":{"index":"index","follow":"follow","max-snippet":"max-snippet:-1","max-image-preview":"max-image-preview:large","max-video-preview":"max-video-preview:-1"},"canonical":"https:\/\/longchangchemical.com\/it\/product\/agesin-we-d980-defoamer\/","og_locale":"it_IT","og_type":"article","og_title":"China CHLUMICRYL\u00ae DF-D980 \/ Defoamer Manufacturer - Longchang Chemical","og_description":"CHLUMICRYL\u00ae DF-D980 \/ Defoamer is a key product of Longchang Chemical. We provide the best price. We are the leading manufacturer in China with the best quality and competitive price.","og_url":"https:\/\/longchangchemical.com\/it\/product\/agesin-we-d980-defoamer\/","og_site_name":"Longchang Chemical","article_modified_time":"2025-04-01T07:10:42+00:00","og_image":[{"width":800,"height":800,"url":"https:\/\/longchangchemical.com\/wp-content\/uploads\/2023\/02\/-WE-D980.jpg","type":"image\/jpeg"}],"twitter_card":"summary_large_image","schema":{"@context":"https:\/\/schema.org","@graph":[{"@type":"WebPage","@id":"https:\/\/longchangchemical.com\/product\/agesin-we-d980-defoamer\/","url":"https:\/\/longchangchemical.com\/product\/agesin-we-d980-defoamer\/","name":"Cina CHLUMICRYL\u00ae DF-D980 \/ Defoamer Produttore - Longchang Chemical","isPartOf":{"@id":"https:\/\/longchangchemical.com\/#website"},"primaryImageOfPage":{"@id":"https:\/\/longchangchemical.com\/product\/agesin-we-d980-defoamer\/#primaryimage"},"image":{"@id":"https:\/\/longchangchemical.com\/product\/agesin-we-d980-defoamer\/#primaryimage"},"thumbnailUrl":"https:\/\/longchangchemical.com\/wp-content\/uploads\/2023\/02\/-WE-D980.jpg","datePublished":"2023-02-12T10:58:21+00:00","dateModified":"2025-04-01T07:10:42+00:00","description":"CHLUMICRYL\u00ae DF-D980 \/ Defoamer \u00e8 un prodotto chiave di Longchang Chemical. Forniamo il miglior prezzo. Siamo il produttore leader in Cina con la migliore qualit\u00e0 e il prezzo competitivo.","breadcrumb":{"@id":"https:\/\/longchangchemical.com\/product\/agesin-we-d980-defoamer\/#breadcrumb"},"inLanguage":"it-IT","potentialAction":[{"@type":"ReadAction","target":["https:\/\/longchangchemical.com\/product\/agesin-we-d980-defoamer\/"]}]},{"@type":"ImageObject","inLanguage":"it-IT","@id":"https:\/\/longchangchemical.com\/product\/agesin-we-d980-defoamer\/#primaryimage","url":"https:\/\/longchangchemical.com\/wp-content\/uploads\/2023\/02\/-WE-D980.jpg","contentUrl":"https:\/\/longchangchemical.com\/wp-content\/uploads\/2023\/02\/-WE-D980.jpg","width":800,"height":800},{"@type":"BreadcrumbList","@id":"https:\/\/longchangchemical.com\/product\/agesin-we-d980-defoamer\/#breadcrumb","itemListElement":[{"@type":"ListItem","position":1,"name":"Home","item":"https:\/\/longchangchemical.com\/"},{"@type":"ListItem","position":2,"name":"Products Longchang","item":"https:\/\/longchangchemical.com\/product\/"},{"@type":"ListItem","position":3,"name":"CHLUMICRYL\u00ae DF-D980 \/ Defoamer"}]},{"@type":"WebSite","@id":"https:\/\/longchangchemical.com\/#website","url":"https:\/\/longchangchemical.com\/","name":"Longchang Chemical","description":"Cina produttore di prodotti chimici \uff06 fornitore","publisher":{"@id":"https:\/\/longchangchemical.com\/#organization"},"potentialAction":[{"@type":"SearchAction","target":{"@type":"EntryPoint","urlTemplate":"https:\/\/longchangchemical.com\/?s={search_term_string}"},"query-input":{"@type":"PropertyValueSpecification","valueRequired":true,"valueName":"search_term_string"}}],"inLanguage":"it-IT"},{"@type":"Organization","@id":"https:\/\/longchangchemical.com\/#organization","name":"Longchang Chemical","url":"https:\/\/longchangchemical.com\/","logo":{"@type":"ImageObject","inLanguage":"it-IT","@id":"https:\/\/longchangchemical.com\/#\/schema\/logo\/image\/","url":"https:\/\/longchangchemical.com\/wp-content\/uploads\/2020\/08\/cropped-longchang-logo.png","contentUrl":"https:\/\/longchangchemical.com\/wp-content\/uploads\/2020\/08\/cropped-longchang-logo.png","width":512,"height":512,"caption":"Longchang Chemical"},"image":{"@id":"https:\/\/longchangchemical.com\/#\/schema\/logo\/image\/"}}]}},"_links":{"self":[{"href":"https:\/\/longchangchemical.com\/it\/wp-json\/wp\/v2\/product\/5899","targetHints":{"allow":["GET"]}}],"collection":[{"href":"https:\/\/longchangchemical.com\/it\/wp-json\/wp\/v2\/product"}],"about":[{"href":"https:\/\/longchangchemical.com\/it\/wp-json\/wp\/v2\/types\/product"}],"replies":[{"embeddable":true,"href":"https:\/\/longchangchemical.com\/it\/wp-json\/wp\/v2\/comments?post=5899"}],"wp:featuredmedia":[{"embeddable":true,"href":"https:\/\/longchangchemical.com\/it\/wp-json\/wp\/v2\/media\/5910"}],"wp:attachment":[{"href":"https:\/\/longchangchemical.com\/it\/wp-json\/wp\/v2\/media?parent=5899"}],"wp:term":[{"taxonomy":"product_brand","embeddable":true,"href":"https:\/\/longchangchemical.com\/it\/wp-json\/wp\/v2\/product_brand?post=5899"},{"taxonomy":"product_cat","embeddable":true,"href":"https:\/\/longchangchemical.com\/it\/wp-json\/wp\/v2\/product_cat?post=5899"},{"taxonomy":"product_tag","embeddable":true,"href":"https:\/\/longchangchemical.com\/it\/wp-json\/wp\/v2\/product_tag?post=5899"}],"curies":[{"name":"wp","href":"https:\/\/api.w.org\/{rel}","templated":true}]}}