{"id":5811,"date":"2022-12-20T11:48:37","date_gmt":"2022-12-20T11:48:37","guid":{"rendered":"https:\/\/longchangchemical.com\/?post_type=product&#038;p=5811"},"modified":"2025-12-16T08:59:07","modified_gmt":"2025-12-16T08:59:07","slug":"siperox-bipb","status":"publish","type":"product","link":"https:\/\/longchangchemical.com\/it\/product\/siperox-bipb\/","title":{"rendered":"BIPB 96 \/ Bis(t-butilperossi isopropil)benzene CAS 25155-25-3"},"content":{"rendered":"<h1>BIPB 96 CAS 25155-25-3<\/h1>\n<p>&nbsp;<\/p>\n<table>\n<tbody>\n<tr>\n<td width=\"232\">Articolo<\/td>\n<td width=\"238\">Standard<\/td>\n<td width=\"239\">Risultato<\/td>\n<\/tr>\n<tr>\n<td width=\"232\">Aspetto<\/td>\n<td width=\"238\">Polvere bianca<\/td>\n<td width=\"239\">Polvere bianca<\/td>\n<\/tr>\n<tr>\n<td width=\"232\">Purezza, %<\/td>\n<td width=\"238\">\u226596.0<\/td>\n<td width=\"239\">97.3<\/td>\n<\/tr>\n<tr>\n<td width=\"232\">Intervallo di fusione (\u2103)<\/td>\n<td width=\"238\">40-55<\/td>\n<td width=\"239\">40-42<\/td>\n<\/tr>\n<\/tbody>\n<\/table>\n<h2><\/h2>\n<h2><strong>Che cos'\u00e8 BIPB\uff1f<\/strong><\/h2>\n<p>Il BIPB sostiene di non avere l'odore del DCP, oltre alla somiglianza strutturale, c'\u00e8 un motivo importante, cio\u00e8, quasi dove \u00e8 possibile utilizzare il DCP pu\u00f2 essere sostituito dal BIPB, il BIPB invece del DCP le prestazioni adesive, tra cui la durezza, la resistenza alla rottura, l'allungamento, la resistenza allo strappo, cos\u00ec come la resistenza all'olio, il coefficiente di invecchiamento, ecc, fondamentalmente lo stesso, mentre la deformazione a compressione ad alte temperature, il BIPB \u00e8 migliore del DCP.<\/p>\n<p>&nbsp;<\/p>\n<h2><strong>BIPB Applicazione:<\/strong><\/h2>\n<p><strong>1. BIPB <\/strong>pu\u00f2 essere utilizzato come agente reticolante per gomma e plastica, come gomma siliconica, copolimero etilene-vinilacetato (come la schiuma EVA), gomma polietilenica clorurata (CPE), gomma etilene propilene diene (EPDM), polietilene clorosolfonato, gomma tetrapropilene fluoro (TP-2), nitrile idrogenato saturo (HNBR). A parit\u00e0 di effetto reticolante, la quantit\u00e0 aggiunta \u00e8 pari a circa 2\/3 di altri agenti reticolanti organici. Non vi \u00e8 alcun odore irritante durante il funzionamento e nei prodotti finiti. \u00c8 particolarmente adatto per la reticolazione di isolanti per cavi flessibili e prodotti in schiuma EVA nelle camere di vulcanizzazione per lo stampaggio della gomma siliconica, come cavi rivestiti in gomma per condizionatori d'aria, giocattoli in schiuma EVA, ecc.<\/p>\n<p>2. Pu\u00f2 essere utilizzato aggiungendo materiale in gomma durante la miscelazione. Quando \u00e8 richiesto l'effetto reticolo, l'aggiunta di 3 parti pu\u00f2 reticolare completamente il polimero ad alto contenuto molecolare.<\/p>\n<p>3. Pu\u00f2 essere utilizzato come agente reticolante per materie plastiche e gomma come polietilene clorurato, gomma EPDM, copolimero etilene-vinilacetato, gomma siliconica, gomma nitrilica e fluorubber. A parit\u00e0 di effetto reticolante, la quantit\u00e0 aggiunta \u00e8 pari a circa 2\/3 del DCP e l'odore irritante nel processo operativo e nel prodotto finito \u00e8 ridotto.<\/p>\n<h2><strong>BIPB Imballaggio e spedizione:<\/strong><\/h2>\n<p>20 kg\/cartone<\/p>\n<p>&nbsp;<\/p>\n<h2><strong>BIPB Stoccaggio:<\/strong><\/h2>\n<p>Conservare in un luogo fresco e asciutto (2-8\u00b0 C) al riparo dalla luce solare diretta.<\/p>\n<p>&nbsp;<\/p>\n<h2><strong><b>dove acquistare BIPB? Contattateci ora!<\/b><\/strong><\/h2>\n<h4><strong><b>Se avete bisogno di COA, MSDS o TDS, inserite i vostri dati di contatto nel modulo sottostante; di solito vi contatteremo entro 24 ore. Potete anche inviarmi un'e-mail<span style=\"color: #00ccff;\"> <a style=\"color: #00ccff;\" href=\"mailto:info@longchangchemical.com\">info@longchangchemical.com<\/a><\/span> durante l'orario di lavoro (dalle 8:30 alle 18:00 UTC+8 lun.-sab.) o utilizzare la live chat del sito web per ottenere una risposta immediata.<\/b><\/strong><\/h4>\n<p><!--more--><\/p>\n<h2><strong>Quali sono le ragioni per cui il BIPB e il DCP sono inodori e saporiti?<\/strong><\/h2>\n<p>Processo di decomposizione termica del DCP:<\/p>\n<p>Nel diagramma di struttura del DCP, si pu\u00f2 notare che il radicale di ossigeno isopropilbenzene, prodotto dalla rottura del legame perossidico durante la decomposizione termica del DCP, pu\u00f2 formare anche radicali metilici e acetofenone, una sostanza dall'odore sgradevole e dannosa per il corpo umano; per questo motivo, quando il DCP viene utilizzato come agente reticolante per i polimeri, ha un odore sgradevole durante il processo di reticolazione e nei prodotti finiti realizzati con il DCP. Si pu\u00f2 notare che il motivo per cui il DCP ha un odore non \u00e8 dovuto a residui di DCP o a residui di impurit\u00e0, quindi non \u00e8 vero che maggiore \u00e8 la purezza del DCP, minore \u00e8 l'odore.<\/p>\n<p>Processo di decomposizione termica del BIPB:<br \/>\nGenerando radicali alchilici, radicali alchilici e reazione libera della matrice polimerica, possiamo vedere che i prodotti a piccole molecole reticolate di BIPB hanno:<\/p>\n<p>Metano (CH4) ...... gas<\/p>\n<p>Acetone ...... volatile<\/p>\n<p>Tert-butanolo ...... volatile<\/p>\n<p>Ci sono altri composti solidi che non hanno odore, quindi il BIPB non ha quasi odore o ha un odore molto ridotto nel processo di reticolazione e nei prodotti finiti.<\/p>\n<p>Vantaggi, svantaggi e soluzioni del BIPB<\/p>\n<p>Il motivo per cui il BIPB \u00e8 chiamato DCP inodore oltre alla somiglianza strutturale, c'\u00e8 un'altra ragione importante, cio\u00e8 che quasi pu\u00f2 essere usato al posto del DCP pu\u00f2 essere sostituito dal BIPB, il BIPB al posto del DCP le propriet\u00e0 della gomma, tra cui la durezza, la resistenza alla rottura, l'allungamento, la resistenza alla lacerazione e la resistenza all'olio, il coefficiente di invecchiamento, ecc, sono fondamentalmente le stesse, e la deformazione per compressione ad alte temperature, il BIPB \u00e8 migliore del DCP.<\/p>\n<p>Tuttavia, il BIPB presenta uno svantaggio significativo: il prezzo troppo elevato rispetto al DCP, che rappresenta il principale fattore che limita l'ampio utilizzo del BIPB. In Europa, l'uso del BIPB \u00e8 molto pi\u00f9 elevato rispetto al DCP, con i produttori e i consumatori nazionali che hanno rafforzato la consapevolezza della protezione ambientale, ora anche la domanda interna di BIPB \u00e8 sempre maggiore.<\/p>\n<p>Un altro grande svantaggio del BIPB \u00e8 che, quando si utilizza il BIPB come agente reticolante dell'EPDM, \u00e8 facile che si verifichi il fenomeno del cristallo di spruzzatura (si noti che si tratta di cristallo di spruzzatura, non di brina di spruzzatura) e che la luce raggiunga il cristallo luminoso, mentre il DCP non lo fa. Ci\u00f2 \u00e8 dovuto ai prodotti di decomposizione della compatibilit\u00e0 tra BIPB e gomma EPDM e allo spruzzo. Se i vostri prodotti vengono esportati all'estero, soprattutto in Europa, potete star certi che i clienti sapranno che state utilizzando un buon agente vulcanizzante e lo accetteranno volentieri. Per risolvere il fenomeno della spruzzatura dei cristalli, esistono due metodi principali:<\/p>\n<p>3.1. Aggiungere il PEG4000 alla formula;<\/p>\n<p>3.2. Ridurre la quantit\u00e0 di BIPB aggiungendo una parte di bis-2-5, il che equivale a ridurre i prodotti di decomposizione del BIPB senza influire sull'efficienza della reticolazione.<\/p>\n<p>Questi due programmi hanno esempi di successo, naturalmente, ci sono produttori di EPDM con BIPB come agente reticolante non sembra spruzzare il fenomeno dei cristalli, forse a causa di uno dei pochi additivi per limitare la spruzzatura dei cristalli, il motivo specifico non \u00e8 noto.<\/p>\n<p>La gomma termoplastica TPV utilizza anche il BIPB come agente reticolante, ma con l'industria automobilistica i requisiti di odore sono sempre pi\u00f9 elevati, cio\u00e8, dopo l'uso del BIPB, l'odore non soddisfa necessariamente i requisiti, ma deve essere ulteriormente elaborato, come l'uso di adsorbimento chimico\/fisico, de-volatilizzazione, essiccazione e altri processi per ridurre l'odore.<\/p>","protected":false},"excerpt":{"rendered":"<p>Nome chimico: Bis(tert-butyldioxyisopropyl)benzene<br \/>\nDi(tert-butilperossiisopropil)benzene<\/p>\n<p>N. CAS: 25155-25-3 o 2212-81-9<\/p>\n<p><strong>Sinonimo<\/strong>Perkadox 14S;Perkadox 14;FARIDA BIPB;Luperox F40;Luperox F90P<\/p>\n<p>Formula molecolare: C20H34O4<\/p>\n<p>Strutturato:<\/p>\n<p><img decoding=\"async\" class=\"alignnone size-full wp-image-5813\" src=\"https:\/\/longchangchemical.com\/wp-content\/uploads\/2022\/12\/Structured.jpg\" alt=\"\" width=\"520\" height=\"104\" \/><\/p>\n<p>Peso molecolare: 338,48<\/p>","protected":false},"featured_media":6267,"comment_status":"closed","ping_status":"closed","template":"","meta":[],"product_brand":[],"product_cat":[142],"product_tag":[],"class_list":{"0":"post-5811","1":"product","2":"type-product","3":"status-publish","4":"has-post-thumbnail","6":"product_cat-siperox-organic-peroxide","8":"first","9":"instock","10":"shipping-taxable","11":"product-type-simple"},"yoast_head":"<!-- This site is optimized with the Yoast SEO plugin v25.3.1 - https:\/\/yoast.com\/wordpress\/plugins\/seo\/ -->\n<title>Odorless crosslinking agent BIPB 96 manufacturer Cas 25155-25-3 \/ 2212-81-9 - Longchang Chemical<\/title>\n<meta name=\"description\" content=\"BIPB 96,also known as Bis(tert-butyldioxyisopropyl)benzene;Di(tert-butylperoxyisopropyl)benzene;Perkadox 14S;Perkadox 14;Luperox F40;Luperox F90P;FARIDA BIPB and is the key product of Longchang Chemical. We are the leading Organic peroxide manufacturer and supplier in China with the best quanlity and competitive price.\" \/>\n<meta name=\"robots\" content=\"index, follow, max-snippet:-1, max-image-preview:large, max-video-preview:-1\" \/>\n<link rel=\"canonical\" href=\"https:\/\/longchangchemical.com\/it\/product\/siperox-bipb\/\" \/>\n<meta property=\"og:locale\" content=\"it_IT\" \/>\n<meta property=\"og:type\" content=\"article\" \/>\n<meta property=\"og:title\" content=\"Odorless crosslinking agent BIPB 96 manufacturer Cas 25155-25-3 \/ 2212-81-9 - Longchang Chemical\" \/>\n<meta property=\"og:description\" content=\"BIPB 96,also known as Bis(tert-butyldioxyisopropyl)benzene;Di(tert-butylperoxyisopropyl)benzene;Perkadox 14S;Perkadox 14;Luperox F40;Luperox F90P;FARIDA BIPB and is the key product of Longchang Chemical. We are the leading Organic peroxide manufacturer and supplier in China with the best quanlity and competitive price.\" \/>\n<meta property=\"og:url\" content=\"https:\/\/longchangchemical.com\/it\/product\/siperox-bipb\/\" \/>\n<meta property=\"og:site_name\" content=\"Longchang Chemical\" \/>\n<meta property=\"article:modified_time\" content=\"2025-12-16T08:59:07+00:00\" \/>\n<meta property=\"og:image\" content=\"https:\/\/longchangchemical.com\/wp-content\/uploads\/2022\/12\/Siperox\u00ae-BIPB-1.jpg\" \/>\n\t<meta property=\"og:image:width\" content=\"800\" \/>\n\t<meta property=\"og:image:height\" content=\"800\" \/>\n\t<meta property=\"og:image:type\" content=\"image\/jpeg\" \/>\n<meta name=\"twitter:card\" content=\"summary_large_image\" \/>\n<script type=\"application\/ld+json\" class=\"yoast-schema-graph\">{\"@context\":\"https:\/\/schema.org\",\"@graph\":[{\"@type\":\"WebPage\",\"@id\":\"https:\/\/longchangchemical.com\/product\/siperox-bipb\/\",\"url\":\"https:\/\/longchangchemical.com\/product\/siperox-bipb\/\",\"name\":\"Odorless crosslinking agent BIPB 96 manufacturer Cas 25155-25-3 \/ 2212-81-9 - Longchang Chemical\",\"isPartOf\":{\"@id\":\"https:\/\/longchangchemical.com\/#website\"},\"primaryImageOfPage\":{\"@id\":\"https:\/\/longchangchemical.com\/product\/siperox-bipb\/#primaryimage\"},\"image\":{\"@id\":\"https:\/\/longchangchemical.com\/product\/siperox-bipb\/#primaryimage\"},\"thumbnailUrl\":\"https:\/\/longchangchemical.com\/wp-content\/uploads\/2022\/12\/Siperox\u00ae-BIPB-1.jpg\",\"datePublished\":\"2022-12-20T11:48:37+00:00\",\"dateModified\":\"2025-12-16T08:59:07+00:00\",\"description\":\"BIPB 96,also known as Bis(tert-butyldioxyisopropyl)benzene;Di(tert-butylperoxyisopropyl)benzene;Perkadox 14S;Perkadox 14;Luperox F40;Luperox F90P;FARIDA BIPB and is the key product of Longchang Chemical. We are the leading Organic peroxide manufacturer and supplier in China with the best quanlity and competitive price.\",\"breadcrumb\":{\"@id\":\"https:\/\/longchangchemical.com\/product\/siperox-bipb\/#breadcrumb\"},\"inLanguage\":\"it-IT\",\"potentialAction\":[{\"@type\":\"ReadAction\",\"target\":[\"https:\/\/longchangchemical.com\/product\/siperox-bipb\/\"]}]},{\"@type\":\"ImageObject\",\"inLanguage\":\"it-IT\",\"@id\":\"https:\/\/longchangchemical.com\/product\/siperox-bipb\/#primaryimage\",\"url\":\"https:\/\/longchangchemical.com\/wp-content\/uploads\/2022\/12\/Siperox\u00ae-BIPB-1.jpg\",\"contentUrl\":\"https:\/\/longchangchemical.com\/wp-content\/uploads\/2022\/12\/Siperox\u00ae-BIPB-1.jpg\",\"width\":800,\"height\":800,\"caption\":\"BIPB 96 \/ Bis(t-butylperoxy isopropy)benzene CAS 25155-25-3\"},{\"@type\":\"BreadcrumbList\",\"@id\":\"https:\/\/longchangchemical.com\/product\/siperox-bipb\/#breadcrumb\",\"itemListElement\":[{\"@type\":\"ListItem\",\"position\":1,\"name\":\"Home\",\"item\":\"https:\/\/longchangchemical.com\/\"},{\"@type\":\"ListItem\",\"position\":2,\"name\":\"Products Longchang\",\"item\":\"https:\/\/longchangchemical.com\/product\/\"},{\"@type\":\"ListItem\",\"position\":3,\"name\":\"BIPB 96 \/ Bis(t-butylperoxy isopropy)benzene CAS 25155-25-3\"}]},{\"@type\":\"WebSite\",\"@id\":\"https:\/\/longchangchemical.com\/#website\",\"url\":\"https:\/\/longchangchemical.com\/\",\"name\":\"Longchang Chemical\",\"description\":\"China chemical manufacturer \uff06 supplier\",\"publisher\":{\"@id\":\"https:\/\/longchangchemical.com\/#organization\"},\"potentialAction\":[{\"@type\":\"SearchAction\",\"target\":{\"@type\":\"EntryPoint\",\"urlTemplate\":\"https:\/\/longchangchemical.com\/?s={search_term_string}\"},\"query-input\":{\"@type\":\"PropertyValueSpecification\",\"valueRequired\":true,\"valueName\":\"search_term_string\"}}],\"inLanguage\":\"it-IT\"},{\"@type\":\"Organization\",\"@id\":\"https:\/\/longchangchemical.com\/#organization\",\"name\":\"Longchang Chemical\",\"url\":\"https:\/\/longchangchemical.com\/\",\"logo\":{\"@type\":\"ImageObject\",\"inLanguage\":\"it-IT\",\"@id\":\"https:\/\/longchangchemical.com\/#\/schema\/logo\/image\/\",\"url\":\"https:\/\/longchangchemical.com\/wp-content\/uploads\/2020\/08\/cropped-longchang-logo.png\",\"contentUrl\":\"https:\/\/longchangchemical.com\/wp-content\/uploads\/2020\/08\/cropped-longchang-logo.png\",\"width\":512,\"height\":512,\"caption\":\"Longchang Chemical\"},\"image\":{\"@id\":\"https:\/\/longchangchemical.com\/#\/schema\/logo\/image\/\"}}]}<\/script>\n<!-- \/ Yoast SEO plugin. -->","yoast_head_json":{"title":"Agente reticolante inodore BIPB 96 produttore Cas 25155-25-3 \/ 2212-81-9 - Longchang Chemical","description":"BIPB 96, noto anche come Bis(tert-butyldioxyisopropyl)benzene; Di(tert-butylperoxyisopropyl)benzene; Perkadox 14S; Perkadox 14; Luperox F40; Luperox F90P; FARIDA BIPB, \u00e8 il prodotto chiave di Longchang Chemical. Siamo il principale produttore e fornitore di perossido organico in Cina con la migliore qualit\u00e0 e il prezzo competitivo.","robots":{"index":"index","follow":"follow","max-snippet":"max-snippet:-1","max-image-preview":"max-image-preview:large","max-video-preview":"max-video-preview:-1"},"canonical":"https:\/\/longchangchemical.com\/it\/product\/siperox-bipb\/","og_locale":"it_IT","og_type":"article","og_title":"Odorless crosslinking agent BIPB 96 manufacturer Cas 25155-25-3 \/ 2212-81-9 - Longchang Chemical","og_description":"BIPB 96,also known as Bis(tert-butyldioxyisopropyl)benzene;Di(tert-butylperoxyisopropyl)benzene;Perkadox 14S;Perkadox 14;Luperox F40;Luperox F90P;FARIDA BIPB and is the key product of Longchang Chemical. We are the leading Organic peroxide manufacturer and supplier in China with the best quanlity and competitive price.","og_url":"https:\/\/longchangchemical.com\/it\/product\/siperox-bipb\/","og_site_name":"Longchang Chemical","article_modified_time":"2025-12-16T08:59:07+00:00","og_image":[{"width":800,"height":800,"url":"https:\/\/longchangchemical.com\/wp-content\/uploads\/2022\/12\/Siperox\u00ae-BIPB-1.jpg","type":"image\/jpeg"}],"twitter_card":"summary_large_image","schema":{"@context":"https:\/\/schema.org","@graph":[{"@type":"WebPage","@id":"https:\/\/longchangchemical.com\/product\/siperox-bipb\/","url":"https:\/\/longchangchemical.com\/product\/siperox-bipb\/","name":"Agente reticolante inodore BIPB 96 produttore Cas 25155-25-3 \/ 2212-81-9 - Longchang Chemical","isPartOf":{"@id":"https:\/\/longchangchemical.com\/#website"},"primaryImageOfPage":{"@id":"https:\/\/longchangchemical.com\/product\/siperox-bipb\/#primaryimage"},"image":{"@id":"https:\/\/longchangchemical.com\/product\/siperox-bipb\/#primaryimage"},"thumbnailUrl":"https:\/\/longchangchemical.com\/wp-content\/uploads\/2022\/12\/Siperox\u00ae-BIPB-1.jpg","datePublished":"2022-12-20T11:48:37+00:00","dateModified":"2025-12-16T08:59:07+00:00","description":"BIPB 96, noto anche come Bis(tert-butyldioxyisopropyl)benzene; Di(tert-butylperoxyisopropyl)benzene; Perkadox 14S; Perkadox 14; Luperox F40; Luperox F90P; FARIDA BIPB, \u00e8 il prodotto chiave di Longchang Chemical. Siamo il principale produttore e fornitore di perossido organico in Cina con la migliore qualit\u00e0 e il prezzo competitivo.","breadcrumb":{"@id":"https:\/\/longchangchemical.com\/product\/siperox-bipb\/#breadcrumb"},"inLanguage":"it-IT","potentialAction":[{"@type":"ReadAction","target":["https:\/\/longchangchemical.com\/product\/siperox-bipb\/"]}]},{"@type":"ImageObject","inLanguage":"it-IT","@id":"https:\/\/longchangchemical.com\/product\/siperox-bipb\/#primaryimage","url":"https:\/\/longchangchemical.com\/wp-content\/uploads\/2022\/12\/Siperox\u00ae-BIPB-1.jpg","contentUrl":"https:\/\/longchangchemical.com\/wp-content\/uploads\/2022\/12\/Siperox\u00ae-BIPB-1.jpg","width":800,"height":800,"caption":"BIPB 96 \/ Bis(t-butylperoxy isopropy)benzene CAS 25155-25-3"},{"@type":"BreadcrumbList","@id":"https:\/\/longchangchemical.com\/product\/siperox-bipb\/#breadcrumb","itemListElement":[{"@type":"ListItem","position":1,"name":"Home","item":"https:\/\/longchangchemical.com\/"},{"@type":"ListItem","position":2,"name":"Products Longchang","item":"https:\/\/longchangchemical.com\/product\/"},{"@type":"ListItem","position":3,"name":"BIPB 96 \/ Bis(t-butylperoxy isopropy)benzene CAS 25155-25-3"}]},{"@type":"WebSite","@id":"https:\/\/longchangchemical.com\/#website","url":"https:\/\/longchangchemical.com\/","name":"Longchang Chemical","description":"Cina produttore di prodotti chimici \uff06 fornitore","publisher":{"@id":"https:\/\/longchangchemical.com\/#organization"},"potentialAction":[{"@type":"SearchAction","target":{"@type":"EntryPoint","urlTemplate":"https:\/\/longchangchemical.com\/?s={search_term_string}"},"query-input":{"@type":"PropertyValueSpecification","valueRequired":true,"valueName":"search_term_string"}}],"inLanguage":"it-IT"},{"@type":"Organization","@id":"https:\/\/longchangchemical.com\/#organization","name":"Longchang Chemical","url":"https:\/\/longchangchemical.com\/","logo":{"@type":"ImageObject","inLanguage":"it-IT","@id":"https:\/\/longchangchemical.com\/#\/schema\/logo\/image\/","url":"https:\/\/longchangchemical.com\/wp-content\/uploads\/2020\/08\/cropped-longchang-logo.png","contentUrl":"https:\/\/longchangchemical.com\/wp-content\/uploads\/2020\/08\/cropped-longchang-logo.png","width":512,"height":512,"caption":"Longchang Chemical"},"image":{"@id":"https:\/\/longchangchemical.com\/#\/schema\/logo\/image\/"}}]}},"_links":{"self":[{"href":"https:\/\/longchangchemical.com\/it\/wp-json\/wp\/v2\/product\/5811","targetHints":{"allow":["GET"]}}],"collection":[{"href":"https:\/\/longchangchemical.com\/it\/wp-json\/wp\/v2\/product"}],"about":[{"href":"https:\/\/longchangchemical.com\/it\/wp-json\/wp\/v2\/types\/product"}],"replies":[{"embeddable":true,"href":"https:\/\/longchangchemical.com\/it\/wp-json\/wp\/v2\/comments?post=5811"}],"wp:featuredmedia":[{"embeddable":true,"href":"https:\/\/longchangchemical.com\/it\/wp-json\/wp\/v2\/media\/6267"}],"wp:attachment":[{"href":"https:\/\/longchangchemical.com\/it\/wp-json\/wp\/v2\/media?parent=5811"}],"wp:term":[{"taxonomy":"product_brand","embeddable":true,"href":"https:\/\/longchangchemical.com\/it\/wp-json\/wp\/v2\/product_brand?post=5811"},{"taxonomy":"product_cat","embeddable":true,"href":"https:\/\/longchangchemical.com\/it\/wp-json\/wp\/v2\/product_cat?post=5811"},{"taxonomy":"product_tag","embeddable":true,"href":"https:\/\/longchangchemical.com\/it\/wp-json\/wp\/v2\/product_tag?post=5811"}],"curies":[{"name":"wp","href":"https:\/\/api.w.org\/{rel}","templated":true}]}}