{"id":5783,"date":"2022-12-12T13:43:16","date_gmt":"2022-12-12T13:43:16","guid":{"rendered":"https:\/\/longchangchemical.com\/?post_type=product&#038;p=5783"},"modified":"2026-05-08T02:59:49","modified_gmt":"2026-05-08T02:59:49","slug":"agesin-la-d5410","status":"publish","type":"product","link":"https:\/\/longchangchemical.com\/it\/product\/agesin-la-d5410\/","title":{"rendered":"CHLUMICRYL\u00ae LA-D5410 \/ Polietere modificato con polidimetilsilossano"},"content":{"rendered":"<h2><strong> LA-D5410 \/ Polietere modificato in polidimetilsilossano<\/strong><\/h2>\n<table style=\"border-collapse: collapse; width: 332.27pt;\" border=\"0\" width=\"443\" cellspacing=\"0\" cellpadding=\"0\">\n<tbody>\n<tr style=\"height: 27.00pt;\">\n<td class=\"et2\" style=\"height: 27.00pt; width: 139.50pt;\" width=\"186\" height=\"36\">Composizione<\/td>\n<td class=\"et2\" style=\"width: 192.75pt;\" width=\"257\">Polietere modificato con polidimetilsilossano<\/td>\n<\/tr>\n<tr style=\"height: 40.50pt;\">\n<td class=\"et2\" style=\"height: 40.50pt; width: 139.50pt;\" width=\"186\" height=\"54\">Aspetto<\/td>\n<td class=\"et2\" style=\"width: 192.75pt;\" width=\"257\">leggero liquido chiaro giallastro (pasta a bassa temperatura)<\/td>\n<\/tr>\n<tr style=\"height: 13.50pt;\">\n<td class=\"et2\" style=\"height: 13.50pt; width: 139.50pt;\" width=\"186\" height=\"18\">Solvente Sinosolv<\/td>\n<td class=\"et2\" style=\"width: 192.75pt;\" width=\"257\">PMA<\/td>\n<\/tr>\n<tr style=\"height: 13.50pt;\">\n<td class=\"et2\" style=\"height: 13.50pt; width: 139.50pt;\" width=\"186\" height=\"18\">Densit\u00e0<\/td>\n<td class=\"et2\" style=\"width: 192.75pt;\" width=\"257\">0,96-1,00g\/ml (25\u00b11)\u2103<\/td>\n<\/tr>\n<tr style=\"height: 27.00pt;\">\n<td class=\"et2\" style=\"height: 27.00pt; width: 139.50pt;\" width=\"186\" height=\"36\">Viscosit\u00e0<\/td>\n<td class=\"et2\" style=\"width: 192.75pt;\" width=\"257\">\u2265U (viscosimetro a bolle) (25\u00b10,2)\u2103<\/td>\n<\/tr>\n<tr style=\"height: 13.50pt;\">\n<td class=\"et2\" style=\"height: 13.50pt; width: 139.50pt;\" width=\"186\" height=\"18\">Contenuto<\/td>\n<td class=\"et2\" style=\"width: 192.75pt;\" width=\"257\">92\u00b13%(105\u2103 3h)<\/td>\n<\/tr>\n<tr style=\"height: 13.50pt;\">\n<td class=\"et2\" style=\"height: 13.50pt; width: 139.50pt;\" width=\"186\" height=\"18\">Punto di infiammabilit\u00e0<\/td>\n<td class=\"et2\" style=\"width: 192.75pt;\" width=\"257\">\uff1e70\u2103<\/td>\n<\/tr>\n<\/tbody>\n<\/table>\n<p>Nota: questa scheda tecnica intende fornire risultati tipici, non standard.Soggetto a COA.<\/p>\n<p><strong>Sistema di applicazione<\/strong><\/p>\n<p>A base d'acqua, a base di solvente, a polimerizzazione UV<\/p>\n<p><strong>Propriet\u00e0<\/strong><\/p>\n<p>Ridurre maggiormente la tensione superficiale.<br \/>\nRidurre il coefficiente di attrito. Aumenta lo slittamento e migliora la resistenza ai graffi.<br \/>\nBuona ricopertura e minima influenza sull'adesione dei film di rivestimento.<br \/>\nEccellente capacit\u00e0 anti-craterizzante, comunemente utilizzata per sostituire l'agente antiolio, non influisce sull'ambiente e sulla riverniciabilit\u00e0.<br \/>\nA basse temperature pu\u00f2 verificarsi un'opacit\u00e0 e una viscosit\u00e0. Diventa chiaro e scorrevole dopo il riscaldamento. Ci\u00f2 non influisce sulla qualit\u00e0.<\/p>\n<p><strong>Incorporazione<\/strong><\/p>\n<p>Diluito prima dell'aggiunta, aggiunto in qualsiasi fase, anche dopo l'aggiunta.<\/p>\n<p><strong>Suggerisci un'aggiunta<\/strong><\/p>\n<p>Aggiunta alla formulazione totale 0,05-0,5%<\/p>\n<p><strong>Stabilit\u00e0 di stoccaggio<\/strong><\/p>\n<p>I prodotti che superano il periodo di conservazione possono continuare a essere utilizzati dopo l'ispezione. Il contenitore deve essere chiuso immediatamente dopo l'uso.<\/p>\n<p><strong>Applicare la raccomandazione<\/strong><\/p>\n<table style=\"border-collapse: collapse; width: 222.78pt;\" border=\"0\" width=\"297\" cellspacing=\"0\" cellpadding=\"0\">\n<tbody>\n<tr style=\"height: 13.50pt;\">\n<td class=\"et2\" style=\"height: 13.50pt; width: 195.00pt;\" width=\"260\" height=\"18\">Trasparenza in vernice<\/td>\n<td class=\"et2\" style=\"width: 27.75pt;\" width=\"37\">1<\/td>\n<\/tr>\n<tr style=\"height: 13.50pt;\">\n<td class=\"et2\" style=\"height: 13.50pt; width: 195.00pt;\" width=\"260\" height=\"18\">Sgrassatura<\/td>\n<td class=\"et2\" style=\"width: 27.75pt;\" width=\"37\">2<\/td>\n<\/tr>\n<tr style=\"height: 13.50pt;\">\n<td class=\"et2\" style=\"height: 13.50pt; width: 195.00pt;\" width=\"260\" height=\"18\">Tensione superficiale dinamica<\/td>\n<td class=\"et2\" style=\"width: 27.75pt;\" width=\"37\">5<\/td>\n<\/tr>\n<tr style=\"height: 13.50pt;\">\n<td class=\"et2\" style=\"height: 13.50pt; width: 195.00pt;\" width=\"260\" height=\"18\">Tensione superficiale statica<\/td>\n<td class=\"et2\" style=\"width: 27.75pt;\" width=\"37\">5<\/td>\n<\/tr>\n<tr style=\"height: 13.50pt;\">\n<td class=\"et2\" style=\"height: 13.50pt; width: 195.00pt;\" width=\"260\" height=\"18\">Scivolamento<\/td>\n<td class=\"et2\" style=\"width: 27.75pt;\" width=\"37\">5<\/td>\n<\/tr>\n<tr style=\"height: 13.50pt;\">\n<td class=\"et2\" style=\"height: 13.50pt; width: 195.00pt;\" width=\"260\" height=\"18\">Prevenire la buccia d'arancia<\/td>\n<td class=\"et2\" style=\"width: 27.75pt;\" width=\"37\">1<\/td>\n<\/tr>\n<\/tbody>\n<\/table>\n<p>0=non disponibile 5=molto efficace<\/p>\n<p><strong>pacchetto<\/strong><\/p>\n<p>25KG \/ 180KG<\/p>\n<div>\n<p><strong><b>Stoccaggio:<\/b><\/strong><\/p>\n<p>Conservati in magazzini asciutti e puliti con una buona ventilazione.<\/p>\n<p>Evitare l'esposizione alla luce e al calore.<\/p>\n<p>Proteggere il prodotto da perdite, pioggia e insolazione durante il trasporto.<\/p>\n<\/div>","protected":false},"excerpt":{"rendered":"<p>Descrizione del prodotto: Polietere modificato con polidimetilsilossano<\/p>\n<p>Completamente sostituito: - TEGO Glide 410, DOW CORNING 205SL(50%),DOW CORNING 402LS<\/p>\n<p>Aspetto: leggero liquido chiaro giallastro (pasta a bassa temperatura)<\/p>\n<p>Viscosit\u00e0: \u2265U (viscosimetro a bolle) (25\u00b10,2) \u2103<\/p>","protected":false},"featured_media":5914,"comment_status":"closed","ping_status":"closed","template":"","meta":[],"product_brand":[],"product_cat":[138],"product_tag":[],"class_list":{"0":"post-5783","1":"product","2":"type-product","3":"status-publish","4":"has-post-thumbnail","6":"product_cat-coating-and-ink-additives","8":"first","9":"instock","10":"shipping-taxable","11":"product-type-simple"},"yoast_head":"<!-- This site is optimized with the Yoast SEO plugin v25.3.1 - https:\/\/yoast.com\/wordpress\/plugins\/seo\/ -->\n<title>LA-D5410 Polyether modified polydimethyl siloxane Coating | Longchang Chemical<\/title>\n<meta name=\"description\" content=\"LA-D5410 Polyether modified polydimethyl siloxane Coating Additive is a coating additive for coatings, inks and specialty surface modification. Key\" \/>\n<meta name=\"robots\" content=\"index, follow, max-snippet:-1, max-image-preview:large, max-video-preview:-1\" \/>\n<link rel=\"canonical\" href=\"https:\/\/longchangchemical.com\/it\/product\/agesin-la-d5410\/\" \/>\n<meta property=\"og:locale\" content=\"it_IT\" \/>\n<meta property=\"og:type\" content=\"article\" \/>\n<meta property=\"og:title\" content=\"LA-D5410 Polyether modified polydimethyl siloxane Coating | Longchang Chemical\" \/>\n<meta property=\"og:description\" content=\"LA-D5410 Polyether modified polydimethyl siloxane Coating Additive is a coating additive for coatings, inks and specialty surface modification. Key\" \/>\n<meta property=\"og:url\" content=\"https:\/\/longchangchemical.com\/it\/product\/agesin-la-d5410\/\" \/>\n<meta property=\"og:site_name\" content=\"Longchang Chemical\" \/>\n<meta property=\"article:modified_time\" content=\"2026-05-08T02:59:49+00:00\" \/>\n<meta property=\"og:image\" content=\"https:\/\/longchangchemical.com\/wp-content\/uploads\/2022\/12\/-LA-D5410.jpg\" \/>\n\t<meta property=\"og:image:width\" content=\"800\" \/>\n\t<meta property=\"og:image:height\" content=\"800\" \/>\n\t<meta property=\"og:image:type\" content=\"image\/jpeg\" \/>\n<meta name=\"twitter:card\" content=\"summary_large_image\" \/>\n<script type=\"application\/ld+json\" class=\"yoast-schema-graph\">{\"@context\":\"https:\/\/schema.org\",\"@graph\":[{\"@type\":\"WebPage\",\"@id\":\"https:\/\/longchangchemical.com\/product\/agesin-la-d5410\/\",\"url\":\"https:\/\/longchangchemical.com\/product\/agesin-la-d5410\/\",\"name\":\"LA-D5410 Polyether modified polydimethyl siloxane Coating | Longchang Chemical\",\"isPartOf\":{\"@id\":\"https:\/\/longchangchemical.com\/#website\"},\"primaryImageOfPage\":{\"@id\":\"https:\/\/longchangchemical.com\/product\/agesin-la-d5410\/#primaryimage\"},\"image\":{\"@id\":\"https:\/\/longchangchemical.com\/product\/agesin-la-d5410\/#primaryimage\"},\"thumbnailUrl\":\"https:\/\/longchangchemical.com\/wp-content\/uploads\/2022\/12\/-LA-D5410.jpg\",\"datePublished\":\"2022-12-12T13:43:16+00:00\",\"dateModified\":\"2026-05-08T02:59:49+00:00\",\"description\":\"LA-D5410 Polyether modified polydimethyl siloxane Coating Additive is a coating additive for coatings, inks and specialty surface modification. Key\",\"breadcrumb\":{\"@id\":\"https:\/\/longchangchemical.com\/product\/agesin-la-d5410\/#breadcrumb\"},\"inLanguage\":\"it-IT\",\"potentialAction\":[{\"@type\":\"ReadAction\",\"target\":[\"https:\/\/longchangchemical.com\/product\/agesin-la-d5410\/\"]}]},{\"@type\":\"ImageObject\",\"inLanguage\":\"it-IT\",\"@id\":\"https:\/\/longchangchemical.com\/product\/agesin-la-d5410\/#primaryimage\",\"url\":\"https:\/\/longchangchemical.com\/wp-content\/uploads\/2022\/12\/-LA-D5410.jpg\",\"contentUrl\":\"https:\/\/longchangchemical.com\/wp-content\/uploads\/2022\/12\/-LA-D5410.jpg\",\"width\":800,\"height\":800,\"caption\":\"LA-D5410 \/ Polyether modified polydimethyl siloxane\"},{\"@type\":\"BreadcrumbList\",\"@id\":\"https:\/\/longchangchemical.com\/product\/agesin-la-d5410\/#breadcrumb\",\"itemListElement\":[{\"@type\":\"ListItem\",\"position\":1,\"name\":\"Home\",\"item\":\"https:\/\/longchangchemical.com\/\"},{\"@type\":\"ListItem\",\"position\":2,\"name\":\"Products Longchang\",\"item\":\"https:\/\/longchangchemical.com\/product\/\"},{\"@type\":\"ListItem\",\"position\":3,\"name\":\"CHLUMICRYL\u00ae LA-D5410 \/ Polyether modified polydimethyl siloxane\"}]},{\"@type\":\"WebSite\",\"@id\":\"https:\/\/longchangchemical.com\/#website\",\"url\":\"https:\/\/longchangchemical.com\/\",\"name\":\"Longchang Chemical\",\"description\":\"China chemical manufacturer \uff06 supplier\",\"publisher\":{\"@id\":\"https:\/\/longchangchemical.com\/#organization\"},\"potentialAction\":[{\"@type\":\"SearchAction\",\"target\":{\"@type\":\"EntryPoint\",\"urlTemplate\":\"https:\/\/longchangchemical.com\/?s={search_term_string}\"},\"query-input\":{\"@type\":\"PropertyValueSpecification\",\"valueRequired\":true,\"valueName\":\"search_term_string\"}}],\"inLanguage\":\"it-IT\"},{\"@type\":\"Organization\",\"@id\":\"https:\/\/longchangchemical.com\/#organization\",\"name\":\"Longchang Chemical\",\"url\":\"https:\/\/longchangchemical.com\/\",\"logo\":{\"@type\":\"ImageObject\",\"inLanguage\":\"it-IT\",\"@id\":\"https:\/\/longchangchemical.com\/#\/schema\/logo\/image\/\",\"url\":\"https:\/\/longchangchemical.com\/wp-content\/uploads\/2020\/08\/cropped-longchang-logo.png\",\"contentUrl\":\"https:\/\/longchangchemical.com\/wp-content\/uploads\/2020\/08\/cropped-longchang-logo.png\",\"width\":512,\"height\":512,\"caption\":\"Longchang Chemical\"},\"image\":{\"@id\":\"https:\/\/longchangchemical.com\/#\/schema\/logo\/image\/\"}}]}<\/script>\n<!-- \/ Yoast SEO plugin. -->","yoast_head_json":{"title":"LA-D5410 Polyether modified polydimethyl siloxane Coating | Longchang Chemical","description":"LA-D5410 Polyether modified polydimethyl siloxane Coating Additive is a coating additive for coatings, inks and specialty surface modification. Key","robots":{"index":"index","follow":"follow","max-snippet":"max-snippet:-1","max-image-preview":"max-image-preview:large","max-video-preview":"max-video-preview:-1"},"canonical":"https:\/\/longchangchemical.com\/it\/product\/agesin-la-d5410\/","og_locale":"it_IT","og_type":"article","og_title":"LA-D5410 Polyether modified polydimethyl siloxane Coating | Longchang Chemical","og_description":"LA-D5410 Polyether modified polydimethyl siloxane Coating Additive is a coating additive for coatings, inks and specialty surface modification. Key","og_url":"https:\/\/longchangchemical.com\/it\/product\/agesin-la-d5410\/","og_site_name":"Longchang Chemical","article_modified_time":"2026-05-08T02:59:49+00:00","og_image":[{"width":800,"height":800,"url":"https:\/\/longchangchemical.com\/wp-content\/uploads\/2022\/12\/-LA-D5410.jpg","type":"image\/jpeg"}],"twitter_card":"summary_large_image","schema":{"@context":"https:\/\/schema.org","@graph":[{"@type":"WebPage","@id":"https:\/\/longchangchemical.com\/product\/agesin-la-d5410\/","url":"https:\/\/longchangchemical.com\/product\/agesin-la-d5410\/","name":"LA-D5410 Polyether modified polydimethyl siloxane Coating | Longchang Chemical","isPartOf":{"@id":"https:\/\/longchangchemical.com\/#website"},"primaryImageOfPage":{"@id":"https:\/\/longchangchemical.com\/product\/agesin-la-d5410\/#primaryimage"},"image":{"@id":"https:\/\/longchangchemical.com\/product\/agesin-la-d5410\/#primaryimage"},"thumbnailUrl":"https:\/\/longchangchemical.com\/wp-content\/uploads\/2022\/12\/-LA-D5410.jpg","datePublished":"2022-12-12T13:43:16+00:00","dateModified":"2026-05-08T02:59:49+00:00","description":"LA-D5410 Polyether modified polydimethyl siloxane Coating Additive is a coating additive for coatings, inks and specialty surface modification. Key","breadcrumb":{"@id":"https:\/\/longchangchemical.com\/product\/agesin-la-d5410\/#breadcrumb"},"inLanguage":"it-IT","potentialAction":[{"@type":"ReadAction","target":["https:\/\/longchangchemical.com\/product\/agesin-la-d5410\/"]}]},{"@type":"ImageObject","inLanguage":"it-IT","@id":"https:\/\/longchangchemical.com\/product\/agesin-la-d5410\/#primaryimage","url":"https:\/\/longchangchemical.com\/wp-content\/uploads\/2022\/12\/-LA-D5410.jpg","contentUrl":"https:\/\/longchangchemical.com\/wp-content\/uploads\/2022\/12\/-LA-D5410.jpg","width":800,"height":800,"caption":"LA-D5410 \/ Polyether modified polydimethyl siloxane"},{"@type":"BreadcrumbList","@id":"https:\/\/longchangchemical.com\/product\/agesin-la-d5410\/#breadcrumb","itemListElement":[{"@type":"ListItem","position":1,"name":"Home","item":"https:\/\/longchangchemical.com\/"},{"@type":"ListItem","position":2,"name":"Products Longchang","item":"https:\/\/longchangchemical.com\/product\/"},{"@type":"ListItem","position":3,"name":"CHLUMICRYL\u00ae LA-D5410 \/ Polyether modified polydimethyl siloxane"}]},{"@type":"WebSite","@id":"https:\/\/longchangchemical.com\/#website","url":"https:\/\/longchangchemical.com\/","name":"Longchang Chemical","description":"Cina produttore di prodotti chimici \uff06 fornitore","publisher":{"@id":"https:\/\/longchangchemical.com\/#organization"},"potentialAction":[{"@type":"SearchAction","target":{"@type":"EntryPoint","urlTemplate":"https:\/\/longchangchemical.com\/?s={search_term_string}"},"query-input":{"@type":"PropertyValueSpecification","valueRequired":true,"valueName":"search_term_string"}}],"inLanguage":"it-IT"},{"@type":"Organization","@id":"https:\/\/longchangchemical.com\/#organization","name":"Longchang Chemical","url":"https:\/\/longchangchemical.com\/","logo":{"@type":"ImageObject","inLanguage":"it-IT","@id":"https:\/\/longchangchemical.com\/#\/schema\/logo\/image\/","url":"https:\/\/longchangchemical.com\/wp-content\/uploads\/2020\/08\/cropped-longchang-logo.png","contentUrl":"https:\/\/longchangchemical.com\/wp-content\/uploads\/2020\/08\/cropped-longchang-logo.png","width":512,"height":512,"caption":"Longchang Chemical"},"image":{"@id":"https:\/\/longchangchemical.com\/#\/schema\/logo\/image\/"}}]}},"_links":{"self":[{"href":"https:\/\/longchangchemical.com\/it\/wp-json\/wp\/v2\/product\/5783","targetHints":{"allow":["GET"]}}],"collection":[{"href":"https:\/\/longchangchemical.com\/it\/wp-json\/wp\/v2\/product"}],"about":[{"href":"https:\/\/longchangchemical.com\/it\/wp-json\/wp\/v2\/types\/product"}],"replies":[{"embeddable":true,"href":"https:\/\/longchangchemical.com\/it\/wp-json\/wp\/v2\/comments?post=5783"}],"wp:featuredmedia":[{"embeddable":true,"href":"https:\/\/longchangchemical.com\/it\/wp-json\/wp\/v2\/media\/5914"}],"wp:attachment":[{"href":"https:\/\/longchangchemical.com\/it\/wp-json\/wp\/v2\/media?parent=5783"}],"wp:term":[{"taxonomy":"product_brand","embeddable":true,"href":"https:\/\/longchangchemical.com\/it\/wp-json\/wp\/v2\/product_brand?post=5783"},{"taxonomy":"product_cat","embeddable":true,"href":"https:\/\/longchangchemical.com\/it\/wp-json\/wp\/v2\/product_cat?post=5783"},{"taxonomy":"product_tag","embeddable":true,"href":"https:\/\/longchangchemical.com\/it\/wp-json\/wp\/v2\/product_tag?post=5783"}],"curies":[{"name":"wp","href":"https:\/\/api.w.org\/{rel}","templated":true}]}}