{"id":5773,"date":"2022-12-05T13:21:28","date_gmt":"2022-12-05T13:21:28","guid":{"rendered":"https:\/\/longchangchemical.com\/?post_type=product&#038;p=5773"},"modified":"2025-12-15T07:21:54","modified_gmt":"2025-12-15T07:21:54","slug":"chlumiflex-pg-cas-57-55-6","status":"publish","type":"product","link":"https:\/\/longchangchemical.com\/it\/product\/chlumiflex-pg-cas-57-55-6\/","title":{"rendered":"CHLUMIFLEX\u00ae PG \/ 1,2-Propandiolo \/ Glicole propilenico CAS 57-55-6"},"content":{"rendered":"<h2><strong>Glicole propilenico alimentare<\/strong><\/h2>\n<h3><strong>Grado alimentare Ambito di applicazione<\/strong><\/h3>\n<p>1. pu\u00f2 essere utilizzato come solvente per aromi e profumi, spezie e coloranti alimentari, ammorbidente per imballaggi alimentari, antiadesivo alimentare, umettante per il tabacco, agente antimuffa, conservante per la maturazione della frutta, antigelo e mezzo di trasferimento del calore, emulsionante, ecc.<\/p>\n<p>2. utilizzato anche come solvente per l'inchiostro per la marcatura degli alimenti per l'olio lubrificante delle apparecchiature di lavorazione degli alimenti.<\/p>\n<p>3. pu\u00f2 essere utilizzato come agente idratante nell'industria chimica quotidiana in generale, ecc.<\/p>\n<p>&nbsp;<\/p>\n<h3><strong>Caratteristiche del prodotto di grado alimentare<\/strong><\/h3>\n<p>1. Il contenuto di glicole propilenico raggiunge pi\u00f9 del 99,5%, con meno picchi di impurit\u00e0, il processo di utilizzo pu\u00f2 escludere altre reazioni collaterali fornendo cos\u00ec una maggiore stabilit\u00e0, sufficiente a soddisfare le varie esigenze dei clienti, ed \u00e8 stato ampiamente apprezzato dai clienti.<\/p>\n<p>2. utilizzo del gascromatografo per l'analisi dei campioni per garantire l'accuratezza della qualit\u00e0 del prodotto.<\/p>\n<p>3. L'additivo alimentare glicole propilenico ha una migliore igroscopicit\u00e0 e propriet\u00e0 antigelo.<\/p>\n<p>&nbsp;<\/p>\n<p>&nbsp;<\/p>\n<h2><strong>Glicole propilenico di grado eccipiente farmaceutico<\/strong><\/h2>\n<h3><strong>Grado farmaceutico Ambito di applicazione<\/strong><\/h3>\n<p>1. Questo prodotto pu\u00f2 essere utilizzato come vettore di farmaci per uso umano, agente per l'uso di farmaci in granuli, idratante, ammorbidente, solvente.<\/p>\n<p>2. Pu\u00f2 essere utilizzato anche come solvente nel campo della medicina veterinaria e dei pesticidi.<\/p>\n<p>3. pu\u00f2 essere applicato nell'industria del tabacco come aroma di tabacco, umettante e conservante.<\/p>\n<p>4. pu\u00f2 essere utilizzato come agente idratante nell'industria chimica quotidiana, ecc.<\/p>\n<p>&nbsp;<\/p>\n<h3><strong>Grado farmaceutico Caratteristiche del prodotto<\/strong><\/h3>\n<p>1. La nostra azienda ha apportato importanti miglioramenti tecnici, il contenuto di glicole propilenico \u00e8 superiore al 99,8%, con meno impurit\u00e0, in modo che altre reazioni collaterali possano essere escluse nel processo di utilizzo per fornire una maggiore stabilit\u00e0.<\/p>\n<p>2. Il gascromatografo importato di fascia alta viene utilizzato per il test dei campioni per garantire l'accuratezza dell'indice del prodotto.<\/p>\n<p>3. Ha un migliore assorbimento dell'umidit\u00e0 e una propriet\u00e0 antigelo.<\/p>\n<p>&nbsp;<\/p>\n<h2><strong>Glicole propilenico di grado industriale<\/strong><\/h2>\n<h3><strong>Grado industriale Campo di applicazione<\/strong><\/h3>\n<p>1. per la produzione di resine insature, polioli polieteri, resine epossidiche, ecc.<\/p>\n<p>2. utilizzato nella sintesi organica, come solvente, agente disidratante e fissativo per la gascromatografia, emulsionante sintetico, rompitore di emulsioni, ecc.<\/p>\n<p>3. Agisce come intermedio chimico per il fungicida fenometossazolo.<\/p>\n<p>4. utilizzato nel cellophane, nei plastificanti e nell'industria farmaceutica.<\/p>\n<p>5. la soluzione acquosa di glicole propilenico \u00e8 un efficace agente antigelo.<\/p>\n<p>&nbsp;<\/p>\n<h3><strong>Grado industriale Caratteristiche del prodotto<\/strong><\/h3>\n<p>Il contenuto di glicole propilenico di grado industriale raggiunge oltre il 99,5%, con una qualit\u00e0 stabile del prodotto e un'elevata velocit\u00e0 di avviamento, in grado di soddisfare le diverse esigenze dei clienti, che lo hanno ampiamente apprezzato.<\/p>\n<h2><strong>Imballaggio e trasporto<\/strong><\/h2>\n<p>Imballati in fusti di ferro zincato o in fusti di plastica, le specifiche possono essere 25 kg, 200 kg, 215 kg.<\/p>\n<p>Pu\u00f2 essere confezionato in lattine ISO TANK, in sacchetti per liquidi o secondo le esigenze dei clienti.<\/p>\n<p>&nbsp;<\/p>\n<h2><strong>Conservazione sicura<\/strong><\/h2>\n<p>Conservare in un magazzino fresco e ventilato, la temperatura non deve superare i 37\u2103 e l'umidit\u00e0 relativa deve essere controllata al di sotto di 60%.<\/p>\n<p>Deve essere conservato separatamente da agenti ossidanti, riducenti, acidi, ecc. Non mescolare mai lo stoccaggio e mantenere il contenitore sigillato.<\/p>\n<p>Tenere lontano da fiamme e fonti di calore. Vietare l'uso di macchinari e strumenti a rischio di scintille.<\/p>\n<p>L'area di stoccaggio deve essere dotata di attrezzature per il trattamento di emergenza delle perdite. Lo strato inferiore deve essere imbottito durante lo stoccaggio e l'altezza di pallettizzazione non deve superare i 2 metri.<\/p>\n<p>&nbsp;<\/p>\n<h2><strong><b>dove acquistare il glicole propilenico? <\/b><\/strong><strong><b>Contattateci ora!<\/b><\/strong><\/h2>\n<h4><strong><b>Se avete bisogno di COA, MSDS o TDS, inserite i vostri dati di contatto nel modulo sottostante; di solito vi contatteremo entro 24 ore.<\/b><\/strong> Potete anche inviarmi un'e-mail <a href=\"mailto:info@longchangchemical.com\"><span style=\"color: #0000ff;\">info@longchangchemical.com<\/span><\/a> durante l'orario di lavoro (dalle 8:30 alle 18:00 UTC+8 lun.-sab.) o utilizzare la live chat del sito web per ottenere una risposta immediata.<\/h4>","protected":false},"excerpt":{"rendered":"<p>Glicole propilenico alimentare Campo di applicazione 1. pu\u00f2 essere utilizzato come solvente per sapore e fragranza, spezie e coloranti alimentari, ammorbidente per imballaggi alimentari, antiadesivo alimentare, umettante per il tabacco, agente antimuffa, conservante per la maturazione della frutta, antigelo e mezzo di trasferimento di calore, emulsionante, ecc. 2. utilizzato anche come solvente per l'inchiostro per la marcatura degli alimenti per l'olio lubrificante di [...]<\/p>","protected":false},"featured_media":5774,"comment_status":"open","ping_status":"closed","template":"","meta":[],"product_brand":[],"product_cat":[111],"product_tag":[],"class_list":{"0":"post-5773","1":"product","2":"type-product","3":"status-publish","4":"has-post-thumbnail","6":"product_cat-plasticizer","8":"first","9":"instock","10":"shipping-taxable","11":"product-type-simple"},"yoast_head":"<!-- This site is optimized with the Yoast SEO plugin v25.3.1 - https:\/\/yoast.com\/wordpress\/plugins\/seo\/ -->\n<title>China 1,2-Propanediol Manufacturer \/ Propylene glycol Manufacturer | 57-55-6 - Longchang Chemical<\/title>\n<meta name=\"description\" content=\"Lcflex\u00ae PG can be used as 1,2-Propanediol, Propylene glycol, is the key product of Longchang Chemical. We are the leading Propylene glycol manufacturer and supplier in China with the best quanlity and competitive price.\" \/>\n<meta name=\"robots\" content=\"index, follow, max-snippet:-1, max-image-preview:large, max-video-preview:-1\" \/>\n<link rel=\"canonical\" href=\"https:\/\/longchangchemical.com\/it\/product\/chlumiflex-pg-cas-57-55-6\/\" \/>\n<meta property=\"og:locale\" content=\"it_IT\" \/>\n<meta property=\"og:type\" content=\"article\" \/>\n<meta property=\"og:title\" content=\"China 1,2-Propanediol Manufacturer \/ Propylene glycol Manufacturer | 57-55-6 - Longchang Chemical\" \/>\n<meta property=\"og:description\" content=\"Lcflex\u00ae PG can be used as 1,2-Propanediol, Propylene glycol, is the key product of Longchang Chemical. We are the leading Propylene glycol manufacturer and supplier in China with the best quanlity and competitive price.\" \/>\n<meta property=\"og:url\" content=\"https:\/\/longchangchemical.com\/it\/product\/chlumiflex-pg-cas-57-55-6\/\" \/>\n<meta property=\"og:site_name\" content=\"Longchang Chemical\" \/>\n<meta property=\"article:modified_time\" content=\"2025-12-15T07:21:54+00:00\" \/>\n<meta property=\"og:image\" content=\"https:\/\/longchangchemical.com\/wp-content\/uploads\/2022\/12\/Propylene-glycol-manufactured.png\" \/>\n\t<meta property=\"og:image:width\" content=\"504\" \/>\n\t<meta property=\"og:image:height\" content=\"483\" \/>\n\t<meta property=\"og:image:type\" content=\"image\/png\" \/>\n<meta name=\"twitter:card\" content=\"summary_large_image\" \/>\n<script type=\"application\/ld+json\" class=\"yoast-schema-graph\">{\"@context\":\"https:\/\/schema.org\",\"@graph\":[{\"@type\":\"WebPage\",\"@id\":\"https:\/\/longchangchemical.com\/product\/chlumiflex-pg-cas-57-55-6\/\",\"url\":\"https:\/\/longchangchemical.com\/product\/chlumiflex-pg-cas-57-55-6\/\",\"name\":\"China 1,2-Propanediol Manufacturer \/ Propylene glycol Manufacturer | 57-55-6 - Longchang Chemical\",\"isPartOf\":{\"@id\":\"https:\/\/longchangchemical.com\/#website\"},\"primaryImageOfPage\":{\"@id\":\"https:\/\/longchangchemical.com\/product\/chlumiflex-pg-cas-57-55-6\/#primaryimage\"},\"image\":{\"@id\":\"https:\/\/longchangchemical.com\/product\/chlumiflex-pg-cas-57-55-6\/#primaryimage\"},\"thumbnailUrl\":\"https:\/\/longchangchemical.com\/wp-content\/uploads\/2022\/12\/Propylene-glycol-manufactured.png\",\"datePublished\":\"2022-12-05T13:21:28+00:00\",\"dateModified\":\"2025-12-15T07:21:54+00:00\",\"description\":\"Lcflex\u00ae PG can be used as 1,2-Propanediol, Propylene glycol, is the key product of Longchang Chemical. We are the leading Propylene glycol manufacturer and supplier in China with the best quanlity and competitive price.\",\"breadcrumb\":{\"@id\":\"https:\/\/longchangchemical.com\/product\/chlumiflex-pg-cas-57-55-6\/#breadcrumb\"},\"inLanguage\":\"it-IT\",\"potentialAction\":[{\"@type\":\"ReadAction\",\"target\":[\"https:\/\/longchangchemical.com\/product\/chlumiflex-pg-cas-57-55-6\/\"]}]},{\"@type\":\"ImageObject\",\"inLanguage\":\"it-IT\",\"@id\":\"https:\/\/longchangchemical.com\/product\/chlumiflex-pg-cas-57-55-6\/#primaryimage\",\"url\":\"https:\/\/longchangchemical.com\/wp-content\/uploads\/2022\/12\/Propylene-glycol-manufactured.png\",\"contentUrl\":\"https:\/\/longchangchemical.com\/wp-content\/uploads\/2022\/12\/Propylene-glycol-manufactured.png\",\"width\":504,\"height\":483},{\"@type\":\"BreadcrumbList\",\"@id\":\"https:\/\/longchangchemical.com\/product\/chlumiflex-pg-cas-57-55-6\/#breadcrumb\",\"itemListElement\":[{\"@type\":\"ListItem\",\"position\":1,\"name\":\"Home\",\"item\":\"https:\/\/longchangchemical.com\/\"},{\"@type\":\"ListItem\",\"position\":2,\"name\":\"Products Longchang\",\"item\":\"https:\/\/longchangchemical.com\/product\/\"},{\"@type\":\"ListItem\",\"position\":3,\"name\":\"CHLUMIFLEX\u00ae PG \/ 1,2-Propanediol \/ Propylene glycol CAS 57-55-6\"}]},{\"@type\":\"WebSite\",\"@id\":\"https:\/\/longchangchemical.com\/#website\",\"url\":\"https:\/\/longchangchemical.com\/\",\"name\":\"Longchang Chemical\",\"description\":\"China chemical manufacturer \uff06 supplier\",\"publisher\":{\"@id\":\"https:\/\/longchangchemical.com\/#organization\"},\"potentialAction\":[{\"@type\":\"SearchAction\",\"target\":{\"@type\":\"EntryPoint\",\"urlTemplate\":\"https:\/\/longchangchemical.com\/?s={search_term_string}\"},\"query-input\":{\"@type\":\"PropertyValueSpecification\",\"valueRequired\":true,\"valueName\":\"search_term_string\"}}],\"inLanguage\":\"it-IT\"},{\"@type\":\"Organization\",\"@id\":\"https:\/\/longchangchemical.com\/#organization\",\"name\":\"Longchang Chemical\",\"url\":\"https:\/\/longchangchemical.com\/\",\"logo\":{\"@type\":\"ImageObject\",\"inLanguage\":\"it-IT\",\"@id\":\"https:\/\/longchangchemical.com\/#\/schema\/logo\/image\/\",\"url\":\"https:\/\/longchangchemical.com\/wp-content\/uploads\/2020\/08\/cropped-longchang-logo.png\",\"contentUrl\":\"https:\/\/longchangchemical.com\/wp-content\/uploads\/2020\/08\/cropped-longchang-logo.png\",\"width\":512,\"height\":512,\"caption\":\"Longchang Chemical\"},\"image\":{\"@id\":\"https:\/\/longchangchemical.com\/#\/schema\/logo\/image\/\"}}]}<\/script>\n<!-- \/ Yoast SEO plugin. -->","yoast_head_json":{"title":"Cina 1,2-Propandiolo Produttore \/ Glicole propilenico Produttore | 57-55-6 - Longchang Chemical","description":"Lcflex\u00ae PG pu\u00f2 essere utilizzato come 1,2-Propandiolo, glicole propilenico, \u00e8 il prodotto chiave di Longchang Chemical. Siamo il principale produttore e fornitore di glicole propilenico in Cina con la migliore quantit\u00e0 e il prezzo competitivo.","robots":{"index":"index","follow":"follow","max-snippet":"max-snippet:-1","max-image-preview":"max-image-preview:large","max-video-preview":"max-video-preview:-1"},"canonical":"https:\/\/longchangchemical.com\/it\/product\/chlumiflex-pg-cas-57-55-6\/","og_locale":"it_IT","og_type":"article","og_title":"China 1,2-Propanediol Manufacturer \/ Propylene glycol Manufacturer | 57-55-6 - Longchang Chemical","og_description":"Lcflex\u00ae PG can be used as 1,2-Propanediol, Propylene glycol, is the key product of Longchang Chemical. We are the leading Propylene glycol manufacturer and supplier in China with the best quanlity and competitive price.","og_url":"https:\/\/longchangchemical.com\/it\/product\/chlumiflex-pg-cas-57-55-6\/","og_site_name":"Longchang Chemical","article_modified_time":"2025-12-15T07:21:54+00:00","og_image":[{"width":504,"height":483,"url":"https:\/\/longchangchemical.com\/wp-content\/uploads\/2022\/12\/Propylene-glycol-manufactured.png","type":"image\/png"}],"twitter_card":"summary_large_image","schema":{"@context":"https:\/\/schema.org","@graph":[{"@type":"WebPage","@id":"https:\/\/longchangchemical.com\/product\/chlumiflex-pg-cas-57-55-6\/","url":"https:\/\/longchangchemical.com\/product\/chlumiflex-pg-cas-57-55-6\/","name":"Cina 1,2-Propandiolo Produttore \/ Glicole propilenico Produttore | 57-55-6 - Longchang Chemical","isPartOf":{"@id":"https:\/\/longchangchemical.com\/#website"},"primaryImageOfPage":{"@id":"https:\/\/longchangchemical.com\/product\/chlumiflex-pg-cas-57-55-6\/#primaryimage"},"image":{"@id":"https:\/\/longchangchemical.com\/product\/chlumiflex-pg-cas-57-55-6\/#primaryimage"},"thumbnailUrl":"https:\/\/longchangchemical.com\/wp-content\/uploads\/2022\/12\/Propylene-glycol-manufactured.png","datePublished":"2022-12-05T13:21:28+00:00","dateModified":"2025-12-15T07:21:54+00:00","description":"Lcflex\u00ae PG pu\u00f2 essere utilizzato come 1,2-Propandiolo, glicole propilenico, \u00e8 il prodotto chiave di Longchang Chemical. Siamo il principale produttore e fornitore di glicole propilenico in Cina con la migliore quantit\u00e0 e il prezzo competitivo.","breadcrumb":{"@id":"https:\/\/longchangchemical.com\/product\/chlumiflex-pg-cas-57-55-6\/#breadcrumb"},"inLanguage":"it-IT","potentialAction":[{"@type":"ReadAction","target":["https:\/\/longchangchemical.com\/product\/chlumiflex-pg-cas-57-55-6\/"]}]},{"@type":"ImageObject","inLanguage":"it-IT","@id":"https:\/\/longchangchemical.com\/product\/chlumiflex-pg-cas-57-55-6\/#primaryimage","url":"https:\/\/longchangchemical.com\/wp-content\/uploads\/2022\/12\/Propylene-glycol-manufactured.png","contentUrl":"https:\/\/longchangchemical.com\/wp-content\/uploads\/2022\/12\/Propylene-glycol-manufactured.png","width":504,"height":483},{"@type":"BreadcrumbList","@id":"https:\/\/longchangchemical.com\/product\/chlumiflex-pg-cas-57-55-6\/#breadcrumb","itemListElement":[{"@type":"ListItem","position":1,"name":"Home","item":"https:\/\/longchangchemical.com\/"},{"@type":"ListItem","position":2,"name":"Products Longchang","item":"https:\/\/longchangchemical.com\/product\/"},{"@type":"ListItem","position":3,"name":"CHLUMIFLEX\u00ae PG \/ 1,2-Propanediol \/ Propylene glycol CAS 57-55-6"}]},{"@type":"WebSite","@id":"https:\/\/longchangchemical.com\/#website","url":"https:\/\/longchangchemical.com\/","name":"Longchang Chemical","description":"Cina produttore di prodotti chimici \uff06 fornitore","publisher":{"@id":"https:\/\/longchangchemical.com\/#organization"},"potentialAction":[{"@type":"SearchAction","target":{"@type":"EntryPoint","urlTemplate":"https:\/\/longchangchemical.com\/?s={search_term_string}"},"query-input":{"@type":"PropertyValueSpecification","valueRequired":true,"valueName":"search_term_string"}}],"inLanguage":"it-IT"},{"@type":"Organization","@id":"https:\/\/longchangchemical.com\/#organization","name":"Longchang Chemical","url":"https:\/\/longchangchemical.com\/","logo":{"@type":"ImageObject","inLanguage":"it-IT","@id":"https:\/\/longchangchemical.com\/#\/schema\/logo\/image\/","url":"https:\/\/longchangchemical.com\/wp-content\/uploads\/2020\/08\/cropped-longchang-logo.png","contentUrl":"https:\/\/longchangchemical.com\/wp-content\/uploads\/2020\/08\/cropped-longchang-logo.png","width":512,"height":512,"caption":"Longchang Chemical"},"image":{"@id":"https:\/\/longchangchemical.com\/#\/schema\/logo\/image\/"}}]}},"_links":{"self":[{"href":"https:\/\/longchangchemical.com\/it\/wp-json\/wp\/v2\/product\/5773","targetHints":{"allow":["GET"]}}],"collection":[{"href":"https:\/\/longchangchemical.com\/it\/wp-json\/wp\/v2\/product"}],"about":[{"href":"https:\/\/longchangchemical.com\/it\/wp-json\/wp\/v2\/types\/product"}],"replies":[{"embeddable":true,"href":"https:\/\/longchangchemical.com\/it\/wp-json\/wp\/v2\/comments?post=5773"}],"wp:featuredmedia":[{"embeddable":true,"href":"https:\/\/longchangchemical.com\/it\/wp-json\/wp\/v2\/media\/5774"}],"wp:attachment":[{"href":"https:\/\/longchangchemical.com\/it\/wp-json\/wp\/v2\/media?parent=5773"}],"wp:term":[{"taxonomy":"product_brand","embeddable":true,"href":"https:\/\/longchangchemical.com\/it\/wp-json\/wp\/v2\/product_brand?post=5773"},{"taxonomy":"product_cat","embeddable":true,"href":"https:\/\/longchangchemical.com\/it\/wp-json\/wp\/v2\/product_cat?post=5773"},{"taxonomy":"product_tag","embeddable":true,"href":"https:\/\/longchangchemical.com\/it\/wp-json\/wp\/v2\/product_tag?post=5773"}],"curies":[{"name":"wp","href":"https:\/\/api.w.org\/{rel}","templated":true}]}}