{"id":5767,"date":"2022-12-02T07:59:12","date_gmt":"2022-12-02T07:59:12","guid":{"rendered":"https:\/\/longchangchemical.com\/?post_type=product&#038;p=5767"},"modified":"2026-05-08T02:59:49","modified_gmt":"2026-05-08T02:59:49","slug":"synocat-pmdeta-cas-3030-47-5","status":"publish","type":"product","link":"https:\/\/longchangchemical.com\/it\/product\/synocat-pmdeta-cas-3030-47-5\/","title":{"rendered":"PMDETA(PC-5) \/ PMDTA \/ Pentametildietilentriammina \/ Polycat 5 CAS 3030-47-5"},"content":{"rendered":"<div class=\"stm-products-catalog\">\n<div class=\"container\">\n<div class=\"row\">\n<div class=\"col-md-12 man_main_sidebar\">\n<div class=\"content-area\">\n<div id=\"product-3718\" class=\"product type-product post-3718 status-publish first instock product_cat-polyurethane-catalyst has-post-thumbnail shipping-taxable product-type-simple\">\n<div class=\"woocommerce-tabs wc-tabs-wrapper\">\n<div id=\"tab-description\" class=\"woocommerce-Tabs-panel woocommerce-Tabs-panel--description panel entry-content wc-tab\" role=\"tabpanel\" aria-labelledby=\"tab-title-description\">\n<div class=\"row\">\n<div class=\"col-md-6\">\n<h2><strong>PMDETA(PC-5) \/ PMDTA \/ Pentametildietilentriammina \/ Polycat 5 CAS 3030-47-5<\/strong><\/h2>\n<table>\n<tbody>\n<tr>\n<td width=\"324\">Articolo<\/td>\n<td width=\"322\">Standard<\/td>\n<\/tr>\n<tr>\n<td width=\"324\">Aspetto<\/td>\n<td width=\"322\">Liquido trasparente da incolore a giallo chiaro<\/td>\n<\/tr>\n<tr>\n<td width=\"324\">Test<\/td>\n<td width=\"322\">\u226598.0%<\/td>\n<\/tr>\n<tr>\n<td width=\"324\">Umidit\u00e0<\/td>\n<td width=\"322\">\u22640,5%<\/td>\n<\/tr>\n<\/tbody>\n<\/table>\n<p><strong>Imballaggio<\/strong>:170 kg\/tamburo<\/p>\n<p><strong>Applicazione:<\/strong><\/p>\n<p>1. Utilizzato come catalizzatore altamente efficiente per le schiume poliuretaniche, utilizzato anche come sintesi di erbicidi e insetticidi.<\/p>\n<p>2. PMDETA (Pentametildietilentriammina) \u00e8 un liquido trasparente da incolore a giallo chiaro, facilmente solubile in acqua. \u00c8 un catalizzatore altamente attivo per la reazione del poliuretano. Catalizza principalmente la reazione di schiumatura e viene utilizzato anche per bilanciare la schiumatura e la gelificazione complessive. Reazione, ampiamente utilizzata in tutti i tipi di schiuma rigida di poliuretano, compresa la schiuma rigida del pannello di poliisocianurato.<\/p>\n<p><strong><b>Stoccaggio:<\/b><\/strong><\/p>\n<p>Conservati in magazzini asciutti e puliti con una buona ventilazione.<\/p>\n<p>Evitare l'esposizione alla luce e al riscaldamento per prevenire l'ossidazione.<\/p>\n<p>Proteggere il prodotto da perdite, pioggia e insolazione durante il trasporto.<\/p>\n<\/div>\n<div class=\"col-md-6\"><\/div>\n<\/div>\n<\/div>\n<\/div>\n<\/div>\n<\/div>\n<\/div>\n<\/div>\n<\/div>\n<\/div>\n<div class=\"nav-box man_nav_previous man_image_bck col-md-6\" data-image=\"https:\/\/longchangchemical.com\/wp-content\/uploads\/2021\/08\/DMDEE-768x768.jpg\" data-color=\"#292929\">\n<h2><strong>Contattateci ora!<\/strong><\/h2>\n<p><strong>Se avete bisogno di Price, inserite i vostri dati di contatto nel modulo sottostante; di solito vi contatteremo entro 24 ore. Potete anche inviarmi un'e-mail <span style=\"color: #0000ff;\"><a style=\"color: #0000ff;\" href=\"mailto:info@longchangchemical.com\">info@longchangchemical.com<\/a><\/span> durante l'orario di lavoro (dalle 8:30 alle 18:00 UTC+8 lun.-sab.) o utilizzare la live chat del sito web per ottenere una risposta immediata.<\/strong><\/p>\n<p>&nbsp;<\/p>\n<\/div>\n<p><!--more--><\/p>\n<div data-image=\"https:\/\/longchangchemical.com\/wp-content\/uploads\/2021\/08\/DMDEE-768x768.jpg\" data-color=\"#292929\">\n<p>Schiuma flessibile in poliuretano Problemi e soluzioni comuni<\/p>\n<p>1, alto tasso di chiusura<br \/>\n(1) Poliolo polietere: alta percentuale di ossido di etilene, alta attivit\u00e0, pi\u00f9 presente nella sostituzione di diverse attivit\u00e0 del poliolo polietere.<br \/>\n(2) Formula tecnologica: il dosaggio di ottanoato stannoso \u00e8 elevato, l'attivit\u00e0 dell'isocianato \u00e8 alta, il grado di reticolazione \u00e8 elevato, la velocit\u00e0 di reticolazione \u00e8 veloce, troppa ammina e agente soffiante fisico causano una bassa pressione interna della schiuma, l'elasticit\u00e0 della schiuma non pu\u00f2 essere aperta quando la schiuma \u00e8 grande, l'indice TDI \u00e8 troppo grande, porter\u00e0 anche ad un alto tasso di chiusura dei fori.<br \/>\n2, restringimento (la velocit\u00e0 del gel \u00e8 maggiore della velocit\u00e0 di schiumatura)<br \/>\n(1) Alto tasso di occlusione, restringimento durante il raffreddamento.<br \/>\n(2) condizioni di processo: bassa temperatura, bassa temperatura del materiale; (3) condizioni di processo: bassa temperatura, bassa temperatura del materiale; (4) condizioni di processo: bassa temperatura, bassa temperatura del materiale; (5) condizioni di processo: bassa temperatura, bassa temperatura del materiale.<br \/>\n(3) Formula di processo: eccesso di olio di silicone, eccesso di agente espandente fisico, indice TDI troppo basso.<br \/>\n3, crepa interna<br \/>\n(1) Condizioni di processo: bassa temperatura, alta temperatura del centro di reazione; (2) Formulazione del processo: troppo olio di silicone, troppo agente espandente fisico, indice TDI troppo basso.<br \/>\n(2) Formula tecnologica: basso indice di TDI, pi\u00f9 stagno, elevata forza di schiumatura precoce.<br \/>\n(3) Alta attivit\u00e0 dell'olio di silicone, basso dosaggio.<br \/>\n4, crepa superiore (squilibrio della velocit\u00e0 del gel per capelli)<br \/>\n(1) condizioni di processo: bassa temperatura, bassa temperatura del materiale; (2) condizioni di processo: bassa temperatura, bassa temperatura del materiale; (3) alta attivit\u00e0 dell'olio di silicone, basso dosaggio.<br \/>\n(2) Formula di processo: quantit\u00e0 insufficiente di catalizzatore, bassa quantit\u00e0 di ammina, scarsa qualit\u00e0 dell'olio di silicone.<br \/>\n5, crepa nell'angolo inferiore (troppa ammina, schiumatura troppo rapida)<br \/>\nGrandi fori sulla superficie: la quantit\u00e0 di agente soffiante fisico \u00e8 eccessiva, la qualit\u00e0 dell'olio di silicone e del catalizzatore \u00e8 scarsa.<br \/>\n6. Scarsa prestazione della schiuma a bassa temperatura<br \/>\nScarsa qualit\u00e0 intrinseca del poliolo polietere, stesso valore idrossilico, bassa funzionalit\u00e0, alto grado di insaturazione, stessa quantit\u00e0 di stagno, basso indice TDI.<br \/>\n7, scarsa ventilazione<br \/>\n(1) Condizioni climatiche: basse temperature.<br \/>\n(2) Materie prime: poliolo polietere ad alta attivit\u00e0, olio di silicone ad alta attivit\u00e0.<br \/>\n(3) Formula di processo: pi\u00f9 stagno, o stagno con la stessa quantit\u00e0 di acqua e il contenuto di ammina \u00e8 minore, l'indice TDI \u00e8 elevato.<br \/>\n8, scarsa elasticit\u00e0<br \/>\n(1) materie prime: l'attivit\u00e0 del poliolo polietere \u00e8 elevata, la massa molecolare relativa \u00e8 piccola, l'attivit\u00e0 dell'olio di silicone \u00e8 elevata; (2) formulazione del processo: pi\u00f9 stagno o dosaggio di stagno della stessa quantit\u00e0 di acqua e contenuto di ammina \u00e8 ridotto, l'indice TDI \u00e8 elevato.<br \/>\n(2) formula di processo: grande quantit\u00e0 di olio di silicone, pi\u00f9 stagno, pi\u00f9 acqua nella stessa quantit\u00e0 di stagno, indice TDI elevato.<br \/>\n9, scarsa resistenza alla trazione<br \/>\n(1) materie prime: poliolo polietere a basso peso molecolare, con valore idrossilico di bassa funzionalit\u00e0.<br \/>\n(2) formula di processo: la reazione dello stagno al gel non \u00e8 buona, a parit\u00e0 di quantit\u00e0 di stagno, l'indice TDI \u00e8 alto, il grado di reticolazione dell'acqua \u00e8 basso.<br \/>\n10, Fumo durante la schiumatura<br \/>\nL'eccesso di ammina per promuovere la reazione di acqua e TDI rilascia molto calore, evaporazione di materiali a basso punto di ebollizione e fumo. Se non viene bruciato il cuore, la maggior parte del fumo \u00e8 composta da TDI, sostanze a basso punto di ebollizione e cicloalcani monomeri nel poliolo polietere.<br \/>\n11, schiuma con costola bianca<br \/>\nLa velocit\u00e0 di reazione della schiuma e del gel \u00e8 veloce, mentre la velocit\u00e0 di trasferimento della schiuma continua \u00e8 lenta, l'estrusione locale e la generazione di uno strato denso provocano il fenomeno della costola bianca. La velocit\u00e0 di trasferimento dovrebbe essere migliorata nel tempo, oppure la temperatura del materiale dovrebbe essere abbassata e la quantit\u00e0 di catalizzatore dovrebbe essere ridotta.<br \/>\n12, schiuma croccante<br \/>\nC'\u00e8 pi\u00f9 acqua nella formula, la diurea generata non \u00e8 disciolta nell'olio di silicone, il catalizzatore di stagno \u00e8 usato male, la reazione di reticolazione non \u00e8 sufficiente, il contenuto di poliolo polietere a piccola massa molecolare relativa \u00e8 troppo elevato, la temperatura di reazione \u00e8 troppo alta e la rottura del legame etereo riduce la forza della schiuma.<br \/>\n13, la densit\u00e0 della schiuma \u00e8 inferiore al valore impostato<br \/>\nL'indice di schiumosit\u00e0 \u00e8 eccessivo a causa della misurazione imprecisa, dell'alta temperatura e della bassa pressione dell'aria.<br \/>\n14\u3001 La schiuma ha una cavitazione di fondo, laterale e a gradini.<br \/>\nPi\u00f9 stagno, meno ammina, velocit\u00e0 di schiumatura lenta, velocit\u00e0 del gel veloce, temperatura di banda troppo bassa nella schiumatura continua.<br \/>\n15, il tasso di allungamento \u00e8 grande<br \/>\n(1) Materia prima: poliolo polietere ad alta attivit\u00e0 e piccola funzionalit\u00e0.<br \/>\n(2) formula di processo: L'indice TDI \u00e8 insufficiente per la reticolazione, pi\u00f9 stagno, pi\u00f9 olio di silicone; (2) formula di processo: L'indice TDI \u00e8 insufficiente per la reticolazione, pi\u00f9 stagno, pi\u00f9 olio di silicone.<\/p>\n<\/div>","protected":false},"excerpt":{"rendered":"<p>Nome chimico: Pentametildietilentriammina<\/p>\n<p>N. CAS: 3030-47-5<\/p>\n<p><strong>Nome chimico:<\/strong><strong>\u00a0<\/strong>Pentametildietilentriammina<\/p>\n<p><strong>Sinonimo:<\/strong>Bis(2-dimetilaminoetil)(metil)ammina;N,N,N',N\",N\"-pentametildi-etilentriammina;PMDTA;Polycat 5;Toyocat DT;Kaolizer 3<\/p>\n<p>Formula: C9H23N3<\/p>\n<p>Contenuto:\uff1e98%<\/p>","protected":false},"featured_media":5768,"comment_status":"closed","ping_status":"closed","template":"","meta":[],"product_brand":[],"product_cat":[119],"product_tag":[],"class_list":{"0":"post-5767","1":"product","2":"type-product","3":"status-publish","4":"has-post-thumbnail","6":"product_cat-synocat-polyurethane-catalyst","8":"first","9":"instock","10":"shipping-taxable","11":"product-type-simple"},"yoast_head":"<!-- This site is optimized with the Yoast SEO plugin v25.3.1 - https:\/\/yoast.com\/wordpress\/plugins\/seo\/ -->\n<title>PMDETA ( Pentamethyldiethylenetriamine ) manufacturer Cas 3030-47-5 Supplier - Longchang chemical<\/title>\n<meta name=\"description\" content=\"PMDETA can be used as pu catalyst,aka PMDTA;Polycat 5;Toyocat DT;Kaolizer 3; Bis(2-dimethylaminoethyl)(methyl)amine;N,N,N&#039;,N&quot;,N&quot;-pentamethyldi-ethyleentriamine and is the key product of Longchang Chemical. We are the leading pu catalyst manufacturer and supplier in China with the best quanlity and competitive price.\" \/>\n<meta name=\"robots\" content=\"index, follow, max-snippet:-1, max-image-preview:large, max-video-preview:-1\" \/>\n<link rel=\"canonical\" href=\"https:\/\/longchangchemical.com\/it\/product\/synocat-pmdeta-cas-3030-47-5\/\" \/>\n<meta property=\"og:locale\" content=\"it_IT\" \/>\n<meta property=\"og:type\" content=\"article\" \/>\n<meta property=\"og:title\" content=\"PMDETA ( Pentamethyldiethylenetriamine ) manufacturer Cas 3030-47-5 Supplier - Longchang chemical\" \/>\n<meta property=\"og:description\" content=\"PMDETA can be used as pu catalyst,aka PMDTA;Polycat 5;Toyocat DT;Kaolizer 3; Bis(2-dimethylaminoethyl)(methyl)amine;N,N,N&#039;,N&quot;,N&quot;-pentamethyldi-ethyleentriamine and is the key product of Longchang Chemical. We are the leading pu catalyst manufacturer and supplier in China with the best quanlity and competitive price.\" \/>\n<meta property=\"og:url\" content=\"https:\/\/longchangchemical.com\/it\/product\/synocat-pmdeta-cas-3030-47-5\/\" \/>\n<meta property=\"og:site_name\" content=\"Longchang Chemical\" \/>\n<meta property=\"article:modified_time\" content=\"2026-05-08T02:59:49+00:00\" \/>\n<meta property=\"og:image\" content=\"https:\/\/longchangchemical.com\/wp-content\/uploads\/2022\/12\/PMDETA-PC-5-scaled-1.jpg\" \/>\n\t<meta property=\"og:image:width\" content=\"800\" \/>\n\t<meta property=\"og:image:height\" content=\"800\" \/>\n\t<meta property=\"og:image:type\" content=\"image\/jpeg\" \/>\n<meta name=\"twitter:card\" content=\"summary_large_image\" \/>\n<script type=\"application\/ld+json\" class=\"yoast-schema-graph\">{\"@context\":\"https:\/\/schema.org\",\"@graph\":[{\"@type\":\"WebPage\",\"@id\":\"https:\/\/longchangchemical.com\/product\/synocat-pmdeta-cas-3030-47-5\/\",\"url\":\"https:\/\/longchangchemical.com\/product\/synocat-pmdeta-cas-3030-47-5\/\",\"name\":\"PMDETA ( Pentamethyldiethylenetriamine ) manufacturer Cas 3030-47-5 Supplier - Longchang chemical\",\"isPartOf\":{\"@id\":\"https:\/\/longchangchemical.com\/#website\"},\"primaryImageOfPage\":{\"@id\":\"https:\/\/longchangchemical.com\/product\/synocat-pmdeta-cas-3030-47-5\/#primaryimage\"},\"image\":{\"@id\":\"https:\/\/longchangchemical.com\/product\/synocat-pmdeta-cas-3030-47-5\/#primaryimage\"},\"thumbnailUrl\":\"https:\/\/longchangchemical.com\/wp-content\/uploads\/2022\/12\/PMDETA-PC-5-scaled-1.jpg\",\"datePublished\":\"2022-12-02T07:59:12+00:00\",\"dateModified\":\"2026-05-08T02:59:49+00:00\",\"description\":\"PMDETA can be used as pu catalyst,aka PMDTA;Polycat 5;Toyocat DT;Kaolizer 3; Bis(2-dimethylaminoethyl)(methyl)amine;N,N,N',N\\\",N\\\"-pentamethyldi-ethyleentriamine and is the key product of Longchang Chemical. We are the leading pu catalyst manufacturer and supplier in China with the best quanlity and competitive price.\",\"breadcrumb\":{\"@id\":\"https:\/\/longchangchemical.com\/product\/synocat-pmdeta-cas-3030-47-5\/#breadcrumb\"},\"inLanguage\":\"it-IT\",\"potentialAction\":[{\"@type\":\"ReadAction\",\"target\":[\"https:\/\/longchangchemical.com\/product\/synocat-pmdeta-cas-3030-47-5\/\"]}]},{\"@type\":\"ImageObject\",\"inLanguage\":\"it-IT\",\"@id\":\"https:\/\/longchangchemical.com\/product\/synocat-pmdeta-cas-3030-47-5\/#primaryimage\",\"url\":\"https:\/\/longchangchemical.com\/wp-content\/uploads\/2022\/12\/PMDETA-PC-5-scaled-1.jpg\",\"contentUrl\":\"https:\/\/longchangchemical.com\/wp-content\/uploads\/2022\/12\/PMDETA-PC-5-scaled-1.jpg\",\"width\":800,\"height\":800,\"caption\":\"PMDETA(PC-5) \/ PMDTA \/ Pentamethyldiethylenetriamine \/Polycat 5 CAS 3030-47-5\"},{\"@type\":\"BreadcrumbList\",\"@id\":\"https:\/\/longchangchemical.com\/product\/synocat-pmdeta-cas-3030-47-5\/#breadcrumb\",\"itemListElement\":[{\"@type\":\"ListItem\",\"position\":1,\"name\":\"Home\",\"item\":\"https:\/\/longchangchemical.com\/\"},{\"@type\":\"ListItem\",\"position\":2,\"name\":\"Products Longchang\",\"item\":\"https:\/\/longchangchemical.com\/product\/\"},{\"@type\":\"ListItem\",\"position\":3,\"name\":\"PMDETA(PC-5) \/ PMDTA \/ Pentamethyldiethylenetriamine \/Polycat 5 CAS 3030-47-5\"}]},{\"@type\":\"WebSite\",\"@id\":\"https:\/\/longchangchemical.com\/#website\",\"url\":\"https:\/\/longchangchemical.com\/\",\"name\":\"Longchang Chemical\",\"description\":\"China chemical manufacturer \uff06 supplier\",\"publisher\":{\"@id\":\"https:\/\/longchangchemical.com\/#organization\"},\"potentialAction\":[{\"@type\":\"SearchAction\",\"target\":{\"@type\":\"EntryPoint\",\"urlTemplate\":\"https:\/\/longchangchemical.com\/?s={search_term_string}\"},\"query-input\":{\"@type\":\"PropertyValueSpecification\",\"valueRequired\":true,\"valueName\":\"search_term_string\"}}],\"inLanguage\":\"it-IT\"},{\"@type\":\"Organization\",\"@id\":\"https:\/\/longchangchemical.com\/#organization\",\"name\":\"Longchang Chemical\",\"url\":\"https:\/\/longchangchemical.com\/\",\"logo\":{\"@type\":\"ImageObject\",\"inLanguage\":\"it-IT\",\"@id\":\"https:\/\/longchangchemical.com\/#\/schema\/logo\/image\/\",\"url\":\"https:\/\/longchangchemical.com\/wp-content\/uploads\/2020\/08\/cropped-longchang-logo.png\",\"contentUrl\":\"https:\/\/longchangchemical.com\/wp-content\/uploads\/2020\/08\/cropped-longchang-logo.png\",\"width\":512,\"height\":512,\"caption\":\"Longchang Chemical\"},\"image\":{\"@id\":\"https:\/\/longchangchemical.com\/#\/schema\/logo\/image\/\"}}]}<\/script>\n<!-- \/ Yoast SEO plugin. -->","yoast_head_json":{"title":"PMDETA ( Pentametildietilentriammina ) produttore Cas 3030-47-5 Fornitore - Longchang chemical","description":"PMDETA pu\u00f2 essere utilizzato come catalizzatore pu, alias PMDTA; Polycat 5; Toyocat DT; Kaolizer 3; Bis(2-dimetilaminoetil)(metil)ammina; N,N,N',N\",N\"-pentametildi-etilentriammina ed \u00e8 il prodotto chiave di Longchang Chemical. Siamo il principale produttore e fornitore di catalizzatori pu in Cina con la migliore qualit\u00e0 e il prezzo competitivo.","robots":{"index":"index","follow":"follow","max-snippet":"max-snippet:-1","max-image-preview":"max-image-preview:large","max-video-preview":"max-video-preview:-1"},"canonical":"https:\/\/longchangchemical.com\/it\/product\/synocat-pmdeta-cas-3030-47-5\/","og_locale":"it_IT","og_type":"article","og_title":"PMDETA ( Pentamethyldiethylenetriamine ) manufacturer Cas 3030-47-5 Supplier - Longchang chemical","og_description":"PMDETA can be used as pu catalyst,aka PMDTA;Polycat 5;Toyocat DT;Kaolizer 3; Bis(2-dimethylaminoethyl)(methyl)amine;N,N,N',N\",N\"-pentamethyldi-ethyleentriamine and is the key product of Longchang Chemical. We are the leading pu catalyst manufacturer and supplier in China with the best quanlity and competitive price.","og_url":"https:\/\/longchangchemical.com\/it\/product\/synocat-pmdeta-cas-3030-47-5\/","og_site_name":"Longchang Chemical","article_modified_time":"2026-05-08T02:59:49+00:00","og_image":[{"width":800,"height":800,"url":"https:\/\/longchangchemical.com\/wp-content\/uploads\/2022\/12\/PMDETA-PC-5-scaled-1.jpg","type":"image\/jpeg"}],"twitter_card":"summary_large_image","schema":{"@context":"https:\/\/schema.org","@graph":[{"@type":"WebPage","@id":"https:\/\/longchangchemical.com\/product\/synocat-pmdeta-cas-3030-47-5\/","url":"https:\/\/longchangchemical.com\/product\/synocat-pmdeta-cas-3030-47-5\/","name":"PMDETA ( Pentametildietilentriammina ) produttore Cas 3030-47-5 Fornitore - Longchang chemical","isPartOf":{"@id":"https:\/\/longchangchemical.com\/#website"},"primaryImageOfPage":{"@id":"https:\/\/longchangchemical.com\/product\/synocat-pmdeta-cas-3030-47-5\/#primaryimage"},"image":{"@id":"https:\/\/longchangchemical.com\/product\/synocat-pmdeta-cas-3030-47-5\/#primaryimage"},"thumbnailUrl":"https:\/\/longchangchemical.com\/wp-content\/uploads\/2022\/12\/PMDETA-PC-5-scaled-1.jpg","datePublished":"2022-12-02T07:59:12+00:00","dateModified":"2026-05-08T02:59:49+00:00","description":"PMDETA pu\u00f2 essere utilizzato come catalizzatore pu, alias PMDTA; Polycat 5; Toyocat DT; Kaolizer 3; Bis(2-dimetilaminoetil)(metil)ammina; N,N,N',N\",N\"-pentametildi-etilentriammina ed \u00e8 il prodotto chiave di Longchang Chemical. Siamo il principale produttore e fornitore di catalizzatori pu in Cina con la migliore qualit\u00e0 e il prezzo competitivo.","breadcrumb":{"@id":"https:\/\/longchangchemical.com\/product\/synocat-pmdeta-cas-3030-47-5\/#breadcrumb"},"inLanguage":"it-IT","potentialAction":[{"@type":"ReadAction","target":["https:\/\/longchangchemical.com\/product\/synocat-pmdeta-cas-3030-47-5\/"]}]},{"@type":"ImageObject","inLanguage":"it-IT","@id":"https:\/\/longchangchemical.com\/product\/synocat-pmdeta-cas-3030-47-5\/#primaryimage","url":"https:\/\/longchangchemical.com\/wp-content\/uploads\/2022\/12\/PMDETA-PC-5-scaled-1.jpg","contentUrl":"https:\/\/longchangchemical.com\/wp-content\/uploads\/2022\/12\/PMDETA-PC-5-scaled-1.jpg","width":800,"height":800,"caption":"PMDETA(PC-5) \/ PMDTA \/ Pentamethyldiethylenetriamine \/Polycat 5 CAS 3030-47-5"},{"@type":"BreadcrumbList","@id":"https:\/\/longchangchemical.com\/product\/synocat-pmdeta-cas-3030-47-5\/#breadcrumb","itemListElement":[{"@type":"ListItem","position":1,"name":"Home","item":"https:\/\/longchangchemical.com\/"},{"@type":"ListItem","position":2,"name":"Products Longchang","item":"https:\/\/longchangchemical.com\/product\/"},{"@type":"ListItem","position":3,"name":"PMDETA(PC-5) \/ PMDTA \/ Pentamethyldiethylenetriamine \/Polycat 5 CAS 3030-47-5"}]},{"@type":"WebSite","@id":"https:\/\/longchangchemical.com\/#website","url":"https:\/\/longchangchemical.com\/","name":"Longchang Chemical","description":"Cina produttore di prodotti chimici \uff06 fornitore","publisher":{"@id":"https:\/\/longchangchemical.com\/#organization"},"potentialAction":[{"@type":"SearchAction","target":{"@type":"EntryPoint","urlTemplate":"https:\/\/longchangchemical.com\/?s={search_term_string}"},"query-input":{"@type":"PropertyValueSpecification","valueRequired":true,"valueName":"search_term_string"}}],"inLanguage":"it-IT"},{"@type":"Organization","@id":"https:\/\/longchangchemical.com\/#organization","name":"Longchang Chemical","url":"https:\/\/longchangchemical.com\/","logo":{"@type":"ImageObject","inLanguage":"it-IT","@id":"https:\/\/longchangchemical.com\/#\/schema\/logo\/image\/","url":"https:\/\/longchangchemical.com\/wp-content\/uploads\/2020\/08\/cropped-longchang-logo.png","contentUrl":"https:\/\/longchangchemical.com\/wp-content\/uploads\/2020\/08\/cropped-longchang-logo.png","width":512,"height":512,"caption":"Longchang Chemical"},"image":{"@id":"https:\/\/longchangchemical.com\/#\/schema\/logo\/image\/"}}]}},"_links":{"self":[{"href":"https:\/\/longchangchemical.com\/it\/wp-json\/wp\/v2\/product\/5767","targetHints":{"allow":["GET"]}}],"collection":[{"href":"https:\/\/longchangchemical.com\/it\/wp-json\/wp\/v2\/product"}],"about":[{"href":"https:\/\/longchangchemical.com\/it\/wp-json\/wp\/v2\/types\/product"}],"replies":[{"embeddable":true,"href":"https:\/\/longchangchemical.com\/it\/wp-json\/wp\/v2\/comments?post=5767"}],"wp:featuredmedia":[{"embeddable":true,"href":"https:\/\/longchangchemical.com\/it\/wp-json\/wp\/v2\/media\/5768"}],"wp:attachment":[{"href":"https:\/\/longchangchemical.com\/it\/wp-json\/wp\/v2\/media?parent=5767"}],"wp:term":[{"taxonomy":"product_brand","embeddable":true,"href":"https:\/\/longchangchemical.com\/it\/wp-json\/wp\/v2\/product_brand?post=5767"},{"taxonomy":"product_cat","embeddable":true,"href":"https:\/\/longchangchemical.com\/it\/wp-json\/wp\/v2\/product_cat?post=5767"},{"taxonomy":"product_tag","embeddable":true,"href":"https:\/\/longchangchemical.com\/it\/wp-json\/wp\/v2\/product_tag?post=5767"}],"curies":[{"name":"wp","href":"https:\/\/api.w.org\/{rel}","templated":true}]}}