{"id":5606,"date":"2022-09-28T08:56:13","date_gmt":"2022-09-28T08:56:13","guid":{"rendered":"https:\/\/longchangchemical.com\/?post_type=product&#038;p=5606"},"modified":"2025-04-01T07:22:43","modified_gmt":"2025-04-01T07:22:43","slug":"chlumiflex-bbp","status":"publish","type":"product","link":"https:\/\/longchangchemical.com\/it\/product\/chlumiflex-bbp\/","title":{"rendered":"CLUMIFLEX\u00ae BBP"},"content":{"rendered":"<table>\n<tbody>\n<tr>\n<td width=\"206\">viscosit\u00e0 dinamica (25\u2103)<\/td>\n<td width=\"305\">95 mPa-s<\/td>\n<\/tr>\n<tr>\n<td width=\"206\">peso specifico (20\u2103\uff09)<\/td>\n<td width=\"305\">1,12 g\/cm3<\/td>\n<\/tr>\n<tr>\n<td width=\"206\">Colore<\/td>\n<td width=\"305\">\uff1c50 APHA<\/td>\n<\/tr>\n<tr>\n<td width=\"206\">Valore acido<\/td>\n<td width=\"305\">\u22640,25 mgKOH\/g<\/td>\n<\/tr>\n<tr>\n<td width=\"206\">Metalli pesanti ppm<\/td>\n<td width=\"305\">\u226410,0 ppm<\/td>\n<\/tr>\n<tr>\n<td width=\"206\">Perdita all'essiccazione<\/td>\n<td width=\"305\">\u22640.25<\/td>\n<\/tr>\n<\/tbody>\n<\/table>\n<h2><strong>Imballaggio CHLUMIFLEX\u00ae BBP<\/strong><\/h2>\n<p>25L o 200L \/ tamburo.<\/p>\n<p>&nbsp;<\/p>\n<h2><strong>CHLUMIFLEX\u00ae BBP Funzione:<\/strong><\/h2>\n<p>&nbsp;<\/p>\n<p>Tra tutti i plastificanti per PVC esistenti, Sinoflex BBP presenta le propriet\u00e0 fisiche pi\u00f9 simili a quelle del DOTP.<\/p>\n<p>Sinoflex BBP pu\u00f2 essere applicato a pavimenti in PVC, cavi e fili, pellicole, ecc.<\/p>\n<p>Sinoflex BBP ha prestazioni migliori in termini di efficienza di plastificazione, propriet\u00e0 meccaniche, propriet\u00e0 di migrazione e tempo di miscelazione.  \u00c8 il miglior sostituto del DOTP.<\/p>\n<p>&nbsp;<\/p>\n<h2><strong>CLUMIFLEX\u00ae BBP A<\/strong><strong>applicazione<\/strong><\/h2>\n<p>&nbsp;<\/p>\n<p>La velocit\u00e0 di plastificazione di Sinoflex BBP \u00e8 circa 2 volte superiore a quella di DOTP o DINCH.  L'utilizzo di Sinoflex BBP consente di risparmiare energia e di migliorare l'efficienza produttiva.<\/p>\n<p>Utilizzando Sinoflex BBP per sostituire DOTP o DINCH con 100% \u00e8 possibile ottenere lo stesso effetto plastificante, senza dover modificare la formulazione o la linea di produzione.<\/p>\n<p>L'uso di Sinoflex BBP pu\u00f2 migliorare la trasmittanza e l'opacit\u00e0 del prodotto finale.<\/p>\n<p>Sinoflex BBP ha la stessa resistenza migratoria del DOTP.<\/p>\n<p>Sinoflex BBP presenta propriet\u00e0 meccaniche migliori rispetto al DOTP.<\/p>\n<p>&nbsp;<\/p>\n<h2><strong>CHLUMIFLEX\u00ae BBP Stoccaggio<\/strong><\/h2>\n<p>Conservati in magazzini asciutti e puliti con una buona ventilazione.<\/p>\n<p>Evitare l'esposizione alla luce e al calore.<\/p>\n<p>Proteggere il prodotto da perdite, pioggia e insolazione durante il trasporto.<\/p>\n<p>&nbsp;<\/p>\n<h2><strong>Plastificanti ritardanti di fiamma della stessa serie<\/strong><\/h2>\n<table style=\"border-collapse: collapse; width: 374.27pt;\" border=\"0\" width=\"499\" cellspacing=\"0\" cellpadding=\"0\">\n<tbody>\n<tr style=\"height: 21.00pt;\">\n<td class=\"et2\" style=\"height: 21.00pt; width: 96.00pt;\" width=\"128\" height=\"28\"><a title=\"https:\/\/longchangchemical.com\/product\/cas-91082-17-6\/\" href=\"https:\/\/longchangchemical.com\/it\/product\/cas-91082-17-6\/\"><span style=\"color: #00ccff;\">Lcflex\u00ae T-50<\/span><\/a><\/td>\n<td class=\"et3\" style=\"width: 159.75pt;\" width=\"213\">T-50; ASE<\/td>\n<td class=\"et3\" style=\"width: 118.50pt;\" width=\"158\">CAS 91082-17-6<\/td>\n<\/tr>\n<tr style=\"height: 21.00pt;\">\n<td class=\"et2\" style=\"height: 21.00pt; width: 96.00pt;\" width=\"128\" height=\"28\"><a title=\"https:\/\/longchangchemical.com\/product\/acetyl-tributyl-citrate-cas-77-90-7\/\" href=\"https:\/\/longchangchemical.com\/it\/product\/acetyl-tributyl-citrate-cas-77-90-7\/\"><span style=\"color: #00ccff;\">Lcflex\u00ae ATBC<\/span><\/a><\/td>\n<td class=\"et3\" style=\"width: 159.75pt;\" width=\"213\">Acetil tributile citrato<\/td>\n<td class=\"et3\" style=\"width: 118.50pt;\" width=\"158\">CAS 77-90-7<\/td>\n<\/tr>\n<tr style=\"height: 21.00pt;\">\n<td class=\"et2\" style=\"height: 21.00pt; width: 96.00pt;\" width=\"128\" height=\"28\"><a title=\"https:\/\/longchangchemical.com\/product\/tributyl-citrate-tbc-cas-77-94-1\/\" href=\"https:\/\/longchangchemical.com\/it\/product\/tributyl-citrate-tbc-cas-77-94-1\/\"><span style=\"color: #00ccff;\">Lcflex\u00ae TBC<\/span><\/a><\/td>\n<td class=\"et3\" style=\"width: 159.75pt;\" width=\"213\">Tributile citrato<\/td>\n<td class=\"et3\" style=\"width: 118.50pt;\" width=\"158\">CAS 77-94-1<\/td>\n<\/tr>\n<tr style=\"height: 21.00pt;\">\n<td class=\"et2\" style=\"height: 21.00pt; width: 96.00pt;\" width=\"128\" height=\"28\"><span style=\"color: #00ccff;\"><a style=\"color: #00ccff;\" title=\"https:\/\/longchangchemical.com\/product\/tcpp-cas-13674-84-5\/\" href=\"https:\/\/longchangchemical.com\/it\/product\/tcpp-cas-13674-84-5\/\">Lcflex\u00ae TCPP<\/a><\/span><\/td>\n<td class=\"et3\" style=\"width: 159.75pt;\" width=\"213\">Ritardante di fiamma TCPP<\/td>\n<td class=\"et3\" style=\"width: 118.50pt;\" width=\"158\">CAS 13674-84-5<\/td>\n<\/tr>\n<tr style=\"height: 21.00pt;\">\n<td class=\"et2\" style=\"height: 21.00pt; width: 96.00pt;\" width=\"128\" height=\"28\"><a title=\"https:\/\/longchangchemical.com\/product\/dotp-cas-6422-86-2\/\" href=\"https:\/\/longchangchemical.com\/it\/product\/dotp-cas-6422-86-2\/\"><span style=\"color: #00ccff;\">Lcflex\u00ae DOTP<\/span><\/a><\/td>\n<td class=\"et3\" style=\"width: 159.75pt;\" width=\"213\">Tereftalato di diottile<\/td>\n<td class=\"et3\" style=\"width: 118.50pt;\" width=\"158\">CAS 6422-86-2<\/td>\n<\/tr>\n<tr style=\"height: 21.00pt;\">\n<td class=\"et2\" style=\"height: 21.00pt; width: 96.00pt;\" width=\"128\" height=\"28\"><span style=\"color: #00ccff;\"><a style=\"color: #00ccff;\" title=\"https:\/\/longchangchemical.com\/product\/diethyl-phthalate-dep-cas-84-66-2\/\" href=\"https:\/\/longchangchemical.com\/it\/product\/diethyl-phthalate-dep-cas-84-66-2\/\">Lcflex\u00ae DEP<\/a><\/span><\/td>\n<td class=\"et3\" style=\"width: 159.75pt;\" width=\"213\">Dietil ftalato<\/td>\n<td class=\"et3\" style=\"width: 118.50pt;\" width=\"158\">CAS 84-66-2<\/td>\n<\/tr>\n<tr style=\"height: 21.00pt;\">\n<td class=\"et2\" style=\"height: 21.00pt; width: 96.00pt;\" width=\"128\" height=\"28\"><span style=\"color: #00ccff;\"><a style=\"color: #00ccff;\" title=\"https:\/\/longchangchemical.com\/product\/triethyl-citrate-cas-77-93-0\/\" href=\"https:\/\/longchangchemical.com\/it\/product\/triethyl-citrate-cas-77-93-0\/\">Lcflex\u00ae TEC<\/a><\/span><\/td>\n<td class=\"et3\" style=\"width: 159.75pt;\" width=\"213\">citrato di trietile<\/td>\n<td class=\"et3\" style=\"width: 118.50pt;\" width=\"158\">CAS 77-93-0<\/td>\n<\/tr>\n<tr style=\"height: 21.00pt;\">\n<td class=\"et2\" style=\"height: 21.00pt; width: 96.00pt;\" width=\"128\" height=\"28\"><span style=\"color: #00ccff;\"><a style=\"color: #00ccff;\" title=\"https:\/\/longchangchemical.com\/product\/Lcflare-doa-cas-123-79-5\/\" href=\"https:\/\/longchangchemical.com\/it\/product\/Lcflare-doa-cas-123-79-5\/\">Lcflex\u00ae DOA<\/a><\/span><\/td>\n<td class=\"et3\" style=\"width: 159.75pt;\" width=\"213\">Diottile adipato<\/td>\n<td class=\"et3\" style=\"width: 118.50pt;\" width=\"158\">CAS 123-79-5<\/td>\n<\/tr>\n<tr style=\"height: 30.00pt;\">\n<td class=\"et2\" style=\"height: 30.00pt; width: 96.00pt;\" width=\"128\" height=\"40\"><span style=\"color: #00ccff;\"><a style=\"color: #00ccff;\" title=\"https:\/\/longchangchemical.com\/product\/Lcflare-dos-cas-2432-87-3\/\" href=\"https:\/\/longchangchemical.com\/it\/product\/Lcflare-dos-cas-2432-87-3\/\">Lcflex\u00ae DOS<\/a><\/span><\/td>\n<td class=\"et3\" style=\"width: 159.75pt;\" width=\"213\">ACIDO SEBACICO DI-N-OTTILE ESTERE<\/td>\n<td class=\"et3\" style=\"width: 118.50pt;\" width=\"158\">CAS 2432-87-3<\/td>\n<\/tr>\n<tr style=\"height: 27.00pt;\">\n<td class=\"et2\" style=\"height: 27.00pt; width: 96.00pt;\" width=\"128\" height=\"36\"><a title=\"https:\/\/longchangchemical.com\/product\/cas-28553-12-0-685-15-48-0\/\" href=\"https:\/\/longchangchemical.com\/it\/product\/cas-28553-12-0-685-15-48-0\/\"><span style=\"color: #00ccff;\">Lcflex\u00ae DINP<\/span><\/a><\/td>\n<td class=\"et3\" style=\"width: 159.75pt;\" width=\"213\">Diisononil ftalato<\/td>\n<td class=\"et3\" style=\"width: 118.50pt;\" width=\"158\">CAS 28553-12-0\/685 15-48-0<\/td>\n<\/tr>\n<tr style=\"height: 21.00pt;\">\n<td class=\"et2\" style=\"height: 21.00pt; width: 96.00pt;\" width=\"128\" height=\"28\"><span style=\"color: #00ccff;\"><a style=\"color: #00ccff;\" title=\"https:\/\/longchangchemical.com\/product\/tmp-cas-77-99-6\/\" href=\"https:\/\/longchangchemical.com\/it\/product\/tmp-cas-77-99-6\/\">Lcflex\u00ae TMP<\/a><\/span><\/td>\n<td class=\"et3\" style=\"width: 159.75pt;\" width=\"213\">Trimetilolpropano<\/td>\n<td class=\"et3\" style=\"width: 118.50pt;\" width=\"158\">CAS 77-99-6<\/td>\n<\/tr>\n<tr style=\"height: 13.50pt;\">\n<td class=\"et2\" style=\"height: 13.50pt; width: 96.00pt;\" width=\"128\" height=\"18\"><span style=\"color: #00ccff;\"><a style=\"color: #00ccff;\" title=\"https:\/\/longchangchemical.com\/product\/triethyl-phosphate-tep-cas-78-40-0\/\" href=\"https:\/\/longchangchemical.com\/it\/product\/triethyl-phosphate-tep-cas-78-40-0\/\">Lcflex\u00ae TEP<\/a><\/span><\/td>\n<td class=\"et3\" style=\"width: 159.75pt;\" width=\"213\">Fosfato di trietile<\/td>\n<td class=\"et3\" style=\"width: 118.50pt;\" width=\"158\">CAS 78-40-0<\/td>\n<\/tr>\n<tr style=\"height: 13.50pt;\">\n<td class=\"et4\" style=\"height: 13.50pt; width: 96.00pt;\" width=\"128\" height=\"18\"><a href=\"https:\/\/longchangchemical.com\/it\/product\/Lcflex-totm-cas-3319-31-1\/\"><span style=\"color: #00ccff;\">Lcflex\u00ae TOTM<\/span><\/a><\/td>\n<td class=\"et3\" style=\"width: 159.75pt;\" width=\"213\">Triottile trimellitato<\/td>\n<td class=\"et3\" style=\"width: 118.50pt;\" width=\"158\">CAS 3319-31-1<\/td>\n<\/tr>\n<tr style=\"height: 40.50pt;\">\n<td class=\"et4\" style=\"height: 40.50pt; width: 96.00pt;\" width=\"128\" height=\"54\"><a href=\"https:\/\/longchangchemical.com\/it\/product\/Lcflex-bbp\/\"><span style=\"color: #00ccff;\">Lcflex\u00ae BBP<\/span><\/a><\/td>\n<td class=\"et3\" style=\"width: 159.75pt;\" width=\"213\">Plastificanti a base biologica, Plastificante ad alta efficienza<\/td>\n<td class=\"et3\" style=\"width: 118.50pt;\" width=\"158\"><\/td>\n<\/tr>\n<tr style=\"height: 13.50pt;\">\n<td class=\"et4\" style=\"height: 13.50pt; width: 96.00pt;\" width=\"128\" height=\"18\"><a href=\"https:\/\/longchangchemical.com\/it\/product\/tmp-cas-77-99-6\/\"><span style=\"color: #00ccff;\">Lcflex\u00ae TMP<\/span><\/a><\/td>\n<td class=\"et3\" style=\"width: 159.75pt;\" width=\"213\">Trimetilolo propano<\/td>\n<td class=\"et3\" style=\"width: 118.50pt;\" width=\"158\">CAS 77-99-6<\/td>\n<\/tr>\n<tr style=\"height: 30.00pt;\">\n<td class=\"et2\" style=\"height: 30.00pt; width: 96.00pt;\" width=\"128\" height=\"40\"><a title=\"https:\/\/longchangchemical.com\/product\/sinopszr-tcep-cas-115-96-8\/\" href=\"https:\/\/longchangchemical.com\/it\/product\/sinopszr-tcep-cas-115-96-8\/\"><span style=\"color: #00ccff;\">Lcflare\u00ae TCEP<\/span><\/a><\/td>\n<td class=\"et3\" style=\"width: 159.75pt;\" width=\"213\">Tris(2-cloroetil)fosfato<\/td>\n<td class=\"et3\" style=\"width: 118.50pt;\" width=\"158\">CAS 115-96-8<\/td>\n<\/tr>\n<tr style=\"height: 30.00pt;\">\n<td class=\"et2\" style=\"height: 30.00pt; width: 96.00pt;\" width=\"128\" height=\"40\"><span style=\"color: #00ccff;\"><a style=\"color: #00ccff;\" title=\"https:\/\/longchangchemical.com\/product\/Lcflare-bdp\/\" href=\"https:\/\/longchangchemical.com\/it\/product\/Lcflare-bdp\/\">Lcflare\u00ae BDP<\/a><\/span><\/td>\n<td class=\"et3\" style=\"width: 159.75pt;\" width=\"213\">Bisfenolo-A bis(difenilfosfato)<\/td>\n<td class=\"et3\" style=\"width: 118.50pt;\" width=\"158\">CAS 5945-33-5<\/td>\n<\/tr>\n<tr style=\"height: 13.50pt;\">\n<td class=\"et2\" style=\"height: 13.50pt; width: 96.00pt;\" width=\"128\" height=\"18\"><span style=\"color: #00ccff;\"><a style=\"color: #00ccff;\" title=\"https:\/\/longchangchemical.com\/product\/Lcflare-tpp-cas-115-86-6\/\" href=\"https:\/\/longchangchemical.com\/it\/product\/Lcflare-tpp-cas-115-86-6\/\">Lcflare\u00ae TPP<\/a><\/span><\/td>\n<td class=\"et3\" style=\"width: 159.75pt;\" width=\"213\">Fosfato di trifenile<\/td>\n<td class=\"et3\" style=\"width: 118.50pt;\" width=\"158\">CAS 115-86-6<\/td>\n<\/tr>\n<\/tbody>\n<\/table>\n<h2><strong><b>Contattateci ora!<\/b><\/strong><\/h2>\n<h4><strong><b>Se avete bisogno di COA, MSDS o TDS, inserite i vostri dati di contatto nel modulo sottostante; di solito vi contatteremo entro 24 ore.<\/b><\/strong> Potete anche inviarmi un'e-mail <a href=\"mailto:info@longchangchemical.com\"><span style=\"color: #0000ff;\">info@longchangchemical.com<\/span><\/a> durante l'orario di lavoro (dalle 8:30 alle 18:00 UTC+8 lun.-sab.) o utilizzare la live chat del sito web per ottenere una risposta immediata.<\/h4>","protected":false},"excerpt":{"rendered":"<p><strong>Nome del prodotto<\/strong>: Sinoflex BBP<\/p>\n<p><strong>S<\/strong><strong>ynonimo: <\/strong>Plastificanti a base biologica , Plastificante ad alta efficienza<\/p>\n<p><strong>Formula Molecolare: Formula Molecolare: Formula Molecolare: Formula Molecolare: Formula Molecolare: Formula Molecolare<\/strong>C12H20O7<\/p>\n<p><strong>Peso molecolare<\/strong>\uff1a276.28<\/p>\n<p><strong>Struttura molecolare:<\/strong><\/p>","protected":false},"featured_media":5613,"comment_status":"open","ping_status":"closed","template":"","meta":[],"product_brand":[],"product_cat":[111],"product_tag":[],"class_list":{"0":"post-5606","1":"product","2":"type-product","3":"status-publish","4":"has-post-thumbnail","6":"product_cat-plasticizer","8":"first","9":"instock","10":"shipping-taxable","11":"product-type-simple"},"yoast_head":"<!-- This site is optimized with the Yoast SEO plugin v25.3.1 - https:\/\/yoast.com\/wordpress\/plugins\/seo\/ -->\n<title>China CHLUMIFLEX\u00ae BBP Manufacturer - Longchang Chemical<\/title>\n<meta name=\"description\" content=\"CHLUMIFLEX\u00ae BBP is a key product of Longchang Chemical. We provide the best price. We are the leading manufacturer in China with the best quality and competitive price.\" \/>\n<meta name=\"robots\" content=\"index, follow, max-snippet:-1, max-image-preview:large, max-video-preview:-1\" \/>\n<link rel=\"canonical\" href=\"https:\/\/longchangchemical.com\/it\/product\/chlumiflex-bbp\/\" \/>\n<meta property=\"og:locale\" content=\"it_IT\" \/>\n<meta property=\"og:type\" content=\"article\" \/>\n<meta property=\"og:title\" content=\"China CHLUMIFLEX\u00ae BBP Manufacturer - Longchang Chemical\" \/>\n<meta property=\"og:description\" content=\"CHLUMIFLEX\u00ae BBP is a key product of Longchang Chemical. We provide the best price. We are the leading manufacturer in China with the best quality and competitive price.\" \/>\n<meta property=\"og:url\" content=\"https:\/\/longchangchemical.com\/it\/product\/chlumiflex-bbp\/\" \/>\n<meta property=\"og:site_name\" content=\"Longchang Chemical\" \/>\n<meta property=\"article:modified_time\" content=\"2025-04-01T07:22:43+00:00\" \/>\n<meta property=\"og:image\" content=\"https:\/\/longchangchemical.com\/wp-content\/uploads\/2022\/09\/6.jpg\" \/>\n\t<meta property=\"og:image:width\" content=\"600\" \/>\n\t<meta property=\"og:image:height\" content=\"654\" \/>\n\t<meta property=\"og:image:type\" content=\"image\/jpeg\" \/>\n<meta name=\"twitter:card\" content=\"summary_large_image\" \/>\n<script type=\"application\/ld+json\" class=\"yoast-schema-graph\">{\"@context\":\"https:\/\/schema.org\",\"@graph\":[{\"@type\":\"WebPage\",\"@id\":\"https:\/\/longchangchemical.com\/product\/chlumiflex-bbp\/\",\"url\":\"https:\/\/longchangchemical.com\/product\/chlumiflex-bbp\/\",\"name\":\"China CHLUMIFLEX\u00ae BBP Manufacturer - Longchang Chemical\",\"isPartOf\":{\"@id\":\"https:\/\/longchangchemical.com\/#website\"},\"primaryImageOfPage\":{\"@id\":\"https:\/\/longchangchemical.com\/product\/chlumiflex-bbp\/#primaryimage\"},\"image\":{\"@id\":\"https:\/\/longchangchemical.com\/product\/chlumiflex-bbp\/#primaryimage\"},\"thumbnailUrl\":\"https:\/\/longchangchemical.com\/wp-content\/uploads\/2022\/09\/6.jpg\",\"datePublished\":\"2022-09-28T08:56:13+00:00\",\"dateModified\":\"2025-04-01T07:22:43+00:00\",\"description\":\"CHLUMIFLEX\u00ae BBP is a key product of Longchang Chemical. We provide the best price. We are the leading manufacturer in China with the best quality and competitive price.\",\"breadcrumb\":{\"@id\":\"https:\/\/longchangchemical.com\/product\/chlumiflex-bbp\/#breadcrumb\"},\"inLanguage\":\"it-IT\",\"potentialAction\":[{\"@type\":\"ReadAction\",\"target\":[\"https:\/\/longchangchemical.com\/product\/chlumiflex-bbp\/\"]}]},{\"@type\":\"ImageObject\",\"inLanguage\":\"it-IT\",\"@id\":\"https:\/\/longchangchemical.com\/product\/chlumiflex-bbp\/#primaryimage\",\"url\":\"https:\/\/longchangchemical.com\/wp-content\/uploads\/2022\/09\/6.jpg\",\"contentUrl\":\"https:\/\/longchangchemical.com\/wp-content\/uploads\/2022\/09\/6.jpg\",\"width\":600,\"height\":654},{\"@type\":\"BreadcrumbList\",\"@id\":\"https:\/\/longchangchemical.com\/product\/chlumiflex-bbp\/#breadcrumb\",\"itemListElement\":[{\"@type\":\"ListItem\",\"position\":1,\"name\":\"Home\",\"item\":\"https:\/\/longchangchemical.com\/\"},{\"@type\":\"ListItem\",\"position\":2,\"name\":\"Products Longchang\",\"item\":\"https:\/\/longchangchemical.com\/product\/\"},{\"@type\":\"ListItem\",\"position\":3,\"name\":\"CHLUMIFLEX\u00ae BBP\"}]},{\"@type\":\"WebSite\",\"@id\":\"https:\/\/longchangchemical.com\/#website\",\"url\":\"https:\/\/longchangchemical.com\/\",\"name\":\"Longchang Chemical\",\"description\":\"China chemical manufacturer \uff06 supplier\",\"publisher\":{\"@id\":\"https:\/\/longchangchemical.com\/#organization\"},\"potentialAction\":[{\"@type\":\"SearchAction\",\"target\":{\"@type\":\"EntryPoint\",\"urlTemplate\":\"https:\/\/longchangchemical.com\/?s={search_term_string}\"},\"query-input\":{\"@type\":\"PropertyValueSpecification\",\"valueRequired\":true,\"valueName\":\"search_term_string\"}}],\"inLanguage\":\"it-IT\"},{\"@type\":\"Organization\",\"@id\":\"https:\/\/longchangchemical.com\/#organization\",\"name\":\"Longchang Chemical\",\"url\":\"https:\/\/longchangchemical.com\/\",\"logo\":{\"@type\":\"ImageObject\",\"inLanguage\":\"it-IT\",\"@id\":\"https:\/\/longchangchemical.com\/#\/schema\/logo\/image\/\",\"url\":\"https:\/\/longchangchemical.com\/wp-content\/uploads\/2020\/08\/cropped-longchang-logo.png\",\"contentUrl\":\"https:\/\/longchangchemical.com\/wp-content\/uploads\/2020\/08\/cropped-longchang-logo.png\",\"width\":512,\"height\":512,\"caption\":\"Longchang Chemical\"},\"image\":{\"@id\":\"https:\/\/longchangchemical.com\/#\/schema\/logo\/image\/\"}}]}<\/script>\n<!-- \/ Yoast SEO plugin. -->","yoast_head_json":{"title":"Cina CHLUMIFLEX\u00ae BBP Produttore - Longchang Chemical","description":"CHLUMIFLEX\u00ae BBP \u00e8 un prodotto chiave di Longchang Chemical. Forniamo il miglior prezzo. Siamo il produttore leader in Cina con la migliore qualit\u00e0 e il prezzo competitivo.","robots":{"index":"index","follow":"follow","max-snippet":"max-snippet:-1","max-image-preview":"max-image-preview:large","max-video-preview":"max-video-preview:-1"},"canonical":"https:\/\/longchangchemical.com\/it\/product\/chlumiflex-bbp\/","og_locale":"it_IT","og_type":"article","og_title":"China CHLUMIFLEX\u00ae BBP Manufacturer - Longchang Chemical","og_description":"CHLUMIFLEX\u00ae BBP is a key product of Longchang Chemical. We provide the best price. We are the leading manufacturer in China with the best quality and competitive price.","og_url":"https:\/\/longchangchemical.com\/it\/product\/chlumiflex-bbp\/","og_site_name":"Longchang Chemical","article_modified_time":"2025-04-01T07:22:43+00:00","og_image":[{"width":600,"height":654,"url":"https:\/\/longchangchemical.com\/wp-content\/uploads\/2022\/09\/6.jpg","type":"image\/jpeg"}],"twitter_card":"summary_large_image","schema":{"@context":"https:\/\/schema.org","@graph":[{"@type":"WebPage","@id":"https:\/\/longchangchemical.com\/product\/chlumiflex-bbp\/","url":"https:\/\/longchangchemical.com\/product\/chlumiflex-bbp\/","name":"Cina CHLUMIFLEX\u00ae BBP Produttore - Longchang Chemical","isPartOf":{"@id":"https:\/\/longchangchemical.com\/#website"},"primaryImageOfPage":{"@id":"https:\/\/longchangchemical.com\/product\/chlumiflex-bbp\/#primaryimage"},"image":{"@id":"https:\/\/longchangchemical.com\/product\/chlumiflex-bbp\/#primaryimage"},"thumbnailUrl":"https:\/\/longchangchemical.com\/wp-content\/uploads\/2022\/09\/6.jpg","datePublished":"2022-09-28T08:56:13+00:00","dateModified":"2025-04-01T07:22:43+00:00","description":"CHLUMIFLEX\u00ae BBP \u00e8 un prodotto chiave di Longchang Chemical. Forniamo il miglior prezzo. Siamo il produttore leader in Cina con la migliore qualit\u00e0 e il prezzo competitivo.","breadcrumb":{"@id":"https:\/\/longchangchemical.com\/product\/chlumiflex-bbp\/#breadcrumb"},"inLanguage":"it-IT","potentialAction":[{"@type":"ReadAction","target":["https:\/\/longchangchemical.com\/product\/chlumiflex-bbp\/"]}]},{"@type":"ImageObject","inLanguage":"it-IT","@id":"https:\/\/longchangchemical.com\/product\/chlumiflex-bbp\/#primaryimage","url":"https:\/\/longchangchemical.com\/wp-content\/uploads\/2022\/09\/6.jpg","contentUrl":"https:\/\/longchangchemical.com\/wp-content\/uploads\/2022\/09\/6.jpg","width":600,"height":654},{"@type":"BreadcrumbList","@id":"https:\/\/longchangchemical.com\/product\/chlumiflex-bbp\/#breadcrumb","itemListElement":[{"@type":"ListItem","position":1,"name":"Home","item":"https:\/\/longchangchemical.com\/"},{"@type":"ListItem","position":2,"name":"Products Longchang","item":"https:\/\/longchangchemical.com\/product\/"},{"@type":"ListItem","position":3,"name":"CHLUMIFLEX\u00ae BBP"}]},{"@type":"WebSite","@id":"https:\/\/longchangchemical.com\/#website","url":"https:\/\/longchangchemical.com\/","name":"Longchang Chemical","description":"Cina produttore di prodotti chimici \uff06 fornitore","publisher":{"@id":"https:\/\/longchangchemical.com\/#organization"},"potentialAction":[{"@type":"SearchAction","target":{"@type":"EntryPoint","urlTemplate":"https:\/\/longchangchemical.com\/?s={search_term_string}"},"query-input":{"@type":"PropertyValueSpecification","valueRequired":true,"valueName":"search_term_string"}}],"inLanguage":"it-IT"},{"@type":"Organization","@id":"https:\/\/longchangchemical.com\/#organization","name":"Longchang Chemical","url":"https:\/\/longchangchemical.com\/","logo":{"@type":"ImageObject","inLanguage":"it-IT","@id":"https:\/\/longchangchemical.com\/#\/schema\/logo\/image\/","url":"https:\/\/longchangchemical.com\/wp-content\/uploads\/2020\/08\/cropped-longchang-logo.png","contentUrl":"https:\/\/longchangchemical.com\/wp-content\/uploads\/2020\/08\/cropped-longchang-logo.png","width":512,"height":512,"caption":"Longchang Chemical"},"image":{"@id":"https:\/\/longchangchemical.com\/#\/schema\/logo\/image\/"}}]}},"_links":{"self":[{"href":"https:\/\/longchangchemical.com\/it\/wp-json\/wp\/v2\/product\/5606","targetHints":{"allow":["GET"]}}],"collection":[{"href":"https:\/\/longchangchemical.com\/it\/wp-json\/wp\/v2\/product"}],"about":[{"href":"https:\/\/longchangchemical.com\/it\/wp-json\/wp\/v2\/types\/product"}],"replies":[{"embeddable":true,"href":"https:\/\/longchangchemical.com\/it\/wp-json\/wp\/v2\/comments?post=5606"}],"wp:featuredmedia":[{"embeddable":true,"href":"https:\/\/longchangchemical.com\/it\/wp-json\/wp\/v2\/media\/5613"}],"wp:attachment":[{"href":"https:\/\/longchangchemical.com\/it\/wp-json\/wp\/v2\/media?parent=5606"}],"wp:term":[{"taxonomy":"product_brand","embeddable":true,"href":"https:\/\/longchangchemical.com\/it\/wp-json\/wp\/v2\/product_brand?post=5606"},{"taxonomy":"product_cat","embeddable":true,"href":"https:\/\/longchangchemical.com\/it\/wp-json\/wp\/v2\/product_cat?post=5606"},{"taxonomy":"product_tag","embeddable":true,"href":"https:\/\/longchangchemical.com\/it\/wp-json\/wp\/v2\/product_tag?post=5606"}],"curies":[{"name":"wp","href":"https:\/\/api.w.org\/{rel}","templated":true}]}}