{"id":5464,"date":"2022-08-19T13:11:57","date_gmt":"2022-08-19T13:11:57","guid":{"rendered":"https:\/\/longchangchemical.com\/?post_type=product&#038;p=5464"},"modified":"2025-04-01T07:12:17","modified_gmt":"2025-04-01T07:12:17","slug":"agesintbma-cas-585-07-9","status":"publish","type":"product","link":"https:\/\/longchangchemical.com\/it\/product\/agesintbma-cas-585-07-9\/","title":{"rendered":"CLUMICRYL\u00ae TBMA CAS 585-07-9"},"content":{"rendered":"<h1><strong>Metacrilato di terz-butile CAS 585-07-9<\/strong><\/h1>\n<table width=\"144\">\n<tbody>\n<tr>\n<td width=\"72\">Articoli<\/td>\n<td width=\"72\">Risultato<\/td>\n<\/tr>\n<tr>\n<td width=\"72\">Aspetto<\/td>\n<td width=\"72\">Liquido<\/td>\n<\/tr>\n<tr>\n<td width=\"72\">Contenuto<\/td>\n<td width=\"72\">99,0%min<\/td>\n<\/tr>\n<tr>\n<td width=\"72\">Umidit\u00e0<\/td>\n<td width=\"72\">&lt;0,05%<\/td>\n<\/tr>\n<tr>\n<td width=\"72\">Metalli pesanti<\/td>\n<td width=\"72\">&lt;0,002%<\/td>\n<\/tr>\n<\/tbody>\n<\/table>\n<h2><strong>Che cos'\u00e8 il monomero TBMA?<\/strong><\/h2>\n<p>Il tert-butilmetacrilato (TBMA) pu\u00f2 formare omopolimeri e copolimeri e pu\u00f2 essere copolimerizzato con diverse sostanze, come l'acido acrilico e i suoi sali, le ammidi e gli esteri, l'acrilonitrile, il maleato, l'acetato di vinile, il cloruro di vinile, il cloruro di vinilidene, lo stirene, il butilene, i poliesteri insaturi, gli oli secchi, ecc. Inoltre, il butilmetacrilato (TBMA) \u00e8 anche una materia prima molto utile per la sintesi chimica, perch\u00e9 pu\u00f2 facilmente subire reazioni di addizione con una variet\u00e0 di composti organici e inorganici.<\/p>\n<p>Prodotti a valle: Acido N-Cbz-L-Aspartico 4-terz-butil estere cas 5545-52-8; <a class=\"blue\">Acido Z-L-aspartico di-terz-butile estere cas <\/a>42417-76-5; ACIDO 2-BENZILICO TER-BUTIL ESTER cas 111832-40-7<\/p>\n<h2><strong>Applicazioni di base del TBMA<\/strong><\/h2>\n<p>Rivestimenti.<br \/>\nDisperdenti.<br \/>\nFibre,.<br \/>\nAgenti per il trattamento dei tessuti.<br \/>\nMateriali di rivestimento.<br \/>\nMateriali isolanti.<br \/>\nAltri monomeri polimerici.<\/p>\n<p>&nbsp;<\/p>\n<h2><strong><b>Contattateci ora!<\/b><\/strong><\/h2>\n<h4><strong><b>Se avete bisogno di COA, MSDS o TDS, inserite i vostri dati di contatto nel modulo sottostante; di solito vi contatteremo entro 24 ore. Potete anche inviarmi un'e-mail <span style=\"color: #00ccff;\"><a style=\"color: #00ccff;\" href=\"mailto:info@longchangchemical.com\">info@longchangchemical.com<\/a><\/span> durante l'orario di lavoro (dalle 8:30 alle 18:00 UTC+8 lun.-sab.) o utilizzare la live chat del sito web per ottenere una risposta immediata.<\/b><\/strong><\/h4>","protected":false},"excerpt":{"rendered":"<p>Nome inglese: tert-butilmetacrilato<\/p>\n<p>Sinonimi: METACRILATO DI TERTIOLO;METACRILATO DI TERT-BUTILE;MONOMERO DI METACRILATO DI TERT-BUTILE;TBMA;METACRILATO DI T-BUTILE;ACIDO METACRILICO TERT-BUTIL ESTER;MONOMERO DI ACIDO METACRILICO TERT-BUTIL ESTER;(generico)2-propenoicacido,2-metil-,1,1-dimetiletere<\/p>\n<p>MF: C8H14O2<\/p>\n<p>MW: 142,2<\/p>\n<p>Aspetto: liquido incolore<\/p>","protected":false},"featured_media":5465,"comment_status":"closed","ping_status":"closed","template":"","meta":[],"product_brand":[],"product_cat":[138],"product_tag":[],"class_list":{"0":"post-5464","1":"product","2":"type-product","3":"status-publish","4":"has-post-thumbnail","6":"product_cat-coating-and-ink-additives","8":"first","9":"instock","10":"shipping-taxable","11":"product-type-simple"},"yoast_head":"<!-- This site is optimized with the Yoast SEO plugin v25.3.1 - https:\/\/yoast.com\/wordpress\/plugins\/seo\/ -->\n<title>China tert-Butyl Methacrylate Monomer Manufacturer | TBMA Monomer Manufacturer | 585-07-9 | Longchang Chemical<\/title>\n<meta name=\"description\" content=\"TBMA CAS 585-07-9 can be used as Coatings, Dispersants, Fibers, Fabric treatment agents, Cladding materials, Insulation materials.\" \/>\n<meta name=\"robots\" content=\"index, follow, max-snippet:-1, max-image-preview:large, max-video-preview:-1\" \/>\n<link rel=\"canonical\" href=\"https:\/\/longchangchemical.com\/it\/product\/agesintbma-cas-585-07-9\/\" \/>\n<meta property=\"og:locale\" content=\"it_IT\" \/>\n<meta property=\"og:type\" content=\"article\" \/>\n<meta property=\"og:title\" content=\"China tert-Butyl Methacrylate Monomer Manufacturer | TBMA Monomer Manufacturer | 585-07-9 | Longchang Chemical\" \/>\n<meta property=\"og:description\" content=\"TBMA CAS 585-07-9 can be used as Coatings, Dispersants, Fibers, Fabric treatment agents, Cladding materials, Insulation materials.\" \/>\n<meta property=\"og:url\" content=\"https:\/\/longchangchemical.com\/it\/product\/agesintbma-cas-585-07-9\/\" \/>\n<meta property=\"og:site_name\" content=\"Longchang Chemical\" \/>\n<meta property=\"article:modified_time\" content=\"2025-04-01T07:12:17+00:00\" \/>\n<meta property=\"og:image\" content=\"https:\/\/longchangchemical.com\/wp-content\/uploads\/2022\/08\/TBMA-CAS-585-07-9.jpg\" \/>\n\t<meta property=\"og:image:width\" content=\"800\" \/>\n\t<meta property=\"og:image:height\" content=\"800\" \/>\n\t<meta property=\"og:image:type\" content=\"image\/jpeg\" \/>\n<meta name=\"twitter:card\" content=\"summary_large_image\" \/>\n<script type=\"application\/ld+json\" class=\"yoast-schema-graph\">{\"@context\":\"https:\/\/schema.org\",\"@graph\":[{\"@type\":\"WebPage\",\"@id\":\"https:\/\/longchangchemical.com\/product\/agesintbma-cas-585-07-9\/\",\"url\":\"https:\/\/longchangchemical.com\/product\/agesintbma-cas-585-07-9\/\",\"name\":\"China tert-Butyl Methacrylate Monomer Manufacturer | TBMA Monomer Manufacturer | 585-07-9 | Longchang Chemical\",\"isPartOf\":{\"@id\":\"https:\/\/longchangchemical.com\/#website\"},\"primaryImageOfPage\":{\"@id\":\"https:\/\/longchangchemical.com\/product\/agesintbma-cas-585-07-9\/#primaryimage\"},\"image\":{\"@id\":\"https:\/\/longchangchemical.com\/product\/agesintbma-cas-585-07-9\/#primaryimage\"},\"thumbnailUrl\":\"https:\/\/longchangchemical.com\/wp-content\/uploads\/2022\/08\/TBMA-CAS-585-07-9.jpg\",\"datePublished\":\"2022-08-19T13:11:57+00:00\",\"dateModified\":\"2025-04-01T07:12:17+00:00\",\"description\":\"TBMA CAS 585-07-9 can be used as Coatings, Dispersants, Fibers, Fabric treatment agents, Cladding materials, Insulation materials.\",\"breadcrumb\":{\"@id\":\"https:\/\/longchangchemical.com\/product\/agesintbma-cas-585-07-9\/#breadcrumb\"},\"inLanguage\":\"it-IT\",\"potentialAction\":[{\"@type\":\"ReadAction\",\"target\":[\"https:\/\/longchangchemical.com\/product\/agesintbma-cas-585-07-9\/\"]}]},{\"@type\":\"ImageObject\",\"inLanguage\":\"it-IT\",\"@id\":\"https:\/\/longchangchemical.com\/product\/agesintbma-cas-585-07-9\/#primaryimage\",\"url\":\"https:\/\/longchangchemical.com\/wp-content\/uploads\/2022\/08\/TBMA-CAS-585-07-9.jpg\",\"contentUrl\":\"https:\/\/longchangchemical.com\/wp-content\/uploads\/2022\/08\/TBMA-CAS-585-07-9.jpg\",\"width\":800,\"height\":800,\"caption\":\"TBMA CAS 585-07-9\"},{\"@type\":\"BreadcrumbList\",\"@id\":\"https:\/\/longchangchemical.com\/product\/agesintbma-cas-585-07-9\/#breadcrumb\",\"itemListElement\":[{\"@type\":\"ListItem\",\"position\":1,\"name\":\"Home\",\"item\":\"https:\/\/longchangchemical.com\/\"},{\"@type\":\"ListItem\",\"position\":2,\"name\":\"Products Longchang\",\"item\":\"https:\/\/longchangchemical.com\/product\/\"},{\"@type\":\"ListItem\",\"position\":3,\"name\":\"CHLUMICRYL\u00ae TBMA CAS 585-07-9\"}]},{\"@type\":\"WebSite\",\"@id\":\"https:\/\/longchangchemical.com\/#website\",\"url\":\"https:\/\/longchangchemical.com\/\",\"name\":\"Longchang Chemical\",\"description\":\"China chemical manufacturer \uff06 supplier\",\"publisher\":{\"@id\":\"https:\/\/longchangchemical.com\/#organization\"},\"potentialAction\":[{\"@type\":\"SearchAction\",\"target\":{\"@type\":\"EntryPoint\",\"urlTemplate\":\"https:\/\/longchangchemical.com\/?s={search_term_string}\"},\"query-input\":{\"@type\":\"PropertyValueSpecification\",\"valueRequired\":true,\"valueName\":\"search_term_string\"}}],\"inLanguage\":\"it-IT\"},{\"@type\":\"Organization\",\"@id\":\"https:\/\/longchangchemical.com\/#organization\",\"name\":\"Longchang Chemical\",\"url\":\"https:\/\/longchangchemical.com\/\",\"logo\":{\"@type\":\"ImageObject\",\"inLanguage\":\"it-IT\",\"@id\":\"https:\/\/longchangchemical.com\/#\/schema\/logo\/image\/\",\"url\":\"https:\/\/longchangchemical.com\/wp-content\/uploads\/2020\/08\/cropped-longchang-logo.png\",\"contentUrl\":\"https:\/\/longchangchemical.com\/wp-content\/uploads\/2020\/08\/cropped-longchang-logo.png\",\"width\":512,\"height\":512,\"caption\":\"Longchang Chemical\"},\"image\":{\"@id\":\"https:\/\/longchangchemical.com\/#\/schema\/logo\/image\/\"}}]}<\/script>\n<!-- \/ Yoast SEO plugin. -->","yoast_head_json":{"title":"Cina tert-butil metacrilato monomero Fornitore | TBMA Monomero Fornitore | 585-07-9 | Longchang Chemical","description":"TBMA CAS 585-07-9 pu\u00f2 essere utilizzato come rivestimenti, disperdenti, fibre, agenti per il trattamento dei tessuti, materiali di rivestimento, materiali isolanti.","robots":{"index":"index","follow":"follow","max-snippet":"max-snippet:-1","max-image-preview":"max-image-preview:large","max-video-preview":"max-video-preview:-1"},"canonical":"https:\/\/longchangchemical.com\/it\/product\/agesintbma-cas-585-07-9\/","og_locale":"it_IT","og_type":"article","og_title":"China tert-Butyl Methacrylate Monomer Manufacturer | TBMA Monomer Manufacturer | 585-07-9 | Longchang Chemical","og_description":"TBMA CAS 585-07-9 can be used as Coatings, Dispersants, Fibers, Fabric treatment agents, Cladding materials, Insulation materials.","og_url":"https:\/\/longchangchemical.com\/it\/product\/agesintbma-cas-585-07-9\/","og_site_name":"Longchang Chemical","article_modified_time":"2025-04-01T07:12:17+00:00","og_image":[{"width":800,"height":800,"url":"https:\/\/longchangchemical.com\/wp-content\/uploads\/2022\/08\/TBMA-CAS-585-07-9.jpg","type":"image\/jpeg"}],"twitter_card":"summary_large_image","schema":{"@context":"https:\/\/schema.org","@graph":[{"@type":"WebPage","@id":"https:\/\/longchangchemical.com\/product\/agesintbma-cas-585-07-9\/","url":"https:\/\/longchangchemical.com\/product\/agesintbma-cas-585-07-9\/","name":"Cina tert-butil metacrilato monomero Fornitore | TBMA Monomero Fornitore | 585-07-9 | Longchang Chemical","isPartOf":{"@id":"https:\/\/longchangchemical.com\/#website"},"primaryImageOfPage":{"@id":"https:\/\/longchangchemical.com\/product\/agesintbma-cas-585-07-9\/#primaryimage"},"image":{"@id":"https:\/\/longchangchemical.com\/product\/agesintbma-cas-585-07-9\/#primaryimage"},"thumbnailUrl":"https:\/\/longchangchemical.com\/wp-content\/uploads\/2022\/08\/TBMA-CAS-585-07-9.jpg","datePublished":"2022-08-19T13:11:57+00:00","dateModified":"2025-04-01T07:12:17+00:00","description":"TBMA CAS 585-07-9 pu\u00f2 essere utilizzato come rivestimenti, disperdenti, fibre, agenti per il trattamento dei tessuti, materiali di rivestimento, materiali isolanti.","breadcrumb":{"@id":"https:\/\/longchangchemical.com\/product\/agesintbma-cas-585-07-9\/#breadcrumb"},"inLanguage":"it-IT","potentialAction":[{"@type":"ReadAction","target":["https:\/\/longchangchemical.com\/product\/agesintbma-cas-585-07-9\/"]}]},{"@type":"ImageObject","inLanguage":"it-IT","@id":"https:\/\/longchangchemical.com\/product\/agesintbma-cas-585-07-9\/#primaryimage","url":"https:\/\/longchangchemical.com\/wp-content\/uploads\/2022\/08\/TBMA-CAS-585-07-9.jpg","contentUrl":"https:\/\/longchangchemical.com\/wp-content\/uploads\/2022\/08\/TBMA-CAS-585-07-9.jpg","width":800,"height":800,"caption":"TBMA CAS 585-07-9"},{"@type":"BreadcrumbList","@id":"https:\/\/longchangchemical.com\/product\/agesintbma-cas-585-07-9\/#breadcrumb","itemListElement":[{"@type":"ListItem","position":1,"name":"Home","item":"https:\/\/longchangchemical.com\/"},{"@type":"ListItem","position":2,"name":"Products Longchang","item":"https:\/\/longchangchemical.com\/product\/"},{"@type":"ListItem","position":3,"name":"CHLUMICRYL\u00ae TBMA CAS 585-07-9"}]},{"@type":"WebSite","@id":"https:\/\/longchangchemical.com\/#website","url":"https:\/\/longchangchemical.com\/","name":"Longchang Chemical","description":"Cina produttore di prodotti chimici \uff06 fornitore","publisher":{"@id":"https:\/\/longchangchemical.com\/#organization"},"potentialAction":[{"@type":"SearchAction","target":{"@type":"EntryPoint","urlTemplate":"https:\/\/longchangchemical.com\/?s={search_term_string}"},"query-input":{"@type":"PropertyValueSpecification","valueRequired":true,"valueName":"search_term_string"}}],"inLanguage":"it-IT"},{"@type":"Organization","@id":"https:\/\/longchangchemical.com\/#organization","name":"Longchang Chemical","url":"https:\/\/longchangchemical.com\/","logo":{"@type":"ImageObject","inLanguage":"it-IT","@id":"https:\/\/longchangchemical.com\/#\/schema\/logo\/image\/","url":"https:\/\/longchangchemical.com\/wp-content\/uploads\/2020\/08\/cropped-longchang-logo.png","contentUrl":"https:\/\/longchangchemical.com\/wp-content\/uploads\/2020\/08\/cropped-longchang-logo.png","width":512,"height":512,"caption":"Longchang Chemical"},"image":{"@id":"https:\/\/longchangchemical.com\/#\/schema\/logo\/image\/"}}]}},"_links":{"self":[{"href":"https:\/\/longchangchemical.com\/it\/wp-json\/wp\/v2\/product\/5464","targetHints":{"allow":["GET"]}}],"collection":[{"href":"https:\/\/longchangchemical.com\/it\/wp-json\/wp\/v2\/product"}],"about":[{"href":"https:\/\/longchangchemical.com\/it\/wp-json\/wp\/v2\/types\/product"}],"replies":[{"embeddable":true,"href":"https:\/\/longchangchemical.com\/it\/wp-json\/wp\/v2\/comments?post=5464"}],"wp:featuredmedia":[{"embeddable":true,"href":"https:\/\/longchangchemical.com\/it\/wp-json\/wp\/v2\/media\/5465"}],"wp:attachment":[{"href":"https:\/\/longchangchemical.com\/it\/wp-json\/wp\/v2\/media?parent=5464"}],"wp:term":[{"taxonomy":"product_brand","embeddable":true,"href":"https:\/\/longchangchemical.com\/it\/wp-json\/wp\/v2\/product_brand?post=5464"},{"taxonomy":"product_cat","embeddable":true,"href":"https:\/\/longchangchemical.com\/it\/wp-json\/wp\/v2\/product_cat?post=5464"},{"taxonomy":"product_tag","embeddable":true,"href":"https:\/\/longchangchemical.com\/it\/wp-json\/wp\/v2\/product_tag?post=5464"}],"curies":[{"name":"wp","href":"https:\/\/api.w.org\/{rel}","templated":true}]}}