{"id":5378,"date":"2022-07-14T13:17:02","date_gmt":"2022-07-14T13:17:02","guid":{"rendered":"https:\/\/longchangchemical.com\/?post_type=product&#038;p=5378"},"modified":"2025-12-22T07:01:37","modified_gmt":"2025-12-22T07:01:37","slug":"lcnacure-pca-zn-cas-15454-75-8","status":"publish","type":"product","link":"https:\/\/longchangchemical.com\/it\/product\/lcnacure-pca-zn-cas-15454-75-8\/","title":{"rendered":"lcnacure\u00ae PCA-ZN CAS 15454-75-8"},"content":{"rendered":"<h1><strong>lcnacure\u00ae PCA-ZN CAS 15454-75-8<\/strong><\/h1>\n<p>&nbsp;<\/p>\n<p>Il PCA-ZN \u00e8 un nuovo ingrediente della lozione fisioterapica e del balsamo per pelli grasse presente sul mercato. \u00c8 in grado di donare a pelle e capelli una sensazione di morbidezza e freschezza. Ha anche una funzione antirughe perch\u00e9 \u00e8 in grado di inibire la produzione di idrolasi del collagene.<\/p>\n<p>PCA-ZN \u00e8 in grado di migliorare la secrezione di sebo in eccesso, di regolare la secrezione di sebo, di prevenire l'ostruzione dei pori, di mantenere l'equilibrio olio-acqua, di non irritare leggermente la pelle e di non avere effetti collaterali. funghi.<\/p>\n<p><strong><b>Propriet\u00e0:<\/b><\/strong><\/p>\n<table>\n<tbody>\n<tr>\n<td width=\"400\">Aspetto<\/td>\n<td width=\"422\">Polvere cristallina da bianca a grigia<\/td>\n<\/tr>\n<tr>\n<td width=\"400\">Valore PH della soluzione acquosa di 10%<\/td>\n<td width=\"422\">5.0-6.0<\/td>\n<\/tr>\n<tr>\n<td width=\"400\">Contenuto di zinco<\/td>\n<td width=\"422\">17.4\ufe6a-19.2\ufe6a<\/td>\n<\/tr>\n<tr>\n<td width=\"400\">Perdita all'essiccazione<\/td>\n<td width=\"422\">&lt;1,0%<\/td>\n<\/tr>\n<tr>\n<td width=\"400\">Contenuto principale<\/td>\n<td width=\"422\">\u226420ppm<\/td>\n<\/tr>\n<tr>\n<td width=\"400\">Contenuto di arsenico<\/td>\n<td width=\"422\">\u22642ppm<\/td>\n<\/tr>\n<tr>\n<td width=\"400\">Punto di infiammabilit\u00e0<\/td>\n<td width=\"422\">227.8\u00b0C<\/td>\n<\/tr>\n<tr>\n<td width=\"400\">Densit\u00e0<\/td>\n<td width=\"422\">1,38g\/cm3<\/td>\n<\/tr>\n<\/tbody>\n<\/table>\n<p><strong><b>Utilizzo<\/b><\/strong><strong><b>:<\/b><\/strong><\/p>\n<p>PCA-ZN \u00e8 in grado di migliorare la secrezione di sebo in eccesso, di regolare la secrezione di sebo, di prevenire l'ostruzione dei pori, di mantenere l'equilibrio olio-acqua, di non irritare leggermente la pelle e di non avere effetti collaterali. funghi.<\/p>\n<p>Cosmetici principalmente utilizzati per la pelle grassa e a tendenza acneica, per il condizionamento della pelle e l'antiforfora, per le creme antiacne, per il trucco, per gli shampoo, per i lavaggi del corpo, per le creme solari, per i prodotti di riparazione, ecc.<\/p>\n<p><strong><b>Pacchetto<\/b><\/strong><strong><b>:<\/b><\/strong><\/p>\n<p>Borsa\/Tamburo<\/p>\n<p><strong><b>Stoccaggio:<\/b><\/strong><\/p>\n<p>Conservati in magazzini asciutti e puliti con una buona ventilazione.<\/p>\n<p>Evitare l'esposizione alla luce e al calore.<\/p>\n<p>Proteggere il prodotto da perdite, pioggia e insolazione durante il trasporto.<\/p>\n<p>&nbsp;<\/p>\n<h2><strong><b>Contattateci ora!<\/b><\/strong><\/h2>\n<h4><strong><b>Se avete bisogno di COA, MSDS o TDS, inserite i vostri dati di contatto nel modulo sottostante; di solito vi contatteremo entro 24 ore.<\/b><\/strong> Potete anche inviarmi un'e-mail <a href=\"mailto:info@longchangchemical.com\"><span style=\"color: #0000ff;\">info@longchangchemical.com<\/span><\/a> durante l'orario di lavoro (dalle 8:30 alle 18:00 UTC+8 lun.-sab.) o utilizzare la live chat del sito web per ottenere una risposta immediata.<\/h4>","protected":false},"excerpt":{"rendered":"<p><strong><b>Sinonimo:<\/b><\/strong>Zinco PCA;bis(5-oxo-L-prolinato-N1,O2)zinco;sale di zinco dell'acido piroglutammico;pidolato di zinco;piroglutammato di zinco;5-oxoprolina;zinco 5-oxopirrolidina-2-carbossilato<\/p>\n<p><strong><b>Numero CAS<\/b><\/strong>: 15454-75-8<\/p>\n<p><strong><b>Formula molecolare<\/b><\/strong>: C10H12N2O6Zn<\/p>\n<p><strong><b>Struttura molecolare:<\/b><\/strong><\/p>\n<p><img decoding=\"async\" class=\"alignnone size-full wp-image-4826\" src=\"https:\/\/longchangchemical.com\/wp-content\/uploads\/2022\/07\/15454-75-8.gif\" alt=\"\" width=\"188\" height=\"93\" \/><\/p>\n<p>&nbsp;<\/p>","protected":false},"featured_media":5379,"comment_status":"open","ping_status":"closed","template":"","meta":[],"product_brand":[],"product_cat":[103],"product_tag":[],"class_list":{"0":"post-5378","1":"product","2":"type-product","3":"status-publish","4":"has-post-thumbnail","6":"product_cat-cosmetic-additives","8":"first","9":"instock","10":"shipping-taxable","11":"product-type-simple"},"yoast_head":"<!-- This site is optimized with the Yoast SEO plugin v25.3.1 - https:\/\/yoast.com\/wordpress\/plugins\/seo\/ -->\n<title>Bis(5-oxo-L-prolinato-N1,O2)zinc ( PCA-ZN \/ Zinc PCA ) manufacturer Cas 15454-75-8 supplier - Longchang Chemical<\/title>\n<meta name=\"description\" content=\"lcnacure PCA-ZN,synonym name :Zinc PCA;bis(5-oxo-L-prolinato-N1,O2)zinc;Pyroglutamic acid zinc salt;Zinc pidolate;Zinc pyroglutamate;5-oxoproline;Zinc 5-oxopyrrolidine-2-carboxylate.Mainly used cosmetics for oily skin and acne-prone skin, skin conditioning and anti-dandruff, acne creams, make-up, shampoos, body washes, sunscreens, repair products, etc.\" \/>\n<meta name=\"robots\" content=\"index, follow, max-snippet:-1, max-image-preview:large, max-video-preview:-1\" \/>\n<link rel=\"canonical\" href=\"https:\/\/longchangchemical.com\/it\/product\/lcnacure-pca-zn-cas-15454-75-8\/\" \/>\n<meta property=\"og:locale\" content=\"it_IT\" \/>\n<meta property=\"og:type\" content=\"article\" \/>\n<meta property=\"og:title\" content=\"Bis(5-oxo-L-prolinato-N1,O2)zinc ( PCA-ZN \/ Zinc PCA ) manufacturer Cas 15454-75-8 supplier - Longchang Chemical\" \/>\n<meta property=\"og:description\" content=\"lcnacure PCA-ZN,synonym name :Zinc PCA;bis(5-oxo-L-prolinato-N1,O2)zinc;Pyroglutamic acid zinc salt;Zinc pidolate;Zinc pyroglutamate;5-oxoproline;Zinc 5-oxopyrrolidine-2-carboxylate.Mainly used cosmetics for oily skin and acne-prone skin, skin conditioning and anti-dandruff, acne creams, make-up, shampoos, body washes, sunscreens, repair products, etc.\" \/>\n<meta property=\"og:url\" content=\"https:\/\/longchangchemical.com\/it\/product\/lcnacure-pca-zn-cas-15454-75-8\/\" \/>\n<meta property=\"og:site_name\" content=\"Longchang Chemical\" \/>\n<meta property=\"article:modified_time\" content=\"2025-12-22T07:01:37+00:00\" \/>\n<meta property=\"og:image\" content=\"https:\/\/longchangchemical.com\/wp-content\/uploads\/2022\/07\/Zinc-PCA.jpg\" \/>\n\t<meta property=\"og:image:width\" content=\"800\" \/>\n\t<meta property=\"og:image:height\" content=\"800\" \/>\n\t<meta property=\"og:image:type\" content=\"image\/jpeg\" \/>\n<meta name=\"twitter:card\" content=\"summary_large_image\" \/>\n<script type=\"application\/ld+json\" class=\"yoast-schema-graph\">{\"@context\":\"https:\/\/schema.org\",\"@graph\":[{\"@type\":\"WebPage\",\"@id\":\"https:\/\/longchangchemical.com\/product\/lcnacure-pca-zn-cas-15454-75-8\/\",\"url\":\"https:\/\/longchangchemical.com\/product\/lcnacure-pca-zn-cas-15454-75-8\/\",\"name\":\"Bis(5-oxo-L-prolinato-N1,O2)zinc ( PCA-ZN \/ Zinc PCA ) manufacturer Cas 15454-75-8 supplier - Longchang Chemical\",\"isPartOf\":{\"@id\":\"https:\/\/longchangchemical.com\/#website\"},\"primaryImageOfPage\":{\"@id\":\"https:\/\/longchangchemical.com\/product\/lcnacure-pca-zn-cas-15454-75-8\/#primaryimage\"},\"image\":{\"@id\":\"https:\/\/longchangchemical.com\/product\/lcnacure-pca-zn-cas-15454-75-8\/#primaryimage\"},\"thumbnailUrl\":\"https:\/\/longchangchemical.com\/wp-content\/uploads\/2022\/07\/Zinc-PCA.jpg\",\"datePublished\":\"2022-07-14T13:17:02+00:00\",\"dateModified\":\"2025-12-22T07:01:37+00:00\",\"description\":\"lcnacure PCA-ZN,synonym name :Zinc PCA;bis(5-oxo-L-prolinato-N1,O2)zinc;Pyroglutamic acid zinc salt;Zinc pidolate;Zinc pyroglutamate;5-oxoproline;Zinc 5-oxopyrrolidine-2-carboxylate.Mainly used cosmetics for oily skin and acne-prone skin, skin conditioning and anti-dandruff, acne creams, make-up, shampoos, body washes, sunscreens, repair products, etc.\",\"breadcrumb\":{\"@id\":\"https:\/\/longchangchemical.com\/product\/lcnacure-pca-zn-cas-15454-75-8\/#breadcrumb\"},\"inLanguage\":\"it-IT\",\"potentialAction\":[{\"@type\":\"ReadAction\",\"target\":[\"https:\/\/longchangchemical.com\/product\/lcnacure-pca-zn-cas-15454-75-8\/\"]}]},{\"@type\":\"ImageObject\",\"inLanguage\":\"it-IT\",\"@id\":\"https:\/\/longchangchemical.com\/product\/lcnacure-pca-zn-cas-15454-75-8\/#primaryimage\",\"url\":\"https:\/\/longchangchemical.com\/wp-content\/uploads\/2022\/07\/Zinc-PCA.jpg\",\"contentUrl\":\"https:\/\/longchangchemical.com\/wp-content\/uploads\/2022\/07\/Zinc-PCA.jpg\",\"width\":800,\"height\":800,\"caption\":\"Zinc-PCA\"},{\"@type\":\"BreadcrumbList\",\"@id\":\"https:\/\/longchangchemical.com\/product\/lcnacure-pca-zn-cas-15454-75-8\/#breadcrumb\",\"itemListElement\":[{\"@type\":\"ListItem\",\"position\":1,\"name\":\"Home\",\"item\":\"https:\/\/longchangchemical.com\/\"},{\"@type\":\"ListItem\",\"position\":2,\"name\":\"Products Longchang\",\"item\":\"https:\/\/longchangchemical.com\/product\/\"},{\"@type\":\"ListItem\",\"position\":3,\"name\":\"lcnacure\u00ae PCA-ZN CAS 15454-75-8\"}]},{\"@type\":\"WebSite\",\"@id\":\"https:\/\/longchangchemical.com\/#website\",\"url\":\"https:\/\/longchangchemical.com\/\",\"name\":\"Longchang Chemical\",\"description\":\"China chemical manufacturer \uff06 supplier\",\"publisher\":{\"@id\":\"https:\/\/longchangchemical.com\/#organization\"},\"potentialAction\":[{\"@type\":\"SearchAction\",\"target\":{\"@type\":\"EntryPoint\",\"urlTemplate\":\"https:\/\/longchangchemical.com\/?s={search_term_string}\"},\"query-input\":{\"@type\":\"PropertyValueSpecification\",\"valueRequired\":true,\"valueName\":\"search_term_string\"}}],\"inLanguage\":\"it-IT\"},{\"@type\":\"Organization\",\"@id\":\"https:\/\/longchangchemical.com\/#organization\",\"name\":\"Longchang Chemical\",\"url\":\"https:\/\/longchangchemical.com\/\",\"logo\":{\"@type\":\"ImageObject\",\"inLanguage\":\"it-IT\",\"@id\":\"https:\/\/longchangchemical.com\/#\/schema\/logo\/image\/\",\"url\":\"https:\/\/longchangchemical.com\/wp-content\/uploads\/2020\/08\/cropped-longchang-logo.png\",\"contentUrl\":\"https:\/\/longchangchemical.com\/wp-content\/uploads\/2020\/08\/cropped-longchang-logo.png\",\"width\":512,\"height\":512,\"caption\":\"Longchang Chemical\"},\"image\":{\"@id\":\"https:\/\/longchangchemical.com\/#\/schema\/logo\/image\/\"}}]}<\/script>\n<!-- \/ Yoast SEO plugin. -->","yoast_head_json":{"title":"Bis(5-oxo-L-prolinato-N1,O2)zinco ( PCA-ZN \/ Zinco PCA ) fornitore Cas 15454-75-8 - Longchang Chemical","description":"lcnacure PCA-ZN, nome sinonimo: Zinco PCA; bis(5-oxo-L-prolinato-N1,O2)zinco; sale di zinco dell'acido piroglutammico; pidolato di zinco; piroglutammato di zinco; 5-oxoprolina; zinco 5-oxopirrolidina-2-carbossilato.Principalmente cosmetici utilizzati per la pelle grassa e la pelle a tendenza acneica, condizionamento della pelle e antiforfora, creme antiacne, make-up, shampoo, lavaggi per il corpo, creme solari, prodotti di riparazione, ecc.","robots":{"index":"index","follow":"follow","max-snippet":"max-snippet:-1","max-image-preview":"max-image-preview:large","max-video-preview":"max-video-preview:-1"},"canonical":"https:\/\/longchangchemical.com\/it\/product\/lcnacure-pca-zn-cas-15454-75-8\/","og_locale":"it_IT","og_type":"article","og_title":"Bis(5-oxo-L-prolinato-N1,O2)zinc ( PCA-ZN \/ Zinc PCA ) manufacturer Cas 15454-75-8 supplier - Longchang Chemical","og_description":"lcnacure PCA-ZN,synonym name :Zinc PCA;bis(5-oxo-L-prolinato-N1,O2)zinc;Pyroglutamic acid zinc salt;Zinc pidolate;Zinc pyroglutamate;5-oxoproline;Zinc 5-oxopyrrolidine-2-carboxylate.Mainly used cosmetics for oily skin and acne-prone skin, skin conditioning and anti-dandruff, acne creams, make-up, shampoos, body washes, sunscreens, repair products, etc.","og_url":"https:\/\/longchangchemical.com\/it\/product\/lcnacure-pca-zn-cas-15454-75-8\/","og_site_name":"Longchang Chemical","article_modified_time":"2025-12-22T07:01:37+00:00","og_image":[{"width":800,"height":800,"url":"https:\/\/longchangchemical.com\/wp-content\/uploads\/2022\/07\/Zinc-PCA.jpg","type":"image\/jpeg"}],"twitter_card":"summary_large_image","schema":{"@context":"https:\/\/schema.org","@graph":[{"@type":"WebPage","@id":"https:\/\/longchangchemical.com\/product\/lcnacure-pca-zn-cas-15454-75-8\/","url":"https:\/\/longchangchemical.com\/product\/lcnacure-pca-zn-cas-15454-75-8\/","name":"Bis(5-oxo-L-prolinato-N1,O2)zinco ( PCA-ZN \/ Zinco PCA ) fornitore Cas 15454-75-8 - Longchang Chemical","isPartOf":{"@id":"https:\/\/longchangchemical.com\/#website"},"primaryImageOfPage":{"@id":"https:\/\/longchangchemical.com\/product\/lcnacure-pca-zn-cas-15454-75-8\/#primaryimage"},"image":{"@id":"https:\/\/longchangchemical.com\/product\/lcnacure-pca-zn-cas-15454-75-8\/#primaryimage"},"thumbnailUrl":"https:\/\/longchangchemical.com\/wp-content\/uploads\/2022\/07\/Zinc-PCA.jpg","datePublished":"2022-07-14T13:17:02+00:00","dateModified":"2025-12-22T07:01:37+00:00","description":"lcnacure PCA-ZN, nome sinonimo: Zinco PCA; bis(5-oxo-L-prolinato-N1,O2)zinco; sale di zinco dell'acido piroglutammico; pidolato di zinco; piroglutammato di zinco; 5-oxoprolina; zinco 5-oxopirrolidina-2-carbossilato.Principalmente cosmetici utilizzati per la pelle grassa e la pelle a tendenza acneica, condizionamento della pelle e antiforfora, creme antiacne, make-up, shampoo, lavaggi per il corpo, creme solari, prodotti di riparazione, ecc.","breadcrumb":{"@id":"https:\/\/longchangchemical.com\/product\/lcnacure-pca-zn-cas-15454-75-8\/#breadcrumb"},"inLanguage":"it-IT","potentialAction":[{"@type":"ReadAction","target":["https:\/\/longchangchemical.com\/product\/lcnacure-pca-zn-cas-15454-75-8\/"]}]},{"@type":"ImageObject","inLanguage":"it-IT","@id":"https:\/\/longchangchemical.com\/product\/lcnacure-pca-zn-cas-15454-75-8\/#primaryimage","url":"https:\/\/longchangchemical.com\/wp-content\/uploads\/2022\/07\/Zinc-PCA.jpg","contentUrl":"https:\/\/longchangchemical.com\/wp-content\/uploads\/2022\/07\/Zinc-PCA.jpg","width":800,"height":800,"caption":"Zinc-PCA"},{"@type":"BreadcrumbList","@id":"https:\/\/longchangchemical.com\/product\/lcnacure-pca-zn-cas-15454-75-8\/#breadcrumb","itemListElement":[{"@type":"ListItem","position":1,"name":"Home","item":"https:\/\/longchangchemical.com\/"},{"@type":"ListItem","position":2,"name":"Products Longchang","item":"https:\/\/longchangchemical.com\/product\/"},{"@type":"ListItem","position":3,"name":"lcnacure\u00ae PCA-ZN CAS 15454-75-8"}]},{"@type":"WebSite","@id":"https:\/\/longchangchemical.com\/#website","url":"https:\/\/longchangchemical.com\/","name":"Longchang Chemical","description":"Cina produttore di prodotti chimici \uff06 fornitore","publisher":{"@id":"https:\/\/longchangchemical.com\/#organization"},"potentialAction":[{"@type":"SearchAction","target":{"@type":"EntryPoint","urlTemplate":"https:\/\/longchangchemical.com\/?s={search_term_string}"},"query-input":{"@type":"PropertyValueSpecification","valueRequired":true,"valueName":"search_term_string"}}],"inLanguage":"it-IT"},{"@type":"Organization","@id":"https:\/\/longchangchemical.com\/#organization","name":"Longchang Chemical","url":"https:\/\/longchangchemical.com\/","logo":{"@type":"ImageObject","inLanguage":"it-IT","@id":"https:\/\/longchangchemical.com\/#\/schema\/logo\/image\/","url":"https:\/\/longchangchemical.com\/wp-content\/uploads\/2020\/08\/cropped-longchang-logo.png","contentUrl":"https:\/\/longchangchemical.com\/wp-content\/uploads\/2020\/08\/cropped-longchang-logo.png","width":512,"height":512,"caption":"Longchang Chemical"},"image":{"@id":"https:\/\/longchangchemical.com\/#\/schema\/logo\/image\/"}}]}},"_links":{"self":[{"href":"https:\/\/longchangchemical.com\/it\/wp-json\/wp\/v2\/product\/5378","targetHints":{"allow":["GET"]}}],"collection":[{"href":"https:\/\/longchangchemical.com\/it\/wp-json\/wp\/v2\/product"}],"about":[{"href":"https:\/\/longchangchemical.com\/it\/wp-json\/wp\/v2\/types\/product"}],"replies":[{"embeddable":true,"href":"https:\/\/longchangchemical.com\/it\/wp-json\/wp\/v2\/comments?post=5378"}],"wp:featuredmedia":[{"embeddable":true,"href":"https:\/\/longchangchemical.com\/it\/wp-json\/wp\/v2\/media\/5379"}],"wp:attachment":[{"href":"https:\/\/longchangchemical.com\/it\/wp-json\/wp\/v2\/media?parent=5378"}],"wp:term":[{"taxonomy":"product_brand","embeddable":true,"href":"https:\/\/longchangchemical.com\/it\/wp-json\/wp\/v2\/product_brand?post=5378"},{"taxonomy":"product_cat","embeddable":true,"href":"https:\/\/longchangchemical.com\/it\/wp-json\/wp\/v2\/product_cat?post=5378"},{"taxonomy":"product_tag","embeddable":true,"href":"https:\/\/longchangchemical.com\/it\/wp-json\/wp\/v2\/product_tag?post=5378"}],"curies":[{"name":"wp","href":"https:\/\/api.w.org\/{rel}","templated":true}]}}