{"id":5252,"date":"2022-05-20T13:42:00","date_gmt":"2022-05-20T13:42:00","guid":{"rendered":"https:\/\/longchangchemical.com\/?post_type=product&#038;p=5252"},"modified":"2025-08-22T09:37:07","modified_gmt":"2025-08-22T09:37:07","slug":"uvj7002","status":"publish","type":"product","link":"https:\/\/longchangchemical.com\/it\/product\/uvj7002\/","title":{"rendered":"CHLUMICRYL\u00ae UVJ7002 \/ Resina per smalto per fototerapia \/ Top Coat Materia prima"},"content":{"rendered":"<h1><strong> UVJ7002 \/ Materia prima Top Coat<\/strong><\/h1>\n<p>&nbsp;<\/p>\n<p><strong>Ingrediente<\/strong>:Fototerapia smalto resina<\/p>\n<div>\n<p><strong>T<\/strong><strong>tipo:<\/strong>\u00a0Acrilato alifatico modificato con poliuretano<\/p>\n<p><strong>Suggerimenti per l'applicazione<\/strong><strong>\u00a0e propriet\u00e0<\/strong><strong>:<\/strong><\/p>\n<ul>\n<li>Buona resistenza ai graffi<\/li>\n<li>Elevata brillantezza e resistenza agli agenti atmosferici<\/li>\n<li>La superficie \u00e8 liscia e anti-inquinamento.<\/li>\n<li>Gli usi consigliati sono i seguenti:<\/li>\n<\/ul>\n<p><em><i>La resina principale di vari smalti per unghie fotopolimerizzabili \u00e8 utilizzata principalmente per ottenere uno strato superficiale ad alta luminosit\u00e0 e senza sfregamenti. Dosaggio consigliato: 50-80%.<\/i><\/em><\/p>\n<p><strong>Top Coat sviluppato dal nostro marchio: <a href=\"https:\/\/chromeclair.com\/product\/top-coat-hema-free-and-tpo-free-10ml\/\"><span style=\"color: #00ccff;\">CHROM\u00c9CLAIR Top Coat<\/span><\/a><\/strong><\/p>\n<p><strong>Caratteristiche:<\/strong><\/p>\n<table>\n<tbody>\n<tr>\n<td width=\"370\">Aspetto incolore<\/td>\n<td width=\"293\">\u00a0Liquido trasparente e viscoso<\/td>\n<\/tr>\n<tr>\n<td width=\"370\">Viscosit\u00e0 (40\u2103)<\/td>\n<td width=\"293\">10000-30000 mPa*s<\/td>\n<\/tr>\n<tr>\n<td width=\"370\">Colore (fe\/co)<\/td>\n<td width=\"293\">\u00a00<\/td>\n<\/tr>\n<\/tbody>\n<\/table>\n<p>&nbsp;<\/p>\n<h2><strong> UVJ7002 Imballaggio<\/strong><\/h2>\n<p>50 kg o 200 kg\/tamburo.<\/p>\n<p>&nbsp;<\/p>\n<h2><strong><b> UVJ7002 Stoccaggio<\/b><\/strong><\/h2>\n<p>Conservati in magazzini asciutti e puliti con una buona ventilazione.<\/p>\n<p>Evitare l'esposizione alla luce e al calore.<\/p>\n<p>Proteggere il prodotto da perdite, pioggia e insolazione durante il trasporto.<\/p>\n<p>&nbsp;<\/p>\n<h2><strong><b>Contattateci ora!<\/b><\/strong><\/h2>\n<h4><strong><b>Se <\/b><\/strong><strong><b>Avete bisogno di un prezzo o di un COA, di un MSDS o di un TDS? <\/b><\/strong><strong><b>compilate il modulo sottostante e indicate che, di solito, vi contatteremo entro 24 ore. Potete anche inviarmi un'e-mail <span style=\"color: #0000ff;\"><a style=\"color: #0000ff;\" href=\"mailto:info@longchangchemical.com\">info@longchangchemical.com<\/a><\/span> durante l'orario di lavoro (dalle 8:30 alle 18:00 UTC+8 lun.-sab.) o utilizzare la live chat del sito web per ottenere una risposta immediata.<\/b><\/strong><\/h4>\n<\/div>","protected":false},"excerpt":{"rendered":"<p>Descrizione del prodotto: Smalto per unghie per fototerapia in resina.<br \/>\nAcrilato alifatico modificato con poliuretano<\/p>\n<p>Viscosit\u00e0 (40\u2103): 10000-30000 mPa*s<\/p>\n<p>Colore (fe\/co): 0<\/p>\n<p>Confezione: 50 kg o 200 kg\/tamburo<\/p>","protected":false},"featured_media":0,"comment_status":"closed","ping_status":"closed","template":"","meta":[],"product_brand":[],"product_cat":[137],"product_tag":[],"class_list":{"0":"post-5252","1":"product","2":"type-product","3":"status-publish","5":"product_cat-uv-oligomer","7":"first","8":"instock","9":"shipping-taxable","10":"product-type-simple"},"yoast_head":"<!-- This site is optimized with the Yoast SEO plugin v25.3.1 - https:\/\/yoast.com\/wordpress\/plugins\/seo\/ -->\n<title>Phototherapy nail polish resin manufacturer - Aliphatic Polyurethane Modified Acrylate supplier - Longchang chemical<\/title>\n<meta name=\"description\" content=\"UVJ7002 is a resin specially for Phototherapy nail polish , The main resin of various light-curing nail polishes is mainly used for high-brightness, rub-free surface layer, Which is the key product of Longchang Chemical. We are the leading uv oligomer manufacturer and supplier in China with the best quanlity and competitive price.\" \/>\n<meta name=\"robots\" content=\"index, follow, max-snippet:-1, max-image-preview:large, max-video-preview:-1\" \/>\n<link rel=\"canonical\" href=\"https:\/\/longchangchemical.com\/it\/product\/uvj7002\/\" \/>\n<meta property=\"og:locale\" content=\"it_IT\" \/>\n<meta property=\"og:type\" content=\"article\" \/>\n<meta property=\"og:title\" content=\"Phototherapy nail polish resin manufacturer - Aliphatic Polyurethane Modified Acrylate supplier - Longchang chemical\" \/>\n<meta property=\"og:description\" content=\"UVJ7002 is a resin specially for Phototherapy nail polish , The main resin of various light-curing nail polishes is mainly used for high-brightness, rub-free surface layer, Which is the key product of Longchang Chemical. We are the leading uv oligomer manufacturer and supplier in China with the best quanlity and competitive price.\" \/>\n<meta property=\"og:url\" content=\"https:\/\/longchangchemical.com\/it\/product\/uvj7002\/\" \/>\n<meta property=\"og:site_name\" content=\"Longchang Chemical\" \/>\n<meta property=\"article:modified_time\" content=\"2025-08-22T09:37:07+00:00\" \/>\n<meta property=\"og:image\" content=\"https:\/\/longchangchemical.com\/wp-content\/uploads\/2024\/02\/logo-jpeg.jpg\" \/>\n\t<meta property=\"og:image:width\" content=\"1000\" \/>\n\t<meta property=\"og:image:height\" content=\"1000\" \/>\n\t<meta property=\"og:image:type\" content=\"image\/jpeg\" \/>\n<meta name=\"twitter:card\" content=\"summary_large_image\" \/>\n<script type=\"application\/ld+json\" class=\"yoast-schema-graph\">{\"@context\":\"https:\/\/schema.org\",\"@graph\":[{\"@type\":\"WebPage\",\"@id\":\"https:\/\/longchangchemical.com\/product\/uvj7002\/\",\"url\":\"https:\/\/longchangchemical.com\/product\/uvj7002\/\",\"name\":\"Phototherapy nail polish resin manufacturer - Aliphatic Polyurethane Modified Acrylate supplier - Longchang chemical\",\"isPartOf\":{\"@id\":\"https:\/\/longchangchemical.com\/#website\"},\"datePublished\":\"2022-05-20T13:42:00+00:00\",\"dateModified\":\"2025-08-22T09:37:07+00:00\",\"description\":\"UVJ7002 is a resin specially for Phototherapy nail polish , The main resin of various light-curing nail polishes is mainly used for high-brightness, rub-free surface layer, Which is the key product of Longchang Chemical. We are the leading uv oligomer manufacturer and supplier in China with the best quanlity and competitive price.\",\"breadcrumb\":{\"@id\":\"https:\/\/longchangchemical.com\/product\/uvj7002\/#breadcrumb\"},\"inLanguage\":\"it-IT\",\"potentialAction\":[{\"@type\":\"ReadAction\",\"target\":[\"https:\/\/longchangchemical.com\/product\/uvj7002\/\"]}]},{\"@type\":\"BreadcrumbList\",\"@id\":\"https:\/\/longchangchemical.com\/product\/uvj7002\/#breadcrumb\",\"itemListElement\":[{\"@type\":\"ListItem\",\"position\":1,\"name\":\"Home\",\"item\":\"https:\/\/longchangchemical.com\/\"},{\"@type\":\"ListItem\",\"position\":2,\"name\":\"Products Longchang\",\"item\":\"https:\/\/longchangchemical.com\/product\/\"},{\"@type\":\"ListItem\",\"position\":3,\"name\":\"CHLUMICRYL\u00ae UVJ7002 \/ Phototherapy nail polish resin \/ Top Coat Raw Material\"}]},{\"@type\":\"WebSite\",\"@id\":\"https:\/\/longchangchemical.com\/#website\",\"url\":\"https:\/\/longchangchemical.com\/\",\"name\":\"Longchang Chemical\",\"description\":\"China chemical manufacturer \uff06 supplier\",\"publisher\":{\"@id\":\"https:\/\/longchangchemical.com\/#organization\"},\"potentialAction\":[{\"@type\":\"SearchAction\",\"target\":{\"@type\":\"EntryPoint\",\"urlTemplate\":\"https:\/\/longchangchemical.com\/?s={search_term_string}\"},\"query-input\":{\"@type\":\"PropertyValueSpecification\",\"valueRequired\":true,\"valueName\":\"search_term_string\"}}],\"inLanguage\":\"it-IT\"},{\"@type\":\"Organization\",\"@id\":\"https:\/\/longchangchemical.com\/#organization\",\"name\":\"Longchang Chemical\",\"url\":\"https:\/\/longchangchemical.com\/\",\"logo\":{\"@type\":\"ImageObject\",\"inLanguage\":\"it-IT\",\"@id\":\"https:\/\/longchangchemical.com\/#\/schema\/logo\/image\/\",\"url\":\"https:\/\/longchangchemical.com\/wp-content\/uploads\/2020\/08\/cropped-longchang-logo.png\",\"contentUrl\":\"https:\/\/longchangchemical.com\/wp-content\/uploads\/2020\/08\/cropped-longchang-logo.png\",\"width\":512,\"height\":512,\"caption\":\"Longchang Chemical\"},\"image\":{\"@id\":\"https:\/\/longchangchemical.com\/#\/schema\/logo\/image\/\"}}]}<\/script>\n<!-- \/ Yoast SEO plugin. -->","yoast_head_json":{"title":"Resina per smalto per fototerapia fabbricante - Fornitore di acrilato modificato di poliuretano alifatico - Longchang chemical","description":"UVJ7002 \u00e8 una resina speciale per smalti per fototerapia, la resina principale di vari smalti per unghie fotopolimerizzabili \u00e8 utilizzata principalmente per uno strato superficiale ad alta luminosit\u00e0 e senza sfregamento, che \u00e8 il prodotto chiave di Longchang Chemical. Siamo il principale produttore e fornitore di oligomeri uv in Cina con la migliore qualit\u00e0 e il prezzo competitivo.","robots":{"index":"index","follow":"follow","max-snippet":"max-snippet:-1","max-image-preview":"max-image-preview:large","max-video-preview":"max-video-preview:-1"},"canonical":"https:\/\/longchangchemical.com\/it\/product\/uvj7002\/","og_locale":"it_IT","og_type":"article","og_title":"Phototherapy nail polish resin manufacturer - Aliphatic Polyurethane Modified Acrylate supplier - Longchang chemical","og_description":"UVJ7002 is a resin specially for Phototherapy nail polish , The main resin of various light-curing nail polishes is mainly used for high-brightness, rub-free surface layer, Which is the key product of Longchang Chemical. We are the leading uv oligomer manufacturer and supplier in China with the best quanlity and competitive price.","og_url":"https:\/\/longchangchemical.com\/it\/product\/uvj7002\/","og_site_name":"Longchang Chemical","article_modified_time":"2025-08-22T09:37:07+00:00","og_image":[{"width":1000,"height":1000,"url":"https:\/\/longchangchemical.com\/wp-content\/uploads\/2024\/02\/logo-jpeg.jpg","type":"image\/jpeg"}],"twitter_card":"summary_large_image","schema":{"@context":"https:\/\/schema.org","@graph":[{"@type":"WebPage","@id":"https:\/\/longchangchemical.com\/product\/uvj7002\/","url":"https:\/\/longchangchemical.com\/product\/uvj7002\/","name":"Resina per smalto per fototerapia fabbricante - Fornitore di acrilato modificato di poliuretano alifatico - Longchang chemical","isPartOf":{"@id":"https:\/\/longchangchemical.com\/#website"},"datePublished":"2022-05-20T13:42:00+00:00","dateModified":"2025-08-22T09:37:07+00:00","description":"UVJ7002 \u00e8 una resina speciale per smalti per fototerapia, la resina principale di vari smalti per unghie fotopolimerizzabili \u00e8 utilizzata principalmente per uno strato superficiale ad alta luminosit\u00e0 e senza sfregamento, che \u00e8 il prodotto chiave di Longchang Chemical. Siamo il principale produttore e fornitore di oligomeri uv in Cina con la migliore qualit\u00e0 e il prezzo competitivo.","breadcrumb":{"@id":"https:\/\/longchangchemical.com\/product\/uvj7002\/#breadcrumb"},"inLanguage":"it-IT","potentialAction":[{"@type":"ReadAction","target":["https:\/\/longchangchemical.com\/product\/uvj7002\/"]}]},{"@type":"BreadcrumbList","@id":"https:\/\/longchangchemical.com\/product\/uvj7002\/#breadcrumb","itemListElement":[{"@type":"ListItem","position":1,"name":"Home","item":"https:\/\/longchangchemical.com\/"},{"@type":"ListItem","position":2,"name":"Products Longchang","item":"https:\/\/longchangchemical.com\/product\/"},{"@type":"ListItem","position":3,"name":"CHLUMICRYL\u00ae UVJ7002 \/ Phototherapy nail polish resin \/ Top Coat Raw Material"}]},{"@type":"WebSite","@id":"https:\/\/longchangchemical.com\/#website","url":"https:\/\/longchangchemical.com\/","name":"Longchang Chemical","description":"Cina produttore di prodotti chimici \uff06 fornitore","publisher":{"@id":"https:\/\/longchangchemical.com\/#organization"},"potentialAction":[{"@type":"SearchAction","target":{"@type":"EntryPoint","urlTemplate":"https:\/\/longchangchemical.com\/?s={search_term_string}"},"query-input":{"@type":"PropertyValueSpecification","valueRequired":true,"valueName":"search_term_string"}}],"inLanguage":"it-IT"},{"@type":"Organization","@id":"https:\/\/longchangchemical.com\/#organization","name":"Longchang Chemical","url":"https:\/\/longchangchemical.com\/","logo":{"@type":"ImageObject","inLanguage":"it-IT","@id":"https:\/\/longchangchemical.com\/#\/schema\/logo\/image\/","url":"https:\/\/longchangchemical.com\/wp-content\/uploads\/2020\/08\/cropped-longchang-logo.png","contentUrl":"https:\/\/longchangchemical.com\/wp-content\/uploads\/2020\/08\/cropped-longchang-logo.png","width":512,"height":512,"caption":"Longchang Chemical"},"image":{"@id":"https:\/\/longchangchemical.com\/#\/schema\/logo\/image\/"}}]}},"_links":{"self":[{"href":"https:\/\/longchangchemical.com\/it\/wp-json\/wp\/v2\/product\/5252","targetHints":{"allow":["GET"]}}],"collection":[{"href":"https:\/\/longchangchemical.com\/it\/wp-json\/wp\/v2\/product"}],"about":[{"href":"https:\/\/longchangchemical.com\/it\/wp-json\/wp\/v2\/types\/product"}],"replies":[{"embeddable":true,"href":"https:\/\/longchangchemical.com\/it\/wp-json\/wp\/v2\/comments?post=5252"}],"wp:attachment":[{"href":"https:\/\/longchangchemical.com\/it\/wp-json\/wp\/v2\/media?parent=5252"}],"wp:term":[{"taxonomy":"product_brand","embeddable":true,"href":"https:\/\/longchangchemical.com\/it\/wp-json\/wp\/v2\/product_brand?post=5252"},{"taxonomy":"product_cat","embeddable":true,"href":"https:\/\/longchangchemical.com\/it\/wp-json\/wp\/v2\/product_cat?post=5252"},{"taxonomy":"product_tag","embeddable":true,"href":"https:\/\/longchangchemical.com\/it\/wp-json\/wp\/v2\/product_tag?post=5252"}],"curies":[{"name":"wp","href":"https:\/\/api.w.org\/{rel}","templated":true}]}}