{"id":4848,"date":"2021-11-23T15:05:50","date_gmt":"2021-11-23T15:05:50","guid":{"rendered":"https:\/\/longchangchemical.com\/?post_type=product&#038;p=4848"},"modified":"2022-04-07T04:43:09","modified_gmt":"2022-04-07T04:43:09","slug":"soresyn5100","status":"publish","type":"product","link":"https:\/\/longchangchemical.com\/it\/product\/soresyn5100\/","title":{"rendered":"Soresyn\u00ae5100"},"content":{"rendered":"<h1>Che cos'\u00e8 Soresyn\u00ae5100?<\/h1>\n<h4>Soresyn\u00ae5100 \u00e8 una resina DCPD idrogenata che utilizza il diciclopentadiene come materia prima; il prodotto finito \u00e8 un solido bianco come l'acqua, inodore, con un'eccellente stabilit\u00e0 termica, una forte resistenza all'acqua e ai raggi UV e una buona compatibilit\u00e0 con EVA, SIS, SBS, SEBS, APP, APAO. Pu\u00f2 essere ampiamente utilizzato negli adesivi hot-melt, negli adesivi sensibili alla pressione, nei nastri, nelle etichette, nei materiali sanitari, nella miscelazione della gomma e in altri campi.<\/h4>\n<h2><strong>Confezionamento di Soresyn\u00ae5100<\/strong><\/h2>\n<h4>Per l'imballaggio dei prodotti si devono utilizzare sacchetti in polipropilene rivestiti di pellicola di polietilene o altre condizioni di imballaggio. I materiali di imballaggio devono garantire che non siano inquinati o fuoriusciti durante il trasporto, l'accatastamento e lo stoccaggio e che il contenuto netto sia di 25 kg, 500 kg senza usura.<\/h4>\n<h2><strong>Trasporto Soresyn\u00ae5100<\/strong><\/h2>\n<h4>Questo prodotto non \u00e8 pericoloso. \u00c8 severamente vietato utilizzare strumenti appuntiti come ganci di ferro durante il trasporto, il carico e lo scarico, e non gettarlo. Il mezzo di trasporto deve essere mantenuto pulito, asciutto e dotato di una tettoia. Durante il trasporto, non deve essere mescolato con sabbia, metallo rotto, carbone, vetro, ecc. e non deve essere mescolato con materiali tossici, corrosivi o infiammabili. \u00c8 severamente vietata l'esposizione al sole o alla pioggia. Doccia.<\/h4>\n<p>&nbsp;<\/p>\n<h2><strong><b>Contattateci ora!<\/b><\/strong><\/h2>\n<h4><strong><b>Se avete bisogno di un COA o di un TDS, inserite i vostri dati di contatto nel modulo sottostante; di solito vi contatteremo entro 24 ore. Potete anche inviarmi un'e-mail <span style=\"color: #0000ff;\"><a style=\"color: #0000ff;\" href=\"mailto:info@longchangchemical.com\">info@longchangchemical.com<\/a><\/span> durante l'orario di lavoro (dalle 8:30 alle 18:00 UTC+8 lun.-sab.) o utilizzare la live chat del sito web per ottenere una risposta immediata.<\/b><\/strong><\/h4>","protected":false},"excerpt":{"rendered":"<p>Cos'\u00e8 Soresyn\u00ae5100? Soresyn\u00ae5100 \u00e8 una resina DCPD idrogenata che utilizza il diciclopentadiene come materia prima; il prodotto finito \u00e8 un solido bianco come l'acqua, inodore, con un'eccellente stabilit\u00e0 termica, una forte resistenza all'acqua e ai raggi UV e una buona compatibilit\u00e0 con EVA, SIS, SBS, SEBS, APP, APAO. Pu\u00f2 essere ampiamente utilizzato in adesivi hot-melt, adesivi sensibili alla pressione, nastri, etichette, materiali sanitari, [...]<\/p>","protected":false},"featured_media":4849,"comment_status":"open","ping_status":"closed","template":"","meta":[],"product_brand":[],"product_cat":[69,116],"product_tag":[],"class_list":{"0":"post-4848","1":"product","2":"type-product","3":"status-publish","4":"has-post-thumbnail","6":"product_cat-catalysts-chemical-auxiliary-agents","7":"product_cat-soresyn-resin","9":"first","10":"instock","11":"shipping-taxable","12":"product-type-simple"},"yoast_head":"<!-- This site is optimized with the Yoast SEO plugin v25.3.1 - https:\/\/yoast.com\/wordpress\/plugins\/seo\/ -->\n<title>China Soresyn\u00ae5100 C5 Hydrogenated DCPD resin Manufacturer - Longchang Chemical<\/title>\n<meta name=\"description\" content=\"Longchang Chemical is a China Soresyn\u00ae5100 C5 Hydrogenated DCPD resin Manufacturer and supplier. We can provide best Hydrogenated DCPD resin price. It can be widely used in hot-melt adhesives, pressure-sensitive adhesives, tapes, labels, sanitary materials, rubber mixing and other fields.\" \/>\n<meta name=\"robots\" content=\"index, follow, max-snippet:-1, max-image-preview:large, max-video-preview:-1\" \/>\n<link rel=\"canonical\" href=\"https:\/\/longchangchemical.com\/it\/product\/soresyn5100\/\" \/>\n<meta property=\"og:locale\" content=\"it_IT\" \/>\n<meta property=\"og:type\" content=\"article\" \/>\n<meta property=\"og:title\" content=\"China Soresyn\u00ae5100 C5 Hydrogenated DCPD resin Manufacturer - Longchang Chemical\" \/>\n<meta property=\"og:description\" content=\"Longchang Chemical is a China Soresyn\u00ae5100 C5 Hydrogenated DCPD resin Manufacturer and supplier. We can provide best Hydrogenated DCPD resin price. It can be widely used in hot-melt adhesives, pressure-sensitive adhesives, tapes, labels, sanitary materials, rubber mixing and other fields.\" \/>\n<meta property=\"og:url\" content=\"https:\/\/longchangchemical.com\/it\/product\/soresyn5100\/\" \/>\n<meta property=\"og:site_name\" content=\"Longchang Chemical\" \/>\n<meta property=\"article:modified_time\" content=\"2022-04-07T04:43:09+00:00\" \/>\n<meta property=\"og:image\" content=\"https:\/\/longchangchemical.com\/wp-content\/uploads\/2021\/11\/5100-Appearance.jpg\" \/>\n\t<meta property=\"og:image:width\" content=\"600\" \/>\n\t<meta property=\"og:image:height\" content=\"800\" \/>\n\t<meta property=\"og:image:type\" content=\"image\/jpeg\" \/>\n<meta name=\"twitter:card\" content=\"summary_large_image\" \/>\n<script type=\"application\/ld+json\" class=\"yoast-schema-graph\">{\"@context\":\"https:\/\/schema.org\",\"@graph\":[{\"@type\":\"WebPage\",\"@id\":\"https:\/\/longchangchemical.com\/product\/soresyn5100\/\",\"url\":\"https:\/\/longchangchemical.com\/product\/soresyn5100\/\",\"name\":\"China Soresyn\u00ae5100 C5 Hydrogenated DCPD resin Manufacturer - Longchang Chemical\",\"isPartOf\":{\"@id\":\"https:\/\/longchangchemical.com\/#website\"},\"primaryImageOfPage\":{\"@id\":\"https:\/\/longchangchemical.com\/product\/soresyn5100\/#primaryimage\"},\"image\":{\"@id\":\"https:\/\/longchangchemical.com\/product\/soresyn5100\/#primaryimage\"},\"thumbnailUrl\":\"https:\/\/longchangchemical.com\/wp-content\/uploads\/2021\/11\/5100-Appearance.jpg\",\"datePublished\":\"2021-11-23T15:05:50+00:00\",\"dateModified\":\"2022-04-07T04:43:09+00:00\",\"description\":\"Longchang Chemical is a China Soresyn\u00ae5100 C5 Hydrogenated DCPD resin Manufacturer and supplier. We can provide best Hydrogenated DCPD resin price. It can be widely used in hot-melt adhesives, pressure-sensitive adhesives, tapes, labels, sanitary materials, rubber mixing and other fields.\",\"breadcrumb\":{\"@id\":\"https:\/\/longchangchemical.com\/product\/soresyn5100\/#breadcrumb\"},\"inLanguage\":\"it-IT\",\"potentialAction\":[{\"@type\":\"ReadAction\",\"target\":[\"https:\/\/longchangchemical.com\/product\/soresyn5100\/\"]}]},{\"@type\":\"ImageObject\",\"inLanguage\":\"it-IT\",\"@id\":\"https:\/\/longchangchemical.com\/product\/soresyn5100\/#primaryimage\",\"url\":\"https:\/\/longchangchemical.com\/wp-content\/uploads\/2021\/11\/5100-Appearance.jpg\",\"contentUrl\":\"https:\/\/longchangchemical.com\/wp-content\/uploads\/2021\/11\/5100-Appearance.jpg\",\"width\":600,\"height\":800,\"caption\":\"A1085-Appearance\"},{\"@type\":\"BreadcrumbList\",\"@id\":\"https:\/\/longchangchemical.com\/product\/soresyn5100\/#breadcrumb\",\"itemListElement\":[{\"@type\":\"ListItem\",\"position\":1,\"name\":\"Home\",\"item\":\"https:\/\/longchangchemical.com\/\"},{\"@type\":\"ListItem\",\"position\":2,\"name\":\"Products Longchang\",\"item\":\"https:\/\/longchangchemical.com\/product\/\"},{\"@type\":\"ListItem\",\"position\":3,\"name\":\"Soresyn\u00ae5100\"}]},{\"@type\":\"WebSite\",\"@id\":\"https:\/\/longchangchemical.com\/#website\",\"url\":\"https:\/\/longchangchemical.com\/\",\"name\":\"Longchang Chemical\",\"description\":\"China chemical manufacturer \uff06 supplier\",\"publisher\":{\"@id\":\"https:\/\/longchangchemical.com\/#organization\"},\"potentialAction\":[{\"@type\":\"SearchAction\",\"target\":{\"@type\":\"EntryPoint\",\"urlTemplate\":\"https:\/\/longchangchemical.com\/?s={search_term_string}\"},\"query-input\":{\"@type\":\"PropertyValueSpecification\",\"valueRequired\":true,\"valueName\":\"search_term_string\"}}],\"inLanguage\":\"it-IT\"},{\"@type\":\"Organization\",\"@id\":\"https:\/\/longchangchemical.com\/#organization\",\"name\":\"Longchang Chemical\",\"url\":\"https:\/\/longchangchemical.com\/\",\"logo\":{\"@type\":\"ImageObject\",\"inLanguage\":\"it-IT\",\"@id\":\"https:\/\/longchangchemical.com\/#\/schema\/logo\/image\/\",\"url\":\"https:\/\/longchangchemical.com\/wp-content\/uploads\/2020\/08\/cropped-longchang-logo.png\",\"contentUrl\":\"https:\/\/longchangchemical.com\/wp-content\/uploads\/2020\/08\/cropped-longchang-logo.png\",\"width\":512,\"height\":512,\"caption\":\"Longchang Chemical\"},\"image\":{\"@id\":\"https:\/\/longchangchemical.com\/#\/schema\/logo\/image\/\"}}]}<\/script>\n<!-- \/ Yoast SEO plugin. -->","yoast_head_json":{"title":"Cina Soresyn\u00ae5100 C5 resina idrogenata DCPD Produttore - Longchang Chemical","description":"Longchang Chemical \u00e8 un produttore e fornitore di resina DCPD idrogenata Soresyn\u00ae5100 C5 in Cina. Possiamo fornire il miglior prezzo della resina DCPD idrogenata. Pu\u00f2 essere ampiamente utilizzata in adesivi hot-melt, adesivi sensibili alla pressione, nastri, etichette, materiali sanitari, miscelazione di gomma e altri campi.","robots":{"index":"index","follow":"follow","max-snippet":"max-snippet:-1","max-image-preview":"max-image-preview:large","max-video-preview":"max-video-preview:-1"},"canonical":"https:\/\/longchangchemical.com\/it\/product\/soresyn5100\/","og_locale":"it_IT","og_type":"article","og_title":"China Soresyn\u00ae5100 C5 Hydrogenated DCPD resin Manufacturer - Longchang Chemical","og_description":"Longchang Chemical is a China Soresyn\u00ae5100 C5 Hydrogenated DCPD resin Manufacturer and supplier. We can provide best Hydrogenated DCPD resin price. It can be widely used in hot-melt adhesives, pressure-sensitive adhesives, tapes, labels, sanitary materials, rubber mixing and other fields.","og_url":"https:\/\/longchangchemical.com\/it\/product\/soresyn5100\/","og_site_name":"Longchang Chemical","article_modified_time":"2022-04-07T04:43:09+00:00","og_image":[{"width":600,"height":800,"url":"https:\/\/longchangchemical.com\/wp-content\/uploads\/2021\/11\/5100-Appearance.jpg","type":"image\/jpeg"}],"twitter_card":"summary_large_image","schema":{"@context":"https:\/\/schema.org","@graph":[{"@type":"WebPage","@id":"https:\/\/longchangchemical.com\/product\/soresyn5100\/","url":"https:\/\/longchangchemical.com\/product\/soresyn5100\/","name":"Cina Soresyn\u00ae5100 C5 resina idrogenata DCPD Produttore - Longchang Chemical","isPartOf":{"@id":"https:\/\/longchangchemical.com\/#website"},"primaryImageOfPage":{"@id":"https:\/\/longchangchemical.com\/product\/soresyn5100\/#primaryimage"},"image":{"@id":"https:\/\/longchangchemical.com\/product\/soresyn5100\/#primaryimage"},"thumbnailUrl":"https:\/\/longchangchemical.com\/wp-content\/uploads\/2021\/11\/5100-Appearance.jpg","datePublished":"2021-11-23T15:05:50+00:00","dateModified":"2022-04-07T04:43:09+00:00","description":"Longchang Chemical \u00e8 un produttore e fornitore di resina DCPD idrogenata Soresyn\u00ae5100 C5 in Cina. Possiamo fornire il miglior prezzo della resina DCPD idrogenata. Pu\u00f2 essere ampiamente utilizzata in adesivi hot-melt, adesivi sensibili alla pressione, nastri, etichette, materiali sanitari, miscelazione di gomma e altri campi.","breadcrumb":{"@id":"https:\/\/longchangchemical.com\/product\/soresyn5100\/#breadcrumb"},"inLanguage":"it-IT","potentialAction":[{"@type":"ReadAction","target":["https:\/\/longchangchemical.com\/product\/soresyn5100\/"]}]},{"@type":"ImageObject","inLanguage":"it-IT","@id":"https:\/\/longchangchemical.com\/product\/soresyn5100\/#primaryimage","url":"https:\/\/longchangchemical.com\/wp-content\/uploads\/2021\/11\/5100-Appearance.jpg","contentUrl":"https:\/\/longchangchemical.com\/wp-content\/uploads\/2021\/11\/5100-Appearance.jpg","width":600,"height":800,"caption":"A1085-Appearance"},{"@type":"BreadcrumbList","@id":"https:\/\/longchangchemical.com\/product\/soresyn5100\/#breadcrumb","itemListElement":[{"@type":"ListItem","position":1,"name":"Home","item":"https:\/\/longchangchemical.com\/"},{"@type":"ListItem","position":2,"name":"Products Longchang","item":"https:\/\/longchangchemical.com\/product\/"},{"@type":"ListItem","position":3,"name":"Soresyn\u00ae5100"}]},{"@type":"WebSite","@id":"https:\/\/longchangchemical.com\/#website","url":"https:\/\/longchangchemical.com\/","name":"Longchang Chemical","description":"Cina produttore di prodotti chimici \uff06 fornitore","publisher":{"@id":"https:\/\/longchangchemical.com\/#organization"},"potentialAction":[{"@type":"SearchAction","target":{"@type":"EntryPoint","urlTemplate":"https:\/\/longchangchemical.com\/?s={search_term_string}"},"query-input":{"@type":"PropertyValueSpecification","valueRequired":true,"valueName":"search_term_string"}}],"inLanguage":"it-IT"},{"@type":"Organization","@id":"https:\/\/longchangchemical.com\/#organization","name":"Longchang Chemical","url":"https:\/\/longchangchemical.com\/","logo":{"@type":"ImageObject","inLanguage":"it-IT","@id":"https:\/\/longchangchemical.com\/#\/schema\/logo\/image\/","url":"https:\/\/longchangchemical.com\/wp-content\/uploads\/2020\/08\/cropped-longchang-logo.png","contentUrl":"https:\/\/longchangchemical.com\/wp-content\/uploads\/2020\/08\/cropped-longchang-logo.png","width":512,"height":512,"caption":"Longchang Chemical"},"image":{"@id":"https:\/\/longchangchemical.com\/#\/schema\/logo\/image\/"}}]}},"_links":{"self":[{"href":"https:\/\/longchangchemical.com\/it\/wp-json\/wp\/v2\/product\/4848","targetHints":{"allow":["GET"]}}],"collection":[{"href":"https:\/\/longchangchemical.com\/it\/wp-json\/wp\/v2\/product"}],"about":[{"href":"https:\/\/longchangchemical.com\/it\/wp-json\/wp\/v2\/types\/product"}],"replies":[{"embeddable":true,"href":"https:\/\/longchangchemical.com\/it\/wp-json\/wp\/v2\/comments?post=4848"}],"wp:featuredmedia":[{"embeddable":true,"href":"https:\/\/longchangchemical.com\/it\/wp-json\/wp\/v2\/media\/4849"}],"wp:attachment":[{"href":"https:\/\/longchangchemical.com\/it\/wp-json\/wp\/v2\/media?parent=4848"}],"wp:term":[{"taxonomy":"product_brand","embeddable":true,"href":"https:\/\/longchangchemical.com\/it\/wp-json\/wp\/v2\/product_brand?post=4848"},{"taxonomy":"product_cat","embeddable":true,"href":"https:\/\/longchangchemical.com\/it\/wp-json\/wp\/v2\/product_cat?post=4848"},{"taxonomy":"product_tag","embeddable":true,"href":"https:\/\/longchangchemical.com\/it\/wp-json\/wp\/v2\/product_tag?post=4848"}],"curies":[{"name":"wp","href":"https:\/\/api.w.org\/{rel}","templated":true}]}}