{"id":4800,"date":"2021-10-11T15:30:07","date_gmt":"2021-10-11T15:30:07","guid":{"rendered":"https:\/\/longchangchemical.com\/?post_type=product&#038;p=4800"},"modified":"2026-01-12T06:03:48","modified_gmt":"2026-01-12T06:03:48","slug":"dmdee-cas-6425-39-4","status":"publish","type":"product","link":"https:\/\/longchangchemical.com\/it\/product\/dmdee-cas-6425-39-4\/","title":{"rendered":"Sinocat\u00ae DMDEE CAS 6425-39-4"},"content":{"rendered":"<h1><strong>Sinocat\u00ae DMDEE CAS 6425-39-4<\/strong><\/h1>\n<table>\n<tbody>\n<tr>\n<td width=\"324\">\n<h4>Articolo<\/h4>\n<\/td>\n<td width=\"322\">\n<h4>Standard<\/h4>\n<\/td>\n<\/tr>\n<tr>\n<td width=\"324\">\n<h4>Aspetto<\/h4>\n<\/td>\n<td width=\"322\">\n<h4>Liquido trasparente incolore<\/h4>\n<\/td>\n<\/tr>\n<tr>\n<td width=\"324\">\n<h4>Cromaticit\u00e0<\/h4>\n<\/td>\n<td width=\"322\">\n<h4>\uff1c2<\/h4>\n<\/td>\n<\/tr>\n<tr>\n<td width=\"324\">\n<h4>Contenuto d'acqua<\/h4>\n<\/td>\n<td width=\"322\">\n<h4>\u22640,1%<\/h4>\n<\/td>\n<\/tr>\n<tr>\n<td width=\"324\">\n<h4>Contenuto<\/h4>\n<\/td>\n<td width=\"322\">\n<h4>\u226599%<\/h4>\n<\/td>\n<\/tr>\n<\/tbody>\n<\/table>\n<p>&nbsp;<\/p>\n<h2><strong>Sinocat\u00ae DMDEE Applicazione:<\/strong><\/h2>\n<h4>Sinocat\u00ae DMDEE \u00e8 adatto ai sistemi di polimerizzazione in acqua ed \u00e8 un forte catalizzatore di schiuma. Grazie all'ostacolo sterico dei gruppi amminici, il periodo di stoccaggio dei componenti NCO pu\u00f2 essere prolungato. \u00c8 adatto per la reazione catalitica di NCO e acqua in sistemi come TDI, MDI e IPDI; Sinocat\u00ae DMDEE \u00e8 utilizzato principalmente nel sistema di schiuma poliuretanica rigida monocomponente, ma pu\u00f2 essere utilizzato anche per la schiuma morbida di poliuretano polietere e poliestere, per la schiuma semirigida, per il materiale CASE, ecc. La quantit\u00e0 aggiunta \u00e8 pari a 0,3-0,55% del componente polietere\/estere.<\/h4>\n<h4>Questo prodotto pu\u00f2 sostituire il 2,2\u2032-Dimorfolinodietil etere; 2,2-dimorfolina dietiletere; 4,4\u2032-(ossidietano-2,1-diil)dimorfolina; 4-[2-(2-morfolin-4-etossi)etil]morfolina; 4-{2-[2-(morfolin-4-il)etossil]etil}morfolina.<\/h4>\n<p>Catalizzatore per la polimerizzazione del poliuretano: Il DMDEE pu\u00f2 essere utilizzato come catalizzatore per la polimerizzazione del poliuretano per facilitare la sintesi di materiali poliuretanici. Nella reazione di polimerizzazione, il DMDEE reagisce con l'isocianato (di solito diisocianato) per formare un nucleofilo, che a sua volta innesca la reazione di polimerizzazione. Il DMDEE pu\u00f2 accelerare il processo di polimerizzazione dei materiali poliuretanici, migliorando la velocit\u00e0 e l'efficienza della reazione.<\/p>\n<p>Rivestimenti e adesivi in poliuretano: Il DMDEE \u00e8 ampiamente utilizzato nella produzione di rivestimenti e adesivi in poliuretano. L'aggiunta di DMDEE conferisce ai rivestimenti poliuretanici una buona resistenza agli agenti atmosferici, agli agenti chimici e all'abrasione, per un'ampia gamma di applicazioni nei rivestimenti e negli adesivi.<\/p>\n<p>Elastomeri di poliuretano: Il DMDEE svolge un ruolo fondamentale nella produzione di elastomeri poliuretanici. Aggiungendo DMDEE alla reazione di polimerizzazione, \u00e8 possibile regolare la durezza, l'elasticit\u00e0 e la resistenza all'abrasione degli elastomeri di poliuretano. Gli elastomeri poliuretanici sono utilizzati in un'ampia gamma di applicazioni, come la produzione automobilistica, i materiali da costruzione, le suole delle scarpe, i mobili e l'imbottitura.<\/p>\n<p>Schiuma di poliuretano: Il DMDEE svolge un ruolo catalitico nella preparazione della schiuma di poliuretano. \u00c8 in grado di promuovere la reazione di schiumatura della schiuma di poliuretano, in modo da ottenere una struttura dei pori e propriet\u00e0 fisiche ideali. La schiuma di poliuretano \u00e8 ampiamente utilizzata nei materiali isolanti, nei materiali di riempimento, nei materiali fonoassorbenti e nei materiali ammortizzanti.<\/p>\n<p>Altre applicazioni: Il DMDEE pu\u00f2 essere utilizzato anche nel processo di produzione di adesivi elastici in poliuretano, materiali sigillanti, vernici impermeabili, rivestimenti e adesivi. Ha una migliore stabilit\u00e0 e lavorabilit\u00e0 e pu\u00f2 migliorare le prestazioni e la qualit\u00e0 dei prodotti.<\/p>\n<h2><strong><b>Sinocat\u00ae DMDEE Stoccaggio:<\/b><\/strong><\/h2>\n<h4>Conservare in un luogo fresco e asciutto, al riparo dalla luce solare diretta.<\/h4>\n<h2><strong>Imballaggio Sinocat\u00ae DMDEE<\/strong>:<\/h2>\n<h4>220 kg\/tamburo.<\/h4>\n<h2><strong><b>Contattateci ora!<\/b><\/strong><\/h2>\n<h4><strong><b>Se avete bisogno di Price, inserite i vostri dati di contatto nel modulo sottostante; di solito vi contatteremo entro 24 ore. Potete anche inviarmi un'e-mail <span style=\"color: #0000ff;\"><a style=\"color: #0000ff;\" href=\"mailto:info@longchangchemical.com\">info@longchangchemical.com<\/a><\/span> durante l'orario di lavoro (dalle 8:30 alle 18:00 UTC+8 lun.-sab.) o utilizzare la live chat del sito web per ottenere una risposta immediata.<\/b><\/strong><\/h4>\n<p><!--more--><\/p>\n<p>La natura di un catalizzatore \u00e8 quella di abbassare la temperatura durante una reazione violenta?<\/p>\n<p>L'essenza di un catalizzatore non \u00e8 quella di abbassare la temperatura durante una reazione violenta, ma di accelerare la velocit\u00e0 della reazione abbassando l'energia di attivazione della stessa. L'energia di attivazione \u00e8 la quantit\u00e0 minima di energia necessaria per convertire un reagente in un prodotto e pu\u00f2 essere intesa anche come la barriera energetica che il reagente deve superare durante la reazione. In una reazione chimica, se i reagenti non sono in grado di superare la barriera energetica, la reazione non pu\u00f2 procedere. Un catalizzatore facilita la reazione riducendo la quantit\u00e0 di energia necessaria ai reagenti per superare questa barriera energetica.<\/p>\n<p>Sebbene un catalizzatore abbassi l'energia di attivazione di una reazione, non abbassa la temperatura di una reazione violenta. I catalizzatori permettono alle reazioni di avvenire in condizioni pi\u00f9 blande, ma non abbassano la temperatura di una reazione che richiede una grande quantit\u00e0 di energia termica. Inoltre, i catalizzatori possono anche accelerare la velocit\u00e0 di reazioni violente che possono portare a temperature o pressioni elevate. Pertanto, il ruolo di un catalizzatore non \u00e8 quello di accelerare una reazione abbassandone la temperatura, ma piuttosto di accelerare la velocit\u00e0 della reazione alterando le interazioni tra i reagenti.<\/p>\n<p>La maggior parte degli adesivi PUR (hot melt) utilizza fondamentalmente un catalizzatore, il bis-morfolino dietil-etere DMDEE, numero CAS: 6425-39-4.<\/p>\n<p>La sua quantit\u00e0 nella formula \u00e8 molto piccola, generalmente compresa tra 0,05%-0,5%, ma svolge un ruolo fondamentale: promuovere la reazione tra isocianato e gas d'acqua, accelerare la velocit\u00e0 di polimerizzazione.<\/p>\n<p>Esistono molti tipi di catalizzatori per poliuretano, perch\u00e9 DMDEE?<\/p>\n<p>Questo perch\u00e9 non solo migliora la velocit\u00e0 di polimerizzazione del PUR, ma mantiene anche una buona stabilit\u00e0 termica, cio\u00e8 una crescita relativamente lenta della viscosit\u00e0 alle alte temperature.<\/p>\n<p>E nessun catalizzatore PUR rispetto alla maggior parte dei catalizzatori pu\u00f2 accelerare il tasso di polimerizzazione del PUR, di cui DMDEE \u00e8 l'effetto pi\u00f9 evidente, entro 30 minuti pu\u00f2 aumentare rapidamente la resistenza al taglio da 14psi a 200psi, polimerizzando 1 ora dopo che la forza di legame ha raggiunto il livello di due giorni di polimerizzazione.<\/p>\n<p>Oltre a mostrare la pi\u00f9 rapida velocit\u00e0 di polimerizzazione, il DMDEE presenta la migliore stabilit\u00e0 di accumulo termico. In condizioni di riscaldamento a 120\u00b0C, il sistema DMDEE di PUR ha valutato un tasso di crescita della viscosit\u00e0 oraria di soli 3,1%, superiore di soli 0,5% rispetto al tasso di crescita di 2,6% del sistema di PUR senza catalizzatore. Altri catalizzatori hanno un tasso di crescita della viscosit\u00e0 di almeno 6,2% all'ora.<\/p>\n<p>Inoltre, sebbene il DMDEE sia utilizzato in quantit\u00e0 molto ridotte, lievi fluttuazioni possono causare variazioni significative delle prestazioni. Aumentando semplicemente il contenuto di DMDEE da 0,05% a 0,1%, la resistenza al taglio del prodotto polimerizzato per 30 minuti, 1 ora e 1,5 ore \u00e8 cambiata bruscamente.<\/p>\n<p>Allo stesso tempo, se si vuole ottenere un PUR a polimerizzazione rapida, uno dei metodi efficaci e immediati \u00e8 quello di aumentare il contenuto di DMDEE da 0,05% a 0,15%, ottenendo una resistenza al taglio di 290 psi in 1,5 ore, che \u00e8 sostanzialmente equivalente alla resistenza di un PUR completamente polimerizzato.<\/p>\n<p>Tuttavia, un contenuto troppo elevato di DMDEE tende a ridurre la stabilit\u00e0 termica da lotto a lotto e pu\u00f2 anche portare alla formazione di bolle d'aria nell'adesivo polimerizzato.<\/p>\n<p>In breve, non sottovalutate il basso contenuto di catalizzatore, che ha un impatto critico sulle prestazioni complessive degli adesivi PUR hot melt.<\/p>","protected":false},"excerpt":{"rendered":"<h4>Nome chimico: 2,2\u2032-Dimorfolinodietil etere<\/h4>\n<h4>CAS: 6425-39-4<\/h4>\n<h4>Sinonimo: DMDEE; catalizzatore \"Niax\" DMDEE; 4,4\u2032-(ossidietano-2,1-diil)dimorfolina<\/h4>\n<h4>Formula: C12H24N2O3<\/h4>\n<h4>Peso molecolare: 244,33<\/h4>\n<h4>Contenuto:\uff1e99%<\/h4>","protected":false},"featured_media":4395,"comment_status":"open","ping_status":"closed","template":"","meta":[],"product_brand":[],"product_cat":[119],"product_tag":[],"class_list":{"0":"post-4800","1":"product","2":"type-product","3":"status-publish","4":"has-post-thumbnail","6":"product_cat-synocat-polyurethane-catalyst","8":"first","9":"instock","10":"shipping-taxable","11":"product-type-simple"},"yoast_head":"<!-- This site is optimized with the Yoast SEO plugin v25.3.1 - https:\/\/yoast.com\/wordpress\/plugins\/seo\/ -->\n<title>China PU Catalyst DMDEE \/ 2,2&#039;-Dimorpholinodiethyl ether \/ DMDEE manufacturer - Longchang Chemical<\/title>\n<meta name=\"description\" content=\"China 2,2&#039;-Dimorpholinodiethyl ether \/ DMDEE manufacturer. DMDEE (REACH covered )can be used as pu catalyst ,aka DMDEE;Niax\u00ab Catalyst DMDEE; and is the key product of Longchang chemical. We are the leading pu catalyst manufacturer and supplier in China with the best quanlity and competitive price.\" \/>\n<meta name=\"robots\" content=\"index, follow, max-snippet:-1, max-image-preview:large, max-video-preview:-1\" \/>\n<link rel=\"canonical\" href=\"https:\/\/longchangchemical.com\/it\/product\/dmdee-cas-6425-39-4\/\" \/>\n<meta property=\"og:locale\" content=\"it_IT\" \/>\n<meta property=\"og:type\" content=\"article\" \/>\n<meta property=\"og:title\" content=\"China PU Catalyst DMDEE \/ 2,2&#039;-Dimorpholinodiethyl ether \/ DMDEE manufacturer - Longchang Chemical\" \/>\n<meta property=\"og:description\" content=\"China 2,2&#039;-Dimorpholinodiethyl ether \/ DMDEE manufacturer. DMDEE (REACH covered )can be used as pu catalyst ,aka DMDEE;Niax\u00ab Catalyst DMDEE; and is the key product of Longchang chemical. We are the leading pu catalyst manufacturer and supplier in China with the best quanlity and competitive price.\" \/>\n<meta property=\"og:url\" content=\"https:\/\/longchangchemical.com\/it\/product\/dmdee-cas-6425-39-4\/\" \/>\n<meta property=\"og:site_name\" content=\"Longchang Chemical\" \/>\n<meta property=\"article:modified_time\" content=\"2026-01-12T06:03:48+00:00\" \/>\n<meta property=\"og:image\" content=\"https:\/\/longchangchemical.com\/wp-content\/uploads\/2021\/02\/Triethyl-citrate-Appearance.jpg\" \/>\n\t<meta property=\"og:image:width\" content=\"600\" \/>\n\t<meta property=\"og:image:height\" content=\"800\" \/>\n\t<meta property=\"og:image:type\" content=\"image\/jpeg\" \/>\n<meta name=\"twitter:card\" content=\"summary_large_image\" \/>\n<script type=\"application\/ld+json\" class=\"yoast-schema-graph\">{\"@context\":\"https:\/\/schema.org\",\"@graph\":[{\"@type\":\"WebPage\",\"@id\":\"https:\/\/longchangchemical.com\/product\/dmdee-cas-6425-39-4\/\",\"url\":\"https:\/\/longchangchemical.com\/product\/dmdee-cas-6425-39-4\/\",\"name\":\"China PU Catalyst DMDEE \/ 2,2'-Dimorpholinodiethyl ether \/ DMDEE manufacturer - Longchang Chemical\",\"isPartOf\":{\"@id\":\"https:\/\/longchangchemical.com\/#website\"},\"primaryImageOfPage\":{\"@id\":\"https:\/\/longchangchemical.com\/product\/dmdee-cas-6425-39-4\/#primaryimage\"},\"image\":{\"@id\":\"https:\/\/longchangchemical.com\/product\/dmdee-cas-6425-39-4\/#primaryimage\"},\"thumbnailUrl\":\"https:\/\/longchangchemical.com\/wp-content\/uploads\/2021\/02\/Triethyl-citrate-Appearance.jpg\",\"datePublished\":\"2021-10-11T15:30:07+00:00\",\"dateModified\":\"2026-01-12T06:03:48+00:00\",\"description\":\"China 2,2'-Dimorpholinodiethyl ether \/ DMDEE manufacturer. DMDEE (REACH covered )can be used as pu catalyst ,aka DMDEE;Niax\u00ab Catalyst DMDEE; and is the key product of Longchang chemical. We are the leading pu catalyst manufacturer and supplier in China with the best quanlity and competitive price.\",\"breadcrumb\":{\"@id\":\"https:\/\/longchangchemical.com\/product\/dmdee-cas-6425-39-4\/#breadcrumb\"},\"inLanguage\":\"it-IT\",\"potentialAction\":[{\"@type\":\"ReadAction\",\"target\":[\"https:\/\/longchangchemical.com\/product\/dmdee-cas-6425-39-4\/\"]}]},{\"@type\":\"ImageObject\",\"inLanguage\":\"it-IT\",\"@id\":\"https:\/\/longchangchemical.com\/product\/dmdee-cas-6425-39-4\/#primaryimage\",\"url\":\"https:\/\/longchangchemical.com\/wp-content\/uploads\/2021\/02\/Triethyl-citrate-Appearance.jpg\",\"contentUrl\":\"https:\/\/longchangchemical.com\/wp-content\/uploads\/2021\/02\/Triethyl-citrate-Appearance.jpg\",\"width\":600,\"height\":800,\"caption\":\"Triethyl citrate Appearance\"},{\"@type\":\"BreadcrumbList\",\"@id\":\"https:\/\/longchangchemical.com\/product\/dmdee-cas-6425-39-4\/#breadcrumb\",\"itemListElement\":[{\"@type\":\"ListItem\",\"position\":1,\"name\":\"Home\",\"item\":\"https:\/\/longchangchemical.com\/\"},{\"@type\":\"ListItem\",\"position\":2,\"name\":\"Products Longchang\",\"item\":\"https:\/\/longchangchemical.com\/product\/\"},{\"@type\":\"ListItem\",\"position\":3,\"name\":\"Sinocat\u00ae DMDEE CAS 6425-39-4\"}]},{\"@type\":\"WebSite\",\"@id\":\"https:\/\/longchangchemical.com\/#website\",\"url\":\"https:\/\/longchangchemical.com\/\",\"name\":\"Longchang Chemical\",\"description\":\"China chemical manufacturer \uff06 supplier\",\"publisher\":{\"@id\":\"https:\/\/longchangchemical.com\/#organization\"},\"potentialAction\":[{\"@type\":\"SearchAction\",\"target\":{\"@type\":\"EntryPoint\",\"urlTemplate\":\"https:\/\/longchangchemical.com\/?s={search_term_string}\"},\"query-input\":{\"@type\":\"PropertyValueSpecification\",\"valueRequired\":true,\"valueName\":\"search_term_string\"}}],\"inLanguage\":\"it-IT\"},{\"@type\":\"Organization\",\"@id\":\"https:\/\/longchangchemical.com\/#organization\",\"name\":\"Longchang Chemical\",\"url\":\"https:\/\/longchangchemical.com\/\",\"logo\":{\"@type\":\"ImageObject\",\"inLanguage\":\"it-IT\",\"@id\":\"https:\/\/longchangchemical.com\/#\/schema\/logo\/image\/\",\"url\":\"https:\/\/longchangchemical.com\/wp-content\/uploads\/2020\/08\/cropped-longchang-logo.png\",\"contentUrl\":\"https:\/\/longchangchemical.com\/wp-content\/uploads\/2020\/08\/cropped-longchang-logo.png\",\"width\":512,\"height\":512,\"caption\":\"Longchang Chemical\"},\"image\":{\"@id\":\"https:\/\/longchangchemical.com\/#\/schema\/logo\/image\/\"}}]}<\/script>\n<!-- \/ Yoast SEO plugin. -->","yoast_head_json":{"title":"Cina PU Catalizzatore DMDEE \/ 2,2'-Dimorfolinodietil etere \/ DMDEE fabbricante - Longchang Chemical","description":"Cina 2,2'-Dimorfolinodietil etere \/ DMDEE produttore. DMDEE (coperto da REACH) pu\u00f2 essere utilizzato come catalizzatore pu, alias DMDEE; Niax\" Catalyst DMDEE; ed \u00e8 il prodotto chiave di Longchang chemical. Siamo il principale produttore e fornitore di catalizzatori pu in Cina con la migliore quantit\u00e0 e il prezzo competitivo.","robots":{"index":"index","follow":"follow","max-snippet":"max-snippet:-1","max-image-preview":"max-image-preview:large","max-video-preview":"max-video-preview:-1"},"canonical":"https:\/\/longchangchemical.com\/it\/product\/dmdee-cas-6425-39-4\/","og_locale":"it_IT","og_type":"article","og_title":"China PU Catalyst DMDEE \/ 2,2'-Dimorpholinodiethyl ether \/ DMDEE manufacturer - Longchang Chemical","og_description":"China 2,2'-Dimorpholinodiethyl ether \/ DMDEE manufacturer. DMDEE (REACH covered )can be used as pu catalyst ,aka DMDEE;Niax\u00ab Catalyst DMDEE; and is the key product of Longchang chemical. We are the leading pu catalyst manufacturer and supplier in China with the best quanlity and competitive price.","og_url":"https:\/\/longchangchemical.com\/it\/product\/dmdee-cas-6425-39-4\/","og_site_name":"Longchang Chemical","article_modified_time":"2026-01-12T06:03:48+00:00","og_image":[{"width":600,"height":800,"url":"https:\/\/longchangchemical.com\/wp-content\/uploads\/2021\/02\/Triethyl-citrate-Appearance.jpg","type":"image\/jpeg"}],"twitter_card":"summary_large_image","schema":{"@context":"https:\/\/schema.org","@graph":[{"@type":"WebPage","@id":"https:\/\/longchangchemical.com\/product\/dmdee-cas-6425-39-4\/","url":"https:\/\/longchangchemical.com\/product\/dmdee-cas-6425-39-4\/","name":"Cina PU Catalizzatore DMDEE \/ 2,2'-Dimorfolinodietil etere \/ DMDEE fabbricante - Longchang Chemical","isPartOf":{"@id":"https:\/\/longchangchemical.com\/#website"},"primaryImageOfPage":{"@id":"https:\/\/longchangchemical.com\/product\/dmdee-cas-6425-39-4\/#primaryimage"},"image":{"@id":"https:\/\/longchangchemical.com\/product\/dmdee-cas-6425-39-4\/#primaryimage"},"thumbnailUrl":"https:\/\/longchangchemical.com\/wp-content\/uploads\/2021\/02\/Triethyl-citrate-Appearance.jpg","datePublished":"2021-10-11T15:30:07+00:00","dateModified":"2026-01-12T06:03:48+00:00","description":"Cina 2,2'-Dimorfolinodietil etere \/ DMDEE produttore. DMDEE (coperto da REACH) pu\u00f2 essere utilizzato come catalizzatore pu, alias DMDEE; Niax\" Catalyst DMDEE; ed \u00e8 il prodotto chiave di Longchang chemical. Siamo il principale produttore e fornitore di catalizzatori pu in Cina con la migliore quantit\u00e0 e il prezzo competitivo.","breadcrumb":{"@id":"https:\/\/longchangchemical.com\/product\/dmdee-cas-6425-39-4\/#breadcrumb"},"inLanguage":"it-IT","potentialAction":[{"@type":"ReadAction","target":["https:\/\/longchangchemical.com\/product\/dmdee-cas-6425-39-4\/"]}]},{"@type":"ImageObject","inLanguage":"it-IT","@id":"https:\/\/longchangchemical.com\/product\/dmdee-cas-6425-39-4\/#primaryimage","url":"https:\/\/longchangchemical.com\/wp-content\/uploads\/2021\/02\/Triethyl-citrate-Appearance.jpg","contentUrl":"https:\/\/longchangchemical.com\/wp-content\/uploads\/2021\/02\/Triethyl-citrate-Appearance.jpg","width":600,"height":800,"caption":"Triethyl citrate Appearance"},{"@type":"BreadcrumbList","@id":"https:\/\/longchangchemical.com\/product\/dmdee-cas-6425-39-4\/#breadcrumb","itemListElement":[{"@type":"ListItem","position":1,"name":"Home","item":"https:\/\/longchangchemical.com\/"},{"@type":"ListItem","position":2,"name":"Products Longchang","item":"https:\/\/longchangchemical.com\/product\/"},{"@type":"ListItem","position":3,"name":"Sinocat\u00ae DMDEE CAS 6425-39-4"}]},{"@type":"WebSite","@id":"https:\/\/longchangchemical.com\/#website","url":"https:\/\/longchangchemical.com\/","name":"Longchang Chemical","description":"Cina produttore di prodotti chimici \uff06 fornitore","publisher":{"@id":"https:\/\/longchangchemical.com\/#organization"},"potentialAction":[{"@type":"SearchAction","target":{"@type":"EntryPoint","urlTemplate":"https:\/\/longchangchemical.com\/?s={search_term_string}"},"query-input":{"@type":"PropertyValueSpecification","valueRequired":true,"valueName":"search_term_string"}}],"inLanguage":"it-IT"},{"@type":"Organization","@id":"https:\/\/longchangchemical.com\/#organization","name":"Longchang Chemical","url":"https:\/\/longchangchemical.com\/","logo":{"@type":"ImageObject","inLanguage":"it-IT","@id":"https:\/\/longchangchemical.com\/#\/schema\/logo\/image\/","url":"https:\/\/longchangchemical.com\/wp-content\/uploads\/2020\/08\/cropped-longchang-logo.png","contentUrl":"https:\/\/longchangchemical.com\/wp-content\/uploads\/2020\/08\/cropped-longchang-logo.png","width":512,"height":512,"caption":"Longchang Chemical"},"image":{"@id":"https:\/\/longchangchemical.com\/#\/schema\/logo\/image\/"}}]}},"_links":{"self":[{"href":"https:\/\/longchangchemical.com\/it\/wp-json\/wp\/v2\/product\/4800","targetHints":{"allow":["GET"]}}],"collection":[{"href":"https:\/\/longchangchemical.com\/it\/wp-json\/wp\/v2\/product"}],"about":[{"href":"https:\/\/longchangchemical.com\/it\/wp-json\/wp\/v2\/types\/product"}],"replies":[{"embeddable":true,"href":"https:\/\/longchangchemical.com\/it\/wp-json\/wp\/v2\/comments?post=4800"}],"wp:featuredmedia":[{"embeddable":true,"href":"https:\/\/longchangchemical.com\/it\/wp-json\/wp\/v2\/media\/4395"}],"wp:attachment":[{"href":"https:\/\/longchangchemical.com\/it\/wp-json\/wp\/v2\/media?parent=4800"}],"wp:term":[{"taxonomy":"product_brand","embeddable":true,"href":"https:\/\/longchangchemical.com\/it\/wp-json\/wp\/v2\/product_brand?post=4800"},{"taxonomy":"product_cat","embeddable":true,"href":"https:\/\/longchangchemical.com\/it\/wp-json\/wp\/v2\/product_cat?post=4800"},{"taxonomy":"product_tag","embeddable":true,"href":"https:\/\/longchangchemical.com\/it\/wp-json\/wp\/v2\/product_tag?post=4800"}],"curies":[{"name":"wp","href":"https:\/\/api.w.org\/{rel}","templated":true}]}}