{"id":4794,"date":"2021-10-08T14:19:29","date_gmt":"2021-10-08T14:19:29","guid":{"rendered":"https:\/\/longchangchemical.com\/?post_type=product&#038;p=4794"},"modified":"2026-05-08T02:59:40","modified_gmt":"2026-05-08T02:59:40","slug":"dotp-cas-6422-86-2","status":"publish","type":"product","link":"https:\/\/longchangchemical.com\/it\/product\/dotp-cas-6422-86-2\/","title":{"rendered":"CHLUMIFLEX\u00ae DOTP \/ Diottile tereftalato CAS 6422-86-2"},"content":{"rendered":"<h2><strong>Tereftalato di diottile DOTP CAS 6422-86-2<\/strong><\/h2>\n<table class=\"table-1\">\n<tbody>\n<tr>\n<td width=\"316\"><strong><b>Test<\/b><\/strong><strong><b>\u00a0articolo<\/b><\/strong><\/td>\n<td width=\"210\"><strong><b>Specifiche<\/b><\/strong><\/td>\n<\/tr>\n<tr>\n<td width=\"316\">Aspetto<\/td>\n<td width=\"210\">Liquido trasparente incolore<\/td>\n<\/tr>\n<tr>\n<td width=\"316\">Colore\uff08APHA\uff09<\/td>\n<td width=\"210\">\u226420<\/td>\n<\/tr>\n<tr>\n<td width=\"316\">Acido (mgKOH\/g)<\/td>\n<td width=\"210\">0.02<\/td>\n<\/tr>\n<tr>\n<td width=\"316\">Densit\u00e0\uff0820\u2103\uff09\uff0cg\/cm3<\/td>\n<td width=\"210\">0.981-0.985<\/td>\n<\/tr>\n<tr>\n<td width=\"316\">Punto di infiammabilit\u00e0\uff08\u2103\uff09<\/td>\n<td width=\"210\">210<\/td>\n<\/tr>\n<tr>\n<td width=\"316\">Contenuto\uff08%\uff09<\/td>\n<td width=\"210\">99.5<\/td>\n<\/tr>\n<tr>\n<td width=\"316\">Acqua\uff08%\uff09<\/td>\n<td width=\"210\">0.03<\/td>\n<\/tr>\n<tr>\n<td width=\"316\">Resistivit\u00e0 di volume *10<sup>10<\/sup>\u03a9.m\u2265<\/td>\n<td width=\"210\">2<\/td>\n<\/tr>\n<\/tbody>\n<\/table>\n<p>&nbsp;<\/p>\n<h2><strong>Tereftalato di diottile Uso<\/strong><\/h2>\n<p>1. Il tereftalato di diottile (DOTP) \u00e8 un eccellente plastificante principale per le plastiche a base di cloruro di polivinile (PVC).<\/p>\n<p>2. Rispetto allo ftalato di diottile (DOP), attualmente comunemente utilizzato, presenta i vantaggi della resistenza al calore, resistenza al freddo, difficolt\u00e0 di volatilizzazione, resistenza all'estrazione, flessibilit\u00e0 e prestazioni di isolamento elettrico, ecc. e mostra prestazioni eccellenti nei prodotti Durata, resistenza all'acqua saponata e flessibilit\u00e0 alle basse temperature.<\/p>\n<p>3. Grazie alla sua bassa volatilit\u00e0, l'uso del DOTP pu\u00f2 soddisfare pienamente i requisiti di resistenza alla temperatura di fili e cavi e pu\u00f2 essere ampiamente utilizzato nei materiali per cavi resistenti a 70 \u2103 e in altri vari prodotti in PVC morbido.<\/p>\n<p>4. Oltre a un gran numero di plastificanti utilizzati nei materiali per cavi e nel PVC, il DOTP pu\u00f2 essere impiegato anche nella produzione di pellicole di cuoio artificiale. Inoltre, il DOTP ha un'eccellente compatibilit\u00e0 e pu\u00f2 essere utilizzato come plastificante per i derivati dell'acrilonitrile, il polivinilbutirrale, la gomma nitrilica, la nitrocellulosa, ecc. e come plastificante per la gomma sintetica, per gli additivi per vernici, per i lubrificanti per strumenti di precisione, per gli additivi per lubrificanti, nonch\u00e9 come ammorbidente per la carta.<\/p>\n<p>Questo prodotto pu\u00f2 sostituire l'acido 1,4-benzendicarbossilico, 1,4-bis(2-etilesile) estere; ADK Cizer D 810; Bis(2-etilesile) tereftalato; DEHTP; Di-(2-etilesile) tereftalato; Eastman 168; Eastman TM 168; Kodaflex DOTP; Palatinol DOTP; Plastificante 168; Acido tereftalico, bis(2-etilesile) estere.<\/p>\n<h2><strong>Imballaggio e spedizione del tereftalato di diottile<\/strong><\/h2>\n<p>Imballaggio: 200 kg\/tamburo, contenitore da 16 tonnellate\/20' con pallet<\/p>\n<p>&nbsp;<\/p>\n<h2><strong>Tereftalato di diottile Stoccaggio<\/strong><\/h2>\n<p>Conservare in un luogo buio e asciutto a temperatura ambiente.<\/p>\n<p>&nbsp;<\/p>\n<h2><strong>Plastificanti ritardanti di fiamma della stessa serie<\/strong><\/h2>\n<table style=\"border-collapse: collapse; width: 374.27pt;\" border=\"0\" width=\"499\" cellspacing=\"0\" cellpadding=\"0\">\n<tbody>\n<tr style=\"height: 21.00pt;\">\n<td class=\"et2\" style=\"height: 21.00pt; width: 96.00pt;\" width=\"128\" height=\"28\"><a title=\"https:\/\/longchangchemical.com\/product\/cas-91082-17-6\/\" href=\"https:\/\/longchangchemical.com\/it\/product\/cas-91082-17-6\/\"><span style=\"color: #00ccff;\">Lcflex\u00ae T-50<\/span><\/a><\/td>\n<td class=\"et3\" style=\"width: 159.75pt;\" width=\"213\">T-50; ASE<\/td>\n<td class=\"et3\" style=\"width: 118.50pt;\" width=\"158\">CAS 91082-17-6<\/td>\n<\/tr>\n<tr style=\"height: 21.00pt;\">\n<td class=\"et2\" style=\"height: 21.00pt; width: 96.00pt;\" width=\"128\" height=\"28\"><a title=\"https:\/\/longchangchemical.com\/product\/acetyl-tributyl-citrate-cas-77-90-7\/\" href=\"https:\/\/longchangchemical.com\/it\/product\/acetyl-tributyl-citrate-cas-77-90-7\/\"><span style=\"color: #00ccff;\">Lcflex\u00ae ATBC<\/span><\/a><\/td>\n<td class=\"et3\" style=\"width: 159.75pt;\" width=\"213\">Acetil tributile citrato<\/td>\n<td class=\"et3\" style=\"width: 118.50pt;\" width=\"158\">CAS 77-90-7<\/td>\n<\/tr>\n<tr style=\"height: 21.00pt;\">\n<td class=\"et2\" style=\"height: 21.00pt; width: 96.00pt;\" width=\"128\" height=\"28\"><a title=\"https:\/\/longchangchemical.com\/product\/tributyl-citrate-tbc-cas-77-94-1\/\" href=\"https:\/\/longchangchemical.com\/it\/product\/tributyl-citrate-tbc-cas-77-94-1\/\"><span style=\"color: #00ccff;\">Lcflex\u00ae TBC<\/span><\/a><\/td>\n<td class=\"et3\" style=\"width: 159.75pt;\" width=\"213\">Tributile citrato<\/td>\n<td class=\"et3\" style=\"width: 118.50pt;\" width=\"158\">CAS 77-94-1<\/td>\n<\/tr>\n<tr style=\"height: 21.00pt;\">\n<td class=\"et2\" style=\"height: 21.00pt; width: 96.00pt;\" width=\"128\" height=\"28\"><span style=\"color: #00ccff;\"><a style=\"color: #00ccff;\" title=\"https:\/\/longchangchemical.com\/product\/tcpp-cas-13674-84-5\/\" href=\"https:\/\/longchangchemical.com\/it\/product\/tcpp-cas-13674-84-5\/\">Lcflex\u00ae TCPP<\/a><\/span><\/td>\n<td class=\"et3\" style=\"width: 159.75pt;\" width=\"213\">Ritardante di fiamma TCPP<\/td>\n<td class=\"et3\" style=\"width: 118.50pt;\" width=\"158\">CAS 13674-84-5<\/td>\n<\/tr>\n<tr style=\"height: 21.00pt;\">\n<td class=\"et2\" style=\"height: 21.00pt; width: 96.00pt;\" width=\"128\" height=\"28\"><a title=\"https:\/\/longchangchemical.com\/product\/dotp-cas-6422-86-2\/\" href=\"https:\/\/longchangchemical.com\/it\/product\/dotp-cas-6422-86-2\/\"><span style=\"color: #00ccff;\">Lcflex\u00ae DOTP<\/span><\/a><\/td>\n<td class=\"et3\" style=\"width: 159.75pt;\" width=\"213\">Tereftalato di diottile<\/td>\n<td class=\"et3\" style=\"width: 118.50pt;\" width=\"158\">CAS 6422-86-2<\/td>\n<\/tr>\n<tr style=\"height: 21.00pt;\">\n<td class=\"et2\" style=\"height: 21.00pt; width: 96.00pt;\" width=\"128\" height=\"28\"><span style=\"color: #00ccff;\"><a style=\"color: #00ccff;\" title=\"https:\/\/longchangchemical.com\/product\/diethyl-phthalate-dep-cas-84-66-2\/\" href=\"https:\/\/longchangchemical.com\/it\/product\/diethyl-phthalate-dep-cas-84-66-2\/\">Lcflex\u00ae DEP<\/a><\/span><\/td>\n<td class=\"et3\" style=\"width: 159.75pt;\" width=\"213\">Dietil ftalato<\/td>\n<td class=\"et3\" style=\"width: 118.50pt;\" width=\"158\">CAS 84-66-2<\/td>\n<\/tr>\n<tr style=\"height: 21.00pt;\">\n<td class=\"et2\" style=\"height: 21.00pt; width: 96.00pt;\" width=\"128\" height=\"28\"><span style=\"color: #00ccff;\"><a style=\"color: #00ccff;\" title=\"https:\/\/longchangchemical.com\/product\/triethyl-citrate-cas-77-93-0\/\" href=\"https:\/\/longchangchemical.com\/it\/product\/triethyl-citrate-cas-77-93-0\/\">Lcflex\u00ae TEC<\/a><\/span><\/td>\n<td class=\"et3\" style=\"width: 159.75pt;\" width=\"213\">citrato di trietile<\/td>\n<td class=\"et3\" style=\"width: 118.50pt;\" width=\"158\">CAS 77-93-0<\/td>\n<\/tr>\n<tr style=\"height: 21.00pt;\">\n<td class=\"et2\" style=\"height: 21.00pt; width: 96.00pt;\" width=\"128\" height=\"28\"><span style=\"color: #00ccff;\"><a style=\"color: #00ccff;\" title=\"https:\/\/longchangchemical.com\/product\/Lcflare-doa-cas-123-79-5\/\" href=\"https:\/\/longchangchemical.com\/it\/product\/Lcflare-doa-cas-123-79-5\/\">Lcflex\u00ae DOA<\/a><\/span><\/td>\n<td class=\"et3\" style=\"width: 159.75pt;\" width=\"213\">Diottile adipato<\/td>\n<td class=\"et3\" style=\"width: 118.50pt;\" width=\"158\">CAS 123-79-5<\/td>\n<\/tr>\n<tr style=\"height: 30.00pt;\">\n<td class=\"et2\" style=\"height: 30.00pt; width: 96.00pt;\" width=\"128\" height=\"40\"><span style=\"color: #00ccff;\"><a style=\"color: #00ccff;\" title=\"https:\/\/longchangchemical.com\/product\/Lcflare-dos-cas-2432-87-3\/\" href=\"https:\/\/longchangchemical.com\/it\/product\/Lcflare-dos-cas-2432-87-3\/\">Lcflex\u00ae DOS<\/a><\/span><\/td>\n<td class=\"et3\" style=\"width: 159.75pt;\" width=\"213\">ACIDO SEBACICO DI-N-OTTILE ESTERE<\/td>\n<td class=\"et3\" style=\"width: 118.50pt;\" width=\"158\">CAS 2432-87-3<\/td>\n<\/tr>\n<tr style=\"height: 27.00pt;\">\n<td class=\"et2\" style=\"height: 27.00pt; width: 96.00pt;\" width=\"128\" height=\"36\"><a title=\"https:\/\/longchangchemical.com\/product\/cas-28553-12-0-685-15-48-0\/\" href=\"https:\/\/longchangchemical.com\/it\/product\/cas-28553-12-0-685-15-48-0\/\"><span style=\"color: #00ccff;\">Lcflex\u00ae DINP<\/span><\/a><\/td>\n<td class=\"et3\" style=\"width: 159.75pt;\" width=\"213\">Diisononil ftalato<\/td>\n<td class=\"et3\" style=\"width: 118.50pt;\" width=\"158\">CAS 28553-12-0\/685 15-48-0<\/td>\n<\/tr>\n<tr style=\"height: 21.00pt;\">\n<td class=\"et2\" style=\"height: 21.00pt; width: 96.00pt;\" width=\"128\" height=\"28\"><span style=\"color: #00ccff;\"><a style=\"color: #00ccff;\" title=\"https:\/\/longchangchemical.com\/product\/tmp-cas-77-99-6\/\" href=\"https:\/\/longchangchemical.com\/it\/product\/tmp-cas-77-99-6\/\">Lcflex\u00ae TMP<\/a><\/span><\/td>\n<td class=\"et3\" style=\"width: 159.75pt;\" width=\"213\">Trimetilolpropano<\/td>\n<td class=\"et3\" style=\"width: 118.50pt;\" width=\"158\">CAS 77-99-6<\/td>\n<\/tr>\n<tr style=\"height: 13.50pt;\">\n<td class=\"et2\" style=\"height: 13.50pt; width: 96.00pt;\" width=\"128\" height=\"18\"><span style=\"color: #00ccff;\"><a style=\"color: #00ccff;\" title=\"https:\/\/longchangchemical.com\/product\/triethyl-phosphate-tep-cas-78-40-0\/\" href=\"https:\/\/longchangchemical.com\/it\/product\/triethyl-phosphate-tep-cas-78-40-0\/\">Lcflex\u00ae TEP<\/a><\/span><\/td>\n<td class=\"et3\" style=\"width: 159.75pt;\" width=\"213\">Fosfato di trietile<\/td>\n<td class=\"et3\" style=\"width: 118.50pt;\" width=\"158\">CAS 78-40-0<\/td>\n<\/tr>\n<tr style=\"height: 13.50pt;\">\n<td class=\"et4\" style=\"height: 13.50pt; width: 96.00pt;\" width=\"128\" height=\"18\"><a href=\"https:\/\/longchangchemical.com\/it\/product\/Lcflex-totm-cas-3319-31-1\/\"><span style=\"color: #00ccff;\">Lcflex\u00ae TOTM<\/span><\/a><\/td>\n<td class=\"et3\" style=\"width: 159.75pt;\" width=\"213\">Triottile trimellitato<\/td>\n<td class=\"et3\" style=\"width: 118.50pt;\" width=\"158\">CAS 3319-31-1<\/td>\n<\/tr>\n<tr style=\"height: 40.50pt;\">\n<td class=\"et4\" style=\"height: 40.50pt; width: 96.00pt;\" width=\"128\" height=\"54\"><a href=\"https:\/\/longchangchemical.com\/it\/product\/Lcflex-bbp\/\"><span style=\"color: #00ccff;\">Lcflex\u00ae BBP<\/span><\/a><\/td>\n<td class=\"et3\" style=\"width: 159.75pt;\" width=\"213\">Plastificanti a base biologica, Plastificante ad alta efficienza<\/td>\n<td class=\"et3\" style=\"width: 118.50pt;\" width=\"158\"><\/td>\n<\/tr>\n<tr style=\"height: 13.50pt;\">\n<td class=\"et4\" style=\"height: 13.50pt; width: 96.00pt;\" width=\"128\" height=\"18\"><a href=\"https:\/\/longchangchemical.com\/it\/product\/tmp-cas-77-99-6\/\"><span style=\"color: #00ccff;\">Lcflex\u00ae TMP<\/span><\/a><\/td>\n<td class=\"et3\" style=\"width: 159.75pt;\" width=\"213\">Trimetilolo propano<\/td>\n<td class=\"et3\" style=\"width: 118.50pt;\" width=\"158\">CAS 77-99-6<\/td>\n<\/tr>\n<tr style=\"height: 30.00pt;\">\n<td class=\"et2\" style=\"height: 30.00pt; width: 96.00pt;\" width=\"128\" height=\"40\"><a title=\"https:\/\/longchangchemical.com\/product\/sinopszr-tcep-cas-115-96-8\/\" href=\"https:\/\/longchangchemical.com\/it\/product\/sinopszr-tcep-cas-115-96-8\/\"><span style=\"color: #00ccff;\">Lcflare\u00ae TCEP<\/span><\/a><\/td>\n<td class=\"et3\" style=\"width: 159.75pt;\" width=\"213\">Tris(2-cloroetil)fosfato<\/td>\n<td class=\"et3\" style=\"width: 118.50pt;\" width=\"158\">CAS 115-96-8<\/td>\n<\/tr>\n<tr style=\"height: 30.00pt;\">\n<td class=\"et2\" style=\"height: 30.00pt; width: 96.00pt;\" width=\"128\" height=\"40\"><span style=\"color: #00ccff;\"><a style=\"color: #00ccff;\" title=\"https:\/\/longchangchemical.com\/product\/Lcflare-bdp\/\" href=\"https:\/\/longchangchemical.com\/it\/product\/Lcflare-bdp\/\">Lcflare\u00ae BDP<\/a><\/span><\/td>\n<td class=\"et3\" style=\"width: 159.75pt;\" width=\"213\">Bisfenolo-A bis(difenilfosfato)<\/td>\n<td class=\"et3\" style=\"width: 118.50pt;\" width=\"158\">CAS 5945-33-5<\/td>\n<\/tr>\n<tr style=\"height: 13.50pt;\">\n<td class=\"et2\" style=\"height: 13.50pt; width: 96.00pt;\" width=\"128\" height=\"18\"><span style=\"color: #00ccff;\"><a style=\"color: #00ccff;\" title=\"https:\/\/longchangchemical.com\/product\/Lcflare-tpp-cas-115-86-6\/\" href=\"https:\/\/longchangchemical.com\/it\/product\/Lcflare-tpp-cas-115-86-6\/\">Lcflare\u00ae TPP<\/a><\/span><\/td>\n<td class=\"et3\" style=\"width: 159.75pt;\" width=\"213\">Fosfato di trifenile<\/td>\n<td class=\"et3\" style=\"width: 118.50pt;\" width=\"158\">CAS 115-86-6<\/td>\n<\/tr>\n<\/tbody>\n<\/table>\n<h2><\/h2>\n<h2><strong>Contattateci ora!<\/strong><\/h2>\n<h4><strong><b>Se avete bisogno di COA, MSDS o TDS, inserite i vostri dati di contatto nel modulo sottostante; di solito vi contatteremo entro 24 ore. Potete anche inviarmi un'e-mail <span style=\"color: #0000ff;\"><a style=\"color: #0000ff;\" href=\"mailto:info@longchangchemical.com\">info@longchangchemical.com<\/a><\/span> durante l'orario di lavoro (dalle 8:30 alle 18:00 UTC+8 lun.-sab.) o utilizzare la live chat del sito web per ottenere una risposta immediata.<\/b><\/strong><\/h4>","protected":false},"excerpt":{"rendered":"<h4>Nome chimico: Lcflex\u00ae DOTP<\/h4>\n<h4>Altro nome: Tereftalato di diottile; acido 1,4-benzendicarbossilico, 1,4-bis(2-etilesile) estere; ADK Cizer D 810; tereftalato di bis(2-etilesile); DEHTP; tereftalato di di-(2-etilesile); Eastman 168; Eastman TM 168; Kodaflex DOTP; Palatinol DOTP; Plastificante 168; acido tereftalico, bis(2-etilesile) estere.<\/h4>\n<h4>N. CAS: 6422-86-2<\/h4>\n<h4>Fomula molecolare: C24H38O4<\/h4>\n<h4>Struttura chimica:<img decoding=\"async\" title=\"CAS 6422-86-2 Struttura\" src=\"https:\/\/www.longchangchemical.com\/wp-content\/uploads\/product-details\/20200612220282.png\" alt=\"CAS 6422-86-2 Struttura\" width=\"149\" height=\"158\" border=\"0\" vspace=\"0\" \/><\/h4>\n<h4>Peso molecolare: 390,56<\/h4>\n<h4>Aspetto: liquido trasparente incolore<\/h4>\n<h4>Test: \u226599%<\/h4>","protected":false},"featured_media":0,"comment_status":"open","ping_status":"closed","template":"","meta":[],"product_brand":[],"product_cat":[111],"product_tag":[],"class_list":{"0":"post-4794","1":"product","2":"type-product","3":"status-publish","5":"product_cat-plasticizer","7":"first","8":"instock","9":"shipping-taxable","10":"product-type-simple"},"yoast_head":"<!-- This site is optimized with the Yoast SEO plugin v25.3.1 - https:\/\/yoast.com\/wordpress\/plugins\/seo\/ -->\n<title>China Dioctyl terephthalate DOTP manufacturer - Longchang chemical<\/title>\n<meta name=\"description\" content=\"China Dioctyl terephthalate DOTP CAS 6422-86-2 manufacturer. This product can replace Bis(2-ethylhexyl) terephthalate, DOTP, Eastman 168, Eastman TM 168, Kodaflex DOTP, NEO-T, Palatinol DOTP, Plasticizer 168, Terephthalic acid, bis(2-ethylhexyl) ester, terephthalic acid, bis(2-ethylhexyl)ester, DEHTP, Dioctyl terephthalate, ADK Cizer D 810.\" \/>\n<meta name=\"robots\" content=\"index, follow, max-snippet:-1, max-image-preview:large, max-video-preview:-1\" \/>\n<link rel=\"canonical\" href=\"https:\/\/longchangchemical.com\/it\/product\/dotp-cas-6422-86-2\/\" \/>\n<meta property=\"og:locale\" content=\"it_IT\" \/>\n<meta property=\"og:type\" content=\"article\" \/>\n<meta property=\"og:title\" content=\"China Dioctyl terephthalate DOTP manufacturer - Longchang chemical\" \/>\n<meta property=\"og:description\" content=\"China Dioctyl terephthalate DOTP CAS 6422-86-2 manufacturer. This product can replace Bis(2-ethylhexyl) terephthalate, DOTP, Eastman 168, Eastman TM 168, Kodaflex DOTP, NEO-T, Palatinol DOTP, Plasticizer 168, Terephthalic acid, bis(2-ethylhexyl) ester, terephthalic acid, bis(2-ethylhexyl)ester, DEHTP, Dioctyl terephthalate, ADK Cizer D 810.\" \/>\n<meta property=\"og:url\" content=\"https:\/\/longchangchemical.com\/it\/product\/dotp-cas-6422-86-2\/\" \/>\n<meta property=\"og:site_name\" content=\"Longchang Chemical\" \/>\n<meta property=\"article:modified_time\" content=\"2026-05-08T02:59:40+00:00\" \/>\n<meta property=\"og:image\" content=\"https:\/\/longchangchemical.com\/wp-content\/uploads\/2024\/02\/logo-jpeg.jpg\" \/>\n\t<meta property=\"og:image:width\" content=\"1000\" \/>\n\t<meta property=\"og:image:height\" content=\"1000\" \/>\n\t<meta property=\"og:image:type\" content=\"image\/jpeg\" \/>\n<meta name=\"twitter:card\" content=\"summary_large_image\" \/>\n<script type=\"application\/ld+json\" class=\"yoast-schema-graph\">{\"@context\":\"https:\/\/schema.org\",\"@graph\":[{\"@type\":\"WebPage\",\"@id\":\"https:\/\/longchangchemical.com\/product\/dotp-cas-6422-86-2\/\",\"url\":\"https:\/\/longchangchemical.com\/product\/dotp-cas-6422-86-2\/\",\"name\":\"China Dioctyl terephthalate DOTP manufacturer - Longchang chemical\",\"isPartOf\":{\"@id\":\"https:\/\/longchangchemical.com\/#website\"},\"datePublished\":\"2021-10-08T14:19:29+00:00\",\"dateModified\":\"2026-05-08T02:59:40+00:00\",\"description\":\"China Dioctyl terephthalate DOTP CAS 6422-86-2 manufacturer. This product can replace Bis(2-ethylhexyl) terephthalate, DOTP, Eastman 168, Eastman TM 168, Kodaflex DOTP, NEO-T, Palatinol DOTP, Plasticizer 168, Terephthalic acid, bis(2-ethylhexyl) ester, terephthalic acid, bis(2-ethylhexyl)ester, DEHTP, Dioctyl terephthalate, ADK Cizer D 810.\",\"breadcrumb\":{\"@id\":\"https:\/\/longchangchemical.com\/product\/dotp-cas-6422-86-2\/#breadcrumb\"},\"inLanguage\":\"it-IT\",\"potentialAction\":[{\"@type\":\"ReadAction\",\"target\":[\"https:\/\/longchangchemical.com\/product\/dotp-cas-6422-86-2\/\"]}]},{\"@type\":\"BreadcrumbList\",\"@id\":\"https:\/\/longchangchemical.com\/product\/dotp-cas-6422-86-2\/#breadcrumb\",\"itemListElement\":[{\"@type\":\"ListItem\",\"position\":1,\"name\":\"Home\",\"item\":\"https:\/\/longchangchemical.com\/\"},{\"@type\":\"ListItem\",\"position\":2,\"name\":\"Products Longchang\",\"item\":\"https:\/\/longchangchemical.com\/product\/\"},{\"@type\":\"ListItem\",\"position\":3,\"name\":\"CHLUMIFLEX\u00ae DOTP \/ Dioctyl terephthalate CAS 6422-86-2\"}]},{\"@type\":\"WebSite\",\"@id\":\"https:\/\/longchangchemical.com\/#website\",\"url\":\"https:\/\/longchangchemical.com\/\",\"name\":\"Longchang Chemical\",\"description\":\"China chemical manufacturer \uff06 supplier\",\"publisher\":{\"@id\":\"https:\/\/longchangchemical.com\/#organization\"},\"potentialAction\":[{\"@type\":\"SearchAction\",\"target\":{\"@type\":\"EntryPoint\",\"urlTemplate\":\"https:\/\/longchangchemical.com\/?s={search_term_string}\"},\"query-input\":{\"@type\":\"PropertyValueSpecification\",\"valueRequired\":true,\"valueName\":\"search_term_string\"}}],\"inLanguage\":\"it-IT\"},{\"@type\":\"Organization\",\"@id\":\"https:\/\/longchangchemical.com\/#organization\",\"name\":\"Longchang Chemical\",\"url\":\"https:\/\/longchangchemical.com\/\",\"logo\":{\"@type\":\"ImageObject\",\"inLanguage\":\"it-IT\",\"@id\":\"https:\/\/longchangchemical.com\/#\/schema\/logo\/image\/\",\"url\":\"https:\/\/longchangchemical.com\/wp-content\/uploads\/2020\/08\/cropped-longchang-logo.png\",\"contentUrl\":\"https:\/\/longchangchemical.com\/wp-content\/uploads\/2020\/08\/cropped-longchang-logo.png\",\"width\":512,\"height\":512,\"caption\":\"Longchang Chemical\"},\"image\":{\"@id\":\"https:\/\/longchangchemical.com\/#\/schema\/logo\/image\/\"}}]}<\/script>\n<!-- \/ Yoast SEO plugin. -->","yoast_head_json":{"title":"Cina Diottile tereftalato DOTP produttore - Longchang chemical","description":"Cina Diottile tereftalato DOTP CAS 6422-86-2 produttore. Questo prodotto pu\u00f2 sostituire il tereftalato di bis(2-etilesile), DOTP, Eastman 168, Eastman TM 168, Kodaflex DOTP, NEO-T, Palatinol DOTP, Plastificante 168, acido tereftalico, bis(2-etilesile) estere, acido tereftalico, bis(2-etilesile) estere, DEHTP, tereftalato di diottile, ADK Cizer D 810.","robots":{"index":"index","follow":"follow","max-snippet":"max-snippet:-1","max-image-preview":"max-image-preview:large","max-video-preview":"max-video-preview:-1"},"canonical":"https:\/\/longchangchemical.com\/it\/product\/dotp-cas-6422-86-2\/","og_locale":"it_IT","og_type":"article","og_title":"China Dioctyl terephthalate DOTP manufacturer - Longchang chemical","og_description":"China Dioctyl terephthalate DOTP CAS 6422-86-2 manufacturer. This product can replace Bis(2-ethylhexyl) terephthalate, DOTP, Eastman 168, Eastman TM 168, Kodaflex DOTP, NEO-T, Palatinol DOTP, Plasticizer 168, Terephthalic acid, bis(2-ethylhexyl) ester, terephthalic acid, bis(2-ethylhexyl)ester, DEHTP, Dioctyl terephthalate, ADK Cizer D 810.","og_url":"https:\/\/longchangchemical.com\/it\/product\/dotp-cas-6422-86-2\/","og_site_name":"Longchang Chemical","article_modified_time":"2026-05-08T02:59:40+00:00","og_image":[{"width":1000,"height":1000,"url":"https:\/\/longchangchemical.com\/wp-content\/uploads\/2024\/02\/logo-jpeg.jpg","type":"image\/jpeg"}],"twitter_card":"summary_large_image","schema":{"@context":"https:\/\/schema.org","@graph":[{"@type":"WebPage","@id":"https:\/\/longchangchemical.com\/product\/dotp-cas-6422-86-2\/","url":"https:\/\/longchangchemical.com\/product\/dotp-cas-6422-86-2\/","name":"Cina Diottile tereftalato DOTP produttore - Longchang chemical","isPartOf":{"@id":"https:\/\/longchangchemical.com\/#website"},"datePublished":"2021-10-08T14:19:29+00:00","dateModified":"2026-05-08T02:59:40+00:00","description":"Cina Diottile tereftalato DOTP CAS 6422-86-2 produttore. Questo prodotto pu\u00f2 sostituire il tereftalato di bis(2-etilesile), DOTP, Eastman 168, Eastman TM 168, Kodaflex DOTP, NEO-T, Palatinol DOTP, Plastificante 168, acido tereftalico, bis(2-etilesile) estere, acido tereftalico, bis(2-etilesile) estere, DEHTP, tereftalato di diottile, ADK Cizer D 810.","breadcrumb":{"@id":"https:\/\/longchangchemical.com\/product\/dotp-cas-6422-86-2\/#breadcrumb"},"inLanguage":"it-IT","potentialAction":[{"@type":"ReadAction","target":["https:\/\/longchangchemical.com\/product\/dotp-cas-6422-86-2\/"]}]},{"@type":"BreadcrumbList","@id":"https:\/\/longchangchemical.com\/product\/dotp-cas-6422-86-2\/#breadcrumb","itemListElement":[{"@type":"ListItem","position":1,"name":"Home","item":"https:\/\/longchangchemical.com\/"},{"@type":"ListItem","position":2,"name":"Products Longchang","item":"https:\/\/longchangchemical.com\/product\/"},{"@type":"ListItem","position":3,"name":"CHLUMIFLEX\u00ae DOTP \/ Dioctyl terephthalate CAS 6422-86-2"}]},{"@type":"WebSite","@id":"https:\/\/longchangchemical.com\/#website","url":"https:\/\/longchangchemical.com\/","name":"Longchang Chemical","description":"Cina produttore di prodotti chimici \uff06 fornitore","publisher":{"@id":"https:\/\/longchangchemical.com\/#organization"},"potentialAction":[{"@type":"SearchAction","target":{"@type":"EntryPoint","urlTemplate":"https:\/\/longchangchemical.com\/?s={search_term_string}"},"query-input":{"@type":"PropertyValueSpecification","valueRequired":true,"valueName":"search_term_string"}}],"inLanguage":"it-IT"},{"@type":"Organization","@id":"https:\/\/longchangchemical.com\/#organization","name":"Longchang Chemical","url":"https:\/\/longchangchemical.com\/","logo":{"@type":"ImageObject","inLanguage":"it-IT","@id":"https:\/\/longchangchemical.com\/#\/schema\/logo\/image\/","url":"https:\/\/longchangchemical.com\/wp-content\/uploads\/2020\/08\/cropped-longchang-logo.png","contentUrl":"https:\/\/longchangchemical.com\/wp-content\/uploads\/2020\/08\/cropped-longchang-logo.png","width":512,"height":512,"caption":"Longchang Chemical"},"image":{"@id":"https:\/\/longchangchemical.com\/#\/schema\/logo\/image\/"}}]}},"_links":{"self":[{"href":"https:\/\/longchangchemical.com\/it\/wp-json\/wp\/v2\/product\/4794","targetHints":{"allow":["GET"]}}],"collection":[{"href":"https:\/\/longchangchemical.com\/it\/wp-json\/wp\/v2\/product"}],"about":[{"href":"https:\/\/longchangchemical.com\/it\/wp-json\/wp\/v2\/types\/product"}],"replies":[{"embeddable":true,"href":"https:\/\/longchangchemical.com\/it\/wp-json\/wp\/v2\/comments?post=4794"}],"wp:attachment":[{"href":"https:\/\/longchangchemical.com\/it\/wp-json\/wp\/v2\/media?parent=4794"}],"wp:term":[{"taxonomy":"product_brand","embeddable":true,"href":"https:\/\/longchangchemical.com\/it\/wp-json\/wp\/v2\/product_brand?post=4794"},{"taxonomy":"product_cat","embeddable":true,"href":"https:\/\/longchangchemical.com\/it\/wp-json\/wp\/v2\/product_cat?post=4794"},{"taxonomy":"product_tag","embeddable":true,"href":"https:\/\/longchangchemical.com\/it\/wp-json\/wp\/v2\/product_tag?post=4794"}],"curies":[{"name":"wp","href":"https:\/\/api.w.org\/{rel}","templated":true}]}}