{"id":4387,"date":"2021-02-10T13:36:34","date_gmt":"2021-02-10T13:36:34","guid":{"rendered":"https:\/\/longchangchemical.com\/?post_type=product&#038;p=4387"},"modified":"2025-12-23T03:13:14","modified_gmt":"2025-12-23T03:13:14","slug":"manganese-citrate-cas-10024-66-5","status":"publish","type":"product","link":"https:\/\/longchangchemical.com\/it\/product\/manganese-citrate-cas-10024-66-5\/","title":{"rendered":"Citrato di manganese CAS 10024-66-5"},"content":{"rendered":"<h1><strong>Citrato di manganese CAS 10024-66-5<\/strong><\/h1>\n<table class=\"table-1\" cellspacing=\"0\">\n<tbody>\n<tr>\n<td>\n<h4>Articolo<\/h4>\n<\/td>\n<td>\n<h4>Specifiche tecniche<\/h4>\n<\/td>\n<\/tr>\n<tr>\n<td>\n<h4>Aspetto<\/h4>\n<\/td>\n<td>\n<h4>Polvere rosa chiaro<\/h4>\n<\/td>\n<\/tr>\n<tr>\n<td>\n<h4>Odore<\/h4>\n<\/td>\n<td>\n<h4>Inodore<\/h4>\n<\/td>\n<\/tr>\n<tr>\n<td>\n<h4>Test<\/h4>\n<\/td>\n<td>\n<h4>96.5.0-104.8%<\/h4>\n<\/td>\n<\/tr>\n<tr>\n<td>\n<h4>Perdita all'essiccazione<\/h4>\n<\/td>\n<td>\n<h4>23,0 - 26,0%<\/h4>\n<\/td>\n<\/tr>\n<tr>\n<td>\n<h4>Solfato<\/h4>\n<\/td>\n<td>\n<h4>0,02% max<\/h4>\n<\/td>\n<\/tr>\n<tr>\n<td>\n<h4>Piombo<\/h4>\n<\/td>\n<td>\n<h4>2 ppm max<\/h4>\n<\/td>\n<\/tr>\n<tr>\n<td>\n<h4>Calcio<\/h4>\n<\/td>\n<td>\n<h4>5 ppm max<\/h4>\n<\/td>\n<\/tr>\n<tr>\n<td>\n<h4>Arsenico<\/h4>\n<\/td>\n<td>\n<h4>3 ppm max<\/h4>\n<\/td>\n<\/tr>\n<tr>\n<td>\n<h4>Dimensione delle particelle entro 30 maglie \/ entro 70 maglie<\/h4>\n<\/td>\n<td>\n<h4>100%&gt; 90%<\/h4>\n<\/td>\n<\/tr>\n<tr>\n<td>\n<h4>Contenuto di manganese<\/h4>\n<h4>Calcolo della base senza acqua<\/h4>\n<h4>Calcolo della base di dieci acque<\/h4>\n<\/td>\n<td>\n<h4>29,3 - 31,8%<\/h4>\n<h4>22,0 - 23,9%<\/h4>\n<\/td>\n<\/tr>\n<\/tbody>\n<\/table>\n<p>&nbsp;<\/p>\n<h2><strong>Uso del citrato di manganese<\/strong><\/h2>\n<h4>1. Il citrato di manganese pu\u00f2 essere utilizzato come integratore alimentare (fortificante di manganese).<br \/>\n2. Il citrato di manganese pu\u00f2 essere utilizzato nei prodotti da forno, nelle bevande analcoliche, nei prodotti lattiero-caseari, nei prodotti ittici, nei prodotti a base di carne, compresi i prodotti lattiero-caseari, i prodotti a base di pollame, gli alimenti per lattanti, ecc. La quantit\u00e0 non \u00e8 soggetta a restrizioni ed \u00e8 limitata alle GMP (FDA\u00a7184.1449) , 2000).<\/h4>\n<h2><\/h2>\n<h2><strong>Imballaggio e spedizione del citrato di manganese<\/strong><\/h2>\n<h4>Dettagli dell'imballaggio: 25 kg \/ 50 kg di cartone \/ sacchetto \/ tamburo; 500 kg di sacchetto<\/h4>\n<h4>Porto: Shanghai o altro porto della Cina<\/h4>\n<p>&nbsp;<\/p>\n<h2><strong>Manganese citrato Stoccaggio<\/strong><\/h2>\n<h4>Evitare la luce del sole, l'umidit\u00e0, le alte temperature ed evitare stabilizzanti, ritardanti di fiamma o insetticidi contenenti zolfo o elementi alogeni.<\/h4>\n<p>&nbsp;<\/p>\n<h2><strong>Prodotti della stessa serie<\/strong><\/h2>\n<table style=\"border-collapse: collapse; width: 312.02pt;\" border=\"0\" width=\"416\" cellspacing=\"0\" cellpadding=\"0\">\n<tbody>\n<tr style=\"height: 54.00pt;\">\n<td class=\"et4\" style=\"height: 54.00pt; width: 201.75pt;\" width=\"269\" height=\"72\">\n<h4><a href=\"https:\/\/longchangchemical.com\/it\/product\/bismuth-citrate-cas-813-93-4\/\"><span style=\"color: #0000ff;\"><strong>Citrato di bismuto<\/strong><\/span><\/a><\/h4>\n<\/td>\n<td class=\"et4\" style=\"width: 110.25pt;\" width=\"147\">\n<h4><a href=\"https:\/\/longchangchemical.com\/it\/product\/bismuth-citrate-cas-813-93-4\/\"><span style=\"color: #0000ff;\"><strong>813-93-4<\/strong><\/span><\/a><\/h4>\n<\/td>\n<\/tr>\n<tr style=\"height: 54.00pt;\">\n<td class=\"et5\" style=\"height: 54.00pt; width: 201.75pt;\" width=\"269\" height=\"72\">\n<h4><a href=\"https:\/\/longchangchemical.com\/it\/product\/boron-citrate-5\/\"><span style=\"color: #0000ff;\"><strong>Citrato di boro<\/strong><\/span><\/a><\/h4>\n<\/td>\n<td class=\"et6\" style=\"width: 110.25pt;\" width=\"147\"><\/td>\n<\/tr>\n<tr style=\"height: 40.50pt;\">\n<td class=\"et7\" style=\"height: 40.50pt; width: 201.75pt;\" width=\"269\" height=\"54\">\n<h4><a href=\"https:\/\/longchangchemical.com\/it\/product\/ferric-citrate-cas-3522-50-7\/\"><span style=\"color: #0000ff;\"><strong>Citrato ferrico<\/strong><\/span><\/a><\/h4>\n<\/td>\n<td class=\"et7\" style=\"width: 110.25pt;\" width=\"147\">\n<h4><a href=\"https:\/\/longchangchemical.com\/it\/product\/ferric-citrate-cas-3522-50-7\/\"><span style=\"color: #0000ff;\"><strong>3522-50-7<\/strong><\/span><\/a><\/h4>\n<\/td>\n<\/tr>\n<tr style=\"height: 40.50pt;\">\n<td class=\"et7\" style=\"height: 40.50pt; width: 201.75pt;\" width=\"269\" height=\"54\">\n<h4><a href=\"https:\/\/longchangchemical.com\/it\/product\/calcium-citrate-cas-813-94-5\/\"><span style=\"color: #0000ff;\"><strong>Citrato di calcio<\/strong><\/span><\/a><\/h4>\n<\/td>\n<td class=\"et7\" style=\"width: 110.25pt;\" width=\"147\">\n<h4><a href=\"https:\/\/longchangchemical.com\/it\/product\/calcium-citrate-cas-813-94-5\/\"><span style=\"color: #0000ff;\"><strong>813-94-5<\/strong><\/span><\/a><\/h4>\n<\/td>\n<\/tr>\n<tr style=\"height: 40.50pt;\">\n<td class=\"et7\" style=\"height: 40.50pt; width: 201.75pt;\" width=\"269\" height=\"54\">\n<h4><a href=\"https:\/\/longchangchemical.com\/it\/product\/trimagnesium-dicitrate-cas-3344-18-1\/\"><span style=\"color: #0000ff;\"><strong>Trimagnesio dicitrato<\/strong><\/span><\/a><\/h4>\n<\/td>\n<td class=\"et7\" style=\"width: 110.25pt;\" width=\"147\">\n<h4><a href=\"https:\/\/longchangchemical.com\/it\/product\/trimagnesium-dicitrate-cas-3344-18-1\/\"><span style=\"color: #0000ff;\"><strong>3344-18-1<\/strong><\/span><\/a><\/h4>\n<\/td>\n<\/tr>\n<tr style=\"height: 40.50pt;\">\n<td class=\"et7\" style=\"height: 40.50pt; width: 201.75pt;\" width=\"269\" height=\"54\">\n<h4><a href=\"https:\/\/longchangchemical.com\/it\/product\/zinc-citrate-tribasic-dihydrate-cas-5990-32-9\/\"><span style=\"color: #0000ff;\">Zinco citrato tribasico diidrato<\/span><\/a><\/h4>\n<\/td>\n<td class=\"et7\" style=\"width: 110.25pt;\" width=\"147\">\n<h4><a href=\"https:\/\/longchangchemical.com\/it\/product\/zinc-citrate-tribasic-dihydrate-cas-5990-32-9\/\"><span style=\"color: #0000ff;\">5990-32-9<\/span><\/a><\/h4>\n<\/td>\n<\/tr>\n<tr style=\"height: 40.50pt;\">\n<td class=\"et7\" style=\"height: 40.50pt; width: 201.75pt;\" width=\"269\" height=\"54\">\n<h4><strong>Citrato di manganese<\/strong><\/h4>\n<\/td>\n<td class=\"et7\" style=\"width: 110.25pt;\" width=\"147\">\n<h4><strong>10024-66-5<\/strong><\/h4>\n<\/td>\n<\/tr>\n<tr style=\"height: 40.50pt;\">\n<td class=\"et7\" style=\"height: 40.50pt; width: 201.75pt;\" width=\"269\" height=\"54\">\n<h4><a href=\"https:\/\/longchangchemical.com\/it\/product\/trimethyl-citrate-cas-1587-20-8\/\"><span style=\"color: #0000ff;\"><strong>Citrato di trimetile<\/strong><\/span><\/a><\/h4>\n<\/td>\n<td class=\"et7\" style=\"width: 110.25pt;\" width=\"147\">\n<h4><a href=\"https:\/\/longchangchemical.com\/it\/product\/trimethyl-citrate-cas-1587-20-8\/\"><span style=\"color: #0000ff;\"><strong>1587-20-8<\/strong><\/span><\/a><\/h4>\n<\/td>\n<\/tr>\n<tr style=\"height: 40.50pt;\">\n<td class=\"et7\" style=\"height: 40.50pt; width: 201.75pt;\" width=\"269\" height=\"54\">\n<h4><a href=\"https:\/\/longchangchemical.com\/it\/product\/triethyl-citrate-cas-77-93-0\/\"><span style=\"color: #0000ff;\"><strong>Citrato di trietile<\/strong><\/span><\/a><\/h4>\n<\/td>\n<td class=\"et7\" style=\"width: 110.25pt;\" width=\"147\">\n<h4><a href=\"https:\/\/longchangchemical.com\/it\/product\/triethyl-citrate-cas-77-93-0\/\"><span style=\"color: #0000ff;\"><strong>77-93-0<\/strong><\/span><\/a><\/h4>\n<\/td>\n<\/tr>\n<\/tbody>\n<\/table>\n<p>&nbsp;<\/p>\n<h2><strong><b>Contattateci ora!<\/b><\/strong><\/h2>\n<h4><strong><b>Forniamo servizi personalizzati, di solito vi contatteremo entro 24 ore. Potete anche inviarmi un'e-mail a info@longchangchemical.com durante l'orario di lavoro (dalle 8:30 alle 18:00 UTC+8 Lun.~Sab.) o utilizzare la chat dal vivo del sito web per ottenere una risposta immediata.<\/b><\/strong><\/h4>","protected":false},"excerpt":{"rendered":"<h4>Nome chimico: Citrato di manganese<\/h4>\n<h4>N. CAS: 10024-66-5<\/h4>\n<h4>Fomula molecolare: C12H10Mn3O14<\/h4>\n<h4>Struttura chimica:<img decoding=\"async\" title=\"Citrato di manganese(II) Struttura\" src=\"https:\/\/www.longchangchemical.com\/wp-content\/uploads\/product-details\/20200612024873.png\" alt=\"Citrato di manganese(II) Struttura\" width=\"228\" height=\"90\" border=\"0\" vspace=\"0\" \/><\/h4>\n<h4>Peso molecolare: 543,01<\/h4>\n<h4>Aspetto: Polvere rosa chiaro<\/h4>\n<h4>Prova: 96.5.0-104.8%<\/h4>","protected":false},"featured_media":4388,"comment_status":"open","ping_status":"closed","template":"","meta":[],"product_brand":[],"product_cat":[113],"product_tag":[],"class_list":{"0":"post-4387","1":"product","2":"type-product","3":"status-publish","4":"has-post-thumbnail","6":"product_cat-organic-intermediate","8":"first","9":"instock","10":"shipping-taxable","11":"product-type-simple"},"yoast_head":"<!-- This site is optimized with the Yoast SEO plugin v25.3.1 - https:\/\/yoast.com\/wordpress\/plugins\/seo\/ -->\n<title>China Manganese Citrate Manufacturer \uff06 10024-66-5 Supplier - Longchang chemical Co., Ltd.<\/title>\n<meta name=\"description\" content=\"Longchang Chemical is a leading manufacturer and supplier of Manganese Citrate in China. Buy Manganese Citrate in china. We can provide the best Manganese Citrate price.\" \/>\n<meta name=\"robots\" content=\"index, follow, max-snippet:-1, max-image-preview:large, max-video-preview:-1\" \/>\n<link rel=\"canonical\" href=\"https:\/\/longchangchemical.com\/it\/product\/manganese-citrate-cas-10024-66-5\/\" \/>\n<meta property=\"og:locale\" content=\"it_IT\" \/>\n<meta property=\"og:type\" content=\"article\" \/>\n<meta property=\"og:title\" content=\"China Manganese Citrate Manufacturer \uff06 10024-66-5 Supplier - Longchang chemical Co., Ltd.\" \/>\n<meta property=\"og:description\" content=\"Longchang Chemical is a leading manufacturer and supplier of Manganese Citrate in China. Buy Manganese Citrate in china. We can provide the best Manganese Citrate price.\" \/>\n<meta property=\"og:url\" content=\"https:\/\/longchangchemical.com\/it\/product\/manganese-citrate-cas-10024-66-5\/\" \/>\n<meta property=\"og:site_name\" content=\"Longchang Chemical\" \/>\n<meta property=\"article:modified_time\" content=\"2025-12-23T03:13:14+00:00\" \/>\n<meta property=\"og:image\" content=\"https:\/\/longchangchemical.com\/wp-content\/uploads\/2021\/02\/Manganese-Citrate-Appearance.jpg\" \/>\n\t<meta property=\"og:image:width\" content=\"600\" \/>\n\t<meta property=\"og:image:height\" content=\"800\" \/>\n\t<meta property=\"og:image:type\" content=\"image\/jpeg\" \/>\n<meta name=\"twitter:card\" content=\"summary_large_image\" \/>\n<script type=\"application\/ld+json\" class=\"yoast-schema-graph\">{\"@context\":\"https:\/\/schema.org\",\"@graph\":[{\"@type\":\"WebPage\",\"@id\":\"https:\/\/longchangchemical.com\/product\/manganese-citrate-cas-10024-66-5\/\",\"url\":\"https:\/\/longchangchemical.com\/product\/manganese-citrate-cas-10024-66-5\/\",\"name\":\"China Manganese Citrate Manufacturer \uff06 10024-66-5 Supplier - Longchang chemical Co., Ltd.\",\"isPartOf\":{\"@id\":\"https:\/\/longchangchemical.com\/#website\"},\"primaryImageOfPage\":{\"@id\":\"https:\/\/longchangchemical.com\/product\/manganese-citrate-cas-10024-66-5\/#primaryimage\"},\"image\":{\"@id\":\"https:\/\/longchangchemical.com\/product\/manganese-citrate-cas-10024-66-5\/#primaryimage\"},\"thumbnailUrl\":\"https:\/\/longchangchemical.com\/wp-content\/uploads\/2021\/02\/Manganese-Citrate-Appearance.jpg\",\"datePublished\":\"2021-02-10T13:36:34+00:00\",\"dateModified\":\"2025-12-23T03:13:14+00:00\",\"description\":\"Longchang Chemical is a leading manufacturer and supplier of Manganese Citrate in China. Buy Manganese Citrate in china. We can provide the best Manganese Citrate price.\",\"breadcrumb\":{\"@id\":\"https:\/\/longchangchemical.com\/product\/manganese-citrate-cas-10024-66-5\/#breadcrumb\"},\"inLanguage\":\"it-IT\",\"potentialAction\":[{\"@type\":\"ReadAction\",\"target\":[\"https:\/\/longchangchemical.com\/product\/manganese-citrate-cas-10024-66-5\/\"]}]},{\"@type\":\"ImageObject\",\"inLanguage\":\"it-IT\",\"@id\":\"https:\/\/longchangchemical.com\/product\/manganese-citrate-cas-10024-66-5\/#primaryimage\",\"url\":\"https:\/\/longchangchemical.com\/wp-content\/uploads\/2021\/02\/Manganese-Citrate-Appearance.jpg\",\"contentUrl\":\"https:\/\/longchangchemical.com\/wp-content\/uploads\/2021\/02\/Manganese-Citrate-Appearance.jpg\",\"width\":600,\"height\":800,\"caption\":\"Manganese Citrate Appearance\"},{\"@type\":\"BreadcrumbList\",\"@id\":\"https:\/\/longchangchemical.com\/product\/manganese-citrate-cas-10024-66-5\/#breadcrumb\",\"itemListElement\":[{\"@type\":\"ListItem\",\"position\":1,\"name\":\"Home\",\"item\":\"https:\/\/longchangchemical.com\/\"},{\"@type\":\"ListItem\",\"position\":2,\"name\":\"Products Longchang\",\"item\":\"https:\/\/longchangchemical.com\/product\/\"},{\"@type\":\"ListItem\",\"position\":3,\"name\":\"Manganese Citrate CAS 10024-66-5\"}]},{\"@type\":\"WebSite\",\"@id\":\"https:\/\/longchangchemical.com\/#website\",\"url\":\"https:\/\/longchangchemical.com\/\",\"name\":\"Longchang Chemical\",\"description\":\"China chemical manufacturer \uff06 supplier\",\"publisher\":{\"@id\":\"https:\/\/longchangchemical.com\/#organization\"},\"potentialAction\":[{\"@type\":\"SearchAction\",\"target\":{\"@type\":\"EntryPoint\",\"urlTemplate\":\"https:\/\/longchangchemical.com\/?s={search_term_string}\"},\"query-input\":{\"@type\":\"PropertyValueSpecification\",\"valueRequired\":true,\"valueName\":\"search_term_string\"}}],\"inLanguage\":\"it-IT\"},{\"@type\":\"Organization\",\"@id\":\"https:\/\/longchangchemical.com\/#organization\",\"name\":\"Longchang Chemical\",\"url\":\"https:\/\/longchangchemical.com\/\",\"logo\":{\"@type\":\"ImageObject\",\"inLanguage\":\"it-IT\",\"@id\":\"https:\/\/longchangchemical.com\/#\/schema\/logo\/image\/\",\"url\":\"https:\/\/longchangchemical.com\/wp-content\/uploads\/2020\/08\/cropped-longchang-logo.png\",\"contentUrl\":\"https:\/\/longchangchemical.com\/wp-content\/uploads\/2020\/08\/cropped-longchang-logo.png\",\"width\":512,\"height\":512,\"caption\":\"Longchang Chemical\"},\"image\":{\"@id\":\"https:\/\/longchangchemical.com\/#\/schema\/logo\/image\/\"}}]}<\/script>\n<!-- \/ Yoast SEO plugin. -->","yoast_head_json":{"title":"Cina Citrato di manganese produttore \uff06 10024-66-5 Fornitore - Longchang chemical Co., Ltd.","description":"Longchang Chemical \u00e8 un produttore e fornitore leader di citrato di manganese in Cina. Acquistare il citrato di manganese in Cina. Possiamo fornire il miglior prezzo del citrato di manganese.","robots":{"index":"index","follow":"follow","max-snippet":"max-snippet:-1","max-image-preview":"max-image-preview:large","max-video-preview":"max-video-preview:-1"},"canonical":"https:\/\/longchangchemical.com\/it\/product\/manganese-citrate-cas-10024-66-5\/","og_locale":"it_IT","og_type":"article","og_title":"China Manganese Citrate Manufacturer \uff06 10024-66-5 Supplier - Longchang chemical Co., Ltd.","og_description":"Longchang Chemical is a leading manufacturer and supplier of Manganese Citrate in China. Buy Manganese Citrate in china. We can provide the best Manganese Citrate price.","og_url":"https:\/\/longchangchemical.com\/it\/product\/manganese-citrate-cas-10024-66-5\/","og_site_name":"Longchang Chemical","article_modified_time":"2025-12-23T03:13:14+00:00","og_image":[{"width":600,"height":800,"url":"https:\/\/longchangchemical.com\/wp-content\/uploads\/2021\/02\/Manganese-Citrate-Appearance.jpg","type":"image\/jpeg"}],"twitter_card":"summary_large_image","schema":{"@context":"https:\/\/schema.org","@graph":[{"@type":"WebPage","@id":"https:\/\/longchangchemical.com\/product\/manganese-citrate-cas-10024-66-5\/","url":"https:\/\/longchangchemical.com\/product\/manganese-citrate-cas-10024-66-5\/","name":"Cina Citrato di manganese produttore \uff06 10024-66-5 Fornitore - Longchang chemical Co., Ltd.","isPartOf":{"@id":"https:\/\/longchangchemical.com\/#website"},"primaryImageOfPage":{"@id":"https:\/\/longchangchemical.com\/product\/manganese-citrate-cas-10024-66-5\/#primaryimage"},"image":{"@id":"https:\/\/longchangchemical.com\/product\/manganese-citrate-cas-10024-66-5\/#primaryimage"},"thumbnailUrl":"https:\/\/longchangchemical.com\/wp-content\/uploads\/2021\/02\/Manganese-Citrate-Appearance.jpg","datePublished":"2021-02-10T13:36:34+00:00","dateModified":"2025-12-23T03:13:14+00:00","description":"Longchang Chemical \u00e8 un produttore e fornitore leader di citrato di manganese in Cina. Acquistare il citrato di manganese in Cina. Possiamo fornire il miglior prezzo del citrato di manganese.","breadcrumb":{"@id":"https:\/\/longchangchemical.com\/product\/manganese-citrate-cas-10024-66-5\/#breadcrumb"},"inLanguage":"it-IT","potentialAction":[{"@type":"ReadAction","target":["https:\/\/longchangchemical.com\/product\/manganese-citrate-cas-10024-66-5\/"]}]},{"@type":"ImageObject","inLanguage":"it-IT","@id":"https:\/\/longchangchemical.com\/product\/manganese-citrate-cas-10024-66-5\/#primaryimage","url":"https:\/\/longchangchemical.com\/wp-content\/uploads\/2021\/02\/Manganese-Citrate-Appearance.jpg","contentUrl":"https:\/\/longchangchemical.com\/wp-content\/uploads\/2021\/02\/Manganese-Citrate-Appearance.jpg","width":600,"height":800,"caption":"Manganese Citrate Appearance"},{"@type":"BreadcrumbList","@id":"https:\/\/longchangchemical.com\/product\/manganese-citrate-cas-10024-66-5\/#breadcrumb","itemListElement":[{"@type":"ListItem","position":1,"name":"Home","item":"https:\/\/longchangchemical.com\/"},{"@type":"ListItem","position":2,"name":"Products Longchang","item":"https:\/\/longchangchemical.com\/product\/"},{"@type":"ListItem","position":3,"name":"Manganese Citrate CAS 10024-66-5"}]},{"@type":"WebSite","@id":"https:\/\/longchangchemical.com\/#website","url":"https:\/\/longchangchemical.com\/","name":"Longchang Chemical","description":"Cina produttore di prodotti chimici \uff06 fornitore","publisher":{"@id":"https:\/\/longchangchemical.com\/#organization"},"potentialAction":[{"@type":"SearchAction","target":{"@type":"EntryPoint","urlTemplate":"https:\/\/longchangchemical.com\/?s={search_term_string}"},"query-input":{"@type":"PropertyValueSpecification","valueRequired":true,"valueName":"search_term_string"}}],"inLanguage":"it-IT"},{"@type":"Organization","@id":"https:\/\/longchangchemical.com\/#organization","name":"Longchang Chemical","url":"https:\/\/longchangchemical.com\/","logo":{"@type":"ImageObject","inLanguage":"it-IT","@id":"https:\/\/longchangchemical.com\/#\/schema\/logo\/image\/","url":"https:\/\/longchangchemical.com\/wp-content\/uploads\/2020\/08\/cropped-longchang-logo.png","contentUrl":"https:\/\/longchangchemical.com\/wp-content\/uploads\/2020\/08\/cropped-longchang-logo.png","width":512,"height":512,"caption":"Longchang Chemical"},"image":{"@id":"https:\/\/longchangchemical.com\/#\/schema\/logo\/image\/"}}]}},"_links":{"self":[{"href":"https:\/\/longchangchemical.com\/it\/wp-json\/wp\/v2\/product\/4387","targetHints":{"allow":["GET"]}}],"collection":[{"href":"https:\/\/longchangchemical.com\/it\/wp-json\/wp\/v2\/product"}],"about":[{"href":"https:\/\/longchangchemical.com\/it\/wp-json\/wp\/v2\/types\/product"}],"replies":[{"embeddable":true,"href":"https:\/\/longchangchemical.com\/it\/wp-json\/wp\/v2\/comments?post=4387"}],"wp:featuredmedia":[{"embeddable":true,"href":"https:\/\/longchangchemical.com\/it\/wp-json\/wp\/v2\/media\/4388"}],"wp:attachment":[{"href":"https:\/\/longchangchemical.com\/it\/wp-json\/wp\/v2\/media?parent=4387"}],"wp:term":[{"taxonomy":"product_brand","embeddable":true,"href":"https:\/\/longchangchemical.com\/it\/wp-json\/wp\/v2\/product_brand?post=4387"},{"taxonomy":"product_cat","embeddable":true,"href":"https:\/\/longchangchemical.com\/it\/wp-json\/wp\/v2\/product_cat?post=4387"},{"taxonomy":"product_tag","embeddable":true,"href":"https:\/\/longchangchemical.com\/it\/wp-json\/wp\/v2\/product_tag?post=4387"}],"curies":[{"name":"wp","href":"https:\/\/api.w.org\/{rel}","templated":true}]}}